{"id":100,"date":"2025-01-14T16:14:45","date_gmt":"2025-01-14T16:14:45","guid":{"rendered":"https:\/\/live-biw-main.pantheonsite.io\/?page_id=100"},"modified":"2025-03-28T13:40:07","modified_gmt":"2025-03-28T19:40:07","slug":"programas-para-empleados","status":"publish","type":"page","link":"https:\/\/www.biworldwide.com\/es-latam\/programas-para-empleados\/","title":{"rendered":"Programas para empleados"},"content":{"rendered":"<div class=\" has-content-align-left has-overlay has-overlay--light alignfull wp-block-biw-block-theme-hero\">\n\t<div class=\"biw-hero__grid\">\n\t\t\n\t\t\t\t\t<div class=\"biw-hero__media \">\n\t\t\t\t\t\t\t\t\t<div class=\"biw-hero__overlay overlay-light\"><\/div>\n\t\t\t\t\t\t\t\t<img decoding=\"async\" src=\"http:\/\/live-biw-main.pantheonsite.io\/wp-content\/uploads\/2025\/02\/EmployeeEngagement-ReceivingApplause-1728x600px-FINAL-Template.jpg\" alt=\"A woman with curly hair smiles while seated at a table. She is dressed in business attire. Several colleagues standing around her are clapping. The background features large windows with bright daylight filtering in.\" class=\"biw-hero__bg-image\" style=\"object-position: 50% 50%;\">\t\t\t<\/div>\n\t\t\t\t<div class=\"biw-hero__content\">\n\t\t\t\t\t\t<h1 class=\"biw-hero__title\" style=\"line-height: 1.2\">\n\t\t\t\tEngagement de Empleados\t\t\t<\/h1>\n\t\t\t\t\t\t\t<h2 class=\"biw-hero__subtitle\">\n\t\t\t\t\tConvierte a tus colaboradores en tu mejor ventaja competitiva\t\t\t\t<\/h2>\n\t\t\t\t\t\t\t\t\t\t<div class=\"biw-hero__text\">\n\t\t\t\t\t\n\n<p>Imagina que cada persona en tu equipo espere con entusiasmo los lunes.<\/p>\n\n\t\t\t\t<\/div>\n\t\t\t\t\t\t\t\t<\/div>\n\t<\/div>\n<\/div>\n\n\n\n<div class=\"wp-block-group  layout-columns-7 has-global-padding is-layout-constrained wp-container-core-group-is-layout-a133ec42 wp-block-group-is-layout-constrained\">\n<h2 class=\"wp-block-heading\" style=\"padding-top:15px;padding-bottom:15px\">Todo empieza aqu\u00ed: convierte tu lugar de trabajo en un im\u00e1n para el mejor talento<\/h2>\n\n\n\n<p style=\"padding-top:15px;padding-bottom:15px\">Las marcas l\u00edderes no solo atraen personas: atraen a las mejores. Saben qui\u00e9nes son, qu\u00e9 representan y se mantienen fieles a ello. Entonces, \u00bfqu\u00e9 representa tu marca? \u00bfQu\u00e9 te hace \u00fanico? Hazte las preguntas correctas y usa esas respuestas para definir tu propuesta de valor para el empleado (EVP).<\/p>\n\n\n\n<p>\u00bfEl resultado? Un im\u00e1n m\u00e1s potente. No se trata de atraer a m\u00e1s personas, sino de atraer a las adecuadas: aquellas que se alinean con tu misi\u00f3n.<\/p>\n\n\n\n<p>Pero aqu\u00ed va lo importante: atraer talento es solo el comienzo. Tu marca debe predicar con el ejemplo. Todos. Los. D\u00edas. Cuando eres coherente con tu EVP, esos candidatos excepcionales se convierten en empleados leales, comprometidos y con un alto rendimiento. \u00bfPor qu\u00e9? Porque creen en lo que haces, igual que t\u00fa.<\/p>\n\n\n\n<p>Damos vida a tu EVP con:<\/p>\n\n\n\n<ul class=\"wp-block-list\">\n<li>Programas de onboarding<\/li>\n\n\n\n<li>Capacitaci\u00f3n para empleados y l\u00edderes<\/li>\n\n\n\n<li>Estrategias y campa\u00f1as de comunicaci\u00f3n<\/li>\n\n\n\n<li>Employer branding<\/li>\n\n\n\n<li>Reconocimiento y recompensas<\/li>\n\n\n\n<li>Premios por aniversarios de servicio<\/li>\n\n\n\n<li>Reuniones y eventos corporativos<\/li>\n\n\n\n<li>Encuestas a empleados y medici\u00f3n de programas<\/li>\n<\/ul>\n\n\n\n<p style=\"padding-top:15px;padding-bottom:15px\"><strong>\u00bfListo para convertir tu marca en un im\u00e1n poderoso para atraer al mejor talento?<\/strong><\/p>\n<\/div>\n\n\n\n<div class=\"wp-block-group alignfull  layout-columns-10 has-global-padding is-layout-constrained wp-container-core-group-is-layout-cc7bd7df wp-block-group-is-layout-constrained\">\n<div class=\"wp-block-group  layout-columns-8 has-global-padding is-layout-constrained wp-container-core-group-is-layout-fce79bf6 wp-block-group-is-layout-constrained\">\n<h2 class=\"wp-block-heading has-text-align-center\">Cada m\u00e9trica cuenta una historia<\/h2>\n<\/div>\n\n\n\n<div class=\"wp-block-group  layout-columns-10 has-global-padding is-layout-constrained wp-container-core-group-is-layout-0b5f5b40 wp-block-group-is-layout-constrained\">\n<div class=\"wp-block-group has-text-align-center is-layout-grid wp-container-core-group-is-layout-ef442fb0 wp-block-group-is-layout-grid\">\n<div class=\"wp-block-group is-vertical is-content-justification-center is-layout-flex wp-container-core-group-is-layout-81423f52 wp-block-group-is-layout-flex\">\n<h3 class=\"wp-block-heading has-text-align-left has-impact-font-size  has-text-wrap-no-wrap  has-gradient-fill has-gradient-fill-orange\">83<\/h3>\n\n\n\n<p class=\"has-text-align-center has-large-font-size  has-text-wrap-balance\">Net Promoter Score de BIW \u2014 Clase mundial, seg\u00fan Bain &amp; Company<\/p>\n<\/div>\n\n\n\n<div class=\"wp-block-group is-vertical is-content-justification-center is-layout-flex wp-container-core-group-is-layout-81423f52 wp-block-group-is-layout-flex\">\n<h3 class=\"wp-block-heading has-text-align-left has-impact-font-size  has-text-wrap-no-wrap  has-gradient-fill has-gradient-fill-orange\">4.7x<\/h3>\n\n\n\n<p class=\"has-text-align-center has-large-font-size  has-text-wrap-balance\">Mayor probabilidad de que los empleados se sientan valorados cuando reciben reconocimiento<br><\/p>\n<\/div>\n\n\n\n<div class=\"wp-block-group has-text-align-center is-vertical is-content-justification-center is-layout-flex wp-container-core-group-is-layout-81423f52 wp-block-group-is-layout-flex\">\n<h3 class=\"wp-block-heading has-text-align-left has-impact-font-size  has-text-wrap-no-wrap  has-gradient-fill has-gradient-fill-orange\">19<\/h3>\n\n\n\n<p class=\"has-text-align-center has-large-font-size  has-text-wrap-balance\">Reconocimientos enviados cada a\u00f1o (\u00a1uno cada dos segundos!)<br><\/p>\n\n\n\n<p class=\"has-text-align-center has-large-font-size  has-text-wrap-balance\"><\/p>\n<\/div>\n<\/div>\n<\/div>\n<\/div>\n\n\n\n<div class=\"wp-block-group alignfull has-global-padding is-layout-constrained wp-container-core-group-is-layout-97ab3c77 wp-block-group-is-layout-constrained\">\n<div class=\"wp-block-group has-text-align-center  layout-columns-8 has-global-padding is-layout-constrained wp-container-core-group-is-layout-ee362a79 wp-block-group-is-layout-constrained\">\n<h2 class=\"wp-block-heading has-text-align-center  has-text-wrap-pretty\">Soluciones para Empleados<\/h2>\n\n\n\n<p><\/p>\n\n\n\n<p class=\" has-text-wrap-balance\"><\/p>\n<\/div>\n\n\n\n<div class=\"wp-block-group  layout-columns-12 has-global-padding is-layout-constrained wp-container-core-group-is-layout-9e09659d wp-block-group-is-layout-constrained\">\n<div class=\"wp-block-group is-layout-grid wp-container-core-group-is-layout-c765d3c1 wp-block-group-is-layout-grid\"><div class=\" has-dynamic-border-radius has-link has-image-size-cover has-image-radius-none is-style-default wp-block-biw-block-theme-biw-card\">\n\t\t\t<figure class=\"biw-card__image-wrapper \">\n\t\t\t<img decoding=\"async\" src=\"https:\/\/www.biworldwide.com\/wp-content\/uploads\/2025\/02\/BIW_Site_Card_Recognition-scaled.jpg\" alt=\"A cupcake with blue frosting and colorful sprinkles is topped with a lit sparkler. The cupcake sits on a surface scattered with more sprinkles. The background is filled with colorful bokeh and out-of-focus balloons.\" class=\"biw-card__image\" style=\"object-position: 50% 50%;\">\t\t<\/figure>\n\t\t<div class=\"biw-card__content\">\n\t\t<h3 class=\"biw-card__title\">\n\t\t\t\t\t\t\t<a href=\"https:\/\/www.biworldwide.com\/es-latam\/recognition\/\" >\n\t\t\t\tReconocimiento\t\t\t\t<\/a>\n\t\t\t\t\t<\/h3>\n\t\t<div class=\"biw-card__text\">\n\n<p>El reconocimiento separa a las empresas promedio de las grandes. Construye lealtad, impulsa el rendimiento y convierte el buen trabajo en un impulso imparable.<\/p>\n\n<\/div>\n\t<\/div>\n\t\t\t<span class=\"biw-card__cta\">Conoce m\u00e1s<\/span>\n\t<\/div>\n\n<div class=\" has-dynamic-border-radius has-link has-image-size-cover has-image-radius-none is-style-default wp-block-biw-block-theme-biw-card\">\n\t\t\t<figure class=\"biw-card__image-wrapper \">\n\t\t\t<img decoding=\"async\" src=\"https:\/\/www.biworldwide.com\/wp-content\/uploads\/2025\/02\/Rewards-1300x732px.jpg\" alt=\"Two people sit at a table with a laptop, smiling and high-fiving. One person holds a coffee cup. The background features abstract pink and orange shapes.\" class=\"biw-card__image\" style=\"object-position: 50% 50%;\">\t\t<\/figure>\n\t\t<div class=\"biw-card__content\">\n\t\t<h3 class=\"biw-card__title\">\n\t\t\t\t\t\t\t<a href=\"https:\/\/www.biworldwide.com\/es-latam\/reward-marketplace\/\" >\n\t\t\t\tRecompensas\t\t\t\t<\/a>\n\t\t\t\t\t<\/h3>\n\t\t<div class=\"biw-card__text\">\n\n<p>Las recompensas que inspiran generan motivaci\u00f3n. Pero las que son personales, memorables y \u00fanicas impulsan el rendimiento como ninguna otra.<\/p>\n\n<\/div>\n\t<\/div>\n\t\t\t<span class=\"biw-card__cta\">Conoce m\u00e1s<\/span>\n\t<\/div>\n\n<div class=\" has-dynamic-border-radius has-link has-image-size-cover has-image-radius-none is-style-default wp-block-biw-block-theme-biw-card\">\n\t\t\t<figure class=\"biw-card__image-wrapper \">\n\t\t\t<img decoding=\"async\" src=\"https:\/\/www.biworldwide.com\/wp-content\/uploads\/2025\/02\/BIW_Site_Hero_DayMaker-scaled.jpg\" alt=\"A woman wearing a black beanie is blowing colorful confetti from her hands. The background is blurred, and the image has a layered design with geometric green shapes on the right side.\" class=\"biw-card__image\" style=\"object-position: 50% 50%;\">\t\t<\/figure>\n\t\t<div class=\"biw-card__content\">\n\t\t<h3 class=\"biw-card__title\">\n\t\t\t\t\t\t\t<a href=\"https:\/\/www.biworldwide.com\/es-latam\/daymaker\/\" >\n\t\t\t\tDayMaker\t\t\t\t<\/a>\n\t\t\t\t\t<\/h3>\n\t\t<div class=\"biw-card__text\">\n\n<p>Atrae, motiva y ret\u00e9n a los mejores talentos reconociendo su trabajo, premiando sus logros y celebrando aniversarios con nuestro programa de reconocimiento para empleados.<\/p>\n\n<\/div>\n\t<\/div>\n\t\t\t<span class=\"biw-card__cta\">Conoce m\u00e1s<\/span>\n\t<\/div><\/div>\n<\/div>\n<\/div>\n","protected":false},"excerpt":{"rendered":"<p>Todo empieza aqu\u00ed: convierte tu lugar de trabajo en un im\u00e1n para el mejor talento Las marcas l\u00edderes no solo atraen personas: atraen a las mejores. Saben qui\u00e9nes son, qu\u00e9 representan y se mantienen fieles a ello. Entonces, \u00bfqu\u00e9 representa tu marca? \u00bfQu\u00e9 te hace \u00fanico? Hazte las preguntas correctas y usa esas respuestas para [&hellip;]<\/p>\n","protected":false},"author":11,"featured_media":0,"parent":0,"menu_order":0,"comment_status":"closed","ping_status":"closed","template":"","meta":{"featured_image_focal_point":{"x":0.5,"y":0.5},"footnotes":""},"wf_page_folders":[15],"class_list":["post-100","page","type-page","status-publish","hentry"],"yoast_head":"<!-- This site is optimized with the Yoast SEO plugin v26.2 - https:\/\/yoast.com\/wordpress\/plugins\/seo\/ -->\n<title>Programas para empleados - Latin America (Spanish)<\/title>\n<meta name=\"robots\" content=\"index, follow, max-snippet:-1, max-image-preview:large, max-video-preview:-1\" \/>\n<link rel=\"canonical\" href=\"https:\/\/www.biworldwide.com\/es-latam\/programas-para-empleados\/\" \/>\n<meta property=\"og:locale\" content=\"es_ES\" \/>\n<meta property=\"og:type\" content=\"article\" \/>\n<meta property=\"og:title\" content=\"Programas para empleados - Latin America (Spanish)\" \/>\n<meta property=\"og:description\" content=\"Todo empieza aqu\u00ed: convierte tu lugar de trabajo en un im\u00e1n para el mejor talento Las marcas l\u00edderes no solo atraen personas: atraen a las mejores. Saben qui\u00e9nes son, qu\u00e9 representan y se mantienen fieles a ello. Entonces, \u00bfqu\u00e9 representa tu marca? \u00bfQu\u00e9 te hace \u00fanico? Hazte las preguntas correctas y usa esas respuestas para [&hellip;]\" \/>\n<meta property=\"og:url\" content=\"https:\/\/www.biworldwide.com\/es-latam\/programas-para-empleados\/\" \/>\n<meta property=\"og:site_name\" content=\"Latin America (Spanish)\" \/>\n<meta property=\"article:modified_time\" content=\"2025-03-28T19:40:07+00:00\" \/>\n<meta name=\"twitter:card\" content=\"summary_large_image\" \/>\n<meta name=\"twitter:label1\" content=\"Est. reading time\" \/>\n\t<meta name=\"twitter:data1\" content=\"2 minutos\" \/>\n<script type=\"application\/ld+json\" class=\"yoast-schema-graph\">{\"@context\":\"https:\/\/schema.org\",\"@graph\":[{\"@type\":\"WebPage\",\"@id\":\"https:\/\/www.biworldwide.com\/es-latam\/programas-para-empleados\/\",\"url\":\"https:\/\/www.biworldwide.com\/es-latam\/programas-para-empleados\/\",\"name\":\"Programas para empleados - Latin America (Spanish)\",\"isPartOf\":{\"@id\":\"https:\/\/www.biworldwide.com\/es-latam\/#website\"},\"datePublished\":\"2025-01-14T16:14:45+00:00\",\"dateModified\":\"2025-03-28T19:40:07+00:00\",\"breadcrumb\":{\"@id\":\"https:\/\/www.biworldwide.com\/es-latam\/programas-para-empleados\/#breadcrumb\"},\"inLanguage\":\"es-CO\",\"potentialAction\":[{\"@type\":\"ReadAction\",\"target\":[\"https:\/\/www.biworldwide.com\/es-latam\/programas-para-empleados\/\"]}]},{\"@type\":\"BreadcrumbList\",\"@id\":\"https:\/\/www.biworldwide.com\/es-latam\/programas-para-empleados\/#breadcrumb\",\"itemListElement\":[{\"@type\":\"ListItem\",\"position\":1,\"name\":\"Home\",\"item\":\"https:\/\/www.biworldwide.com\/es-latam\/\"},{\"@type\":\"ListItem\",\"position\":2,\"name\":\"Programas para empleados\"}]},{\"@type\":\"WebSite\",\"@id\":\"https:\/\/www.biworldwide.com\/es-latam\/#website\",\"url\":\"https:\/\/www.biworldwide.com\/es-latam\/\",\"name\":\"Latin America (Spanish)\",\"description\":\"\",\"publisher\":{\"@id\":\"https:\/\/www.biworldwide.com\/es-latam\/#organization\"},\"potentialAction\":[{\"@type\":\"SearchAction\",\"target\":{\"@type\":\"EntryPoint\",\"urlTemplate\":\"https:\/\/www.biworldwide.com\/es-latam\/?s={search_term_string}\"},\"query-input\":{\"@type\":\"PropertyValueSpecification\",\"valueRequired\":true,\"valueName\":\"search_term_string\"}}],\"inLanguage\":\"es-CO\"},{\"@type\":\"Organization\",\"@id\":\"https:\/\/www.biworldwide.com\/es-latam\/#organization\",\"name\":\"Latin America (Spanish)\",\"url\":\"https:\/\/www.biworldwide.com\/es-latam\/\",\"logo\":{\"@type\":\"ImageObject\",\"inLanguage\":\"es-CO\",\"@id\":\"https:\/\/www.biworldwide.com\/es-latam\/#\/schema\/logo\/image\/\",\"url\":\"https:\/\/www.biworldwide.com\/es-latam\/wp-content\/uploads\/sites\/14\/2025\/02\/BIW_corp_lockup_rgb.png\",\"contentUrl\":\"https:\/\/www.biworldwide.com\/es-latam\/wp-content\/uploads\/sites\/14\/2025\/02\/BIW_corp_lockup_rgb.png\",\"width\":550,\"height\":400,\"caption\":\"Latin America (Spanish)\"},\"image\":{\"@id\":\"https:\/\/www.biworldwide.com\/es-latam\/#\/schema\/logo\/image\/\"}}]}<\/script>\n<!-- \/ Yoast SEO plugin. -->","yoast_head_json":{"title":"Programas para empleados - Latin America (Spanish)","robots":{"index":"index","follow":"follow","max-snippet":"max-snippet:-1","max-image-preview":"max-image-preview:large","max-video-preview":"max-video-preview:-1"},"canonical":"https:\/\/www.biworldwide.com\/es-latam\/programas-para-empleados\/","og_locale":"es_ES","og_type":"article","og_title":"Programas para empleados - Latin America (Spanish)","og_description":"Todo empieza aqu\u00ed: convierte tu lugar de trabajo en un im\u00e1n para el mejor talento Las marcas l\u00edderes no solo atraen personas: atraen a las mejores. Saben qui\u00e9nes son, qu\u00e9 representan y se mantienen fieles a ello. Entonces, \u00bfqu\u00e9 representa tu marca? \u00bfQu\u00e9 te hace \u00fanico? Hazte las preguntas correctas y usa esas respuestas para [&hellip;]","og_url":"https:\/\/www.biworldwide.com\/es-latam\/programas-para-empleados\/","og_site_name":"Latin America (Spanish)","article_modified_time":"2025-03-28T19:40:07+00:00","twitter_card":"summary_large_image","twitter_misc":{"Est. reading time":"2 minutos"},"schema":{"@context":"https:\/\/schema.org","@graph":[{"@type":"WebPage","@id":"https:\/\/www.biworldwide.com\/es-latam\/programas-para-empleados\/","url":"https:\/\/www.biworldwide.com\/es-latam\/programas-para-empleados\/","name":"Programas para empleados - Latin America (Spanish)","isPartOf":{"@id":"https:\/\/www.biworldwide.com\/es-latam\/#website"},"datePublished":"2025-01-14T16:14:45+00:00","dateModified":"2025-03-28T19:40:07+00:00","breadcrumb":{"@id":"https:\/\/www.biworldwide.com\/es-latam\/programas-para-empleados\/#breadcrumb"},"inLanguage":"es-CO","potentialAction":[{"@type":"ReadAction","target":["https:\/\/www.biworldwide.com\/es-latam\/programas-para-empleados\/"]}]},{"@type":"BreadcrumbList","@id":"https:\/\/www.biworldwide.com\/es-latam\/programas-para-empleados\/#breadcrumb","itemListElement":[{"@type":"ListItem","position":1,"name":"Home","item":"https:\/\/www.biworldwide.com\/es-latam\/"},{"@type":"ListItem","position":2,"name":"Programas para empleados"}]},{"@type":"WebSite","@id":"https:\/\/www.biworldwide.com\/es-latam\/#website","url":"https:\/\/www.biworldwide.com\/es-latam\/","name":"Latin America (Spanish)","description":"","publisher":{"@id":"https:\/\/www.biworldwide.com\/es-latam\/#organization"},"potentialAction":[{"@type":"SearchAction","target":{"@type":"EntryPoint","urlTemplate":"https:\/\/www.biworldwide.com\/es-latam\/?s={search_term_string}"},"query-input":{"@type":"PropertyValueSpecification","valueRequired":true,"valueName":"search_term_string"}}],"inLanguage":"es-CO"},{"@type":"Organization","@id":"https:\/\/www.biworldwide.com\/es-latam\/#organization","name":"Latin America (Spanish)","url":"https:\/\/www.biworldwide.com\/es-latam\/","logo":{"@type":"ImageObject","inLanguage":"es-CO","@id":"https:\/\/www.biworldwide.com\/es-latam\/#\/schema\/logo\/image\/","url":"https:\/\/www.biworldwide.com\/es-latam\/wp-content\/uploads\/sites\/14\/2025\/02\/BIW_corp_lockup_rgb.png","contentUrl":"https:\/\/www.biworldwide.com\/es-latam\/wp-content\/uploads\/sites\/14\/2025\/02\/BIW_corp_lockup_rgb.png","width":550,"height":400,"caption":"Latin America (Spanish)"},"image":{"@id":"https:\/\/www.biworldwide.com\/es-latam\/#\/schema\/logo\/image\/"}}]}},"_links":{"self":[{"href":"https:\/\/www.biworldwide.com\/es-latam\/wp-json\/wp\/v2\/pages\/100","targetHints":{"allow":["GET"]}}],"collection":[{"href":"https:\/\/www.biworldwide.com\/es-latam\/wp-json\/wp\/v2\/pages"}],"about":[{"href":"https:\/\/www.biworldwide.com\/es-latam\/wp-json\/wp\/v2\/types\/page"}],"author":[{"embeddable":true,"href":"https:\/\/www.biworldwide.com\/es-latam\/wp-json\/wp\/v2\/users\/11"}],"replies":[{"embeddable":true,"href":"https:\/\/www.biworldwide.com\/es-latam\/wp-json\/wp\/v2\/comments?post=100"}],"version-history":[{"count":12,"href":"https:\/\/www.biworldwide.com\/es-latam\/wp-json\/wp\/v2\/pages\/100\/revisions"}],"predecessor-version":[{"id":1283,"href":"https:\/\/www.biworldwide.com\/es-latam\/wp-json\/wp\/v2\/pages\/100\/revisions\/1283"}],"wp:attachment":[{"href":"https:\/\/www.biworldwide.com\/es-latam\/wp-json\/wp\/v2\/media?parent=100"}],"wp:term":[{"taxonomy":"wf_page_folders","embeddable":true,"href":"https:\/\/www.biworldwide.com\/es-latam\/wp-json\/wp\/v2\/wf_page_folders?post=100"}],"curies":[{"name":"wp","href":"https:\/\/api.w.org\/{rel}","templated":true}]}}