{"id":102,"date":"2025-01-14T16:15:02","date_gmt":"2025-01-14T16:15:02","guid":{"rendered":"https:\/\/live-biw-main.pantheonsite.io\/?page_id=102"},"modified":"2026-03-03T21:36:22","modified_gmt":"2026-03-04T03:36:22","slug":"soluciones-para-ventas","status":"publish","type":"page","link":"https:\/\/www.biworldwide.com\/es-latam\/soluciones-para-ventas\/","title":{"rendered":"Soluciones para ventas"},"content":{"rendered":"<div class=\" has-content-align-left has-overlay has-overlay--dark alignfull wp-block-biw-block-theme-hero\">\n\t<div class=\"biw-hero__grid\">\n\t\t\n\t\t\t\t\t<div class=\"biw-hero__media \">\n\t\t\t\t\t\t\t\t\t<div class=\"biw-hero__overlay overlay-dark\"><\/div>\n\t\t\t\t\t\t\t\t<img decoding=\"async\" src=\"http:\/\/live-biw-main.pantheonsite.io\/wp-content\/uploads\/2025\/02\/SalesTamMotivation-1728x600px.jpg\" alt=\"Audience seated and listening to a speaker on stage, who is blurred and speaking into a microphone. The image has a purple overlay and a professional setting with people facing forward.\nEquipo utilizando soluciones para ventas y gamificaci\u00f3n.\" class=\"biw-hero__bg-image\" style=\"object-position: 83% 37%;\">\t\t\t<\/div>\n\t\t\t\t<div class=\"biw-hero__content\">\n\t\t\t\t\t\t<h1 class=\"biw-hero__title\" style=\"line-height: 1.2\">\n\t\t\t\tSoluciones de Incentivos y Motivaci\u00f3n para Fuerza de Ventas\t\t\t<\/h1>\n\t\t\t\t\t\t\t<h2 class=\"biw-hero__subtitle\">\n\t\t\t\t\tPotencia tu fuerza de ventas\t\t\t\t<\/h2>\n\t\t\t\t\t\t\t\t\t\t<div class=\"biw-hero__text\">\n\t\t\t\t\t\n\n<p>\u00bfBuscas potenciar tus resultados comerciales? Dise\u00f1amos estrategias de <strong>incentivos para fuerza de ventas<\/strong> que mantienen a tu equipo comprometido, motivado y conectado con tu marca. A trav\u00e9s de recompensas, gamificaci\u00f3n y aprendizaje, nuestros programas de <strong>incentivos para fuerza de ventas<\/strong> ayudan a tus colaboradores a prosperar y superar sus objetivos.<\/p>\n\n\t\t\t\t<\/div>\n\t\t\t\t\t\t\t\t<\/div>\n\t<\/div>\n<\/div>\n\n\n\n<div class=\"wp-block-buttons is-content-justification-center is-layout-flex wp-container-core-buttons-is-layout-a89b3969 wp-block-buttons-is-layout-flex\">\n<div class=\"wp-block-button\"><a class=\"wp-block-button__link wp-element-button\" href=\"https:\/\/www.biworldwide.com\/es-latam\/contacto-general\/\">Cont\u00e1ctanos<\/a><\/div>\n<\/div>\n\n\n\n<div class=\"wp-block-group alignfull bg-angle-action-orange has-background-angle-to-right bg-angle-accent-gold has-global-padding is-layout-constrained wp-container-core-group-is-layout-d3543a3b wp-block-group-is-layout-constrained\">\n<div class=\"wp-block-group  layout-columns-6 has-global-padding is-layout-constrained wp-container-core-group-is-layout-97093539 wp-block-group-is-layout-constrained\">\n<h2 class=\"wp-block-heading has-text-align-center\">\u00bfC\u00f3mo funcionan nuestras soluciones para ventas?<\/h2>\n\n\n\n<p class=\"has-text-align-center has-large-font-size\"><\/p>\n<\/div>\n\n\n\n<div class=\"wp-block-group  layout-columns-10 is-layout-grid wp-container-core-group-is-layout-211d2e0c wp-block-group-is-layout-grid\"><div class=\" has-dynamic-border-radius has-image-size-cover has-image-radius-none is-style-default wp-block-biw-block-theme-biw-card\">\n\t\t\t<figure class=\"biw-card__image-wrapper \">\n\t\t\t<img decoding=\"async\" src=\"http:\/\/live-biw-main.pantheonsite.io\/wp-content\/uploads\/2025\/02\/Icon_LevelSet.svg\" alt=\"\" class=\"biw-card__image\" style=\"object-position: 50% 50%;\">\t\t<\/figure>\n\t\t<div class=\"biw-card__content\">\n\t\t<h3 class=\"biw-card__title\">\n\t\t\t\t\t\t\tDiagn\u00f3stico de Objetivos\t\t\t\t\t<\/h3>\n\t\t<div class=\"biw-card__text\">\n\n<p>Paus\u00e9mos un momento. Preg\u00fantate: \u00bfCu\u00e1l es el plan de acci\u00f3n? \u00bfCu\u00e1l es el objetivo? \u00bfY qu\u00e9 te est\u00e1 impidiendo hacerlo realidad?<\/p>\n\n<\/div>\n\t<\/div>\n\t<\/div>\n\n<div class=\" has-dynamic-border-radius has-image-size-cover has-image-radius-none is-style-default wp-block-biw-block-theme-biw-card\">\n\t\t\t<figure class=\"biw-card__image-wrapper \">\n\t\t\t<img decoding=\"async\" src=\"http:\/\/live-biw-main.pantheonsite.io\/wp-content\/uploads\/2025\/02\/Icon_Enable.svg\" alt=\"\" class=\"biw-card__image\" style=\"object-position: 50% 50%;\">\t\t<\/figure>\n\t\t<div class=\"biw-card__content\">\n\t\t<h3 class=\"biw-card__title\">\n\t\t\t\t\t\t\tCapacitaci\u00f3n y Herramientas\t\t\t\t\t<\/h3>\n\t\t<div class=\"biw-card__text\">\n\n<p>Necesitas la base correcta: informaci\u00f3n, contenido, herramientas y un impulso de confianza. Brinda a los vendedores el apoyo que necesitan para conectar con los clientes de manera significativa.<br><\/p>\n\n<\/div>\n\t<\/div>\n\t<\/div>\n\n<div class=\" has-dynamic-border-radius has-image-size-cover has-image-radius-none is-style-default wp-block-biw-block-theme-biw-card\">\n\t\t\t<figure class=\"biw-card__image-wrapper \">\n\t\t\t<img decoding=\"async\" src=\"http:\/\/live-biw-main.pantheonsite.io\/wp-content\/uploads\/2025\/02\/Icon_Inspire.svg\" alt=\"\" class=\"biw-card__image\" style=\"object-position: 50% 50%;\">\t\t<\/figure>\n\t\t<div class=\"biw-card__content\">\n\t\t<h3 class=\"biw-card__title\">\n\t\t\t\t\t\t\tIncentivos Emocionales\t\t\t\t\t<\/h3>\n\t\t<div class=\"biw-card__text\">\n\n<p>El dinero solo te lleva hasta cierto punto. Los vendedores est\u00e1n impulsados por las emociones. Desaf\u00edalos, recomp\u00e9nsalos, y luego observa c\u00f3mo entregan resultados.<\/p>\n\n<\/div>\n\t<\/div>\n\t<\/div>\n\n<div class=\" has-dynamic-border-radius has-image-size-cover has-image-radius-none is-style-default wp-block-biw-block-theme-biw-card\">\n\t\t\t<figure class=\"biw-card__image-wrapper \">\n\t\t\t<img decoding=\"async\" src=\"http:\/\/live-biw-main.pantheonsite.io\/wp-content\/uploads\/2025\/02\/Icon_LevelUp.svg\" alt=\"\" class=\"biw-card__image\" style=\"object-position: 50% 50%;\">\t\t<\/figure>\n\t\t<div class=\"biw-card__content\">\n\t\t<h3 class=\"biw-card__title\">\n\t\t\t\t\t\t\tAn\u00e1lisis de Resultados y ROI\t\t\t\t\t<\/h3>\n\t\t<div class=\"biw-card__text\">\n\n<p>Medir el progreso es clave para mejorar. Analiza lo que est\u00e1 funcionando y lo que no, y usa esos datos para seguir elevando el nivel.<br><\/p>\n\n<\/div>\n\t<\/div>\n\t<\/div><\/div>\n\n\n\n<div class=\"wp-block-group has-global-padding is-layout-constrained wp-block-group-is-layout-constrained\">\n<div class=\"wp-block-buttons is-content-justification-center is-layout-flex wp-container-core-buttons-is-layout-a89b3969 wp-block-buttons-is-layout-flex\">\n<div class=\"wp-block-button\"><a class=\"wp-block-button__link has-text-align-center wp-element-button\" href=\"https:\/\/www.biworldwide.com\/es-latam\/contacto-general\/\">Cont\u00e1ctanos<\/a><\/div>\n<\/div>\n<\/div>\n<span class='background-angle-wrapper'><svg fill='none' viewBox='0 0 1728 699' xmlns='http:\/\/www.w3.org\/2000\/svg'><path d='M1728 0H0V294.923L1728 698.43V0Z' fill='url(#69f14b00ca83f)'\/><defs><linearGradient id='69f14b00ca83f' x1='1738.8' x2='1701' y1='717.27' y2='15.023' gradientUnits='userSpaceOnUse'><stop stop-color='#FDB113' stop-opacity='.3' offset='0'\/><stop stop-color='#FDB113' stop-opacity='0' offset='1'\/><\/linearGradient><\/defs><\/svg><\/span><\/div>\n\n\n<div class=\"wp-block-group  layout-columns-6 has-global-padding is-layout-constrained wp-container-core-group-is-layout-967f6709 wp-block-group-is-layout-constrained\">\n<h2 class=\"wp-block-heading\">Programas de Lealtad e Incentivos B2B que funcionan<\/h2>\n\n\n\n<p>Las estrellas de tu fuerza de ventas son f\u00e1ciles de motivar. No es una gran sorpresa. Pero, \u00bfqu\u00e9 pasa con los nuevos empleados que a\u00fan est\u00e1n encontrando su camino? \u00bfO esos s\u00f3lidos empleados de nivel intermedio que podr\u00edan lograr mucho m\u00e1s con el empuj\u00f3n adecuado? Ah\u00ed es donde entramos nosotros.<\/p>\n\n\n\n<p>Somos tu socio ideal para afrontar los desaf\u00edos de ventas de manera directa. Con una combinaci\u00f3n de ciencia del comportamiento y an\u00e1lisis basados en datos, creamos herramientas y programas dise\u00f1ados para motivar, educar y recompensar a todo tu equipo de ventas de maneras que realmente funcionan.<\/p>\n\n\n\n<p>Programas de incentivos personalizados. Soluciones de aprendizaje. Incentivos de viajes. Gamificaci\u00f3n. Te ayudamos a dise\u00f1ar las estrategias m\u00e1s creativas que van m\u00e1s all\u00e1 de los planes de compensaci\u00f3n. Juntos, ayudaremos a tu equipo a pensar m\u00e1s grande, esforzarse m\u00e1s y, lo m\u00e1s importante, vender m\u00e1s.<\/p>\n<\/div>\n\n\n\n<div class=\"wp-block-buttons is-content-justification-center is-layout-flex wp-container-core-buttons-is-layout-a89b3969 wp-block-buttons-is-layout-flex\">\n<div class=\"wp-block-button\"><a class=\"wp-block-button__link wp-element-button\" href=\"https:\/\/www.biworldwide.com\/es-latam\/contacto-general\/\">Dise\u00f1ar mi Estrategia de Incentivos<\/a><\/div>\n<\/div>\n","protected":false},"excerpt":{"rendered":"<p>\u00bfC\u00f3mo funcionan nuestras soluciones para ventas? Programas de Lealtad e Incentivos B2B que funcionan Las estrellas de tu fuerza de ventas son f\u00e1ciles de motivar. No es una gran sorpresa. Pero, \u00bfqu\u00e9 pasa con los nuevos empleados que a\u00fan est\u00e1n encontrando su camino? \u00bfO esos s\u00f3lidos empleados de nivel intermedio que podr\u00edan lograr mucho m\u00e1s [&hellip;]<\/p>\n","protected":false},"author":11,"featured_media":0,"parent":0,"menu_order":0,"comment_status":"closed","ping_status":"closed","template":"","meta":{"featured_image_focal_point":{"x":0.5,"y":0.5},"footnotes":""},"wf_page_folders":[15],"class_list":["post-102","page","type-page","status-publish","hentry"],"yoast_head":"<!-- This site is optimized with the Yoast SEO plugin v26.2 - https:\/\/yoast.com\/wordpress\/plugins\/seo\/ -->\n<title>Incentivos y Lealtad para Fuerza de Ventas - BI WORLDWIDE<\/title>\n<meta name=\"description\" content=\"Potencia el rendimiento comercial con nuestros incentivos para fuerza de ventas. Estrategias de motivaci\u00f3n, lealtad y premios para equipos de alto nivel.\" \/>\n<meta name=\"robots\" content=\"index, follow, max-snippet:-1, max-image-preview:large, max-video-preview:-1\" \/>\n<link rel=\"canonical\" href=\"https:\/\/www.biworldwide.com\/es-latam\/soluciones-para-ventas\/\" \/>\n<meta property=\"og:locale\" content=\"es_ES\" \/>\n<meta property=\"og:type\" content=\"article\" \/>\n<meta property=\"og:title\" content=\"Incentivos y Lealtad para Fuerza de Ventas - BI WORLDWIDE\" \/>\n<meta property=\"og:description\" content=\"Potencia el rendimiento comercial con nuestros incentivos para fuerza de ventas. Estrategias de motivaci\u00f3n, lealtad y premios para equipos de alto nivel.\" \/>\n<meta property=\"og:url\" content=\"https:\/\/www.biworldwide.com\/es-latam\/soluciones-para-ventas\/\" \/>\n<meta property=\"og:site_name\" content=\"Latin America (Spanish)\" \/>\n<meta property=\"article:modified_time\" content=\"2026-03-04T03:36:22+00:00\" \/>\n<meta name=\"twitter:card\" content=\"summary_large_image\" \/>\n<meta name=\"twitter:label1\" content=\"Est. reading time\" \/>\n\t<meta name=\"twitter:data1\" content=\"2 minutos\" \/>\n<script type=\"application\/ld+json\" class=\"yoast-schema-graph\">{\"@context\":\"https:\/\/schema.org\",\"@graph\":[{\"@type\":\"WebPage\",\"@id\":\"https:\/\/www.biworldwide.com\/es-latam\/soluciones-para-ventas\/\",\"url\":\"https:\/\/www.biworldwide.com\/es-latam\/soluciones-para-ventas\/\",\"name\":\"Incentivos y Lealtad para Fuerza de Ventas - BI WORLDWIDE\",\"isPartOf\":{\"@id\":\"https:\/\/www.biworldwide.com\/es-latam\/#website\"},\"datePublished\":\"2025-01-14T16:15:02+00:00\",\"dateModified\":\"2026-03-04T03:36:22+00:00\",\"description\":\"Potencia el rendimiento comercial con nuestros incentivos para fuerza de ventas. Estrategias de motivaci\u00f3n, lealtad y premios para equipos de alto nivel.\",\"breadcrumb\":{\"@id\":\"https:\/\/www.biworldwide.com\/es-latam\/soluciones-para-ventas\/#breadcrumb\"},\"inLanguage\":\"es-CO\",\"potentialAction\":[{\"@type\":\"ReadAction\",\"target\":[\"https:\/\/www.biworldwide.com\/es-latam\/soluciones-para-ventas\/\"]}]},{\"@type\":\"BreadcrumbList\",\"@id\":\"https:\/\/www.biworldwide.com\/es-latam\/soluciones-para-ventas\/#breadcrumb\",\"itemListElement\":[{\"@type\":\"ListItem\",\"position\":1,\"name\":\"Home\",\"item\":\"https:\/\/www.biworldwide.com\/es-latam\/\"},{\"@type\":\"ListItem\",\"position\":2,\"name\":\"Soluciones para ventas\"}]},{\"@type\":\"WebSite\",\"@id\":\"https:\/\/www.biworldwide.com\/es-latam\/#website\",\"url\":\"https:\/\/www.biworldwide.com\/es-latam\/\",\"name\":\"Latin America (Spanish)\",\"description\":\"\",\"publisher\":{\"@id\":\"https:\/\/www.biworldwide.com\/es-latam\/#organization\"},\"potentialAction\":[{\"@type\":\"SearchAction\",\"target\":{\"@type\":\"EntryPoint\",\"urlTemplate\":\"https:\/\/www.biworldwide.com\/es-latam\/?s={search_term_string}\"},\"query-input\":{\"@type\":\"PropertyValueSpecification\",\"valueRequired\":true,\"valueName\":\"search_term_string\"}}],\"inLanguage\":\"es-CO\"},{\"@type\":\"Organization\",\"@id\":\"https:\/\/www.biworldwide.com\/es-latam\/#organization\",\"name\":\"Latin America (Spanish)\",\"url\":\"https:\/\/www.biworldwide.com\/es-latam\/\",\"logo\":{\"@type\":\"ImageObject\",\"inLanguage\":\"es-CO\",\"@id\":\"https:\/\/www.biworldwide.com\/es-latam\/#\/schema\/logo\/image\/\",\"url\":\"https:\/\/www.biworldwide.com\/es-latam\/wp-content\/uploads\/sites\/14\/2025\/02\/BIW_corp_lockup_rgb.png\",\"contentUrl\":\"https:\/\/www.biworldwide.com\/es-latam\/wp-content\/uploads\/sites\/14\/2025\/02\/BIW_corp_lockup_rgb.png\",\"width\":550,\"height\":400,\"caption\":\"Latin America (Spanish)\"},\"image\":{\"@id\":\"https:\/\/www.biworldwide.com\/es-latam\/#\/schema\/logo\/image\/\"}}]}<\/script>\n<!-- \/ Yoast SEO plugin. -->","yoast_head_json":{"title":"Incentivos y Lealtad para Fuerza de Ventas - BI WORLDWIDE","description":"Potencia el rendimiento comercial con nuestros incentivos para fuerza de ventas. Estrategias de motivaci\u00f3n, lealtad y premios para equipos de alto nivel.","robots":{"index":"index","follow":"follow","max-snippet":"max-snippet:-1","max-image-preview":"max-image-preview:large","max-video-preview":"max-video-preview:-1"},"canonical":"https:\/\/www.biworldwide.com\/es-latam\/soluciones-para-ventas\/","og_locale":"es_ES","og_type":"article","og_title":"Incentivos y Lealtad para Fuerza de Ventas - BI WORLDWIDE","og_description":"Potencia el rendimiento comercial con nuestros incentivos para fuerza de ventas. Estrategias de motivaci\u00f3n, lealtad y premios para equipos de alto nivel.","og_url":"https:\/\/www.biworldwide.com\/es-latam\/soluciones-para-ventas\/","og_site_name":"Latin America (Spanish)","article_modified_time":"2026-03-04T03:36:22+00:00","twitter_card":"summary_large_image","twitter_misc":{"Est. reading time":"2 minutos"},"schema":{"@context":"https:\/\/schema.org","@graph":[{"@type":"WebPage","@id":"https:\/\/www.biworldwide.com\/es-latam\/soluciones-para-ventas\/","url":"https:\/\/www.biworldwide.com\/es-latam\/soluciones-para-ventas\/","name":"Incentivos y Lealtad para Fuerza de Ventas - BI WORLDWIDE","isPartOf":{"@id":"https:\/\/www.biworldwide.com\/es-latam\/#website"},"datePublished":"2025-01-14T16:15:02+00:00","dateModified":"2026-03-04T03:36:22+00:00","description":"Potencia el rendimiento comercial con nuestros incentivos para fuerza de ventas. Estrategias de motivaci\u00f3n, lealtad y premios para equipos de alto nivel.","breadcrumb":{"@id":"https:\/\/www.biworldwide.com\/es-latam\/soluciones-para-ventas\/#breadcrumb"},"inLanguage":"es-CO","potentialAction":[{"@type":"ReadAction","target":["https:\/\/www.biworldwide.com\/es-latam\/soluciones-para-ventas\/"]}]},{"@type":"BreadcrumbList","@id":"https:\/\/www.biworldwide.com\/es-latam\/soluciones-para-ventas\/#breadcrumb","itemListElement":[{"@type":"ListItem","position":1,"name":"Home","item":"https:\/\/www.biworldwide.com\/es-latam\/"},{"@type":"ListItem","position":2,"name":"Soluciones para ventas"}]},{"@type":"WebSite","@id":"https:\/\/www.biworldwide.com\/es-latam\/#website","url":"https:\/\/www.biworldwide.com\/es-latam\/","name":"Latin America (Spanish)","description":"","publisher":{"@id":"https:\/\/www.biworldwide.com\/es-latam\/#organization"},"potentialAction":[{"@type":"SearchAction","target":{"@type":"EntryPoint","urlTemplate":"https:\/\/www.biworldwide.com\/es-latam\/?s={search_term_string}"},"query-input":{"@type":"PropertyValueSpecification","valueRequired":true,"valueName":"search_term_string"}}],"inLanguage":"es-CO"},{"@type":"Organization","@id":"https:\/\/www.biworldwide.com\/es-latam\/#organization","name":"Latin America (Spanish)","url":"https:\/\/www.biworldwide.com\/es-latam\/","logo":{"@type":"ImageObject","inLanguage":"es-CO","@id":"https:\/\/www.biworldwide.com\/es-latam\/#\/schema\/logo\/image\/","url":"https:\/\/www.biworldwide.com\/es-latam\/wp-content\/uploads\/sites\/14\/2025\/02\/BIW_corp_lockup_rgb.png","contentUrl":"https:\/\/www.biworldwide.com\/es-latam\/wp-content\/uploads\/sites\/14\/2025\/02\/BIW_corp_lockup_rgb.png","width":550,"height":400,"caption":"Latin America (Spanish)"},"image":{"@id":"https:\/\/www.biworldwide.com\/es-latam\/#\/schema\/logo\/image\/"}}]}},"_links":{"self":[{"href":"https:\/\/www.biworldwide.com\/es-latam\/wp-json\/wp\/v2\/pages\/102","targetHints":{"allow":["GET"]}}],"collection":[{"href":"https:\/\/www.biworldwide.com\/es-latam\/wp-json\/wp\/v2\/pages"}],"about":[{"href":"https:\/\/www.biworldwide.com\/es-latam\/wp-json\/wp\/v2\/types\/page"}],"author":[{"embeddable":true,"href":"https:\/\/www.biworldwide.com\/es-latam\/wp-json\/wp\/v2\/users\/11"}],"replies":[{"embeddable":true,"href":"https:\/\/www.biworldwide.com\/es-latam\/wp-json\/wp\/v2\/comments?post=102"}],"version-history":[{"count":14,"href":"https:\/\/www.biworldwide.com\/es-latam\/wp-json\/wp\/v2\/pages\/102\/revisions"}],"predecessor-version":[{"id":1748,"href":"https:\/\/www.biworldwide.com\/es-latam\/wp-json\/wp\/v2\/pages\/102\/revisions\/1748"}],"wp:attachment":[{"href":"https:\/\/www.biworldwide.com\/es-latam\/wp-json\/wp\/v2\/media?parent=102"}],"wp:term":[{"taxonomy":"wf_page_folders","embeddable":true,"href":"https:\/\/www.biworldwide.com\/es-latam\/wp-json\/wp\/v2\/wf_page_folders?post=102"}],"curies":[{"name":"wp","href":"https:\/\/api.w.org\/{rel}","templated":true}]}}