{"id":106,"date":"2025-01-14T16:15:30","date_gmt":"2025-01-14T16:15:30","guid":{"rendered":"https:\/\/live-biw-main.pantheonsite.io\/?page_id=106"},"modified":"2025-04-01T17:52:16","modified_gmt":"2025-04-01T23:52:16","slug":"productos-promocionales","status":"publish","type":"page","link":"https:\/\/www.biworldwide.com\/es-latam\/productos-promocionales\/","title":{"rendered":"Branded Merchandise"},"content":{"rendered":"<div class=\" has-content-align-left has-overlay has-overlay--dark alignfull wp-block-biw-block-theme-hero\">\n\t<div class=\"biw-hero__grid\">\n\t\t\t\t\t<div class=\"biw-hero__breadcrumbs\">\n\t\t\t\t<div id=\"breadcrumbs\" class=\"breadcrumb-nav__wrapper\"><span class=\"breadcrumb-nav\"><span><a href=\"https:\/\/www.biworldwide.com\/es-latam\/\">Home<\/a><\/span><\/span><\/div>\t\t\t<\/div>\n\t\t\n\t\t\t\t\t<div class=\"biw-hero__media \">\n\t\t\t\t\t\t\t\t\t<div class=\"biw-hero__overlay overlay-dark\"><\/div>\n\t\t\t\t\t\t\t\t<img decoding=\"async\" src=\"http:\/\/live-biw-main.pantheonsite.io\/wp-content\/uploads\/2025\/02\/BIW_Site_Hero_BRC-scaled.jpg\" alt=\"Two hoodies on display: one yellow with a geometric logo and one white with LOGO text. Theyre accompanied by a yellow cap, rolled t-shirts, sneakers, and pants. The background features a park with scattered yellow leaves.\" class=\"biw-hero__bg-image\" style=\"object-position: 50% 50%;\">\t\t\t<\/div>\n\t\t\t\t<div class=\"biw-hero__content\">\n\t\t\t\t\t\t<h1 class=\"biw-hero__title\" style=\"line-height: 1.2\">\n\t\t\t\tMarca Personalizada\t\t\t<\/h1>\n\t\t\t\t\t\t\t<h2 class=\"biw-hero__subtitle\">\n\t\t\t\t\tProductos que no van a querer regalar.\t\t\t\t<\/h2>\n\t\t\t\t\t\t\t\t\t\t<div class=\"biw-hero__text\">\n\t\t\t\t\t\n\n<p>Lo que funciona para otra marca puede que no funcione para la tuya. Creamos una estrategia de mercanc\u00eda que resuene con tus empleados y clientes para mantener tu marca en la mente de todos.<\/p>\n\n\t\t\t\t<\/div>\n\t\t\t\t\t\t\t\t<\/div>\n\t<\/div>\n<\/div>\n\n\n\n<div class=\"wp-block-group alignfull  layout-columns-7 has-global-padding is-layout-constrained wp-container-core-group-is-layout-a133ec42 wp-block-group-is-layout-constrained\">\n<p class=\"is-style-intro-text is-style-intro-text--1\" style=\"padding-top:var(--wp--preset--spacing--30);padding-right:var(--wp--preset--spacing--40);padding-bottom:var(--wp--preset--spacing--30);padding-left:var(--wp--preset--spacing--40);font-size:1.35rem\">Dise\u00f1amos productos de marca que la gente ama, usa y conserva durante a\u00f1os. \u00bfC\u00f3mo lo hacemos? Manteni\u00e9ndonos a la vanguardia de las tendencias y conectando con el estilo de vida de tu audiencia. Desde lo esencial para el d\u00eda a d\u00eda hasta art\u00edculos que destacan, creamos colecciones que tus clientes, socios comerciales y empleados usar\u00e1n, disfrutar\u00e1n y de las cuales hablar\u00e1n con orgullo.<\/p>\n\n\n\n<div class=\"wp-block-group alignfull has-global-padding is-layout-constrained wp-container-core-group-is-layout-d3543a3b wp-block-group-is-layout-constrained\">\n<div class=\"wp-block-group  layout-columns-8 has-global-padding is-layout-constrained wp-container-core-group-is-layout-ee362a79 wp-block-group-is-layout-constrained\">\n<h2 class=\"wp-block-heading has-text-align-center  has-text-wrap-pretty\">Te ayudaremos a crear una marca personalizada  a trav\u00e9s de:<\/h2>\n<\/div>\n\n\n\n<div class=\"wp-block-group  has-gradient-fill has-gradient-fill-purple is-layout-grid wp-container-core-group-is-layout-ef442fb0 wp-block-group-is-layout-grid\"><div class=\" has-image-size-cover has-image-radius-none is-style-no-image wp-block-biw-block-theme-biw-card\">\n\t\t<div class=\"biw-card__content\">\n\t\t<h3 class=\"biw-card__title\">\n\t\t\t\t\t\t\t<strong>Sourcing e importaci\u00f3n<\/strong> de art\u00edculos textiles y no textiles<br>\t\t\t\t\t<\/h3>\n\t\t<div class=\"biw-card__text\">\n\n<p><\/p>\n\n<\/div>\n\t<\/div>\n\t<\/div>\n\n<div class=\" has-image-size-cover has-image-radius-none is-style-no-image wp-block-biw-block-theme-biw-card\">\n\t\t<div class=\"biw-card__content\">\n\t\t<h3 class=\"biw-card__title\">\n\t\t\t\t\t\t\t<strong>Desarrollo de arte personalizado<\/strong> y productos a medida<br>\t\t\t\t\t<\/h3>\n\t\t<div class=\"biw-card__text\">\n\n<p><\/p>\n\n<\/div>\n\t<\/div>\n\t<\/div>\n\n<div class=\" has-image-size-cover has-image-radius-none is-style-no-image wp-block-biw-block-theme-biw-card\">\n\t\t<div class=\"biw-card__content\">\n\t\t<h3 class=\"biw-card__title\">\n\t\t\t\t\t\t\t<strong>Dise\u00f1o de productos<\/strong> alineado con tu audiencia y tu identidad de marca\t\t\t\t\t<\/h3>\n\t\t<div class=\"biw-card__text\">\n\n<p><\/p>\n\n<\/div>\n\t<\/div>\n\t<\/div>\n\n<div class=\" has-image-size-cover has-image-radius-none is-style-no-image wp-block-biw-block-theme-biw-card\">\n\t\t<div class=\"biw-card__content\">\n\t\t<h3 class=\"biw-card__title\">\n\t\t\t\t\t\t\t<strong>Almacenamiento y cumplimiento de pedidos<\/strong> eficiente y confiable\t\t\t\t\t<\/h3>\n\t\t<div class=\"biw-card__text\">\n\n<p><\/p>\n\n<\/div>\n\t<\/div>\n\t<\/div>\n\n<div class=\" has-image-size-cover has-image-radius-none is-style-no-image wp-block-biw-block-theme-biw-card\">\n\t\t<div class=\"biw-card__content\">\n\t\t<h3 class=\"biw-card__title\">\n\t\t\t\t\t\t\t<strong>Atenci\u00f3n al cliente de primer nivel<\/strong> para una experiencia f\u00e1cil \t\t\t\t\t<\/h3>\n\t\t<div class=\"biw-card__text\">\n\n<p><\/p>\n\n<\/div>\n\t<\/div>\n\t<\/div>\n\n<div class=\" has-image-size-cover has-image-radius-none is-style-no-image wp-block-biw-block-theme-biw-card\">\n\t\t<div class=\"biw-card__content\">\n\t\t<h3 class=\"biw-card__title\">\n\t\t\t\t\t\t\t<strong>Plataformas de eCommerce<\/strong> que facilitan una experiencia de compra fluida<br>\t\t\t\t\t<\/h3>\n\t\t<div class=\"biw-card__text\">\n\n<p><\/p>\n\n<\/div>\n\t<\/div>\n\t<\/div>\n\n<div class=\" has-image-size-cover has-image-radius-none is-style-no-image wp-block-biw-block-theme-biw-card\">\n\t\t<div class=\"biw-card__content\">\n\t\t<h3 class=\"biw-card__title\">\n\t\t\t\t\t\t\t<strong>Marketing y promoci\u00f3n de productos<\/strong> para aumentar la visibilidad\t\t\t\t\t<\/h3>\n\t\t<div class=\"biw-card__text\">\n\n<p><\/p>\n\n<\/div>\n\t<\/div>\n\t<\/div>\n\n<div class=\" has-image-size-cover has-image-radius-none is-style-no-image wp-block-biw-block-theme-biw-card\">\n\t\t<div class=\"biw-card__content\">\n\t\t<h3 class=\"biw-card__title\">\n\t\t\t\t\t\t\t<strong>Captura de datos y anal\u00edtica del programa<\/strong> para impulsar ventas y tomar decisiones basadas en datos\t\t\t\t\t<\/h3>\n\t\t<div class=\"biw-card__text\">\n\n<p><\/p>\n\n<\/div>\n\t<\/div>\n\t<\/div><\/div>\n<\/div>\n\n\n\n<figure class=\"wp-block-embed is-type-video is-provider-vimeo wp-block-embed-vimeo wp-embed-aspect-16-9 wp-has-aspect-ratio\"><div class=\"wp-block-embed__wrapper\">\n<iframe loading=\"lazy\" title=\"Bring your brand to life with brand merchandise\" src=\"https:\/\/player.vimeo.com\/video\/394010638?dnt=1&amp;app_id=122963\" width=\"500\" height=\"281\" frameborder=\"0\" allow=\"autoplay; fullscreen; picture-in-picture; clipboard-write; encrypted-media\"><\/iframe>\n<\/div><\/figure>\n<\/div>\n","protected":false},"excerpt":{"rendered":"<p>Dise\u00f1amos productos de marca que la gente ama, usa y conserva durante a\u00f1os. \u00bfC\u00f3mo lo hacemos? Manteni\u00e9ndonos a la vanguardia de las tendencias y conectando con el estilo de vida de tu audiencia. Desde lo esencial para el d\u00eda a d\u00eda hasta art\u00edculos que destacan, creamos colecciones que tus clientes, socios comerciales y empleados usar\u00e1n, [&hellip;]<\/p>\n","protected":false},"author":11,"featured_media":0,"parent":0,"menu_order":0,"comment_status":"closed","ping_status":"closed","template":"","meta":{"featured_image_focal_point":{"x":0.5,"y":0.5},"footnotes":""},"wf_page_folders":[13],"class_list":["post-106","page","type-page","status-publish","hentry"],"yoast_head":"<!-- This site is optimized with the Yoast SEO plugin v26.2 - https:\/\/yoast.com\/wordpress\/plugins\/seo\/ -->\n<title>Branded Merchandise - Latin America (Spanish)<\/title>\n<meta name=\"robots\" content=\"index, follow, max-snippet:-1, max-image-preview:large, max-video-preview:-1\" \/>\n<link rel=\"canonical\" href=\"https:\/\/www.biworldwide.com\/es-latam\/productos-promocionales\/\" \/>\n<meta property=\"og:locale\" content=\"es_ES\" \/>\n<meta property=\"og:type\" content=\"article\" \/>\n<meta property=\"og:title\" content=\"Branded Merchandise - Latin America (Spanish)\" \/>\n<meta property=\"og:description\" content=\"Dise\u00f1amos productos de marca que la gente ama, usa y conserva durante a\u00f1os. \u00bfC\u00f3mo lo hacemos? Manteni\u00e9ndonos a la vanguardia de las tendencias y conectando con el estilo de vida de tu audiencia. Desde lo esencial para el d\u00eda a d\u00eda hasta art\u00edculos que destacan, creamos colecciones que tus clientes, socios comerciales y empleados usar\u00e1n, [&hellip;]\" \/>\n<meta property=\"og:url\" content=\"https:\/\/www.biworldwide.com\/es-latam\/productos-promocionales\/\" \/>\n<meta property=\"og:site_name\" content=\"Latin America (Spanish)\" \/>\n<meta property=\"article:modified_time\" content=\"2025-04-01T23:52:16+00:00\" \/>\n<meta name=\"twitter:card\" content=\"summary_large_image\" \/>\n<meta name=\"twitter:label1\" content=\"Est. reading time\" \/>\n\t<meta name=\"twitter:data1\" content=\"1 minuto\" \/>\n<script type=\"application\/ld+json\" class=\"yoast-schema-graph\">{\"@context\":\"https:\/\/schema.org\",\"@graph\":[{\"@type\":\"WebPage\",\"@id\":\"https:\/\/www.biworldwide.com\/es-latam\/productos-promocionales\/\",\"url\":\"https:\/\/www.biworldwide.com\/es-latam\/productos-promocionales\/\",\"name\":\"Branded Merchandise - Latin America (Spanish)\",\"isPartOf\":{\"@id\":\"https:\/\/www.biworldwide.com\/es-latam\/#website\"},\"datePublished\":\"2025-01-14T16:15:30+00:00\",\"dateModified\":\"2025-04-01T23:52:16+00:00\",\"breadcrumb\":{\"@id\":\"https:\/\/www.biworldwide.com\/es-latam\/productos-promocionales\/#breadcrumb\"},\"inLanguage\":\"es-CO\",\"potentialAction\":[{\"@type\":\"ReadAction\",\"target\":[\"https:\/\/www.biworldwide.com\/es-latam\/productos-promocionales\/\"]}]},{\"@type\":\"BreadcrumbList\",\"@id\":\"https:\/\/www.biworldwide.com\/es-latam\/productos-promocionales\/#breadcrumb\",\"itemListElement\":[{\"@type\":\"ListItem\",\"position\":1,\"name\":\"Home\",\"item\":\"https:\/\/www.biworldwide.com\/es-latam\/\"},{\"@type\":\"ListItem\",\"position\":2,\"name\":\"Branded Merchandise\"}]},{\"@type\":\"WebSite\",\"@id\":\"https:\/\/www.biworldwide.com\/es-latam\/#website\",\"url\":\"https:\/\/www.biworldwide.com\/es-latam\/\",\"name\":\"Latin America (Spanish)\",\"description\":\"\",\"publisher\":{\"@id\":\"https:\/\/www.biworldwide.com\/es-latam\/#organization\"},\"potentialAction\":[{\"@type\":\"SearchAction\",\"target\":{\"@type\":\"EntryPoint\",\"urlTemplate\":\"https:\/\/www.biworldwide.com\/es-latam\/?s={search_term_string}\"},\"query-input\":{\"@type\":\"PropertyValueSpecification\",\"valueRequired\":true,\"valueName\":\"search_term_string\"}}],\"inLanguage\":\"es-CO\"},{\"@type\":\"Organization\",\"@id\":\"https:\/\/www.biworldwide.com\/es-latam\/#organization\",\"name\":\"Latin America (Spanish)\",\"url\":\"https:\/\/www.biworldwide.com\/es-latam\/\",\"logo\":{\"@type\":\"ImageObject\",\"inLanguage\":\"es-CO\",\"@id\":\"https:\/\/www.biworldwide.com\/es-latam\/#\/schema\/logo\/image\/\",\"url\":\"https:\/\/www.biworldwide.com\/es-latam\/wp-content\/uploads\/sites\/14\/2025\/02\/BIW_corp_lockup_rgb.png\",\"contentUrl\":\"https:\/\/www.biworldwide.com\/es-latam\/wp-content\/uploads\/sites\/14\/2025\/02\/BIW_corp_lockup_rgb.png\",\"width\":550,\"height\":400,\"caption\":\"Latin America (Spanish)\"},\"image\":{\"@id\":\"https:\/\/www.biworldwide.com\/es-latam\/#\/schema\/logo\/image\/\"}}]}<\/script>\n<!-- \/ Yoast SEO plugin. -->","yoast_head_json":{"title":"Branded Merchandise - Latin America (Spanish)","robots":{"index":"index","follow":"follow","max-snippet":"max-snippet:-1","max-image-preview":"max-image-preview:large","max-video-preview":"max-video-preview:-1"},"canonical":"https:\/\/www.biworldwide.com\/es-latam\/productos-promocionales\/","og_locale":"es_ES","og_type":"article","og_title":"Branded Merchandise - Latin America (Spanish)","og_description":"Dise\u00f1amos productos de marca que la gente ama, usa y conserva durante a\u00f1os. \u00bfC\u00f3mo lo hacemos? Manteni\u00e9ndonos a la vanguardia de las tendencias y conectando con el estilo de vida de tu audiencia. Desde lo esencial para el d\u00eda a d\u00eda hasta art\u00edculos que destacan, creamos colecciones que tus clientes, socios comerciales y empleados usar\u00e1n, [&hellip;]","og_url":"https:\/\/www.biworldwide.com\/es-latam\/productos-promocionales\/","og_site_name":"Latin America (Spanish)","article_modified_time":"2025-04-01T23:52:16+00:00","twitter_card":"summary_large_image","twitter_misc":{"Est. reading time":"1 minuto"},"schema":{"@context":"https:\/\/schema.org","@graph":[{"@type":"WebPage","@id":"https:\/\/www.biworldwide.com\/es-latam\/productos-promocionales\/","url":"https:\/\/www.biworldwide.com\/es-latam\/productos-promocionales\/","name":"Branded Merchandise - Latin America (Spanish)","isPartOf":{"@id":"https:\/\/www.biworldwide.com\/es-latam\/#website"},"datePublished":"2025-01-14T16:15:30+00:00","dateModified":"2025-04-01T23:52:16+00:00","breadcrumb":{"@id":"https:\/\/www.biworldwide.com\/es-latam\/productos-promocionales\/#breadcrumb"},"inLanguage":"es-CO","potentialAction":[{"@type":"ReadAction","target":["https:\/\/www.biworldwide.com\/es-latam\/productos-promocionales\/"]}]},{"@type":"BreadcrumbList","@id":"https:\/\/www.biworldwide.com\/es-latam\/productos-promocionales\/#breadcrumb","itemListElement":[{"@type":"ListItem","position":1,"name":"Home","item":"https:\/\/www.biworldwide.com\/es-latam\/"},{"@type":"ListItem","position":2,"name":"Branded Merchandise"}]},{"@type":"WebSite","@id":"https:\/\/www.biworldwide.com\/es-latam\/#website","url":"https:\/\/www.biworldwide.com\/es-latam\/","name":"Latin America (Spanish)","description":"","publisher":{"@id":"https:\/\/www.biworldwide.com\/es-latam\/#organization"},"potentialAction":[{"@type":"SearchAction","target":{"@type":"EntryPoint","urlTemplate":"https:\/\/www.biworldwide.com\/es-latam\/?s={search_term_string}"},"query-input":{"@type":"PropertyValueSpecification","valueRequired":true,"valueName":"search_term_string"}}],"inLanguage":"es-CO"},{"@type":"Organization","@id":"https:\/\/www.biworldwide.com\/es-latam\/#organization","name":"Latin America (Spanish)","url":"https:\/\/www.biworldwide.com\/es-latam\/","logo":{"@type":"ImageObject","inLanguage":"es-CO","@id":"https:\/\/www.biworldwide.com\/es-latam\/#\/schema\/logo\/image\/","url":"https:\/\/www.biworldwide.com\/es-latam\/wp-content\/uploads\/sites\/14\/2025\/02\/BIW_corp_lockup_rgb.png","contentUrl":"https:\/\/www.biworldwide.com\/es-latam\/wp-content\/uploads\/sites\/14\/2025\/02\/BIW_corp_lockup_rgb.png","width":550,"height":400,"caption":"Latin America (Spanish)"},"image":{"@id":"https:\/\/www.biworldwide.com\/es-latam\/#\/schema\/logo\/image\/"}}]}},"_links":{"self":[{"href":"https:\/\/www.biworldwide.com\/es-latam\/wp-json\/wp\/v2\/pages\/106","targetHints":{"allow":["GET"]}}],"collection":[{"href":"https:\/\/www.biworldwide.com\/es-latam\/wp-json\/wp\/v2\/pages"}],"about":[{"href":"https:\/\/www.biworldwide.com\/es-latam\/wp-json\/wp\/v2\/types\/page"}],"author":[{"embeddable":true,"href":"https:\/\/www.biworldwide.com\/es-latam\/wp-json\/wp\/v2\/users\/11"}],"replies":[{"embeddable":true,"href":"https:\/\/www.biworldwide.com\/es-latam\/wp-json\/wp\/v2\/comments?post=106"}],"version-history":[{"count":7,"href":"https:\/\/www.biworldwide.com\/es-latam\/wp-json\/wp\/v2\/pages\/106\/revisions"}],"predecessor-version":[{"id":1316,"href":"https:\/\/www.biworldwide.com\/es-latam\/wp-json\/wp\/v2\/pages\/106\/revisions\/1316"}],"wp:attachment":[{"href":"https:\/\/www.biworldwide.com\/es-latam\/wp-json\/wp\/v2\/media?parent=106"}],"wp:term":[{"taxonomy":"wf_page_folders","embeddable":true,"href":"https:\/\/www.biworldwide.com\/es-latam\/wp-json\/wp\/v2\/wf_page_folders?post=106"}],"curies":[{"name":"wp","href":"https:\/\/api.w.org\/{rel}","templated":true}]}}