{"id":108,"date":"2025-01-14T16:15:43","date_gmt":"2025-01-14T16:15:43","guid":{"rendered":"https:\/\/live-biw-main.pantheonsite.io\/?page_id=108"},"modified":"2025-04-01T17:43:27","modified_gmt":"2025-04-01T23:43:27","slug":"comunicaciones","status":"publish","type":"page","link":"https:\/\/www.biworldwide.com\/es-latam\/comunicaciones\/","title":{"rendered":"Comunicaciones"},"content":{"rendered":"<div class=\" has-content-align-left has-overlay has-overlay--dark alignfull wp-block-biw-block-theme-hero\">\n\t<div class=\"biw-hero__grid\">\n\t\t\n\t\t\t\t\t<div class=\"biw-hero__media \">\n\t\t\t\t\t\t\t\t\t<div class=\"biw-hero__overlay overlay-dark\"><\/div>\n\t\t\t\t\t\t\t\t<img decoding=\"async\" src=\"http:\/\/live-biw-main.pantheonsite.io\/wp-content\/uploads\/2025\/02\/Communications-swirl-of-colored-paper-1728x600px.jpg\" alt=\"Abstract image featuring layered, curved shapes with a gradient of orange, yellow, and red hues. The design creates a sense of depth and movement from left to right, with smooth transitions between colors.\" class=\"biw-hero__bg-image\" style=\"object-position: 50% 50%;\">\t\t\t<\/div>\n\t\t\t\t<div class=\"biw-hero__content\">\n\t\t\t\t\t\t<h1 class=\"biw-hero__title\" style=\"line-height: 1.2\">\n\t\t\t\tComunicaciones\t\t\t<\/h1>\n\t\t\t\t\t\t\t\t\t\t<div class=\"biw-hero__text\">\n\t\t\t\t\t\n\n<p>La cantidad de informaci\u00f3n a la que tus clientes, empleados y equipos de ventas est\u00e1n expuestos cada d\u00eda, hora y minuto sigue creciendo. Captura y mant\u00e9n su atenci\u00f3n, y destaca entre el ruido.<br><\/p>\n\n\t\t\t\t<\/div>\n\t\t\t\t\t\t\t\t<\/div>\n\t<\/div>\n<\/div>\n\n\n\n<div class=\"wp-block-group  layout-columns-8 has-global-padding is-layout-constrained wp-container-core-group-is-layout-fce79bf6 wp-block-group-is-layout-constrained\">\n<p>Servimos inspiraci\u00f3n diaria a nuestra audiencia: soluciones estrat\u00e9gicas compuestas por t\u00e1cticas digitales, impresas, ambientales y experienciales que cambian comportamientos y percepciones.<\/p>\n\n\n\n<p>Nuestro equipo so\u00f1ado es un grupo diverso y talentoso de individuos expertos en su oficio, con m\u00e1s de 100 premios creativos y m\u00e1s de 180,000 campa\u00f1as globales que lo demuestran. Nuestro equipo galardonado ha sido reconocido por Brandon Hall, How Design, Hermes, y recientemente recibi\u00f3 un Gold Stevie por marketing para empleados.<\/p>\n\n\n\n<p class=\"has-xxl-font-size\"><strong><a href=\"https:\/\/www.biworldwide.com\/es-latam\/programas-para-empleados\/\">Experiencia del Empleado<\/a><\/strong><\/p>\n\n\n\n<p>Ayudamos a los empleados a enamorarse de las empresas por primera vez, o a reavivar su pasi\u00f3n por el trabajo. Como resultado, los niveles de rendimiento se disparan. Impulsamos el compromiso, la conexi\u00f3n, la inspiraci\u00f3n y el rendimiento de los empleados mediante el branding de reconocimiento y contenido creativo que amplifica la propuesta de valor del empleado (EVP) y eleva la experiencia del empleado, sin importar en qu\u00e9 etapa de su viaje como empleado se encuentren.<\/p>\n\n\n\n<p class=\"has-xxl-font-size\"><strong><strong><a href=\"https:\/\/www.biworldwide.com\/es-latam\/soluciones-para-ventas\/\">Experiencia de Ventas<\/a><\/strong><\/strong><\/p>\n\n\n\n<p>Las audiencias de ventas hoy en d\u00eda est\u00e1n saturadas de informaci\u00f3n que compite por su atenci\u00f3n, una realidad que llamamos <em>infobesidad<\/em>. Por eso, ofrecemos un enfoque simplificado que corta el ruido con mensajes claros que los vendedores pueden digerir f\u00e1cilmente. Los vendedores se enamoran de ello.<\/p>\n\n\n\n<p>Pero no todo es de coraz\u00f3n. Tambi\u00e9n utilizamos <em>Fastbrain Communications\u2122<\/em>, nuestro propio marco \u00fanico basado en neurociencia que nos ayuda a dise\u00f1ar disparadores emocionales y mensajes aut\u00e9nticos para cada audiencia, de manera que puedan retener informaci\u00f3n importante y actuar en consecuencia.<\/p>\n\n\n\n<p>Al utilizar nuestra investigaci\u00f3n propietaria de ventas y canales, conceptos aplicados de econom\u00eda del comportamiento y una profunda experiencia en marketing, tenemos el poder de cautivar y cambiar comportamientos. Nuestras soluciones personalizadas se adaptan a la forma en que las audiencias necesitan consumir informaci\u00f3n, en funci\u00f3n de los objetivos comerciales y de ingresos, as\u00ed como de c\u00f3mo pasan su d\u00eda.<\/p>\n\n\n\n<p class=\"has-xl-font-size\"><strong>Problemas que resolvemos.<\/strong><\/p>\n\n\n\n<ul class=\"wp-block-list\">\n<li class=\"has-large-font-size\">Branding<\/li>\n\n\n\n<li>Estrategia de contenido y dise\u00f1o del recorrido<\/li>\n\n\n\n<li>Estrategia de campa\u00f1as de compromiso de ventas<\/li>\n\n\n\n<li>Branding del empleador y dise\u00f1o de la EVP<\/li>\n\n\n\n<li>Marcos de cambio de comportamiento (gesti\u00f3n del cambio)<\/li>\n\n\n\n<li>Compromiso de gerentes e influencers<\/li>\n\n\n\n<li>Compromiso de empleados sin escritorio<\/li>\n\n\n\n<li>Promoci\u00f3n y seguimiento de reuniones y eventos (pre y post-evento)<\/li>\n\n\n\n<li>Soluciones de estudio: audio y video (pre y post-) &#8211; gr\u00e1ficos en movimiento, acci\u00f3n en vivo, remoto, en vivo<\/li>\n\n\n\n<li>Servicios digitales completos &#8211; aplicaciones web, micrositios, plataformas, marketing por correo electr\u00f3nico, paneles de control, tableros de clasificaci\u00f3n, mapas de seguimiento, salas 360<\/li>\n\n\n\n<li>Impresi\u00f3n completa &#8211; material promocional, env\u00edos, empaques, kits, espacio de trabajo, ambiental<\/li>\n\n\n\n<li>Fabricaci\u00f3n e instalaci\u00f3n<\/li>\n<\/ul>\n<\/div>\n\n\n\n<div class=\"wp-block-group alignfull has-global-padding is-layout-constrained wp-container-core-group-is-layout-e04489b5 wp-block-group-is-layout-constrained\">\n<div class=\"wp-block-group  layout-columns-8 has-global-padding is-layout-constrained wp-container-core-group-is-layout-fce79bf6 wp-block-group-is-layout-constrained\">\n<h2 class=\"wp-block-heading has-text-align-center\">Los n\u00fameros cuentan una historia.<\/h2>\n<\/div>\n\n\n\n<div class=\"wp-block-group  layout-columns-10 has-global-padding is-layout-constrained wp-container-core-group-is-layout-0b5f5b40 wp-block-group-is-layout-constrained\">\n<div class=\"wp-block-group has-text-align-center is-layout-grid wp-container-core-group-is-layout-ef442fb0 wp-block-group-is-layout-grid\">\n<div class=\"wp-block-group is-vertical is-content-justification-center is-layout-flex wp-container-core-group-is-layout-81423f52 wp-block-group-is-layout-flex\">\n<h3 class=\"wp-block-heading has-impact-font-size  has-text-wrap-no-wrap  has-gradient-fill has-gradient-fill-green\">180k<\/h3>\n\n\n\n<p class=\"has-text-align-center has-large-font-size  has-text-wrap-balance\">Proyectos completados el a\u00f1o pasado<\/p>\n<\/div>\n\n\n\n<div class=\"wp-block-group is-vertical is-content-justification-center is-layout-flex wp-container-core-group-is-layout-81423f52 wp-block-group-is-layout-flex\">\n<h3 class=\"wp-block-heading has-impact-font-size  has-text-wrap-no-wrap  has-gradient-fill has-gradient-fill-green\">350%<\/h3>\n\n\n\n<p class=\"has-text-align-center has-large-font-size  has-text-wrap-balance\">Aumento promedio en la actividad deseada<\/p>\n<\/div>\n\n\n\n<div class=\"wp-block-group is-vertical is-content-justification-center is-layout-flex wp-container-core-group-is-layout-81423f52 wp-block-group-is-layout-flex\">\n<h3 class=\"wp-block-heading has-impact-font-size  has-text-wrap-no-wrap  has-gradient-fill has-gradient-fill-green\">100+<\/h3>\n\n\n\n<p class=\"has-text-align-center has-large-font-size  has-text-wrap-balance\">Premios creativos e industriales obtenidos<\/p>\n<\/div>\n<\/div>\n<\/div>\n<\/div>\n","protected":false},"excerpt":{"rendered":"<p>Servimos inspiraci\u00f3n diaria a nuestra audiencia: soluciones estrat\u00e9gicas compuestas por t\u00e1cticas digitales, impresas, ambientales y experienciales que cambian comportamientos y percepciones. Nuestro equipo so\u00f1ado es un grupo diverso y talentoso de individuos expertos en su oficio, con m\u00e1s de 100 premios creativos y m\u00e1s de 180,000 campa\u00f1as globales que lo demuestran. Nuestro equipo galardonado ha [&hellip;]<\/p>\n","protected":false},"author":11,"featured_media":0,"parent":0,"menu_order":0,"comment_status":"closed","ping_status":"closed","template":"","meta":{"featured_image_focal_point":{"x":0.5,"y":0.5},"footnotes":""},"wf_page_folders":[13],"class_list":["post-108","page","type-page","status-publish","hentry"],"yoast_head":"<!-- This site is optimized with the Yoast SEO plugin v26.2 - https:\/\/yoast.com\/wordpress\/plugins\/seo\/ -->\n<title>Comunicaciones - Latin America (Spanish)<\/title>\n<meta name=\"robots\" content=\"index, follow, max-snippet:-1, max-image-preview:large, max-video-preview:-1\" \/>\n<link rel=\"canonical\" href=\"https:\/\/www.biworldwide.com\/es-latam\/comunicaciones\/\" \/>\n<meta property=\"og:locale\" content=\"es_ES\" \/>\n<meta property=\"og:type\" content=\"article\" \/>\n<meta property=\"og:title\" content=\"Comunicaciones - Latin America (Spanish)\" \/>\n<meta property=\"og:description\" content=\"Servimos inspiraci\u00f3n diaria a nuestra audiencia: soluciones estrat\u00e9gicas compuestas por t\u00e1cticas digitales, impresas, ambientales y experienciales que cambian comportamientos y percepciones. Nuestro equipo so\u00f1ado es un grupo diverso y talentoso de individuos expertos en su oficio, con m\u00e1s de 100 premios creativos y m\u00e1s de 180,000 campa\u00f1as globales que lo demuestran. Nuestro equipo galardonado ha [&hellip;]\" \/>\n<meta property=\"og:url\" content=\"https:\/\/www.biworldwide.com\/es-latam\/comunicaciones\/\" \/>\n<meta property=\"og:site_name\" content=\"Latin America (Spanish)\" \/>\n<meta property=\"article:modified_time\" content=\"2025-04-01T23:43:27+00:00\" \/>\n<meta name=\"twitter:card\" content=\"summary_large_image\" \/>\n<meta name=\"twitter:label1\" content=\"Est. reading time\" \/>\n\t<meta name=\"twitter:data1\" content=\"3 minutos\" \/>\n<script type=\"application\/ld+json\" class=\"yoast-schema-graph\">{\"@context\":\"https:\/\/schema.org\",\"@graph\":[{\"@type\":\"WebPage\",\"@id\":\"https:\/\/www.biworldwide.com\/es-latam\/comunicaciones\/\",\"url\":\"https:\/\/www.biworldwide.com\/es-latam\/comunicaciones\/\",\"name\":\"Comunicaciones - Latin America (Spanish)\",\"isPartOf\":{\"@id\":\"https:\/\/www.biworldwide.com\/es-latam\/#website\"},\"datePublished\":\"2025-01-14T16:15:43+00:00\",\"dateModified\":\"2025-04-01T23:43:27+00:00\",\"breadcrumb\":{\"@id\":\"https:\/\/www.biworldwide.com\/es-latam\/comunicaciones\/#breadcrumb\"},\"inLanguage\":\"es-CO\",\"potentialAction\":[{\"@type\":\"ReadAction\",\"target\":[\"https:\/\/www.biworldwide.com\/es-latam\/comunicaciones\/\"]}]},{\"@type\":\"BreadcrumbList\",\"@id\":\"https:\/\/www.biworldwide.com\/es-latam\/comunicaciones\/#breadcrumb\",\"itemListElement\":[{\"@type\":\"ListItem\",\"position\":1,\"name\":\"Home\",\"item\":\"https:\/\/www.biworldwide.com\/es-latam\/\"},{\"@type\":\"ListItem\",\"position\":2,\"name\":\"Comunicaciones\"}]},{\"@type\":\"WebSite\",\"@id\":\"https:\/\/www.biworldwide.com\/es-latam\/#website\",\"url\":\"https:\/\/www.biworldwide.com\/es-latam\/\",\"name\":\"Latin America (Spanish)\",\"description\":\"\",\"publisher\":{\"@id\":\"https:\/\/www.biworldwide.com\/es-latam\/#organization\"},\"potentialAction\":[{\"@type\":\"SearchAction\",\"target\":{\"@type\":\"EntryPoint\",\"urlTemplate\":\"https:\/\/www.biworldwide.com\/es-latam\/?s={search_term_string}\"},\"query-input\":{\"@type\":\"PropertyValueSpecification\",\"valueRequired\":true,\"valueName\":\"search_term_string\"}}],\"inLanguage\":\"es-CO\"},{\"@type\":\"Organization\",\"@id\":\"https:\/\/www.biworldwide.com\/es-latam\/#organization\",\"name\":\"Latin America (Spanish)\",\"url\":\"https:\/\/www.biworldwide.com\/es-latam\/\",\"logo\":{\"@type\":\"ImageObject\",\"inLanguage\":\"es-CO\",\"@id\":\"https:\/\/www.biworldwide.com\/es-latam\/#\/schema\/logo\/image\/\",\"url\":\"https:\/\/www.biworldwide.com\/es-latam\/wp-content\/uploads\/sites\/14\/2025\/02\/BIW_corp_lockup_rgb.png\",\"contentUrl\":\"https:\/\/www.biworldwide.com\/es-latam\/wp-content\/uploads\/sites\/14\/2025\/02\/BIW_corp_lockup_rgb.png\",\"width\":550,\"height\":400,\"caption\":\"Latin America (Spanish)\"},\"image\":{\"@id\":\"https:\/\/www.biworldwide.com\/es-latam\/#\/schema\/logo\/image\/\"}}]}<\/script>\n<!-- \/ Yoast SEO plugin. -->","yoast_head_json":{"title":"Comunicaciones - Latin America (Spanish)","robots":{"index":"index","follow":"follow","max-snippet":"max-snippet:-1","max-image-preview":"max-image-preview:large","max-video-preview":"max-video-preview:-1"},"canonical":"https:\/\/www.biworldwide.com\/es-latam\/comunicaciones\/","og_locale":"es_ES","og_type":"article","og_title":"Comunicaciones - Latin America (Spanish)","og_description":"Servimos inspiraci\u00f3n diaria a nuestra audiencia: soluciones estrat\u00e9gicas compuestas por t\u00e1cticas digitales, impresas, ambientales y experienciales que cambian comportamientos y percepciones. Nuestro equipo so\u00f1ado es un grupo diverso y talentoso de individuos expertos en su oficio, con m\u00e1s de 100 premios creativos y m\u00e1s de 180,000 campa\u00f1as globales que lo demuestran. Nuestro equipo galardonado ha [&hellip;]","og_url":"https:\/\/www.biworldwide.com\/es-latam\/comunicaciones\/","og_site_name":"Latin America (Spanish)","article_modified_time":"2025-04-01T23:43:27+00:00","twitter_card":"summary_large_image","twitter_misc":{"Est. reading time":"3 minutos"},"schema":{"@context":"https:\/\/schema.org","@graph":[{"@type":"WebPage","@id":"https:\/\/www.biworldwide.com\/es-latam\/comunicaciones\/","url":"https:\/\/www.biworldwide.com\/es-latam\/comunicaciones\/","name":"Comunicaciones - Latin America (Spanish)","isPartOf":{"@id":"https:\/\/www.biworldwide.com\/es-latam\/#website"},"datePublished":"2025-01-14T16:15:43+00:00","dateModified":"2025-04-01T23:43:27+00:00","breadcrumb":{"@id":"https:\/\/www.biworldwide.com\/es-latam\/comunicaciones\/#breadcrumb"},"inLanguage":"es-CO","potentialAction":[{"@type":"ReadAction","target":["https:\/\/www.biworldwide.com\/es-latam\/comunicaciones\/"]}]},{"@type":"BreadcrumbList","@id":"https:\/\/www.biworldwide.com\/es-latam\/comunicaciones\/#breadcrumb","itemListElement":[{"@type":"ListItem","position":1,"name":"Home","item":"https:\/\/www.biworldwide.com\/es-latam\/"},{"@type":"ListItem","position":2,"name":"Comunicaciones"}]},{"@type":"WebSite","@id":"https:\/\/www.biworldwide.com\/es-latam\/#website","url":"https:\/\/www.biworldwide.com\/es-latam\/","name":"Latin America (Spanish)","description":"","publisher":{"@id":"https:\/\/www.biworldwide.com\/es-latam\/#organization"},"potentialAction":[{"@type":"SearchAction","target":{"@type":"EntryPoint","urlTemplate":"https:\/\/www.biworldwide.com\/es-latam\/?s={search_term_string}"},"query-input":{"@type":"PropertyValueSpecification","valueRequired":true,"valueName":"search_term_string"}}],"inLanguage":"es-CO"},{"@type":"Organization","@id":"https:\/\/www.biworldwide.com\/es-latam\/#organization","name":"Latin America (Spanish)","url":"https:\/\/www.biworldwide.com\/es-latam\/","logo":{"@type":"ImageObject","inLanguage":"es-CO","@id":"https:\/\/www.biworldwide.com\/es-latam\/#\/schema\/logo\/image\/","url":"https:\/\/www.biworldwide.com\/es-latam\/wp-content\/uploads\/sites\/14\/2025\/02\/BIW_corp_lockup_rgb.png","contentUrl":"https:\/\/www.biworldwide.com\/es-latam\/wp-content\/uploads\/sites\/14\/2025\/02\/BIW_corp_lockup_rgb.png","width":550,"height":400,"caption":"Latin America (Spanish)"},"image":{"@id":"https:\/\/www.biworldwide.com\/es-latam\/#\/schema\/logo\/image\/"}}]}},"_links":{"self":[{"href":"https:\/\/www.biworldwide.com\/es-latam\/wp-json\/wp\/v2\/pages\/108","targetHints":{"allow":["GET"]}}],"collection":[{"href":"https:\/\/www.biworldwide.com\/es-latam\/wp-json\/wp\/v2\/pages"}],"about":[{"href":"https:\/\/www.biworldwide.com\/es-latam\/wp-json\/wp\/v2\/types\/page"}],"author":[{"embeddable":true,"href":"https:\/\/www.biworldwide.com\/es-latam\/wp-json\/wp\/v2\/users\/11"}],"replies":[{"embeddable":true,"href":"https:\/\/www.biworldwide.com\/es-latam\/wp-json\/wp\/v2\/comments?post=108"}],"version-history":[{"count":7,"href":"https:\/\/www.biworldwide.com\/es-latam\/wp-json\/wp\/v2\/pages\/108\/revisions"}],"predecessor-version":[{"id":1304,"href":"https:\/\/www.biworldwide.com\/es-latam\/wp-json\/wp\/v2\/pages\/108\/revisions\/1304"}],"wp:attachment":[{"href":"https:\/\/www.biworldwide.com\/es-latam\/wp-json\/wp\/v2\/media?parent=108"}],"wp:term":[{"taxonomy":"wf_page_folders","embeddable":true,"href":"https:\/\/www.biworldwide.com\/es-latam\/wp-json\/wp\/v2\/wf_page_folders?post=108"}],"curies":[{"name":"wp","href":"https:\/\/api.w.org\/{rel}","templated":true}]}}