{"id":110,"date":"2025-01-14T16:15:59","date_gmt":"2025-01-14T16:15:59","guid":{"rendered":"https:\/\/live-biw-main.pantheonsite.io\/?page_id=110"},"modified":"2025-04-01T17:43:45","modified_gmt":"2025-04-01T23:43:45","slug":"concursos-e-incentivos","status":"publish","type":"page","link":"https:\/\/www.biworldwide.com\/es-latam\/concursos-e-incentivos\/","title":{"rendered":"Concursos e Incentivos"},"content":{"rendered":"<div class=\" has-content-align-left has-overlay has-overlay--dark alignfull wp-block-biw-block-theme-hero\">\n\t<div class=\"biw-hero__grid\">\n\t\t\n\t\t\t\t\t<div class=\"biw-hero__media \">\n\t\t\t\t\t\t\t\t\t<div class=\"biw-hero__overlay overlay-dark\"><\/div>\n\t\t\t\t\t\t\t\t<img decoding=\"async\" src=\"http:\/\/live-biw-main.pantheonsite.io\/wp-content\/uploads\/2025\/02\/Contests-and-incentives-1728x600px.jpg\" alt=\"A man and a woman are sitting at a desk, engaged with a tablet. The man is pointing at the screen while the woman looks on with interest. A laptop is open in front of them. The background is blurred, adding focus to the pair.\" class=\"biw-hero__bg-image\" style=\"object-position: 66% 15%;\">\t\t\t<\/div>\n\t\t\t\t<div class=\"biw-hero__content\">\n\t\t\t\t\t\t<h1 class=\"biw-hero__title\" style=\"line-height: 1.2\">\n\t\t\t\tConcursos e Incentivos\t\t\t<\/h1>\n\t\t\t\t\t\t\t<h2 class=\"biw-hero__subtitle\">\n\t\t\t\t\tVe m\u00e1s all\u00e1 y ellos har\u00e1n lo mismo.\t\t\t\t<\/h2>\n\t\t\t\t\t\t\t\t\t\t<div class=\"biw-hero__text\">\n\t\t\t\t\t\n\n<p>Dise\u00f1amos incentivos estrat\u00e9gicos y atractivos para lograr el m\u00e1ximo impacto sin exceder tu presupuesto. Transforma tu equipo de ventas de bueno a extraordinario con recompensas que realmente importan.<\/p>\n\n\t\t\t\t<\/div>\n\t\t\t\t\t\t\t\t<\/div>\n\t<\/div>\n<\/div>\n\n\n\n<div class=\"wp-block-group  layout-columns-7 has-global-padding is-layout-constrained wp-container-core-group-is-layout-a133ec42 wp-block-group-is-layout-constrained\">\n<p class=\"is-style-default has-xxl-font-size is-style-default\"><strong>Lleva a tu equipo de ventas al siguiente nivel.<\/strong><\/p>\n\n\n\n<p>\u00bfCrees que ya conoces el m\u00e1ximo potencial de tu equipo de ventas? Pi\u00e9nsalo de nuevo. Un plan de compensaci\u00f3n solo llega hasta cierto punto\u2014la verdadera motivaci\u00f3n surge de incentivos que los desaf\u00edan a ir m\u00e1s all\u00e1, recompensando su esfuerzo. Dise\u00f1amos incentivos de ventas que realmente generan impacto.<\/p>\n\n\n\n<p>Nuestro objetivo es impulsar el enfoque, la actividad y, lo m\u00e1s importante, las ventas.<\/p>\n\n\n\n<p class=\"is-style-default has-xl-font-size is-style-default\"><strong>\u00bfC\u00f3mo lo logramos?<\/strong><\/p>\n\n\n\n<ul class=\"wp-block-list\">\n<li class=\"has-large-font-size\">Despertamos emoci\u00f3n e inspiraci\u00f3n con recompensas atractivas, como productos exclusivos, experiencias inolvidables y viajes.<\/li>\n\n\n\n<li class=\"has-large-font-size\">Alineamos los objetivos de ventas con la estrategia global, asegurando que cada incentivo impulse el crecimiento del negocio.<\/li>\n\n\n\n<li class=\"has-large-font-size\">Motivamos a los vendedores intermedios\u2014el grupo clave donde se logran los mayores avances.<\/li>\n<\/ul>\n\n\n\n<div style=\"height:20px\" aria-hidden=\"true\" class=\"wp-block-spacer\"><\/div>\n\n\n\n<figure class=\"wp-block-image size-full\"><img decoding=\"async\" src=\"http:\/\/live-biw-main.pantheonsite.io\/wp-content\/uploads\/2025\/02\/move-the-middle-600.png\" alt=\"A graph shows cumulative performance in blue increasing over time, plateauing, then gradually declining. Incremental performance is indicated in orange, peaking mid-graph and tapering off symmetrically.\" class=\"wp-image-1466\" \/><\/figure>\n\n\n\n<figure class=\"wp-block-embed is-type-video is-provider-vimeo wp-block-embed-vimeo wp-embed-aspect-16-9 wp-has-aspect-ratio\"><div class=\"wp-block-embed__wrapper\">\n<iframe loading=\"lazy\" title=\"Sales Incentives | BI WORLDWIDE\" src=\"https:\/\/player.vimeo.com\/video\/452242721?dnt=1&amp;app_id=122963\" width=\"500\" height=\"281\" frameborder=\"0\" allow=\"autoplay; fullscreen; picture-in-picture; clipboard-write; encrypted-media\"><\/iframe>\n<\/div><\/figure>\n<\/div>\n\n\n\n<div class=\"wp-block-group alignfull has-global-padding is-layout-constrained wp-container-core-group-is-layout-97ab3c77 wp-block-group-is-layout-constrained\">\n<div class=\"wp-block-group has-text-align-center  layout-columns-8 has-global-padding is-layout-constrained wp-container-core-group-is-layout-ee362a79 wp-block-group-is-layout-constrained\">\n<h2 class=\"wp-block-heading has-text-align-center  has-text-wrap-pretty\">Soluciones de Incentivos<\/h2>\n\n\n\n<p class=\" has-text-wrap-balance\"><\/p>\n<\/div>\n\n\n\n<div class=\"wp-block-group  layout-columns-12 has-global-padding is-layout-constrained wp-container-core-group-is-layout-9e09659d wp-block-group-is-layout-constrained\">\n<div class=\"wp-block-group is-layout-grid wp-container-core-group-is-layout-c765d3c1 wp-block-group-is-layout-grid\"><div class=\" has-dynamic-border-radius has-link has-image-size-cover has-image-radius-none is-style-default wp-block-biw-block-theme-biw-card\">\n\t\t\t<figure class=\"biw-card__image-wrapper \">\n\t\t\t<img decoding=\"async\" src=\"http:\/\/live-biw-main.pantheonsite.io\/wp-content\/uploads\/2025\/02\/BIW_Site_Hero_GoalQuestAI-scaled.jpg\" alt=\"Illustration of a stylized, geometric mountain with a flag on top, surrounded by digital patterns. White sparkles, a trophy, and a network icon overlay the scene. The background features a digital grid with lights, and the left side is blank.\" class=\"biw-card__image\" style=\"object-position: 50% 50%;\">\t\t<\/figure>\n\t\t<div class=\"biw-card__content\">\n\t\t<h3 class=\"biw-card__title\">\n\t\t\t\t\t\t\t<a href=\"https:\/\/www.biworldwide.com\/es-latam\/goalquest-ai\/\" >\n\t\t\t\tGoalQuest AI\t\t\t\t<\/a>\n\t\t\t\t\t<\/h3>\n\t\t<div class=\"biw-card__text\">\n\n<p>La \u00fanica estrategia de incentivos de ventas en el mundo con resultados comprobados que utiliza inteligencia artificial para impulsar ventas incrementales con distribuidores, mayoristas, agentes y concesionarios.<\/p>\n\n<\/div>\n\t<\/div>\n\t\t\t<span class=\"biw-card__cta\">Conoce M\u00e1s<\/span>\n\t<\/div>\n\n<div class=\" has-dynamic-border-radius has-link has-image-size-cover has-image-radius-none is-style-default wp-block-biw-block-theme-biw-card\">\n\t\t\t<figure class=\"biw-card__image-wrapper \">\n\t\t\t<img decoding=\"async\" src=\"http:\/\/live-biw-main.pantheonsite.io\/wp-content\/uploads\/2025\/02\/Rewards-1300x732px.jpg\" alt=\"Two people sit at a table with a laptop, smiling and high-fiving. One person holds a coffee cup. The background features abstract pink and orange shapes.\" class=\"biw-card__image\" style=\"object-position: 50% 50%;\">\t\t<\/figure>\n\t\t<div class=\"biw-card__content\">\n\t\t<h3 class=\"biw-card__title\">\n\t\t\t\t\t\t\t<a href=\"https:\/\/www.biworldwide.com\/es-latam\/reward-marketplace\/\" >\n\t\t\t\tRecompensas \t\t\t\t<\/a>\n\t\t\t\t\t<\/h3>\n\t\t<div class=\"biw-card__text\">\n\n<p>Desde las mejores marcas y viajes de lujo hasta boletos exclusivos para eventos deportivos y oportunidades de aprendizaje\u2014encuentra la recompensa ideal en Rewards Marketplace.<\/p>\n\n<\/div>\n\t<\/div>\n\t\t\t<span class=\"biw-card__cta\">Conoce M\u00e1s<\/span>\n\t<\/div>\n\n<div class=\" has-dynamic-border-radius has-link has-image-size-cover has-image-radius-none is-style-default wp-block-biw-block-theme-biw-card\">\n\t\t\t<figure class=\"biw-card__image-wrapper \">\n\t\t\t<img decoding=\"async\" src=\"http:\/\/live-biw-main.pantheonsite.io\/wp-content\/uploads\/2025\/02\/BIW_Site_Card_Elevate-scaled.jpg\" alt=\"A person with curly hair smiles and holds a smartphone. Theyre wearing a purple shirt with a geometric logo. Colorful icons, including a trophy, gift, chat bubble, and cake, are in the background on a gradient backdrop.\" class=\"biw-card__image\" style=\"object-position: 50% 50%;\">\t\t<\/figure>\n\t\t<div class=\"biw-card__content\">\n\t\t<h3 class=\"biw-card__title\">\n\t\t\t\t\t\t\t<a href=\"https:\/\/www.biworldwide.com\/es-latam\/elevate-5\/\" >\n\t\t\t\tElevate\t\t\t\t<\/a>\n\t\t\t\t\t<\/h3>\n\t\t<div class=\"biw-card__text\">\n\n<p>Transforma tu cultura organizacional con un solo ecosistema. <strong>Elevate\u00ae<\/strong> es la soluci\u00f3n completa que integra todos los elementos para mejorar el compromiso de empleados y equipos de ventas.<\/p>\n\n<\/div>\n\t<\/div>\n\t\t\t<span class=\"biw-card__cta\">Conoce M\u00e1s<\/span>\n\t<\/div>\n\n<div class=\" has-dynamic-border-radius has-link has-image-size-cover has-image-radius-none is-style-default wp-block-biw-block-theme-biw-card\">\n\t\t\t<figure class=\"biw-card__image-wrapper \">\n\t\t\t<img decoding=\"async\" src=\"http:\/\/live-biw-main.pantheonsite.io\/wp-content\/uploads\/2025\/03\/game-arcade-featured-image.png\" alt=\"A stylized illustration of a purple hand gripping a white game controller against a dark blue background. Geometric shapes float around, with a gradient of purple and blue light illuminating the scene.\" class=\"biw-card__image\" style=\"object-position: 50% 50%;\">\t\t<\/figure>\n\t\t<div class=\"biw-card__content\">\n\t\t<h3 class=\"biw-card__title\">\n\t\t\t\t\t\t\t<a href=\"https:\/\/www.biworldwide.com\/es-latam\/game-arcade\/\" >\n\t\t\t\tGame Arcade\t\t\t\t<\/a>\n\t\t\t\t\t<\/h3>\n\t\t<div class=\"biw-card__text\">\n\n<p>Refuerza los comportamientos clave para el \u00e9xito de tu negocio y reconoce logros espec\u00edficos de una manera divertida e interactiva. Game Arcade es una forma simple y efectiva de premiar el desempe\u00f1o excepcional de tu equipo de ventas.<br><a href=\"https:\/\/www.biworldwide.com\/sales-team-motivation\/game-arcade\/#below-hero\"><\/a><\/p>\n\n<\/div>\n\t<\/div>\n\t\t\t<span class=\"biw-card__cta\">Conoce M\u00e1s<\/span>\n\t<\/div><\/div>\n<\/div>\n<\/div>\n","protected":false},"excerpt":{"rendered":"<p>Lleva a tu equipo de ventas al siguiente nivel. \u00bfCrees que ya conoces el m\u00e1ximo potencial de tu equipo de ventas? Pi\u00e9nsalo de nuevo. Un plan de compensaci\u00f3n solo llega hasta cierto punto\u2014la verdadera motivaci\u00f3n surge de incentivos que los desaf\u00edan a ir m\u00e1s all\u00e1, recompensando su esfuerzo. Dise\u00f1amos incentivos de ventas que realmente generan [&hellip;]<\/p>\n","protected":false},"author":11,"featured_media":0,"parent":0,"menu_order":0,"comment_status":"closed","ping_status":"closed","template":"","meta":{"featured_image_focal_point":{"x":0.5,"y":0.5},"footnotes":""},"wf_page_folders":[13],"class_list":["post-110","page","type-page","status-publish","hentry"],"yoast_head":"<!-- This site is optimized with the Yoast SEO plugin v26.2 - https:\/\/yoast.com\/wordpress\/plugins\/seo\/ -->\n<title>Concursos e Incentivos - Latin America (Spanish)<\/title>\n<meta name=\"robots\" content=\"index, follow, max-snippet:-1, max-image-preview:large, max-video-preview:-1\" \/>\n<link rel=\"canonical\" href=\"https:\/\/www.biworldwide.com\/es-latam\/concursos-e-incentivos\/\" \/>\n<meta property=\"og:locale\" content=\"es_ES\" \/>\n<meta property=\"og:type\" content=\"article\" \/>\n<meta property=\"og:title\" content=\"Concursos e Incentivos - Latin America (Spanish)\" \/>\n<meta property=\"og:description\" content=\"Lleva a tu equipo de ventas al siguiente nivel. \u00bfCrees que ya conoces el m\u00e1ximo potencial de tu equipo de ventas? Pi\u00e9nsalo de nuevo. Un plan de compensaci\u00f3n solo llega hasta cierto punto\u2014la verdadera motivaci\u00f3n surge de incentivos que los desaf\u00edan a ir m\u00e1s all\u00e1, recompensando su esfuerzo. Dise\u00f1amos incentivos de ventas que realmente generan [&hellip;]\" \/>\n<meta property=\"og:url\" content=\"https:\/\/www.biworldwide.com\/es-latam\/concursos-e-incentivos\/\" \/>\n<meta property=\"og:site_name\" content=\"Latin America (Spanish)\" \/>\n<meta property=\"article:modified_time\" content=\"2025-04-01T23:43:45+00:00\" \/>\n<meta property=\"og:image\" content=\"http:\/\/live-biw-main.pantheonsite.io\/wp-content\/uploads\/2025\/02\/move-the-middle-600.png\" \/>\n<meta name=\"twitter:card\" content=\"summary_large_image\" \/>\n<meta name=\"twitter:label1\" content=\"Est. reading time\" \/>\n\t<meta name=\"twitter:data1\" content=\"2 minutos\" \/>\n<script type=\"application\/ld+json\" class=\"yoast-schema-graph\">{\"@context\":\"https:\/\/schema.org\",\"@graph\":[{\"@type\":\"WebPage\",\"@id\":\"https:\/\/www.biworldwide.com\/es-latam\/concursos-e-incentivos\/\",\"url\":\"https:\/\/www.biworldwide.com\/es-latam\/concursos-e-incentivos\/\",\"name\":\"Concursos e Incentivos - Latin America (Spanish)\",\"isPartOf\":{\"@id\":\"https:\/\/www.biworldwide.com\/es-latam\/#website\"},\"primaryImageOfPage\":{\"@id\":\"https:\/\/www.biworldwide.com\/es-latam\/concursos-e-incentivos\/#primaryimage\"},\"image\":{\"@id\":\"https:\/\/www.biworldwide.com\/es-latam\/concursos-e-incentivos\/#primaryimage\"},\"thumbnailUrl\":\"http:\/\/live-biw-main.pantheonsite.io\/wp-content\/uploads\/2025\/02\/move-the-middle-600.png\",\"datePublished\":\"2025-01-14T16:15:59+00:00\",\"dateModified\":\"2025-04-01T23:43:45+00:00\",\"breadcrumb\":{\"@id\":\"https:\/\/www.biworldwide.com\/es-latam\/concursos-e-incentivos\/#breadcrumb\"},\"inLanguage\":\"es-CO\",\"potentialAction\":[{\"@type\":\"ReadAction\",\"target\":[\"https:\/\/www.biworldwide.com\/es-latam\/concursos-e-incentivos\/\"]}]},{\"@type\":\"ImageObject\",\"inLanguage\":\"es-CO\",\"@id\":\"https:\/\/www.biworldwide.com\/es-latam\/concursos-e-incentivos\/#primaryimage\",\"url\":\"http:\/\/live-biw-main.pantheonsite.io\/wp-content\/uploads\/2025\/02\/move-the-middle-600.png\",\"contentUrl\":\"http:\/\/live-biw-main.pantheonsite.io\/wp-content\/uploads\/2025\/02\/move-the-middle-600.png\"},{\"@type\":\"BreadcrumbList\",\"@id\":\"https:\/\/www.biworldwide.com\/es-latam\/concursos-e-incentivos\/#breadcrumb\",\"itemListElement\":[{\"@type\":\"ListItem\",\"position\":1,\"name\":\"Home\",\"item\":\"https:\/\/www.biworldwide.com\/es-latam\/\"},{\"@type\":\"ListItem\",\"position\":2,\"name\":\"Concursos e Incentivos\"}]},{\"@type\":\"WebSite\",\"@id\":\"https:\/\/www.biworldwide.com\/es-latam\/#website\",\"url\":\"https:\/\/www.biworldwide.com\/es-latam\/\",\"name\":\"Latin America (Spanish)\",\"description\":\"\",\"publisher\":{\"@id\":\"https:\/\/www.biworldwide.com\/es-latam\/#organization\"},\"potentialAction\":[{\"@type\":\"SearchAction\",\"target\":{\"@type\":\"EntryPoint\",\"urlTemplate\":\"https:\/\/www.biworldwide.com\/es-latam\/?s={search_term_string}\"},\"query-input\":{\"@type\":\"PropertyValueSpecification\",\"valueRequired\":true,\"valueName\":\"search_term_string\"}}],\"inLanguage\":\"es-CO\"},{\"@type\":\"Organization\",\"@id\":\"https:\/\/www.biworldwide.com\/es-latam\/#organization\",\"name\":\"Latin America (Spanish)\",\"url\":\"https:\/\/www.biworldwide.com\/es-latam\/\",\"logo\":{\"@type\":\"ImageObject\",\"inLanguage\":\"es-CO\",\"@id\":\"https:\/\/www.biworldwide.com\/es-latam\/#\/schema\/logo\/image\/\",\"url\":\"https:\/\/www.biworldwide.com\/es-latam\/wp-content\/uploads\/sites\/14\/2025\/02\/BIW_corp_lockup_rgb.png\",\"contentUrl\":\"https:\/\/www.biworldwide.com\/es-latam\/wp-content\/uploads\/sites\/14\/2025\/02\/BIW_corp_lockup_rgb.png\",\"width\":550,\"height\":400,\"caption\":\"Latin America (Spanish)\"},\"image\":{\"@id\":\"https:\/\/www.biworldwide.com\/es-latam\/#\/schema\/logo\/image\/\"}}]}<\/script>\n<!-- \/ Yoast SEO plugin. -->","yoast_head_json":{"title":"Concursos e Incentivos - Latin America (Spanish)","robots":{"index":"index","follow":"follow","max-snippet":"max-snippet:-1","max-image-preview":"max-image-preview:large","max-video-preview":"max-video-preview:-1"},"canonical":"https:\/\/www.biworldwide.com\/es-latam\/concursos-e-incentivos\/","og_locale":"es_ES","og_type":"article","og_title":"Concursos e Incentivos - Latin America (Spanish)","og_description":"Lleva a tu equipo de ventas al siguiente nivel. \u00bfCrees que ya conoces el m\u00e1ximo potencial de tu equipo de ventas? Pi\u00e9nsalo de nuevo. Un plan de compensaci\u00f3n solo llega hasta cierto punto\u2014la verdadera motivaci\u00f3n surge de incentivos que los desaf\u00edan a ir m\u00e1s all\u00e1, recompensando su esfuerzo. Dise\u00f1amos incentivos de ventas que realmente generan [&hellip;]","og_url":"https:\/\/www.biworldwide.com\/es-latam\/concursos-e-incentivos\/","og_site_name":"Latin America (Spanish)","article_modified_time":"2025-04-01T23:43:45+00:00","og_image":[{"url":"http:\/\/live-biw-main.pantheonsite.io\/wp-content\/uploads\/2025\/02\/move-the-middle-600.png","type":"","width":"","height":""}],"twitter_card":"summary_large_image","twitter_misc":{"Est. reading time":"2 minutos"},"schema":{"@context":"https:\/\/schema.org","@graph":[{"@type":"WebPage","@id":"https:\/\/www.biworldwide.com\/es-latam\/concursos-e-incentivos\/","url":"https:\/\/www.biworldwide.com\/es-latam\/concursos-e-incentivos\/","name":"Concursos e Incentivos - Latin America (Spanish)","isPartOf":{"@id":"https:\/\/www.biworldwide.com\/es-latam\/#website"},"primaryImageOfPage":{"@id":"https:\/\/www.biworldwide.com\/es-latam\/concursos-e-incentivos\/#primaryimage"},"image":{"@id":"https:\/\/www.biworldwide.com\/es-latam\/concursos-e-incentivos\/#primaryimage"},"thumbnailUrl":"http:\/\/live-biw-main.pantheonsite.io\/wp-content\/uploads\/2025\/02\/move-the-middle-600.png","datePublished":"2025-01-14T16:15:59+00:00","dateModified":"2025-04-01T23:43:45+00:00","breadcrumb":{"@id":"https:\/\/www.biworldwide.com\/es-latam\/concursos-e-incentivos\/#breadcrumb"},"inLanguage":"es-CO","potentialAction":[{"@type":"ReadAction","target":["https:\/\/www.biworldwide.com\/es-latam\/concursos-e-incentivos\/"]}]},{"@type":"ImageObject","inLanguage":"es-CO","@id":"https:\/\/www.biworldwide.com\/es-latam\/concursos-e-incentivos\/#primaryimage","url":"http:\/\/live-biw-main.pantheonsite.io\/wp-content\/uploads\/2025\/02\/move-the-middle-600.png","contentUrl":"http:\/\/live-biw-main.pantheonsite.io\/wp-content\/uploads\/2025\/02\/move-the-middle-600.png"},{"@type":"BreadcrumbList","@id":"https:\/\/www.biworldwide.com\/es-latam\/concursos-e-incentivos\/#breadcrumb","itemListElement":[{"@type":"ListItem","position":1,"name":"Home","item":"https:\/\/www.biworldwide.com\/es-latam\/"},{"@type":"ListItem","position":2,"name":"Concursos e Incentivos"}]},{"@type":"WebSite","@id":"https:\/\/www.biworldwide.com\/es-latam\/#website","url":"https:\/\/www.biworldwide.com\/es-latam\/","name":"Latin America (Spanish)","description":"","publisher":{"@id":"https:\/\/www.biworldwide.com\/es-latam\/#organization"},"potentialAction":[{"@type":"SearchAction","target":{"@type":"EntryPoint","urlTemplate":"https:\/\/www.biworldwide.com\/es-latam\/?s={search_term_string}"},"query-input":{"@type":"PropertyValueSpecification","valueRequired":true,"valueName":"search_term_string"}}],"inLanguage":"es-CO"},{"@type":"Organization","@id":"https:\/\/www.biworldwide.com\/es-latam\/#organization","name":"Latin America (Spanish)","url":"https:\/\/www.biworldwide.com\/es-latam\/","logo":{"@type":"ImageObject","inLanguage":"es-CO","@id":"https:\/\/www.biworldwide.com\/es-latam\/#\/schema\/logo\/image\/","url":"https:\/\/www.biworldwide.com\/es-latam\/wp-content\/uploads\/sites\/14\/2025\/02\/BIW_corp_lockup_rgb.png","contentUrl":"https:\/\/www.biworldwide.com\/es-latam\/wp-content\/uploads\/sites\/14\/2025\/02\/BIW_corp_lockup_rgb.png","width":550,"height":400,"caption":"Latin America (Spanish)"},"image":{"@id":"https:\/\/www.biworldwide.com\/es-latam\/#\/schema\/logo\/image\/"}}]}},"_links":{"self":[{"href":"https:\/\/www.biworldwide.com\/es-latam\/wp-json\/wp\/v2\/pages\/110","targetHints":{"allow":["GET"]}}],"collection":[{"href":"https:\/\/www.biworldwide.com\/es-latam\/wp-json\/wp\/v2\/pages"}],"about":[{"href":"https:\/\/www.biworldwide.com\/es-latam\/wp-json\/wp\/v2\/types\/page"}],"author":[{"embeddable":true,"href":"https:\/\/www.biworldwide.com\/es-latam\/wp-json\/wp\/v2\/users\/11"}],"replies":[{"embeddable":true,"href":"https:\/\/www.biworldwide.com\/es-latam\/wp-json\/wp\/v2\/comments?post=110"}],"version-history":[{"count":9,"href":"https:\/\/www.biworldwide.com\/es-latam\/wp-json\/wp\/v2\/pages\/110\/revisions"}],"predecessor-version":[{"id":1287,"href":"https:\/\/www.biworldwide.com\/es-latam\/wp-json\/wp\/v2\/pages\/110\/revisions\/1287"}],"wp:attachment":[{"href":"https:\/\/www.biworldwide.com\/es-latam\/wp-json\/wp\/v2\/media?parent=110"}],"wp:term":[{"taxonomy":"wf_page_folders","embeddable":true,"href":"https:\/\/www.biworldwide.com\/es-latam\/wp-json\/wp\/v2\/wf_page_folders?post=110"}],"curies":[{"name":"wp","href":"https:\/\/api.w.org\/{rel}","templated":true}]}}