{"id":130,"date":"2025-01-14T16:18:08","date_gmt":"2025-01-14T16:18:08","guid":{"rendered":"https:\/\/live-biw-main.pantheonsite.io\/?page_id=130"},"modified":"2025-04-02T12:35:21","modified_gmt":"2025-04-02T18:35:21","slug":"investigacion-y-analisis-de-datos","status":"publish","type":"page","link":"https:\/\/www.biworldwide.com\/es-latam\/investigacion-y-analisis-de-datos\/","title":{"rendered":"Investigaci\u00f3n y An\u00e1lisis de Datos"},"content":{"rendered":"<div class=\" has-content-align-left has-overlay has-overlay--dark alignfull wp-block-biw-block-theme-hero\">\n\t<div class=\"biw-hero__grid\">\n\t\t\t\t\t<div class=\"biw-hero__breadcrumbs\">\n\t\t\t\t<div id=\"breadcrumbs\" class=\"breadcrumb-nav__wrapper\"><span class=\"breadcrumb-nav\"><span><a href=\"https:\/\/www.biworldwide.com\/es-latam\/\">Home<\/a><\/span><\/span><\/div>\t\t\t<\/div>\n\t\t\n\t\t\t\t\t<div class=\"biw-hero__media \">\n\t\t\t\t\t\t\t\t\t<div class=\"biw-hero__overlay overlay-dark\"><\/div>\n\t\t\t\t\t\t\t\t<img decoding=\"async\" src=\"http:\/\/live-biw-main.pantheonsite.io\/wp-content\/uploads\/2025\/02\/Research-and-analytics-1728x600px.jpg\" alt=\"A person uses a laptop with a digital overlay of upward-pointing arrows and bar graphs, symbolizing growth and progress. The background has a white-to-yellow gradient.\" class=\"biw-hero__bg-image\" style=\"object-position: 50% 50%;\">\t\t\t<\/div>\n\t\t\t\t<div class=\"biw-hero__content\">\n\t\t\t\t\t\t<h1 class=\"biw-hero__title\" style=\"line-height: 1.2\">\n\t\t\t\tInvestigaci\u00f3n y An\u00e1lisis de Datos\t\t\t<\/h1>\n\t\t\t\t\t\t\t\t\t\t<div class=\"biw-hero__text\">\n\t\t\t\t\t\n\n<p>Impulsamos los resultados que necesitas a trav\u00e9s de datos y an\u00e1lisis estrat\u00e9gicos que abordan los desaf\u00edos clave de negocio y optimizan cada etapa del ciclo de vida de tu programa.<\/p>\n\n\t\t\t\t<\/div>\n\t\t\t\t\t\t\t\t<\/div>\n\t<\/div>\n<\/div>\n\n\n\n<div class=\"wp-block-group  layout-columns-8 has-global-padding is-layout-constrained wp-container-core-group-is-layout-fce79bf6 wp-block-group-is-layout-constrained\">\n<p class=\"has-xl-font-size\"><strong>Aprovecha el poder de los datos para optimizar el engagement<\/strong><\/p>\n\n\n\n<p>Ya sea evaluando \u00e1reas de mejora, planificando el lanzamiento de un programa o realizando un an\u00e1lisis postmortem para perfeccionar futuras estrategias, ayudamos a nuestros socios a recopilar y utilizar datos para tomar decisiones efectivas en cada fase.<\/p>\n\n\n\n<p><strong>\u00c1reas clave de an\u00e1lisis:<\/strong><\/p>\n\n\n\n<ul class=\"wp-block-list\">\n<li class=\"has-large-font-size\"><strong>Evaluaci\u00f3n del caso de negocio<\/strong> \u2013 Descubre el impacto oculto del engagement.<\/li>\n\n\n\n<li class=\"has-large-font-size\"><strong>Modelado de programas<\/strong> \u2013 Comprende el impacto potencial de cada soluci\u00f3n de engagement.<\/li>\n\n\n\n<li class=\"has-large-font-size\"><strong>An\u00e1lisis de mejora del programa<\/strong> \u2013 Identifica qu\u00e9 funciona, qu\u00e9 no y c\u00f3mo optimizarlo.<\/li>\n\n\n\n<li class=\"has-large-font-size\"><strong>An\u00e1lisis de atrici\u00f3n<\/strong> \u2013 Eval\u00faa el ahorro potencial de un programa de reconocimiento.<\/li>\n\n\n\n<li class=\"has-large-font-size\"><strong>Retorno del prop\u00f3sito<\/strong> \u2013 Mide el impacto de eventos, formaci\u00f3n y comunicaci\u00f3n para impulsar el engagement.<\/li>\n\n\n\n<li class=\"has-large-font-size\"><strong>ChannelWISE\u2122<\/strong> &#8211; Segmentaci\u00f3n avanzada para identificar a tus mejores, peores y clientes con mayor potencial.<\/li>\n\n\n\n<li class=\"has-large-font-size\"><strong>QuitRisk<\/strong> &#8211; Predicci\u00f3n de empleados con mayor riesgo de rotaci\u00f3n.<\/li>\n<\/ul>\n<\/div>\n\n\n\n<div class=\"wp-block-group alignfull has-global-padding is-layout-constrained wp-container-core-group-is-layout-97ab3c77 wp-block-group-is-layout-constrained\">\n<div class=\"wp-block-group has-text-align-center  layout-columns-8 has-global-padding is-layout-constrained wp-container-core-group-is-layout-ee362a79 wp-block-group-is-layout-constrained\">\n<h2 class=\"wp-block-heading has-text-align-center  has-text-wrap-pretty\">Abordamos los desaf\u00edos clave con datos.<br><\/h2>\n\n\n\n<p class=\" has-text-wrap-balance\"><\/p>\n<\/div>\n\n\n\n<div class=\"wp-block-group  layout-columns-12 has-global-padding is-layout-constrained wp-container-core-group-is-layout-9e09659d wp-block-group-is-layout-constrained\">\n<div class=\"wp-block-group is-layout-grid wp-container-core-group-is-layout-c765d3c1 wp-block-group-is-layout-grid\"><div class=\" has-dynamic-border-radius has-image-size-cover has-image-radius-none is-style-vertical-no-image wp-block-biw-block-theme-biw-card\">\n\t\t<div class=\"biw-card__content\">\n\t\t<h3 class=\"biw-card__title\">\n\t\t\t\t\t\t\tDise\u00f1o\t\t\t\t\t<\/h3>\n\t\t<div class=\"biw-card__text\">\n\n<ul class=\"wp-block-list\">\n<li>Estructura del programa<\/li>\n\n\n\n<li>Modelado del programa<\/li>\n<\/ul>\n\n\n\n<p><strong>An\u00e1lisis previo al lanzamiento<\/strong>:<\/p>\n\n\n\n<ul class=\"wp-block-list\">\n<li>\u00bfCu\u00e1l es el valor de cambiar comportamientos?<\/li>\n\n\n\n<li>\u00bfDeben motivarse de manera diferente los segmentos de la audiencia objetivo?<\/li>\n<\/ul>\n\n<\/div>\n\t<\/div>\n\t<\/div>\n\n<div class=\" has-dynamic-border-radius has-image-size-cover has-image-radius-none is-style-vertical-no-image wp-block-biw-block-theme-biw-card\">\n\t\t<div class=\"biw-card__content\">\n\t\t<h3 class=\"biw-card__title\">\n\t\t\t\t\t\t\tEvaluaci\u00f3n\t\t\t\t\t<\/h3>\n\t\t<div class=\"biw-card__text\">\n\n<ul class=\"wp-block-list\">\n<li>Engagement del programa<\/li>\n\n\n\n<li>Rendimiento del programa<\/li>\n\n\n\n<li>Optimizaci\u00f3n del programa<\/li>\n<\/ul>\n\n\n\n<p><strong>An\u00e1lisis continuo<\/strong><\/p>\n\n\n\n<ul class=\"wp-block-list\">\n<li>\u00bfC\u00f3mo var\u00eda el rendimiento entre segmentos?<\/li>\n\n\n\n<li>\u00bfEn qu\u00e9 medida la soluci\u00f3n de engagement impulsa los resultados esperados?<\/li>\n<\/ul>\n\n<\/div>\n\t<\/div>\n\t<\/div>\n\n<div class=\" has-dynamic-border-radius has-image-size-cover has-image-radius-none is-style-vertical-no-image wp-block-biw-block-theme-biw-card\">\n\t\t<div class=\"biw-card__content\">\n\t\t<h3 class=\"biw-card__title\">\n\t\t\t\t\t\t\tValor\t\t\t\t\t<\/h3>\n\t\t<div class=\"biw-card__text\">\n\n<ul class=\"wp-block-list\">\n<li>Cambio de comportamiento<\/li>\n\n\n\n<li>Impacto en el negocio<\/li>\n<\/ul>\n\n\n\n<p><strong>An\u00e1lisis post-programa<\/strong><\/p>\n\n\n\n<ul class=\"wp-block-list\">\n<li>\u00bfCu\u00e1l fue el valor del programa?<\/li>\n\n\n\n<li>\u00bfQu\u00e9 tan efectiva fue la estructura de reglas y qu\u00e9 \u00e1reas pueden mejorarse?<\/li>\n\n\n\n<li>\u00bfQu\u00e9 comportamientos o actividades est\u00e1n alineados con un mayor rendimiento?<\/li>\n<\/ul>\n\n<\/div>\n\t<\/div>\n\t<\/div><\/div>\n<\/div>\n<\/div>\n\n\n\n<div class=\"wp-block-group alignfull has-global-padding is-layout-constrained wp-container-core-group-is-layout-e04489b5 wp-block-group-is-layout-constrained\">\n<div class=\"wp-block-group  layout-columns-8 has-global-padding is-layout-constrained wp-container-core-group-is-layout-fce79bf6 wp-block-group-is-layout-constrained\">\n<h2 class=\"wp-block-heading has-text-align-center\">Los datos cuentan la historia<\/h2>\n<\/div>\n\n\n\n<div class=\"wp-block-group  layout-columns-10 has-global-padding is-layout-constrained wp-container-core-group-is-layout-0b5f5b40 wp-block-group-is-layout-constrained\">\n<div class=\"wp-block-group has-text-align-center is-layout-grid wp-container-core-group-is-layout-ef442fb0 wp-block-group-is-layout-grid\">\n<div class=\"wp-block-group is-vertical is-content-justification-center is-layout-flex wp-container-core-group-is-layout-81423f52 wp-block-group-is-layout-flex\">\n<h3 class=\"wp-block-heading has-impact-font-size  has-text-wrap-no-wrap  has-gradient-fill has-gradient-fill-green\">100<\/h3>\n\n\n\n<p class=\"has-text-align-center has-large-font-size  has-text-wrap-balance\"><strong>Empresas Fortune 1000<\/strong> conf\u00edan en nuestras soluciones de ciencia de datos para la toma de decisiones.<\/p>\n<\/div>\n\n\n\n<div class=\"wp-block-group is-vertical is-content-justification-center is-layout-flex wp-container-core-group-is-layout-81423f52 wp-block-group-is-layout-flex\">\n<h3 class=\"wp-block-heading has-impact-font-size  has-text-wrap-no-wrap  has-gradient-fill has-gradient-fill-green\">$900M<\/h3>\n\n\n\n<p class=\"has-text-align-center has-large-font-size  has-text-wrap-balance\"><strong>Mejora en los resultados de negocio<\/strong> el a\u00f1o pasado en todos nuestros clientes.<br><\/p>\n<\/div>\n\n\n\n<div class=\"wp-block-group is-vertical is-content-justification-center is-layout-flex wp-container-core-group-is-layout-81423f52 wp-block-group-is-layout-flex\">\n<h3 class=\"wp-block-heading has-impact-font-size  has-text-wrap-no-wrap  has-gradient-fill has-gradient-fill-green\">39%<\/h3>\n\n\n\n<p class=\"has-text-align-center has-large-font-size  has-text-wrap-balance\"><strong>Reducci\u00f3n promedio en costos de programas de incentivos<\/strong>, optimizando la inversi\u00f3n y el impacto.<br><\/p>\n<\/div>\n<\/div>\n<\/div>\n<\/div>\n","protected":false},"excerpt":{"rendered":"<p>Aprovecha el poder de los datos para optimizar el engagement Ya sea evaluando \u00e1reas de mejora, planificando el lanzamiento de un programa o realizando un an\u00e1lisis postmortem para perfeccionar futuras estrategias, ayudamos a nuestros socios a recopilar y utilizar datos para tomar decisiones efectivas en cada fase. \u00c1reas clave de an\u00e1lisis: Abordamos los desaf\u00edos clave [&hellip;]<\/p>\n","protected":false},"author":11,"featured_media":0,"parent":0,"menu_order":0,"comment_status":"closed","ping_status":"closed","template":"","meta":{"featured_image_focal_point":{"x":0.5,"y":0.5},"footnotes":""},"wf_page_folders":[13],"class_list":["post-130","page","type-page","status-publish","hentry"],"yoast_head":"<!-- This site is optimized with the Yoast SEO plugin v26.2 - https:\/\/yoast.com\/wordpress\/plugins\/seo\/ -->\n<title>Investigaci\u00f3n y An\u00e1lisis de Datos - Latin America (Spanish)<\/title>\n<meta name=\"robots\" content=\"index, follow, max-snippet:-1, max-image-preview:large, max-video-preview:-1\" \/>\n<link rel=\"canonical\" href=\"https:\/\/www.biworldwide.com\/es-latam\/investigacion-y-analisis-de-datos\/\" \/>\n<meta property=\"og:locale\" content=\"es_ES\" \/>\n<meta property=\"og:type\" content=\"article\" \/>\n<meta property=\"og:title\" content=\"Investigaci\u00f3n y An\u00e1lisis de Datos - Latin America (Spanish)\" \/>\n<meta property=\"og:description\" content=\"Aprovecha el poder de los datos para optimizar el engagement Ya sea evaluando \u00e1reas de mejora, planificando el lanzamiento de un programa o realizando un an\u00e1lisis postmortem para perfeccionar futuras estrategias, ayudamos a nuestros socios a recopilar y utilizar datos para tomar decisiones efectivas en cada fase. \u00c1reas clave de an\u00e1lisis: Abordamos los desaf\u00edos clave [&hellip;]\" \/>\n<meta property=\"og:url\" content=\"https:\/\/www.biworldwide.com\/es-latam\/investigacion-y-analisis-de-datos\/\" \/>\n<meta property=\"og:site_name\" content=\"Latin America (Spanish)\" \/>\n<meta property=\"article:modified_time\" content=\"2025-04-02T18:35:21+00:00\" \/>\n<meta name=\"twitter:card\" content=\"summary_large_image\" \/>\n<meta name=\"twitter:label1\" content=\"Est. reading time\" \/>\n\t<meta name=\"twitter:data1\" content=\"2 minutos\" \/>\n<script type=\"application\/ld+json\" class=\"yoast-schema-graph\">{\"@context\":\"https:\/\/schema.org\",\"@graph\":[{\"@type\":\"WebPage\",\"@id\":\"https:\/\/www.biworldwide.com\/es-latam\/investigacion-y-analisis-de-datos\/\",\"url\":\"https:\/\/www.biworldwide.com\/es-latam\/investigacion-y-analisis-de-datos\/\",\"name\":\"Investigaci\u00f3n y An\u00e1lisis de Datos - Latin America (Spanish)\",\"isPartOf\":{\"@id\":\"https:\/\/www.biworldwide.com\/es-latam\/#website\"},\"datePublished\":\"2025-01-14T16:18:08+00:00\",\"dateModified\":\"2025-04-02T18:35:21+00:00\",\"breadcrumb\":{\"@id\":\"https:\/\/www.biworldwide.com\/es-latam\/investigacion-y-analisis-de-datos\/#breadcrumb\"},\"inLanguage\":\"es-CO\",\"potentialAction\":[{\"@type\":\"ReadAction\",\"target\":[\"https:\/\/www.biworldwide.com\/es-latam\/investigacion-y-analisis-de-datos\/\"]}]},{\"@type\":\"BreadcrumbList\",\"@id\":\"https:\/\/www.biworldwide.com\/es-latam\/investigacion-y-analisis-de-datos\/#breadcrumb\",\"itemListElement\":[{\"@type\":\"ListItem\",\"position\":1,\"name\":\"Home\",\"item\":\"https:\/\/www.biworldwide.com\/es-latam\/\"},{\"@type\":\"ListItem\",\"position\":2,\"name\":\"Investigaci\u00f3n y An\u00e1lisis de Datos\"}]},{\"@type\":\"WebSite\",\"@id\":\"https:\/\/www.biworldwide.com\/es-latam\/#website\",\"url\":\"https:\/\/www.biworldwide.com\/es-latam\/\",\"name\":\"Latin America (Spanish)\",\"description\":\"\",\"publisher\":{\"@id\":\"https:\/\/www.biworldwide.com\/es-latam\/#organization\"},\"potentialAction\":[{\"@type\":\"SearchAction\",\"target\":{\"@type\":\"EntryPoint\",\"urlTemplate\":\"https:\/\/www.biworldwide.com\/es-latam\/?s={search_term_string}\"},\"query-input\":{\"@type\":\"PropertyValueSpecification\",\"valueRequired\":true,\"valueName\":\"search_term_string\"}}],\"inLanguage\":\"es-CO\"},{\"@type\":\"Organization\",\"@id\":\"https:\/\/www.biworldwide.com\/es-latam\/#organization\",\"name\":\"Latin America (Spanish)\",\"url\":\"https:\/\/www.biworldwide.com\/es-latam\/\",\"logo\":{\"@type\":\"ImageObject\",\"inLanguage\":\"es-CO\",\"@id\":\"https:\/\/www.biworldwide.com\/es-latam\/#\/schema\/logo\/image\/\",\"url\":\"https:\/\/www.biworldwide.com\/es-latam\/wp-content\/uploads\/sites\/14\/2025\/02\/BIW_corp_lockup_rgb.png\",\"contentUrl\":\"https:\/\/www.biworldwide.com\/es-latam\/wp-content\/uploads\/sites\/14\/2025\/02\/BIW_corp_lockup_rgb.png\",\"width\":550,\"height\":400,\"caption\":\"Latin America (Spanish)\"},\"image\":{\"@id\":\"https:\/\/www.biworldwide.com\/es-latam\/#\/schema\/logo\/image\/\"}}]}<\/script>\n<!-- \/ Yoast SEO plugin. -->","yoast_head_json":{"title":"Investigaci\u00f3n y An\u00e1lisis de Datos - Latin America (Spanish)","robots":{"index":"index","follow":"follow","max-snippet":"max-snippet:-1","max-image-preview":"max-image-preview:large","max-video-preview":"max-video-preview:-1"},"canonical":"https:\/\/www.biworldwide.com\/es-latam\/investigacion-y-analisis-de-datos\/","og_locale":"es_ES","og_type":"article","og_title":"Investigaci\u00f3n y An\u00e1lisis de Datos - Latin America (Spanish)","og_description":"Aprovecha el poder de los datos para optimizar el engagement Ya sea evaluando \u00e1reas de mejora, planificando el lanzamiento de un programa o realizando un an\u00e1lisis postmortem para perfeccionar futuras estrategias, ayudamos a nuestros socios a recopilar y utilizar datos para tomar decisiones efectivas en cada fase. \u00c1reas clave de an\u00e1lisis: Abordamos los desaf\u00edos clave [&hellip;]","og_url":"https:\/\/www.biworldwide.com\/es-latam\/investigacion-y-analisis-de-datos\/","og_site_name":"Latin America (Spanish)","article_modified_time":"2025-04-02T18:35:21+00:00","twitter_card":"summary_large_image","twitter_misc":{"Est. reading time":"2 minutos"},"schema":{"@context":"https:\/\/schema.org","@graph":[{"@type":"WebPage","@id":"https:\/\/www.biworldwide.com\/es-latam\/investigacion-y-analisis-de-datos\/","url":"https:\/\/www.biworldwide.com\/es-latam\/investigacion-y-analisis-de-datos\/","name":"Investigaci\u00f3n y An\u00e1lisis de Datos - Latin America (Spanish)","isPartOf":{"@id":"https:\/\/www.biworldwide.com\/es-latam\/#website"},"datePublished":"2025-01-14T16:18:08+00:00","dateModified":"2025-04-02T18:35:21+00:00","breadcrumb":{"@id":"https:\/\/www.biworldwide.com\/es-latam\/investigacion-y-analisis-de-datos\/#breadcrumb"},"inLanguage":"es-CO","potentialAction":[{"@type":"ReadAction","target":["https:\/\/www.biworldwide.com\/es-latam\/investigacion-y-analisis-de-datos\/"]}]},{"@type":"BreadcrumbList","@id":"https:\/\/www.biworldwide.com\/es-latam\/investigacion-y-analisis-de-datos\/#breadcrumb","itemListElement":[{"@type":"ListItem","position":1,"name":"Home","item":"https:\/\/www.biworldwide.com\/es-latam\/"},{"@type":"ListItem","position":2,"name":"Investigaci\u00f3n y An\u00e1lisis de Datos"}]},{"@type":"WebSite","@id":"https:\/\/www.biworldwide.com\/es-latam\/#website","url":"https:\/\/www.biworldwide.com\/es-latam\/","name":"Latin America (Spanish)","description":"","publisher":{"@id":"https:\/\/www.biworldwide.com\/es-latam\/#organization"},"potentialAction":[{"@type":"SearchAction","target":{"@type":"EntryPoint","urlTemplate":"https:\/\/www.biworldwide.com\/es-latam\/?s={search_term_string}"},"query-input":{"@type":"PropertyValueSpecification","valueRequired":true,"valueName":"search_term_string"}}],"inLanguage":"es-CO"},{"@type":"Organization","@id":"https:\/\/www.biworldwide.com\/es-latam\/#organization","name":"Latin America (Spanish)","url":"https:\/\/www.biworldwide.com\/es-latam\/","logo":{"@type":"ImageObject","inLanguage":"es-CO","@id":"https:\/\/www.biworldwide.com\/es-latam\/#\/schema\/logo\/image\/","url":"https:\/\/www.biworldwide.com\/es-latam\/wp-content\/uploads\/sites\/14\/2025\/02\/BIW_corp_lockup_rgb.png","contentUrl":"https:\/\/www.biworldwide.com\/es-latam\/wp-content\/uploads\/sites\/14\/2025\/02\/BIW_corp_lockup_rgb.png","width":550,"height":400,"caption":"Latin America (Spanish)"},"image":{"@id":"https:\/\/www.biworldwide.com\/es-latam\/#\/schema\/logo\/image\/"}}]}},"_links":{"self":[{"href":"https:\/\/www.biworldwide.com\/es-latam\/wp-json\/wp\/v2\/pages\/130","targetHints":{"allow":["GET"]}}],"collection":[{"href":"https:\/\/www.biworldwide.com\/es-latam\/wp-json\/wp\/v2\/pages"}],"about":[{"href":"https:\/\/www.biworldwide.com\/es-latam\/wp-json\/wp\/v2\/types\/page"}],"author":[{"embeddable":true,"href":"https:\/\/www.biworldwide.com\/es-latam\/wp-json\/wp\/v2\/users\/11"}],"replies":[{"embeddable":true,"href":"https:\/\/www.biworldwide.com\/es-latam\/wp-json\/wp\/v2\/comments?post=130"}],"version-history":[{"count":4,"href":"https:\/\/www.biworldwide.com\/es-latam\/wp-json\/wp\/v2\/pages\/130\/revisions"}],"predecessor-version":[{"id":1337,"href":"https:\/\/www.biworldwide.com\/es-latam\/wp-json\/wp\/v2\/pages\/130\/revisions\/1337"}],"wp:attachment":[{"href":"https:\/\/www.biworldwide.com\/es-latam\/wp-json\/wp\/v2\/media?parent=130"}],"wp:term":[{"taxonomy":"wf_page_folders","embeddable":true,"href":"https:\/\/www.biworldwide.com\/es-latam\/wp-json\/wp\/v2\/wf_page_folders?post=130"}],"curies":[{"name":"wp","href":"https:\/\/api.w.org\/{rel}","templated":true}]}}