{"id":138,"date":"2025-01-14T16:19:05","date_gmt":"2025-01-14T16:19:05","guid":{"rendered":"https:\/\/live-biw-main.pantheonsite.io\/?page_id=138"},"modified":"2025-04-02T12:38:47","modified_gmt":"2025-04-02T18:38:47","slug":"premios-y-reconocimientos","status":"publish","type":"page","link":"https:\/\/www.biworldwide.com\/es-latam\/premios-y-reconocimientos\/","title":{"rendered":"Premios y Reconocimientos"},"content":{"rendered":"<div class=\" has-content-align-left has-overlay has-overlay--dark alignfull wp-block-biw-block-theme-hero\">\n\t<div class=\"biw-hero__grid\">\n\t\t\n\t\t\t\t\t<div class=\"biw-hero__media \">\n\t\t\t\t\t\t\t\t\t<div class=\"biw-hero__overlay overlay-dark\"><\/div>\n\t\t\t\t\t\t\t\t<img decoding=\"async\" src=\"http:\/\/live-biw-main.pantheonsite.io\/wp-content\/uploads\/2025\/02\/OurWork-1728x600px.jpg\" alt=\"View looking up at the interior of a modern, curving building with a circular opening. The sky is visible with a mix of light blue and a purple shade. The structure features reflective windows and a futuristic design.\" class=\"biw-hero__bg-image\" style=\"object-position: 50% 50%;\">\t\t\t<\/div>\n\t\t\t\t<div class=\"biw-hero__content\">\n\t\t\t\t\t\t<h1 class=\"biw-hero__title\" style=\"line-height: 1.2\">\n\t\t\t\t<strong>Premios y Reconocimientos<\/strong>\t\t\t<\/h1>\n\t\t\t\t\t\t\t<h2 class=\"biw-hero__subtitle\">\n\t\t\t\t\t<strong>Trabajo galardonado reconocido por expertos de la industria.<\/strong>\t\t\t\t<\/h2>\n\t\t\t\t\t\t\t\t\t\t<div class=\"biw-hero__text\">\n\t\t\t\t\t\n\n<p>Tenemos el privilegio de trabajar con algunas de las marcas m\u00e1s grandes del mundo para involucrar a sus empleados, motivar a sus equipos de ventas y construir una base leal de socios y clientes.<br><a href=\"https:\/\/www.biworldwide.com\/about-us\/our-work\/#below-hero\"><\/a><\/p>\n\n\t\t\t\t<\/div>\n\t\t\t\t\t\t\t\t<\/div>\n\t<\/div>\n<\/div>\n\n\n\n<div class=\"wp-block-group alignfull  layout-columns-10 has-global-padding is-layout-constrained wp-container-core-group-is-layout-cc7bd7df wp-block-group-is-layout-constrained\">\n<div class=\"wp-block-group  layout-columns-8 has-global-padding is-layout-constrained wp-container-core-group-is-layout-fce79bf6 wp-block-group-is-layout-constrained\">\n<h2 class=\"wp-block-heading has-text-align-center\">Cada m\u00e9trica cuenta una historia.<\/h2>\n<\/div>\n\n\n\n<div class=\"wp-block-group  layout-columns-10 has-global-padding is-layout-constrained wp-container-core-group-is-layout-0b5f5b40 wp-block-group-is-layout-constrained\">\n<div class=\"wp-block-group has-text-align-center is-layout-grid wp-container-core-group-is-layout-ef442fb0 wp-block-group-is-layout-grid\">\n<div class=\"wp-block-group is-vertical is-content-justification-center is-layout-flex wp-container-core-group-is-layout-81423f52 wp-block-group-is-layout-flex\">\n<h3 class=\"wp-block-heading has-text-align-left has-impact-font-size  has-text-wrap-no-wrap  has-gradient-fill has-gradient-fill-orange\">83<\/h3>\n\n\n\n<p class=\"has-text-align-center has-large-font-size  has-text-wrap-balance\">Net Promoter Score. Seg\u00fan Bain &amp; Company, un puntaje superior a 80 es de clase mundial.<\/p>\n<\/div>\n\n\n\n<div class=\"wp-block-group is-vertical is-content-justification-center is-layout-flex wp-container-core-group-is-layout-81423f52 wp-block-group-is-layout-flex\">\n<h3 class=\"wp-block-heading has-text-align-left has-impact-font-size  has-text-wrap-no-wrap  has-gradient-fill has-gradient-fill-orange\">9\/10<\/h3>\n\n\n\n<p class=\"has-text-align-center has-large-font-size  has-text-wrap-balance\">Puntaje promedio de satisfacci\u00f3n del cliente desde 2014.<br><\/p>\n<\/div>\n\n\n\n<div class=\"wp-block-group has-text-align-center is-vertical is-content-justification-center is-layout-flex wp-container-core-group-is-layout-81423f52 wp-block-group-is-layout-flex\">\n<h3 class=\"wp-block-heading has-text-align-left has-impact-font-size  has-text-wrap-no-wrap  has-gradient-fill has-gradient-fill-orange\">0<\/h3>\n\n\n\n<p class=\"has-text-align-center has-large-font-size  has-text-wrap-balance\">N\u00famero de premios que habr\u00edamos ganado sin clientes de clase mundial. No se trata de nosotros.<br><br><\/p>\n<\/div>\n<\/div>\n<\/div>\n<\/div>\n\n\n\n<hr class=\"wp-block-separator has-alpha-channel-opacity\"\/>\n\n\n\n<p class=\"has-text-align-center\">Conoce m\u00e1s sobre nuestro servicio de clase mundial y lo que nuestros clientes tienen que decir.<\/p>\n\n\n\n<div class=\"wp-block-file aligncenter hide-file-download-path\"><a id=\"wp-block-file--media-0d2b94d7-08e9-4293-a2f1-47c9ad9cfc76\" href=\"http:\/\/live-biw-main.pantheonsite.io\/wp-content\/uploads\/2025\/02\/biw-stats-2.2024-final.pdf\" target=\"_blank\" rel=\"noreferrer noopener\">biw-stats-2.2024-final<\/a><a target=\"_blank\" href=\"http:\/\/live-biw-main.pantheonsite.io\/wp-content\/uploads\/2025\/02\/biw-stats-2.2024-final.pdf\" class=\"wp-block-file__button wp-element-button\"  aria-describedby=\"wp-block-file--media-0d2b94d7-08e9-4293-a2f1-47c9ad9cfc76\">Conoce m\u00e1s aqu\u00ed<\/a><\/div>\n\n\n\n<hr class=\"wp-block-separator has-alpha-channel-opacity\"\/>\n\n\n\n<div class=\"wp-block-group alignfull has-global-padding is-layout-constrained wp-container-core-group-is-layout-97ab3c77 wp-block-group-is-layout-constrained\">\n<div class=\"wp-block-group has-text-align-center  layout-columns-8 has-global-padding is-layout-constrained wp-container-core-group-is-layout-ee362a79 wp-block-group-is-layout-constrained\">\n<h2 class=\"wp-block-heading has-text-align-center  has-text-wrap-pretty\">Trabajo galardonado.<\/h2>\n\n\n\n<p class=\" has-text-wrap-balance\"><\/p>\n<\/div>\n\n\n\n<div class=\"wp-block-group  layout-columns-12 has-global-padding is-layout-constrained wp-container-core-group-is-layout-9e09659d wp-block-group-is-layout-constrained\">\n<div class=\"wp-block-group is-layout-grid wp-container-core-group-is-layout-c765d3c1 wp-block-group-is-layout-grid\">\n<div class=\"wp-block-group  has-dynamic-border-radius has-global-padding is-layout-constrained wp-block-group-is-layout-constrained\">\n<figure class=\"wp-block-image size-full\"><img decoding=\"async\" src=\"http:\/\/live-biw-main.pantheonsite.io\/wp-content\/uploads\/2025\/01\/Google-Chrome-2025-01-27-12.35.18.png\" alt=\"A gold Emmy Award statue, featuring a winged woman holding up an atom-like structure. The background is plain white.\" class=\"wp-image-844\"\/><\/figure>\n<\/div>\n\n\n<div class=\" has-dynamic-border-radius has-image-size-cover has-image-radius-none is-style-vertical-no-image wp-block-biw-block-theme-biw-card\">\n\t\t<div class=\"biw-card__content\">\n\t\t<h3 class=\"biw-card__title\">\n\t\t\t\t\t\t\tPremios Emmy\t\t\t\t\t<\/h3>\n\t\t<div class=\"biw-card__text\">\n\n<p>Nuestro equipo de Meetings &amp; Shows ha recibido dos premios Emmy: uno por un video de lanzamiento de producto para un importante cliente farmac\u00e9utico y otro por un filme sobre la concienciaci\u00f3n del SIDA en Estados Unidos.<\/p>\n\n<\/div>\n\t<\/div>\n\t<\/div>\n\n<div class=\" has-dynamic-border-radius has-image-size-cover has-image-radius-none is-style-vertical-no-image wp-block-biw-block-theme-biw-card\">\n\t\t<div class=\"biw-card__content\">\n\t\t<h3 class=\"biw-card__title\">\n\t\t\t\t\t\t\tPremios Telly \t\t\t\t\t<\/h3>\n\t\t<div class=\"biw-card__text\">\n\n<p>Hemos ganado premios nacionales Telly por cortometrajes industriales para clientes en las industrias automotriz, financiera, deportiva y de salud, desarrollados por nuestro grupo de Meetings &amp; Shows para eventos y experiencias de marca a gran escala.<\/p>\n\n<\/div>\n\t<\/div>\n\t<\/div>\n\n<div class=\" has-dynamic-border-radius has-image-size-cover has-image-radius-none is-style-vertical-no-image wp-block-biw-block-theme-biw-card\">\n\t\t<div class=\"biw-card__content\">\n\t\t<h3 class=\"biw-card__title\">\n\t\t\t\t\t\t\tPremios MUSE Creative \t\t\t\t\t<\/h3>\n\t\t<div class=\"biw-card__text\">\n\n<p>Nuestro equipo de Meetings &amp; Shows ha sido galardonado con premios de Oro y Platino en los MUSE Creative Awards por trabajos con empresas como Delta, Kawasaki y COUNTRY Financial.<\/p>\n\n<\/div>\n\t<\/div>\n\t<\/div>\n\n<div class=\" has-dynamic-border-radius has-image-size-cover has-image-radius-none is-style-vertical-no-image wp-block-biw-block-theme-biw-card\">\n\t\t<div class=\"biw-card__content\">\n\t\t<h3 class=\"biw-card__title\">\n\t\t\t\t\t\t\tPremios al Dise\u00f1o de Experiencias para Eventos\t\t\t\t\t<\/h3>\n\t\t<div class=\"biw-card__text\">\n\n<p>Hemos sido ganadores durante varios a\u00f1os de los Experience Design &amp; Technology Awards con COUNTRY Financial en la categor\u00eda de Mejor Experiencia en Escenario.<\/p>\n\n<\/div>\n\t<\/div>\n\t<\/div>\n\n\n<div class=\"wp-block-group  has-dynamic-border-radius has-global-padding is-layout-constrained wp-block-group-is-layout-constrained\">\n<figure class=\"wp-block-image size-full\"><img decoding=\"async\" src=\"http:\/\/live-biw-main.pantheonsite.io\/wp-content\/uploads\/2025\/01\/Google-Chrome-2025-01-27-12.35.20.png\" alt=\"A row of shiny golden trophies with abstract human figures, displayed on glass shelves. The trophies have black bases with engraved plaques. The background is softly blurred, emphasizing the elegance of the awards.\" class=\"wp-image-846\"\/><\/figure>\n<\/div>\n\n\n<div class=\" has-dynamic-border-radius has-image-size-cover has-image-radius-none is-style-vertical-no-image wp-block-biw-block-theme-biw-card\">\n\t\t<div class=\"biw-card__content\">\n\t\t<h3 class=\"biw-card__title\">\n\t\t\t\t\t\t\tPremios LTEN Excellence \t\t\t\t\t<\/h3>\n\t\t<div class=\"biw-card__text\">\n\n<p>Nuestro equipo de Learning &amp; Training recibi\u00f3 el LTEN Excellence Award en la categor\u00eda de Industry Partnership, destacando nuestro trabajo innovador e inspirador en la formaci\u00f3n de ciencias de la vida.<\/p>\n\n<\/div>\n\t<\/div>\n\t<\/div>\n\n<div class=\" has-dynamic-border-radius has-image-size-cover has-image-radius-none is-style-vertical-no-image wp-block-biw-block-theme-biw-card\">\n\t\t<div class=\"biw-card__content\">\n\t\t<h3 class=\"biw-card__title\">\n\t\t\t\t\t\t\tPremios American Business \t\t\t\t\t<\/h3>\n\t\t<div class=\"biw-card__text\">\n\n<p>Los American Business Awards\u00ae (The Stevies) son el programa de premios empresariales m\u00e1s prestigioso de EE. UU.<\/p>\n\n<\/div>\n\t<\/div>\n\t<\/div>\n\n<div class=\" has-dynamic-border-radius has-image-size-cover has-image-radius-none is-style-vertical-no-image wp-block-biw-block-theme-biw-card\">\n\t\t<div class=\"biw-card__content\">\n\t\t<h3 class=\"biw-card__title\">\n\t\t\t\t\t\t\tCMI Top 25\t\t\t\t\t<\/h3>\n\t\t<div class=\"biw-card__text\">\n\n<p>Durante 18 a\u00f1os consecutivos, hemos sido parte de la lista Top 25 de Corporate Meetings &amp; Incentives, que reconoce a las principales empresas de reuniones e incentivos de Norteam\u00e9rica.<\/p>\n\n<\/div>\n\t<\/div>\n\t<\/div>\n\n\n<div class=\"wp-block-group  has-dynamic-border-radius has-global-padding is-layout-constrained wp-block-group-is-layout-constrained\">\n<figure class=\"wp-block-image size-full\"><img decoding=\"async\" src=\"http:\/\/live-biw-main.pantheonsite.io\/wp-content\/uploads\/2025\/01\/Google-Chrome-2025-01-27-12.35.23.png\" alt=\"Golden statuette of a winged figure with an upward gaze, hands gracefully touching its face. Set against a dark background, the sculpture features ornate details and a sleek, glossy finish.\" class=\"wp-image-847\"\/><\/figure>\n<\/div>\n\n\n<div class=\" has-dynamic-border-radius has-image-size-cover has-image-radius-none is-style-vertical-no-image wp-block-biw-block-theme-biw-card\">\n\t\t<div class=\"biw-card__content\">\n\t\t<h3 class=\"biw-card__title\">\n\t\t\t\t\t\t\tPremios Communicator\t\t\t\t\t<\/h3>\n\t\t<div class=\"biw-card__text\">\n\n<p>Nuestro equipo de Meetings &amp; Shows ha recibido los Communicator Awards of Distinction por su destacado trabajo en videos para clientes y campa\u00f1as integradas.<\/p>\n\n<\/div>\n\t<\/div>\n\t<\/div>\n\n<div class=\" has-dynamic-border-radius has-image-size-cover has-image-radius-none is-style-vertical-no-image wp-block-biw-block-theme-biw-card\">\n\t\t<div class=\"biw-card__content\">\n\t\t<h3 class=\"biw-card__title\">\n\t\t\t\t\t\t\tEcoVadis Corporate Sustainability\t\t\t\t\t<\/h3>\n\t\t<div class=\"biw-card__text\">\n\n<p>La firma EcoVadis, especializada en sostenibilidad y responsabilidad corporativa, ha otorgado a BIW una calificaci\u00f3n de plata, posicion\u00e1ndonos en el 25% superior de todas las empresas evaluadas.<\/p>\n\n<\/div>\n\t<\/div>\n\t<\/div>\n\n<div class=\" has-dynamic-border-radius has-image-size-cover has-image-radius-none is-style-vertical-no-image wp-block-biw-block-theme-biw-card\">\n\t\t<div class=\"biw-card__content\">\n\t\t<h3 class=\"biw-card__title\">\n\t\t\t\t\t\t\tPremios Grand Motivation Master \t\t\t\t\t<\/h3>\n\t\t<div class=\"biw-card__text\">\n\n<p>Colaboramos con Coca-Cola Refreshments para motivar a su equipo de ventas, canales y empleados mediante una plataforma integrada de recompensas, incentivos y reconocimiento.<br><\/p>\n\n<\/div>\n\t<\/div>\n\t<\/div>\n\n<div class=\" has-dynamic-border-radius has-image-size-cover has-image-radius-none is-style-vertical-no-image wp-block-biw-block-theme-biw-card\">\n\t\t<div class=\"biw-card__content\">\n\t\t<h3 class=\"biw-card__title\">\n\t\t\t\t\t\t\tAbove and Beyond\t\t\t\t\t<\/h3>\n\t\t<div class=\"biw-card__text\">\n\n<p>Hemos recibido el premio &#8220;Above and Beyond&#8221; del Departamento de Defensa por nuestro apoyo a la Guardia Nacional y la Reserva.<\/p>\n\n<\/div>\n\t<\/div>\n\t<\/div>\n\n\n<div class=\"wp-block-group  has-dynamic-border-radius has-global-padding is-layout-constrained wp-block-group-is-layout-constrained\">\n<figure class=\"wp-block-image size-full\"><img decoding=\"async\" src=\"http:\/\/live-biw-main.pantheonsite.io\/wp-content\/uploads\/2025\/02\/Web-hero-image-Six-benefits-of-gratitude-92024.jpg\" alt=\"A diverse group of four people stands in a row, smiling and clapping. They are dressed in casual, colorful attire. The focus is on their expressions and gestures, conveying a sense of joy and applause.\" class=\"wp-image-2336\"\/><\/figure>\n<\/div>\n\n\n<div class=\" has-dynamic-border-radius has-image-size-cover has-image-radius-none is-style-vertical-no-image wp-block-biw-block-theme-biw-card\">\n\t\t<div class=\"biw-card__content\">\n\t\t<h3 class=\"biw-card__title\">\n\t\t\t\t\t\t\tPremios Human Capital Management Excellence\t\t\t\t\t<\/h3>\n\t\t<div class=\"biw-card__text\">\n\n<p>Ganadores de Plata en la categor\u00eda de Mejor Avance en Tecnolog\u00eda de Gesti\u00f3n del Aprendizaje para Cumplimiento. Tambi\u00e9n obtuvimos el Bronce por nuestro producto, Chameleon, en la categor\u00eda de Mejor Avance en Tecnolog\u00eda de Gesti\u00f3n de Contenido.<\/p>\n\n<\/div>\n\t<\/div>\n\t<\/div>\n\n<div class=\" has-dynamic-border-radius has-image-size-cover has-image-radius-none is-style-vertical-no-image wp-block-biw-block-theme-biw-card\">\n\t\t<div class=\"biw-card__content\">\n\t\t<h3 class=\"biw-card__title\">\n\t\t\t\t\t\t\tPremios Brandon Hall Group Excellence \t\t\t\t\t<\/h3>\n\t\t<div class=\"biw-card__text\">\n\n<p>Ganadores del Oro en la categor\u00eda de Mejor Propuesta de Valor para Empleados (EVP) por nuestro trabajo con Pizza Hut.<br><\/p>\n\n<\/div>\n\t<\/div>\n\t<\/div>\n\n<div class=\" has-dynamic-border-radius has-image-size-cover has-image-radius-none is-style-vertical-no-image wp-block-biw-block-theme-biw-card\">\n\t\t<div class=\"biw-card__content\">\n\t\t<h3 class=\"biw-card__title\">\n\t\t\t\t\t\t\tPremios Hermes Creative \t\t\t\t\t<\/h3>\n\t\t<div class=\"biw-card__text\">\n\n<p>Nuestro equipo de Comunicaciones ha recibido 4 premios Hermes Creative. <\/p>\n\n\n\n<p>3 reconocimientos por trabajos en Relaciones P\u00fablicas\/Comunicaci\u00f3n y Programas Estrat\u00e9gicos y 1 reconocimiento en Medios Impresos y Marketing Integrado.<\/p>\n\n\n\n<p>Los premios Hermes Creative destacan el trabajo excepcional de profesionales en marketing y comunicaci\u00f3n.<\/p>\n\n<\/div>\n\t<\/div>\n\t<\/div><\/div>\n<\/div>\n<\/div>\n\n\n\n<div class=\"wp-block-group  layout-columns-8 has-global-padding is-layout-constrained wp-container-core-group-is-layout-fce79bf6 wp-block-group-is-layout-constrained\">\n<p class=\"has-text-align-center has-xl-font-size\"><strong><em>Hay una raz\u00f3n por la que no encontrar\u00e1s nuestro nombre en una lista de marcas emergentes o en tendencia. Eso es porque nuestro trabajo es hacer que tu marca brille.<\/em><\/strong><\/p>\n<\/div>\n","protected":false},"excerpt":{"rendered":"<p>Cada m\u00e9trica cuenta una historia. 83 Net Promoter Score. Seg\u00fan Bain &amp; Company, un puntaje superior a 80 es de clase mundial. 9\/10 Puntaje promedio de satisfacci\u00f3n del cliente desde 2014. 0 N\u00famero de premios que habr\u00edamos ganado sin clientes de clase mundial. No se trata de nosotros. Conoce m\u00e1s sobre nuestro servicio de clase [&hellip;]<\/p>\n","protected":false},"author":11,"featured_media":0,"parent":0,"menu_order":0,"comment_status":"closed","ping_status":"closed","template":"","meta":{"featured_image_focal_point":{"x":0.5,"y":0.5},"footnotes":""},"wf_page_folders":[14],"class_list":["post-138","page","type-page","status-publish","hentry"],"yoast_head":"<!-- This site is optimized with the Yoast SEO plugin v26.2 - https:\/\/yoast.com\/wordpress\/plugins\/seo\/ -->\n<title>Premios y Reconocimientos - Latin America (Spanish)<\/title>\n<meta name=\"robots\" content=\"index, follow, max-snippet:-1, max-image-preview:large, max-video-preview:-1\" \/>\n<link rel=\"canonical\" href=\"https:\/\/www.biworldwide.com\/es-latam\/premios-y-reconocimientos\/\" \/>\n<meta property=\"og:locale\" content=\"es_ES\" \/>\n<meta property=\"og:type\" content=\"article\" \/>\n<meta property=\"og:title\" content=\"Premios y Reconocimientos - Latin America (Spanish)\" \/>\n<meta property=\"og:description\" content=\"Cada m\u00e9trica cuenta una historia. 83 Net Promoter Score. Seg\u00fan Bain &amp; Company, un puntaje superior a 80 es de clase mundial. 9\/10 Puntaje promedio de satisfacci\u00f3n del cliente desde 2014. 0 N\u00famero de premios que habr\u00edamos ganado sin clientes de clase mundial. No se trata de nosotros. Conoce m\u00e1s sobre nuestro servicio de clase [&hellip;]\" \/>\n<meta property=\"og:url\" content=\"https:\/\/www.biworldwide.com\/es-latam\/premios-y-reconocimientos\/\" \/>\n<meta property=\"og:site_name\" content=\"Latin America (Spanish)\" \/>\n<meta property=\"article:modified_time\" content=\"2025-04-02T18:38:47+00:00\" \/>\n<meta property=\"og:image\" content=\"http:\/\/live-biw-main.pantheonsite.io\/wp-content\/uploads\/2025\/01\/Google-Chrome-2025-01-27-12.35.18.png\" \/>\n<meta name=\"twitter:card\" content=\"summary_large_image\" \/>\n<meta name=\"twitter:label1\" content=\"Est. reading time\" \/>\n\t<meta name=\"twitter:data1\" content=\"4 minutos\" \/>\n<script type=\"application\/ld+json\" class=\"yoast-schema-graph\">{\"@context\":\"https:\/\/schema.org\",\"@graph\":[{\"@type\":\"WebPage\",\"@id\":\"https:\/\/www.biworldwide.com\/es-latam\/premios-y-reconocimientos\/\",\"url\":\"https:\/\/www.biworldwide.com\/es-latam\/premios-y-reconocimientos\/\",\"name\":\"Premios y Reconocimientos - Latin America (Spanish)\",\"isPartOf\":{\"@id\":\"https:\/\/www.biworldwide.com\/es-latam\/#website\"},\"primaryImageOfPage\":{\"@id\":\"https:\/\/www.biworldwide.com\/es-latam\/premios-y-reconocimientos\/#primaryimage\"},\"image\":{\"@id\":\"https:\/\/www.biworldwide.com\/es-latam\/premios-y-reconocimientos\/#primaryimage\"},\"thumbnailUrl\":\"http:\/\/live-biw-main.pantheonsite.io\/wp-content\/uploads\/2025\/01\/Google-Chrome-2025-01-27-12.35.18.png\",\"datePublished\":\"2025-01-14T16:19:05+00:00\",\"dateModified\":\"2025-04-02T18:38:47+00:00\",\"breadcrumb\":{\"@id\":\"https:\/\/www.biworldwide.com\/es-latam\/premios-y-reconocimientos\/#breadcrumb\"},\"inLanguage\":\"es-CO\",\"potentialAction\":[{\"@type\":\"ReadAction\",\"target\":[\"https:\/\/www.biworldwide.com\/es-latam\/premios-y-reconocimientos\/\"]}]},{\"@type\":\"ImageObject\",\"inLanguage\":\"es-CO\",\"@id\":\"https:\/\/www.biworldwide.com\/es-latam\/premios-y-reconocimientos\/#primaryimage\",\"url\":\"http:\/\/live-biw-main.pantheonsite.io\/wp-content\/uploads\/2025\/01\/Google-Chrome-2025-01-27-12.35.18.png\",\"contentUrl\":\"http:\/\/live-biw-main.pantheonsite.io\/wp-content\/uploads\/2025\/01\/Google-Chrome-2025-01-27-12.35.18.png\"},{\"@type\":\"BreadcrumbList\",\"@id\":\"https:\/\/www.biworldwide.com\/es-latam\/premios-y-reconocimientos\/#breadcrumb\",\"itemListElement\":[{\"@type\":\"ListItem\",\"position\":1,\"name\":\"Home\",\"item\":\"https:\/\/www.biworldwide.com\/es-latam\/\"},{\"@type\":\"ListItem\",\"position\":2,\"name\":\"Premios y Reconocimientos\"}]},{\"@type\":\"WebSite\",\"@id\":\"https:\/\/www.biworldwide.com\/es-latam\/#website\",\"url\":\"https:\/\/www.biworldwide.com\/es-latam\/\",\"name\":\"Latin America (Spanish)\",\"description\":\"\",\"publisher\":{\"@id\":\"https:\/\/www.biworldwide.com\/es-latam\/#organization\"},\"potentialAction\":[{\"@type\":\"SearchAction\",\"target\":{\"@type\":\"EntryPoint\",\"urlTemplate\":\"https:\/\/www.biworldwide.com\/es-latam\/?s={search_term_string}\"},\"query-input\":{\"@type\":\"PropertyValueSpecification\",\"valueRequired\":true,\"valueName\":\"search_term_string\"}}],\"inLanguage\":\"es-CO\"},{\"@type\":\"Organization\",\"@id\":\"https:\/\/www.biworldwide.com\/es-latam\/#organization\",\"name\":\"Latin America (Spanish)\",\"url\":\"https:\/\/www.biworldwide.com\/es-latam\/\",\"logo\":{\"@type\":\"ImageObject\",\"inLanguage\":\"es-CO\",\"@id\":\"https:\/\/www.biworldwide.com\/es-latam\/#\/schema\/logo\/image\/\",\"url\":\"https:\/\/www.biworldwide.com\/es-latam\/wp-content\/uploads\/sites\/14\/2025\/02\/BIW_corp_lockup_rgb.png\",\"contentUrl\":\"https:\/\/www.biworldwide.com\/es-latam\/wp-content\/uploads\/sites\/14\/2025\/02\/BIW_corp_lockup_rgb.png\",\"width\":550,\"height\":400,\"caption\":\"Latin America (Spanish)\"},\"image\":{\"@id\":\"https:\/\/www.biworldwide.com\/es-latam\/#\/schema\/logo\/image\/\"}}]}<\/script>\n<!-- \/ Yoast SEO plugin. -->","yoast_head_json":{"title":"Premios y Reconocimientos - Latin America (Spanish)","robots":{"index":"index","follow":"follow","max-snippet":"max-snippet:-1","max-image-preview":"max-image-preview:large","max-video-preview":"max-video-preview:-1"},"canonical":"https:\/\/www.biworldwide.com\/es-latam\/premios-y-reconocimientos\/","og_locale":"es_ES","og_type":"article","og_title":"Premios y Reconocimientos - Latin America (Spanish)","og_description":"Cada m\u00e9trica cuenta una historia. 83 Net Promoter Score. Seg\u00fan Bain &amp; Company, un puntaje superior a 80 es de clase mundial. 9\/10 Puntaje promedio de satisfacci\u00f3n del cliente desde 2014. 0 N\u00famero de premios que habr\u00edamos ganado sin clientes de clase mundial. No se trata de nosotros. Conoce m\u00e1s sobre nuestro servicio de clase [&hellip;]","og_url":"https:\/\/www.biworldwide.com\/es-latam\/premios-y-reconocimientos\/","og_site_name":"Latin America (Spanish)","article_modified_time":"2025-04-02T18:38:47+00:00","og_image":[{"url":"http:\/\/live-biw-main.pantheonsite.io\/wp-content\/uploads\/2025\/01\/Google-Chrome-2025-01-27-12.35.18.png","type":"","width":"","height":""}],"twitter_card":"summary_large_image","twitter_misc":{"Est. reading time":"4 minutos"},"schema":{"@context":"https:\/\/schema.org","@graph":[{"@type":"WebPage","@id":"https:\/\/www.biworldwide.com\/es-latam\/premios-y-reconocimientos\/","url":"https:\/\/www.biworldwide.com\/es-latam\/premios-y-reconocimientos\/","name":"Premios y Reconocimientos - Latin America (Spanish)","isPartOf":{"@id":"https:\/\/www.biworldwide.com\/es-latam\/#website"},"primaryImageOfPage":{"@id":"https:\/\/www.biworldwide.com\/es-latam\/premios-y-reconocimientos\/#primaryimage"},"image":{"@id":"https:\/\/www.biworldwide.com\/es-latam\/premios-y-reconocimientos\/#primaryimage"},"thumbnailUrl":"http:\/\/live-biw-main.pantheonsite.io\/wp-content\/uploads\/2025\/01\/Google-Chrome-2025-01-27-12.35.18.png","datePublished":"2025-01-14T16:19:05+00:00","dateModified":"2025-04-02T18:38:47+00:00","breadcrumb":{"@id":"https:\/\/www.biworldwide.com\/es-latam\/premios-y-reconocimientos\/#breadcrumb"},"inLanguage":"es-CO","potentialAction":[{"@type":"ReadAction","target":["https:\/\/www.biworldwide.com\/es-latam\/premios-y-reconocimientos\/"]}]},{"@type":"ImageObject","inLanguage":"es-CO","@id":"https:\/\/www.biworldwide.com\/es-latam\/premios-y-reconocimientos\/#primaryimage","url":"http:\/\/live-biw-main.pantheonsite.io\/wp-content\/uploads\/2025\/01\/Google-Chrome-2025-01-27-12.35.18.png","contentUrl":"http:\/\/live-biw-main.pantheonsite.io\/wp-content\/uploads\/2025\/01\/Google-Chrome-2025-01-27-12.35.18.png"},{"@type":"BreadcrumbList","@id":"https:\/\/www.biworldwide.com\/es-latam\/premios-y-reconocimientos\/#breadcrumb","itemListElement":[{"@type":"ListItem","position":1,"name":"Home","item":"https:\/\/www.biworldwide.com\/es-latam\/"},{"@type":"ListItem","position":2,"name":"Premios y Reconocimientos"}]},{"@type":"WebSite","@id":"https:\/\/www.biworldwide.com\/es-latam\/#website","url":"https:\/\/www.biworldwide.com\/es-latam\/","name":"Latin America (Spanish)","description":"","publisher":{"@id":"https:\/\/www.biworldwide.com\/es-latam\/#organization"},"potentialAction":[{"@type":"SearchAction","target":{"@type":"EntryPoint","urlTemplate":"https:\/\/www.biworldwide.com\/es-latam\/?s={search_term_string}"},"query-input":{"@type":"PropertyValueSpecification","valueRequired":true,"valueName":"search_term_string"}}],"inLanguage":"es-CO"},{"@type":"Organization","@id":"https:\/\/www.biworldwide.com\/es-latam\/#organization","name":"Latin America (Spanish)","url":"https:\/\/www.biworldwide.com\/es-latam\/","logo":{"@type":"ImageObject","inLanguage":"es-CO","@id":"https:\/\/www.biworldwide.com\/es-latam\/#\/schema\/logo\/image\/","url":"https:\/\/www.biworldwide.com\/es-latam\/wp-content\/uploads\/sites\/14\/2025\/02\/BIW_corp_lockup_rgb.png","contentUrl":"https:\/\/www.biworldwide.com\/es-latam\/wp-content\/uploads\/sites\/14\/2025\/02\/BIW_corp_lockup_rgb.png","width":550,"height":400,"caption":"Latin America (Spanish)"},"image":{"@id":"https:\/\/www.biworldwide.com\/es-latam\/#\/schema\/logo\/image\/"}}]}},"_links":{"self":[{"href":"https:\/\/www.biworldwide.com\/es-latam\/wp-json\/wp\/v2\/pages\/138","targetHints":{"allow":["GET"]}}],"collection":[{"href":"https:\/\/www.biworldwide.com\/es-latam\/wp-json\/wp\/v2\/pages"}],"about":[{"href":"https:\/\/www.biworldwide.com\/es-latam\/wp-json\/wp\/v2\/types\/page"}],"author":[{"embeddable":true,"href":"https:\/\/www.biworldwide.com\/es-latam\/wp-json\/wp\/v2\/users\/11"}],"replies":[{"embeddable":true,"href":"https:\/\/www.biworldwide.com\/es-latam\/wp-json\/wp\/v2\/comments?post=138"}],"version-history":[{"count":9,"href":"https:\/\/www.biworldwide.com\/es-latam\/wp-json\/wp\/v2\/pages\/138\/revisions"}],"predecessor-version":[{"id":1338,"href":"https:\/\/www.biworldwide.com\/es-latam\/wp-json\/wp\/v2\/pages\/138\/revisions\/1338"}],"wp:attachment":[{"href":"https:\/\/www.biworldwide.com\/es-latam\/wp-json\/wp\/v2\/media?parent=138"}],"wp:term":[{"taxonomy":"wf_page_folders","embeddable":true,"href":"https:\/\/www.biworldwide.com\/es-latam\/wp-json\/wp\/v2\/wf_page_folders?post=138"}],"curies":[{"name":"wp","href":"https:\/\/api.w.org\/{rel}","templated":true}]}}