{"id":151,"date":"2025-01-14T16:23:43","date_gmt":"2025-01-14T16:23:43","guid":{"rendered":"https:\/\/live-biw-main.pantheonsite.io\/?page_id=151"},"modified":"2025-03-28T09:54:31","modified_gmt":"2025-03-28T15:54:31","slug":"bienes-y-servicios-de-consumo","status":"publish","type":"page","link":"https:\/\/www.biworldwide.com\/es-latam\/a-quien-ayudamos\/bienes-y-servicios-de-consumo\/","title":{"rendered":"Bienes y Servicios de Consumo"},"content":{"rendered":"\n<p><\/p>\n\n\n<div class=\" has-content-align-left has-overlay has-overlay--dark alignfull wp-block-biw-block-theme-hero\">\n\t<div class=\"biw-hero__grid\">\n\t\t\n\t\t\t\t\t<div class=\"biw-hero__media \">\n\t\t\t\t\t\t\t\t\t<div class=\"biw-hero__overlay overlay-dark\"><\/div>\n\t\t\t\t\t\t\t\t<img decoding=\"async\" src=\"http:\/\/live-biw-main.pantheonsite.io\/wp-content\/uploads\/2025\/02\/ConsumerGoods-1728x600px.jpg\" alt=\"Shelves filled with various types of packaged bread rolls in a bakery section of a grocery store. The bread is neatly arranged in metal racks, and each package has a label. The floor is a light-colored tile.\" class=\"biw-hero__bg-image\" style=\"object-position: 50% 50%;\">\t\t\t<\/div>\n\t\t\t\t<div class=\"biw-hero__content\">\n\t\t\t\t\t\t<h1 class=\"biw-hero__title\" style=\"line-height: 1.2\">\n\t\t\t\tDesde la planta hasta el punto de venta\t\t\t<\/h1>\n\t\t\t\t\t\t\t<h2 class=\"biw-hero__subtitle\">\n\t\t\t\t\tSoluciones de engagement a medida\t\t\t\t<\/h2>\n\t\t\t\t\t\t\t\t\t\t<div class=\"biw-hero__text\">\n\t\t\t\t\t\n\n<p>Nos asociamos con empresas l\u00edderes de la industria de bienes de consumo para dise\u00f1ar soluciones que conectan con audiencias diversas: desde manufactura y distribuci\u00f3n hasta ventas y equipos corporativos.<\/p>\n\n\t\t\t\t<\/div>\n\t\t\t\t\t\t\t\t<\/div>\n\t<\/div>\n<\/div>\n\n\n\n<div class=\"wp-block-group alignfull has-global-padding is-layout-constrained wp-container-core-group-is-layout-97ab3c77 wp-block-group-is-layout-constrained\">\n<div class=\"wp-block-group has-text-align-center  layout-columns-8 has-global-padding is-layout-constrained wp-container-core-group-is-layout-ee362a79 wp-block-group-is-layout-constrained\">\n<h2 class=\"wp-block-heading has-text-align-center  has-text-wrap-pretty\">Soluciones que generan resultados<\/h2>\n\n\n\n<p class=\" has-text-wrap-balance\">Nuestros programas aumentan el compromiso, el esfuerzo y la motivaci\u00f3n, adaptados espec\u00edficamente a tu industria. Desde la producci\u00f3n hasta la distribuci\u00f3n, desde alimentos y bebidas hasta cosm\u00e9ticos.<\/p>\n<\/div>\n\n\n\n<div class=\"wp-block-group  layout-columns-12 has-global-padding is-layout-constrained wp-container-core-group-is-layout-9e09659d wp-block-group-is-layout-constrained\">\n<div class=\"wp-block-group is-layout-grid wp-container-core-group-is-layout-c765d3c1 wp-block-group-is-layout-grid\"><div class=\" has-dynamic-border-radius has-link has-image-size-cover has-image-radius-none is-style-default wp-block-biw-block-theme-biw-card\">\n\t\t\t<figure class=\"biw-card__image-wrapper \">\n\t\t\t<img decoding=\"async\" src=\"http:\/\/live-biw-main.pantheonsite.io\/wp-content\/uploads\/2025\/02\/Contests-and-incentives-Yellow-1300x732px.jpg\" alt=\"A man and a woman sit together at a desk, looking at a tablet. The woman is in the foreground, smiling slightly, while the man points at the tablet screen. A laptop is open on the desk beside them, and the background is softly blurred.\" class=\"biw-card__image\" style=\"object-position: 50% 50%;\">\t\t<\/figure>\n\t\t<div class=\"biw-card__content\">\n\t\t<h3 class=\"biw-card__title\">\n\t\t\t\t\t\t\t<a href=\"https:\/\/www.biworldwide.com\/es-latam\/soluciones-para-ventas\/\" >\n\t\t\t\tProgramas de Incentivos para Ventas\t\t\t\t<\/a>\n\t\t\t\t\t<\/h3>\n\t\t<div class=\"biw-card__text\">\n\n<p>Ve m\u00e1s all\u00e1 de los comportamientos actuales e impulsa nuevas acciones en tu equipo comercial. Nuestra experiencia en programas de incentivos nos permite dise\u00f1ar estructuras y recompensas que mejoran tus resultados.<br><\/p>\n\n<\/div>\n\t<\/div>\n\t<\/div>\n\n<div class=\" has-dynamic-border-radius has-link has-image-size-cover has-image-radius-none is-style-default wp-block-biw-block-theme-biw-card\">\n\t\t\t<figure class=\"biw-card__image-wrapper \">\n\t\t\t<img decoding=\"async\" src=\"http:\/\/live-biw-main.pantheonsite.io\/wp-content\/uploads\/2025\/02\/BIW_Site_Card_Learning-scaled.jpg\" alt=\"Open book on a table with numerous orange origami birds flying out, symbolizing imagination and knowledge. Shelves filled with books in the blurry background. Bright and airy atmosphere.\" class=\"biw-card__image\" style=\"object-position: 50% 50%;\">\t\t<\/figure>\n\t\t<div class=\"biw-card__content\">\n\t\t<h3 class=\"biw-card__title\">\n\t\t\t\t\t\t\t<a href=\"https:\/\/www.biworldwide.com\/es-latam\/learning\/\" >\n\t\t\t\tFormaci\u00f3n\t\t\t\t<\/a>\n\t\t\t\t\t<\/h3>\n\t\t<div class=\"biw-card__text\">\n\n<p>Ya sea sobre un nuevo producto, normas de seguridad, cumplimiento o exhibici\u00f3n en el punto de venta, nuestros enfoques formativos motivan a los empleados a dar lo mejor de s\u00ed.<\/p>\n\n<\/div>\n\t<\/div>\n\t<\/div>\n\n<div class=\" has-dynamic-border-radius has-link has-image-size-cover has-image-radius-none is-style-default wp-block-biw-block-theme-biw-card\">\n\t\t\t<figure class=\"biw-card__image-wrapper \">\n\t\t\t<img decoding=\"async\" src=\"http:\/\/live-biw-main.pantheonsite.io\/wp-content\/uploads\/2025\/02\/Employee-engagement-WomanReceivingApplause-1300x732px.jpg\" alt=\"A smiling woman with curly hair sits at a table, looking up. She is surrounded by several people clapping, all wearing business attire. A laptop is visible in front of her. The atmosphere appears celebratory and supportive.\" class=\"biw-card__image\" style=\"object-position: 50% 50%;\">\t\t<\/figure>\n\t\t<div class=\"biw-card__content\">\n\t\t<h3 class=\"biw-card__title\">\n\t\t\t\t\t\t\t<a href=\"https:\/\/www.biworldwide.com\/es-latam\/programas-para-empleados\/\" >\n\t\t\t\tPropuesta de Valor al Empleado (EVP), activaci\u00f3n y marca empleadora\t\t\t\t<\/a>\n\t\t\t\t\t<\/h3>\n\t\t<div class=\"biw-card__text\">\n\n<p>Atrae, motiva y retiene talento en una industria competitiva y de alta rotaci\u00f3n con una EVP clara y una marca empleadora que genere orgullo y conexi\u00f3n emocional con tu empresa.<\/p>\n\n<\/div>\n\t<\/div>\n\t<\/div>\n\n\n<div class=\"wp-block-group  has-dynamic-border-radius has-global-padding is-layout-constrained wp-block-group-is-layout-constrained\">\n<figure class=\"wp-block-image size-full\"><img decoding=\"async\" src=\"https:\/\/live-biw-main.pantheonsite.io\/wp-content\/uploads\/2025\/02\/Loyalty-1300x732px.jpg\" alt=\"A smiling woman with curly hair, wearing a white shirt and necklace, receives a small package. She stands outdoors with a colorful, blurred background.\" class=\"wp-image-2263\" style=\"aspect-ratio:3\/2;object-fit:cover\" \/><\/figure>\n<\/div>\n\n\n<div class=\" has-dynamic-border-radius has-link has-image-size-cover has-image-radius-none is-style-default wp-block-biw-block-theme-biw-card\">\n\t\t\t<figure class=\"biw-card__image-wrapper \">\n\t\t\t<img decoding=\"async\" src=\"http:\/\/live-biw-main.pantheonsite.io\/wp-content\/uploads\/2025\/02\/Communications-colored-paper-1300x732px.jpg\" alt=\"Abstract digital artwork featuring curved, layered shapes in vibrant orange, yellow, green, and red tones, creating a dynamic and visually striking composition against an orange background.\" class=\"biw-card__image\" style=\"object-position: 50% 50%;\">\t\t<\/figure>\n\t\t<div class=\"biw-card__content\">\n\t\t<h3 class=\"biw-card__title\">\n\t\t\t\t\t\t\t<a href=\"https:\/\/www.biworldwide.com\/es-latam\/communications\/\" >\n\t\t\t\tComunicaciones\t\t\t\t<\/a>\n\t\t\t\t\t<\/h3>\n\t\t<div class=\"biw-card__text\">\n\n<p>Nuestra comunicaci\u00f3n segmentada garantiza que cada audiencia reciba el mensaje adecuado, en el canal correcto, para generar acci\u00f3n.<\/p>\n\n<\/div>\n\t<\/div>\n\t<\/div>\n\n<div class=\" has-dynamic-border-radius has-link has-image-size-cover has-image-radius-none is-style-default wp-block-biw-block-theme-biw-card\">\n\t\t\t<figure class=\"biw-card__image-wrapper \">\n\t\t\t<img decoding=\"async\" src=\"http:\/\/live-biw-main.pantheonsite.io\/wp-content\/uploads\/2025\/02\/Recognition-cupcake-sparkler-orangebackground-1300x732px.jpg\" alt=\"A cupcake with orange frosting is topped with a lit sparkler. The background is a gradient of pink to orange, complementing the cupcakes vibrant icing.\" class=\"biw-card__image\" style=\"object-position: 50% 50%;\">\t\t<\/figure>\n\t\t<div class=\"biw-card__content\">\n\t\t<h3 class=\"biw-card__title\">\n\t\t\t\t\t\t\t<a href=\"https:\/\/www.biworldwide.com\/es-latam\/recognition\/\" >\n\t\t\t\tReconocimiento\t\t\t\t<\/a>\n\t\t\t\t\t<\/h3>\n\t\t<div class=\"biw-card__text\">\n\n<p>Dise\u00f1amos programas que motivan a las distintas audiencias de esta industria en torno a objetivos organizacionales comunes.<br><\/p>\n\n<\/div>\n\t<\/div>\n\t<\/div><\/div>\n<\/div>\n<\/div>\n","protected":false},"excerpt":{"rendered":"<p>Soluciones que generan resultados Nuestros programas aumentan el compromiso, el esfuerzo y la motivaci\u00f3n, adaptados espec\u00edficamente a tu industria. Desde la producci\u00f3n hasta la distribuci\u00f3n, desde alimentos y bebidas hasta cosm\u00e9ticos.<\/p>\n","protected":false},"author":11,"featured_media":0,"parent":140,"menu_order":0,"comment_status":"closed","ping_status":"closed","template":"","meta":{"featured_image_focal_point":{"x":0.5,"y":0.5},"footnotes":""},"wf_page_folders":[20],"class_list":["post-151","page","type-page","status-publish","hentry"],"yoast_head":"<!-- This site is optimized with the Yoast SEO plugin v26.2 - https:\/\/yoast.com\/wordpress\/plugins\/seo\/ -->\n<title>Bienes y Servicios de Consumo - Latin America (Spanish)<\/title>\n<meta name=\"robots\" content=\"index, follow, max-snippet:-1, max-image-preview:large, max-video-preview:-1\" \/>\n<link rel=\"canonical\" href=\"https:\/\/www.biworldwide.com\/es-latam\/a-quien-ayudamos\/bienes-y-servicios-de-consumo\/\" \/>\n<meta property=\"og:locale\" content=\"es_ES\" \/>\n<meta property=\"og:type\" content=\"article\" \/>\n<meta property=\"og:title\" content=\"Bienes y Servicios de Consumo - Latin America (Spanish)\" \/>\n<meta property=\"og:description\" content=\"Soluciones que generan resultados Nuestros programas aumentan el compromiso, el esfuerzo y la motivaci\u00f3n, adaptados espec\u00edficamente a tu industria. Desde la producci\u00f3n hasta la distribuci\u00f3n, desde alimentos y bebidas hasta cosm\u00e9ticos.\" \/>\n<meta property=\"og:url\" content=\"https:\/\/www.biworldwide.com\/es-latam\/a-quien-ayudamos\/bienes-y-servicios-de-consumo\/\" \/>\n<meta property=\"og:site_name\" content=\"Latin America (Spanish)\" \/>\n<meta property=\"article:modified_time\" content=\"2025-03-28T15:54:31+00:00\" \/>\n<meta property=\"og:image\" content=\"https:\/\/live-biw-main.pantheonsite.io\/wp-content\/uploads\/2025\/02\/Loyalty-1300x732px.jpg\" \/>\n<meta name=\"twitter:card\" content=\"summary_large_image\" \/>\n<meta name=\"twitter:label1\" content=\"Est. reading time\" \/>\n\t<meta name=\"twitter:data1\" content=\"2 minutos\" \/>\n<script type=\"application\/ld+json\" class=\"yoast-schema-graph\">{\"@context\":\"https:\/\/schema.org\",\"@graph\":[{\"@type\":\"WebPage\",\"@id\":\"https:\/\/www.biworldwide.com\/es-latam\/a-quien-ayudamos\/bienes-y-servicios-de-consumo\/\",\"url\":\"https:\/\/www.biworldwide.com\/es-latam\/a-quien-ayudamos\/bienes-y-servicios-de-consumo\/\",\"name\":\"Bienes y Servicios de Consumo - Latin America (Spanish)\",\"isPartOf\":{\"@id\":\"https:\/\/www.biworldwide.com\/es-latam\/#website\"},\"primaryImageOfPage\":{\"@id\":\"https:\/\/www.biworldwide.com\/es-latam\/a-quien-ayudamos\/bienes-y-servicios-de-consumo\/#primaryimage\"},\"image\":{\"@id\":\"https:\/\/www.biworldwide.com\/es-latam\/a-quien-ayudamos\/bienes-y-servicios-de-consumo\/#primaryimage\"},\"thumbnailUrl\":\"https:\/\/live-biw-main.pantheonsite.io\/wp-content\/uploads\/2025\/02\/Loyalty-1300x732px.jpg\",\"datePublished\":\"2025-01-14T16:23:43+00:00\",\"dateModified\":\"2025-03-28T15:54:31+00:00\",\"breadcrumb\":{\"@id\":\"https:\/\/www.biworldwide.com\/es-latam\/a-quien-ayudamos\/bienes-y-servicios-de-consumo\/#breadcrumb\"},\"inLanguage\":\"es-CO\",\"potentialAction\":[{\"@type\":\"ReadAction\",\"target\":[\"https:\/\/www.biworldwide.com\/es-latam\/a-quien-ayudamos\/bienes-y-servicios-de-consumo\/\"]}]},{\"@type\":\"ImageObject\",\"inLanguage\":\"es-CO\",\"@id\":\"https:\/\/www.biworldwide.com\/es-latam\/a-quien-ayudamos\/bienes-y-servicios-de-consumo\/#primaryimage\",\"url\":\"https:\/\/live-biw-main.pantheonsite.io\/wp-content\/uploads\/2025\/02\/Loyalty-1300x732px.jpg\",\"contentUrl\":\"https:\/\/live-biw-main.pantheonsite.io\/wp-content\/uploads\/2025\/02\/Loyalty-1300x732px.jpg\"},{\"@type\":\"BreadcrumbList\",\"@id\":\"https:\/\/www.biworldwide.com\/es-latam\/a-quien-ayudamos\/bienes-y-servicios-de-consumo\/#breadcrumb\",\"itemListElement\":[{\"@type\":\"ListItem\",\"position\":1,\"name\":\"Home\",\"item\":\"https:\/\/www.biworldwide.com\/es-latam\/\"},{\"@type\":\"ListItem\",\"position\":2,\"name\":\"A qui\u00e9n ayudamos\",\"item\":\"https:\/\/www.biworldwide.com\/es-latam\/a-quien-ayudamos\/\"},{\"@type\":\"ListItem\",\"position\":3,\"name\":\"Bienes y Servicios de Consumo\"}]},{\"@type\":\"WebSite\",\"@id\":\"https:\/\/www.biworldwide.com\/es-latam\/#website\",\"url\":\"https:\/\/www.biworldwide.com\/es-latam\/\",\"name\":\"Latin America (Spanish)\",\"description\":\"\",\"publisher\":{\"@id\":\"https:\/\/www.biworldwide.com\/es-latam\/#organization\"},\"potentialAction\":[{\"@type\":\"SearchAction\",\"target\":{\"@type\":\"EntryPoint\",\"urlTemplate\":\"https:\/\/www.biworldwide.com\/es-latam\/?s={search_term_string}\"},\"query-input\":{\"@type\":\"PropertyValueSpecification\",\"valueRequired\":true,\"valueName\":\"search_term_string\"}}],\"inLanguage\":\"es-CO\"},{\"@type\":\"Organization\",\"@id\":\"https:\/\/www.biworldwide.com\/es-latam\/#organization\",\"name\":\"Latin America (Spanish)\",\"url\":\"https:\/\/www.biworldwide.com\/es-latam\/\",\"logo\":{\"@type\":\"ImageObject\",\"inLanguage\":\"es-CO\",\"@id\":\"https:\/\/www.biworldwide.com\/es-latam\/#\/schema\/logo\/image\/\",\"url\":\"https:\/\/www.biworldwide.com\/es-latam\/wp-content\/uploads\/sites\/14\/2025\/02\/BIW_corp_lockup_rgb.png\",\"contentUrl\":\"https:\/\/www.biworldwide.com\/es-latam\/wp-content\/uploads\/sites\/14\/2025\/02\/BIW_corp_lockup_rgb.png\",\"width\":550,\"height\":400,\"caption\":\"Latin America (Spanish)\"},\"image\":{\"@id\":\"https:\/\/www.biworldwide.com\/es-latam\/#\/schema\/logo\/image\/\"}}]}<\/script>\n<!-- \/ Yoast SEO plugin. -->","yoast_head_json":{"title":"Bienes y Servicios de Consumo - Latin America (Spanish)","robots":{"index":"index","follow":"follow","max-snippet":"max-snippet:-1","max-image-preview":"max-image-preview:large","max-video-preview":"max-video-preview:-1"},"canonical":"https:\/\/www.biworldwide.com\/es-latam\/a-quien-ayudamos\/bienes-y-servicios-de-consumo\/","og_locale":"es_ES","og_type":"article","og_title":"Bienes y Servicios de Consumo - Latin America (Spanish)","og_description":"Soluciones que generan resultados Nuestros programas aumentan el compromiso, el esfuerzo y la motivaci\u00f3n, adaptados espec\u00edficamente a tu industria. Desde la producci\u00f3n hasta la distribuci\u00f3n, desde alimentos y bebidas hasta cosm\u00e9ticos.","og_url":"https:\/\/www.biworldwide.com\/es-latam\/a-quien-ayudamos\/bienes-y-servicios-de-consumo\/","og_site_name":"Latin America (Spanish)","article_modified_time":"2025-03-28T15:54:31+00:00","og_image":[{"url":"https:\/\/live-biw-main.pantheonsite.io\/wp-content\/uploads\/2025\/02\/Loyalty-1300x732px.jpg","type":"","width":"","height":""}],"twitter_card":"summary_large_image","twitter_misc":{"Est. reading time":"2 minutos"},"schema":{"@context":"https:\/\/schema.org","@graph":[{"@type":"WebPage","@id":"https:\/\/www.biworldwide.com\/es-latam\/a-quien-ayudamos\/bienes-y-servicios-de-consumo\/","url":"https:\/\/www.biworldwide.com\/es-latam\/a-quien-ayudamos\/bienes-y-servicios-de-consumo\/","name":"Bienes y Servicios de Consumo - Latin America (Spanish)","isPartOf":{"@id":"https:\/\/www.biworldwide.com\/es-latam\/#website"},"primaryImageOfPage":{"@id":"https:\/\/www.biworldwide.com\/es-latam\/a-quien-ayudamos\/bienes-y-servicios-de-consumo\/#primaryimage"},"image":{"@id":"https:\/\/www.biworldwide.com\/es-latam\/a-quien-ayudamos\/bienes-y-servicios-de-consumo\/#primaryimage"},"thumbnailUrl":"https:\/\/live-biw-main.pantheonsite.io\/wp-content\/uploads\/2025\/02\/Loyalty-1300x732px.jpg","datePublished":"2025-01-14T16:23:43+00:00","dateModified":"2025-03-28T15:54:31+00:00","breadcrumb":{"@id":"https:\/\/www.biworldwide.com\/es-latam\/a-quien-ayudamos\/bienes-y-servicios-de-consumo\/#breadcrumb"},"inLanguage":"es-CO","potentialAction":[{"@type":"ReadAction","target":["https:\/\/www.biworldwide.com\/es-latam\/a-quien-ayudamos\/bienes-y-servicios-de-consumo\/"]}]},{"@type":"ImageObject","inLanguage":"es-CO","@id":"https:\/\/www.biworldwide.com\/es-latam\/a-quien-ayudamos\/bienes-y-servicios-de-consumo\/#primaryimage","url":"https:\/\/live-biw-main.pantheonsite.io\/wp-content\/uploads\/2025\/02\/Loyalty-1300x732px.jpg","contentUrl":"https:\/\/live-biw-main.pantheonsite.io\/wp-content\/uploads\/2025\/02\/Loyalty-1300x732px.jpg"},{"@type":"BreadcrumbList","@id":"https:\/\/www.biworldwide.com\/es-latam\/a-quien-ayudamos\/bienes-y-servicios-de-consumo\/#breadcrumb","itemListElement":[{"@type":"ListItem","position":1,"name":"Home","item":"https:\/\/www.biworldwide.com\/es-latam\/"},{"@type":"ListItem","position":2,"name":"A qui\u00e9n ayudamos","item":"https:\/\/www.biworldwide.com\/es-latam\/a-quien-ayudamos\/"},{"@type":"ListItem","position":3,"name":"Bienes y Servicios de Consumo"}]},{"@type":"WebSite","@id":"https:\/\/www.biworldwide.com\/es-latam\/#website","url":"https:\/\/www.biworldwide.com\/es-latam\/","name":"Latin America (Spanish)","description":"","publisher":{"@id":"https:\/\/www.biworldwide.com\/es-latam\/#organization"},"potentialAction":[{"@type":"SearchAction","target":{"@type":"EntryPoint","urlTemplate":"https:\/\/www.biworldwide.com\/es-latam\/?s={search_term_string}"},"query-input":{"@type":"PropertyValueSpecification","valueRequired":true,"valueName":"search_term_string"}}],"inLanguage":"es-CO"},{"@type":"Organization","@id":"https:\/\/www.biworldwide.com\/es-latam\/#organization","name":"Latin America (Spanish)","url":"https:\/\/www.biworldwide.com\/es-latam\/","logo":{"@type":"ImageObject","inLanguage":"es-CO","@id":"https:\/\/www.biworldwide.com\/es-latam\/#\/schema\/logo\/image\/","url":"https:\/\/www.biworldwide.com\/es-latam\/wp-content\/uploads\/sites\/14\/2025\/02\/BIW_corp_lockup_rgb.png","contentUrl":"https:\/\/www.biworldwide.com\/es-latam\/wp-content\/uploads\/sites\/14\/2025\/02\/BIW_corp_lockup_rgb.png","width":550,"height":400,"caption":"Latin America (Spanish)"},"image":{"@id":"https:\/\/www.biworldwide.com\/es-latam\/#\/schema\/logo\/image\/"}}]}},"_links":{"self":[{"href":"https:\/\/www.biworldwide.com\/es-latam\/wp-json\/wp\/v2\/pages\/151","targetHints":{"allow":["GET"]}}],"collection":[{"href":"https:\/\/www.biworldwide.com\/es-latam\/wp-json\/wp\/v2\/pages"}],"about":[{"href":"https:\/\/www.biworldwide.com\/es-latam\/wp-json\/wp\/v2\/types\/page"}],"author":[{"embeddable":true,"href":"https:\/\/www.biworldwide.com\/es-latam\/wp-json\/wp\/v2\/users\/11"}],"replies":[{"embeddable":true,"href":"https:\/\/www.biworldwide.com\/es-latam\/wp-json\/wp\/v2\/comments?post=151"}],"version-history":[{"count":5,"href":"https:\/\/www.biworldwide.com\/es-latam\/wp-json\/wp\/v2\/pages\/151\/revisions"}],"predecessor-version":[{"id":1243,"href":"https:\/\/www.biworldwide.com\/es-latam\/wp-json\/wp\/v2\/pages\/151\/revisions\/1243"}],"up":[{"embeddable":true,"href":"https:\/\/www.biworldwide.com\/es-latam\/wp-json\/wp\/v2\/pages\/140"}],"wp:attachment":[{"href":"https:\/\/www.biworldwide.com\/es-latam\/wp-json\/wp\/v2\/media?parent=151"}],"wp:term":[{"taxonomy":"wf_page_folders","embeddable":true,"href":"https:\/\/www.biworldwide.com\/es-latam\/wp-json\/wp\/v2\/wf_page_folders?post=151"}],"curies":[{"name":"wp","href":"https:\/\/api.w.org\/{rel}","templated":true}]}}