{"id":155,"date":"2025-01-14T16:24:27","date_gmt":"2025-01-14T16:24:27","guid":{"rendered":"https:\/\/live-biw-main.pantheonsite.io\/?page_id=155"},"modified":"2025-04-01T17:58:07","modified_gmt":"2025-04-01T23:58:07","slug":"sector-financiero","status":"publish","type":"page","link":"https:\/\/www.biworldwide.com\/es-latam\/a-quien-ayudamos\/sector-financiero\/","title":{"rendered":"Financial Services and Insurance"},"content":{"rendered":"<div class=\" has-content-align-left has-overlay has-overlay--dark alignfull wp-block-biw-block-theme-hero\">\n\t<div class=\"biw-hero__grid\">\n\t\t\n\t\t\t\t\t<div class=\"biw-hero__media \">\n\t\t\t\t\t\t\t\t\t<div class=\"biw-hero__overlay overlay-dark\"><\/div>\n\t\t\t\t\t\t\t\t<img decoding=\"async\" src=\"http:\/\/live-biw-main.pantheonsite.io\/wp-content\/uploads\/2025\/02\/BIW_Site_Hero_Financial-scaled.jpg\" alt=\"A screen shot of a computer screen.\" class=\"biw-hero__bg-image\" style=\"object-position: 50% 50%;\">\t\t\t<\/div>\n\t\t\t\t<div class=\"biw-hero__content\">\n\t\t\t\t\t\t<h1 class=\"biw-hero__title\" style=\"line-height: 1.2\">\n\t\t\t\tGenerando resultados. Siempre dentro del marco regulatorio.\t\t\t<\/h1>\n\t\t\t\t\t\t\t<h2 class=\"biw-hero__subtitle\">\n\t\t\t\t\tLas principales instituciones financieras conf\u00edan en nosotros para impulsar el compromiso, el esfuerzo y la inspiraci\u00f3n de sus equipos de alto rendimiento.\t\t\t\t<\/h2>\n\t\t\t\t\t\t\t\t\t\t<div class=\"biw-hero__text\">\n\t\t\t\t\t\n\n<p>En una industria altamente regulada, nuestras estrategias \u2014reconocidas a nivel mundial\u2014 est\u00e1n dise\u00f1adas para cumplir rigurosamente con la normativa y al mismo tiempo generar resultados extraordinarios para bancos, aseguradoras, firmas de inversi\u00f3n, asesores financieros, analistas, gestores de portafolio y corredores.<\/p>\n\n\t\t\t\t<\/div>\n\t\t\t\t\t\t\t\t<\/div>\n\t<\/div>\n<\/div>\n\n\n\n<div class=\"wp-block-group  layout-columns-7 has-global-padding is-layout-constrained wp-container-core-group-is-layout-a133ec42 wp-block-group-is-layout-constrained\">\n<h2 class=\"wp-block-heading\">Rendimiento en el que puedes confiar<\/h2>\n\n\n\n<p>Dise\u00f1amos programas personalizados para involucrar, incorporar, capacitar, certificar, inspirar, reconocer y motivar a tu equipo mediante soluciones integradas.<\/p>\n\n\n\n<p class=\"has-xl-font-size\"><strong>Reconocimiento basado en resultados<\/strong><\/p>\n\n\n\n<p>Nuestro enfoque h\u00edbrido combina iniciativas de cambio de comportamiento cualitativas con incentivos cuantificables y orientados a resultados.<\/p>\n\n\n\n<p>En el sector financiero, altamente regulado, nuestros programas logran impacto sin comprometer el cumplimiento normativo. Nos enfocamos en construir relaciones duraderas con los clientes, evitando pagos meramente transaccionales.<\/p>\n\n\n\n<p>Esta estrategia permite <strong>ampliar portafolios<\/strong>, mejorar la <strong>rentabilidad del negocio<\/strong> y al mismo tiempo generar beneficios reales para el consumidor final. Es una f\u00f3rmula de valor compartido tanto en entornos B2B como B2C.<\/p>\n\n\n\n<p class=\"has-xl-font-size\"><strong>Onboarding y retenci\u00f3n de talento<\/strong><\/p>\n\n\n\n<p>Ofrecemos programas dise\u00f1ados para <strong>atraer talento de clase mundial<\/strong> y <strong>retener profesionales con experiencia<\/strong> en banca.<\/p>\n\n\n\n<p>Celebramos los hitos clave a lo largo del ciclo de vida del empleado, desde el reclutamiento hasta la jubilaci\u00f3n.<br>Al integrar reclutamiento, formaci\u00f3n, reconocimiento por hitos y recompensas, creamos una cultura que acelera el onboarding y motiva al talento a lo largo de su trayectoria.<\/p>\n\n\n\n<p class=\"has-xl-font-size\"><strong>Estrategias centradas en la cultura<\/strong><\/p>\n\n\n\n<p>Creamos programas de reconocimiento que conectan con <strong>todos los colaboradores<\/strong>, sin importar su antig\u00fcedad.<\/p>\n\n\n\n<p>Al destacar logros sobresalientes y fomentar el reconocimiento entre pares, nos aseguramos de que todos se sientan valorados.<br>Los l\u00edderes pueden utilizar tecnolog\u00eda inteligente para dise\u00f1ar programas alineados con los objetivos del \u00e1rea y la organizaci\u00f3n, maximizando el presupuesto y elevando el compromiso.<\/p>\n\n\n\n<h3 class=\"wp-block-heading has-text-align-center\">\u00c1mbitos en los que trabajamos:<\/h3>\n<\/div>\n\n\n\n<div class=\"wp-block-group alignfull  has-background-angle-to-left bg-angle-accent-cyan has-global-padding is-layout-constrained wp-container-core-group-is-layout-d3543a3b wp-block-group-is-layout-constrained\">\n<div class=\"wp-block-group  layout-columns-10 has-global-padding is-layout-constrained wp-container-core-group-is-layout-0b5f5b40 wp-block-group-is-layout-constrained\">\n<div class=\"wp-block-group is-content-justification-center is-layout-flex wp-container-core-group-is-layout-b4c50f06 wp-block-group-is-layout-flex\"><div class=\" has-dynamic-border-radius has-image-size-cover has-image-radius-none is-style-default wp-block-biw-block-theme-biw-card\">\n\t\t\t<figure class=\"biw-card__image-wrapper \">\n\t\t\t<img decoding=\"async\" src=\"http:\/\/live-biw-main.pantheonsite.io\/wp-content\/uploads\/2025\/03\/BIW_Brand_Banks-and-Investment-Houses.svg\" alt=\"\" class=\"biw-card__image\" style=\"object-position: 50% 50%;\">\t\t<\/figure>\n\t\t<div class=\"biw-card__content\">\n\t\t<h3 class=\"biw-card__title\">\n\t\t\t\t\t\t\t<strong>Bancos y firmas de inversi\u00f3n<\/strong>\t\t\t\t\t<\/h3>\n\t\t<div class=\"biw-card__text\">\n\n<p><\/p>\n\n<\/div>\n\t<\/div>\n\t<\/div>\n\n<div class=\" has-dynamic-border-radius has-image-size-cover has-image-radius-none is-style-default wp-block-biw-block-theme-biw-card\">\n\t\t\t<figure class=\"biw-card__image-wrapper \">\n\t\t\t<img decoding=\"async\" src=\"http:\/\/live-biw-main.pantheonsite.io\/wp-content\/uploads\/2025\/03\/BIW_Brand_Insurance-Agencies.svg\" alt=\"\" class=\"biw-card__image\" style=\"object-position: 50% 50%;\">\t\t<\/figure>\n\t\t<div class=\"biw-card__content\">\n\t\t<h3 class=\"biw-card__title\">\n\t\t\t\t\t\t\t<strong>Compa\u00f1\u00edas de seguros<\/strong>\t\t\t\t\t<\/h3>\n\t\t<div class=\"biw-card__text\">\n\n<p><\/p>\n\n<\/div>\n\t<\/div>\n\t<\/div>\n\n<div class=\" has-dynamic-border-radius has-image-size-cover has-image-radius-none is-style-default wp-block-biw-block-theme-biw-card\">\n\t\t\t<figure class=\"biw-card__image-wrapper \">\n\t\t\t<img decoding=\"async\" src=\"http:\/\/live-biw-main.pantheonsite.io\/wp-content\/uploads\/2025\/03\/BIW_Brand_Analsys-investments-managers-and-brokers.svg\" alt=\"\" class=\"biw-card__image\" style=\"object-position: 50% 50%;\">\t\t<\/figure>\n\t\t<div class=\"biw-card__content\">\n\t\t<h3 class=\"biw-card__title\">\n\t\t\t\t\t\t\t<strong>Analistas, gestores de inversiones y corredores<\/strong>\t\t\t\t\t<\/h3>\n\t\t<div class=\"biw-card__text\">\n\n<p><\/p>\n\n<\/div>\n\t<\/div>\n\t<\/div><\/div>\n<\/div>\n<span class='background-angle-wrapper'><svg fill='none' viewBox='0 0 1728 699' xmlns='http:\/\/www.w3.org\/2000\/svg'><path d='M1728 0H0V294.923L1728 698.43V0Z' fill='url(#69e90e9848124)'\/><defs><linearGradient id='69e90e9848124' x1='1738.8' x2='1701' y1='717.27' y2='15.023' gradientUnits='userSpaceOnUse'><stop stop-color='#19C3D0' stop-opacity='.3' offset='0'\/><stop stop-color='#19C3D0' stop-opacity='0' offset='1'\/><\/linearGradient><\/defs><\/svg><\/span><\/div>","protected":false},"excerpt":{"rendered":"<p>Rendimiento en el que puedes confiar Dise\u00f1amos programas personalizados para involucrar, incorporar, capacitar, certificar, inspirar, reconocer y motivar a tu equipo mediante soluciones integradas. Reconocimiento basado en resultados Nuestro enfoque h\u00edbrido combina iniciativas de cambio de comportamiento cualitativas con incentivos cuantificables y orientados a resultados. En el sector financiero, altamente regulado, nuestros programas logran impacto [&hellip;]<\/p>\n","protected":false},"author":11,"featured_media":0,"parent":140,"menu_order":0,"comment_status":"closed","ping_status":"closed","template":"","meta":{"featured_image_focal_point":{"x":0.5,"y":0.5},"footnotes":""},"wf_page_folders":[20],"class_list":["post-155","page","type-page","status-publish","hentry"],"yoast_head":"<!-- This site is optimized with the Yoast SEO plugin v26.2 - https:\/\/yoast.com\/wordpress\/plugins\/seo\/ -->\n<title>Financial Services and Insurance - Latin America (Spanish)<\/title>\n<meta name=\"robots\" content=\"index, follow, max-snippet:-1, max-image-preview:large, max-video-preview:-1\" \/>\n<link rel=\"canonical\" href=\"https:\/\/www.biworldwide.com\/es-latam\/a-quien-ayudamos\/sector-financiero\/\" \/>\n<meta property=\"og:locale\" content=\"es_ES\" \/>\n<meta property=\"og:type\" content=\"article\" \/>\n<meta property=\"og:title\" content=\"Financial Services and Insurance - Latin America (Spanish)\" \/>\n<meta property=\"og:description\" content=\"Rendimiento en el que puedes confiar Dise\u00f1amos programas personalizados para involucrar, incorporar, capacitar, certificar, inspirar, reconocer y motivar a tu equipo mediante soluciones integradas. Reconocimiento basado en resultados Nuestro enfoque h\u00edbrido combina iniciativas de cambio de comportamiento cualitativas con incentivos cuantificables y orientados a resultados. En el sector financiero, altamente regulado, nuestros programas logran impacto [&hellip;]\" \/>\n<meta property=\"og:url\" content=\"https:\/\/www.biworldwide.com\/es-latam\/a-quien-ayudamos\/sector-financiero\/\" \/>\n<meta property=\"og:site_name\" content=\"Latin America (Spanish)\" \/>\n<meta property=\"article:modified_time\" content=\"2025-04-01T23:58:07+00:00\" \/>\n<meta name=\"twitter:card\" content=\"summary_large_image\" \/>\n<meta name=\"twitter:label1\" content=\"Est. reading time\" \/>\n\t<meta name=\"twitter:data1\" content=\"2 minutos\" \/>\n<script type=\"application\/ld+json\" class=\"yoast-schema-graph\">{\"@context\":\"https:\/\/schema.org\",\"@graph\":[{\"@type\":\"WebPage\",\"@id\":\"https:\/\/www.biworldwide.com\/es-latam\/a-quien-ayudamos\/sector-financiero\/\",\"url\":\"https:\/\/www.biworldwide.com\/es-latam\/a-quien-ayudamos\/sector-financiero\/\",\"name\":\"Financial Services and Insurance - Latin America (Spanish)\",\"isPartOf\":{\"@id\":\"https:\/\/www.biworldwide.com\/es-latam\/#website\"},\"datePublished\":\"2025-01-14T16:24:27+00:00\",\"dateModified\":\"2025-04-01T23:58:07+00:00\",\"breadcrumb\":{\"@id\":\"https:\/\/www.biworldwide.com\/es-latam\/a-quien-ayudamos\/sector-financiero\/#breadcrumb\"},\"inLanguage\":\"es-CO\",\"potentialAction\":[{\"@type\":\"ReadAction\",\"target\":[\"https:\/\/www.biworldwide.com\/es-latam\/a-quien-ayudamos\/sector-financiero\/\"]}]},{\"@type\":\"BreadcrumbList\",\"@id\":\"https:\/\/www.biworldwide.com\/es-latam\/a-quien-ayudamos\/sector-financiero\/#breadcrumb\",\"itemListElement\":[{\"@type\":\"ListItem\",\"position\":1,\"name\":\"Home\",\"item\":\"https:\/\/www.biworldwide.com\/es-latam\/\"},{\"@type\":\"ListItem\",\"position\":2,\"name\":\"A qui\u00e9n ayudamos\",\"item\":\"https:\/\/www.biworldwide.com\/es-latam\/a-quien-ayudamos\/\"},{\"@type\":\"ListItem\",\"position\":3,\"name\":\"Financial Services and Insurance\"}]},{\"@type\":\"WebSite\",\"@id\":\"https:\/\/www.biworldwide.com\/es-latam\/#website\",\"url\":\"https:\/\/www.biworldwide.com\/es-latam\/\",\"name\":\"Latin America (Spanish)\",\"description\":\"\",\"publisher\":{\"@id\":\"https:\/\/www.biworldwide.com\/es-latam\/#organization\"},\"potentialAction\":[{\"@type\":\"SearchAction\",\"target\":{\"@type\":\"EntryPoint\",\"urlTemplate\":\"https:\/\/www.biworldwide.com\/es-latam\/?s={search_term_string}\"},\"query-input\":{\"@type\":\"PropertyValueSpecification\",\"valueRequired\":true,\"valueName\":\"search_term_string\"}}],\"inLanguage\":\"es-CO\"},{\"@type\":\"Organization\",\"@id\":\"https:\/\/www.biworldwide.com\/es-latam\/#organization\",\"name\":\"Latin America (Spanish)\",\"url\":\"https:\/\/www.biworldwide.com\/es-latam\/\",\"logo\":{\"@type\":\"ImageObject\",\"inLanguage\":\"es-CO\",\"@id\":\"https:\/\/www.biworldwide.com\/es-latam\/#\/schema\/logo\/image\/\",\"url\":\"https:\/\/www.biworldwide.com\/es-latam\/wp-content\/uploads\/sites\/14\/2025\/02\/BIW_corp_lockup_rgb.png\",\"contentUrl\":\"https:\/\/www.biworldwide.com\/es-latam\/wp-content\/uploads\/sites\/14\/2025\/02\/BIW_corp_lockup_rgb.png\",\"width\":550,\"height\":400,\"caption\":\"Latin America (Spanish)\"},\"image\":{\"@id\":\"https:\/\/www.biworldwide.com\/es-latam\/#\/schema\/logo\/image\/\"}}]}<\/script>\n<!-- \/ Yoast SEO plugin. -->","yoast_head_json":{"title":"Financial Services and Insurance - Latin America (Spanish)","robots":{"index":"index","follow":"follow","max-snippet":"max-snippet:-1","max-image-preview":"max-image-preview:large","max-video-preview":"max-video-preview:-1"},"canonical":"https:\/\/www.biworldwide.com\/es-latam\/a-quien-ayudamos\/sector-financiero\/","og_locale":"es_ES","og_type":"article","og_title":"Financial Services and Insurance - Latin America (Spanish)","og_description":"Rendimiento en el que puedes confiar Dise\u00f1amos programas personalizados para involucrar, incorporar, capacitar, certificar, inspirar, reconocer y motivar a tu equipo mediante soluciones integradas. Reconocimiento basado en resultados Nuestro enfoque h\u00edbrido combina iniciativas de cambio de comportamiento cualitativas con incentivos cuantificables y orientados a resultados. En el sector financiero, altamente regulado, nuestros programas logran impacto [&hellip;]","og_url":"https:\/\/www.biworldwide.com\/es-latam\/a-quien-ayudamos\/sector-financiero\/","og_site_name":"Latin America (Spanish)","article_modified_time":"2025-04-01T23:58:07+00:00","twitter_card":"summary_large_image","twitter_misc":{"Est. reading time":"2 minutos"},"schema":{"@context":"https:\/\/schema.org","@graph":[{"@type":"WebPage","@id":"https:\/\/www.biworldwide.com\/es-latam\/a-quien-ayudamos\/sector-financiero\/","url":"https:\/\/www.biworldwide.com\/es-latam\/a-quien-ayudamos\/sector-financiero\/","name":"Financial Services and Insurance - Latin America (Spanish)","isPartOf":{"@id":"https:\/\/www.biworldwide.com\/es-latam\/#website"},"datePublished":"2025-01-14T16:24:27+00:00","dateModified":"2025-04-01T23:58:07+00:00","breadcrumb":{"@id":"https:\/\/www.biworldwide.com\/es-latam\/a-quien-ayudamos\/sector-financiero\/#breadcrumb"},"inLanguage":"es-CO","potentialAction":[{"@type":"ReadAction","target":["https:\/\/www.biworldwide.com\/es-latam\/a-quien-ayudamos\/sector-financiero\/"]}]},{"@type":"BreadcrumbList","@id":"https:\/\/www.biworldwide.com\/es-latam\/a-quien-ayudamos\/sector-financiero\/#breadcrumb","itemListElement":[{"@type":"ListItem","position":1,"name":"Home","item":"https:\/\/www.biworldwide.com\/es-latam\/"},{"@type":"ListItem","position":2,"name":"A qui\u00e9n ayudamos","item":"https:\/\/www.biworldwide.com\/es-latam\/a-quien-ayudamos\/"},{"@type":"ListItem","position":3,"name":"Financial Services and Insurance"}]},{"@type":"WebSite","@id":"https:\/\/www.biworldwide.com\/es-latam\/#website","url":"https:\/\/www.biworldwide.com\/es-latam\/","name":"Latin America (Spanish)","description":"","publisher":{"@id":"https:\/\/www.biworldwide.com\/es-latam\/#organization"},"potentialAction":[{"@type":"SearchAction","target":{"@type":"EntryPoint","urlTemplate":"https:\/\/www.biworldwide.com\/es-latam\/?s={search_term_string}"},"query-input":{"@type":"PropertyValueSpecification","valueRequired":true,"valueName":"search_term_string"}}],"inLanguage":"es-CO"},{"@type":"Organization","@id":"https:\/\/www.biworldwide.com\/es-latam\/#organization","name":"Latin America (Spanish)","url":"https:\/\/www.biworldwide.com\/es-latam\/","logo":{"@type":"ImageObject","inLanguage":"es-CO","@id":"https:\/\/www.biworldwide.com\/es-latam\/#\/schema\/logo\/image\/","url":"https:\/\/www.biworldwide.com\/es-latam\/wp-content\/uploads\/sites\/14\/2025\/02\/BIW_corp_lockup_rgb.png","contentUrl":"https:\/\/www.biworldwide.com\/es-latam\/wp-content\/uploads\/sites\/14\/2025\/02\/BIW_corp_lockup_rgb.png","width":550,"height":400,"caption":"Latin America (Spanish)"},"image":{"@id":"https:\/\/www.biworldwide.com\/es-latam\/#\/schema\/logo\/image\/"}}]}},"_links":{"self":[{"href":"https:\/\/www.biworldwide.com\/es-latam\/wp-json\/wp\/v2\/pages\/155","targetHints":{"allow":["GET"]}}],"collection":[{"href":"https:\/\/www.biworldwide.com\/es-latam\/wp-json\/wp\/v2\/pages"}],"about":[{"href":"https:\/\/www.biworldwide.com\/es-latam\/wp-json\/wp\/v2\/types\/page"}],"author":[{"embeddable":true,"href":"https:\/\/www.biworldwide.com\/es-latam\/wp-json\/wp\/v2\/users\/11"}],"replies":[{"embeddable":true,"href":"https:\/\/www.biworldwide.com\/es-latam\/wp-json\/wp\/v2\/comments?post=155"}],"version-history":[{"count":3,"href":"https:\/\/www.biworldwide.com\/es-latam\/wp-json\/wp\/v2\/pages\/155\/revisions"}],"predecessor-version":[{"id":1137,"href":"https:\/\/www.biworldwide.com\/es-latam\/wp-json\/wp\/v2\/pages\/155\/revisions\/1137"}],"up":[{"embeddable":true,"href":"https:\/\/www.biworldwide.com\/es-latam\/wp-json\/wp\/v2\/pages\/140"}],"wp:attachment":[{"href":"https:\/\/www.biworldwide.com\/es-latam\/wp-json\/wp\/v2\/media?parent=155"}],"wp:term":[{"taxonomy":"wf_page_folders","embeddable":true,"href":"https:\/\/www.biworldwide.com\/es-latam\/wp-json\/wp\/v2\/wf_page_folders?post=155"}],"curies":[{"name":"wp","href":"https:\/\/api.w.org\/{rel}","templated":true}]}}