{"id":157,"date":"2025-01-14T16:24:49","date_gmt":"2025-01-14T16:24:49","guid":{"rendered":"https:\/\/live-biw-main.pantheonsite.io\/?page_id=157"},"modified":"2025-04-01T17:58:28","modified_gmt":"2025-04-01T23:58:28","slug":"sector-salud","status":"publish","type":"page","link":"https:\/\/www.biworldwide.com\/es-latam\/a-quien-ayudamos\/sector-salud\/","title":{"rendered":"Salud"},"content":{"rendered":"<div class=\" has-enable-tall-hero has-content-align-left has-overlay has-overlay--dark alignfull wp-block-biw-block-theme-hero\">\n\t<div class=\"biw-hero__grid\">\n\t\t\n\t\t\t\t\t<div class=\"biw-hero__media \">\n\t\t\t\t\t\t\t\t\t<div class=\"biw-hero__overlay overlay-dark\"><\/div>\n\t\t\t\t\t\t\t\t<img decoding=\"async\" src=\"http:\/\/live-biw-main.pantheonsite.io\/wp-content\/uploads\/2025\/02\/Lifesciences-and-healthcare-1728x600px.jpg\" alt=\"A stethoscope rests on a table in the foreground, with a blurred background featuring an audience of people seated in a conference room. The lighting is a mix of blue and purple tones, creating a professional and modern atmosphere.\" class=\"biw-hero__bg-image\" style=\"object-position: 50% 50%;\">\t\t\t<\/div>\n\t\t\t\t<div class=\"biw-hero__content\">\n\t\t\t\t\t\t<h1 class=\"biw-hero__title\" style=\"line-height: 1.2\">\n\t\t\t\tSalud\t\t\t<\/h1>\n\t\t\t\t\t\t\t<h2 class=\"biw-hero__subtitle\">\n\t\t\t\t\tResultados m\u00e1s saludables y una mejor rentabilidad.\t\t\t\t<\/h2>\n\t\t\t\t\t\t\t\t\t\t<div class=\"biw-hero__text\">\n\t\t\t\t\t\n\n<p>Somos la opci\u00f3n confiable de las principales organizaciones de vida y salud para cambiar comportamientos y generar resultados comerciales, trabajando con p\u00fablicos clave como empleados, equipos de ventas, miembros, m\u00e9dicos y pacientes.<\/p>\n\n\t\t\t\t<\/div>\n\t\t\t\t\t\t\t\t<\/div>\n\t<\/div>\n<\/div>\n\n\n\n<div class=\"wp-block-group  layout-columns-7 has-global-padding is-layout-constrained wp-container-core-group-is-layout-a133ec42 wp-block-group-is-layout-constrained\">\n<h2 class=\"wp-block-heading\">Soluciones inteligentes, f\u00e1ciles de implementar<\/h2>\n\n\n\n<p>Las industrias de ciencias de la vida y atenci\u00f3n sanitaria est\u00e1n cambiando a una velocidad vertiginosa. Lo entendemos.<br>Somos socios estrat\u00e9gicos que nos mantenemos alineados con las necesidades de nuestros clientes, entregando resultados tangibles y l\u00edderes en la industria que impactan positivamente en los resultados finales.<\/p>\n\n\n\n<ul class=\"wp-block-list\">\n<li class=\"has-xl-font-size\"><strong>Reconocer y premiar a los equipos de ventas<\/strong> para impulsar resultados.<\/li>\n\n\n\n<li class=\"has-xl-font-size\"><strong>Involucrar a miembros y pacientes<\/strong> mediante estrategias de cambio de comportamiento, programas de lealtad y campa\u00f1as personalizadas.<\/li>\n\n\n\n<li class=\"has-xl-font-size\"><strong>Desafiar a los gerentes<\/strong> para ayudar a atraer, retener, involucrar y motivar al mejor talento en un entorno laboral en constante cambio.<\/li>\n\n\n\n<li class=\"has-xl-font-size\"><strong>Promover y reforzar la cultura organizacional<\/strong> mediante comunicaciones y campa\u00f1as de reconocimiento.<\/li>\n\n\n\n<li class=\"has-xl-font-size\"><strong>Desarrollar eventos y programas creativos e integrados<\/strong> para lanzamientos de productos, dirigidos a equipos de ventas, empleados y profesionales de la salud.<\/li>\n\n\n\n<li class=\"has-xl-font-size\"><strong>Capacitar a los empleados<\/strong> para mejorar la eficiencia y enriquecer la experiencia del paciente.<\/li>\n\n\n\n<li class=\"has-xl-font-size\"><strong>Educar y apoyar a los pacientes<\/strong> para lograr resultados saludables mientras se reducen costos.<\/li>\n<\/ul>\n<\/div>\n\n\n\n<div class=\"wp-block-group is-layout-grid wp-container-core-group-is-layout-988b637e wp-block-group-is-layout-grid\"><div class=\" has-dynamic-border-radius has-image-size-cover has-image-radius-none wp-block-biw-block-theme-biw-card\">\n\t\t\t<figure class=\"biw-card__image-wrapper \">\n\t\t\t<img decoding=\"async\" src=\"http:\/\/live-biw-main.pantheonsite.io\/wp-content\/uploads\/2025\/03\/BIW_Brand_Distribution.svg\" alt=\"\" class=\"biw-card__image\" style=\"object-position: 50% 50%;\">\t\t<\/figure>\n\t\t<div class=\"biw-card__content\">\n\t\t<h3 class=\"biw-card__title\">\n\t\t\t\t\t\t\tDistribuci\u00f3n\t\t\t\t\t<\/h3>\n\t\t<div class=\"biw-card__text\"><\/div>\n\t<\/div>\n\t<\/div>\n\n<div class=\" has-dynamic-border-radius has-image-size-cover has-image-radius-none wp-block-biw-block-theme-biw-card\">\n\t\t\t<figure class=\"biw-card__image-wrapper \">\n\t\t\t<img decoding=\"async\" src=\"http:\/\/live-biw-main.pantheonsite.io\/wp-content\/uploads\/2025\/03\/BIW_Brand_Insurance.svg\" alt=\"\" class=\"biw-card__image\" style=\"object-position: 50% 50%;\">\t\t<\/figure>\n\t\t<div class=\"biw-card__content\">\n\t\t<h3 class=\"biw-card__title\">\n\t\t\t\t\t\t\tSeguro\t\t\t\t\t<\/h3>\n\t\t<div class=\"biw-card__text\"><\/div>\n\t<\/div>\n\t<\/div>\n\n<div class=\" has-dynamic-border-radius has-image-size-cover has-image-radius-none wp-block-biw-block-theme-biw-card\">\n\t\t\t<figure class=\"biw-card__image-wrapper \">\n\t\t\t<img decoding=\"async\" src=\"http:\/\/live-biw-main.pantheonsite.io\/wp-content\/uploads\/2025\/03\/BIW_Brand_MedicalDevice.svg\" alt=\"\" class=\"biw-card__image\" style=\"object-position: 50% 50%;\">\t\t<\/figure>\n\t\t<div class=\"biw-card__content\">\n\t\t<h3 class=\"biw-card__title\">\n\t\t\t\t\t\t\tAyuda m\u00e9dica\t\t\t\t\t<\/h3>\n\t\t<div class=\"biw-card__text\"><\/div>\n\t<\/div>\n\t<\/div>\n\n<div class=\" has-dynamic-border-radius has-image-size-cover has-image-radius-none wp-block-biw-block-theme-biw-card\">\n\t\t\t<figure class=\"biw-card__image-wrapper \">\n\t\t\t<img decoding=\"async\" src=\"http:\/\/live-biw-main.pantheonsite.io\/wp-content\/uploads\/2025\/03\/BIW_Brand_Pharma.svg\" alt=\"\" class=\"biw-card__image\" style=\"object-position: 50% 50%;\">\t\t<\/figure>\n\t\t<div class=\"biw-card__content\">\n\t\t<h3 class=\"biw-card__title\">\n\t\t\t\t\t\t\tFarmace\u00fatica\t\t\t\t\t<\/h3>\n\t\t<div class=\"biw-card__text\">\n\n<p><\/p>\n\n<\/div>\n\t<\/div>\n\t<\/div>\n\n<div class=\" has-dynamic-border-radius has-image-size-cover has-image-radius-none wp-block-biw-block-theme-biw-card\">\n\t\t\t<figure class=\"biw-card__image-wrapper \">\n\t\t\t<img decoding=\"async\" src=\"http:\/\/live-biw-main.pantheonsite.io\/wp-content\/uploads\/2025\/03\/BIW_Brand_ClinicalResearch.svg\" alt=\"\" class=\"biw-card__image\" style=\"object-position: 50% 50%;\">\t\t<\/figure>\n\t\t<div class=\"biw-card__content\">\n\t\t<h3 class=\"biw-card__title\">\n\t\t\t\t\t\t\tInvestigaci\u00f3n Cl\u00ednica\t\t\t\t\t<\/h3>\n\t\t<div class=\"biw-card__text\"><\/div>\n\t<\/div>\n\t<\/div>\n\n<div class=\" has-dynamic-border-radius has-image-size-cover has-image-radius-none wp-block-biw-block-theme-biw-card\">\n\t\t\t<figure class=\"biw-card__image-wrapper \">\n\t\t\t<img decoding=\"async\" src=\"http:\/\/live-biw-main.pantheonsite.io\/wp-content\/uploads\/2025\/03\/BIW_Brand_AnimalHealth.svg\" alt=\"\" class=\"biw-card__image\" style=\"object-position: 50% 50%;\">\t\t<\/figure>\n\t\t<div class=\"biw-card__content\">\n\t\t<h3 class=\"biw-card__title\">\n\t\t\t\t\t\t\tSalud Animal\t\t\t\t\t<\/h3>\n\t\t<div class=\"biw-card__text\"><\/div>\n\t<\/div>\n\t<\/div><\/div>\n\n\n\n<figure class=\"wp-block-embed is-type-video is-provider-vimeo wp-block-embed-vimeo wp-embed-aspect-16-9 wp-has-aspect-ratio\"><div class=\"wp-block-embed__wrapper\">\n<iframe loading=\"lazy\" title=\"BIW LIFE SCIENCES fin_v2\" src=\"https:\/\/player.vimeo.com\/video\/867215630?dnt=1&amp;app_id=122963\" width=\"500\" height=\"281\" frameborder=\"0\" allow=\"autoplay; fullscreen; picture-in-picture; clipboard-write; encrypted-media\"><\/iframe>\n<\/div><\/figure>\n\n\n\n<div class=\"wp-block-group alignfull  layout-columns-10 has-global-padding is-layout-constrained wp-container-core-group-is-layout-cc7bd7df wp-block-group-is-layout-constrained\">\n<div class=\"wp-block-group  layout-columns-8 has-global-padding is-layout-constrained wp-container-core-group-is-layout-fce79bf6 wp-block-group-is-layout-constrained\">\n<h2 class=\"wp-block-heading has-text-align-center\">Cada m\u00e9trica cuenta una historia.<\/h2>\n<\/div>\n\n\n\n<div class=\"wp-block-group  layout-columns-10 has-global-padding is-layout-constrained wp-container-core-group-is-layout-0b5f5b40 wp-block-group-is-layout-constrained\">\n<div class=\"wp-block-group has-text-align-center is-layout-grid wp-container-core-group-is-layout-ef442fb0 wp-block-group-is-layout-grid\">\n<div class=\"wp-block-group is-vertical is-content-justification-center is-layout-flex wp-container-core-group-is-layout-81423f52 wp-block-group-is-layout-flex\">\n<h3 class=\"wp-block-heading has-text-align-left has-impact-font-size  has-text-wrap-no-wrap  has-gradient-fill has-gradient-fill-orange\">18<\/h3>\n\n\n\n<p class=\"has-text-align-center has-large-font-size  has-text-wrap-balance\">meses para alcanzar el objetivo de ahorro de costos de 3 a\u00f1os de un cliente, en promedio<\/p>\n<\/div>\n\n\n\n<div class=\"wp-block-group is-vertical is-content-justification-center is-layout-flex wp-container-core-group-is-layout-81423f52 wp-block-group-is-layout-flex\">\n<h3 class=\"wp-block-heading has-text-align-left has-impact-font-size  has-text-wrap-no-wrap  has-gradient-fill has-gradient-fill-orange\">500k<\/h3>\n\n\n\n<p class=\"has-text-align-center has-large-font-size  has-text-wrap-balance\">empleados impactados solo el a\u00f1o pasado<\/p>\n<\/div>\n\n\n\n<div class=\"wp-block-group has-text-align-center is-vertical is-content-justification-center is-layout-flex wp-container-core-group-is-layout-81423f52 wp-block-group-is-layout-flex\">\n<h3 class=\"wp-block-heading has-text-align-left has-impact-font-size  has-text-wrap-no-wrap  has-gradient-fill has-gradient-fill-orange\">90+<\/h3>\n\n\n\n<p class=\"has-text-align-center has-large-font-size  has-text-wrap-balance\">clientes activos en el s\u00e9ctor salud<\/p>\n<\/div>\n<\/div>\n<\/div>\n<\/div>\n\n\n\n<div class=\"wp-block-group alignfull has-global-padding is-layout-constrained wp-container-core-group-is-layout-d3543a3b wp-block-group-is-layout-constrained\">\n<div class=\"wp-block-query is-layout-flow wp-block-query-is-layout-flow\"><ul class=\"wp-block-post-template is-layout-grid wp-container-core-post-template-is-layout-850d240a wp-block-post-template-is-layout-grid has-dynamic-card-height\"><li class=\"wp-block-post post-1572 post type-post status-publish format-standard hentry\">\n\n<div class=\" has-dynamic-border-radius  wp-block-biw-block-theme-blog-card\">\n    <div class=\"blog-card__inner\">\n\t\t        <div class=\"blog-card__text-content\">\n                            <p class=\"blog-card__type post\">Art\u00edculo<\/p>\n\t\t\t\t\t\t                <h3 class=\"blog-card__title\">\n                    <a href=\"https:\/\/www.biworldwide.com\/es-latam\/our-work\/blog\/gamificacion-programas-incentivos-resultados\/\">Del reconocimiento a los resultados<\/a>\n                <\/h3>\n\t\t\t\t\t\t                <p class=\"blog-card__excerpt\">\u00bfQu\u00e9 pasa cuando el 95% de tu equipo sabe que nunca ganar\u00e1 en la gamificaci\u00f3n en programas de incentivos? Se rinde.Y tu programa de incentivos se convierte en un gasto millonario que solo beneficia a quienes ya destacaban de todos modos. Los programas de incentivos tradicionales nacieron con una buena intenci\u00f3n: recompensar la excelencia. Pero [&hellip;]<\/p>\n\t\t\t        <\/div>\n    <\/div>\n<\/div>\n<\/li><li class=\"wp-block-post post-1377 post type-post status-publish format-standard hentry\">\n\n<div class=\" has-dynamic-border-radius  wp-block-biw-block-theme-blog-card\">\n    <div class=\"blog-card__inner\">\n\t\t        <div class=\"blog-card__text-content\">\n                            <p class=\"blog-card__type post\">Art\u00edculo<\/p>\n\t\t\t\t\t\t                <h3 class=\"blog-card__title\">\n                    <a href=\"https:\/\/www.biworldwide.com\/es-latam\/our-work\/blog\/programa-incentivos-ventas-rentable\/\">De gasto a inversi\u00f3n: C\u00f3mo dise\u00f1ar un programa de incentivos que se pague solo<\/a>\n                <\/h3>\n\t\t\t\t\t\t                <p class=\"blog-card__excerpt\">Dise\u00f1ar un programa de incentivos de ventas efectivo es mucho m\u00e1s que repartir premios a fin de mes; es la herramienta m\u00e1s potente que tienes para impulsar el rendimiento, alinear objetivos y transformar la cultura de tu equipo. Sin embargo, muchos directores comerciales y financieros se hacen la misma pregunta: &#8220;\u00bfPor qu\u00e9 si estoy invirtiendo [&hellip;]<\/p>\n\t\t\t        <\/div>\n    <\/div>\n<\/div>\n<\/li><li class=\"wp-block-post post-819 post type-post status-publish format-standard hentry\">\n\n<div class=\" has-dynamic-border-radius  wp-block-biw-block-theme-blog-card\">\n    <div class=\"blog-card__inner\">\n\t\t        <div class=\"blog-card__text-content\">\n                            <p class=\"blog-card__type post\">Art\u00edculo<\/p>\n\t\t\t\t\t\t                <h3 class=\"blog-card__title\">\n                    <a href=\"https:\/\/www.biworldwide.com\/es-latam\/our-work\/blog\/5-formas-en-que-los-regalos-pueden-inspirar-a-tus-clientes-y-empleados\/\">5 formas en que los regalos pueden inspirar a tus clientes y empleados<\/a>\n                <\/h3>\n\t\t\t\t\t\t                <p class=\"blog-card__excerpt\">Inspira a trav\u00e9s del regalo corporativo La cantidad de paquetes que una persona promedio recibe al a\u00f1o es asombrosa. Seg\u00fan el Pitney Bowes Parcel Shipping Index, en 2021 un hogar promedio recibi\u00f3 166 paquetes, y se estima que esa cifra seguir\u00e1 creciendo entre un 5 % y un 10 % anual hasta 2027. Y eso [&hellip;]<\/p>\n\t\t\t        <\/div>\n    <\/div>\n<\/div>\n<\/li><\/ul>\n\n<\/div>\n<\/div>\n\n\n\n<p><\/p>\n\n\n\n<p><\/p>\n\n\n\n<p><\/p>\n","protected":false},"excerpt":{"rendered":"<p>Soluciones inteligentes, f\u00e1ciles de implementar Las industrias de ciencias de la vida y atenci\u00f3n sanitaria est\u00e1n cambiando a una velocidad vertiginosa. Lo entendemos.Somos socios estrat\u00e9gicos que nos mantenemos alineados con las necesidades de nuestros clientes, entregando resultados tangibles y l\u00edderes en la industria que impactan positivamente en los resultados finales. Cada m\u00e9trica cuenta una historia. [&hellip;]<\/p>\n","protected":false},"author":11,"featured_media":0,"parent":140,"menu_order":0,"comment_status":"closed","ping_status":"closed","template":"","meta":{"featured_image_focal_point":{"x":0.5,"y":0.5},"footnotes":""},"wf_page_folders":[20],"class_list":["post-157","page","type-page","status-publish","hentry"],"yoast_head":"<!-- This site is optimized with the Yoast SEO plugin v26.2 - https:\/\/yoast.com\/wordpress\/plugins\/seo\/ -->\n<title>Salud - Latin America (Spanish)<\/title>\n<meta name=\"robots\" content=\"index, follow, max-snippet:-1, max-image-preview:large, max-video-preview:-1\" \/>\n<link rel=\"canonical\" href=\"https:\/\/www.biworldwide.com\/es-latam\/a-quien-ayudamos\/sector-salud\/\" \/>\n<meta property=\"og:locale\" content=\"es_ES\" \/>\n<meta property=\"og:type\" content=\"article\" \/>\n<meta property=\"og:title\" content=\"Salud - Latin America (Spanish)\" \/>\n<meta property=\"og:description\" content=\"Soluciones inteligentes, f\u00e1ciles de implementar Las industrias de ciencias de la vida y atenci\u00f3n sanitaria est\u00e1n cambiando a una velocidad vertiginosa. Lo entendemos.Somos socios estrat\u00e9gicos que nos mantenemos alineados con las necesidades de nuestros clientes, entregando resultados tangibles y l\u00edderes en la industria que impactan positivamente en los resultados finales. Cada m\u00e9trica cuenta una historia. [&hellip;]\" \/>\n<meta property=\"og:url\" content=\"https:\/\/www.biworldwide.com\/es-latam\/a-quien-ayudamos\/sector-salud\/\" \/>\n<meta property=\"og:site_name\" content=\"Latin America (Spanish)\" \/>\n<meta property=\"article:modified_time\" content=\"2025-04-01T23:58:28+00:00\" \/>\n<meta name=\"twitter:card\" content=\"summary_large_image\" \/>\n<meta name=\"twitter:label1\" content=\"Est. reading time\" \/>\n\t<meta name=\"twitter:data1\" content=\"2 minutos\" \/>\n<script type=\"application\/ld+json\" class=\"yoast-schema-graph\">{\"@context\":\"https:\/\/schema.org\",\"@graph\":[{\"@type\":\"WebPage\",\"@id\":\"https:\/\/www.biworldwide.com\/es-latam\/a-quien-ayudamos\/sector-salud\/\",\"url\":\"https:\/\/www.biworldwide.com\/es-latam\/a-quien-ayudamos\/sector-salud\/\",\"name\":\"Salud - Latin America (Spanish)\",\"isPartOf\":{\"@id\":\"https:\/\/www.biworldwide.com\/es-latam\/#website\"},\"datePublished\":\"2025-01-14T16:24:49+00:00\",\"dateModified\":\"2025-04-01T23:58:28+00:00\",\"breadcrumb\":{\"@id\":\"https:\/\/www.biworldwide.com\/es-latam\/a-quien-ayudamos\/sector-salud\/#breadcrumb\"},\"inLanguage\":\"es-CO\",\"potentialAction\":[{\"@type\":\"ReadAction\",\"target\":[\"https:\/\/www.biworldwide.com\/es-latam\/a-quien-ayudamos\/sector-salud\/\"]}]},{\"@type\":\"BreadcrumbList\",\"@id\":\"https:\/\/www.biworldwide.com\/es-latam\/a-quien-ayudamos\/sector-salud\/#breadcrumb\",\"itemListElement\":[{\"@type\":\"ListItem\",\"position\":1,\"name\":\"Home\",\"item\":\"https:\/\/www.biworldwide.com\/es-latam\/\"},{\"@type\":\"ListItem\",\"position\":2,\"name\":\"A qui\u00e9n ayudamos\",\"item\":\"https:\/\/www.biworldwide.com\/es-latam\/a-quien-ayudamos\/\"},{\"@type\":\"ListItem\",\"position\":3,\"name\":\"Salud\"}]},{\"@type\":\"WebSite\",\"@id\":\"https:\/\/www.biworldwide.com\/es-latam\/#website\",\"url\":\"https:\/\/www.biworldwide.com\/es-latam\/\",\"name\":\"Latin America (Spanish)\",\"description\":\"\",\"publisher\":{\"@id\":\"https:\/\/www.biworldwide.com\/es-latam\/#organization\"},\"potentialAction\":[{\"@type\":\"SearchAction\",\"target\":{\"@type\":\"EntryPoint\",\"urlTemplate\":\"https:\/\/www.biworldwide.com\/es-latam\/?s={search_term_string}\"},\"query-input\":{\"@type\":\"PropertyValueSpecification\",\"valueRequired\":true,\"valueName\":\"search_term_string\"}}],\"inLanguage\":\"es-CO\"},{\"@type\":\"Organization\",\"@id\":\"https:\/\/www.biworldwide.com\/es-latam\/#organization\",\"name\":\"Latin America (Spanish)\",\"url\":\"https:\/\/www.biworldwide.com\/es-latam\/\",\"logo\":{\"@type\":\"ImageObject\",\"inLanguage\":\"es-CO\",\"@id\":\"https:\/\/www.biworldwide.com\/es-latam\/#\/schema\/logo\/image\/\",\"url\":\"https:\/\/www.biworldwide.com\/es-latam\/wp-content\/uploads\/sites\/14\/2025\/02\/BIW_corp_lockup_rgb.png\",\"contentUrl\":\"https:\/\/www.biworldwide.com\/es-latam\/wp-content\/uploads\/sites\/14\/2025\/02\/BIW_corp_lockup_rgb.png\",\"width\":550,\"height\":400,\"caption\":\"Latin America (Spanish)\"},\"image\":{\"@id\":\"https:\/\/www.biworldwide.com\/es-latam\/#\/schema\/logo\/image\/\"}}]}<\/script>\n<!-- \/ Yoast SEO plugin. -->","yoast_head_json":{"title":"Salud - Latin America (Spanish)","robots":{"index":"index","follow":"follow","max-snippet":"max-snippet:-1","max-image-preview":"max-image-preview:large","max-video-preview":"max-video-preview:-1"},"canonical":"https:\/\/www.biworldwide.com\/es-latam\/a-quien-ayudamos\/sector-salud\/","og_locale":"es_ES","og_type":"article","og_title":"Salud - Latin America (Spanish)","og_description":"Soluciones inteligentes, f\u00e1ciles de implementar Las industrias de ciencias de la vida y atenci\u00f3n sanitaria est\u00e1n cambiando a una velocidad vertiginosa. Lo entendemos.Somos socios estrat\u00e9gicos que nos mantenemos alineados con las necesidades de nuestros clientes, entregando resultados tangibles y l\u00edderes en la industria que impactan positivamente en los resultados finales. Cada m\u00e9trica cuenta una historia. [&hellip;]","og_url":"https:\/\/www.biworldwide.com\/es-latam\/a-quien-ayudamos\/sector-salud\/","og_site_name":"Latin America (Spanish)","article_modified_time":"2025-04-01T23:58:28+00:00","twitter_card":"summary_large_image","twitter_misc":{"Est. reading time":"2 minutos"},"schema":{"@context":"https:\/\/schema.org","@graph":[{"@type":"WebPage","@id":"https:\/\/www.biworldwide.com\/es-latam\/a-quien-ayudamos\/sector-salud\/","url":"https:\/\/www.biworldwide.com\/es-latam\/a-quien-ayudamos\/sector-salud\/","name":"Salud - Latin America (Spanish)","isPartOf":{"@id":"https:\/\/www.biworldwide.com\/es-latam\/#website"},"datePublished":"2025-01-14T16:24:49+00:00","dateModified":"2025-04-01T23:58:28+00:00","breadcrumb":{"@id":"https:\/\/www.biworldwide.com\/es-latam\/a-quien-ayudamos\/sector-salud\/#breadcrumb"},"inLanguage":"es-CO","potentialAction":[{"@type":"ReadAction","target":["https:\/\/www.biworldwide.com\/es-latam\/a-quien-ayudamos\/sector-salud\/"]}]},{"@type":"BreadcrumbList","@id":"https:\/\/www.biworldwide.com\/es-latam\/a-quien-ayudamos\/sector-salud\/#breadcrumb","itemListElement":[{"@type":"ListItem","position":1,"name":"Home","item":"https:\/\/www.biworldwide.com\/es-latam\/"},{"@type":"ListItem","position":2,"name":"A qui\u00e9n ayudamos","item":"https:\/\/www.biworldwide.com\/es-latam\/a-quien-ayudamos\/"},{"@type":"ListItem","position":3,"name":"Salud"}]},{"@type":"WebSite","@id":"https:\/\/www.biworldwide.com\/es-latam\/#website","url":"https:\/\/www.biworldwide.com\/es-latam\/","name":"Latin America (Spanish)","description":"","publisher":{"@id":"https:\/\/www.biworldwide.com\/es-latam\/#organization"},"potentialAction":[{"@type":"SearchAction","target":{"@type":"EntryPoint","urlTemplate":"https:\/\/www.biworldwide.com\/es-latam\/?s={search_term_string}"},"query-input":{"@type":"PropertyValueSpecification","valueRequired":true,"valueName":"search_term_string"}}],"inLanguage":"es-CO"},{"@type":"Organization","@id":"https:\/\/www.biworldwide.com\/es-latam\/#organization","name":"Latin America (Spanish)","url":"https:\/\/www.biworldwide.com\/es-latam\/","logo":{"@type":"ImageObject","inLanguage":"es-CO","@id":"https:\/\/www.biworldwide.com\/es-latam\/#\/schema\/logo\/image\/","url":"https:\/\/www.biworldwide.com\/es-latam\/wp-content\/uploads\/sites\/14\/2025\/02\/BIW_corp_lockup_rgb.png","contentUrl":"https:\/\/www.biworldwide.com\/es-latam\/wp-content\/uploads\/sites\/14\/2025\/02\/BIW_corp_lockup_rgb.png","width":550,"height":400,"caption":"Latin America (Spanish)"},"image":{"@id":"https:\/\/www.biworldwide.com\/es-latam\/#\/schema\/logo\/image\/"}}]}},"_links":{"self":[{"href":"https:\/\/www.biworldwide.com\/es-latam\/wp-json\/wp\/v2\/pages\/157","targetHints":{"allow":["GET"]}}],"collection":[{"href":"https:\/\/www.biworldwide.com\/es-latam\/wp-json\/wp\/v2\/pages"}],"about":[{"href":"https:\/\/www.biworldwide.com\/es-latam\/wp-json\/wp\/v2\/types\/page"}],"author":[{"embeddable":true,"href":"https:\/\/www.biworldwide.com\/es-latam\/wp-json\/wp\/v2\/users\/11"}],"replies":[{"embeddable":true,"href":"https:\/\/www.biworldwide.com\/es-latam\/wp-json\/wp\/v2\/comments?post=157"}],"version-history":[{"count":4,"href":"https:\/\/www.biworldwide.com\/es-latam\/wp-json\/wp\/v2\/pages\/157\/revisions"}],"predecessor-version":[{"id":1244,"href":"https:\/\/www.biworldwide.com\/es-latam\/wp-json\/wp\/v2\/pages\/157\/revisions\/1244"}],"up":[{"embeddable":true,"href":"https:\/\/www.biworldwide.com\/es-latam\/wp-json\/wp\/v2\/pages\/140"}],"wp:attachment":[{"href":"https:\/\/www.biworldwide.com\/es-latam\/wp-json\/wp\/v2\/media?parent=157"}],"wp:term":[{"taxonomy":"wf_page_folders","embeddable":true,"href":"https:\/\/www.biworldwide.com\/es-latam\/wp-json\/wp\/v2\/wf_page_folders?post=157"}],"curies":[{"name":"wp","href":"https:\/\/api.w.org\/{rel}","templated":true}]}}