{"id":159,"date":"2025-01-14T16:25:11","date_gmt":"2025-01-14T16:25:11","guid":{"rendered":"https:\/\/live-biw-main.pantheonsite.io\/?page_id=159"},"modified":"2025-04-01T17:58:13","modified_gmt":"2025-04-01T23:58:13","slug":"manufactura","status":"publish","type":"page","link":"https:\/\/www.biworldwide.com\/es-latam\/a-quien-ayudamos\/manufactura\/","title":{"rendered":"Manufactura"},"content":{"rendered":"<div class=\" has-content-align-left has-overlay has-overlay--dark alignfull wp-block-biw-block-theme-hero\">\n\t<div class=\"biw-hero__grid\">\n\t\t\n\t\t\t\t\t<div class=\"biw-hero__media \">\n\t\t\t\t\t\t\t\t\t<div class=\"biw-hero__overlay overlay-dark\"><\/div>\n\t\t\t\t\t\t\t\t<img decoding=\"async\" src=\"http:\/\/live-biw-main.pantheonsite.io\/wp-content\/uploads\/2025\/02\/Manufacturing-warehouse-1728x600px.jpg\" alt=\"Top view of two warehouse workers wearing safety vests and helmets, moving boxes in an industrial setting. Brown boxes are stacked around them, with an orange translucent overlay on the left side of the image.\" class=\"biw-hero__bg-image\" style=\"object-position: 50% 50%;\">\t\t\t<\/div>\n\t\t\t\t<div class=\"biw-hero__content\">\n\t\t\t\t\t\t<h1 class=\"biw-hero__title\" style=\"line-height: 1.2\">\n\t\t\t\tManufactura\t\t\t<\/h1>\n\t\t\t\t\t\t\t<h2 class=\"biw-hero__subtitle\">\n\t\t\t\t\t<br><strong>Programas de Incentivos, Reconocimiento y Lealtad Impactantes Adaptados para la Industria Manufacturera<\/strong>.\t\t\t\t<\/h2>\n\t\t\t\t\t\t\t\t\t\t<div class=\"biw-hero__text\">\n\t\t\t\t\t\n\n<p>Nuestro enfoque se basa en los principios de la econom\u00eda del comportamiento, asegurando que nuestras estrategias motiven y comprometan efectivamente a tu fuerza laboral.<\/p>\n\n\t\t\t\t<\/div>\n\t\t\t\t\t\t\t\t<\/div>\n\t<\/div>\n<\/div>\n\n\n\n<div class=\"wp-block-group  layout-columns-8 has-global-padding is-layout-constrained wp-container-core-group-is-layout-fce79bf6 wp-block-group-is-layout-constrained\">\n<p class=\"has-xxl-font-size\"><strong>Nuestra experiencia<\/strong><\/p>\n\n\n\n<ul class=\"wp-block-list\">\n<li class=\"has-large-font-size\"><strong>Programas de incentivos<\/strong>: Dise\u00f1amos estructuras de incentivos personalizadas que impulsan la eficiencia operativa y la productividad en el piso de trabajo.<\/li>\n\n\n\n<li class=\"has-large-font-size\"><strong>Programas de reconocimiento<\/strong>: Implementamos sistemas para celebrar y premiar los logros de los empleados, como los aniversarios de servicio.<\/li>\n\n\n\n<li class=\"has-large-font-size\"><strong>Programas de lealtad<\/strong>: Construimos lealtad a largo plazo mediante recompensas significativas y personalizadas que resuenan con tu equipo de manufactura.<\/li>\n\n\n\n<li class=\"has-large-font-size\"><strong>Econom\u00eda del comportamiento<\/strong>: Aprovechamos conocimientos cient\u00edficos para dise\u00f1ar programas que se alinean con las din\u00e1micas \u00fanicas del entorno manufacturero.<\/li>\n<\/ul>\n\n\n\n<p class=\"has-xxl-font-size\"><strong>\u00bfPor qu\u00e9 elegirnos?<\/strong><\/p>\n\n\n\n<ul class=\"wp-block-list\">\n<li class=\"has-large-font-size\"><strong>Enfoque industrial<\/strong>: Entendimiento profundo de los desaf\u00edos y oportunidades \u00fanicos dentro del sector manufacturero, desde las complejidades de la cadena de suministro hasta la gesti\u00f3n de la fuerza laboral.<\/li>\n\n\n\n<li class=\"has-large-font-size\"><strong>Estrategias comprobadas<\/strong>: Utilizamos m\u00e9todos basados en evidencia para lograr mejoras medibles en el rendimiento y compromiso de los empleados.<\/li>\n<\/ul>\n\n\n\n<p><strong>Estrategias comprobadas<\/strong>: Utilizamos m\u00e9todos basados en evidencia para lograr mejoras medibles en el rendimiento y compromiso de los empleados.<\/p>\n<\/div>\n\n\n\n<p><\/p>\n\n\n\n<p><\/p>\n","protected":false},"excerpt":{"rendered":"<p>Nuestra experiencia \u00bfPor qu\u00e9 elegirnos? Estrategias comprobadas: Utilizamos m\u00e9todos basados en evidencia para lograr mejoras medibles en el rendimiento y compromiso de los empleados.<\/p>\n","protected":false},"author":11,"featured_media":0,"parent":140,"menu_order":0,"comment_status":"closed","ping_status":"closed","template":"","meta":{"featured_image_focal_point":{"x":0.5,"y":0.5},"footnotes":""},"wf_page_folders":[20],"class_list":["post-159","page","type-page","status-publish","hentry"],"yoast_head":"<!-- This site is optimized with the Yoast SEO plugin v26.2 - https:\/\/yoast.com\/wordpress\/plugins\/seo\/ -->\n<title>Manufactura - Latin America (Spanish)<\/title>\n<meta name=\"robots\" content=\"index, follow, max-snippet:-1, max-image-preview:large, max-video-preview:-1\" \/>\n<link rel=\"canonical\" href=\"https:\/\/www.biworldwide.com\/es-latam\/a-quien-ayudamos\/manufactura\/\" \/>\n<meta property=\"og:locale\" content=\"es_ES\" \/>\n<meta property=\"og:type\" content=\"article\" \/>\n<meta property=\"og:title\" content=\"Manufactura - Latin America (Spanish)\" \/>\n<meta property=\"og:description\" content=\"Nuestra experiencia \u00bfPor qu\u00e9 elegirnos? Estrategias comprobadas: Utilizamos m\u00e9todos basados en evidencia para lograr mejoras medibles en el rendimiento y compromiso de los empleados.\" \/>\n<meta property=\"og:url\" content=\"https:\/\/www.biworldwide.com\/es-latam\/a-quien-ayudamos\/manufactura\/\" \/>\n<meta property=\"og:site_name\" content=\"Latin America (Spanish)\" \/>\n<meta property=\"article:modified_time\" content=\"2025-04-01T23:58:13+00:00\" \/>\n<meta name=\"twitter:card\" content=\"summary_large_image\" \/>\n<meta name=\"twitter:label1\" content=\"Est. reading time\" \/>\n\t<meta name=\"twitter:data1\" content=\"1 minuto\" \/>\n<script type=\"application\/ld+json\" class=\"yoast-schema-graph\">{\"@context\":\"https:\/\/schema.org\",\"@graph\":[{\"@type\":\"WebPage\",\"@id\":\"https:\/\/www.biworldwide.com\/es-latam\/a-quien-ayudamos\/manufactura\/\",\"url\":\"https:\/\/www.biworldwide.com\/es-latam\/a-quien-ayudamos\/manufactura\/\",\"name\":\"Manufactura - Latin America (Spanish)\",\"isPartOf\":{\"@id\":\"https:\/\/www.biworldwide.com\/es-latam\/#website\"},\"datePublished\":\"2025-01-14T16:25:11+00:00\",\"dateModified\":\"2025-04-01T23:58:13+00:00\",\"breadcrumb\":{\"@id\":\"https:\/\/www.biworldwide.com\/es-latam\/a-quien-ayudamos\/manufactura\/#breadcrumb\"},\"inLanguage\":\"es-CO\",\"potentialAction\":[{\"@type\":\"ReadAction\",\"target\":[\"https:\/\/www.biworldwide.com\/es-latam\/a-quien-ayudamos\/manufactura\/\"]}]},{\"@type\":\"BreadcrumbList\",\"@id\":\"https:\/\/www.biworldwide.com\/es-latam\/a-quien-ayudamos\/manufactura\/#breadcrumb\",\"itemListElement\":[{\"@type\":\"ListItem\",\"position\":1,\"name\":\"Home\",\"item\":\"https:\/\/www.biworldwide.com\/es-latam\/\"},{\"@type\":\"ListItem\",\"position\":2,\"name\":\"A qui\u00e9n ayudamos\",\"item\":\"https:\/\/www.biworldwide.com\/es-latam\/a-quien-ayudamos\/\"},{\"@type\":\"ListItem\",\"position\":3,\"name\":\"Manufactura\"}]},{\"@type\":\"WebSite\",\"@id\":\"https:\/\/www.biworldwide.com\/es-latam\/#website\",\"url\":\"https:\/\/www.biworldwide.com\/es-latam\/\",\"name\":\"Latin America (Spanish)\",\"description\":\"\",\"publisher\":{\"@id\":\"https:\/\/www.biworldwide.com\/es-latam\/#organization\"},\"potentialAction\":[{\"@type\":\"SearchAction\",\"target\":{\"@type\":\"EntryPoint\",\"urlTemplate\":\"https:\/\/www.biworldwide.com\/es-latam\/?s={search_term_string}\"},\"query-input\":{\"@type\":\"PropertyValueSpecification\",\"valueRequired\":true,\"valueName\":\"search_term_string\"}}],\"inLanguage\":\"es-CO\"},{\"@type\":\"Organization\",\"@id\":\"https:\/\/www.biworldwide.com\/es-latam\/#organization\",\"name\":\"Latin America (Spanish)\",\"url\":\"https:\/\/www.biworldwide.com\/es-latam\/\",\"logo\":{\"@type\":\"ImageObject\",\"inLanguage\":\"es-CO\",\"@id\":\"https:\/\/www.biworldwide.com\/es-latam\/#\/schema\/logo\/image\/\",\"url\":\"https:\/\/www.biworldwide.com\/es-latam\/wp-content\/uploads\/sites\/14\/2025\/02\/BIW_corp_lockup_rgb.png\",\"contentUrl\":\"https:\/\/www.biworldwide.com\/es-latam\/wp-content\/uploads\/sites\/14\/2025\/02\/BIW_corp_lockup_rgb.png\",\"width\":550,\"height\":400,\"caption\":\"Latin America (Spanish)\"},\"image\":{\"@id\":\"https:\/\/www.biworldwide.com\/es-latam\/#\/schema\/logo\/image\/\"}}]}<\/script>\n<!-- \/ Yoast SEO plugin. -->","yoast_head_json":{"title":"Manufactura - Latin America (Spanish)","robots":{"index":"index","follow":"follow","max-snippet":"max-snippet:-1","max-image-preview":"max-image-preview:large","max-video-preview":"max-video-preview:-1"},"canonical":"https:\/\/www.biworldwide.com\/es-latam\/a-quien-ayudamos\/manufactura\/","og_locale":"es_ES","og_type":"article","og_title":"Manufactura - Latin America (Spanish)","og_description":"Nuestra experiencia \u00bfPor qu\u00e9 elegirnos? Estrategias comprobadas: Utilizamos m\u00e9todos basados en evidencia para lograr mejoras medibles en el rendimiento y compromiso de los empleados.","og_url":"https:\/\/www.biworldwide.com\/es-latam\/a-quien-ayudamos\/manufactura\/","og_site_name":"Latin America (Spanish)","article_modified_time":"2025-04-01T23:58:13+00:00","twitter_card":"summary_large_image","twitter_misc":{"Est. reading time":"1 minuto"},"schema":{"@context":"https:\/\/schema.org","@graph":[{"@type":"WebPage","@id":"https:\/\/www.biworldwide.com\/es-latam\/a-quien-ayudamos\/manufactura\/","url":"https:\/\/www.biworldwide.com\/es-latam\/a-quien-ayudamos\/manufactura\/","name":"Manufactura - Latin America (Spanish)","isPartOf":{"@id":"https:\/\/www.biworldwide.com\/es-latam\/#website"},"datePublished":"2025-01-14T16:25:11+00:00","dateModified":"2025-04-01T23:58:13+00:00","breadcrumb":{"@id":"https:\/\/www.biworldwide.com\/es-latam\/a-quien-ayudamos\/manufactura\/#breadcrumb"},"inLanguage":"es-CO","potentialAction":[{"@type":"ReadAction","target":["https:\/\/www.biworldwide.com\/es-latam\/a-quien-ayudamos\/manufactura\/"]}]},{"@type":"BreadcrumbList","@id":"https:\/\/www.biworldwide.com\/es-latam\/a-quien-ayudamos\/manufactura\/#breadcrumb","itemListElement":[{"@type":"ListItem","position":1,"name":"Home","item":"https:\/\/www.biworldwide.com\/es-latam\/"},{"@type":"ListItem","position":2,"name":"A qui\u00e9n ayudamos","item":"https:\/\/www.biworldwide.com\/es-latam\/a-quien-ayudamos\/"},{"@type":"ListItem","position":3,"name":"Manufactura"}]},{"@type":"WebSite","@id":"https:\/\/www.biworldwide.com\/es-latam\/#website","url":"https:\/\/www.biworldwide.com\/es-latam\/","name":"Latin America (Spanish)","description":"","publisher":{"@id":"https:\/\/www.biworldwide.com\/es-latam\/#organization"},"potentialAction":[{"@type":"SearchAction","target":{"@type":"EntryPoint","urlTemplate":"https:\/\/www.biworldwide.com\/es-latam\/?s={search_term_string}"},"query-input":{"@type":"PropertyValueSpecification","valueRequired":true,"valueName":"search_term_string"}}],"inLanguage":"es-CO"},{"@type":"Organization","@id":"https:\/\/www.biworldwide.com\/es-latam\/#organization","name":"Latin America (Spanish)","url":"https:\/\/www.biworldwide.com\/es-latam\/","logo":{"@type":"ImageObject","inLanguage":"es-CO","@id":"https:\/\/www.biworldwide.com\/es-latam\/#\/schema\/logo\/image\/","url":"https:\/\/www.biworldwide.com\/es-latam\/wp-content\/uploads\/sites\/14\/2025\/02\/BIW_corp_lockup_rgb.png","contentUrl":"https:\/\/www.biworldwide.com\/es-latam\/wp-content\/uploads\/sites\/14\/2025\/02\/BIW_corp_lockup_rgb.png","width":550,"height":400,"caption":"Latin America (Spanish)"},"image":{"@id":"https:\/\/www.biworldwide.com\/es-latam\/#\/schema\/logo\/image\/"}}]}},"_links":{"self":[{"href":"https:\/\/www.biworldwide.com\/es-latam\/wp-json\/wp\/v2\/pages\/159","targetHints":{"allow":["GET"]}}],"collection":[{"href":"https:\/\/www.biworldwide.com\/es-latam\/wp-json\/wp\/v2\/pages"}],"about":[{"href":"https:\/\/www.biworldwide.com\/es-latam\/wp-json\/wp\/v2\/types\/page"}],"author":[{"embeddable":true,"href":"https:\/\/www.biworldwide.com\/es-latam\/wp-json\/wp\/v2\/users\/11"}],"replies":[{"embeddable":true,"href":"https:\/\/www.biworldwide.com\/es-latam\/wp-json\/wp\/v2\/comments?post=159"}],"version-history":[{"count":4,"href":"https:\/\/www.biworldwide.com\/es-latam\/wp-json\/wp\/v2\/pages\/159\/revisions"}],"predecessor-version":[{"id":1245,"href":"https:\/\/www.biworldwide.com\/es-latam\/wp-json\/wp\/v2\/pages\/159\/revisions\/1245"}],"up":[{"embeddable":true,"href":"https:\/\/www.biworldwide.com\/es-latam\/wp-json\/wp\/v2\/pages\/140"}],"wp:attachment":[{"href":"https:\/\/www.biworldwide.com\/es-latam\/wp-json\/wp\/v2\/media?parent=159"}],"wp:term":[{"taxonomy":"wf_page_folders","embeddable":true,"href":"https:\/\/www.biworldwide.com\/es-latam\/wp-json\/wp\/v2\/wf_page_folders?post=159"}],"curies":[{"name":"wp","href":"https:\/\/api.w.org\/{rel}","templated":true}]}}