{"id":163,"date":"2025-01-14T16:25:49","date_gmt":"2025-01-14T16:25:49","guid":{"rendered":"https:\/\/live-biw-main.pantheonsite.io\/?page_id=163"},"modified":"2025-04-01T17:58:36","modified_gmt":"2025-04-01T23:58:36","slug":"tecnologia","status":"publish","type":"page","link":"https:\/\/www.biworldwide.com\/es-latam\/a-quien-ayudamos\/tecnologia\/","title":{"rendered":"Tecnolog\u00eda"},"content":{"rendered":"<div class=\" has-content-align-left has-overlay has-overlay--dark alignfull wp-block-biw-block-theme-hero\">\n\t<div class=\"biw-hero__grid\">\n\t\t\n\t\t\t\t\t<div class=\"biw-hero__media \">\n\t\t\t\t\t\t\t\t\t<div class=\"biw-hero__overlay overlay-dark\"><\/div>\n\t\t\t\t\t\t\t\t<img decoding=\"async\" src=\"http:\/\/live-biw-main.pantheonsite.io\/wp-content\/uploads\/2025\/03\/BIW_Site_Hero_Technology-1-scaled.jpg\" alt=\"A person works intently on a laptop, surrounded by colorful bokeh lights in a dark setting. The atmosphere is vibrant, with blues, reds, and occasional star-like sparkles adding a dynamic, futuristic touch to the scene.\" class=\"biw-hero__bg-image\" style=\"object-position: 50% 50%;\">\t\t\t<\/div>\n\t\t\t\t<div class=\"biw-hero__content\">\n\t\t\t\t\t\t<h1 class=\"biw-hero__title\" style=\"line-height: 1.2\">\n\t\t\t\tTecnolog\u00eda\t\t\t<\/h1>\n\t\t\t\t\t\t\t<h2 class=\"biw-hero__subtitle\">\n\t\t\t\t\t<strong>La vanguardia de la econom\u00eda del comportamiento<\/strong>\t\t\t\t<\/h2>\n\t\t\t\t\t\t\t\t\t\t<div class=\"biw-hero__text\">\n\t\t\t\t\t\n\n<p>Con la confianza de las principales empresas tecnol\u00f3gicas para impulsar mejores resultados comerciales al atraer, inspirar y retener una fuerza laboral de alto rendimiento; aumentar la efectividad de las fuerzas de ventas; mejorar la lealtad de los socios; y energizar a las audiencias en eventos.<\/p>\n\n\t\t\t\t<\/div>\n\t\t\t\t\t\t\t\t<\/div>\n\t<\/div>\n<\/div>\n\n\n\n<div class=\"wp-block-group  layout-columns-8 has-global-padding is-layout-constrained wp-container-core-group-is-layout-fce79bf6 wp-block-group-is-layout-constrained\">\n<p class=\"has-xl-font-size\"><strong><strong><a href=\"https:\/\/www.biworldwide.com\/es-latam\/programas-para-empleados\/\">Involucrar a los empleados<\/a><\/strong><\/strong><\/p>\n\n\n\n<p>We help you attract, inspire, and retain a high-performing workforce by:<\/p>\n\n\n\n<ul class=\"wp-block-list\">\n<li class=\"has-large-font-size\">El fortalecimiento de tu cultura.<\/li>\n\n\n\n<li class=\"has-large-font-size\">La conexi\u00f3n de los empleados con tu cultura y prop\u00f3sito.<\/li>\n\n\n\n<li class=\"has-large-font-size\">La mejora de la experiencia del empleado.<\/li>\n\n\n\n<li class=\"has-large-font-size\">Hacer que los empleados se sientan valorados por sus contribuciones.<\/li>\n\n\n\n<li class=\"has-large-font-size\">Aumentar el sentido de pertenencia de los empleados.<\/li>\n<\/ul>\n\n\n\n<figure class=\"wp-block-image size-large\"><img decoding=\"async\" src=\"http:\/\/live-biw-main.pantheonsite.io\/wp-content\/uploads\/2025\/02\/Employee-engagement-WomanReceivingApplause-1300x732px-1024x577.jpg\" alt=\"A smiling woman with curly hair sits at a table, looking up. She is surrounded by several people clapping, all wearing business attire. A laptop is visible in front of her. The atmosphere appears celebratory and supportive.\" class=\"wp-image-2254\" \/><\/figure>\n<\/div>\n\n\n\n<div class=\"wp-block-group  layout-columns-8 has-global-padding is-layout-constrained wp-container-core-group-is-layout-fce79bf6 wp-block-group-is-layout-constrained\">\n<p class=\"has-xl-font-size\"><strong><strong><a href=\"https:\/\/www.biworldwide.com\/es-latam\/soluciones-para-ventas\/\">Motivar a los vendedores<\/a><\/strong><\/strong><\/p>\n\n\n\n<p>Ayudamos a nuestros clientes a aumentar las ventas y mejorar la rentabilidad impulsando el compromiso y la efectividad de sus fuerzas de ventas. Entendemos que cada situaci\u00f3n es diferente y no existe una soluci\u00f3n \u00fanica. Aplicamos principios de la econom\u00eda del comportamiento para dise\u00f1ar soluciones innovadoras que influyan en el comportamiento y el rendimiento de los vendedores mediante:<\/p>\n\n\n\n<ul class=\"wp-block-list\">\n<li class=\"has-large-font-size\">Aumentar la conciencia, el compromiso emocional y el enfoque en el logro de objetivos.<\/li>\n\n\n\n<li class=\"has-large-font-size\">Impulsar la habilitaci\u00f3n de ventas y las actividades de alto valor.<\/li>\n\n\n\n<li class=\"has-large-font-size\">Incrementar el conocimiento, las habilidades y la capacidad de posicionar tu propuesta de valor y vender tus soluciones.<\/li>\n\n\n\n<li class=\"has-large-font-size\">Inspirar, reconocer y recompensar el cumplimiento de objetivos de ventas y la mejora incremental en todos los niveles de rendimiento.<\/li>\n\n\n\n<li class=\"has-large-font-size\">Optimizar la inversi\u00f3n en incentivos y reconocimientos de ventas.<\/li>\n<\/ul>\n\n\n\n<figure class=\"wp-block-image size-large\"><img decoding=\"async\" src=\"http:\/\/live-biw-main.pantheonsite.io\/wp-content\/uploads\/2025\/02\/Sales-team-motivation-1300x732px-1024x577.jpg\" alt=\"Blurry image of a speaker in a suit onstage, holding a microphone, addressing an audience. The room is dimly lit, with attendees mostly out of focus, suggesting a conference or presentation setting.\" class=\"wp-image-2275\" \/><\/figure>\n<\/div>\n\n\n\n<div class=\"wp-block-group  layout-columns-8 has-global-padding is-layout-constrained wp-container-core-group-is-layout-fce79bf6 wp-block-group-is-layout-constrained\">\n<p class=\"has-xl-font-size\"><strong><strong><a href=\"https:\/\/www.biworldwide.com\/es-latam\/programas-para-canales-de-ventas\/\">Impulsar la lealtad de los socios<\/a><\/strong><\/strong><\/p>\n\n\n\n<p>Te ayudamos a construir relaciones s\u00f3lidas y duraderas con distribuidores, revendedores y proveedores de soluciones al aumentar su compromiso, ventas y lealtad. Ya sea a trav\u00e9s del an\u00e1lisis de segmentaci\u00f3n de socios, incentivos de ventas tradicionales, soluciones de aprendizaje o una combinaci\u00f3n de &#8220;aprender y ganar&#8221;, creamos oportunidades para que tus socios de canal comuniquen efectivamente la propuesta de valor de tu empresa y mantengan tu negocio en primer plano mediante:<\/p>\n\n\n\n<ul class=\"wp-block-list\">\n<li class=\"has-large-font-size\">El an\u00e1lisis y segmentaci\u00f3n del rendimiento de los socios del canal.<\/li>\n\n\n\n<li class=\"has-large-font-size\">La identificaci\u00f3n de iniciativas para impulsar el crecimiento y la rentabilidad que maximicen el ROI de tu marketing de canal.<\/li>\n\n\n\n<li class=\"has-large-font-size\">Lograr la atenci\u00f3n de los socios del canal y mantener tu negocio en primer plano.<\/li>\n\n\n\n<li class=\"has-large-font-size\">Impulsar la habilitaci\u00f3n de ventas del canal y las actividades de alto valor.<\/li>\n\n\n\n<li class=\"has-large-font-size\">Incrementar el conocimiento, las habilidades y la capacidad de los socios para posicionar tu propuesta de valor y vender tus soluciones.<\/li>\n\n\n\n<li class=\"has-large-font-size\">Inspirar, reconocer y recompensar el crecimiento de las ventas en todos los segmentos y\/o niveles del canal.<\/li>\n<\/ul>\n\n\n\n<figure class=\"wp-block-image size-large\"><img decoding=\"async\" src=\"http:\/\/live-biw-main.pantheonsite.io\/wp-content\/uploads\/2025\/02\/Channel-sales-LoadingDock-1300x732px-1024x577.jpg\" alt=\"Aerial view of four parked trucks in a row, one being orange and the others white. They are aligned diagonally on a marked gray asphalt surface.\" class=\"wp-image-2246\" \/><\/figure>\n<\/div>\n\n\n\n<div class=\"wp-block-group  layout-columns-8 has-global-padding is-layout-constrained wp-container-core-group-is-layout-fce79bf6 wp-block-group-is-layout-constrained\">\n<p class=\"has-xl-font-size\"><strong><strong>Energizar a las audiencias en eventos<\/strong><\/strong><\/p>\n\n\n\n<p>Te ayudamos a dise\u00f1ar y ejecutar eventos de clase mundial que energicen e inspiren a tu audiencia mediante:<\/p>\n\n\n\n<ul class=\"wp-block-list\">\n<li class=\"has-large-font-size\">Aportar ideas innovadoras y soluciones frescas para elevar la experiencia general.<\/li>\n\n\n\n<li class=\"has-large-font-size\">Ofrecer un enfoque hol\u00edstico y centrado en la audiencia, m\u00e1s all\u00e1 de la creatividad, la producci\u00f3n y la log\u00edstica, para maximizar el impacto de cada evento.<\/li>\n\n\n\n<li class=\"has-large-font-size\">Proporcionar una soluci\u00f3n integral que simplifica la planificaci\u00f3n, coordinaci\u00f3n y ejecuci\u00f3n de eventos de alto nivel.<\/li>\n\n\n\n<li class=\"has-large-font-size\">Aprovechar nuestra presencia global, recursos y experiencia en mercados locales para organizar eventos internacionales que se adapten a las necesidades espec\u00edficas de cada regi\u00f3n.<br><\/li>\n<\/ul>\n\n\n\n<figure class=\"wp-block-image size-large\"><img decoding=\"async\" src=\"http:\/\/live-biw-main.pantheonsite.io\/wp-content\/uploads\/2025\/02\/Meetings-and-events-1300x732px-1024x577.jpg\" alt=\"A person wearing headphones operates a camera in a studio with bright stage lights in the background. The scene is predominantly blue with a translucent orange overlay on the right side. The background shows out-of-focus illuminated screens.\" class=\"wp-image-2265\" \/><\/figure>\n<\/div>\n\n\n\n<div class=\"wp-block-group alignfull has-global-padding is-layout-constrained wp-container-core-group-is-layout-e04489b5 wp-block-group-is-layout-constrained\">\n<div class=\"wp-block-group  layout-columns-8 has-global-padding is-layout-constrained wp-container-core-group-is-layout-fce79bf6 wp-block-group-is-layout-constrained\">\n<h2 class=\"wp-block-heading has-text-align-center\"><strong>Los n\u00fameros cuentan una historia<\/strong><\/h2>\n\n\n\n<p class=\"has-text-align-center\"><\/p>\n<\/div>\n\n\n\n<div class=\"wp-block-group  layout-columns-10 has-global-padding is-layout-constrained wp-container-core-group-is-layout-0b5f5b40 wp-block-group-is-layout-constrained\">\n<div class=\"wp-block-group has-text-align-center is-layout-grid wp-container-core-group-is-layout-ef442fb0 wp-block-group-is-layout-grid\">\n<div class=\"wp-block-group is-vertical is-content-justification-center is-layout-flex wp-container-core-group-is-layout-81423f52 wp-block-group-is-layout-flex\">\n<h3 class=\"wp-block-heading has-impact-font-size  has-text-wrap-no-wrap  has-gradient-fill has-gradient-fill-purple\">24<\/h3>\n\n\n\n<p class=\"has-text-align-center has-large-font-size  has-text-wrap-balance\">de las mayores empresas tecnol\u00f3gicas globales conf\u00edan en nosotros.<\/p>\n<\/div>\n\n\n\n<div class=\"wp-block-group is-vertical is-content-justification-center is-layout-flex wp-container-core-group-is-layout-81423f52 wp-block-group-is-layout-flex\">\n<h3 class=\"wp-block-heading has-impact-font-size  has-text-wrap-no-wrap  has-gradient-fill has-gradient-fill-purple\">550k<\/h3>\n\n\n\n<p class=\"has-text-align-center has-large-font-size  has-text-wrap-balance\">participantes en nuestros programas.<\/p>\n<\/div>\n\n\n\n<div class=\"wp-block-group is-vertical is-content-justification-center is-layout-flex wp-container-core-group-is-layout-81423f52 wp-block-group-is-layout-flex\">\n<h3 class=\"wp-block-heading has-impact-font-size  has-text-wrap-no-wrap  has-gradient-fill has-gradient-fill-purple\">10:1<\/h3>\n\n\n\n<p class=\"has-text-align-center has-large-font-size  has-text-wrap-balance\">o m\u00e1s de ROI en incentivos de ventas.<\/p>\n<\/div>\n<\/div>\n<\/div>\n<\/div>\n\n\n\n<p><\/p>\n\n\n\n<p><\/p>\n","protected":false},"excerpt":{"rendered":"<p>Involucrar a los empleados We help you attract, inspire, and retain a high-performing workforce by: Motivar a los vendedores Ayudamos a nuestros clientes a aumentar las ventas y mejorar la rentabilidad impulsando el compromiso y la efectividad de sus fuerzas de ventas. Entendemos que cada situaci\u00f3n es diferente y no existe una soluci\u00f3n \u00fanica. Aplicamos [&hellip;]<\/p>\n","protected":false},"author":11,"featured_media":0,"parent":140,"menu_order":0,"comment_status":"closed","ping_status":"closed","template":"","meta":{"featured_image_focal_point":{"x":0.5,"y":0.5},"footnotes":""},"wf_page_folders":[20],"class_list":["post-163","page","type-page","status-publish","hentry"],"yoast_head":"<!-- This site is optimized with the Yoast SEO plugin v26.2 - https:\/\/yoast.com\/wordpress\/plugins\/seo\/ -->\n<title>Tecnolog\u00eda - Latin America (Spanish)<\/title>\n<meta name=\"robots\" content=\"index, follow, max-snippet:-1, max-image-preview:large, max-video-preview:-1\" \/>\n<link rel=\"canonical\" href=\"https:\/\/www.biworldwide.com\/es-latam\/a-quien-ayudamos\/tecnologia\/\" \/>\n<meta property=\"og:locale\" content=\"es_ES\" \/>\n<meta property=\"og:type\" content=\"article\" \/>\n<meta property=\"og:title\" content=\"Tecnolog\u00eda - Latin America (Spanish)\" \/>\n<meta property=\"og:description\" content=\"Involucrar a los empleados We help you attract, inspire, and retain a high-performing workforce by: Motivar a los vendedores Ayudamos a nuestros clientes a aumentar las ventas y mejorar la rentabilidad impulsando el compromiso y la efectividad de sus fuerzas de ventas. Entendemos que cada situaci\u00f3n es diferente y no existe una soluci\u00f3n \u00fanica. Aplicamos [&hellip;]\" \/>\n<meta property=\"og:url\" content=\"https:\/\/www.biworldwide.com\/es-latam\/a-quien-ayudamos\/tecnologia\/\" \/>\n<meta property=\"og:site_name\" content=\"Latin America (Spanish)\" \/>\n<meta property=\"article:modified_time\" content=\"2025-04-01T23:58:36+00:00\" \/>\n<meta property=\"og:image\" content=\"http:\/\/live-biw-main.pantheonsite.io\/wp-content\/uploads\/2025\/02\/Employee-engagement-WomanReceivingApplause-1300x732px-1024x577.jpg\" \/>\n<meta name=\"twitter:card\" content=\"summary_large_image\" \/>\n<meta name=\"twitter:label1\" content=\"Est. reading time\" \/>\n\t<meta name=\"twitter:data1\" content=\"4 minutos\" \/>\n<script type=\"application\/ld+json\" class=\"yoast-schema-graph\">{\"@context\":\"https:\/\/schema.org\",\"@graph\":[{\"@type\":\"WebPage\",\"@id\":\"https:\/\/www.biworldwide.com\/es-latam\/a-quien-ayudamos\/tecnologia\/\",\"url\":\"https:\/\/www.biworldwide.com\/es-latam\/a-quien-ayudamos\/tecnologia\/\",\"name\":\"Tecnolog\u00eda - Latin America (Spanish)\",\"isPartOf\":{\"@id\":\"https:\/\/www.biworldwide.com\/es-latam\/#website\"},\"primaryImageOfPage\":{\"@id\":\"https:\/\/www.biworldwide.com\/es-latam\/a-quien-ayudamos\/tecnologia\/#primaryimage\"},\"image\":{\"@id\":\"https:\/\/www.biworldwide.com\/es-latam\/a-quien-ayudamos\/tecnologia\/#primaryimage\"},\"thumbnailUrl\":\"http:\/\/live-biw-main.pantheonsite.io\/wp-content\/uploads\/2025\/02\/Employee-engagement-WomanReceivingApplause-1300x732px-1024x577.jpg\",\"datePublished\":\"2025-01-14T16:25:49+00:00\",\"dateModified\":\"2025-04-01T23:58:36+00:00\",\"breadcrumb\":{\"@id\":\"https:\/\/www.biworldwide.com\/es-latam\/a-quien-ayudamos\/tecnologia\/#breadcrumb\"},\"inLanguage\":\"es-CO\",\"potentialAction\":[{\"@type\":\"ReadAction\",\"target\":[\"https:\/\/www.biworldwide.com\/es-latam\/a-quien-ayudamos\/tecnologia\/\"]}]},{\"@type\":\"ImageObject\",\"inLanguage\":\"es-CO\",\"@id\":\"https:\/\/www.biworldwide.com\/es-latam\/a-quien-ayudamos\/tecnologia\/#primaryimage\",\"url\":\"http:\/\/live-biw-main.pantheonsite.io\/wp-content\/uploads\/2025\/02\/Employee-engagement-WomanReceivingApplause-1300x732px-1024x577.jpg\",\"contentUrl\":\"http:\/\/live-biw-main.pantheonsite.io\/wp-content\/uploads\/2025\/02\/Employee-engagement-WomanReceivingApplause-1300x732px-1024x577.jpg\"},{\"@type\":\"BreadcrumbList\",\"@id\":\"https:\/\/www.biworldwide.com\/es-latam\/a-quien-ayudamos\/tecnologia\/#breadcrumb\",\"itemListElement\":[{\"@type\":\"ListItem\",\"position\":1,\"name\":\"Home\",\"item\":\"https:\/\/www.biworldwide.com\/es-latam\/\"},{\"@type\":\"ListItem\",\"position\":2,\"name\":\"A qui\u00e9n ayudamos\",\"item\":\"https:\/\/www.biworldwide.com\/es-latam\/a-quien-ayudamos\/\"},{\"@type\":\"ListItem\",\"position\":3,\"name\":\"Tecnolog\u00eda\"}]},{\"@type\":\"WebSite\",\"@id\":\"https:\/\/www.biworldwide.com\/es-latam\/#website\",\"url\":\"https:\/\/www.biworldwide.com\/es-latam\/\",\"name\":\"Latin America (Spanish)\",\"description\":\"\",\"publisher\":{\"@id\":\"https:\/\/www.biworldwide.com\/es-latam\/#organization\"},\"potentialAction\":[{\"@type\":\"SearchAction\",\"target\":{\"@type\":\"EntryPoint\",\"urlTemplate\":\"https:\/\/www.biworldwide.com\/es-latam\/?s={search_term_string}\"},\"query-input\":{\"@type\":\"PropertyValueSpecification\",\"valueRequired\":true,\"valueName\":\"search_term_string\"}}],\"inLanguage\":\"es-CO\"},{\"@type\":\"Organization\",\"@id\":\"https:\/\/www.biworldwide.com\/es-latam\/#organization\",\"name\":\"Latin America (Spanish)\",\"url\":\"https:\/\/www.biworldwide.com\/es-latam\/\",\"logo\":{\"@type\":\"ImageObject\",\"inLanguage\":\"es-CO\",\"@id\":\"https:\/\/www.biworldwide.com\/es-latam\/#\/schema\/logo\/image\/\",\"url\":\"https:\/\/www.biworldwide.com\/es-latam\/wp-content\/uploads\/sites\/14\/2025\/02\/BIW_corp_lockup_rgb.png\",\"contentUrl\":\"https:\/\/www.biworldwide.com\/es-latam\/wp-content\/uploads\/sites\/14\/2025\/02\/BIW_corp_lockup_rgb.png\",\"width\":550,\"height\":400,\"caption\":\"Latin America (Spanish)\"},\"image\":{\"@id\":\"https:\/\/www.biworldwide.com\/es-latam\/#\/schema\/logo\/image\/\"}}]}<\/script>\n<!-- \/ Yoast SEO plugin. -->","yoast_head_json":{"title":"Tecnolog\u00eda - Latin America (Spanish)","robots":{"index":"index","follow":"follow","max-snippet":"max-snippet:-1","max-image-preview":"max-image-preview:large","max-video-preview":"max-video-preview:-1"},"canonical":"https:\/\/www.biworldwide.com\/es-latam\/a-quien-ayudamos\/tecnologia\/","og_locale":"es_ES","og_type":"article","og_title":"Tecnolog\u00eda - Latin America (Spanish)","og_description":"Involucrar a los empleados We help you attract, inspire, and retain a high-performing workforce by: Motivar a los vendedores Ayudamos a nuestros clientes a aumentar las ventas y mejorar la rentabilidad impulsando el compromiso y la efectividad de sus fuerzas de ventas. Entendemos que cada situaci\u00f3n es diferente y no existe una soluci\u00f3n \u00fanica. Aplicamos [&hellip;]","og_url":"https:\/\/www.biworldwide.com\/es-latam\/a-quien-ayudamos\/tecnologia\/","og_site_name":"Latin America (Spanish)","article_modified_time":"2025-04-01T23:58:36+00:00","og_image":[{"url":"http:\/\/live-biw-main.pantheonsite.io\/wp-content\/uploads\/2025\/02\/Employee-engagement-WomanReceivingApplause-1300x732px-1024x577.jpg","type":"","width":"","height":""}],"twitter_card":"summary_large_image","twitter_misc":{"Est. reading time":"4 minutos"},"schema":{"@context":"https:\/\/schema.org","@graph":[{"@type":"WebPage","@id":"https:\/\/www.biworldwide.com\/es-latam\/a-quien-ayudamos\/tecnologia\/","url":"https:\/\/www.biworldwide.com\/es-latam\/a-quien-ayudamos\/tecnologia\/","name":"Tecnolog\u00eda - Latin America (Spanish)","isPartOf":{"@id":"https:\/\/www.biworldwide.com\/es-latam\/#website"},"primaryImageOfPage":{"@id":"https:\/\/www.biworldwide.com\/es-latam\/a-quien-ayudamos\/tecnologia\/#primaryimage"},"image":{"@id":"https:\/\/www.biworldwide.com\/es-latam\/a-quien-ayudamos\/tecnologia\/#primaryimage"},"thumbnailUrl":"http:\/\/live-biw-main.pantheonsite.io\/wp-content\/uploads\/2025\/02\/Employee-engagement-WomanReceivingApplause-1300x732px-1024x577.jpg","datePublished":"2025-01-14T16:25:49+00:00","dateModified":"2025-04-01T23:58:36+00:00","breadcrumb":{"@id":"https:\/\/www.biworldwide.com\/es-latam\/a-quien-ayudamos\/tecnologia\/#breadcrumb"},"inLanguage":"es-CO","potentialAction":[{"@type":"ReadAction","target":["https:\/\/www.biworldwide.com\/es-latam\/a-quien-ayudamos\/tecnologia\/"]}]},{"@type":"ImageObject","inLanguage":"es-CO","@id":"https:\/\/www.biworldwide.com\/es-latam\/a-quien-ayudamos\/tecnologia\/#primaryimage","url":"http:\/\/live-biw-main.pantheonsite.io\/wp-content\/uploads\/2025\/02\/Employee-engagement-WomanReceivingApplause-1300x732px-1024x577.jpg","contentUrl":"http:\/\/live-biw-main.pantheonsite.io\/wp-content\/uploads\/2025\/02\/Employee-engagement-WomanReceivingApplause-1300x732px-1024x577.jpg"},{"@type":"BreadcrumbList","@id":"https:\/\/www.biworldwide.com\/es-latam\/a-quien-ayudamos\/tecnologia\/#breadcrumb","itemListElement":[{"@type":"ListItem","position":1,"name":"Home","item":"https:\/\/www.biworldwide.com\/es-latam\/"},{"@type":"ListItem","position":2,"name":"A qui\u00e9n ayudamos","item":"https:\/\/www.biworldwide.com\/es-latam\/a-quien-ayudamos\/"},{"@type":"ListItem","position":3,"name":"Tecnolog\u00eda"}]},{"@type":"WebSite","@id":"https:\/\/www.biworldwide.com\/es-latam\/#website","url":"https:\/\/www.biworldwide.com\/es-latam\/","name":"Latin America (Spanish)","description":"","publisher":{"@id":"https:\/\/www.biworldwide.com\/es-latam\/#organization"},"potentialAction":[{"@type":"SearchAction","target":{"@type":"EntryPoint","urlTemplate":"https:\/\/www.biworldwide.com\/es-latam\/?s={search_term_string}"},"query-input":{"@type":"PropertyValueSpecification","valueRequired":true,"valueName":"search_term_string"}}],"inLanguage":"es-CO"},{"@type":"Organization","@id":"https:\/\/www.biworldwide.com\/es-latam\/#organization","name":"Latin America (Spanish)","url":"https:\/\/www.biworldwide.com\/es-latam\/","logo":{"@type":"ImageObject","inLanguage":"es-CO","@id":"https:\/\/www.biworldwide.com\/es-latam\/#\/schema\/logo\/image\/","url":"https:\/\/www.biworldwide.com\/es-latam\/wp-content\/uploads\/sites\/14\/2025\/02\/BIW_corp_lockup_rgb.png","contentUrl":"https:\/\/www.biworldwide.com\/es-latam\/wp-content\/uploads\/sites\/14\/2025\/02\/BIW_corp_lockup_rgb.png","width":550,"height":400,"caption":"Latin America (Spanish)"},"image":{"@id":"https:\/\/www.biworldwide.com\/es-latam\/#\/schema\/logo\/image\/"}}]}},"_links":{"self":[{"href":"https:\/\/www.biworldwide.com\/es-latam\/wp-json\/wp\/v2\/pages\/163","targetHints":{"allow":["GET"]}}],"collection":[{"href":"https:\/\/www.biworldwide.com\/es-latam\/wp-json\/wp\/v2\/pages"}],"about":[{"href":"https:\/\/www.biworldwide.com\/es-latam\/wp-json\/wp\/v2\/types\/page"}],"author":[{"embeddable":true,"href":"https:\/\/www.biworldwide.com\/es-latam\/wp-json\/wp\/v2\/users\/11"}],"replies":[{"embeddable":true,"href":"https:\/\/www.biworldwide.com\/es-latam\/wp-json\/wp\/v2\/comments?post=163"}],"version-history":[{"count":7,"href":"https:\/\/www.biworldwide.com\/es-latam\/wp-json\/wp\/v2\/pages\/163\/revisions"}],"predecessor-version":[{"id":1303,"href":"https:\/\/www.biworldwide.com\/es-latam\/wp-json\/wp\/v2\/pages\/163\/revisions\/1303"}],"up":[{"embeddable":true,"href":"https:\/\/www.biworldwide.com\/es-latam\/wp-json\/wp\/v2\/pages\/140"}],"wp:attachment":[{"href":"https:\/\/www.biworldwide.com\/es-latam\/wp-json\/wp\/v2\/media?parent=163"}],"wp:term":[{"taxonomy":"wf_page_folders","embeddable":true,"href":"https:\/\/www.biworldwide.com\/es-latam\/wp-json\/wp\/v2\/wf_page_folders?post=163"}],"curies":[{"name":"wp","href":"https:\/\/api.w.org\/{rel}","templated":true}]}}