{"id":167,"date":"2025-01-14T16:26:24","date_gmt":"2025-01-14T16:26:24","guid":{"rendered":"https:\/\/live-biw-main.pantheonsite.io\/?page_id=167"},"modified":"2025-03-21T15:03:03","modified_gmt":"2025-03-21T21:03:03","slug":"partners","status":"publish","type":"page","link":"https:\/\/www.biworldwide.com\/es-latam\/acerca-de-nosotros\/partners\/","title":{"rendered":"Partners"},"content":{"rendered":"<div class=\" has-content-align-left has-overlay has-overlay--light alignwide wp-block-biw-block-theme-hero\">\n\t<div class=\"biw-hero__grid\">\n\t\t\t\t\t<div class=\"biw-hero__breadcrumbs\">\n\t\t\t\t<div id=\"breadcrumbs\" class=\"breadcrumb-nav__wrapper\"><span class=\"breadcrumb-nav\"><span><a href=\"https:\/\/www.biworldwide.com\/es-latam\/\">Home<\/a><\/span><\/span><\/div>\t\t\t<\/div>\n\t\t\n\t\t\t\t\t<div class=\"biw-hero__media has-dynamic-border-radius\">\n\t\t\t\t\t\t\t\t\t<div class=\"biw-hero__overlay overlay-light\"><\/div>\n\t\t\t\t\t\t\t\t<img decoding=\"async\" src=\"http:\/\/live-biw-main.pantheonsite.io\/wp-content\/uploads\/2025\/02\/partner-hero-1728x600px-1.png\" alt=\"A group of diverse people place their hands together in a stack, symbolizing teamwork and unity. The background is a soft gradient of light gray, creating a calm and neutral setting.\" class=\"biw-hero__bg-image\" style=\"object-position: 50% 50%;\">\t\t\t<\/div>\n\t\t\t\t<div class=\"biw-hero__content\">\n\t\t\t\t\t\t<h1 class=\"biw-hero__title\" style=\"line-height: 1.2\">\n\t\t\t\tNuestros Partners\t\t\t<\/h1>\n\t\t\t\t\t\t\t\t\t\t<div class=\"biw-hero__text\">\n\t\t\t\t\t\n\n<p>Nuestras alianzas nos permiten presentar las mejores ideas y soluciones m\u00e1s fuertes para resolver tus problemas. Hemos desarrollado relaciones para asegurarnos de que tengas acceso a investigaciones actuales que impulsen la toma de decisiones y el dise\u00f1o de programas. Luego, nuestros socios t\u00e9cnicos aseguran integraciones sin interrupciones para obtener resultados mejorados.<\/p>\n\n\t\t\t\t<\/div>\n\t\t\t\t\t\t\t\t<\/div>\n\t<\/div>\n<\/div>\n\n\n\n<div class=\"wp-block-group alignfull has-global-padding is-layout-constrained wp-container-core-group-is-layout-d3543a3b wp-block-group-is-layout-constrained\">\n<div class=\"wp-block-group  layout-columns-6 has-global-padding is-layout-constrained wp-container-core-group-is-layout-97093539 wp-block-group-is-layout-constrained\">\n<h2 class=\"wp-block-heading has-text-align-center\">Alianzas en la industria<\/h2>\n\n\n\n<p class=\"has-text-align-center is-style-default has-large-font-size is-style-default\">A trav\u00e9s de una variedad de alianzas e integraciones con productos de clase mundial, nuestros clientes pueden simplificar su acceso a las soluciones de BI WORLDWIDE, transferir de manera fluida los datos de participantes y programas entre m\u00faltiples sistemas, y obtener una mejor visi\u00f3n del rendimiento de los programas.<\/p>\n\n\n\n<p class=\"has-text-align-center is-style-default has-large-font-size is-style-default\"><\/p>\n<\/div>\n\n\n\n<div class=\"wp-block-group  layout-columns-10 has-global-padding is-layout-constrained wp-container-core-group-is-layout-0b5f5b40 wp-block-group-is-layout-constrained\">\n<div class=\"wp-block-group is-content-justification-center is-layout-flex wp-container-core-group-is-layout-b4c50f06 wp-block-group-is-layout-flex\"><div class=\" has-dynamic-border-radius has-image-size-cover has-image-radius-none is-style-default wp-block-biw-block-theme-biw-card\">\n\t\t\t<figure class=\"biw-card__image-wrapper \">\n\t\t\t<img decoding=\"async\" src=\"http:\/\/live-biw-main.pantheonsite.io\/wp-content\/uploads\/2025\/02\/ibm-logo-250x250px.png\" alt=\"The image shows the IBM logo. It consists of the letters IBM in a bold, blue, striped font. The stripes give a segmented appearance to each letter. The background is white.\" class=\"biw-card__image\" style=\"object-position: 50% 50%;\">\t\t<\/figure>\n\t\t<div class=\"biw-card__content\">\n\t\t<h3 class=\"biw-card__title\">\n\t\t\t\t\t\t\tIBM watsonx\t\t\t\t\t<\/h3>\n\t\t<div class=\"biw-card__text\">\n\n<p>IBM es un proveedor l\u00edder global de soluciones de nube h\u00edbrida, inteligencia artificial (IA) y servicios empresariales, ayudando a los clientes a aprovechar los conocimientos de sus datos, optimizar procesos empresariales, reducir costos y obtener una ventaja competitiva. Las innovaciones de vanguardia de IBM en IA, computaci\u00f3n cu\u00e1ntica, soluciones en la nube y servicios empresariales ofrecen opciones abiertas y flexibles a nuestros clientes. Todo esto est\u00e1 respaldado por el compromiso de IBM con la confianza, transparencia, responsabilidad, inclusividad y servicio.<\/p>\n\n<\/div>\n\t<\/div>\n\t<\/div>\n\n<div class=\" has-dynamic-border-radius has-image-size-cover has-image-radius-none is-style-default wp-block-biw-block-theme-biw-card\">\n\t\t\t<figure class=\"biw-card__image-wrapper \">\n\t\t\t<img decoding=\"async\" src=\"http:\/\/live-biw-main.pantheonsite.io\/wp-content\/uploads\/2025\/02\/PH-Logo_MultiColor_no-lettering-170.png\" alt=\"Gradient circle with a blend of purple and teal shades, featuring stylized lowercase letters p and m in the center.\" class=\"biw-card__image\" style=\"object-position: 50% 50%;\">\t\t<\/figure>\n\t\t<div class=\"biw-card__content\">\n\t\t<h3 class=\"biw-card__title\">\n\t\t\t\t\t\t\tProHabits\t\t\t\t\t<\/h3>\n\t\t<div class=\"biw-card__text\">\n\n<p><strong>ProHabits<\/strong> utiliza breves empujones o &#8220;nudges&#8221; para ayudar a las personas a practicar comportamientos clave de manera segura y no disruptiva. ProHabits desbloquea el potencial de sus usuarios (y sus organizaciones) destilando conceptos complejos en peque\u00f1os empujones que refuerzan un enfoque de &#8220;aprender haciendo&#8221;. No aprendes a andar en bicicleta leyendo una gu\u00eda o asistiendo a un seminario; te subes y comienzas a pedalear. ProHabits toma el mismo enfoque, impulsando la acci\u00f3n a trav\u00e9s de empujones.<\/p>\n\n<\/div>\n\t<\/div>\n\t<\/div>\n\n<div class=\" has-dynamic-border-radius has-image-size-cover has-image-radius-none is-style-default wp-block-biw-block-theme-biw-card\">\n\t\t\t<figure class=\"biw-card__image-wrapper \">\n\t\t\t<img decoding=\"async\" src=\"http:\/\/live-biw-main.pantheonsite.io\/wp-content\/uploads\/2025\/02\/quantumworkplacelogo-170.png\" alt=\"A white circular logo with a small dot on the lower right, set against an orange background.\" class=\"biw-card__image\" style=\"object-position: 50% 50%;\">\t\t<\/figure>\n\t\t<div class=\"biw-card__content\">\n\t\t<h3 class=\"biw-card__title\">\n\t\t\t\t\t\t\tQuantum Workplace\t\t\t\t\t<\/h3>\n\t\t<div class=\"biw-card__text\">\n\n<p><strong>Quantum Workplace<\/strong> ayuda a las organizaciones a mejorar el trabajo d\u00eda a d\u00eda creando una cultura de \u00e9xito para los empleados. Nuestra plataforma de \u00e9xito de empleados permite a las organizaciones comprender la experiencia de los empleados, inspirar su impacto y crear una cultura magn\u00e9tica que atrae y retiene al mejor talento. Las soluciones incluyen encuestas de empleados, reuniones 1-a-1, establecimiento de objetivos, reconocimiento, retroalimentaci\u00f3n, revisiones de talento, planificaci\u00f3n de sucesi\u00f3n y el reconocido concurso nacional de Best Places to Work.<\/p>\n\n<\/div>\n\t<\/div>\n\t<\/div>\n\n<div class=\" has-dynamic-border-radius has-image-size-cover has-image-radius-none is-style-default wp-block-biw-block-theme-biw-card\">\n\t\t\t<figure class=\"biw-card__image-wrapper \">\n\t\t\t<img decoding=\"async\" src=\"http:\/\/live-biw-main.pantheonsite.io\/wp-content\/uploads\/2025\/02\/workdaypartnerlogo.png\" alt=\"Blue badge with the word Partner at the top in white text and the Workday logo below. The Workday logo features the word workday with an orange curved line above it.\" class=\"biw-card__image\" style=\"object-position: 50% 50%;\">\t\t<\/figure>\n\t\t<div class=\"biw-card__content\">\n\t\t<h3 class=\"biw-card__title\">\n\t\t\t\t\t\t\tWorkday\t\t\t\t\t<\/h3>\n\t\t<div class=\"biw-card__text\">\n\n<p><strong>Workday<\/strong> es un proveedor l\u00edder de aplicaciones empresariales en la nube para finanzas y recursos humanos, ayudando a los clientes a adaptarse y prosperar en un mundo cambiante. Las aplicaciones de Workday para gesti\u00f3n financiera, recursos humanos, planificaci\u00f3n, gesti\u00f3n de gastos y an\u00e1lisis est\u00e1n construidas con inteligencia artificial y aprendizaje autom\u00e1tico en su n\u00facleo para ayudar a las organizaciones de todo el mundo a abrazar el futuro del trabajo.<\/p>\n\n<\/div>\n\t<\/div>\n\t<\/div><\/div>\n<\/div>\n<\/div>\n\n\n\n<div class=\"wp-block-group alignfull has-global-padding is-layout-constrained wp-container-core-group-is-layout-97ab3c77 wp-block-group-is-layout-constrained\">\n<div class=\"wp-block-group has-text-align-center  layout-columns-8 has-global-padding is-layout-constrained wp-container-core-group-is-layout-ee362a79 wp-block-group-is-layout-constrained\">\n<h2 class=\"wp-block-heading has-text-align-center  has-text-wrap-pretty\">Partners Acad\u00e9micos<\/h2>\n\n\n\n<p class=\" has-text-wrap-balance\">Nos hemos asociado con acad\u00e9micos expertos para garantizar que los programas de incentivos de ventas, lealtad y compromiso de empleados de nuestros clientes utilicen psicolog\u00eda, investigaciones y los principios cient\u00edficamente probados de la econom\u00eda del comportamiento.<br><\/p>\n<\/div>\n\n\n\n<div class=\"wp-block-group  layout-columns-12 has-global-padding is-layout-constrained wp-container-core-group-is-layout-9e09659d wp-block-group-is-layout-constrained\">\n<div class=\"wp-block-group is-layout-grid wp-container-core-group-is-layout-c765d3c1 wp-block-group-is-layout-grid\"><div class=\" has-dynamic-border-radius has-image-size-cover has-image-radius-none is-style-default wp-block-biw-block-theme-biw-card\">\n\t\t\t<figure class=\"biw-card__image-wrapper \">\n\t\t\t<img decoding=\"async\" src=\"http:\/\/live-biw-main.pantheonsite.io\/wp-content\/uploads\/2025\/01\/BShuck-010825_500x500px_Square-2.jpg\" alt=\"Dr. Brad Shuck\" class=\"biw-card__image\" style=\"object-position: 50% 50%;\">\t\t<\/figure>\n\t\t<div class=\"biw-card__content\">\n\t\t<h3 class=\"biw-card__title\">\n\t\t\t\t\t\t\tBrad Shuck, Ph.D.\t\t\t\t\t<\/h3>\n\t\t<div class=\"biw-card__text\">\n\n<p><strong>Profesor y Director del Programa de Recursos Humanos y Desarrollo Organizacional, Universidad de Louisville; Cofundador de OrgVitals; Propietario de LEAD Research, LLC<\/strong><\/p>\n\n\n\n<p>El Dr. Brad Shuck es un l\u00edder de pensamiento internacionalmente reconocido en los \u00e1mbitos de compromiso de empleados, desarrollo de liderazgo y cultura organizacional. Es autor de Employee Engagement: A Research Overview (Routledge, 2020) y ha publicado o presentado m\u00e1s de 350 art\u00edculos acad\u00e9micos, cap\u00edtulos de libros y presentaciones invitadas. Shuck posee cinco derechos de autor en EE.UU. por su propiedad intelectual basada en la investigaci\u00f3n sobre compromiso de empleados y gesti\u00f3n de la cultura. Su trabajo ha sido destacado en medios internacionales con sede en EE.UU., como Forbes, The Washington Post y TIME, as\u00ed como en medios internacionales como Business World Online, Economic Times de India y Hindu Times. Ha pronunciado discursos principales en cuatro de los siete continentes, incluyendo pa\u00edses como China, Espa\u00f1a, India, Panam\u00e1, el Reino Unido y en diversos lugares de los Estados Unidos para algunas de las compa\u00f1\u00edas m\u00e1s grandes y admiradas del mundo. Shuck es profesor titular y cofundador de OrgVitals, una empresa de software dedicada a la gesti\u00f3n de la cultura organizacional. Es miembro del Honorable Order of Kentucky Colonels y posee grados avanzados en Consejer\u00eda, Asuntos Estudiantiles, Desarrollo de Recursos Humanos y Educaci\u00f3n de Adultos.<br><\/p>\n\n<\/div>\n\t<\/div>\n\t<\/div>\n\n<div class=\" has-dynamic-border-radius has-image-size-cover has-image-radius-none is-style-default wp-block-biw-block-theme-biw-card\">\n\t\t\t<figure class=\"biw-card__image-wrapper \">\n\t\t\t<img decoding=\"async\" src=\"http:\/\/live-biw-main.pantheonsite.io\/wp-content\/uploads\/2025\/02\/Mike-Ahearne2-scaled.jpg\" alt=\"A man with a short beard and mustache, wearing a plaid suit jacket and a light blue shirt, stands against a plain white background, looking at the camera with a neutral expression.\" class=\"biw-card__image\" style=\"object-position: 50% 50%;\">\t\t<\/figure>\n\t\t<div class=\"biw-card__content\">\n\t\t<h3 class=\"biw-card__title\">\n\t\t\t\t\t\t\tMike Ahearne, Ph.D.\t\t\t\t\t<\/h3>\n\t\t<div class=\"biw-card__text\">\n\n<p><strong>Profesor de Marketing y C\u00e1tedra C.T. Bauer en Marketing, Universidad de Houston<\/strong><\/p>\n\n\n\n<p>Adem\u00e1s de sus roles en la Universidad de Houston, Mike es tambi\u00e9n Director de Investigaci\u00f3n del Sales Excellence Institute. La investigaci\u00f3n de Mike se ha centrado principalmente en mejorar el desempe\u00f1o de los vendedores y las organizaciones de ventas. Ha publicado m\u00e1s de 40 art\u00edculos en revistas l\u00edderes y fue recientemente reconocido por la American Marketing Association como uno de los diez investigadores m\u00e1s productivos en el campo del marketing. Su investigaci\u00f3n ha sido destacada en medios como The Wall Street Journal, Business 2.0, Business Investors Daily, Fox News, INC Magazine y muchos otros medios de comunicaci\u00f3n.<\/p>\n\n<\/div>\n\t<\/div>\n\t<\/div>\n\n<div class=\" has-dynamic-border-radius has-image-size-cover has-image-radius-none is-style-default wp-block-biw-block-theme-biw-card\">\n\t\t\t<figure class=\"biw-card__image-wrapper \">\n\t\t\t<img decoding=\"async\" src=\"http:\/\/live-biw-main.pantheonsite.io\/wp-content\/uploads\/2025\/02\/George-John-headshot.jpg\" alt=\"Smiling man with short gray hair and glasses, wearing a brown suit. Neutral, light brown background.\" class=\"biw-card__image\" style=\"object-position: 50% 50%;\">\t\t<\/figure>\n\t\t<div class=\"biw-card__content\">\n\t\t<h3 class=\"biw-card__title\">\n\t\t\t\t\t\t\tGeorge John, Ph.D.\t\t\t\t\t<\/h3>\n\t\t<div class=\"biw-card__text\">\n\n<p><strong>C\u00e1tedra General Mills\/Paul S. Gerot, Profesor de Marketing, Universidad de Minnesota, Carlson School of Management<\/strong><\/p>\n\n\n\n<p>El Profesor John obtuvo su licenciatura en Ingenier\u00eda Aeron\u00e1utica en el Indian Institute of Technology de Madras, India, en 1974, y su MBA de la Universidad de Illinois en 1976. Tras obtener su Ph.D. en Marketing en Northwestern en 1981, se uni\u00f3 a la facultad de la Universidad de Wisconsin.<\/p>\n\n\n\n<p>En 1987, se traslad\u00f3 a la Universidad de Minnesota, donde ocupa la C\u00e1tedra General Mills\/Paul S. Gerot en Marketing en la Carlson School of Management. Sus intereses se centran en los canales de distribuci\u00f3n y el marketing tecnol\u00f3gico. Espec\u00edficamente, le interesa los aspectos estrat\u00e9gicos y de eficiencia de las decisiones de gobernanza en estos entornos.<\/p>\n\n\n\n<p>Entre sus honores acad\u00e9micos se incluye un premio de la American Marketing Association por su tesis doctoral en 1981, y su selecci\u00f3n en 2003 como &#8220;Investigador Altamente Citado&#8221; en la categor\u00eda de Negocios\/Econom\u00eda por Thomson Reuters Web of Science.<\/p>\n\n<\/div>\n\t<\/div>\n\t<\/div><\/div>\n<\/div>\n<\/div>\n","protected":false},"excerpt":{"rendered":"<p>Alianzas en la industria A trav\u00e9s de una variedad de alianzas e integraciones con productos de clase mundial, nuestros clientes pueden simplificar su acceso a las soluciones de BI WORLDWIDE, transferir de manera fluida los datos de participantes y programas entre m\u00faltiples sistemas, y obtener una mejor visi\u00f3n del rendimiento de los programas. Partners Acad\u00e9micos [&hellip;]<\/p>\n","protected":false},"author":11,"featured_media":0,"parent":165,"menu_order":0,"comment_status":"closed","ping_status":"closed","template":"","meta":{"featured_image_focal_point":{"x":0.5,"y":0.5},"footnotes":""},"wf_page_folders":[8],"class_list":["post-167","page","type-page","status-publish","hentry"],"yoast_head":"<!-- This site is optimized with the Yoast SEO plugin v26.2 - https:\/\/yoast.com\/wordpress\/plugins\/seo\/ -->\n<title>Partners - Latin America (Spanish)<\/title>\n<meta name=\"robots\" content=\"index, follow, max-snippet:-1, max-image-preview:large, max-video-preview:-1\" \/>\n<link rel=\"canonical\" href=\"https:\/\/www.biworldwide.com\/es-latam\/acerca-de-nosotros\/partners\/\" \/>\n<meta property=\"og:locale\" content=\"es_ES\" \/>\n<meta property=\"og:type\" content=\"article\" \/>\n<meta property=\"og:title\" content=\"Partners - Latin America (Spanish)\" \/>\n<meta property=\"og:description\" content=\"Alianzas en la industria A trav\u00e9s de una variedad de alianzas e integraciones con productos de clase mundial, nuestros clientes pueden simplificar su acceso a las soluciones de BI WORLDWIDE, transferir de manera fluida los datos de participantes y programas entre m\u00faltiples sistemas, y obtener una mejor visi\u00f3n del rendimiento de los programas. Partners Acad\u00e9micos [&hellip;]\" \/>\n<meta property=\"og:url\" content=\"https:\/\/www.biworldwide.com\/es-latam\/acerca-de-nosotros\/partners\/\" \/>\n<meta property=\"og:site_name\" content=\"Latin America (Spanish)\" \/>\n<meta property=\"article:modified_time\" content=\"2025-03-21T21:03:03+00:00\" \/>\n<meta name=\"twitter:card\" content=\"summary_large_image\" \/>\n<meta name=\"twitter:label1\" content=\"Est. reading time\" \/>\n\t<meta name=\"twitter:data1\" content=\"5 minutos\" \/>\n<script type=\"application\/ld+json\" class=\"yoast-schema-graph\">{\"@context\":\"https:\/\/schema.org\",\"@graph\":[{\"@type\":\"WebPage\",\"@id\":\"https:\/\/www.biworldwide.com\/es-latam\/acerca-de-nosotros\/partners\/\",\"url\":\"https:\/\/www.biworldwide.com\/es-latam\/acerca-de-nosotros\/partners\/\",\"name\":\"Partners - Latin America (Spanish)\",\"isPartOf\":{\"@id\":\"https:\/\/www.biworldwide.com\/es-latam\/#website\"},\"datePublished\":\"2025-01-14T16:26:24+00:00\",\"dateModified\":\"2025-03-21T21:03:03+00:00\",\"breadcrumb\":{\"@id\":\"https:\/\/www.biworldwide.com\/es-latam\/acerca-de-nosotros\/partners\/#breadcrumb\"},\"inLanguage\":\"es-CO\",\"potentialAction\":[{\"@type\":\"ReadAction\",\"target\":[\"https:\/\/www.biworldwide.com\/es-latam\/acerca-de-nosotros\/partners\/\"]}]},{\"@type\":\"BreadcrumbList\",\"@id\":\"https:\/\/www.biworldwide.com\/es-latam\/acerca-de-nosotros\/partners\/#breadcrumb\",\"itemListElement\":[{\"@type\":\"ListItem\",\"position\":1,\"name\":\"Home\",\"item\":\"https:\/\/www.biworldwide.com\/es-latam\/\"},{\"@type\":\"ListItem\",\"position\":2,\"name\":\"Acerca de Nosotros\",\"item\":\"https:\/\/www.biworldwide.com\/es-latam\/acerca-de-nosotros\/\"},{\"@type\":\"ListItem\",\"position\":3,\"name\":\"Partners\"}]},{\"@type\":\"WebSite\",\"@id\":\"https:\/\/www.biworldwide.com\/es-latam\/#website\",\"url\":\"https:\/\/www.biworldwide.com\/es-latam\/\",\"name\":\"Latin America (Spanish)\",\"description\":\"\",\"publisher\":{\"@id\":\"https:\/\/www.biworldwide.com\/es-latam\/#organization\"},\"potentialAction\":[{\"@type\":\"SearchAction\",\"target\":{\"@type\":\"EntryPoint\",\"urlTemplate\":\"https:\/\/www.biworldwide.com\/es-latam\/?s={search_term_string}\"},\"query-input\":{\"@type\":\"PropertyValueSpecification\",\"valueRequired\":true,\"valueName\":\"search_term_string\"}}],\"inLanguage\":\"es-CO\"},{\"@type\":\"Organization\",\"@id\":\"https:\/\/www.biworldwide.com\/es-latam\/#organization\",\"name\":\"Latin America (Spanish)\",\"url\":\"https:\/\/www.biworldwide.com\/es-latam\/\",\"logo\":{\"@type\":\"ImageObject\",\"inLanguage\":\"es-CO\",\"@id\":\"https:\/\/www.biworldwide.com\/es-latam\/#\/schema\/logo\/image\/\",\"url\":\"https:\/\/www.biworldwide.com\/es-latam\/wp-content\/uploads\/sites\/14\/2025\/02\/BIW_corp_lockup_rgb.png\",\"contentUrl\":\"https:\/\/www.biworldwide.com\/es-latam\/wp-content\/uploads\/sites\/14\/2025\/02\/BIW_corp_lockup_rgb.png\",\"width\":550,\"height\":400,\"caption\":\"Latin America (Spanish)\"},\"image\":{\"@id\":\"https:\/\/www.biworldwide.com\/es-latam\/#\/schema\/logo\/image\/\"}}]}<\/script>\n<!-- \/ Yoast SEO plugin. -->","yoast_head_json":{"title":"Partners - Latin America (Spanish)","robots":{"index":"index","follow":"follow","max-snippet":"max-snippet:-1","max-image-preview":"max-image-preview:large","max-video-preview":"max-video-preview:-1"},"canonical":"https:\/\/www.biworldwide.com\/es-latam\/acerca-de-nosotros\/partners\/","og_locale":"es_ES","og_type":"article","og_title":"Partners - Latin America (Spanish)","og_description":"Alianzas en la industria A trav\u00e9s de una variedad de alianzas e integraciones con productos de clase mundial, nuestros clientes pueden simplificar su acceso a las soluciones de BI WORLDWIDE, transferir de manera fluida los datos de participantes y programas entre m\u00faltiples sistemas, y obtener una mejor visi\u00f3n del rendimiento de los programas. Partners Acad\u00e9micos [&hellip;]","og_url":"https:\/\/www.biworldwide.com\/es-latam\/acerca-de-nosotros\/partners\/","og_site_name":"Latin America (Spanish)","article_modified_time":"2025-03-21T21:03:03+00:00","twitter_card":"summary_large_image","twitter_misc":{"Est. reading time":"5 minutos"},"schema":{"@context":"https:\/\/schema.org","@graph":[{"@type":"WebPage","@id":"https:\/\/www.biworldwide.com\/es-latam\/acerca-de-nosotros\/partners\/","url":"https:\/\/www.biworldwide.com\/es-latam\/acerca-de-nosotros\/partners\/","name":"Partners - Latin America (Spanish)","isPartOf":{"@id":"https:\/\/www.biworldwide.com\/es-latam\/#website"},"datePublished":"2025-01-14T16:26:24+00:00","dateModified":"2025-03-21T21:03:03+00:00","breadcrumb":{"@id":"https:\/\/www.biworldwide.com\/es-latam\/acerca-de-nosotros\/partners\/#breadcrumb"},"inLanguage":"es-CO","potentialAction":[{"@type":"ReadAction","target":["https:\/\/www.biworldwide.com\/es-latam\/acerca-de-nosotros\/partners\/"]}]},{"@type":"BreadcrumbList","@id":"https:\/\/www.biworldwide.com\/es-latam\/acerca-de-nosotros\/partners\/#breadcrumb","itemListElement":[{"@type":"ListItem","position":1,"name":"Home","item":"https:\/\/www.biworldwide.com\/es-latam\/"},{"@type":"ListItem","position":2,"name":"Acerca de Nosotros","item":"https:\/\/www.biworldwide.com\/es-latam\/acerca-de-nosotros\/"},{"@type":"ListItem","position":3,"name":"Partners"}]},{"@type":"WebSite","@id":"https:\/\/www.biworldwide.com\/es-latam\/#website","url":"https:\/\/www.biworldwide.com\/es-latam\/","name":"Latin America (Spanish)","description":"","publisher":{"@id":"https:\/\/www.biworldwide.com\/es-latam\/#organization"},"potentialAction":[{"@type":"SearchAction","target":{"@type":"EntryPoint","urlTemplate":"https:\/\/www.biworldwide.com\/es-latam\/?s={search_term_string}"},"query-input":{"@type":"PropertyValueSpecification","valueRequired":true,"valueName":"search_term_string"}}],"inLanguage":"es-CO"},{"@type":"Organization","@id":"https:\/\/www.biworldwide.com\/es-latam\/#organization","name":"Latin America (Spanish)","url":"https:\/\/www.biworldwide.com\/es-latam\/","logo":{"@type":"ImageObject","inLanguage":"es-CO","@id":"https:\/\/www.biworldwide.com\/es-latam\/#\/schema\/logo\/image\/","url":"https:\/\/www.biworldwide.com\/es-latam\/wp-content\/uploads\/sites\/14\/2025\/02\/BIW_corp_lockup_rgb.png","contentUrl":"https:\/\/www.biworldwide.com\/es-latam\/wp-content\/uploads\/sites\/14\/2025\/02\/BIW_corp_lockup_rgb.png","width":550,"height":400,"caption":"Latin America (Spanish)"},"image":{"@id":"https:\/\/www.biworldwide.com\/es-latam\/#\/schema\/logo\/image\/"}}]}},"_links":{"self":[{"href":"https:\/\/www.biworldwide.com\/es-latam\/wp-json\/wp\/v2\/pages\/167","targetHints":{"allow":["GET"]}}],"collection":[{"href":"https:\/\/www.biworldwide.com\/es-latam\/wp-json\/wp\/v2\/pages"}],"about":[{"href":"https:\/\/www.biworldwide.com\/es-latam\/wp-json\/wp\/v2\/types\/page"}],"author":[{"embeddable":true,"href":"https:\/\/www.biworldwide.com\/es-latam\/wp-json\/wp\/v2\/users\/11"}],"replies":[{"embeddable":true,"href":"https:\/\/www.biworldwide.com\/es-latam\/wp-json\/wp\/v2\/comments?post=167"}],"version-history":[{"count":3,"href":"https:\/\/www.biworldwide.com\/es-latam\/wp-json\/wp\/v2\/pages\/167\/revisions"}],"predecessor-version":[{"id":465,"href":"https:\/\/www.biworldwide.com\/es-latam\/wp-json\/wp\/v2\/pages\/167\/revisions\/465"}],"up":[{"embeddable":true,"href":"https:\/\/www.biworldwide.com\/es-latam\/wp-json\/wp\/v2\/pages\/165"}],"wp:attachment":[{"href":"https:\/\/www.biworldwide.com\/es-latam\/wp-json\/wp\/v2\/media?parent=167"}],"wp:term":[{"taxonomy":"wf_page_folders","embeddable":true,"href":"https:\/\/www.biworldwide.com\/es-latam\/wp-json\/wp\/v2\/wf_page_folders?post=167"}],"curies":[{"name":"wp","href":"https:\/\/api.w.org\/{rel}","templated":true}]}}