{"id":172,"date":"2025-01-14T16:27:10","date_gmt":"2025-01-14T16:27:10","guid":{"rendered":"https:\/\/live-biw-main.pantheonsite.io\/?page_id=172"},"modified":"2025-04-01T00:46:31","modified_gmt":"2025-04-01T06:46:31","slug":"trabaja-con-nosotros","status":"publish","type":"page","link":"https:\/\/www.biworldwide.com\/es-latam\/trabaja-con-nosotros\/","title":{"rendered":"Trabaja con Nosotros"},"content":{"rendered":"<div class=\" has-content-align-left has-overlay has-overlay--dark alignfull wp-block-biw-block-theme-hero\">\n\t<div class=\"biw-hero__grid\">\n\t\t\n\t\t\t\t\t<div class=\"biw-hero__media \">\n\t\t\t\t\t\t\t\t\t<div class=\"biw-hero__overlay overlay-dark\"><\/div>\n\t\t\t\t\t\t\t\t<img decoding=\"async\" src=\"http:\/\/live-biw-main.pantheonsite.io\/wp-content\/uploads\/2025\/03\/Careers-F-1728x600px.jpg\" alt=\"A blue geometric background features Top Workplaces 2024 on a yellow banner. To the right, colorful human figures encircle a green map of the world, symbolizing global careers. Text at the bottom reads: Inspiring. Delivering. People. Results.\" class=\"biw-hero__bg-image\" style=\"object-position: 50% 50%;\">\t\t\t<\/div>\n\t\t\t\t<div class=\"biw-hero__content\">\n\t\t\t\t\t\t<h1 class=\"biw-hero__title\" style=\"line-height: 1.2\">\n\t\t\t\tCarreras\t\t\t<\/h1>\n\t\t\t\t\t\t\t<h2 class=\"biw-hero__subtitle\">\n\t\t\t\t\t\u00bfC\u00f3mo es trabajar en BI WORLDWIDE?\t\t\t\t<\/h2>\n\t\t\t\t\t\t\t\t\t\t<div class=\"biw-hero__text\">\n\t\t\t\t\t\n\n<p>Para empezar, nos tomamos estas cosas muy en serio: trabajar duro, disfrutar al m\u00e1ximo, celebrar. Hacer que el trabajo tenga sentido. Multiplicar los \u00e9xitos.<\/p>\n\n\t\t\t\t<\/div>\n\t\t\t\t\t\t\t\t<\/div>\n\t<\/div>\n<\/div>\n\n\n\n<p class=\"has-xl-font-size\"><strong>Eres inteligente. Tienes habilidades. Est\u00e1s listo para un desaf\u00edo.<\/strong><\/p>\n\n\n\n<p>\u00bfSigues leyendo? Esto es una buena se\u00f1al.<\/p>\n\n\n\n<p>Somos un l\u00edder global en incentivos de ventas y participaci\u00f3n de empleados, canales y clientes. Lo somos gracias a nuestros colaboradores. Contratamos a los mejores:<\/p>\n\n\n\n<ul class=\"wp-block-list\">\n<li><strong>Solucionadores de problemas apasionados<\/strong> que abordan grandes desaf\u00edos empresariales. <\/li>\n\n\n\n<li><strong>Mentes brillantes<\/strong> que quieren crear las mejores soluciones para nuestros clientes. <\/li>\n\n\n\n<li><strong>Movilizadores y transformadores<\/strong> que pueden ver tanto el panorama general como los detalles. <\/li>\n\n\n\n<li><strong>Trabajadores incansables<\/strong> que cumplen con su trabajo y se divierten en el proceso.<\/li>\n<\/ul>\n\n\n\n<p>Los colaboradores de <strong>BI WORLDWIDE<\/strong> disfrutan de una cultura corporativa acogedora, desafiante y emocionante. No todos usamos traje. Te sorprender\u00e1 la diversidad de habilidades de tus compa\u00f1eros de trabajo y todo lo que podemos lograr juntos. Un d\u00eda podr\u00edas estar al tel\u00e9fono con un <strong>Gerente de Eventos<\/strong>, y al siguiente podr\u00edas estar discutiendo lo \u00faltimo en tecnolog\u00eda con un <strong>Director Creativo<\/strong>.<\/p>\n\n\n\n<hr class=\"wp-block-separator has-alpha-channel-opacity\" \/>\n\n\n\n<p class=\"has-xl-font-size\"><strong>Vacantes Disponibles<\/strong><\/p>\n\n\n\n<p>Desde Minneapolis hasta Shangh\u00e1i, siempre estamos buscando profesionales talentosos para que se unan a nosotros. Consulta nuestras oportunidades laborales actuales.<\/p>\n\n\n\n<div class=\"wp-block-buttons is-layout-flex wp-block-buttons-is-layout-flex\">\n<div class=\"wp-block-button\"><a class=\"wp-block-button__link wp-element-button\" href=\"https:\/\/myjobs.adp.com\/biworldwide\/cx\/job-listing\">Vacantes Actuales<\/a><\/div>\n<\/div>\n\n\n\n<hr class=\"wp-block-separator has-alpha-channel-opacity\" \/>\n\n\n\n<div class=\"wp-block-group alignfull has-global-padding is-layout-constrained wp-container-core-group-is-layout-97ab3c77 wp-block-group-is-layout-constrained\">\n<div class=\"wp-block-group has-text-align-center  layout-columns-8 has-global-padding is-layout-constrained wp-container-core-group-is-layout-ee362a79 wp-block-group-is-layout-constrained\">\n<h2 class=\"wp-block-heading has-text-align-center  has-text-wrap-pretty\">Conoce m\u00e1s sobre nosotros<\/h2>\n\n\n\n<p class=\" has-text-wrap-balance\"><\/p>\n<\/div>\n\n\n\n<div class=\"wp-block-group  layout-columns-12 has-global-padding is-layout-constrained wp-container-core-group-is-layout-9e09659d wp-block-group-is-layout-constrained\">\n<div class=\"wp-block-group is-layout-grid wp-container-core-group-is-layout-c765d3c1 wp-block-group-is-layout-grid\"><div class=\" has-dynamic-border-radius has-link has-image-size-cover has-image-radius-none is-style-default wp-block-biw-block-theme-biw-card\">\n\t\t\t<figure class=\"biw-card__image-wrapper \">\n\t\t\t<img decoding=\"async\" src=\"http:\/\/live-biw-main.pantheonsite.io\/wp-content\/uploads\/2025\/02\/About-Us-1300x732px.jpg\" alt=\"A large crowd stands outside a building, waving blue inflatable sticks as a black SUV drives by. The people appear to be organized on either side of a driveway, cheering and celebrating as the vehicle passes.\" class=\"biw-card__image\" style=\"object-position: 50% 50%;\">\t\t<\/figure>\n\t\t<div class=\"biw-card__content\">\n\t\t<h3 class=\"biw-card__title\">\n\t\t\t\t\t\t\t<a href=\"https:\/\/www.biworldwide.com\/es-latam\/acerca-de-nosotros\/\" >\n\t\t\t\tSobre Nosotros\t\t\t\t<\/a>\n\t\t\t\t\t<\/h3>\n\t\t<div class=\"biw-card__text\">\n\n<p>Nuestra misi\u00f3n es convertir la inspiraci\u00f3n en resultados reales para nuestros clientes. Sabemos c\u00f3mo atraer, involucrar y retener empleados, ejecutar concursos de ventas e incentivos efectivos, construir programas din\u00e1micos de lealtad de clientes y crear eventos corporativos impactantes mejor que nadie.<\/p>\n\n<\/div>\n\t<\/div>\n\t\t\t<span class=\"biw-card__cta\">Conoce M\u00e1s<\/span>\n\t<\/div>\n\n<div class=\" has-dynamic-border-radius has-link has-image-size-cover has-image-radius-none is-style-default wp-block-biw-block-theme-biw-card\">\n\t\t\t<figure class=\"biw-card__image-wrapper \">\n\t\t\t<img decoding=\"async\" src=\"http:\/\/live-biw-main.pantheonsite.io\/wp-content\/uploads\/2025\/02\/HowWeHelp-GlobeInHands-1728x600px-1.jpg\" alt=\"A person extends their hands, cupping a luminous digital globe adorned with world map lines, embodying corporate social responsibility. The backdrop is abstract, featuring a serene blend of bokeh lights and geometric shapes in hues of orange and gray.\" class=\"biw-card__image\" style=\"object-position: 50% 50%;\">\t\t<\/figure>\n\t\t<div class=\"biw-card__content\">\n\t\t<h3 class=\"biw-card__title\">\n\t\t\t\t\t\t\t<a href=\"https:\/\/www.biworldwide.com\/es-latam\/acerca-de-nosotros\/responsabilidad-social-corporativa\/\" >\n\t\t\t\tResponsabilidad Social Corporativa\t\t\t\t<\/a>\n\t\t\t\t\t<\/h3>\n\t\t<div class=\"biw-card__text\">\n\n<p>Estamos en un viaje para organizar y maximizar nuestros esfuerzos de responsabilidad social en BI WORLDWIDE. Nuestros l\u00edderes, asociados y socios comerciales trabajan de la mano para avanzar en nuestra misi\u00f3n de inspirar a las personas y entregar resultados, mientras somos conscientes y responsables en nuestra gesti\u00f3n de las comunidades.<\/p>\n\n<\/div>\n\t<\/div>\n\t\t\t<span class=\"biw-card__cta\">Conoce M\u00e1s<\/span>\n\t<\/div><\/div>\n<\/div>\n<\/div>\n","protected":false},"excerpt":{"rendered":"<p>Eres inteligente. Tienes habilidades. Est\u00e1s listo para un desaf\u00edo. \u00bfSigues leyendo? Esto es una buena se\u00f1al. Somos un l\u00edder global en incentivos de ventas y participaci\u00f3n de empleados, canales y clientes. Lo somos gracias a nuestros colaboradores. Contratamos a los mejores: Los colaboradores de BI WORLDWIDE disfrutan de una cultura corporativa acogedora, desafiante y emocionante. [&hellip;]<\/p>\n","protected":false},"author":11,"featured_media":0,"parent":0,"menu_order":0,"comment_status":"closed","ping_status":"closed","template":"","meta":{"featured_image_focal_point":{"x":0.5,"y":0.5},"footnotes":""},"wf_page_folders":[8],"class_list":["post-172","page","type-page","status-publish","hentry"],"yoast_head":"<!-- This site is optimized with the Yoast SEO plugin v26.2 - https:\/\/yoast.com\/wordpress\/plugins\/seo\/ -->\n<title>Trabaja con Nosotros - Latin America (Spanish)<\/title>\n<meta name=\"robots\" content=\"index, follow, max-snippet:-1, max-image-preview:large, max-video-preview:-1\" \/>\n<link rel=\"canonical\" href=\"https:\/\/www.biworldwide.com\/es-latam\/trabaja-con-nosotros\/\" \/>\n<meta property=\"og:locale\" content=\"es_ES\" \/>\n<meta property=\"og:type\" content=\"article\" \/>\n<meta property=\"og:title\" content=\"Trabaja con Nosotros - Latin America (Spanish)\" \/>\n<meta property=\"og:description\" content=\"Eres inteligente. Tienes habilidades. Est\u00e1s listo para un desaf\u00edo. \u00bfSigues leyendo? Esto es una buena se\u00f1al. Somos un l\u00edder global en incentivos de ventas y participaci\u00f3n de empleados, canales y clientes. Lo somos gracias a nuestros colaboradores. Contratamos a los mejores: Los colaboradores de BI WORLDWIDE disfrutan de una cultura corporativa acogedora, desafiante y emocionante. [&hellip;]\" \/>\n<meta property=\"og:url\" content=\"https:\/\/www.biworldwide.com\/es-latam\/trabaja-con-nosotros\/\" \/>\n<meta property=\"og:site_name\" content=\"Latin America (Spanish)\" \/>\n<meta property=\"article:modified_time\" content=\"2025-04-01T06:46:31+00:00\" \/>\n<meta name=\"twitter:card\" content=\"summary_large_image\" \/>\n<meta name=\"twitter:label1\" content=\"Est. reading time\" \/>\n\t<meta name=\"twitter:data1\" content=\"2 minutos\" \/>\n<script type=\"application\/ld+json\" class=\"yoast-schema-graph\">{\"@context\":\"https:\/\/schema.org\",\"@graph\":[{\"@type\":\"WebPage\",\"@id\":\"https:\/\/www.biworldwide.com\/es-latam\/trabaja-con-nosotros\/\",\"url\":\"https:\/\/www.biworldwide.com\/es-latam\/trabaja-con-nosotros\/\",\"name\":\"Trabaja con Nosotros - Latin America (Spanish)\",\"isPartOf\":{\"@id\":\"https:\/\/www.biworldwide.com\/es-latam\/#website\"},\"datePublished\":\"2025-01-14T16:27:10+00:00\",\"dateModified\":\"2025-04-01T06:46:31+00:00\",\"breadcrumb\":{\"@id\":\"https:\/\/www.biworldwide.com\/es-latam\/trabaja-con-nosotros\/#breadcrumb\"},\"inLanguage\":\"es-CO\",\"potentialAction\":[{\"@type\":\"ReadAction\",\"target\":[\"https:\/\/www.biworldwide.com\/es-latam\/trabaja-con-nosotros\/\"]}]},{\"@type\":\"BreadcrumbList\",\"@id\":\"https:\/\/www.biworldwide.com\/es-latam\/trabaja-con-nosotros\/#breadcrumb\",\"itemListElement\":[{\"@type\":\"ListItem\",\"position\":1,\"name\":\"Home\",\"item\":\"https:\/\/www.biworldwide.com\/es-latam\/\"},{\"@type\":\"ListItem\",\"position\":2,\"name\":\"Trabaja con Nosotros\"}]},{\"@type\":\"WebSite\",\"@id\":\"https:\/\/www.biworldwide.com\/es-latam\/#website\",\"url\":\"https:\/\/www.biworldwide.com\/es-latam\/\",\"name\":\"Latin America (Spanish)\",\"description\":\"\",\"publisher\":{\"@id\":\"https:\/\/www.biworldwide.com\/es-latam\/#organization\"},\"potentialAction\":[{\"@type\":\"SearchAction\",\"target\":{\"@type\":\"EntryPoint\",\"urlTemplate\":\"https:\/\/www.biworldwide.com\/es-latam\/?s={search_term_string}\"},\"query-input\":{\"@type\":\"PropertyValueSpecification\",\"valueRequired\":true,\"valueName\":\"search_term_string\"}}],\"inLanguage\":\"es-CO\"},{\"@type\":\"Organization\",\"@id\":\"https:\/\/www.biworldwide.com\/es-latam\/#organization\",\"name\":\"Latin America (Spanish)\",\"url\":\"https:\/\/www.biworldwide.com\/es-latam\/\",\"logo\":{\"@type\":\"ImageObject\",\"inLanguage\":\"es-CO\",\"@id\":\"https:\/\/www.biworldwide.com\/es-latam\/#\/schema\/logo\/image\/\",\"url\":\"https:\/\/www.biworldwide.com\/es-latam\/wp-content\/uploads\/sites\/14\/2025\/02\/BIW_corp_lockup_rgb.png\",\"contentUrl\":\"https:\/\/www.biworldwide.com\/es-latam\/wp-content\/uploads\/sites\/14\/2025\/02\/BIW_corp_lockup_rgb.png\",\"width\":550,\"height\":400,\"caption\":\"Latin America (Spanish)\"},\"image\":{\"@id\":\"https:\/\/www.biworldwide.com\/es-latam\/#\/schema\/logo\/image\/\"}}]}<\/script>\n<!-- \/ Yoast SEO plugin. -->","yoast_head_json":{"title":"Trabaja con Nosotros - Latin America (Spanish)","robots":{"index":"index","follow":"follow","max-snippet":"max-snippet:-1","max-image-preview":"max-image-preview:large","max-video-preview":"max-video-preview:-1"},"canonical":"https:\/\/www.biworldwide.com\/es-latam\/trabaja-con-nosotros\/","og_locale":"es_ES","og_type":"article","og_title":"Trabaja con Nosotros - Latin America (Spanish)","og_description":"Eres inteligente. Tienes habilidades. Est\u00e1s listo para un desaf\u00edo. \u00bfSigues leyendo? Esto es una buena se\u00f1al. Somos un l\u00edder global en incentivos de ventas y participaci\u00f3n de empleados, canales y clientes. Lo somos gracias a nuestros colaboradores. Contratamos a los mejores: Los colaboradores de BI WORLDWIDE disfrutan de una cultura corporativa acogedora, desafiante y emocionante. [&hellip;]","og_url":"https:\/\/www.biworldwide.com\/es-latam\/trabaja-con-nosotros\/","og_site_name":"Latin America (Spanish)","article_modified_time":"2025-04-01T06:46:31+00:00","twitter_card":"summary_large_image","twitter_misc":{"Est. reading time":"2 minutos"},"schema":{"@context":"https:\/\/schema.org","@graph":[{"@type":"WebPage","@id":"https:\/\/www.biworldwide.com\/es-latam\/trabaja-con-nosotros\/","url":"https:\/\/www.biworldwide.com\/es-latam\/trabaja-con-nosotros\/","name":"Trabaja con Nosotros - Latin America (Spanish)","isPartOf":{"@id":"https:\/\/www.biworldwide.com\/es-latam\/#website"},"datePublished":"2025-01-14T16:27:10+00:00","dateModified":"2025-04-01T06:46:31+00:00","breadcrumb":{"@id":"https:\/\/www.biworldwide.com\/es-latam\/trabaja-con-nosotros\/#breadcrumb"},"inLanguage":"es-CO","potentialAction":[{"@type":"ReadAction","target":["https:\/\/www.biworldwide.com\/es-latam\/trabaja-con-nosotros\/"]}]},{"@type":"BreadcrumbList","@id":"https:\/\/www.biworldwide.com\/es-latam\/trabaja-con-nosotros\/#breadcrumb","itemListElement":[{"@type":"ListItem","position":1,"name":"Home","item":"https:\/\/www.biworldwide.com\/es-latam\/"},{"@type":"ListItem","position":2,"name":"Trabaja con Nosotros"}]},{"@type":"WebSite","@id":"https:\/\/www.biworldwide.com\/es-latam\/#website","url":"https:\/\/www.biworldwide.com\/es-latam\/","name":"Latin America (Spanish)","description":"","publisher":{"@id":"https:\/\/www.biworldwide.com\/es-latam\/#organization"},"potentialAction":[{"@type":"SearchAction","target":{"@type":"EntryPoint","urlTemplate":"https:\/\/www.biworldwide.com\/es-latam\/?s={search_term_string}"},"query-input":{"@type":"PropertyValueSpecification","valueRequired":true,"valueName":"search_term_string"}}],"inLanguage":"es-CO"},{"@type":"Organization","@id":"https:\/\/www.biworldwide.com\/es-latam\/#organization","name":"Latin America (Spanish)","url":"https:\/\/www.biworldwide.com\/es-latam\/","logo":{"@type":"ImageObject","inLanguage":"es-CO","@id":"https:\/\/www.biworldwide.com\/es-latam\/#\/schema\/logo\/image\/","url":"https:\/\/www.biworldwide.com\/es-latam\/wp-content\/uploads\/sites\/14\/2025\/02\/BIW_corp_lockup_rgb.png","contentUrl":"https:\/\/www.biworldwide.com\/es-latam\/wp-content\/uploads\/sites\/14\/2025\/02\/BIW_corp_lockup_rgb.png","width":550,"height":400,"caption":"Latin America (Spanish)"},"image":{"@id":"https:\/\/www.biworldwide.com\/es-latam\/#\/schema\/logo\/image\/"}}]}},"_links":{"self":[{"href":"https:\/\/www.biworldwide.com\/es-latam\/wp-json\/wp\/v2\/pages\/172","targetHints":{"allow":["GET"]}}],"collection":[{"href":"https:\/\/www.biworldwide.com\/es-latam\/wp-json\/wp\/v2\/pages"}],"about":[{"href":"https:\/\/www.biworldwide.com\/es-latam\/wp-json\/wp\/v2\/types\/page"}],"author":[{"embeddable":true,"href":"https:\/\/www.biworldwide.com\/es-latam\/wp-json\/wp\/v2\/users\/11"}],"replies":[{"embeddable":true,"href":"https:\/\/www.biworldwide.com\/es-latam\/wp-json\/wp\/v2\/comments?post=172"}],"version-history":[{"count":7,"href":"https:\/\/www.biworldwide.com\/es-latam\/wp-json\/wp\/v2\/pages\/172\/revisions"}],"predecessor-version":[{"id":1296,"href":"https:\/\/www.biworldwide.com\/es-latam\/wp-json\/wp\/v2\/pages\/172\/revisions\/1296"}],"wp:attachment":[{"href":"https:\/\/www.biworldwide.com\/es-latam\/wp-json\/wp\/v2\/media?parent=172"}],"wp:term":[{"taxonomy":"wf_page_folders","embeddable":true,"href":"https:\/\/www.biworldwide.com\/es-latam\/wp-json\/wp\/v2\/wf_page_folders?post=172"}],"curies":[{"name":"wp","href":"https:\/\/api.w.org\/{rel}","templated":true}]}}