{"id":182,"date":"2025-01-14T17:07:45","date_gmt":"2025-01-14T17:07:45","guid":{"rendered":"https:\/\/live-biw-main.pantheonsite.io\/?page_id=182"},"modified":"2025-04-02T12:17:57","modified_gmt":"2025-04-02T18:17:57","slug":"declaracion-de-accesibilidad","status":"publish","type":"page","link":"https:\/\/www.biworldwide.com\/es-latam\/declaracion-de-accesibilidad\/","title":{"rendered":"Declaraci\u00f3n de Accesibilidad"},"content":{"rendered":"\n<h2 class=\"wp-block-heading\">Declaraci\u00f3n de Accesibilidad<\/h2>\n\n\n\n<p>BI WORLDWIDE se compromete a proporcionar un sitio web accesible para la mayor audiencia posible, independientemente de la tecnolog\u00eda o la capacidad. Estamos trabajando activamente para aumentar la accesibilidad y la usabilidad de nuestro sitio web y, al hacerlo, seguimos muchos de los est\u00e1ndares y directrices disponibles.<\/p>\n\n\n\n<p>Este sitio web se esfuerza por cumplir con el nivel Doble-A de las Directrices de Accesibilidad para el Contenido Web 2.1 del World Wide Web Consortium (W3C). Estas directrices explican c\u00f3mo hacer que el contenido web sea m\u00e1s accesible para las personas con discapacidades. Cumplir con estas directrices ayudar\u00e1 a hacer la web m\u00e1s amigable para todas las personas.<\/p>\n\n\n\n<p>Este sitio ha sido construido utilizando c\u00f3digo compatible con los est\u00e1ndares del W3C para HTML y CSS. El sitio se muestra correctamente en los navegadores actuales y, al usar c\u00f3digo HTML\/CSS conforme a los est\u00e1ndares, significa que tambi\u00e9n se mostrar\u00e1 correctamente en los navegadores futuros.<\/p>\n\n\n\n<p>Aunque BI WORLDWIDE se esfuerza por cumplir con las directrices y est\u00e1ndares aceptados para la accesibilidad y la usabilidad, no siempre es posible hacerlo en todas las \u00e1reas del sitio web.<\/p>\n\n\n\n<p>Estamos buscando continuamente soluciones que lleven todas las \u00e1reas del sitio al mismo nivel de accesibilidad web general. Mientras tanto, si tiene alguna dificultad para acceder a <a href=\"https:\/\/www.biworldwide.com\/es-latam\/\">www.biworldwide.com\/es-latam\/<\/a>, no dude en ponerse en contacto con nosotros en <a>connect@biworldwide.com<\/a>.<\/p>\n\n\n\n<p><\/p>\n","protected":false},"excerpt":{"rendered":"<p>Declaraci\u00f3n de Accesibilidad BI WORLDWIDE se compromete a proporcionar un sitio web accesible para la mayor audiencia posible, independientemente de la tecnolog\u00eda o la capacidad. Estamos trabajando activamente para aumentar la accesibilidad y la usabilidad de nuestro sitio web y, al hacerlo, seguimos muchos de los est\u00e1ndares y directrices disponibles. Este sitio web se esfuerza [&hellip;]<\/p>\n","protected":false},"author":11,"featured_media":0,"parent":0,"menu_order":0,"comment_status":"closed","ping_status":"closed","template":"","meta":{"featured_image_focal_point":{"x":0.5,"y":0.5},"footnotes":""},"wf_page_folders":[11],"class_list":["post-182","page","type-page","status-publish","hentry"],"yoast_head":"<!-- This site is optimized with the Yoast SEO plugin v26.2 - https:\/\/yoast.com\/wordpress\/plugins\/seo\/ -->\n<title>Declaraci\u00f3n de Accesibilidad - Latin America (Spanish)<\/title>\n<meta name=\"robots\" content=\"index, follow, max-snippet:-1, max-image-preview:large, max-video-preview:-1\" \/>\n<link rel=\"canonical\" href=\"https:\/\/www.biworldwide.com\/es-latam\/declaracion-de-accesibilidad\/\" \/>\n<meta property=\"og:locale\" content=\"es_ES\" \/>\n<meta property=\"og:type\" content=\"article\" \/>\n<meta property=\"og:title\" content=\"Declaraci\u00f3n de Accesibilidad - Latin America (Spanish)\" \/>\n<meta property=\"og:description\" content=\"Declaraci\u00f3n de Accesibilidad BI WORLDWIDE se compromete a proporcionar un sitio web accesible para la mayor audiencia posible, independientemente de la tecnolog\u00eda o la capacidad. Estamos trabajando activamente para aumentar la accesibilidad y la usabilidad de nuestro sitio web y, al hacerlo, seguimos muchos de los est\u00e1ndares y directrices disponibles. Este sitio web se esfuerza [&hellip;]\" \/>\n<meta property=\"og:url\" content=\"https:\/\/www.biworldwide.com\/es-latam\/declaracion-de-accesibilidad\/\" \/>\n<meta property=\"og:site_name\" content=\"Latin America (Spanish)\" \/>\n<meta property=\"article:modified_time\" content=\"2025-04-02T18:17:57+00:00\" \/>\n<meta name=\"twitter:card\" content=\"summary_large_image\" \/>\n<meta name=\"twitter:label1\" content=\"Est. reading time\" \/>\n\t<meta name=\"twitter:data1\" content=\"2 minutos\" \/>\n<script type=\"application\/ld+json\" class=\"yoast-schema-graph\">{\"@context\":\"https:\/\/schema.org\",\"@graph\":[{\"@type\":\"WebPage\",\"@id\":\"https:\/\/www.biworldwide.com\/es-latam\/declaracion-de-accesibilidad\/\",\"url\":\"https:\/\/www.biworldwide.com\/es-latam\/declaracion-de-accesibilidad\/\",\"name\":\"Declaraci\u00f3n de Accesibilidad - Latin America (Spanish)\",\"isPartOf\":{\"@id\":\"https:\/\/www.biworldwide.com\/es-latam\/#website\"},\"datePublished\":\"2025-01-14T17:07:45+00:00\",\"dateModified\":\"2025-04-02T18:17:57+00:00\",\"breadcrumb\":{\"@id\":\"https:\/\/www.biworldwide.com\/es-latam\/declaracion-de-accesibilidad\/#breadcrumb\"},\"inLanguage\":\"es-CO\",\"potentialAction\":[{\"@type\":\"ReadAction\",\"target\":[\"https:\/\/www.biworldwide.com\/es-latam\/declaracion-de-accesibilidad\/\"]}]},{\"@type\":\"BreadcrumbList\",\"@id\":\"https:\/\/www.biworldwide.com\/es-latam\/declaracion-de-accesibilidad\/#breadcrumb\",\"itemListElement\":[{\"@type\":\"ListItem\",\"position\":1,\"name\":\"Home\",\"item\":\"https:\/\/www.biworldwide.com\/es-latam\/\"},{\"@type\":\"ListItem\",\"position\":2,\"name\":\"Declaraci\u00f3n de Accesibilidad\"}]},{\"@type\":\"WebSite\",\"@id\":\"https:\/\/www.biworldwide.com\/es-latam\/#website\",\"url\":\"https:\/\/www.biworldwide.com\/es-latam\/\",\"name\":\"Latin America (Spanish)\",\"description\":\"\",\"publisher\":{\"@id\":\"https:\/\/www.biworldwide.com\/es-latam\/#organization\"},\"potentialAction\":[{\"@type\":\"SearchAction\",\"target\":{\"@type\":\"EntryPoint\",\"urlTemplate\":\"https:\/\/www.biworldwide.com\/es-latam\/?s={search_term_string}\"},\"query-input\":{\"@type\":\"PropertyValueSpecification\",\"valueRequired\":true,\"valueName\":\"search_term_string\"}}],\"inLanguage\":\"es-CO\"},{\"@type\":\"Organization\",\"@id\":\"https:\/\/www.biworldwide.com\/es-latam\/#organization\",\"name\":\"Latin America (Spanish)\",\"url\":\"https:\/\/www.biworldwide.com\/es-latam\/\",\"logo\":{\"@type\":\"ImageObject\",\"inLanguage\":\"es-CO\",\"@id\":\"https:\/\/www.biworldwide.com\/es-latam\/#\/schema\/logo\/image\/\",\"url\":\"https:\/\/www.biworldwide.com\/es-latam\/wp-content\/uploads\/sites\/14\/2025\/02\/BIW_corp_lockup_rgb.png\",\"contentUrl\":\"https:\/\/www.biworldwide.com\/es-latam\/wp-content\/uploads\/sites\/14\/2025\/02\/BIW_corp_lockup_rgb.png\",\"width\":550,\"height\":400,\"caption\":\"Latin America (Spanish)\"},\"image\":{\"@id\":\"https:\/\/www.biworldwide.com\/es-latam\/#\/schema\/logo\/image\/\"}}]}<\/script>\n<!-- \/ Yoast SEO plugin. -->","yoast_head_json":{"title":"Declaraci\u00f3n de Accesibilidad - Latin America (Spanish)","robots":{"index":"index","follow":"follow","max-snippet":"max-snippet:-1","max-image-preview":"max-image-preview:large","max-video-preview":"max-video-preview:-1"},"canonical":"https:\/\/www.biworldwide.com\/es-latam\/declaracion-de-accesibilidad\/","og_locale":"es_ES","og_type":"article","og_title":"Declaraci\u00f3n de Accesibilidad - Latin America (Spanish)","og_description":"Declaraci\u00f3n de Accesibilidad BI WORLDWIDE se compromete a proporcionar un sitio web accesible para la mayor audiencia posible, independientemente de la tecnolog\u00eda o la capacidad. Estamos trabajando activamente para aumentar la accesibilidad y la usabilidad de nuestro sitio web y, al hacerlo, seguimos muchos de los est\u00e1ndares y directrices disponibles. Este sitio web se esfuerza [&hellip;]","og_url":"https:\/\/www.biworldwide.com\/es-latam\/declaracion-de-accesibilidad\/","og_site_name":"Latin America (Spanish)","article_modified_time":"2025-04-02T18:17:57+00:00","twitter_card":"summary_large_image","twitter_misc":{"Est. reading time":"2 minutos"},"schema":{"@context":"https:\/\/schema.org","@graph":[{"@type":"WebPage","@id":"https:\/\/www.biworldwide.com\/es-latam\/declaracion-de-accesibilidad\/","url":"https:\/\/www.biworldwide.com\/es-latam\/declaracion-de-accesibilidad\/","name":"Declaraci\u00f3n de Accesibilidad - Latin America (Spanish)","isPartOf":{"@id":"https:\/\/www.biworldwide.com\/es-latam\/#website"},"datePublished":"2025-01-14T17:07:45+00:00","dateModified":"2025-04-02T18:17:57+00:00","breadcrumb":{"@id":"https:\/\/www.biworldwide.com\/es-latam\/declaracion-de-accesibilidad\/#breadcrumb"},"inLanguage":"es-CO","potentialAction":[{"@type":"ReadAction","target":["https:\/\/www.biworldwide.com\/es-latam\/declaracion-de-accesibilidad\/"]}]},{"@type":"BreadcrumbList","@id":"https:\/\/www.biworldwide.com\/es-latam\/declaracion-de-accesibilidad\/#breadcrumb","itemListElement":[{"@type":"ListItem","position":1,"name":"Home","item":"https:\/\/www.biworldwide.com\/es-latam\/"},{"@type":"ListItem","position":2,"name":"Declaraci\u00f3n de Accesibilidad"}]},{"@type":"WebSite","@id":"https:\/\/www.biworldwide.com\/es-latam\/#website","url":"https:\/\/www.biworldwide.com\/es-latam\/","name":"Latin America (Spanish)","description":"","publisher":{"@id":"https:\/\/www.biworldwide.com\/es-latam\/#organization"},"potentialAction":[{"@type":"SearchAction","target":{"@type":"EntryPoint","urlTemplate":"https:\/\/www.biworldwide.com\/es-latam\/?s={search_term_string}"},"query-input":{"@type":"PropertyValueSpecification","valueRequired":true,"valueName":"search_term_string"}}],"inLanguage":"es-CO"},{"@type":"Organization","@id":"https:\/\/www.biworldwide.com\/es-latam\/#organization","name":"Latin America (Spanish)","url":"https:\/\/www.biworldwide.com\/es-latam\/","logo":{"@type":"ImageObject","inLanguage":"es-CO","@id":"https:\/\/www.biworldwide.com\/es-latam\/#\/schema\/logo\/image\/","url":"https:\/\/www.biworldwide.com\/es-latam\/wp-content\/uploads\/sites\/14\/2025\/02\/BIW_corp_lockup_rgb.png","contentUrl":"https:\/\/www.biworldwide.com\/es-latam\/wp-content\/uploads\/sites\/14\/2025\/02\/BIW_corp_lockup_rgb.png","width":550,"height":400,"caption":"Latin America (Spanish)"},"image":{"@id":"https:\/\/www.biworldwide.com\/es-latam\/#\/schema\/logo\/image\/"}}]}},"_links":{"self":[{"href":"https:\/\/www.biworldwide.com\/es-latam\/wp-json\/wp\/v2\/pages\/182","targetHints":{"allow":["GET"]}}],"collection":[{"href":"https:\/\/www.biworldwide.com\/es-latam\/wp-json\/wp\/v2\/pages"}],"about":[{"href":"https:\/\/www.biworldwide.com\/es-latam\/wp-json\/wp\/v2\/types\/page"}],"author":[{"embeddable":true,"href":"https:\/\/www.biworldwide.com\/es-latam\/wp-json\/wp\/v2\/users\/11"}],"replies":[{"embeddable":true,"href":"https:\/\/www.biworldwide.com\/es-latam\/wp-json\/wp\/v2\/comments?post=182"}],"version-history":[{"count":3,"href":"https:\/\/www.biworldwide.com\/es-latam\/wp-json\/wp\/v2\/pages\/182\/revisions"}],"predecessor-version":[{"id":1331,"href":"https:\/\/www.biworldwide.com\/es-latam\/wp-json\/wp\/v2\/pages\/182\/revisions\/1331"}],"wp:attachment":[{"href":"https:\/\/www.biworldwide.com\/es-latam\/wp-json\/wp\/v2\/media?parent=182"}],"wp:term":[{"taxonomy":"wf_page_folders","embeddable":true,"href":"https:\/\/www.biworldwide.com\/es-latam\/wp-json\/wp\/v2\/wf_page_folders?post=182"}],"curies":[{"name":"wp","href":"https:\/\/api.w.org\/{rel}","templated":true}]}}