{"id":186,"date":"2025-01-14T17:08:08","date_gmt":"2025-01-14T17:08:08","guid":{"rendered":"https:\/\/live-biw-main.pantheonsite.io\/?page_id=186"},"modified":"2025-04-02T12:42:35","modified_gmt":"2025-04-02T18:42:35","slug":"aviso-de-privacidad","status":"publish","type":"page","link":"https:\/\/www.biworldwide.com\/es-latam\/aviso-de-privacidad\/","title":{"rendered":"Aviso de Privacidad"},"content":{"rendered":"<div class=\" has-content-align-center has-overlay has-overlay--dark alignwide wp-block-biw-block-theme-hero\">\n\t<div class=\"biw-hero__grid\">\n\t\t\t\t\t<div class=\"biw-hero__breadcrumbs\">\n\t\t\t\t<div id=\"breadcrumbs\" class=\"breadcrumb-nav__wrapper\"><span class=\"breadcrumb-nav\"><span><a href=\"https:\/\/www.biworldwide.com\/es-latam\/\">Home<\/a><\/span><\/span><\/div>\t\t\t<\/div>\n\t\t\n\t\t\t\t\t<div class=\"biw-hero__media has-dynamic-border-radius\">\n\t\t\t\t\t\t\t\t\t<div class=\"biw-hero__overlay overlay-dark\"><\/div>\n\t\t\t\t\t\t\t\t<img decoding=\"async\" src=\"http:\/\/live-biw-main.pantheonsite.io\/wp-content\/uploads\/2025\/02\/Privacy-1728x600px.jpg\" alt=\"A person with curly hair and wearing a blazer is seated indoors, focusing intently on a task. The background is softly blurred, with circular lights creating a bokeh effect.\" class=\"biw-hero__bg-image\" style=\"object-position: 50% 50%;\">\t\t\t<\/div>\n\t\t\t\t<div class=\"biw-hero__content\">\n\t\t\t\t\t\t<h1 class=\"biw-hero__title\" style=\"line-height: 1.2\">\n\t\t\t\t<strong>Aviso de Privacidad<\/strong>\t\t\t<\/h1>\n\t\t\t\t\t\t\t\t\t\t<div class=\"biw-hero__text\">\n\t\t\t\t\t\n\n<p><\/p>\n\n\t\t\t\t<\/div>\n\t\t\t\t\t\t\t\t<\/div>\n\t<\/div>\n<\/div>\n\n\n\n<p><strong>Por qu\u00e9 se recopilar\u00e1 informaci\u00f3n personal sobre ti.<\/strong><br>Cuando completes un formulario (denominado en este Aviso de Privacidad como &#8220;Consulta de Marketing&#8221; o &#8220;la Consulta de Marketing&#8221;) a trav\u00e9s de este sitio web corporativo, denominado en este Aviso de Privacidad como &#8220;el Sitio Web&#8221;, se te puede solicitar que proporciones informaci\u00f3n personal identificable.<\/p>\n\n\n\n<p>Si eliges completar y enviar la Consulta de Marketing, BI WORLDWIDE (denominado en este Aviso de Privacidad como &#8220;BI WORLDWIDE&#8221; o &#8220;BIW&#8221;) tiene un inter\u00e9s leg\u00edtimo en la recopilaci\u00f3n y procesamiento de tu informaci\u00f3n personal para dar seguimiento a tu Consulta de Marketing.<\/p>\n\n\n\n<p><strong>Informaci\u00f3n personal sobre ti que se recopilar\u00e1.<\/strong><br>BI WORLDWIDE puede poseer leg\u00edtimamente cierta informaci\u00f3n personal sobre ti, la cual puede combinarse con informaci\u00f3n adicional que se recopile en relaci\u00f3n con la Consulta de Marketing. BI WORLDWIDE recopilar\u00e1 y utilizar\u00e1 la informaci\u00f3n personal sobre ti para:<\/p>\n\n\n\n<ul class=\"wp-block-list\">\n<li>Comunicarse contigo por tel\u00e9fono, correo electr\u00f3nico o de otra manera. <\/li>\n\n\n\n<li>Registrarte en plataformas de soporte de ventas o marketing, como salesforce.com. <\/li>\n\n\n\n<li>Proporcionar tu informaci\u00f3n a un Director de Desarrollo de Negocios o Gerente de Ventas de BIW para el seguimiento de posibles transacciones comerciales con tu empresa.<\/li>\n<\/ul>\n\n\n\n<p><br><strong>Los siguientes tipos de informaci\u00f3n personal ser\u00e1n recopilados y procesados:<\/strong><\/p>\n\n\n\n<ul class=\"wp-block-list\">\n<li>Nombre<\/li>\n\n\n\n<li>Cargo<\/li>\n\n\n\n<li>Nombre de la empresa<\/li>\n\n\n\n<li>Direcci\u00f3n de la empresa<\/li>\n\n\n\n<li>N\u00famero de tel\u00e9fono comercial<\/li>\n\n\n\n<li>Direcci\u00f3n de correo electr\u00f3nico comercial<\/li>\n\n\n\n<li>Direcci\u00f3n IP<\/li>\n<\/ul>\n\n\n\n<p>La recopilaci\u00f3n, procesamiento y almacenamiento de informaci\u00f3n personal son necesarios para dar seguimiento a la Consulta de Marketing.<\/p>\n\n\n\n<p>Tienes el derecho de no proporcionar tu informaci\u00f3n personal. Si decides no proporcionar tu informaci\u00f3n personal cuando se te solicite, BIW puede no ser capaz de dar seguimiento a tu Consulta de Marketing.<\/p>\n\n\n\n<p>La informaci\u00f3n personal se guarda por el tiempo necesario para que BIW pueda dar seguimiento a tu Consulta de Marketing.<\/p>\n\n\n\n<p><strong>Uso de cookies en el Sitio Web<\/strong><\/p>\n\n\n\n<p>Las cookies son peque\u00f1os archivos de texto que se almacenan en la memoria mientras est\u00e1s conectado a un sitio web y luego se eliminan inmediatamente despu\u00e9s (\u201cCookies de sesi\u00f3n\u201d), o se colocan en tu dispositivo por los sitios web que visitas para almacenar informaci\u00f3n \u00fatil que se puede utilizar en visitas futuras, ayudando a \u201crecordar\u201d elecciones espec\u00edficas o entradas de datos que has hecho previamente (\u201cCookies persistentes\u201d). Las cookies se utilizan ampliamente para ayudar a los sitios web a funcionar de la manera m\u00e1s eficiente posible, as\u00ed como para proporcionar informaci\u00f3n a los propietarios del sitio web en algunos casos.<\/p>\n\n\n\n<figure class=\"wp-block-table\"><table class=\"has-fixed-layout\"><tbody><tr><td><strong>Cookie Types<\/strong><\/td><td><strong>Name(s) used by this site<\/strong><\/td><td><strong>Purpose<\/strong><\/td><td><strong>Personal Data stored within the cookie<\/strong><\/td><\/tr><tr><td>Authentication<\/td><td>ASP.NET_SessionId<\/td><td>This cookie, often referred to as a user session cookie, helps the web server maintain the unique connection between the user and the web server for the duration of a visit.<br>These cookies only exist as long<br>as the user is connected to the<br>web application.<\/td><td>IP address<\/td><\/tr><tr><td>User Input<\/td><td>NumberOfVisits<\/td><td>This tracks how many times a<br>person has visited a page that is<br>the target of personalization. This<br>allows personalized content to be<br>shown to users depending on<br>which pages they&#8217;ve visited and<br>number of times they&#8217;ve visited<br>those pages<\/td><td>None, because this<br>website does not require<br>You to log in.<\/td><\/tr><tr><td>Load Balancing<\/td><td>AWSALB<\/td><td>These cookies are required by<br>systems used to balance the<br>number of users connected each<br>group of web servers associated<br>with a website. They are required<br>to make sure after a user<br>connects that they are always<br>communicating with the same<br>web server.<br>These cookies only exist as long<br>as the user is connected to the<br>web application.<\/td><td>None<\/td><\/tr><tr><td>Anonymous Website Analytics Provided by Google Analytics<\/td><td>_gat<br>_gid<br>_ga<\/td><td>These Persistent Cookies are<br>used to collect non-personal<br>information. The information helps<br>us improve the Website<br>performance. The cookies collect<br>information in an anonymous<br>form, including the number of<br>visitors to the Website, where<br>visitors of the Website have come<br>from, and the pages they visited<br>within the Website.<\/td><td>IP Address<\/td><\/tr><\/tbody><\/table><\/figure>\n\n\n\n<p><strong>C\u00f3mo se utilizar\u00e1 la informaci\u00f3n personal sobre ti<\/strong><\/p>\n\n\n\n<p>BI WORLDWIDE respeta la privacidad de tu informaci\u00f3n personal y no la compartir\u00e1 con terceros, excepto cuando sea necesario para responder a la Consulta de Marketing.<\/p>\n\n\n\n<p>Tu informaci\u00f3n personal solo se utilizar\u00e1 para el prop\u00f3sito o los prop\u00f3sitos para los que fue originalmente recopilada, o para un prop\u00f3sito estrechamente relacionado con la Consulta de Marketing.<\/p>\n\n\n\n<p>Tu informaci\u00f3n personal ser\u00e1 utilizada por BIW en la medida necesaria para:<\/p>\n\n\n\n<ul class=\"wp-block-list\">\n<li>Permitir que BIW d\u00e9 seguimiento a la Consulta de Marketing<\/li>\n\n\n\n<li>Asegurarse de que recibas contenido de la Consulta de Marketing relevante para ti<\/li>\n\n\n\n<li>Notificarte sobre cambios relevantes en el sitio web o servicios relacionados<\/li>\n<\/ul>\n\n\n\n<p>Cuando sea necesario compartir la informaci\u00f3n personal de la Consulta de Marketing con un tercero, tu informaci\u00f3n personal ser\u00e1 adecuadamente protegida, solo se compartir\u00e1 la informaci\u00f3n m\u00ednima necesaria y solo se compartir\u00e1 cuando sea necesario.<\/p>\n\n\n\n<p>Tu informaci\u00f3n personal podr\u00e1 ser compartida:<\/p>\n\n\n\n<ul class=\"wp-block-list\">\n<li>Con empleados de BI WORLDWIDE en una base de necesidad<\/li>\n\n\n\n<li>Con otras empresas dentro del grupo corporativo de BI WORLDWIDE<\/li>\n\n\n\n<li>Con proveedores y subcontratistas de BI WORLDWIDE en relaci\u00f3n con la Consulta de Marketing<\/li>\n\n\n\n<li>Si BI WORLDWIDE tiene la obligaci\u00f3n legal de divulgar tu informaci\u00f3n (por ejemplo, como lo requiere la ley o una orden judicial)<\/li>\n\n\n\n<li>Si BIW debe hacer cumplir un contrato<\/li>\n\n\n\n<li>Si BIW debe proteger los derechos, la propiedad o la seguridad de ti o de cualquier otra persona<\/li>\n\n\n\n<li>Con proveedores de servicios de an\u00e1lisis, seg\u00fan se describe en el siguiente p\u00e1rrafo<\/li>\n<\/ul>\n\n\n\n<p>El patrocinador recopilar\u00e1 los siguientes tipos de informaci\u00f3n y utilizar\u00e1 servicios de an\u00e1lisis para ayudar a mejorar la Consulta de Marketing y\/o el Sitio Web, o para solucionar problemas:<\/p>\n\n\n\n<ul class=\"wp-block-list\">\n<li>Informaci\u00f3n personal: la direcci\u00f3n IP asignada a tu computadora (una direcci\u00f3n IP es un n\u00famero \u00fanico asignado a tu computadora cuando usas Internet)<\/li>\n\n\n\n<li>Informaci\u00f3n t\u00e9cnica: tipo y versi\u00f3n de navegador, configuraci\u00f3n de zona horaria, tipos y versiones de complementos de navegador, sistema operativo y tipo de dispositivo<\/li>\n\n\n\n<li>Informaci\u00f3n de rendimiento: informaci\u00f3n sobre tu uso del sitio web de la Consulta de Marketing, incluida la fecha y hora de conexi\u00f3n, las p\u00e1ginas que ves en el sitio web, el tiempo que tard\u00f3 en mostrarse cada p\u00e1gina, los errores y la duraci\u00f3n del tiempo que pasaste en ciertas p\u00e1ginas<\/li>\n<\/ul>\n\n\n\n<p>Tu informaci\u00f3n personal se almacena de manera segura dentro de los Estados Unidos de Am\u00e9rica.<\/p>\n\n\n\n<p>Cuando sea necesario transferir tu informaci\u00f3n personal fuera del pa\u00eds en el que se almacena, BI WORLDWIDE toma medidas para asegurar que haya niveles adecuados de protecci\u00f3n de privacidad conforme a las leyes de protecci\u00f3n de datos aplicables. Estas medidas de protecci\u00f3n de privacidad son contractualmente requeridas para todas las partes involucradas en la transferencia.<\/p>\n\n\n\n<p><strong>Tus derechos sobre tu informaci\u00f3n personal<\/strong><\/p>\n\n\n\n<p>BI WORLDWIDE respeta tus derechos de acceso y control sobre tu informaci\u00f3n personal, los cuales incluyen:<\/p>\n\n\n\n<ol class=\"wp-block-list\">\n<li><strong>Derecho a la informaci\u00f3n<\/strong>: Este derecho te permite solicitar a BI WORLDWIDE informaci\u00f3n sobre qu\u00e9 datos personales tuyos est\u00e1n siendo procesados y la raz\u00f3n para dicho procesamiento.<\/li>\n\n\n\n<li><strong>Derecho de acceso<\/strong>: Este derecho te otorga la capacidad de ver o consultar tus propios datos personales que est\u00e1n siendo procesados, as\u00ed como solicitar copias de tu informaci\u00f3n personal.<\/li>\n\n\n\n<li><strong>Derecho a la rectificaci\u00f3n<\/strong>: Este derecho te permite solicitar modificaciones a tus datos personales si crees que tu informaci\u00f3n no est\u00e1 actualizada o es incorrecta.<\/li>\n\n\n\n<li><strong>Derecho a retirar el consentimiento<\/strong>: Este derecho te permite retirar el consentimiento previamente otorgado para el procesamiento de tu informaci\u00f3n personal con un prop\u00f3sito espec\u00edfico. Tu solicitud requerir\u00eda que BI WORLDWIDE detenga el procesamiento de tu informaci\u00f3n personal basado en el consentimiento dado anteriormente.<\/li>\n\n\n\n<li><strong>Derecho de oposici\u00f3n<\/strong>: Este derecho te otorga la capacidad de oponerte al procesamiento de tus datos personales. Normalmente, esto ser\u00eda lo mismo que el derecho a retirar el consentimiento, si el consentimiento se solicit\u00f3 de manera adecuada y no se lleva a cabo un procesamiento m\u00e1s all\u00e1 de los fines leg\u00edtimos. Sin embargo, un escenario espec\u00edfico ser\u00eda cuando pides que tu informaci\u00f3n personal no se procese para ciertos fines mientras haya una disputa legal en curso en un tribunal.<\/li>\n\n\n\n<li><strong>Derecho a oponerte al procesamiento automatizado<\/strong>: Este derecho te permite oponerte a una decisi\u00f3n basada \u00fanicamente en procesamiento automatizado. Usando este derecho, puedes pedir que tu entrada (por ejemplo, un cuestionario que completaste) sea revisada manualmente, porque consideras que el procesamiento automatizado de tus respuestas podr\u00eda no tomar en cuenta tu situaci\u00f3n \u00fanica.<\/li>\n\n\n\n<li><strong>Derecho al olvido<\/strong>: Tambi\u00e9n conocido como el derecho a la supresi\u00f3n, este derecho te permite solicitar la eliminaci\u00f3n de tu informaci\u00f3n personal. Generalmente se aplica en situaciones donde ya no participas en la Consulta de Marketing. Es importante se\u00f1alar que este no es un derecho absoluto y tambi\u00e9n debe considerar los derechos de BI WORLDWIDE.<\/li>\n\n\n\n<li><strong>Derecho a la portabilidad de los datos<\/strong>: Este derecho te permite solicitar la transferencia de tu informaci\u00f3n personal. Como parte de tal solicitud, puedes pedir que tus datos personales te sean proporcionados directamente a ti o transferidos a otro responsable del tratamiento de datos distinto a BI WORLDWIDE. Al hacerlo, tu informaci\u00f3n personal debe ser proporcionada o transferida en un formato electr\u00f3nico legible por m\u00e1quina.<\/li>\n<\/ol>\n\n\n\n<p><strong>Qui\u00e9n contactar para preguntas sobre privacidad de datos o para ejercer tus derechos<\/strong><\/p>\n\n\n\n<p>De acuerdo con las leyes de protecci\u00f3n de datos aplicables, BI WORLDWIDE es el &#8220;Controlador de Datos&#8221; de tu informaci\u00f3n personal.<\/p>\n\n\n\n<p>Los Controladores de Datos toman decisiones sobre c\u00f3mo y por qu\u00e9 se utiliza tu informaci\u00f3n personal para la Consulta de Marketing y tienen la responsabilidad de garantizar que tus derechos sean protegidos.<\/p>\n\n\n\n<p>La Consulta de Marketing y el Sitio Web son propiedad y est\u00e1n operados por BI WORLDWIDE (BIW), con sede en 7630 E. Bush Lake Road, Minneapolis, MN 55439.<\/p>\n\n\n\n<p>Si tienes alguna pregunta o preocupaci\u00f3n relacionada con el uso de tus datos por parte de la Consulta de Marketing, debes contactar directamente con BI WORLDWIDE enviando un correo electr\u00f3nico con tu nombre e informaci\u00f3n de contacto a: <a>DPO.US@BIWorldwide.com<\/a><\/p>\n\n\n\n<p>Si no est\u00e1s satisfecho con la respuesta que recibes del Controlador de Datos con el que contactaste, o si crees que la protecci\u00f3n de tu informaci\u00f3n personal o derechos de privacidad han sido infringidos, debes contactar a la Autoridad de Protecci\u00f3n de Datos (DPA) de tu pa\u00eds o al Comisionado Federal de Protecci\u00f3n de Datos e Informaci\u00f3n de Suiza. Puedes buscar la DPA de tu pa\u00eds ingresando el nombre de tu pa\u00eds combinado con las palabras &#8220;autoridad de protecci\u00f3n de datos&#8221; o &#8220;oficina de privacidad&#8221; en un motor de b\u00fasqueda de Internet como <a href=\"http:\/\/www.google.com\">www.google.com<\/a>.<\/p>\n\n\n\n<p><\/p>\n","protected":false},"excerpt":{"rendered":"<p>Por qu\u00e9 se recopilar\u00e1 informaci\u00f3n personal sobre ti.Cuando completes un formulario (denominado en este Aviso de Privacidad como &#8220;Consulta de Marketing&#8221; o &#8220;la Consulta de Marketing&#8221;) a trav\u00e9s de este sitio web corporativo, denominado en este Aviso de Privacidad como &#8220;el Sitio Web&#8221;, se te puede solicitar que proporciones informaci\u00f3n personal identificable. Si eliges completar [&hellip;]<\/p>\n","protected":false},"author":11,"featured_media":0,"parent":0,"menu_order":0,"comment_status":"closed","ping_status":"closed","template":"","meta":{"featured_image_focal_point":{"x":0.5,"y":0.5},"footnotes":""},"wf_page_folders":[11],"class_list":["post-186","page","type-page","status-publish","hentry"],"yoast_head":"<!-- This site is optimized with the Yoast SEO plugin v26.2 - https:\/\/yoast.com\/wordpress\/plugins\/seo\/ -->\n<title>Aviso de Privacidad - Latin America (Spanish)<\/title>\n<meta name=\"robots\" content=\"index, follow, max-snippet:-1, max-image-preview:large, max-video-preview:-1\" \/>\n<link rel=\"canonical\" href=\"https:\/\/www.biworldwide.com\/es-latam\/aviso-de-privacidad\/\" \/>\n<meta property=\"og:locale\" content=\"es_ES\" \/>\n<meta property=\"og:type\" content=\"article\" \/>\n<meta property=\"og:title\" content=\"Aviso de Privacidad - Latin America (Spanish)\" \/>\n<meta property=\"og:description\" content=\"Por qu\u00e9 se recopilar\u00e1 informaci\u00f3n personal sobre ti.Cuando completes un formulario (denominado en este Aviso de Privacidad como &#8220;Consulta de Marketing&#8221; o &#8220;la Consulta de Marketing&#8221;) a trav\u00e9s de este sitio web corporativo, denominado en este Aviso de Privacidad como &#8220;el Sitio Web&#8221;, se te puede solicitar que proporciones informaci\u00f3n personal identificable. Si eliges completar [&hellip;]\" \/>\n<meta property=\"og:url\" content=\"https:\/\/www.biworldwide.com\/es-latam\/aviso-de-privacidad\/\" \/>\n<meta property=\"og:site_name\" content=\"Latin America (Spanish)\" \/>\n<meta property=\"article:modified_time\" content=\"2025-04-02T18:42:35+00:00\" \/>\n<meta name=\"twitter:card\" content=\"summary_large_image\" \/>\n<meta name=\"twitter:label1\" content=\"Est. reading time\" \/>\n\t<meta name=\"twitter:data1\" content=\"8 minutos\" \/>\n<script type=\"application\/ld+json\" class=\"yoast-schema-graph\">{\"@context\":\"https:\/\/schema.org\",\"@graph\":[{\"@type\":\"WebPage\",\"@id\":\"https:\/\/www.biworldwide.com\/es-latam\/aviso-de-privacidad\/\",\"url\":\"https:\/\/www.biworldwide.com\/es-latam\/aviso-de-privacidad\/\",\"name\":\"Aviso de Privacidad - Latin America (Spanish)\",\"isPartOf\":{\"@id\":\"https:\/\/www.biworldwide.com\/es-latam\/#website\"},\"datePublished\":\"2025-01-14T17:08:08+00:00\",\"dateModified\":\"2025-04-02T18:42:35+00:00\",\"breadcrumb\":{\"@id\":\"https:\/\/www.biworldwide.com\/es-latam\/aviso-de-privacidad\/#breadcrumb\"},\"inLanguage\":\"es-CO\",\"potentialAction\":[{\"@type\":\"ReadAction\",\"target\":[\"https:\/\/www.biworldwide.com\/es-latam\/aviso-de-privacidad\/\"]}]},{\"@type\":\"BreadcrumbList\",\"@id\":\"https:\/\/www.biworldwide.com\/es-latam\/aviso-de-privacidad\/#breadcrumb\",\"itemListElement\":[{\"@type\":\"ListItem\",\"position\":1,\"name\":\"Home\",\"item\":\"https:\/\/www.biworldwide.com\/es-latam\/\"},{\"@type\":\"ListItem\",\"position\":2,\"name\":\"Aviso de Privacidad\"}]},{\"@type\":\"WebSite\",\"@id\":\"https:\/\/www.biworldwide.com\/es-latam\/#website\",\"url\":\"https:\/\/www.biworldwide.com\/es-latam\/\",\"name\":\"Latin America (Spanish)\",\"description\":\"\",\"publisher\":{\"@id\":\"https:\/\/www.biworldwide.com\/es-latam\/#organization\"},\"potentialAction\":[{\"@type\":\"SearchAction\",\"target\":{\"@type\":\"EntryPoint\",\"urlTemplate\":\"https:\/\/www.biworldwide.com\/es-latam\/?s={search_term_string}\"},\"query-input\":{\"@type\":\"PropertyValueSpecification\",\"valueRequired\":true,\"valueName\":\"search_term_string\"}}],\"inLanguage\":\"es-CO\"},{\"@type\":\"Organization\",\"@id\":\"https:\/\/www.biworldwide.com\/es-latam\/#organization\",\"name\":\"Latin America (Spanish)\",\"url\":\"https:\/\/www.biworldwide.com\/es-latam\/\",\"logo\":{\"@type\":\"ImageObject\",\"inLanguage\":\"es-CO\",\"@id\":\"https:\/\/www.biworldwide.com\/es-latam\/#\/schema\/logo\/image\/\",\"url\":\"https:\/\/www.biworldwide.com\/es-latam\/wp-content\/uploads\/sites\/14\/2025\/02\/BIW_corp_lockup_rgb.png\",\"contentUrl\":\"https:\/\/www.biworldwide.com\/es-latam\/wp-content\/uploads\/sites\/14\/2025\/02\/BIW_corp_lockup_rgb.png\",\"width\":550,\"height\":400,\"caption\":\"Latin America (Spanish)\"},\"image\":{\"@id\":\"https:\/\/www.biworldwide.com\/es-latam\/#\/schema\/logo\/image\/\"}}]}<\/script>\n<!-- \/ Yoast SEO plugin. -->","yoast_head_json":{"title":"Aviso de Privacidad - Latin America (Spanish)","robots":{"index":"index","follow":"follow","max-snippet":"max-snippet:-1","max-image-preview":"max-image-preview:large","max-video-preview":"max-video-preview:-1"},"canonical":"https:\/\/www.biworldwide.com\/es-latam\/aviso-de-privacidad\/","og_locale":"es_ES","og_type":"article","og_title":"Aviso de Privacidad - Latin America (Spanish)","og_description":"Por qu\u00e9 se recopilar\u00e1 informaci\u00f3n personal sobre ti.Cuando completes un formulario (denominado en este Aviso de Privacidad como &#8220;Consulta de Marketing&#8221; o &#8220;la Consulta de Marketing&#8221;) a trav\u00e9s de este sitio web corporativo, denominado en este Aviso de Privacidad como &#8220;el Sitio Web&#8221;, se te puede solicitar que proporciones informaci\u00f3n personal identificable. Si eliges completar [&hellip;]","og_url":"https:\/\/www.biworldwide.com\/es-latam\/aviso-de-privacidad\/","og_site_name":"Latin America (Spanish)","article_modified_time":"2025-04-02T18:42:35+00:00","twitter_card":"summary_large_image","twitter_misc":{"Est. reading time":"8 minutos"},"schema":{"@context":"https:\/\/schema.org","@graph":[{"@type":"WebPage","@id":"https:\/\/www.biworldwide.com\/es-latam\/aviso-de-privacidad\/","url":"https:\/\/www.biworldwide.com\/es-latam\/aviso-de-privacidad\/","name":"Aviso de Privacidad - Latin America (Spanish)","isPartOf":{"@id":"https:\/\/www.biworldwide.com\/es-latam\/#website"},"datePublished":"2025-01-14T17:08:08+00:00","dateModified":"2025-04-02T18:42:35+00:00","breadcrumb":{"@id":"https:\/\/www.biworldwide.com\/es-latam\/aviso-de-privacidad\/#breadcrumb"},"inLanguage":"es-CO","potentialAction":[{"@type":"ReadAction","target":["https:\/\/www.biworldwide.com\/es-latam\/aviso-de-privacidad\/"]}]},{"@type":"BreadcrumbList","@id":"https:\/\/www.biworldwide.com\/es-latam\/aviso-de-privacidad\/#breadcrumb","itemListElement":[{"@type":"ListItem","position":1,"name":"Home","item":"https:\/\/www.biworldwide.com\/es-latam\/"},{"@type":"ListItem","position":2,"name":"Aviso de Privacidad"}]},{"@type":"WebSite","@id":"https:\/\/www.biworldwide.com\/es-latam\/#website","url":"https:\/\/www.biworldwide.com\/es-latam\/","name":"Latin America (Spanish)","description":"","publisher":{"@id":"https:\/\/www.biworldwide.com\/es-latam\/#organization"},"potentialAction":[{"@type":"SearchAction","target":{"@type":"EntryPoint","urlTemplate":"https:\/\/www.biworldwide.com\/es-latam\/?s={search_term_string}"},"query-input":{"@type":"PropertyValueSpecification","valueRequired":true,"valueName":"search_term_string"}}],"inLanguage":"es-CO"},{"@type":"Organization","@id":"https:\/\/www.biworldwide.com\/es-latam\/#organization","name":"Latin America (Spanish)","url":"https:\/\/www.biworldwide.com\/es-latam\/","logo":{"@type":"ImageObject","inLanguage":"es-CO","@id":"https:\/\/www.biworldwide.com\/es-latam\/#\/schema\/logo\/image\/","url":"https:\/\/www.biworldwide.com\/es-latam\/wp-content\/uploads\/sites\/14\/2025\/02\/BIW_corp_lockup_rgb.png","contentUrl":"https:\/\/www.biworldwide.com\/es-latam\/wp-content\/uploads\/sites\/14\/2025\/02\/BIW_corp_lockup_rgb.png","width":550,"height":400,"caption":"Latin America (Spanish)"},"image":{"@id":"https:\/\/www.biworldwide.com\/es-latam\/#\/schema\/logo\/image\/"}}]}},"_links":{"self":[{"href":"https:\/\/www.biworldwide.com\/es-latam\/wp-json\/wp\/v2\/pages\/186","targetHints":{"allow":["GET"]}}],"collection":[{"href":"https:\/\/www.biworldwide.com\/es-latam\/wp-json\/wp\/v2\/pages"}],"about":[{"href":"https:\/\/www.biworldwide.com\/es-latam\/wp-json\/wp\/v2\/types\/page"}],"author":[{"embeddable":true,"href":"https:\/\/www.biworldwide.com\/es-latam\/wp-json\/wp\/v2\/users\/11"}],"replies":[{"embeddable":true,"href":"https:\/\/www.biworldwide.com\/es-latam\/wp-json\/wp\/v2\/comments?post=186"}],"version-history":[{"count":3,"href":"https:\/\/www.biworldwide.com\/es-latam\/wp-json\/wp\/v2\/pages\/186\/revisions"}],"predecessor-version":[{"id":476,"href":"https:\/\/www.biworldwide.com\/es-latam\/wp-json\/wp\/v2\/pages\/186\/revisions\/476"}],"wp:attachment":[{"href":"https:\/\/www.biworldwide.com\/es-latam\/wp-json\/wp\/v2\/media?parent=186"}],"wp:term":[{"taxonomy":"wf_page_folders","embeddable":true,"href":"https:\/\/www.biworldwide.com\/es-latam\/wp-json\/wp\/v2\/wf_page_folders?post=186"}],"curies":[{"name":"wp","href":"https:\/\/api.w.org\/{rel}","templated":true}]}}