{"id":188,"date":"2025-01-14T17:08:16","date_gmt":"2025-01-14T17:08:16","guid":{"rendered":"https:\/\/live-biw-main.pantheonsite.io\/?page_id=188"},"modified":"2025-04-01T17:46:02","modified_gmt":"2025-04-01T23:46:02","slug":"terminos","status":"publish","type":"page","link":"https:\/\/www.biworldwide.com\/es-latam\/terminos\/","title":{"rendered":"T\u00e9rminos de uso"},"content":{"rendered":"\n<div class=\"wp-block-group  layout-columns-8 has-global-padding is-layout-constrained wp-container-core-group-is-layout-fce79bf6 wp-block-group-is-layout-constrained\">\n<p class=\"has-xxl-font-size\"><strong>T\u00e9rminos de uso<\/strong><\/p>\n\n\n\n<p>La informaci\u00f3n contenida en este sitio web es propiedad de BI WORLDWIDE\u2122 y sus proveedores, y est\u00e1 protegida por las leyes de derechos de autor aplicables. Aceptas no reproducir, retransmitir, difundir, vender, distribuir, publicar, transmitir, circular ni explotar comercialmente la Informaci\u00f3n de ninguna manera sin el consentimiento expreso por escrito de BI WORLDWIDE\u2122 y otros proveedores relevantes.<\/p>\n\n\n\n<p>BI WORLDWIDE\u2122 no ofrece ninguna garant\u00eda de comerciabilidad, no ofrece garant\u00eda de idoneidad para un prop\u00f3sito particular y no ofrece garant\u00eda de no infracci\u00f3n. No existe garant\u00eda alguna, expresa o impl\u00edcita, respecto a la informaci\u00f3n contenida en este sitio web.<\/p>\n\n\n\n<p>Ni BI WORLDWIDE\u2122 ni sus agentes, representantes o contratistas que transmitan informaci\u00f3n a trav\u00e9s de este sitio web ser\u00e1n responsables ante nadie por da\u00f1os consecuentes, incidentales, especiales o indirectos (incluidos los beneficios perdidos y da\u00f1os que puedan resultar de inconvenientes, retrasos o p\u00e9rdida de uso de la informaci\u00f3n, o por omisiones o inexactitudes en la informaci\u00f3n), incluso si se ha advertido de la posibilidad de tales da\u00f1os.<\/p>\n\n\n\n<p>Ocasionalmente, pueden ocurrir cambios en los diversos planes de seguros y beneficios. BI WORLDWIDE\u2122 se reserva el derecho de dise\u00f1ar las disposiciones de un plan y modificar, enmendar o terminar cualquiera de los planes de beneficios proporcionados en cualquier momento y por cualquier motivo sin previo aviso a los Asociados, seg\u00fan lo permitido por la ley.<\/p>\n\n\n\n<p>Copyright \u00a9 2025 BI WORLDWIDE\u2122<\/p>\n\n\n\n<p>BI WORLDWIDE\u2122 es un nombre comercial de Schoeneckers, Inc.<\/p>\n<\/div>\n","protected":false},"excerpt":{"rendered":"<p>T\u00e9rminos de uso La informaci\u00f3n contenida en este sitio web es propiedad de BI WORLDWIDE\u2122 y sus proveedores, y est\u00e1 protegida por las leyes de derechos de autor aplicables. Aceptas no reproducir, retransmitir, difundir, vender, distribuir, publicar, transmitir, circular ni explotar comercialmente la Informaci\u00f3n de ninguna manera sin el consentimiento expreso por escrito de BI [&hellip;]<\/p>\n","protected":false},"author":11,"featured_media":0,"parent":0,"menu_order":0,"comment_status":"closed","ping_status":"closed","template":"","meta":{"featured_image_focal_point":{"x":0.5,"y":0.5},"footnotes":""},"wf_page_folders":[11],"class_list":["post-188","page","type-page","status-publish","hentry"],"yoast_head":"<!-- This site is optimized with the Yoast SEO plugin v26.2 - https:\/\/yoast.com\/wordpress\/plugins\/seo\/ -->\n<title>T\u00e9rminos de uso - Latin America (Spanish)<\/title>\n<meta name=\"robots\" content=\"index, follow, max-snippet:-1, max-image-preview:large, max-video-preview:-1\" \/>\n<link rel=\"canonical\" href=\"https:\/\/www.biworldwide.com\/es-latam\/terminos\/\" \/>\n<meta property=\"og:locale\" content=\"es_ES\" \/>\n<meta property=\"og:type\" content=\"article\" \/>\n<meta property=\"og:title\" content=\"T\u00e9rminos de uso - Latin America (Spanish)\" \/>\n<meta property=\"og:description\" content=\"T\u00e9rminos de uso La informaci\u00f3n contenida en este sitio web es propiedad de BI WORLDWIDE\u2122 y sus proveedores, y est\u00e1 protegida por las leyes de derechos de autor aplicables. Aceptas no reproducir, retransmitir, difundir, vender, distribuir, publicar, transmitir, circular ni explotar comercialmente la Informaci\u00f3n de ninguna manera sin el consentimiento expreso por escrito de BI [&hellip;]\" \/>\n<meta property=\"og:url\" content=\"https:\/\/www.biworldwide.com\/es-latam\/terminos\/\" \/>\n<meta property=\"og:site_name\" content=\"Latin America (Spanish)\" \/>\n<meta property=\"article:modified_time\" content=\"2025-04-01T23:46:02+00:00\" \/>\n<meta name=\"twitter:card\" content=\"summary_large_image\" \/>\n<meta name=\"twitter:label1\" content=\"Est. reading time\" \/>\n\t<meta name=\"twitter:data1\" content=\"2 minutos\" \/>\n<script type=\"application\/ld+json\" class=\"yoast-schema-graph\">{\"@context\":\"https:\/\/schema.org\",\"@graph\":[{\"@type\":\"WebPage\",\"@id\":\"https:\/\/www.biworldwide.com\/es-latam\/terminos\/\",\"url\":\"https:\/\/www.biworldwide.com\/es-latam\/terminos\/\",\"name\":\"T\u00e9rminos de uso - Latin America (Spanish)\",\"isPartOf\":{\"@id\":\"https:\/\/www.biworldwide.com\/es-latam\/#website\"},\"datePublished\":\"2025-01-14T17:08:16+00:00\",\"dateModified\":\"2025-04-01T23:46:02+00:00\",\"breadcrumb\":{\"@id\":\"https:\/\/www.biworldwide.com\/es-latam\/terminos\/#breadcrumb\"},\"inLanguage\":\"es-CO\",\"potentialAction\":[{\"@type\":\"ReadAction\",\"target\":[\"https:\/\/www.biworldwide.com\/es-latam\/terminos\/\"]}]},{\"@type\":\"BreadcrumbList\",\"@id\":\"https:\/\/www.biworldwide.com\/es-latam\/terminos\/#breadcrumb\",\"itemListElement\":[{\"@type\":\"ListItem\",\"position\":1,\"name\":\"Home\",\"item\":\"https:\/\/www.biworldwide.com\/es-latam\/\"},{\"@type\":\"ListItem\",\"position\":2,\"name\":\"T\u00e9rminos de uso\"}]},{\"@type\":\"WebSite\",\"@id\":\"https:\/\/www.biworldwide.com\/es-latam\/#website\",\"url\":\"https:\/\/www.biworldwide.com\/es-latam\/\",\"name\":\"Latin America (Spanish)\",\"description\":\"\",\"publisher\":{\"@id\":\"https:\/\/www.biworldwide.com\/es-latam\/#organization\"},\"potentialAction\":[{\"@type\":\"SearchAction\",\"target\":{\"@type\":\"EntryPoint\",\"urlTemplate\":\"https:\/\/www.biworldwide.com\/es-latam\/?s={search_term_string}\"},\"query-input\":{\"@type\":\"PropertyValueSpecification\",\"valueRequired\":true,\"valueName\":\"search_term_string\"}}],\"inLanguage\":\"es-CO\"},{\"@type\":\"Organization\",\"@id\":\"https:\/\/www.biworldwide.com\/es-latam\/#organization\",\"name\":\"Latin America (Spanish)\",\"url\":\"https:\/\/www.biworldwide.com\/es-latam\/\",\"logo\":{\"@type\":\"ImageObject\",\"inLanguage\":\"es-CO\",\"@id\":\"https:\/\/www.biworldwide.com\/es-latam\/#\/schema\/logo\/image\/\",\"url\":\"https:\/\/www.biworldwide.com\/es-latam\/wp-content\/uploads\/sites\/14\/2025\/02\/BIW_corp_lockup_rgb.png\",\"contentUrl\":\"https:\/\/www.biworldwide.com\/es-latam\/wp-content\/uploads\/sites\/14\/2025\/02\/BIW_corp_lockup_rgb.png\",\"width\":550,\"height\":400,\"caption\":\"Latin America (Spanish)\"},\"image\":{\"@id\":\"https:\/\/www.biworldwide.com\/es-latam\/#\/schema\/logo\/image\/\"}}]}<\/script>\n<!-- \/ Yoast SEO plugin. -->","yoast_head_json":{"title":"T\u00e9rminos de uso - Latin America (Spanish)","robots":{"index":"index","follow":"follow","max-snippet":"max-snippet:-1","max-image-preview":"max-image-preview:large","max-video-preview":"max-video-preview:-1"},"canonical":"https:\/\/www.biworldwide.com\/es-latam\/terminos\/","og_locale":"es_ES","og_type":"article","og_title":"T\u00e9rminos de uso - Latin America (Spanish)","og_description":"T\u00e9rminos de uso La informaci\u00f3n contenida en este sitio web es propiedad de BI WORLDWIDE\u2122 y sus proveedores, y est\u00e1 protegida por las leyes de derechos de autor aplicables. Aceptas no reproducir, retransmitir, difundir, vender, distribuir, publicar, transmitir, circular ni explotar comercialmente la Informaci\u00f3n de ninguna manera sin el consentimiento expreso por escrito de BI [&hellip;]","og_url":"https:\/\/www.biworldwide.com\/es-latam\/terminos\/","og_site_name":"Latin America (Spanish)","article_modified_time":"2025-04-01T23:46:02+00:00","twitter_card":"summary_large_image","twitter_misc":{"Est. reading time":"2 minutos"},"schema":{"@context":"https:\/\/schema.org","@graph":[{"@type":"WebPage","@id":"https:\/\/www.biworldwide.com\/es-latam\/terminos\/","url":"https:\/\/www.biworldwide.com\/es-latam\/terminos\/","name":"T\u00e9rminos de uso - Latin America (Spanish)","isPartOf":{"@id":"https:\/\/www.biworldwide.com\/es-latam\/#website"},"datePublished":"2025-01-14T17:08:16+00:00","dateModified":"2025-04-01T23:46:02+00:00","breadcrumb":{"@id":"https:\/\/www.biworldwide.com\/es-latam\/terminos\/#breadcrumb"},"inLanguage":"es-CO","potentialAction":[{"@type":"ReadAction","target":["https:\/\/www.biworldwide.com\/es-latam\/terminos\/"]}]},{"@type":"BreadcrumbList","@id":"https:\/\/www.biworldwide.com\/es-latam\/terminos\/#breadcrumb","itemListElement":[{"@type":"ListItem","position":1,"name":"Home","item":"https:\/\/www.biworldwide.com\/es-latam\/"},{"@type":"ListItem","position":2,"name":"T\u00e9rminos de uso"}]},{"@type":"WebSite","@id":"https:\/\/www.biworldwide.com\/es-latam\/#website","url":"https:\/\/www.biworldwide.com\/es-latam\/","name":"Latin America (Spanish)","description":"","publisher":{"@id":"https:\/\/www.biworldwide.com\/es-latam\/#organization"},"potentialAction":[{"@type":"SearchAction","target":{"@type":"EntryPoint","urlTemplate":"https:\/\/www.biworldwide.com\/es-latam\/?s={search_term_string}"},"query-input":{"@type":"PropertyValueSpecification","valueRequired":true,"valueName":"search_term_string"}}],"inLanguage":"es-CO"},{"@type":"Organization","@id":"https:\/\/www.biworldwide.com\/es-latam\/#organization","name":"Latin America (Spanish)","url":"https:\/\/www.biworldwide.com\/es-latam\/","logo":{"@type":"ImageObject","inLanguage":"es-CO","@id":"https:\/\/www.biworldwide.com\/es-latam\/#\/schema\/logo\/image\/","url":"https:\/\/www.biworldwide.com\/es-latam\/wp-content\/uploads\/sites\/14\/2025\/02\/BIW_corp_lockup_rgb.png","contentUrl":"https:\/\/www.biworldwide.com\/es-latam\/wp-content\/uploads\/sites\/14\/2025\/02\/BIW_corp_lockup_rgb.png","width":550,"height":400,"caption":"Latin America (Spanish)"},"image":{"@id":"https:\/\/www.biworldwide.com\/es-latam\/#\/schema\/logo\/image\/"}}]}},"_links":{"self":[{"href":"https:\/\/www.biworldwide.com\/es-latam\/wp-json\/wp\/v2\/pages\/188","targetHints":{"allow":["GET"]}}],"collection":[{"href":"https:\/\/www.biworldwide.com\/es-latam\/wp-json\/wp\/v2\/pages"}],"about":[{"href":"https:\/\/www.biworldwide.com\/es-latam\/wp-json\/wp\/v2\/types\/page"}],"author":[{"embeddable":true,"href":"https:\/\/www.biworldwide.com\/es-latam\/wp-json\/wp\/v2\/users\/11"}],"replies":[{"embeddable":true,"href":"https:\/\/www.biworldwide.com\/es-latam\/wp-json\/wp\/v2\/comments?post=188"}],"version-history":[{"count":2,"href":"https:\/\/www.biworldwide.com\/es-latam\/wp-json\/wp\/v2\/pages\/188\/revisions"}],"predecessor-version":[{"id":477,"href":"https:\/\/www.biworldwide.com\/es-latam\/wp-json\/wp\/v2\/pages\/188\/revisions\/477"}],"wp:attachment":[{"href":"https:\/\/www.biworldwide.com\/es-latam\/wp-json\/wp\/v2\/media?parent=188"}],"wp:term":[{"taxonomy":"wf_page_folders","embeddable":true,"href":"https:\/\/www.biworldwide.com\/es-latam\/wp-json\/wp\/v2\/wf_page_folders?post=188"}],"curies":[{"name":"wp","href":"https:\/\/api.w.org\/{rel}","templated":true}]}}