{"id":292,"date":"2025-02-14T22:09:48","date_gmt":"2025-02-14T22:09:48","guid":{"rendered":"https:\/\/www.biworldwide.com\/es-latam\/?page_id=292"},"modified":"2025-03-25T14:10:14","modified_gmt":"2025-03-25T20:10:14","slug":"salesmaker","status":"publish","type":"page","link":"https:\/\/www.biworldwide.com\/es-latam\/salesmaker\/","title":{"rendered":"Salesmaker"},"content":{"rendered":"<div class=\" has-content-align-left has-overlay has-overlay--dark alignfull wp-block-biw-block-theme-hero\">\n\t<div class=\"biw-hero__grid\">\n\t\t\n\t\t\t\t\t<div class=\"biw-hero__media \">\n\t\t\t\t\t\t\t\t\t<div class=\"biw-hero__overlay overlay-dark\"><\/div>\n\t\t\t\t\t\t\t\t<img decoding=\"async\" src=\"http:\/\/live-biw-main.pantheonsite.io\/wp-content\/uploads\/2025\/02\/BIW_Site_Hero_SalesMaker-scaled.jpg\" alt=\"A man in a blue blazer, holding a coffee cup, smiles while looking at a laptop. The background is blurred with a bright, airy office setting and a blue-green geometric design on the right side.\" class=\"biw-hero__bg-image\" style=\"object-position: 80% 50%;\">\t\t\t<\/div>\n\t\t\t\t<div class=\"biw-hero__content\">\n\t\t\t\t\t\t<h1 class=\"biw-hero__title\" style=\"line-height: 1.2\">\n\t\t\t\tSalesmaker\t\t\t<\/h1>\n\t\t\t\t\t\t\t<h2 class=\"biw-hero__subtitle\">\n\t\t\t\t\tListos. En sus marcas. \u00a1A vender!\t\t\t\t<\/h2>\n\t\t\t\t\t\t\t\t\t\t<div class=\"biw-hero__text\">\n\t\t\t\t\t\n\n<p>Los concursos de ventas deben motivar\u2026 pero tambi\u00e9n deben generar resultados reales.<br><strong>SalesMaker<\/strong> convierte esa energ\u00eda en acciones que impactan directamente en tus ingresos.<\/p>\n\n\n\n<p><\/p>\n\n\t\t\t\t<\/div>\n\t\t\t\t\t\t\t\t<\/div>\n\t<\/div>\n<\/div>\n\n\n\n<div class=\"wp-block-group  layout-columns-7 has-global-padding is-layout-constrained wp-container-core-group-is-layout-a133ec42 wp-block-group-is-layout-constrained\">\n<h2 class=\"wp-block-heading\">Concursos de ventas m\u00e1s simples que nunca<\/h2>\n\n\n\n<p>Los concursos funcionan, <strong>pero solo si son f\u00e1ciles de implementar, entender y ejecutar<\/strong>.<br><strong>SalesMaker<\/strong> es la plataforma todo-en-uno l\u00edder en el mercado, dise\u00f1ada para que gestionar concursos de ventas sea tan sencillo como efectivo.<\/p>\n\n\n\n<p>Con nuestros programas puedes:<\/p>\n\n\n\n<ul class=\"wp-block-list\">\n<li class=\"has-large-font-size\"><strong>Definir metas claras<\/strong>: Establece reglas y estructura sin complicaciones.<\/li>\n\n\n\n<li><strong>Motivar a tu equipo<\/strong>: Mant\u00e9n a todos enfocados y comprometidos.<\/li>\n\n\n\n<li class=\"has-large-font-size\"><strong>Recompensar logros<\/strong>: Ofrece premios personalizados y de alto impacto.<\/li>\n<\/ul>\n\n\n\n<p class=\"has-large-font-size\"><strong>Basado en la econom\u00eda del comportamiento y en experiencias reales. <br><\/strong><br>Nuestros programas est\u00e1n respaldados por a\u00f1os de experiencia y principios de econom\u00eda conductual, lo que te permite:<\/p>\n\n\n\n<ul class=\"wp-block-list\">\n<li class=\"has-large-font-size\"><strong>Motivar con recompensas memorables<\/strong>: Viajes, experiencias exclusivas, productos aspiracionales.<\/li>\n\n\n\n<li><strong>Ejecutar m\u00faltiples concursos a la vez<\/strong>: Por equipos, individuales o como lo necesites.<\/li>\n\n\n\n<li class=\"has-large-font-size\"><strong>Contar con apoyo total<\/strong>: Dise\u00f1a tu propio programa o d\u00e9jalo en manos de nuestros expertos.<\/li>\n<\/ul>\n\n\n\n<p>Nueve estructuras probadas para generar resultados:<\/p>\n\n\n\n<ul class=\"wp-block-list\">\n<li class=\"has-medium-font-size\"><strong>Award Them Now<\/strong>: Recompensas instant\u00e1neas sin seguimiento.<\/li>\n\n\n\n<li class=\"has-medium-font-size\"><strong>Challengepoint\u2122<\/strong>: Metas autoestablecidas con recompensas obtenidas.<\/li>\n\n\n\n<li class=\"has-medium-font-size\"><strong>Do This Get That<\/strong>: Premios inmediatos por acciones espec\u00edficas.<\/li>\n\n\n\n<li class=\"has-medium-font-size\"><strong>Double Down<\/strong>: Objetivos trimestrales con recompensas mensuales.<\/li>\n\n\n\n<li class=\"has-medium-font-size\"><strong>GoalQuest\u00ae<\/strong>: Metas autoelegidas con recompensas todo o nada.<\/li>\n\n\n\n<li class=\"has-medium-font-size\"><strong>Leaderboard<\/strong>: Clasificaciones con premios para los mejores.<\/li>\n\n\n\n<li class=\"has-medium-font-size\"><strong>Learn2Earn<\/strong>: Recompensas por aprendizaje y competencia.<\/li>\n\n\n\n<li class=\"has-medium-font-size\"><strong>Objectives<\/strong>: Metas personalizadas con premios a medida.<\/li>\n\n\n\n<li class=\"has-medium-font-size\"><strong>Step It Up<\/strong>: Premios escalonados por niveles de rendimiento.<\/li>\n<\/ul>\n\n\n\n<p class=\"has-large-font-size\"><strong>Control total desde la app<\/strong><\/p>\n\n\n\n<p>Nuestra app permite que tu equipo:<\/p>\n\n\n\n<ul class=\"wp-block-list\">\n<li>Se mantenga motivado desde cualquier lugar<\/li>\n\n\n\n<li>Haga seguimiento de su progreso<\/li>\n\n\n\n<li>Reclame sus recompensas<\/li>\n<\/ul>\n<\/div>\n\n\n\n<div class=\"wp-block-group alignfull  layout-columns-10 has-global-padding is-layout-constrained wp-container-core-group-is-layout-cc7bd7df wp-block-group-is-layout-constrained\">\n<div class=\"wp-block-group  layout-columns-8 has-global-padding is-layout-constrained wp-container-core-group-is-layout-fce79bf6 wp-block-group-is-layout-constrained\">\n<h2 class=\"wp-block-heading has-text-align-center\">Cada m\u00e9trica cuenta una historia:<\/h2>\n<\/div>\n\n\n\n<div class=\"wp-block-group  layout-columns-10 has-global-padding is-layout-constrained wp-container-core-group-is-layout-0b5f5b40 wp-block-group-is-layout-constrained\">\n<div class=\"wp-block-group has-text-align-center is-layout-grid wp-container-core-group-is-layout-ef442fb0 wp-block-group-is-layout-grid\">\n<div class=\"wp-block-group is-vertical is-content-justification-center is-layout-flex wp-container-core-group-is-layout-81423f52 wp-block-group-is-layout-flex\">\n<h3 class=\"wp-block-heading has-text-align-left has-impact-font-size  has-text-wrap-no-wrap  has-gradient-fill has-gradient-fill-orange\">24%<\/h3>\n\n\n\n<p class=\"has-text-align-center has-large-font-size  has-text-wrap-balance\">Incremento promedio en ingresos por ventas durante el primer a\u00f1o<br><\/p>\n<\/div>\n\n\n\n<div class=\"wp-block-group is-vertical is-content-justification-center is-layout-flex wp-container-core-group-is-layout-81423f52 wp-block-group-is-layout-flex\">\n<h3 class=\"wp-block-heading has-text-align-left has-impact-font-size  has-text-wrap-no-wrap  has-gradient-fill has-gradient-fill-orange\">64<\/h3>\n\n\n\n<p class=\"has-text-align-center has-large-font-size  has-text-wrap-balance\">eventos de ventas coordinados en 2023<br><\/p>\n<\/div>\n\n\n\n<div class=\"wp-block-group has-text-align-center is-vertical is-content-justification-center is-layout-flex wp-container-core-group-is-layout-81423f52 wp-block-group-is-layout-flex\">\n<h3 class=\"wp-block-heading has-text-align-left has-impact-font-size  has-text-wrap-no-wrap  has-gradient-fill has-gradient-fill-orange\">30M+<\/h3>\n\n\n\n<p class=\"has-text-align-center has-large-font-size  has-text-wrap-balance\">de ingresos adicionales generados por equipos que usan SalesMaker<\/p>\n<\/div>\n<\/div>\n<\/div>\n<\/div>\n","protected":false},"excerpt":{"rendered":"<p>Concursos de ventas m\u00e1s simples que nunca Los concursos funcionan, pero solo si son f\u00e1ciles de implementar, entender y ejecutar.SalesMaker es la plataforma todo-en-uno l\u00edder en el mercado, dise\u00f1ada para que gestionar concursos de ventas sea tan sencillo como efectivo. Con nuestros programas puedes: Basado en la econom\u00eda del comportamiento y en experiencias reales. Nuestros [&hellip;]<\/p>\n","protected":false},"author":16,"featured_media":0,"parent":0,"menu_order":0,"comment_status":"closed","ping_status":"closed","template":"","meta":{"featured_image_focal_point":{"x":0.5,"y":0.5},"footnotes":""},"wf_page_folders":[16],"class_list":["post-292","page","type-page","status-publish","hentry"],"yoast_head":"<!-- This site is optimized with the Yoast SEO plugin v26.2 - https:\/\/yoast.com\/wordpress\/plugins\/seo\/ -->\n<title>Salesmaker - Latin America (Spanish)<\/title>\n<meta name=\"robots\" content=\"index, follow, max-snippet:-1, max-image-preview:large, max-video-preview:-1\" \/>\n<link rel=\"canonical\" href=\"https:\/\/www.biworldwide.com\/es-latam\/salesmaker\/\" \/>\n<meta property=\"og:locale\" content=\"es_ES\" \/>\n<meta property=\"og:type\" content=\"article\" \/>\n<meta property=\"og:title\" content=\"Salesmaker - Latin America (Spanish)\" \/>\n<meta property=\"og:description\" content=\"Concursos de ventas m\u00e1s simples que nunca Los concursos funcionan, pero solo si son f\u00e1ciles de implementar, entender y ejecutar.SalesMaker es la plataforma todo-en-uno l\u00edder en el mercado, dise\u00f1ada para que gestionar concursos de ventas sea tan sencillo como efectivo. Con nuestros programas puedes: Basado en la econom\u00eda del comportamiento y en experiencias reales. Nuestros [&hellip;]\" \/>\n<meta property=\"og:url\" content=\"https:\/\/www.biworldwide.com\/es-latam\/salesmaker\/\" \/>\n<meta property=\"og:site_name\" content=\"Latin America (Spanish)\" \/>\n<meta property=\"article:modified_time\" content=\"2025-03-25T20:10:14+00:00\" \/>\n<meta name=\"twitter:card\" content=\"summary_large_image\" \/>\n<meta name=\"twitter:label1\" content=\"Est. reading time\" \/>\n\t<meta name=\"twitter:data1\" content=\"2 minutos\" \/>\n<script type=\"application\/ld+json\" class=\"yoast-schema-graph\">{\"@context\":\"https:\/\/schema.org\",\"@graph\":[{\"@type\":\"WebPage\",\"@id\":\"https:\/\/www.biworldwide.com\/es-latam\/salesmaker\/\",\"url\":\"https:\/\/www.biworldwide.com\/es-latam\/salesmaker\/\",\"name\":\"Salesmaker - Latin America (Spanish)\",\"isPartOf\":{\"@id\":\"https:\/\/www.biworldwide.com\/es-latam\/#website\"},\"datePublished\":\"2025-02-14T22:09:48+00:00\",\"dateModified\":\"2025-03-25T20:10:14+00:00\",\"breadcrumb\":{\"@id\":\"https:\/\/www.biworldwide.com\/es-latam\/salesmaker\/#breadcrumb\"},\"inLanguage\":\"es-CO\",\"potentialAction\":[{\"@type\":\"ReadAction\",\"target\":[\"https:\/\/www.biworldwide.com\/es-latam\/salesmaker\/\"]}]},{\"@type\":\"BreadcrumbList\",\"@id\":\"https:\/\/www.biworldwide.com\/es-latam\/salesmaker\/#breadcrumb\",\"itemListElement\":[{\"@type\":\"ListItem\",\"position\":1,\"name\":\"Home\",\"item\":\"https:\/\/www.biworldwide.com\/es-latam\/\"},{\"@type\":\"ListItem\",\"position\":2,\"name\":\"Salesmaker\"}]},{\"@type\":\"WebSite\",\"@id\":\"https:\/\/www.biworldwide.com\/es-latam\/#website\",\"url\":\"https:\/\/www.biworldwide.com\/es-latam\/\",\"name\":\"Latin America (Spanish)\",\"description\":\"\",\"publisher\":{\"@id\":\"https:\/\/www.biworldwide.com\/es-latam\/#organization\"},\"potentialAction\":[{\"@type\":\"SearchAction\",\"target\":{\"@type\":\"EntryPoint\",\"urlTemplate\":\"https:\/\/www.biworldwide.com\/es-latam\/?s={search_term_string}\"},\"query-input\":{\"@type\":\"PropertyValueSpecification\",\"valueRequired\":true,\"valueName\":\"search_term_string\"}}],\"inLanguage\":\"es-CO\"},{\"@type\":\"Organization\",\"@id\":\"https:\/\/www.biworldwide.com\/es-latam\/#organization\",\"name\":\"Latin America (Spanish)\",\"url\":\"https:\/\/www.biworldwide.com\/es-latam\/\",\"logo\":{\"@type\":\"ImageObject\",\"inLanguage\":\"es-CO\",\"@id\":\"https:\/\/www.biworldwide.com\/es-latam\/#\/schema\/logo\/image\/\",\"url\":\"https:\/\/www.biworldwide.com\/es-latam\/wp-content\/uploads\/sites\/14\/2025\/02\/BIW_corp_lockup_rgb.png\",\"contentUrl\":\"https:\/\/www.biworldwide.com\/es-latam\/wp-content\/uploads\/sites\/14\/2025\/02\/BIW_corp_lockup_rgb.png\",\"width\":550,\"height\":400,\"caption\":\"Latin America (Spanish)\"},\"image\":{\"@id\":\"https:\/\/www.biworldwide.com\/es-latam\/#\/schema\/logo\/image\/\"}}]}<\/script>\n<!-- \/ Yoast SEO plugin. -->","yoast_head_json":{"title":"Salesmaker - Latin America (Spanish)","robots":{"index":"index","follow":"follow","max-snippet":"max-snippet:-1","max-image-preview":"max-image-preview:large","max-video-preview":"max-video-preview:-1"},"canonical":"https:\/\/www.biworldwide.com\/es-latam\/salesmaker\/","og_locale":"es_ES","og_type":"article","og_title":"Salesmaker - Latin America (Spanish)","og_description":"Concursos de ventas m\u00e1s simples que nunca Los concursos funcionan, pero solo si son f\u00e1ciles de implementar, entender y ejecutar.SalesMaker es la plataforma todo-en-uno l\u00edder en el mercado, dise\u00f1ada para que gestionar concursos de ventas sea tan sencillo como efectivo. Con nuestros programas puedes: Basado en la econom\u00eda del comportamiento y en experiencias reales. Nuestros [&hellip;]","og_url":"https:\/\/www.biworldwide.com\/es-latam\/salesmaker\/","og_site_name":"Latin America (Spanish)","article_modified_time":"2025-03-25T20:10:14+00:00","twitter_card":"summary_large_image","twitter_misc":{"Est. reading time":"2 minutos"},"schema":{"@context":"https:\/\/schema.org","@graph":[{"@type":"WebPage","@id":"https:\/\/www.biworldwide.com\/es-latam\/salesmaker\/","url":"https:\/\/www.biworldwide.com\/es-latam\/salesmaker\/","name":"Salesmaker - Latin America (Spanish)","isPartOf":{"@id":"https:\/\/www.biworldwide.com\/es-latam\/#website"},"datePublished":"2025-02-14T22:09:48+00:00","dateModified":"2025-03-25T20:10:14+00:00","breadcrumb":{"@id":"https:\/\/www.biworldwide.com\/es-latam\/salesmaker\/#breadcrumb"},"inLanguage":"es-CO","potentialAction":[{"@type":"ReadAction","target":["https:\/\/www.biworldwide.com\/es-latam\/salesmaker\/"]}]},{"@type":"BreadcrumbList","@id":"https:\/\/www.biworldwide.com\/es-latam\/salesmaker\/#breadcrumb","itemListElement":[{"@type":"ListItem","position":1,"name":"Home","item":"https:\/\/www.biworldwide.com\/es-latam\/"},{"@type":"ListItem","position":2,"name":"Salesmaker"}]},{"@type":"WebSite","@id":"https:\/\/www.biworldwide.com\/es-latam\/#website","url":"https:\/\/www.biworldwide.com\/es-latam\/","name":"Latin America (Spanish)","description":"","publisher":{"@id":"https:\/\/www.biworldwide.com\/es-latam\/#organization"},"potentialAction":[{"@type":"SearchAction","target":{"@type":"EntryPoint","urlTemplate":"https:\/\/www.biworldwide.com\/es-latam\/?s={search_term_string}"},"query-input":{"@type":"PropertyValueSpecification","valueRequired":true,"valueName":"search_term_string"}}],"inLanguage":"es-CO"},{"@type":"Organization","@id":"https:\/\/www.biworldwide.com\/es-latam\/#organization","name":"Latin America (Spanish)","url":"https:\/\/www.biworldwide.com\/es-latam\/","logo":{"@type":"ImageObject","inLanguage":"es-CO","@id":"https:\/\/www.biworldwide.com\/es-latam\/#\/schema\/logo\/image\/","url":"https:\/\/www.biworldwide.com\/es-latam\/wp-content\/uploads\/sites\/14\/2025\/02\/BIW_corp_lockup_rgb.png","contentUrl":"https:\/\/www.biworldwide.com\/es-latam\/wp-content\/uploads\/sites\/14\/2025\/02\/BIW_corp_lockup_rgb.png","width":550,"height":400,"caption":"Latin America (Spanish)"},"image":{"@id":"https:\/\/www.biworldwide.com\/es-latam\/#\/schema\/logo\/image\/"}}]}},"_links":{"self":[{"href":"https:\/\/www.biworldwide.com\/es-latam\/wp-json\/wp\/v2\/pages\/292","targetHints":{"allow":["GET"]}}],"collection":[{"href":"https:\/\/www.biworldwide.com\/es-latam\/wp-json\/wp\/v2\/pages"}],"about":[{"href":"https:\/\/www.biworldwide.com\/es-latam\/wp-json\/wp\/v2\/types\/page"}],"author":[{"embeddable":true,"href":"https:\/\/www.biworldwide.com\/es-latam\/wp-json\/wp\/v2\/users\/16"}],"replies":[{"embeddable":true,"href":"https:\/\/www.biworldwide.com\/es-latam\/wp-json\/wp\/v2\/comments?post=292"}],"version-history":[{"count":5,"href":"https:\/\/www.biworldwide.com\/es-latam\/wp-json\/wp\/v2\/pages\/292\/revisions"}],"predecessor-version":[{"id":1183,"href":"https:\/\/www.biworldwide.com\/es-latam\/wp-json\/wp\/v2\/pages\/292\/revisions\/1183"}],"wp:attachment":[{"href":"https:\/\/www.biworldwide.com\/es-latam\/wp-json\/wp\/v2\/media?parent=292"}],"wp:term":[{"taxonomy":"wf_page_folders","embeddable":true,"href":"https:\/\/www.biworldwide.com\/es-latam\/wp-json\/wp\/v2\/wf_page_folders?post=292"}],"curies":[{"name":"wp","href":"https:\/\/api.w.org\/{rel}","templated":true}]}}