{"id":294,"date":"2025-02-14T22:11:24","date_gmt":"2025-02-14T22:11:24","guid":{"rendered":"https:\/\/www.biworldwide.com\/es-latam\/?page_id=294"},"modified":"2025-03-25T14:06:37","modified_gmt":"2025-03-25T20:06:37","slug":"elevate-5","status":"publish","type":"page","link":"https:\/\/www.biworldwide.com\/es-latam\/elevate-5\/","title":{"rendered":"Elevate"},"content":{"rendered":"<div class=\" has-content-align-left has-overlay has-overlay--dark alignfull wp-block-biw-block-theme-hero\">\n\t<div class=\"biw-hero__grid\">\n\t\t\t\t\t<div class=\"biw-hero__breadcrumbs\">\n\t\t\t\t<div id=\"breadcrumbs\" class=\"breadcrumb-nav__wrapper\"><span class=\"breadcrumb-nav\"><span><a href=\"https:\/\/www.biworldwide.com\/es-latam\/\">Home<\/a><\/span><\/span><\/div>\t\t\t<\/div>\n\t\t\n\t\t\t\t\t<div class=\"biw-hero__media \">\n\t\t\t\t\t\t\t\t\t<div class=\"biw-hero__overlay overlay-dark\"><\/div>\n\t\t\t\t\t\t\t\t<img decoding=\"async\" src=\"http:\/\/live-biw-main.pantheonsite.io\/wp-content\/uploads\/2025\/02\/BIW_Site_Hero_Elevate-scaled.jpg\" alt=\"A person with curly hair, wearing a purple shirt, holds a smartphone and smiles. The background is a gradient with colorful icons, including a trophy, chat bubble, heart, gift, and cake.\" class=\"biw-hero__bg-image\" style=\"object-position: 75% 42%;\">\t\t\t<\/div>\n\t\t\t\t<div class=\"biw-hero__content\">\n\t\t\t\t\t\t<h1 class=\"biw-hero__title\" style=\"line-height: 1.2\">\n\t\t\t\tElevate\t\t\t<\/h1>\n\t\t\t\t\t\t\t<h2 class=\"biw-hero__subtitle\">\n\t\t\t\t\tTransforma la cultura de tu lugar de trabajo con un ecosistema poderoso.\t\t\t\t<\/h2>\n\t\t\t\t\t\t\t\t\t\t<div class=\"biw-hero__text\">\n\t\t\t\t\t\n\n<p>Elevate\u2122 es la soluci\u00f3n integral que ofrece todos los elementos de compromiso para empleados y ventas.<\/p>\n\n\n\n<p><strong>Elevate<\/strong> te permite reconocer f\u00e1cilmente los desempe\u00f1os sobresalientes y los hitos a trav\u00e9s de celebraciones, incentivos, productos, experiencias personalizadas y mucho m\u00e1s.<\/p>\n\n\n\n<p>Con informaci\u00f3n basada en datos y una interfaz intuitiva, <strong>Elevate<\/strong> inspira a tu equipo, fomenta el cambio de comportamiento, impulsa la productividad y genera resultados empresariales extraordinarios.<\/p>\n\n\t\t\t\t<\/div>\n\t\t\t\t\t\t\t\t<\/div>\n\t<\/div>\n<\/div>\n\n\n\n<div class=\"wp-block-group  layout-columns-7 has-global-padding is-layout-constrained wp-container-core-group-is-layout-a133ec42 wp-block-group-is-layout-constrained\">\n<div class=\"wp-block-group  layout-columns-7 has-global-padding is-content-justification-center is-layout-constrained wp-container-core-group-is-layout-1c7def49 wp-block-group-is-layout-constrained\">\n<p class=\"has-text-align-left\"><strong>Elevate<\/strong> es una soluci\u00f3n transformadora dise\u00f1ada para revolucionar la cultura laboral y aumentar el compromiso en todos los niveles.<\/p>\n\n\n\n<p>\u00bfQu\u00e9 significa esto exactamente?<\/p>\n\n\n\n<p>Significa que <strong>Elevate<\/strong> conecta con el coraz\u00f3n de tu organizaci\u00f3n, encendiendo la pasi\u00f3n, la motivaci\u00f3n y la inspiraci\u00f3n.<\/p>\n\n\n\n<p><strong>Elevate<\/strong> activa y potencia el cambio de comportamiento con un conjunto \u00fanico de caracter\u00edsticas.<\/p>\n\n\n\n<p class=\"has-text-align-left\">Se adapta a las necesidades de tu negocio, se integra con otras herramientas y se pone en marcha casi al instante. Todo esto mientras crea h\u00e1bitos positivos y acelera la transformaci\u00f3n dentro de tus empleados, miembros del equipo y colegas.<\/p>\n<\/div>\n\n\n\n<div class=\"wp-block-group has-global-padding is-layout-constrained wp-block-group-is-layout-constrained\">\n<figure class=\"wp-block-embed is-type-video is-provider-vimeo wp-block-embed-vimeo wp-embed-aspect-16-9 wp-has-aspect-ratio\"><div class=\"wp-block-embed__wrapper\">\n<iframe loading=\"lazy\" title=\"Elevate by BI WORLDWIDE\" src=\"https:\/\/player.vimeo.com\/video\/854875531?dnt=1&amp;app_id=122963\" width=\"500\" height=\"281\" frameborder=\"0\" allow=\"autoplay; fullscreen; picture-in-picture; clipboard-write; encrypted-media\"><\/iframe>\n<\/div><\/figure>\n<\/div>\n<\/div>\n\n\n\n<div class=\"wp-block-group alignfull has-global-padding is-layout-constrained wp-container-core-group-is-layout-d3543a3b wp-block-group-is-layout-constrained\">\n<div class=\"wp-block-group  layout-columns-6 has-global-padding is-layout-constrained wp-container-core-group-is-layout-97093539 wp-block-group-is-layout-constrained\">\n<h2 class=\"wp-block-heading has-text-align-center\">Conoce cada funci\u00f3n<\/h2>\n\n\n\n<p class=\"has-text-align-center has-large-font-size\"><\/p>\n<\/div>\n\n\n\n<div class=\"wp-block-group has-global-padding is-layout-constrained wp-block-group-is-layout-constrained\">\n<div class=\"wp-block-group  has-row-gap is-layout-grid wp-container-core-group-is-layout-c765d3c1 wp-block-group-is-layout-grid\" style=\"--row-gap:var(--wp--preset--spacing--50)\"><div class=\" has-image-size-cover has-image-radius-none is-style-image-left wp-block-biw-block-theme-biw-card\">\n\t\t\t<figure class=\"biw-card__image-wrapper \">\n\t\t\t<img decoding=\"async\" src=\"http:\/\/live-biw-main.pantheonsite.io\/wp-content\/uploads\/2025\/01\/elevate-recognition-no-logo.png\" alt=\"\" class=\"biw-card__image\" style=\"object-position: 49% 47%;\">\t\t<\/figure>\n\t\t<div class=\"biw-card__content\">\n\t\t<h3 class=\"biw-card__title\">\n\t\t\t\t\t\t\tReconocimiento\t\t\t\t\t<\/h3>\n\t\t<div class=\"biw-card__text\">\n\n<p>Ya sea al lograr una presentaci\u00f3n exitosa para un cliente, fomentar la colaboraci\u00f3n o superar los objetivos de ventas trimestrales, <strong>Elevate<\/strong> te permite reconocer, valorar y celebrar todo.<br><br><\/p>\n\n<\/div>\n\t<\/div>\n\t<\/div>\n\n<div class=\" has-image-size-cover has-image-radius-none is-style-image-left wp-block-biw-block-theme-biw-card\">\n\t\t\t<figure class=\"biw-card__image-wrapper \">\n\t\t\t<img decoding=\"async\" src=\"http:\/\/live-biw-main.pantheonsite.io\/wp-content\/uploads\/2025\/01\/elevate-celebrations-no-logo.png\" alt=\"\" class=\"biw-card__image\" style=\"object-position: 50% 50%;\">\t\t<\/figure>\n\t\t<div class=\"biw-card__content\">\n\t\t<h3 class=\"biw-card__title\">\n\t\t\t\t\t\t\tCelebraciones\t\t\t\t\t<\/h3>\n\t\t<div class=\"biw-card__text\">\n\n<p>Desde aniversarios laborales hasta cumplea\u00f1os y todo lo dem\u00e1s, honra a individuos o equipos en el trabajo con celebraciones sinceras que dejar\u00e1n un impacto duradero.<br><\/p>\n\n<\/div>\n\t<\/div>\n\t<\/div>\n\n<div class=\" has-image-size-cover has-image-radius-none is-style-image-left wp-block-biw-block-theme-biw-card\">\n\t\t\t<figure class=\"biw-card__image-wrapper \">\n\t\t\t<img decoding=\"async\" src=\"http:\/\/live-biw-main.pantheonsite.io\/wp-content\/uploads\/2025\/01\/elevate-serviceanniversaries-no-logo.png\" alt=\"\" class=\"biw-card__image\" style=\"object-position: 50% 50%;\">\t\t<\/figure>\n\t\t<div class=\"biw-card__content\">\n\t\t<h3 class=\"biw-card__title\">\n\t\t\t\t\t\t\tAniversarios de servicio\t\t\t\t\t<\/h3>\n\t\t<div class=\"biw-card__text\">\n\n<p>Celebra y honra el compromiso y la lealtad de tus miembros del equipo a trav\u00e9s de los <strong>Premios por Servicios<\/strong> de <strong>Elevate<\/strong>. Reconoce los hitos importantes de servicio y crea una cultura de agradecimiento.<\/p>\n\n<\/div>\n\t<\/div>\n\t<\/div>\n\n<div class=\" has-image-size-cover has-image-radius-none is-style-image-left wp-block-biw-block-theme-biw-card\">\n\t\t\t<figure class=\"biw-card__image-wrapper \">\n\t\t\t<img decoding=\"async\" src=\"http:\/\/live-biw-main.pantheonsite.io\/wp-content\/uploads\/2025\/01\/elevate-learning-no-logo.png\" alt=\"\" class=\"biw-card__image\" style=\"object-position: 50% 50%;\">\t\t<\/figure>\n\t\t<div class=\"biw-card__content\">\n\t\t<h3 class=\"biw-card__title\">\n\t\t\t\t\t\t\tAprendizaje\t\t\t\t\t<\/h3>\n\t\t<div class=\"biw-card__text\">\n\n<p>El m\u00f3dulo de <strong>Aprendizaje<\/strong> de <strong>Elevate<\/strong> permite un acceso f\u00e1cil al crecimiento continuo. El conocimiento es poder; proporcionamos a tu equipo una puerta de entrada a objetivos de aprendizaje esenciales y cursos de habilidades personalizados.<\/p>\n\n<\/div>\n\t<\/div>\n\t<\/div>\n\n<div class=\" has-image-size-cover has-image-radius-none is-style-image-left wp-block-biw-block-theme-biw-card\">\n\t\t\t<figure class=\"biw-card__image-wrapper \">\n\t\t\t<img decoding=\"async\" src=\"http:\/\/live-biw-main.pantheonsite.io\/wp-content\/uploads\/2025\/01\/elevate-awards-no-logo.png\" alt=\"\" class=\"biw-card__image\" style=\"object-position: 50% 50%;\">\t\t<\/figure>\n\t\t<div class=\"biw-card__content\">\n\t\t<h3 class=\"biw-card__title\">\n\t\t\t\t\t\t\tPremios\t\t\t\t\t<\/h3>\n\t\t<div class=\"biw-card__text\">\n\n<p>Ya sea con productos de calidad, experiencias inolvidables o el desarrollo de nuevas habilidades, nuestras diversas opciones de premios mantendr\u00e1n a tu equipo motivado, comprometido e inspirado.<\/p>\n\n<\/div>\n\t<\/div>\n\t<\/div>\n\n<div class=\" has-image-size-cover has-image-radius-none is-style-image-left wp-block-biw-block-theme-biw-card\">\n\t\t\t<figure class=\"biw-card__image-wrapper \">\n\t\t\t<img decoding=\"async\" src=\"http:\/\/live-biw-main.pantheonsite.io\/wp-content\/uploads\/2025\/01\/elevate-incentives-no-logo.png\" alt=\"\" class=\"biw-card__image\" style=\"object-position: 50% 50%;\">\t\t<\/figure>\n\t\t<div class=\"biw-card__content\">\n\t\t<h3 class=\"biw-card__title\">\n\t\t\t\t\t\t\tIncentivos\t\t\t\t\t<\/h3>\n\t\t<div class=\"biw-card__text\">\n\n<p>\u00a1Impulsa a tu fuerza laboral hacia el \u00e9xito! Establece metas desafiantes pero alcanzables y motiva a tu equipo para que se convierta en una fuente de alta energ\u00eda y compromiso.<\/p>\n\n<\/div>\n\t<\/div>\n\t<\/div>\n\n<div class=\" has-image-size-cover has-image-radius-none is-style-image-left wp-block-biw-block-theme-biw-card\">\n\t\t\t<figure class=\"biw-card__image-wrapper \">\n\t\t\t<img decoding=\"async\" src=\"http:\/\/live-biw-main.pantheonsite.io\/wp-content\/uploads\/2025\/01\/elevate-wellness-no-logo.png\" alt=\"\" class=\"biw-card__image\" style=\"object-position: 50% 50%;\">\t\t<\/figure>\n\t\t<div class=\"biw-card__content\">\n\t\t<h3 class=\"biw-card__title\">\n\t\t\t\t\t\t\tBienestar\t\t\t\t\t<\/h3>\n\t\t<div class=\"biw-card__text\">\n\n<p>Fomenta el bienestar en tu equipo promoviendo la salud y la felicidad a trav\u00e9s de retos, metas y recompensas. <strong>Aprende m\u00e1s aqu\u00ed.<\/strong><\/p>\n\n<\/div>\n\t<\/div>\n\t<\/div>\n\n<div class=\" has-image-size-cover has-image-radius-none is-style-image-left wp-block-biw-block-theme-biw-card\">\n\t\t\t<figure class=\"biw-card__image-wrapper \">\n\t\t\t<img decoding=\"async\" src=\"http:\/\/live-biw-main.pantheonsite.io\/wp-content\/uploads\/2025\/01\/elevate-gamification-no-logo.png\" alt=\"\" class=\"biw-card__image\" style=\"object-position: 50% 50%;\">\t\t<\/figure>\n\t\t<div class=\"biw-card__content\">\n\t\t<h3 class=\"biw-card__title\">\n\t\t\t\t\t\t\tGamificaci\u00f3n\t\t\t\t\t<\/h3>\n\t\t<div class=\"biw-card__text\">\n\n<p>Las <strong>misiones<\/strong> est\u00e1n dise\u00f1adas de manera pensada para fomentar la adopci\u00f3n temprana de la herramienta y promover el compromiso. Al completar una variedad de tareas breves, tu equipo podr\u00e1 ganar puntos canjeables mientras establece las bases para un viaje exitoso por delante.<\/p>\n\n\n\n<p style=\"font-size:0.7rem\">BI WORLDWIDE&#8217;s Bunchball Nitro platform is covered by one or more of U.S. Patent 8,768,764 and U.S. Patent 9,779,421.<br><\/p>\n\n<\/div>\n\t<\/div>\n\t<\/div><\/div>\n<\/div>\n<\/div>\n\n\n\n<div class=\"wp-block-group  layout-columns-7 has-global-padding is-layout-constrained wp-container-core-group-is-layout-a133ec42 wp-block-group-is-layout-constrained\">\n<figure class=\"wp-block-embed is-type-video is-provider-vimeo wp-block-embed-vimeo wp-embed-aspect-16-9 wp-has-aspect-ratio\"><div class=\"wp-block-embed__wrapper\">\n<iframe loading=\"lazy\" title=\"Recognition Copilot\" src=\"https:\/\/player.vimeo.com\/video\/922565626?dnt=1&amp;app_id=122963\" width=\"500\" height=\"281\" frameborder=\"0\" allow=\"autoplay; fullscreen; picture-in-picture; clipboard-write; encrypted-media\"><\/iframe>\n<\/div><\/figure>\n<\/div>\n\n\n\n<div class=\"wp-block-group alignfull has-global-padding is-layout-constrained wp-container-core-group-is-layout-d3543a3b wp-block-group-is-layout-constrained\">\n<div class=\"wp-block-group  layout-columns-6 has-global-padding is-layout-constrained wp-container-core-group-is-layout-97093539 wp-block-group-is-layout-constrained\">\n<h2 class=\"wp-block-heading has-text-align-center\">Recognition CoPilot<\/h2>\n\n\n\n<p class=\"has-text-align-center has-large-font-size\">El reconocimiento debe ser oportuno, espec\u00edfico y personal. Nada reemplaza un mensaje significativo de un gerente o compa\u00f1ero de equipo. Pero todos pueden necesitar una mano amiga para transmitir ese mensaje. <strong>Recognition Copilot\u2122<\/strong>, nuestro motor de reconocimiento basado en IA, ofrece cuatro herramientas para crear reconocimientos entre compa\u00f1eros y de gerente que resuenen e inspiren.<\/p>\n<\/div>\n\n\n\n<div class=\"wp-block-group has-global-padding is-layout-constrained wp-block-group-is-layout-constrained\">\n<div class=\"wp-block-group  has-row-gap is-layout-grid wp-container-core-group-is-layout-249c2011 wp-block-group-is-layout-grid\" style=\"--row-gap:var(--wp--preset--spacing--50)\"><div class=\" has-image-size-cover has-image-radius-none is-style-image-left wp-block-biw-block-theme-biw-card\">\n\t\t<div class=\"biw-card__content\">\n\t\t<h3 class=\"biw-card__title\">\n\t\t\t\t\t\t\t<strong>Detecci\u00f3n de Sesgo<\/strong>\t\t\t\t\t<\/h3>\n\t\t<div class=\"biw-card__text\">\n\n<p>Aunque el an\u00e1lisis muestra que el sesgo es raro en un escenario de reconocimiento, nuestro algoritmo de inteligencia artificial de fondo detecta y mitiga el lenguaje sesgado en los mensajes.<\/p>\n\n<\/div>\n\t<\/div>\n\t<\/div>\n\n<div class=\" has-image-size-cover has-image-radius-none is-style-image-left wp-block-biw-block-theme-biw-card\">\n\t\t<div class=\"biw-card__content\">\n\t\t<h3 class=\"biw-card__title\">\n\t\t\t\t\t\t\t<strong>Ortograf\u00eda y Gram\u00e1tica<\/strong>\t\t\t\t\t<\/h3>\n\t\t<div class=\"biw-card__text\">\n\n<p>Uno de cada cuatro adultos tiene problemas con la ortograf\u00eda diaria. Eso no deber\u00eda impedir que nadie otorgue un reconocimiento. <strong>Recognition Copilot\u2122<\/strong> proporciona verificaciones completas de ortograf\u00eda y gram\u00e1tica para corregir errores en tu mensaje.<\/p>\n\n<\/div>\n\t<\/div>\n\t<\/div>\n\n<div class=\" has-image-size-cover has-image-radius-none is-style-image-left wp-block-biw-block-theme-biw-card\">\n\t\t<div class=\"biw-card__content\">\n\t\t<h3 class=\"biw-card__title\">\n\t\t\t\t\t\t\tMejorar\t\t\t\t\t<\/h3>\n\t\t<div class=\"biw-card__text\">\n\n<p>La diferencia entre un buen y un gran reconocimiento radica en la especificidad y relevancia. La funci\u00f3n <strong>Mejorar<\/strong> asiste al usuario en la creaci\u00f3n de un mensaje preciso, con menciones claras y etiquetas para asegurarse de que el receptor sepa que aprecias sus contribuciones.<\/p>\n\n<\/div>\n\t<\/div>\n\t<\/div>\n\n<div class=\" has-image-size-cover has-image-radius-none is-style-image-left wp-block-biw-block-theme-biw-card\">\n\t\t<div class=\"biw-card__content\">\n\t\t<h3 class=\"biw-card__title\">\n\t\t\t\t\t\t\tTraducir\t\t\t\t\t<\/h3>\n\t\t<div class=\"biw-card__text\">\n\n<p>En una empresa verdaderamente global, los l\u00edderes trabajan con equipos que pueden no hablar su idioma nativo. Nuestro motor de traducci\u00f3n permite que el remitente cree su mensaje en el idioma principal del destinatario, asegurando una ortograf\u00eda y gram\u00e1tica precisas.<\/p>\n\n<\/div>\n\t<\/div>\n\t<\/div><\/div>\n<\/div>\n<\/div>\n","protected":false},"excerpt":{"rendered":"<p>Elevate es una soluci\u00f3n transformadora dise\u00f1ada para revolucionar la cultura laboral y aumentar el compromiso en todos los niveles. \u00bfQu\u00e9 significa esto exactamente? Significa que Elevate conecta con el coraz\u00f3n de tu organizaci\u00f3n, encendiendo la pasi\u00f3n, la motivaci\u00f3n y la inspiraci\u00f3n. Elevate activa y potencia el cambio de comportamiento con un conjunto \u00fanico de caracter\u00edsticas. [&hellip;]<\/p>\n","protected":false},"author":16,"featured_media":0,"parent":0,"menu_order":0,"comment_status":"closed","ping_status":"closed","template":"","meta":{"featured_image_focal_point":{"x":0.5,"y":0.5},"footnotes":""},"wf_page_folders":[16],"class_list":["post-294","page","type-page","status-publish","hentry"],"yoast_head":"<!-- This site is optimized with the Yoast SEO plugin v26.2 - https:\/\/yoast.com\/wordpress\/plugins\/seo\/ -->\n<title>Elevate - Latin America (Spanish)<\/title>\n<meta name=\"robots\" content=\"index, follow, max-snippet:-1, max-image-preview:large, max-video-preview:-1\" \/>\n<link rel=\"canonical\" href=\"https:\/\/www.biworldwide.com\/es-latam\/elevate-5\/\" \/>\n<meta property=\"og:locale\" content=\"es_ES\" \/>\n<meta property=\"og:type\" content=\"article\" \/>\n<meta property=\"og:title\" content=\"Elevate - Latin America (Spanish)\" \/>\n<meta property=\"og:description\" content=\"Elevate es una soluci\u00f3n transformadora dise\u00f1ada para revolucionar la cultura laboral y aumentar el compromiso en todos los niveles. \u00bfQu\u00e9 significa esto exactamente? Significa que Elevate conecta con el coraz\u00f3n de tu organizaci\u00f3n, encendiendo la pasi\u00f3n, la motivaci\u00f3n y la inspiraci\u00f3n. Elevate activa y potencia el cambio de comportamiento con un conjunto \u00fanico de caracter\u00edsticas. [&hellip;]\" \/>\n<meta property=\"og:url\" content=\"https:\/\/www.biworldwide.com\/es-latam\/elevate-5\/\" \/>\n<meta property=\"og:site_name\" content=\"Latin America (Spanish)\" \/>\n<meta property=\"article:modified_time\" content=\"2025-03-25T20:06:37+00:00\" \/>\n<meta name=\"twitter:card\" content=\"summary_large_image\" \/>\n<meta name=\"twitter:label1\" content=\"Est. reading time\" \/>\n\t<meta name=\"twitter:data1\" content=\"3 minutos\" \/>\n<script type=\"application\/ld+json\" class=\"yoast-schema-graph\">{\"@context\":\"https:\/\/schema.org\",\"@graph\":[{\"@type\":\"WebPage\",\"@id\":\"https:\/\/www.biworldwide.com\/es-latam\/elevate-5\/\",\"url\":\"https:\/\/www.biworldwide.com\/es-latam\/elevate-5\/\",\"name\":\"Elevate - Latin America (Spanish)\",\"isPartOf\":{\"@id\":\"https:\/\/www.biworldwide.com\/es-latam\/#website\"},\"datePublished\":\"2025-02-14T22:11:24+00:00\",\"dateModified\":\"2025-03-25T20:06:37+00:00\",\"breadcrumb\":{\"@id\":\"https:\/\/www.biworldwide.com\/es-latam\/elevate-5\/#breadcrumb\"},\"inLanguage\":\"es-CO\",\"potentialAction\":[{\"@type\":\"ReadAction\",\"target\":[\"https:\/\/www.biworldwide.com\/es-latam\/elevate-5\/\"]}]},{\"@type\":\"BreadcrumbList\",\"@id\":\"https:\/\/www.biworldwide.com\/es-latam\/elevate-5\/#breadcrumb\",\"itemListElement\":[{\"@type\":\"ListItem\",\"position\":1,\"name\":\"Home\",\"item\":\"https:\/\/www.biworldwide.com\/es-latam\/\"},{\"@type\":\"ListItem\",\"position\":2,\"name\":\"Elevate\"}]},{\"@type\":\"WebSite\",\"@id\":\"https:\/\/www.biworldwide.com\/es-latam\/#website\",\"url\":\"https:\/\/www.biworldwide.com\/es-latam\/\",\"name\":\"Latin America (Spanish)\",\"description\":\"\",\"publisher\":{\"@id\":\"https:\/\/www.biworldwide.com\/es-latam\/#organization\"},\"potentialAction\":[{\"@type\":\"SearchAction\",\"target\":{\"@type\":\"EntryPoint\",\"urlTemplate\":\"https:\/\/www.biworldwide.com\/es-latam\/?s={search_term_string}\"},\"query-input\":{\"@type\":\"PropertyValueSpecification\",\"valueRequired\":true,\"valueName\":\"search_term_string\"}}],\"inLanguage\":\"es-CO\"},{\"@type\":\"Organization\",\"@id\":\"https:\/\/www.biworldwide.com\/es-latam\/#organization\",\"name\":\"Latin America (Spanish)\",\"url\":\"https:\/\/www.biworldwide.com\/es-latam\/\",\"logo\":{\"@type\":\"ImageObject\",\"inLanguage\":\"es-CO\",\"@id\":\"https:\/\/www.biworldwide.com\/es-latam\/#\/schema\/logo\/image\/\",\"url\":\"https:\/\/www.biworldwide.com\/es-latam\/wp-content\/uploads\/sites\/14\/2025\/02\/BIW_corp_lockup_rgb.png\",\"contentUrl\":\"https:\/\/www.biworldwide.com\/es-latam\/wp-content\/uploads\/sites\/14\/2025\/02\/BIW_corp_lockup_rgb.png\",\"width\":550,\"height\":400,\"caption\":\"Latin America (Spanish)\"},\"image\":{\"@id\":\"https:\/\/www.biworldwide.com\/es-latam\/#\/schema\/logo\/image\/\"}}]}<\/script>\n<!-- \/ Yoast SEO plugin. -->","yoast_head_json":{"title":"Elevate - Latin America (Spanish)","robots":{"index":"index","follow":"follow","max-snippet":"max-snippet:-1","max-image-preview":"max-image-preview:large","max-video-preview":"max-video-preview:-1"},"canonical":"https:\/\/www.biworldwide.com\/es-latam\/elevate-5\/","og_locale":"es_ES","og_type":"article","og_title":"Elevate - Latin America (Spanish)","og_description":"Elevate es una soluci\u00f3n transformadora dise\u00f1ada para revolucionar la cultura laboral y aumentar el compromiso en todos los niveles. \u00bfQu\u00e9 significa esto exactamente? Significa que Elevate conecta con el coraz\u00f3n de tu organizaci\u00f3n, encendiendo la pasi\u00f3n, la motivaci\u00f3n y la inspiraci\u00f3n. Elevate activa y potencia el cambio de comportamiento con un conjunto \u00fanico de caracter\u00edsticas. [&hellip;]","og_url":"https:\/\/www.biworldwide.com\/es-latam\/elevate-5\/","og_site_name":"Latin America (Spanish)","article_modified_time":"2025-03-25T20:06:37+00:00","twitter_card":"summary_large_image","twitter_misc":{"Est. reading time":"3 minutos"},"schema":{"@context":"https:\/\/schema.org","@graph":[{"@type":"WebPage","@id":"https:\/\/www.biworldwide.com\/es-latam\/elevate-5\/","url":"https:\/\/www.biworldwide.com\/es-latam\/elevate-5\/","name":"Elevate - Latin America (Spanish)","isPartOf":{"@id":"https:\/\/www.biworldwide.com\/es-latam\/#website"},"datePublished":"2025-02-14T22:11:24+00:00","dateModified":"2025-03-25T20:06:37+00:00","breadcrumb":{"@id":"https:\/\/www.biworldwide.com\/es-latam\/elevate-5\/#breadcrumb"},"inLanguage":"es-CO","potentialAction":[{"@type":"ReadAction","target":["https:\/\/www.biworldwide.com\/es-latam\/elevate-5\/"]}]},{"@type":"BreadcrumbList","@id":"https:\/\/www.biworldwide.com\/es-latam\/elevate-5\/#breadcrumb","itemListElement":[{"@type":"ListItem","position":1,"name":"Home","item":"https:\/\/www.biworldwide.com\/es-latam\/"},{"@type":"ListItem","position":2,"name":"Elevate"}]},{"@type":"WebSite","@id":"https:\/\/www.biworldwide.com\/es-latam\/#website","url":"https:\/\/www.biworldwide.com\/es-latam\/","name":"Latin America (Spanish)","description":"","publisher":{"@id":"https:\/\/www.biworldwide.com\/es-latam\/#organization"},"potentialAction":[{"@type":"SearchAction","target":{"@type":"EntryPoint","urlTemplate":"https:\/\/www.biworldwide.com\/es-latam\/?s={search_term_string}"},"query-input":{"@type":"PropertyValueSpecification","valueRequired":true,"valueName":"search_term_string"}}],"inLanguage":"es-CO"},{"@type":"Organization","@id":"https:\/\/www.biworldwide.com\/es-latam\/#organization","name":"Latin America (Spanish)","url":"https:\/\/www.biworldwide.com\/es-latam\/","logo":{"@type":"ImageObject","inLanguage":"es-CO","@id":"https:\/\/www.biworldwide.com\/es-latam\/#\/schema\/logo\/image\/","url":"https:\/\/www.biworldwide.com\/es-latam\/wp-content\/uploads\/sites\/14\/2025\/02\/BIW_corp_lockup_rgb.png","contentUrl":"https:\/\/www.biworldwide.com\/es-latam\/wp-content\/uploads\/sites\/14\/2025\/02\/BIW_corp_lockup_rgb.png","width":550,"height":400,"caption":"Latin America (Spanish)"},"image":{"@id":"https:\/\/www.biworldwide.com\/es-latam\/#\/schema\/logo\/image\/"}}]}},"_links":{"self":[{"href":"https:\/\/www.biworldwide.com\/es-latam\/wp-json\/wp\/v2\/pages\/294","targetHints":{"allow":["GET"]}}],"collection":[{"href":"https:\/\/www.biworldwide.com\/es-latam\/wp-json\/wp\/v2\/pages"}],"about":[{"href":"https:\/\/www.biworldwide.com\/es-latam\/wp-json\/wp\/v2\/types\/page"}],"author":[{"embeddable":true,"href":"https:\/\/www.biworldwide.com\/es-latam\/wp-json\/wp\/v2\/users\/16"}],"replies":[{"embeddable":true,"href":"https:\/\/www.biworldwide.com\/es-latam\/wp-json\/wp\/v2\/comments?post=294"}],"version-history":[{"count":5,"href":"https:\/\/www.biworldwide.com\/es-latam\/wp-json\/wp\/v2\/pages\/294\/revisions"}],"predecessor-version":[{"id":1178,"href":"https:\/\/www.biworldwide.com\/es-latam\/wp-json\/wp\/v2\/pages\/294\/revisions\/1178"}],"wp:attachment":[{"href":"https:\/\/www.biworldwide.com\/es-latam\/wp-json\/wp\/v2\/media?parent=294"}],"wp:term":[{"taxonomy":"wf_page_folders","embeddable":true,"href":"https:\/\/www.biworldwide.com\/es-latam\/wp-json\/wp\/v2\/wf_page_folders?post=294"}],"curies":[{"name":"wp","href":"https:\/\/api.w.org\/{rel}","templated":true}]}}