{"id":299,"date":"2025-02-14T22:21:26","date_gmt":"2025-02-14T22:21:26","guid":{"rendered":"https:\/\/www.biworldwide.com\/es-latam\/?page_id=299"},"modified":"2025-04-01T17:55:06","modified_gmt":"2025-04-01T23:55:06","slug":"las-nuevas-reglas-del-compromiso","status":"publish","type":"page","link":"https:\/\/www.biworldwide.com\/es-latam\/las-nuevas-reglas-del-compromiso\/","title":{"rendered":"Las Nuevas Reglas del Compromiso"},"content":{"rendered":"<div class=\" has-content-align-left has-overlay has-overlay--dark alignfull wp-block-biw-block-theme-hero\">\n\t<div class=\"biw-hero__grid\">\n\t\t\t\t\t<div class=\"biw-hero__breadcrumbs\">\n\t\t\t\t<div id=\"breadcrumbs\" class=\"breadcrumb-nav__wrapper\"><span class=\"breadcrumb-nav\"><span><a href=\"https:\/\/www.biworldwide.com\/es-latam\/\">Home<\/a><\/span><\/span><\/div>\t\t\t<\/div>\n\t\t\n\t\t\t\t\t<div class=\"biw-hero__media \">\n\t\t\t\t\t\t\t\t\t<div class=\"biw-hero__overlay overlay-dark\"><\/div>\n\t\t\t\t\t\t\t\t<img decoding=\"async\" src=\"http:\/\/live-biw-main.pantheonsite.io\/wp-content\/uploads\/2025\/02\/NROE-2024-ASterns-1728x600px-1.jpg\" alt=\"A group of origami cranes, with one red crane in the foreground on an orange patterned background, stand out against several gray cranes on a lighter patterned background. The contrast emphasizes the unique red crane.\" class=\"biw-hero__bg-image\" style=\"object-position: 50% 50%;\">\t\t\t<\/div>\n\t\t\t\t<div class=\"biw-hero__content\">\n\t\t\t\t\t\t<h1 class=\"biw-hero__title\" style=\"line-height: 1.2\">\n\t\t\t\tLas Nuevas Reglas del Compromiso\t\t\t<\/h1>\n\t\t\t\t\t\t\t<h2 class=\"biw-hero__subtitle\">\n\t\t\t\t\tHay una ciencia detr\u00e1s de la motivaci\u00f3n efectiva.\t\t\t\t<\/h2>\n\t\t\t\t\t\t\t\t\t\t<div class=\"biw-hero__text\">\n\t\t\t\t\t\n\n<p>El estudio de investigaci\u00f3n <em>The New Rules of Engagement\u00ae<\/em> es un estudio anual en curso, dise\u00f1ado para comprender la experiencia laboral actual y c\u00f3mo mejorarla para los empleados, creando mejores resultados para los empleadores.<\/p>\n\n\t\t\t\t<\/div>\n\t\t\t\t\t\t\t\t<\/div>\n\t<\/div>\n<\/div>\n\n\n\n<div class=\"wp-block-group  layout-columns-7 has-global-padding is-layout-constrained wp-container-core-group-is-layout-a133ec42 wp-block-group-is-layout-constrained\">\n<h2 class=\"wp-block-heading\">Crear una gran cultura empresarial comienza aqu\u00ed.<\/h2>\n\n\n\n<p class=\"has-large-font-size\">A trav\u00e9s de una extensa investigaci\u00f3n global, hemos identificado 12 factores clave que moldean la relaci\u00f3n de un empleado con su empresa. Comprender cu\u00e1les de estos factores son m\u00e1s importantes para tu equipo es esencial para construir una propuesta de valor para los empleados s\u00f3lida.<\/p>\n<\/div>\n\n\n\n<div class=\"wp-block-group alignfull  has-background-angle-to-left bg-angle-action has-global-padding is-layout-constrained wp-container-core-group-is-layout-97ab3c77 wp-block-group-is-layout-constrained\">\n<div class=\"wp-block-group has-text-align-center  layout-columns-8 has-global-padding is-layout-constrained wp-container-core-group-is-layout-ee362a79 wp-block-group-is-layout-constrained\">\n<h2 class=\"wp-block-heading has-text-align-center  has-text-wrap-pretty\">The New Rules of Engagement<sup>\u00ae<\/sup><\/h2>\n\n\n\n<p class=\" has-text-wrap-balance\">12 reglas para seguir en tu camino hacia una cultura empresarial de clase mundial.<\/p>\n<\/div>\n\n\n\n<div class=\"wp-block-group  layout-columns-12 has-global-padding is-layout-constrained wp-container-core-group-is-layout-9e09659d wp-block-group-is-layout-constrained\">\n<div class=\"wp-block-group is-layout-grid wp-container-core-group-is-layout-c765d3c1 wp-block-group-is-layout-grid\">\n<div class=\"wp-block-group  has-dynamic-border-radius has-global-padding is-layout-constrained wp-block-group-is-layout-constrained\">\n<figure class=\"wp-block-image size-large\"><img decoding=\"async\" src=\"http:\/\/live-biw-main.pantheonsite.io\/wp-content\/uploads\/2025\/02\/NROE-Coffee-mugs-1300x732px-1024x577.jpg\" alt=\"Two colorful mugs, one green and one yellow, are displayed in front of a magazine page titled The New Rules of Engagement. The page features various images, including a piggy bank and a red balloon, with text 1. make it personal above the mugs.\" class=\"wp-image-3303\" style=\"aspect-ratio:16\/9;object-fit:cover\" \/><\/figure>\n<\/div>\n\n\n<div class=\" has-dynamic-border-radius has-image-size-cover has-image-radius-none is-style-vertical-no-image wp-block-biw-block-theme-biw-card\">\n\t\t<div class=\"biw-card__content\">\n\t\t<h3 class=\"biw-card__title\">\n\t\t\t\t\t\t\tHazlo personal\t\t\t\t\t<\/h3>\n\t\t<div class=\"biw-card__text\">\n\n<p>Un buen manejo se basa en un entendimiento profundo de cada individuo \u00fanico: conocer sus habilidades, sus aspiraciones y c\u00f3mo trabajan mejor. El \u00e9xito en esta regla es fundamental para lograr las dem\u00e1s.<\/p>\n\n<\/div>\n\t<\/div>\n\t<\/div>\n\n<div class=\" has-dynamic-border-radius has-image-size-cover has-image-radius-none is-style-vertical-no-image wp-block-biw-block-theme-biw-card\">\n\t\t<div class=\"biw-card__content\">\n\t\t<h3 class=\"biw-card__title\">\n\t\t\t\t\t\t\tHaz que el dinero no sea un problema\t\t\t\t\t<\/h3>\n\t\t<div class=\"biw-card__text\">\n\n<p>El dinero no lo es todo. Pero las empresas que gestionan mal esta \u00e1rea emocional har\u00e1n que sea un problema mayor de lo que deber\u00eda ser.<\/p>\n\n<\/div>\n\t<\/div>\n\t<\/div>\n\n<div class=\" has-dynamic-border-radius has-image-size-cover has-image-radius-none is-style-vertical-no-image wp-block-biw-block-theme-biw-card\">\n\t\t<div class=\"biw-card__content\">\n\t\t<h3 class=\"biw-card__title\">\n\t\t\t\t\t\t\tAy\u00fadales a prosperar\t\t\t\t\t<\/h3>\n\t\t<div class=\"biw-card__text\">\n\n<p>Nunca antes el trabajo, la vida personal y la salud hab\u00edan estado tan intr\u00ednsecamente conectados. Proteger el bienestar integral de los empleados no solo reduce costos, sino que los revitaliza a ellos y a tu negocio.<\/p>\n\n<\/div>\n\t<\/div>\n\t<\/div>\n\n<div class=\" has-dynamic-border-radius has-image-size-cover has-image-radius-none is-style-vertical-no-image wp-block-biw-block-theme-biw-card\">\n\t\t<div class=\"biw-card__content\">\n\t\t<h3 class=\"biw-card__title\">\n\t\t\t\t\t\t\tRealiza su potencial\t\t\t\t\t<\/h3>\n\t\t<div class=\"biw-card__text\">\n\n<p>Se espera que los empleadores ofrezcan oportunidades de crecimiento. Brindar herramientas, aprendizaje y desarrollo para que los empleados sean exitosos har\u00e1 crecer a tu mejor talento.<\/p>\n\n<\/div>\n\t<\/div>\n\t<\/div>\n\n\n<div class=\"wp-block-group  has-dynamic-border-radius has-global-padding is-layout-constrained wp-block-group-is-layout-constrained\">\n<figure class=\"wp-block-image size-large\"><img decoding=\"async\" src=\"http:\/\/live-biw-main.pantheonsite.io\/wp-content\/uploads\/2025\/02\/NROE-Balloon-1300x732px-1024x577.jpg\" alt=\"A heart-shaped red balloon floats in front of a magazine page titled The New Rules of Engagement. The page displays various items and text boxes. The balloon highlights rule number 5: foster belonging.\" class=\"wp-image-3301\" style=\"aspect-ratio:16\/9;object-fit:cover\" \/><\/figure>\n<\/div>\n\n\n<div class=\" has-dynamic-border-radius has-image-size-cover has-image-radius-none is-style-vertical-no-image wp-block-biw-block-theme-biw-card\">\n\t\t<div class=\"biw-card__content\">\n\t\t<h3 class=\"biw-card__title\">\n\t\t\t\t\t\t\tFomenta el sentido de pertenencia\t\t\t\t\t<\/h3>\n\t\t<div class=\"biw-card__text\">\n\n<p>Los empleados no pueden comprometerse completamente con una empresa de la que no se sienten parte. Fomentar un sentido de pertenencia dentro de la organizaci\u00f3n, el equipo y el trabajo en s\u00ed es crucial para que los empleados se queden y hagan un trabajo excepcional.<\/p>\n\n<\/div>\n\t<\/div>\n\t<\/div>\n\n<div class=\" has-dynamic-border-radius has-image-size-cover has-image-radius-none is-style-vertical-no-image wp-block-biw-block-theme-biw-card\">\n\t\t<div class=\"biw-card__content\">\n\t\t<h3 class=\"biw-card__title\">\n\t\t\t\t\t\t\tS\u00e9 abiertamente transparente\t\t\t\t\t<\/h3>\n\t\t<div class=\"biw-card__text\">\n\n<p>A menudo, las mejores ideas provienen de los empleados. As\u00ed que escucha con una mente abierta y usa esas ideas para dar forma a la visi\u00f3n del futuro.<\/p>\n\n<\/div>\n\t<\/div>\n\t<\/div>\n\n<div class=\" has-dynamic-border-radius has-image-size-cover has-image-radius-none is-style-vertical-no-image wp-block-biw-block-theme-biw-card\">\n\t\t<div class=\"biw-card__content\">\n\t\t<h3 class=\"biw-card__title\">\n\t\t\t\t\t\t\tDale un prop\u00f3sito\t\t\t\t\t<\/h3>\n\t\t<div class=\"biw-card__text\">\n\n<p>Las personas necesitan formar parte de algo m\u00e1s grande que un trabajo y un salario. El prop\u00f3sito impulsa un mayor rendimiento.<\/p>\n\n<\/div>\n\t<\/div>\n\t<\/div>\n\n\n<div class=\"wp-block-group  has-dynamic-border-radius has-global-padding is-layout-constrained wp-block-group-is-layout-constrained\">\n<figure class=\"wp-block-image size-large\"><img decoding=\"async\" src=\"http:\/\/live-biw-main.pantheonsite.io\/wp-content\/uploads\/2025\/02\/NROE-Binoculars-1300x732px-1024x577.jpg\" alt=\"A pair of binoculars is in the foreground. Behind it, a magazine page features images of a piggy bank, books, a red balloon, and a blue jersey. Text highlights The New Rules of Engagement and 8. See their future.\" class=\"wp-image-3302\" style=\"aspect-ratio:16\/9;object-fit:cover\" \/><\/figure>\n<\/div>\n\n\n<div class=\" has-dynamic-border-radius has-image-size-cover has-image-radius-none is-style-vertical-no-image wp-block-biw-block-theme-biw-card\">\n\t\t<div class=\"biw-card__content\">\n\t\t<h3 class=\"biw-card__title\">\n\t\t\t\t\t\t\tVe su futuro\t\t\t\t\t<\/h3>\n\t\t<div class=\"biw-card__text\">\n\n<p>Lo que las personas hacen hoy est\u00e1 en gran medida motivado por lo que creen que les llevar\u00e1 en el futuro. Las empresas que se dedican a ayudar a los empleados a trazar ese futuro ser\u00e1n recompensadas con lo mejor de su trabajo.<\/p>\n\n<\/div>\n\t<\/div>\n\t<\/div>\n\n<div class=\" has-dynamic-border-radius has-image-size-cover has-image-radius-none is-style-vertical-no-image wp-block-biw-block-theme-biw-card\">\n\t\t<div class=\"biw-card__content\">\n\t\t<h3 class=\"biw-card__title\">\n\t\t\t\t\t\t\tMagnifica su \u00e9xito\t\t\t\t\t<\/h3>\n\t\t<div class=\"biw-card__text\">\n\n<p>Lo que una empresa reconoce se repite. Hacer un gran reconocimiento de los logros de los empleados asegura que las victorias se multiplicar\u00e1n.<\/p>\n\n<\/div>\n\t<\/div>\n\t<\/div>\n\n<div class=\" has-dynamic-border-radius has-image-size-cover has-image-radius-none is-style-vertical-no-image wp-block-biw-block-theme-biw-card\">\n\t\t<div class=\"biw-card__content\">\n\t\t<h3 class=\"biw-card__title\">\n\t\t\t\t\t\t\t\u00danelos\t\t\t\t\t<\/h3>\n\t\t<div class=\"biw-card__text\">\n\n<p>Las personas siempre han estado dispuestas a sacrificarse por el equipo adecuado, pero solo si sienten que los dem\u00e1s har\u00e1n lo mismo. Nunca ha sido m\u00e1s importante crear condiciones que fomenten una colaboraci\u00f3n fuerte.<\/p>\n\n<\/div>\n\t<\/div>\n\t<\/div>\n\n<div class=\" has-dynamic-border-radius has-image-size-cover has-image-radius-none is-style-vertical-no-image wp-block-biw-block-theme-biw-card\">\n\t\t<div class=\"biw-card__content\">\n\t\t<h3 class=\"biw-card__title\">\n\t\t\t\t\t\t\tD\u00e9jalos liderar\t\t\t\t\t<\/h3>\n\t\t<div class=\"biw-card__text\">\n\n<p>El verdadero empoderamiento proviene de un lugar donde las ideas son tomadas en serio. No solo animes a tomar riesgos, ap\u00f3yales si no sale como se plane\u00f3.<\/p>\n\n<\/div>\n\t<\/div>\n\t<\/div>\n\n<div class=\" has-dynamic-border-radius has-image-size-cover has-image-radius-none is-style-vertical-no-image wp-block-biw-block-theme-biw-card\">\n\t\t<div class=\"biw-card__content\">\n\t\t<h3 class=\"biw-card__title\">\n\t\t\t\t\t\t\tDesaf\u00edalos\t\t\t\t\t<\/h3>\n\t\t<div class=\"biw-card__text\">\n\n<p>Tus mejores empleados est\u00e1n ansiosos por lograr algo incre\u00edble juntos. Desaf\u00edalos, re\u00fanenos y ap\u00f3yales con todo tu coraz\u00f3n, y te sorprender\u00e1 lo que pueden lograr.<\/p>\n\n<\/div>\n\t<\/div>\n\t<\/div><\/div>\n<\/div>\n<span class='background-angle-wrapper'><svg fill='none' viewBox='0 0 1728 699' xmlns='http:\/\/www.w3.org\/2000\/svg'><path d='M1728 0H0V294.923L1728 698.43V0Z' fill='url(#69d1555cd1170)'\/><defs><linearGradient id='69d1555cd1170' x1='1738.8' x2='1701' y1='717.27' y2='15.023' gradientUnits='userSpaceOnUse'><stop stop-color='#6D28D9' stop-opacity='.3' offset='0'\/><stop stop-color='#6D28D9' stop-opacity='0' offset='1'\/><\/linearGradient><\/defs><\/svg><\/span><\/div>","protected":false},"excerpt":{"rendered":"<p>Crear una gran cultura empresarial comienza aqu\u00ed. A trav\u00e9s de una extensa investigaci\u00f3n global, hemos identificado 12 factores clave que moldean la relaci\u00f3n de un empleado con su empresa. Comprender cu\u00e1les de estos factores son m\u00e1s importantes para tu equipo es esencial para construir una propuesta de valor para los empleados s\u00f3lida. The New Rules [&hellip;]<\/p>\n","protected":false},"author":16,"featured_media":0,"parent":0,"menu_order":0,"comment_status":"closed","ping_status":"closed","template":"","meta":{"featured_image_focal_point":{"x":0.5,"y":0.5},"footnotes":""},"wf_page_folders":[17],"class_list":["post-299","page","type-page","status-publish","hentry"],"yoast_head":"<!-- This site is optimized with the Yoast SEO plugin v26.2 - https:\/\/yoast.com\/wordpress\/plugins\/seo\/ -->\n<title>Las Nuevas Reglas del Compromiso - Latin America (Spanish)<\/title>\n<meta name=\"robots\" content=\"index, follow, max-snippet:-1, max-image-preview:large, max-video-preview:-1\" \/>\n<link rel=\"canonical\" href=\"https:\/\/www.biworldwide.com\/es-latam\/las-nuevas-reglas-del-compromiso\/\" \/>\n<meta property=\"og:locale\" content=\"es_ES\" \/>\n<meta property=\"og:type\" content=\"article\" \/>\n<meta property=\"og:title\" content=\"Las Nuevas Reglas del Compromiso - Latin America (Spanish)\" \/>\n<meta property=\"og:description\" content=\"Crear una gran cultura empresarial comienza aqu\u00ed. A trav\u00e9s de una extensa investigaci\u00f3n global, hemos identificado 12 factores clave que moldean la relaci\u00f3n de un empleado con su empresa. Comprender cu\u00e1les de estos factores son m\u00e1s importantes para tu equipo es esencial para construir una propuesta de valor para los empleados s\u00f3lida. The New Rules [&hellip;]\" \/>\n<meta property=\"og:url\" content=\"https:\/\/www.biworldwide.com\/es-latam\/las-nuevas-reglas-del-compromiso\/\" \/>\n<meta property=\"og:site_name\" content=\"Latin America (Spanish)\" \/>\n<meta property=\"article:modified_time\" content=\"2025-04-01T23:55:06+00:00\" \/>\n<meta property=\"og:image\" content=\"http:\/\/live-biw-main.pantheonsite.io\/wp-content\/uploads\/2025\/02\/NROE-Coffee-mugs-1300x732px-1024x577.jpg\" \/>\n<meta name=\"twitter:card\" content=\"summary_large_image\" \/>\n<meta name=\"twitter:label1\" content=\"Est. reading time\" \/>\n\t<meta name=\"twitter:data1\" content=\"3 minutos\" \/>\n<script type=\"application\/ld+json\" class=\"yoast-schema-graph\">{\"@context\":\"https:\/\/schema.org\",\"@graph\":[{\"@type\":\"WebPage\",\"@id\":\"https:\/\/www.biworldwide.com\/es-latam\/las-nuevas-reglas-del-compromiso\/\",\"url\":\"https:\/\/www.biworldwide.com\/es-latam\/las-nuevas-reglas-del-compromiso\/\",\"name\":\"Las Nuevas Reglas del Compromiso - Latin America (Spanish)\",\"isPartOf\":{\"@id\":\"https:\/\/www.biworldwide.com\/es-latam\/#website\"},\"primaryImageOfPage\":{\"@id\":\"https:\/\/www.biworldwide.com\/es-latam\/las-nuevas-reglas-del-compromiso\/#primaryimage\"},\"image\":{\"@id\":\"https:\/\/www.biworldwide.com\/es-latam\/las-nuevas-reglas-del-compromiso\/#primaryimage\"},\"thumbnailUrl\":\"http:\/\/live-biw-main.pantheonsite.io\/wp-content\/uploads\/2025\/02\/NROE-Coffee-mugs-1300x732px-1024x577.jpg\",\"datePublished\":\"2025-02-14T22:21:26+00:00\",\"dateModified\":\"2025-04-01T23:55:06+00:00\",\"breadcrumb\":{\"@id\":\"https:\/\/www.biworldwide.com\/es-latam\/las-nuevas-reglas-del-compromiso\/#breadcrumb\"},\"inLanguage\":\"es-CO\",\"potentialAction\":[{\"@type\":\"ReadAction\",\"target\":[\"https:\/\/www.biworldwide.com\/es-latam\/las-nuevas-reglas-del-compromiso\/\"]}]},{\"@type\":\"ImageObject\",\"inLanguage\":\"es-CO\",\"@id\":\"https:\/\/www.biworldwide.com\/es-latam\/las-nuevas-reglas-del-compromiso\/#primaryimage\",\"url\":\"http:\/\/live-biw-main.pantheonsite.io\/wp-content\/uploads\/2025\/02\/NROE-Coffee-mugs-1300x732px-1024x577.jpg\",\"contentUrl\":\"http:\/\/live-biw-main.pantheonsite.io\/wp-content\/uploads\/2025\/02\/NROE-Coffee-mugs-1300x732px-1024x577.jpg\"},{\"@type\":\"BreadcrumbList\",\"@id\":\"https:\/\/www.biworldwide.com\/es-latam\/las-nuevas-reglas-del-compromiso\/#breadcrumb\",\"itemListElement\":[{\"@type\":\"ListItem\",\"position\":1,\"name\":\"Home\",\"item\":\"https:\/\/www.biworldwide.com\/es-latam\/\"},{\"@type\":\"ListItem\",\"position\":2,\"name\":\"Las Nuevas Reglas del Compromiso\"}]},{\"@type\":\"WebSite\",\"@id\":\"https:\/\/www.biworldwide.com\/es-latam\/#website\",\"url\":\"https:\/\/www.biworldwide.com\/es-latam\/\",\"name\":\"Latin America (Spanish)\",\"description\":\"\",\"publisher\":{\"@id\":\"https:\/\/www.biworldwide.com\/es-latam\/#organization\"},\"potentialAction\":[{\"@type\":\"SearchAction\",\"target\":{\"@type\":\"EntryPoint\",\"urlTemplate\":\"https:\/\/www.biworldwide.com\/es-latam\/?s={search_term_string}\"},\"query-input\":{\"@type\":\"PropertyValueSpecification\",\"valueRequired\":true,\"valueName\":\"search_term_string\"}}],\"inLanguage\":\"es-CO\"},{\"@type\":\"Organization\",\"@id\":\"https:\/\/www.biworldwide.com\/es-latam\/#organization\",\"name\":\"Latin America (Spanish)\",\"url\":\"https:\/\/www.biworldwide.com\/es-latam\/\",\"logo\":{\"@type\":\"ImageObject\",\"inLanguage\":\"es-CO\",\"@id\":\"https:\/\/www.biworldwide.com\/es-latam\/#\/schema\/logo\/image\/\",\"url\":\"https:\/\/www.biworldwide.com\/es-latam\/wp-content\/uploads\/sites\/14\/2025\/02\/BIW_corp_lockup_rgb.png\",\"contentUrl\":\"https:\/\/www.biworldwide.com\/es-latam\/wp-content\/uploads\/sites\/14\/2025\/02\/BIW_corp_lockup_rgb.png\",\"width\":550,\"height\":400,\"caption\":\"Latin America (Spanish)\"},\"image\":{\"@id\":\"https:\/\/www.biworldwide.com\/es-latam\/#\/schema\/logo\/image\/\"}}]}<\/script>\n<!-- \/ Yoast SEO plugin. -->","yoast_head_json":{"title":"Las Nuevas Reglas del Compromiso - Latin America (Spanish)","robots":{"index":"index","follow":"follow","max-snippet":"max-snippet:-1","max-image-preview":"max-image-preview:large","max-video-preview":"max-video-preview:-1"},"canonical":"https:\/\/www.biworldwide.com\/es-latam\/las-nuevas-reglas-del-compromiso\/","og_locale":"es_ES","og_type":"article","og_title":"Las Nuevas Reglas del Compromiso - Latin America (Spanish)","og_description":"Crear una gran cultura empresarial comienza aqu\u00ed. A trav\u00e9s de una extensa investigaci\u00f3n global, hemos identificado 12 factores clave que moldean la relaci\u00f3n de un empleado con su empresa. Comprender cu\u00e1les de estos factores son m\u00e1s importantes para tu equipo es esencial para construir una propuesta de valor para los empleados s\u00f3lida. The New Rules [&hellip;]","og_url":"https:\/\/www.biworldwide.com\/es-latam\/las-nuevas-reglas-del-compromiso\/","og_site_name":"Latin America (Spanish)","article_modified_time":"2025-04-01T23:55:06+00:00","og_image":[{"url":"http:\/\/live-biw-main.pantheonsite.io\/wp-content\/uploads\/2025\/02\/NROE-Coffee-mugs-1300x732px-1024x577.jpg","type":"","width":"","height":""}],"twitter_card":"summary_large_image","twitter_misc":{"Est. reading time":"3 minutos"},"schema":{"@context":"https:\/\/schema.org","@graph":[{"@type":"WebPage","@id":"https:\/\/www.biworldwide.com\/es-latam\/las-nuevas-reglas-del-compromiso\/","url":"https:\/\/www.biworldwide.com\/es-latam\/las-nuevas-reglas-del-compromiso\/","name":"Las Nuevas Reglas del Compromiso - Latin America (Spanish)","isPartOf":{"@id":"https:\/\/www.biworldwide.com\/es-latam\/#website"},"primaryImageOfPage":{"@id":"https:\/\/www.biworldwide.com\/es-latam\/las-nuevas-reglas-del-compromiso\/#primaryimage"},"image":{"@id":"https:\/\/www.biworldwide.com\/es-latam\/las-nuevas-reglas-del-compromiso\/#primaryimage"},"thumbnailUrl":"http:\/\/live-biw-main.pantheonsite.io\/wp-content\/uploads\/2025\/02\/NROE-Coffee-mugs-1300x732px-1024x577.jpg","datePublished":"2025-02-14T22:21:26+00:00","dateModified":"2025-04-01T23:55:06+00:00","breadcrumb":{"@id":"https:\/\/www.biworldwide.com\/es-latam\/las-nuevas-reglas-del-compromiso\/#breadcrumb"},"inLanguage":"es-CO","potentialAction":[{"@type":"ReadAction","target":["https:\/\/www.biworldwide.com\/es-latam\/las-nuevas-reglas-del-compromiso\/"]}]},{"@type":"ImageObject","inLanguage":"es-CO","@id":"https:\/\/www.biworldwide.com\/es-latam\/las-nuevas-reglas-del-compromiso\/#primaryimage","url":"http:\/\/live-biw-main.pantheonsite.io\/wp-content\/uploads\/2025\/02\/NROE-Coffee-mugs-1300x732px-1024x577.jpg","contentUrl":"http:\/\/live-biw-main.pantheonsite.io\/wp-content\/uploads\/2025\/02\/NROE-Coffee-mugs-1300x732px-1024x577.jpg"},{"@type":"BreadcrumbList","@id":"https:\/\/www.biworldwide.com\/es-latam\/las-nuevas-reglas-del-compromiso\/#breadcrumb","itemListElement":[{"@type":"ListItem","position":1,"name":"Home","item":"https:\/\/www.biworldwide.com\/es-latam\/"},{"@type":"ListItem","position":2,"name":"Las Nuevas Reglas del Compromiso"}]},{"@type":"WebSite","@id":"https:\/\/www.biworldwide.com\/es-latam\/#website","url":"https:\/\/www.biworldwide.com\/es-latam\/","name":"Latin America (Spanish)","description":"","publisher":{"@id":"https:\/\/www.biworldwide.com\/es-latam\/#organization"},"potentialAction":[{"@type":"SearchAction","target":{"@type":"EntryPoint","urlTemplate":"https:\/\/www.biworldwide.com\/es-latam\/?s={search_term_string}"},"query-input":{"@type":"PropertyValueSpecification","valueRequired":true,"valueName":"search_term_string"}}],"inLanguage":"es-CO"},{"@type":"Organization","@id":"https:\/\/www.biworldwide.com\/es-latam\/#organization","name":"Latin America (Spanish)","url":"https:\/\/www.biworldwide.com\/es-latam\/","logo":{"@type":"ImageObject","inLanguage":"es-CO","@id":"https:\/\/www.biworldwide.com\/es-latam\/#\/schema\/logo\/image\/","url":"https:\/\/www.biworldwide.com\/es-latam\/wp-content\/uploads\/sites\/14\/2025\/02\/BIW_corp_lockup_rgb.png","contentUrl":"https:\/\/www.biworldwide.com\/es-latam\/wp-content\/uploads\/sites\/14\/2025\/02\/BIW_corp_lockup_rgb.png","width":550,"height":400,"caption":"Latin America (Spanish)"},"image":{"@id":"https:\/\/www.biworldwide.com\/es-latam\/#\/schema\/logo\/image\/"}}]}},"_links":{"self":[{"href":"https:\/\/www.biworldwide.com\/es-latam\/wp-json\/wp\/v2\/pages\/299","targetHints":{"allow":["GET"]}}],"collection":[{"href":"https:\/\/www.biworldwide.com\/es-latam\/wp-json\/wp\/v2\/pages"}],"about":[{"href":"https:\/\/www.biworldwide.com\/es-latam\/wp-json\/wp\/v2\/types\/page"}],"author":[{"embeddable":true,"href":"https:\/\/www.biworldwide.com\/es-latam\/wp-json\/wp\/v2\/users\/16"}],"replies":[{"embeddable":true,"href":"https:\/\/www.biworldwide.com\/es-latam\/wp-json\/wp\/v2\/comments?post=299"}],"version-history":[{"count":5,"href":"https:\/\/www.biworldwide.com\/es-latam\/wp-json\/wp\/v2\/pages\/299\/revisions"}],"predecessor-version":[{"id":1104,"href":"https:\/\/www.biworldwide.com\/es-latam\/wp-json\/wp\/v2\/pages\/299\/revisions\/1104"}],"wp:attachment":[{"href":"https:\/\/www.biworldwide.com\/es-latam\/wp-json\/wp\/v2\/media?parent=299"}],"wp:term":[{"taxonomy":"wf_page_folders","embeddable":true,"href":"https:\/\/www.biworldwide.com\/es-latam\/wp-json\/wp\/v2\/wf_page_folders?post=299"}],"curies":[{"name":"wp","href":"https:\/\/api.w.org\/{rel}","templated":true}]}}