{"id":311,"date":"2025-02-14T22:31:35","date_gmt":"2025-02-14T22:31:35","guid":{"rendered":"https:\/\/www.biworldwide.com\/es-latam\/?page_id=311"},"modified":"2025-04-01T17:55:58","modified_gmt":"2025-04-01T23:55:58","slug":"marketplace-de-mercancia","status":"publish","type":"page","link":"https:\/\/www.biworldwide.com\/es-latam\/marketplace-de-mercancia\/","title":{"rendered":"Merchandise Marketplace\u00a0"},"content":{"rendered":"\n<p class=\"has-xl-font-size\"><\/p>\n\n\n<div class=\" has-content-align-left has-overlay has-overlay--light alignfull wp-block-biw-block-theme-hero\">\n\t<div class=\"biw-hero__grid\">\n\t\t\t\t\t<div class=\"biw-hero__breadcrumbs\">\n\t\t\t\t<div id=\"breadcrumbs\" class=\"breadcrumb-nav__wrapper\"><span class=\"breadcrumb-nav\"><span><a href=\"https:\/\/www.biworldwide.com\/es-latam\/\">Home<\/a><\/span><\/span><\/div>\t\t\t<\/div>\n\t\t\n\t\t\t\t\t<div class=\"biw-hero__media \">\n\t\t\t\t\t\t\t\t\t<div class=\"biw-hero__overlay overlay-light\"><\/div>\n\t\t\t\t\t\t\t\t<img decoding=\"async\" src=\"http:\/\/live-biw-main.pantheonsite.io\/wp-content\/uploads\/2025\/03\/BIW_Site_Hero_MarketMerch-1-scaled.jpg\" alt=\"Smiling woman in a pink top sits with her hands on her cheeks. She is in a modern living room with colorful ambient lighting. A smart speaker and TV are visible in the background.\" class=\"biw-hero__bg-image\" style=\"object-position: 50% 50%;\">\t\t\t<\/div>\n\t\t\t\t<div class=\"biw-hero__content\">\n\t\t\t\t\t\t<h1 class=\"biw-hero__title\" style=\"line-height: 1.2\">\n\t\t\t\tMerchandise Marketplace\t\t\t<\/h1>\n\t\t\t\t\t\t\t<h2 class=\"biw-hero__subtitle\">\n\t\t\t\t\t<strong>Dales las recompensas que desean.<\/strong>\t\t\t\t<\/h2>\n\t\t\t\t\t\t\t\t\t\t<div class=\"biw-hero__text\">\n\t\t\t\t\t\n\n<p>Recompensar a tu equipo nunca fue tan f\u00e1cil con una selecci\u00f3n personalizada y exclusiva de las mejores marcas.<\/p>\n\n\t\t\t\t<\/div>\n\t\t\t\t\t\t\t\t<\/div>\n\t<\/div>\n<\/div>\n\n\n\n<div class=\"wp-block-group  layout-columns-8 has-global-padding is-layout-constrained wp-container-core-group-is-layout-fce79bf6 wp-block-group-is-layout-constrained\">\n<p class=\"has-xl-font-size\"><strong>Servicio y log\u00edstica, gestionados.<\/strong><\/p>\n\n\n\n<p>Estas son las recompensas de las que hablar\u00e1n durante a\u00f1os, y nosotros nos encargamos de todo para hacerlas realidad. Nuestros equipos de atenci\u00f3n al cliente no est\u00e1n subcontratados, est\u00e1n ubicados directamente en nuestras oficinas alrededor del mundo y son empleados nuestros.<\/p>\n\n\n\n<p>Nos aseguramos de que tu experiencia sea tan gratificante como el mercado mismo.<\/p>\n\n\n\n<ul class=\"wp-block-list\">\n<li><strong>Servicio Superior:<\/strong> Nuestros equipos de atenci\u00f3n al cliente trabajan estrechamente con los equipos de compras y socios de cumplimiento para brindar un soporte r\u00e1pido y completo.<\/li>\n\n\n\n<li><strong>Expertise en Cadena de Suministro:<\/strong> La estrecha colaboraci\u00f3n con los equipos de compras y socios de cumplimiento garantiza un servicio fluido y eficiente.<\/li>\n\n\n\n<li><strong>Soporte Multiling\u00fce:<\/strong> Los clientes pueden conectarse con nosotros en los idiomas principales adaptados a cada regi\u00f3n.<\/li>\n<\/ul>\n<\/div>\n\n\n\n<div class=\"wp-block-group alignfull has-global-padding is-layout-constrained wp-container-core-group-is-layout-97ab3c77 wp-block-group-is-layout-constrained\">\n<div class=\"wp-block-group has-text-align-center  layout-columns-8 has-global-padding is-layout-constrained wp-container-core-group-is-layout-ee362a79 wp-block-group-is-layout-constrained\">\n<h2 class=\"wp-block-heading has-text-align-center  has-text-wrap-pretty\">Marcas que les encantar\u00e1n.<\/h2>\n\n\n\n<p class=\" has-text-wrap-balance\">Algunas de las marcas premium destacadas en nuestro mercado de EE. UU.<\/p>\n<\/div>\n\n\n\n<div class=\"wp-block-group  layout-columns-12 has-global-padding is-layout-constrained wp-container-core-group-is-layout-9e09659d wp-block-group-is-layout-constrained\">\n<div class=\"wp-block-group is-layout-grid wp-container-core-group-is-layout-c765d3c1 wp-block-group-is-layout-grid\">\n<div class=\"wp-block-group  has-dynamic-border-radius has-global-padding is-layout-constrained wp-block-group-is-layout-constrained\">\n<figure class=\"wp-block-image size-large\"><img decoding=\"async\" src=\"http:\/\/live-biw-main.pantheonsite.io\/wp-content\/uploads\/2025\/02\/BIW_Site_Card_MarketMerch-1024x577.jpg\" alt=\"Modern living room with a blue sofa, two beige armchairs, and a large flat-screen TV on a wooden stand. A round coffee table sits on a light rug. A tall floor lamp arches over the sofa. Bookshelves line the wall on the right, with a potted plant nearby.\" class=\"wp-image-3597\" \/><\/figure>\n<\/div>\n\n\n<div class=\" has-dynamic-border-radius has-image-size-cover has-image-radius-none is-style-default wp-block-biw-block-theme-biw-card\">\n\t\t\t<figure class=\"biw-card__image-wrapper \">\n\t\t\t<img decoding=\"async\" src=\"http:\/\/live-biw-main.pantheonsite.io\/wp-content\/uploads\/2025\/02\/merch-icon-yeti.svg\" alt=\"\" class=\"biw-card__image\" style=\"object-position: 50% 50%;\">\t\t<\/figure>\n\t\t<div class=\"biw-card__content\">\n\t\t<h3 class=\"biw-card__title\">\n\t\t\t\t\t\t\tYeti\t\t\t\t\t<\/h3>\n\t\t<div class=\"biw-card__text\">\n\n<p>Los enfriadores, utensilios y bolsas ultra resistentes de Yeti son el pin\u00e1culo del rendimiento, dise\u00f1ados para un uso diario. Consigue el equipo que rinde cuando m\u00e1s importa.<\/p>\n\n<\/div>\n\t<\/div>\n\t<\/div>\n\n<div class=\" has-dynamic-border-radius has-image-size-cover has-image-radius-none is-style-default wp-block-biw-block-theme-biw-card\">\n\t\t\t<figure class=\"biw-card__image-wrapper \">\n\t\t\t<img decoding=\"async\" src=\"http:\/\/live-biw-main.pantheonsite.io\/wp-content\/uploads\/2025\/02\/merch-icon-apple.svg\" alt=\"\" class=\"biw-card__image\" style=\"object-position: 50% 50%;\">\t\t<\/figure>\n\t\t<div class=\"biw-card__content\">\n\t\t<h3 class=\"biw-card__title\">\n\t\t\t\t\t\t\tApple\t\t\t\t\t<\/h3>\n\t\t<div class=\"biw-card__text\">\n\n<p>Desde escritorios y laptops hasta tabletas, relojes, audio premium y VR, encuentra toda tu tecnolog\u00eda favorita de alta gama.<\/p>\n\n<\/div>\n\t<\/div>\n\t<\/div>\n\n<div class=\" has-dynamic-border-radius has-image-size-cover has-image-radius-none is-style-default wp-block-biw-block-theme-biw-card\">\n\t\t\t<figure class=\"biw-card__image-wrapper \">\n\t\t\t<img decoding=\"async\" src=\"http:\/\/live-biw-main.pantheonsite.io\/wp-content\/uploads\/2025\/02\/merch-icon-ring.svg\" alt=\"\" class=\"biw-card__image\" style=\"object-position: 50% 50%;\">\t\t<\/figure>\n\t\t<div class=\"biw-card__content\">\n\t\t<h3 class=\"biw-card__title\">\n\t\t\t\t\t\t\tRing\t\t\t\t\t<\/h3>\n\t\t<div class=\"biw-card__text\">\n\n<p>Soluciones completas de seguridad y tecnolog\u00eda para el hogar que apoyan el estilo de vida moderno y brindan tranquilidad, est\u00e9s en casa o fuera.<\/p>\n\n<\/div>\n\t<\/div>\n\t<\/div>\n\n<div class=\" has-dynamic-border-radius has-image-size-cover has-image-radius-none is-style-default wp-block-biw-block-theme-biw-card\">\n\t\t\t<figure class=\"biw-card__image-wrapper \">\n\t\t\t<img decoding=\"async\" src=\"http:\/\/live-biw-main.pantheonsite.io\/wp-content\/uploads\/2025\/02\/merch-icon-bose.svg\" alt=\"\" class=\"biw-card__image\" style=\"object-position: 50% 50%;\">\t\t<\/figure>\n\t\t<div class=\"biw-card__content\">\n\t\t<h3 class=\"biw-card__title\">\n\t\t\t\t\t\t\tBose\t\t\t\t\t<\/h3>\n\t\t<div class=\"biw-card__text\">\n\n<p>Descubre lo \u00faltimo en innovaci\u00f3n de sonido. Encuentra tus auriculares, altavoces, barras de sonido y m\u00e1s favoritos.<\/p>\n\n<\/div>\n\t<\/div>\n\t<\/div>\n\n<div class=\" has-dynamic-border-radius has-image-size-cover has-image-radius-none is-style-default wp-block-biw-block-theme-biw-card\">\n\t\t\t<figure class=\"biw-card__image-wrapper \">\n\t\t\t<img decoding=\"async\" src=\"http:\/\/live-biw-main.pantheonsite.io\/wp-content\/uploads\/2025\/02\/merch-icon-lecreuset.svg\" alt=\"\" class=\"biw-card__image\" style=\"object-position: 50% 50%;\">\t\t<\/figure>\n\t\t<div class=\"biw-card__content\">\n\t\t<h3 class=\"biw-card__title\">\n\t\t\t\t\t\t\tLe Creuset\t\t\t\t\t<\/h3>\n\t\t<div class=\"biw-card__text\">\n\n<p>na selecci\u00f3n incomparable de colores audaces, acabados y materiales. Cocina, hornea y sirve recuerdos con amigos y familiares con nuestra exclusiva selecci\u00f3n.<\/p>\n\n<\/div>\n\t<\/div>\n\t<\/div>\n\n<div class=\" has-dynamic-border-radius has-image-size-cover has-image-radius-none is-style-default wp-block-biw-block-theme-biw-card\">\n\t\t\t<figure class=\"biw-card__image-wrapper \">\n\t\t\t<img decoding=\"async\" src=\"http:\/\/live-biw-main.pantheonsite.io\/wp-content\/uploads\/2025\/02\/merch-icon-taylormade.svg\" alt=\"\" class=\"biw-card__image\" style=\"object-position: 50% 50%;\">\t\t<\/figure>\n\t\t<div class=\"biw-card__content\">\n\t\t<h3 class=\"biw-card__title\">\n\t\t\t\t\t\t\tTaylormade\t\t\t\t\t<\/h3>\n\t\t<div class=\"biw-card__text\">\n\n<p>Ya sea para una actualizaci\u00f3n, un capricho o simplemente para comprar algo nuevo, el <em>Merchandise Marketplace<\/em> ofrece a tus equipos de ventas, clientes y empleados la oportunidad de disfrutar de una colecci\u00f3n inigualable de productos exclusivos.<\/p>\n\n<\/div>\n\t<\/div>\n\t<\/div>\n\n<div class=\" has-dynamic-border-radius has-image-size-cover has-image-radius-none is-style-default wp-block-biw-block-theme-biw-card\">\n\t\t\t<figure class=\"biw-card__image-wrapper \">\n\t\t\t<img decoding=\"async\" src=\"http:\/\/live-biw-main.pantheonsite.io\/wp-content\/uploads\/2025\/02\/merch-icon-dyson.svg\" alt=\"\" class=\"biw-card__image\" style=\"object-position: 50% 50%;\">\t\t<\/figure>\n\t\t<div class=\"biw-card__content\">\n\t\t<h3 class=\"biw-card__title\">\n\t\t\t\t\t\t\tDyson\t\t\t\t\t<\/h3>\n\t\t<div class=\"biw-card__text\">\n\n<p>Meticulosamente probados y rigurosamente dise\u00f1ados. Descubre productos de cuidado del hogar, del cabello y del aire de la mano de los l\u00edderes de la industria.<\/p>\n\n<\/div>\n\t<\/div>\n\t<\/div>\n\n<div class=\" has-dynamic-border-radius has-image-size-cover has-image-radius-none is-style-default wp-block-biw-block-theme-biw-card\">\n\t\t\t<figure class=\"biw-card__image-wrapper \">\n\t\t\t<img decoding=\"async\" src=\"http:\/\/live-biw-main.pantheonsite.io\/wp-content\/uploads\/2025\/02\/merch-icon-xbox.svg\" alt=\"\" class=\"biw-card__image\" style=\"object-position: 50% 50%;\">\t\t<\/figure>\n\t\t<div class=\"biw-card__content\">\n\t\t<h3 class=\"biw-card__title\">\n\t\t\t\t\t\t\tXbox\t\t\t\t\t<\/h3>\n\t\t<div class=\"biw-card__text\">\n\n<p>Vive la vanguardia de los videojuegos y el entretenimiento con acceso anticipado a consolas, juegos y accesorios que te ponen en la experiencia y en la conversaci\u00f3n.<\/p>\n\n<\/div>\n\t<\/div>\n\t<\/div><\/div>\n<\/div>\n<\/div>\n\n\n\n<div class=\"wp-block-group alignfull has-global-padding is-layout-constrained wp-container-core-group-is-layout-e04489b5 wp-block-group-is-layout-constrained\">\n<div class=\"wp-block-group  layout-columns-8 has-global-padding is-layout-constrained wp-container-core-group-is-layout-fce79bf6 wp-block-group-is-layout-constrained\">\n<h2 class=\"wp-block-heading has-text-align-center\">Cada m\u00e9trica cuenta una historia.<\/h2>\n<\/div>\n\n\n\n<div class=\"wp-block-group  layout-columns-10 has-global-padding is-layout-constrained wp-container-core-group-is-layout-0b5f5b40 wp-block-group-is-layout-constrained\">\n<div class=\"wp-block-group has-text-align-center is-layout-grid wp-container-core-group-is-layout-ef442fb0 wp-block-group-is-layout-grid\">\n<div class=\"wp-block-group is-vertical is-content-justification-center is-layout-flex wp-container-core-group-is-layout-81423f52 wp-block-group-is-layout-flex\">\n<h3 class=\"wp-block-heading has-impact-font-size  has-text-wrap-no-wrap  has-gradient-fill has-gradient-fill-purple\">120k<\/h3>\n\n\n\n<p class=\"has-text-align-center has-large-font-size  has-text-wrap-balance\">Productos \u00fanicos en todo el mundo<\/p>\n<\/div>\n\n\n\n<div class=\"wp-block-group is-vertical is-content-justification-center is-layout-flex wp-container-core-group-is-layout-81423f52 wp-block-group-is-layout-flex\">\n<h3 class=\"wp-block-heading has-impact-font-size  has-text-wrap-no-wrap  has-gradient-fill has-gradient-fill-purple\">2,000<\/h3>\n\n\n\n<p class=\"has-text-align-center has-large-font-size  has-text-wrap-balance\">Opciones de marcas reconocidas<\/p>\n<\/div>\n\n\n\n<div class=\"wp-block-group is-vertical is-content-justification-center is-layout-flex wp-container-core-group-is-layout-81423f52 wp-block-group-is-layout-flex\">\n<h3 class=\"wp-block-heading has-impact-font-size  has-text-wrap-no-wrap  has-gradient-fill has-gradient-fill-purple\">29<\/h3>\n\n\n\n<p class=\"has-text-align-center has-large-font-size  has-text-wrap-balance\">Opciones de donaci\u00f3n ben\u00e9fica solo en EE. UU.<\/p>\n\n\n\n<p class=\"has-text-align-center has-large-font-size  has-text-wrap-balance\"><\/p>\n<\/div>\n<\/div>\n<\/div>\n<\/div>\n\n\n\n<div class=\"wp-block-group  layout-columns-8 has-global-padding is-layout-constrained wp-container-core-group-is-layout-fce79bf6 wp-block-group-is-layout-constrained\">\n<p class=\"has-xl-font-size\"><strong>Recompensas. En cualquier momento. En cualquier lugar.<\/strong><\/p>\n\n\n\n<p>Dondequiera que est\u00e9s, somos locales. Contamos con sedes regionales en siete pa\u00edses y 13 oficinas m\u00e1s en todo el mundo. En cada una de nuestras sedes, nuestros equipos de compra locales actualizan continuamente nuestros surtidos para ofrecer recompensas culturalmente relevantes y motivadoras, sin importar de d\u00f3nde provenga tu audiencia.<\/p>\n\n\n\n<p>Disponemos de premios en casi 190 pa\u00edses y m\u00e1s del 90% de nuestros pedidos se env\u00edan sin aduanas ni aranceles gracias a nuestra vasta red de socios de distribuci\u00f3n.<\/p>\n\n\n\n<p class=\"has-xl-font-size\"><strong><strong>Tecnolog\u00eda simple.<\/strong><\/strong><\/p>\n\n\n\n<p>Nuestro Mercado de Mercanc\u00edas tiene una interfaz intuitiva que facilita la navegaci\u00f3n y la realizaci\u00f3n de pedidos.<\/p>\n\n\n\n<ul class=\"wp-block-list\">\n<li class=\"has-large-font-size\">Cada sitio espec\u00edfico por pa\u00eds est\u00e1 optimizado para su uso en dispositivos m\u00f3viles y tabletas.<\/li>\n\n\n\n<li class=\"has-large-font-size\">Cada sitio ofrece historias locales relevantes dise\u00f1adas para resaltar nuevas opciones de premios de temporada y emocionantes.<\/li>\n<\/ul>\n\n\n\n<p class=\"has-xl-font-size\"><strong><strong>\u00bfProblema? No hay problema.<\/strong><\/strong><\/p>\n\n\n\n<p>Queremos que t\u00fa y tu audiencia teng\u00e1is una experiencia incre\u00edble con nuestro mercado y estamos dispuestos a hacer todo lo posible para asegurarnos de que as\u00ed sea. Nuestros equipos de atenci\u00f3n al cliente no est\u00e1n externalizados; est\u00e1n ubicados en nuestras oficinas de BIW alrededor del mundo y son empleados de BIW.<\/p>\n\n\n\n<p>Hagamos sonre\u00edr a tus participantes en todo el mundo.<\/p>\n<\/div>\n\n\n\n<p class=\"has-xl-font-size\"><\/p>\n","protected":false},"excerpt":{"rendered":"<p>Servicio y log\u00edstica, gestionados. Estas son las recompensas de las que hablar\u00e1n durante a\u00f1os, y nosotros nos encargamos de todo para hacerlas realidad. Nuestros equipos de atenci\u00f3n al cliente no est\u00e1n subcontratados, est\u00e1n ubicados directamente en nuestras oficinas alrededor del mundo y son empleados nuestros. Nos aseguramos de que tu experiencia sea tan gratificante como [&hellip;]<\/p>\n","protected":false},"author":16,"featured_media":0,"parent":0,"menu_order":0,"comment_status":"closed","ping_status":"closed","template":"","meta":{"featured_image_focal_point":{"x":0.5,"y":0.5},"footnotes":""},"wf_page_folders":[36],"class_list":["post-311","page","type-page","status-publish","hentry"],"yoast_head":"<!-- This site is optimized with the Yoast SEO plugin v26.2 - https:\/\/yoast.com\/wordpress\/plugins\/seo\/ -->\n<title>Merchandise Marketplace\u00a0 - Latin America (Spanish)<\/title>\n<meta name=\"robots\" content=\"index, follow, max-snippet:-1, max-image-preview:large, max-video-preview:-1\" \/>\n<link rel=\"canonical\" href=\"https:\/\/www.biworldwide.com\/es-latam\/marketplace-de-mercancia\/\" \/>\n<meta property=\"og:locale\" content=\"es_ES\" \/>\n<meta property=\"og:type\" content=\"article\" \/>\n<meta property=\"og:title\" content=\"Merchandise Marketplace\u00a0 - Latin America (Spanish)\" \/>\n<meta property=\"og:description\" content=\"Servicio y log\u00edstica, gestionados. Estas son las recompensas de las que hablar\u00e1n durante a\u00f1os, y nosotros nos encargamos de todo para hacerlas realidad. Nuestros equipos de atenci\u00f3n al cliente no est\u00e1n subcontratados, est\u00e1n ubicados directamente en nuestras oficinas alrededor del mundo y son empleados nuestros. Nos aseguramos de que tu experiencia sea tan gratificante como [&hellip;]\" \/>\n<meta property=\"og:url\" content=\"https:\/\/www.biworldwide.com\/es-latam\/marketplace-de-mercancia\/\" \/>\n<meta property=\"og:site_name\" content=\"Latin America (Spanish)\" \/>\n<meta property=\"article:modified_time\" content=\"2025-04-01T23:55:58+00:00\" \/>\n<meta property=\"og:image\" content=\"http:\/\/live-biw-main.pantheonsite.io\/wp-content\/uploads\/2025\/02\/BIW_Site_Card_MarketMerch-1024x577.jpg\" \/>\n<meta name=\"twitter:card\" content=\"summary_large_image\" \/>\n<meta name=\"twitter:label1\" content=\"Est. reading time\" \/>\n\t<meta name=\"twitter:data1\" content=\"3 minutos\" \/>\n<script type=\"application\/ld+json\" class=\"yoast-schema-graph\">{\"@context\":\"https:\/\/schema.org\",\"@graph\":[{\"@type\":\"WebPage\",\"@id\":\"https:\/\/www.biworldwide.com\/es-latam\/marketplace-de-mercancia\/\",\"url\":\"https:\/\/www.biworldwide.com\/es-latam\/marketplace-de-mercancia\/\",\"name\":\"Merchandise Marketplace\u00a0 - Latin America (Spanish)\",\"isPartOf\":{\"@id\":\"https:\/\/www.biworldwide.com\/es-latam\/#website\"},\"primaryImageOfPage\":{\"@id\":\"https:\/\/www.biworldwide.com\/es-latam\/marketplace-de-mercancia\/#primaryimage\"},\"image\":{\"@id\":\"https:\/\/www.biworldwide.com\/es-latam\/marketplace-de-mercancia\/#primaryimage\"},\"thumbnailUrl\":\"http:\/\/live-biw-main.pantheonsite.io\/wp-content\/uploads\/2025\/02\/BIW_Site_Card_MarketMerch-1024x577.jpg\",\"datePublished\":\"2025-02-14T22:31:35+00:00\",\"dateModified\":\"2025-04-01T23:55:58+00:00\",\"breadcrumb\":{\"@id\":\"https:\/\/www.biworldwide.com\/es-latam\/marketplace-de-mercancia\/#breadcrumb\"},\"inLanguage\":\"es-CO\",\"potentialAction\":[{\"@type\":\"ReadAction\",\"target\":[\"https:\/\/www.biworldwide.com\/es-latam\/marketplace-de-mercancia\/\"]}]},{\"@type\":\"ImageObject\",\"inLanguage\":\"es-CO\",\"@id\":\"https:\/\/www.biworldwide.com\/es-latam\/marketplace-de-mercancia\/#primaryimage\",\"url\":\"http:\/\/live-biw-main.pantheonsite.io\/wp-content\/uploads\/2025\/02\/BIW_Site_Card_MarketMerch-1024x577.jpg\",\"contentUrl\":\"http:\/\/live-biw-main.pantheonsite.io\/wp-content\/uploads\/2025\/02\/BIW_Site_Card_MarketMerch-1024x577.jpg\"},{\"@type\":\"BreadcrumbList\",\"@id\":\"https:\/\/www.biworldwide.com\/es-latam\/marketplace-de-mercancia\/#breadcrumb\",\"itemListElement\":[{\"@type\":\"ListItem\",\"position\":1,\"name\":\"Home\",\"item\":\"https:\/\/www.biworldwide.com\/es-latam\/\"},{\"@type\":\"ListItem\",\"position\":2,\"name\":\"Merchandise Marketplace\u00a0\"}]},{\"@type\":\"WebSite\",\"@id\":\"https:\/\/www.biworldwide.com\/es-latam\/#website\",\"url\":\"https:\/\/www.biworldwide.com\/es-latam\/\",\"name\":\"Latin America (Spanish)\",\"description\":\"\",\"publisher\":{\"@id\":\"https:\/\/www.biworldwide.com\/es-latam\/#organization\"},\"potentialAction\":[{\"@type\":\"SearchAction\",\"target\":{\"@type\":\"EntryPoint\",\"urlTemplate\":\"https:\/\/www.biworldwide.com\/es-latam\/?s={search_term_string}\"},\"query-input\":{\"@type\":\"PropertyValueSpecification\",\"valueRequired\":true,\"valueName\":\"search_term_string\"}}],\"inLanguage\":\"es-CO\"},{\"@type\":\"Organization\",\"@id\":\"https:\/\/www.biworldwide.com\/es-latam\/#organization\",\"name\":\"Latin America (Spanish)\",\"url\":\"https:\/\/www.biworldwide.com\/es-latam\/\",\"logo\":{\"@type\":\"ImageObject\",\"inLanguage\":\"es-CO\",\"@id\":\"https:\/\/www.biworldwide.com\/es-latam\/#\/schema\/logo\/image\/\",\"url\":\"https:\/\/www.biworldwide.com\/es-latam\/wp-content\/uploads\/sites\/14\/2025\/02\/BIW_corp_lockup_rgb.png\",\"contentUrl\":\"https:\/\/www.biworldwide.com\/es-latam\/wp-content\/uploads\/sites\/14\/2025\/02\/BIW_corp_lockup_rgb.png\",\"width\":550,\"height\":400,\"caption\":\"Latin America (Spanish)\"},\"image\":{\"@id\":\"https:\/\/www.biworldwide.com\/es-latam\/#\/schema\/logo\/image\/\"}}]}<\/script>\n<!-- \/ Yoast SEO plugin. -->","yoast_head_json":{"title":"Merchandise Marketplace\u00a0 - Latin America (Spanish)","robots":{"index":"index","follow":"follow","max-snippet":"max-snippet:-1","max-image-preview":"max-image-preview:large","max-video-preview":"max-video-preview:-1"},"canonical":"https:\/\/www.biworldwide.com\/es-latam\/marketplace-de-mercancia\/","og_locale":"es_ES","og_type":"article","og_title":"Merchandise Marketplace\u00a0 - Latin America (Spanish)","og_description":"Servicio y log\u00edstica, gestionados. Estas son las recompensas de las que hablar\u00e1n durante a\u00f1os, y nosotros nos encargamos de todo para hacerlas realidad. Nuestros equipos de atenci\u00f3n al cliente no est\u00e1n subcontratados, est\u00e1n ubicados directamente en nuestras oficinas alrededor del mundo y son empleados nuestros. Nos aseguramos de que tu experiencia sea tan gratificante como [&hellip;]","og_url":"https:\/\/www.biworldwide.com\/es-latam\/marketplace-de-mercancia\/","og_site_name":"Latin America (Spanish)","article_modified_time":"2025-04-01T23:55:58+00:00","og_image":[{"url":"http:\/\/live-biw-main.pantheonsite.io\/wp-content\/uploads\/2025\/02\/BIW_Site_Card_MarketMerch-1024x577.jpg","type":"","width":"","height":""}],"twitter_card":"summary_large_image","twitter_misc":{"Est. reading time":"3 minutos"},"schema":{"@context":"https:\/\/schema.org","@graph":[{"@type":"WebPage","@id":"https:\/\/www.biworldwide.com\/es-latam\/marketplace-de-mercancia\/","url":"https:\/\/www.biworldwide.com\/es-latam\/marketplace-de-mercancia\/","name":"Merchandise Marketplace\u00a0 - Latin America (Spanish)","isPartOf":{"@id":"https:\/\/www.biworldwide.com\/es-latam\/#website"},"primaryImageOfPage":{"@id":"https:\/\/www.biworldwide.com\/es-latam\/marketplace-de-mercancia\/#primaryimage"},"image":{"@id":"https:\/\/www.biworldwide.com\/es-latam\/marketplace-de-mercancia\/#primaryimage"},"thumbnailUrl":"http:\/\/live-biw-main.pantheonsite.io\/wp-content\/uploads\/2025\/02\/BIW_Site_Card_MarketMerch-1024x577.jpg","datePublished":"2025-02-14T22:31:35+00:00","dateModified":"2025-04-01T23:55:58+00:00","breadcrumb":{"@id":"https:\/\/www.biworldwide.com\/es-latam\/marketplace-de-mercancia\/#breadcrumb"},"inLanguage":"es-CO","potentialAction":[{"@type":"ReadAction","target":["https:\/\/www.biworldwide.com\/es-latam\/marketplace-de-mercancia\/"]}]},{"@type":"ImageObject","inLanguage":"es-CO","@id":"https:\/\/www.biworldwide.com\/es-latam\/marketplace-de-mercancia\/#primaryimage","url":"http:\/\/live-biw-main.pantheonsite.io\/wp-content\/uploads\/2025\/02\/BIW_Site_Card_MarketMerch-1024x577.jpg","contentUrl":"http:\/\/live-biw-main.pantheonsite.io\/wp-content\/uploads\/2025\/02\/BIW_Site_Card_MarketMerch-1024x577.jpg"},{"@type":"BreadcrumbList","@id":"https:\/\/www.biworldwide.com\/es-latam\/marketplace-de-mercancia\/#breadcrumb","itemListElement":[{"@type":"ListItem","position":1,"name":"Home","item":"https:\/\/www.biworldwide.com\/es-latam\/"},{"@type":"ListItem","position":2,"name":"Merchandise Marketplace\u00a0"}]},{"@type":"WebSite","@id":"https:\/\/www.biworldwide.com\/es-latam\/#website","url":"https:\/\/www.biworldwide.com\/es-latam\/","name":"Latin America (Spanish)","description":"","publisher":{"@id":"https:\/\/www.biworldwide.com\/es-latam\/#organization"},"potentialAction":[{"@type":"SearchAction","target":{"@type":"EntryPoint","urlTemplate":"https:\/\/www.biworldwide.com\/es-latam\/?s={search_term_string}"},"query-input":{"@type":"PropertyValueSpecification","valueRequired":true,"valueName":"search_term_string"}}],"inLanguage":"es-CO"},{"@type":"Organization","@id":"https:\/\/www.biworldwide.com\/es-latam\/#organization","name":"Latin America (Spanish)","url":"https:\/\/www.biworldwide.com\/es-latam\/","logo":{"@type":"ImageObject","inLanguage":"es-CO","@id":"https:\/\/www.biworldwide.com\/es-latam\/#\/schema\/logo\/image\/","url":"https:\/\/www.biworldwide.com\/es-latam\/wp-content\/uploads\/sites\/14\/2025\/02\/BIW_corp_lockup_rgb.png","contentUrl":"https:\/\/www.biworldwide.com\/es-latam\/wp-content\/uploads\/sites\/14\/2025\/02\/BIW_corp_lockup_rgb.png","width":550,"height":400,"caption":"Latin America (Spanish)"},"image":{"@id":"https:\/\/www.biworldwide.com\/es-latam\/#\/schema\/logo\/image\/"}}]}},"_links":{"self":[{"href":"https:\/\/www.biworldwide.com\/es-latam\/wp-json\/wp\/v2\/pages\/311","targetHints":{"allow":["GET"]}}],"collection":[{"href":"https:\/\/www.biworldwide.com\/es-latam\/wp-json\/wp\/v2\/pages"}],"about":[{"href":"https:\/\/www.biworldwide.com\/es-latam\/wp-json\/wp\/v2\/types\/page"}],"author":[{"embeddable":true,"href":"https:\/\/www.biworldwide.com\/es-latam\/wp-json\/wp\/v2\/users\/16"}],"replies":[{"embeddable":true,"href":"https:\/\/www.biworldwide.com\/es-latam\/wp-json\/wp\/v2\/comments?post=311"}],"version-history":[{"count":5,"href":"https:\/\/www.biworldwide.com\/es-latam\/wp-json\/wp\/v2\/pages\/311\/revisions"}],"predecessor-version":[{"id":1132,"href":"https:\/\/www.biworldwide.com\/es-latam\/wp-json\/wp\/v2\/pages\/311\/revisions\/1132"}],"wp:attachment":[{"href":"https:\/\/www.biworldwide.com\/es-latam\/wp-json\/wp\/v2\/media?parent=311"}],"wp:term":[{"taxonomy":"wf_page_folders","embeddable":true,"href":"https:\/\/www.biworldwide.com\/es-latam\/wp-json\/wp\/v2\/wf_page_folders?post=311"}],"curies":[{"name":"wp","href":"https:\/\/api.w.org\/{rel}","templated":true}]}}