{"id":398,"date":"2025-03-09T21:58:39","date_gmt":"2025-03-10T03:58:39","guid":{"rendered":"https:\/\/www.biworldwide.com\/es-latam\/?page_id=398"},"modified":"2025-03-25T14:20:17","modified_gmt":"2025-03-25T20:20:17","slug":"daymaker","status":"publish","type":"page","link":"https:\/\/www.biworldwide.com\/es-latam\/daymaker\/","title":{"rendered":"DayMaker"},"content":{"rendered":"<div class=\" has-content-align-left has-overlay has-overlay--light alignfull wp-block-biw-block-theme-hero\">\n\t<div class=\"biw-hero__grid\">\n\t\t\t\t\t<div class=\"biw-hero__breadcrumbs\">\n\t\t\t\t<div id=\"breadcrumbs\" class=\"breadcrumb-nav__wrapper\"><span class=\"breadcrumb-nav\"><span><a href=\"https:\/\/www.biworldwide.com\/es-latam\/\">Home<\/a><\/span><\/span><\/div>\t\t\t<\/div>\n\t\t\n\t\t\t\t\t<div class=\"biw-hero__media \">\n\t\t\t\t\t\t\t\t\t<div class=\"biw-hero__overlay overlay-light\"><\/div>\n\t\t\t\t\t\t\t\t<img decoding=\"async\" src=\"http:\/\/live-biw-main.pantheonsite.io\/wp-content\/uploads\/2025\/02\/BIW_Site_Hero_DayMaker-scaled.jpg\" alt=\"A woman wearing a black beanie is blowing colorful confetti from her hands. The background is blurred, and the image has a layered design with geometric green shapes on the right side.\" class=\"biw-hero__bg-image\" style=\"object-position: 50% 50%;\">\t\t\t<\/div>\n\t\t\t\t<div class=\"biw-hero__content\">\n\t\t\t\t\t\t<h1 class=\"biw-hero__title\" style=\"line-height: 1.2\">\n\t\t\t\tDayMaker\t\t\t<\/h1>\n\t\t\t\t\t\t\t\t\t\t<div class=\"biw-hero__text\">\n\t\t\t\t\t\n\n<p>Atrae, motiva y ret\u00e9n a los mejores talentos reconociendo su trabajo, premiando sus logros y celebrando aniversarios con nuestro programa de reconocimiento para empleados.<br><a href=\"https:\/\/www.biworldwide.com\/employee-engagement\/employee-recognition-program\/#below-hero\"><\/a><\/p>\n\n\t\t\t\t<\/div>\n\t\t\t\t\t\t\t\t<\/div>\n\t<\/div>\n<\/div>\n\n\n\n<div class=\"wp-block-group  layout-columns-7 has-global-padding is-layout-constrained wp-container-core-group-is-layout-a133ec42 wp-block-group-is-layout-constrained\">\n<figure class=\"wp-block-embed is-type-video is-provider-vimeo wp-block-embed-vimeo wp-embed-aspect-16-9 wp-has-aspect-ratio\"><div class=\"wp-block-embed__wrapper\">\n<iframe loading=\"lazy\" title=\"DayMaker Employee Recognition System\" src=\"https:\/\/player.vimeo.com\/video\/254896249?dnt=1&amp;app_id=122963\" width=\"500\" height=\"281\" frameborder=\"0\" allow=\"autoplay; fullscreen; picture-in-picture; clipboard-write; encrypted-media\"><\/iframe>\n<\/div><\/figure>\n\n\n\n<div class=\"wp-block-group  layout-columns-8 has-global-padding is-layout-constrained wp-container-core-group-is-layout-fce79bf6 wp-block-group-is-layout-constrained\">\n<p class=\"has-xl-font-size\"><strong>Haz que cada momento cuente<\/strong><\/p>\n\n\n\n<p>El reconocimiento a los empleados no es un acto \u00fanico. No debe reservarse solo para ocasiones especiales. Si realmente deseas generar un impacto duradero, el reconocimiento debe usarse para reforzar momentos clave a lo largo de la relaci\u00f3n de un empleado con tu marca, desde el momento en que postula a un trabajo hasta cuando recomienda tu empresa como un gran lugar para trabajar.<\/p>\n\n\n\n<p><strong>DayMaker<\/strong> es nuestro sistema integral de reconocimiento para empleados, que ofrece tecnolog\u00eda de vanguardia y soporte inigualable.<\/p>\n\n\n\n<p>Utilizando los principios de la ciencia del comportamiento, DayMaker da vida a tu propuesta de valor para empleados a trav\u00e9s de un programa divertido, f\u00e1cil de usar y centrado en el empleado. Esto es lo que DayMaker tiene para ofrecer:<\/p>\n\n\n\n<ul class=\"wp-block-list\">\n<li class=\"has-large-font-size\"><strong>Reconocimiento basado en resultados<\/strong>: Usa el reconocimiento para alinear los esfuerzos de los empleados con los objetivos estrat\u00e9gicos de la empresa. <\/li>\n\n\n\n<li class=\"has-large-font-size\"><strong>PURL de reconocimiento<\/strong>: Celebra los aniversarios laborales de los empleados con una URL personalizada llena de comentarios, fotos y videos de compa\u00f1eros, familiares y amigos. <\/li>\n\n\n\n<li class=\"has-large-font-size\"><strong>Perfil Work HappierSM<\/strong>: Permite que los empleados comparen instant\u00e1neamente su felicidad en el trabajo con la de otros. <\/li>\n\n\n\n<li class=\"has-large-font-size\"><strong>Mi Dashboard<\/strong>: Obt\u00e9n una visi\u00f3n clara de las m\u00e9tricas de participaci\u00f3n en el reconocimiento, midiendo la participaci\u00f3n activa y no solo qui\u00e9n ha enviado m\u00e1s reconocimientos. <\/li>\n\n\n\n<li class=\"has-large-font-size\"><strong>Mec\u00e1nicas de juego<\/strong>: Incorpora puntos y medallas para reforzar el dar o recibir reconocimiento, celebrar hitos y cumplir objetivos de desempe\u00f1o predefinidos. <\/li>\n\n\n\n<li class=\"has-large-font-size\"><strong>Contenido micro-dirigido<\/strong>: Crea conciencia y mantiene el compromiso con empleados conectados y no conectados utilizando correos electr\u00f3nicos, mensajes de texto, recordatorios del programa y material impreso. <\/li>\n\n\n\n<li class=\"has-large-font-size\"><strong>Premios que les encantar\u00e1n<\/strong>: Ofrece una colecci\u00f3n de premios inspiradores, v\u00edvidos y culturalmente apropiados, con m\u00e1s de 3.7 millones de opciones de canje m\u00e1s deseadas a nivel mundial. <\/li>\n\n\n\n<li class=\"has-large-font-size\"><strong>Gesti\u00f3n de proyectos<\/strong>: Asegura una experiencia de incorporaci\u00f3n fluida, integraci\u00f3n lista para usar y servicio personalizado continuo en las \u00e1reas donde viven y trabajan tus empleados.<\/li>\n<\/ul>\n<\/div>\n\n\n\n<figure class=\"wp-block-embed is-type-video is-provider-vimeo wp-block-embed-vimeo wp-embed-aspect-16-9 wp-has-aspect-ratio\"><div class=\"wp-block-embed__wrapper\">\n<iframe loading=\"lazy\" title=\"RecognitionNOW from BIW\" src=\"https:\/\/player.vimeo.com\/video\/747734571?dnt=1&amp;app_id=122963\" width=\"500\" height=\"281\" frameborder=\"0\" allow=\"autoplay; fullscreen; picture-in-picture; clipboard-write; encrypted-media\"><\/iframe>\n<\/div><\/figure>\n<\/div>\n","protected":false},"excerpt":{"rendered":"<p>Haz que cada momento cuente El reconocimiento a los empleados no es un acto \u00fanico. No debe reservarse solo para ocasiones especiales. Si realmente deseas generar un impacto duradero, el reconocimiento debe usarse para reforzar momentos clave a lo largo de la relaci\u00f3n de un empleado con tu marca, desde el momento en que postula [&hellip;]<\/p>\n","protected":false},"author":16,"featured_media":0,"parent":0,"menu_order":0,"comment_status":"closed","ping_status":"closed","template":"","meta":{"featured_image_focal_point":{"x":0.5,"y":0.5},"footnotes":""},"wf_page_folders":[16],"class_list":["post-398","page","type-page","status-publish","hentry"],"yoast_head":"<!-- This site is optimized with the Yoast SEO plugin v26.2 - https:\/\/yoast.com\/wordpress\/plugins\/seo\/ -->\n<title>DayMaker - Latin America (Spanish)<\/title>\n<meta name=\"robots\" content=\"index, follow, max-snippet:-1, max-image-preview:large, max-video-preview:-1\" \/>\n<link rel=\"canonical\" href=\"https:\/\/www.biworldwide.com\/es-latam\/daymaker\/\" \/>\n<meta property=\"og:locale\" content=\"es_ES\" \/>\n<meta property=\"og:type\" content=\"article\" \/>\n<meta property=\"og:title\" content=\"DayMaker - Latin America (Spanish)\" \/>\n<meta property=\"og:description\" content=\"Haz que cada momento cuente El reconocimiento a los empleados no es un acto \u00fanico. No debe reservarse solo para ocasiones especiales. Si realmente deseas generar un impacto duradero, el reconocimiento debe usarse para reforzar momentos clave a lo largo de la relaci\u00f3n de un empleado con tu marca, desde el momento en que postula [&hellip;]\" \/>\n<meta property=\"og:url\" content=\"https:\/\/www.biworldwide.com\/es-latam\/daymaker\/\" \/>\n<meta property=\"og:site_name\" content=\"Latin America (Spanish)\" \/>\n<meta property=\"article:modified_time\" content=\"2025-03-25T20:20:17+00:00\" \/>\n<meta name=\"twitter:card\" content=\"summary_large_image\" \/>\n<meta name=\"twitter:label1\" content=\"Est. reading time\" \/>\n\t<meta name=\"twitter:data1\" content=\"2 minutos\" \/>\n<script type=\"application\/ld+json\" class=\"yoast-schema-graph\">{\"@context\":\"https:\/\/schema.org\",\"@graph\":[{\"@type\":\"WebPage\",\"@id\":\"https:\/\/www.biworldwide.com\/es-latam\/daymaker\/\",\"url\":\"https:\/\/www.biworldwide.com\/es-latam\/daymaker\/\",\"name\":\"DayMaker - Latin America (Spanish)\",\"isPartOf\":{\"@id\":\"https:\/\/www.biworldwide.com\/es-latam\/#website\"},\"datePublished\":\"2025-03-10T03:58:39+00:00\",\"dateModified\":\"2025-03-25T20:20:17+00:00\",\"breadcrumb\":{\"@id\":\"https:\/\/www.biworldwide.com\/es-latam\/daymaker\/#breadcrumb\"},\"inLanguage\":\"es-CO\",\"potentialAction\":[{\"@type\":\"ReadAction\",\"target\":[\"https:\/\/www.biworldwide.com\/es-latam\/daymaker\/\"]}]},{\"@type\":\"BreadcrumbList\",\"@id\":\"https:\/\/www.biworldwide.com\/es-latam\/daymaker\/#breadcrumb\",\"itemListElement\":[{\"@type\":\"ListItem\",\"position\":1,\"name\":\"Home\",\"item\":\"https:\/\/www.biworldwide.com\/es-latam\/\"},{\"@type\":\"ListItem\",\"position\":2,\"name\":\"DayMaker\"}]},{\"@type\":\"WebSite\",\"@id\":\"https:\/\/www.biworldwide.com\/es-latam\/#website\",\"url\":\"https:\/\/www.biworldwide.com\/es-latam\/\",\"name\":\"Latin America (Spanish)\",\"description\":\"\",\"publisher\":{\"@id\":\"https:\/\/www.biworldwide.com\/es-latam\/#organization\"},\"potentialAction\":[{\"@type\":\"SearchAction\",\"target\":{\"@type\":\"EntryPoint\",\"urlTemplate\":\"https:\/\/www.biworldwide.com\/es-latam\/?s={search_term_string}\"},\"query-input\":{\"@type\":\"PropertyValueSpecification\",\"valueRequired\":true,\"valueName\":\"search_term_string\"}}],\"inLanguage\":\"es-CO\"},{\"@type\":\"Organization\",\"@id\":\"https:\/\/www.biworldwide.com\/es-latam\/#organization\",\"name\":\"Latin America (Spanish)\",\"url\":\"https:\/\/www.biworldwide.com\/es-latam\/\",\"logo\":{\"@type\":\"ImageObject\",\"inLanguage\":\"es-CO\",\"@id\":\"https:\/\/www.biworldwide.com\/es-latam\/#\/schema\/logo\/image\/\",\"url\":\"https:\/\/www.biworldwide.com\/es-latam\/wp-content\/uploads\/sites\/14\/2025\/02\/BIW_corp_lockup_rgb.png\",\"contentUrl\":\"https:\/\/www.biworldwide.com\/es-latam\/wp-content\/uploads\/sites\/14\/2025\/02\/BIW_corp_lockup_rgb.png\",\"width\":550,\"height\":400,\"caption\":\"Latin America (Spanish)\"},\"image\":{\"@id\":\"https:\/\/www.biworldwide.com\/es-latam\/#\/schema\/logo\/image\/\"}}]}<\/script>\n<!-- \/ Yoast SEO plugin. -->","yoast_head_json":{"title":"DayMaker - Latin America (Spanish)","robots":{"index":"index","follow":"follow","max-snippet":"max-snippet:-1","max-image-preview":"max-image-preview:large","max-video-preview":"max-video-preview:-1"},"canonical":"https:\/\/www.biworldwide.com\/es-latam\/daymaker\/","og_locale":"es_ES","og_type":"article","og_title":"DayMaker - Latin America (Spanish)","og_description":"Haz que cada momento cuente El reconocimiento a los empleados no es un acto \u00fanico. No debe reservarse solo para ocasiones especiales. Si realmente deseas generar un impacto duradero, el reconocimiento debe usarse para reforzar momentos clave a lo largo de la relaci\u00f3n de un empleado con tu marca, desde el momento en que postula [&hellip;]","og_url":"https:\/\/www.biworldwide.com\/es-latam\/daymaker\/","og_site_name":"Latin America (Spanish)","article_modified_time":"2025-03-25T20:20:17+00:00","twitter_card":"summary_large_image","twitter_misc":{"Est. reading time":"2 minutos"},"schema":{"@context":"https:\/\/schema.org","@graph":[{"@type":"WebPage","@id":"https:\/\/www.biworldwide.com\/es-latam\/daymaker\/","url":"https:\/\/www.biworldwide.com\/es-latam\/daymaker\/","name":"DayMaker - Latin America (Spanish)","isPartOf":{"@id":"https:\/\/www.biworldwide.com\/es-latam\/#website"},"datePublished":"2025-03-10T03:58:39+00:00","dateModified":"2025-03-25T20:20:17+00:00","breadcrumb":{"@id":"https:\/\/www.biworldwide.com\/es-latam\/daymaker\/#breadcrumb"},"inLanguage":"es-CO","potentialAction":[{"@type":"ReadAction","target":["https:\/\/www.biworldwide.com\/es-latam\/daymaker\/"]}]},{"@type":"BreadcrumbList","@id":"https:\/\/www.biworldwide.com\/es-latam\/daymaker\/#breadcrumb","itemListElement":[{"@type":"ListItem","position":1,"name":"Home","item":"https:\/\/www.biworldwide.com\/es-latam\/"},{"@type":"ListItem","position":2,"name":"DayMaker"}]},{"@type":"WebSite","@id":"https:\/\/www.biworldwide.com\/es-latam\/#website","url":"https:\/\/www.biworldwide.com\/es-latam\/","name":"Latin America (Spanish)","description":"","publisher":{"@id":"https:\/\/www.biworldwide.com\/es-latam\/#organization"},"potentialAction":[{"@type":"SearchAction","target":{"@type":"EntryPoint","urlTemplate":"https:\/\/www.biworldwide.com\/es-latam\/?s={search_term_string}"},"query-input":{"@type":"PropertyValueSpecification","valueRequired":true,"valueName":"search_term_string"}}],"inLanguage":"es-CO"},{"@type":"Organization","@id":"https:\/\/www.biworldwide.com\/es-latam\/#organization","name":"Latin America (Spanish)","url":"https:\/\/www.biworldwide.com\/es-latam\/","logo":{"@type":"ImageObject","inLanguage":"es-CO","@id":"https:\/\/www.biworldwide.com\/es-latam\/#\/schema\/logo\/image\/","url":"https:\/\/www.biworldwide.com\/es-latam\/wp-content\/uploads\/sites\/14\/2025\/02\/BIW_corp_lockup_rgb.png","contentUrl":"https:\/\/www.biworldwide.com\/es-latam\/wp-content\/uploads\/sites\/14\/2025\/02\/BIW_corp_lockup_rgb.png","width":550,"height":400,"caption":"Latin America (Spanish)"},"image":{"@id":"https:\/\/www.biworldwide.com\/es-latam\/#\/schema\/logo\/image\/"}}]}},"_links":{"self":[{"href":"https:\/\/www.biworldwide.com\/es-latam\/wp-json\/wp\/v2\/pages\/398","targetHints":{"allow":["GET"]}}],"collection":[{"href":"https:\/\/www.biworldwide.com\/es-latam\/wp-json\/wp\/v2\/pages"}],"about":[{"href":"https:\/\/www.biworldwide.com\/es-latam\/wp-json\/wp\/v2\/types\/page"}],"author":[{"embeddable":true,"href":"https:\/\/www.biworldwide.com\/es-latam\/wp-json\/wp\/v2\/users\/16"}],"replies":[{"embeddable":true,"href":"https:\/\/www.biworldwide.com\/es-latam\/wp-json\/wp\/v2\/comments?post=398"}],"version-history":[{"count":5,"href":"https:\/\/www.biworldwide.com\/es-latam\/wp-json\/wp\/v2\/pages\/398\/revisions"}],"predecessor-version":[{"id":1190,"href":"https:\/\/www.biworldwide.com\/es-latam\/wp-json\/wp\/v2\/pages\/398\/revisions\/1190"}],"wp:attachment":[{"href":"https:\/\/www.biworldwide.com\/es-latam\/wp-json\/wp\/v2\/media?parent=398"}],"wp:term":[{"taxonomy":"wf_page_folders","embeddable":true,"href":"https:\/\/www.biworldwide.com\/es-latam\/wp-json\/wp\/v2\/wf_page_folders?post=398"}],"curies":[{"name":"wp","href":"https:\/\/api.w.org\/{rel}","templated":true}]}}