{"id":401,"date":"2025-03-09T21:59:08","date_gmt":"2025-03-10T03:59:08","guid":{"rendered":"https:\/\/www.biworldwide.com\/es-latam\/?page_id=401"},"modified":"2025-03-18T00:00:16","modified_gmt":"2025-03-18T06:00:16","slug":"game-arcade","status":"publish","type":"page","link":"https:\/\/www.biworldwide.com\/es-latam\/game-arcade\/","title":{"rendered":"Game Arcade"},"content":{"rendered":"<div class=\" has-content-align-left has-overlay has-overlay--dark alignfull wp-block-biw-block-theme-hero\">\n\t<div class=\"biw-hero__grid\">\n\t\t\t\t\t<div class=\"biw-hero__breadcrumbs\">\n\t\t\t\t<div id=\"breadcrumbs\" class=\"breadcrumb-nav__wrapper\"><span class=\"breadcrumb-nav\"><span><a href=\"https:\/\/www.biworldwide.com\/es-latam\/\">Home<\/a><\/span><\/span><\/div>\t\t\t<\/div>\n\t\t\n\t\t\t\t\t<div class=\"biw-hero__media \">\n\t\t\t\t\t\t\t\t\t<div class=\"biw-hero__overlay overlay-dark\"><\/div>\n\t\t\t\t\t\t\t\t<img decoding=\"async\" src=\"http:\/\/live-biw-main.pantheonsite.io\/wp-content\/uploads\/2025\/03\/game-arcade-hero.png\" alt=\"Illustration of a purple hand holding a white gaming controller against a blue and purple gradient background. Triangular, circular, cross, and square symbols are scattered around.\" class=\"biw-hero__bg-image\" style=\"object-position: 50% 50%;\">\t\t\t<\/div>\n\t\t\t\t<div class=\"biw-hero__content\">\n\t\t\t\t\t\t<h1 class=\"biw-hero__title\" style=\"line-height: 1.2\">\n\t\t\t\tGame Arcade\t\t\t<\/h1>\n\t\t\t\t\t\t\t\t\t\t<div class=\"biw-hero__text\">\n\t\t\t\t\t\n\n<p>Ya sea que busques reforzar comportamientos que impulsen tu negocio o reconocer logros espec\u00edficos de metas, <strong>Game Arcade<\/strong> es una forma simple y divertida de premiar el rendimiento sobresaliente de tus equipos de ventas.<br><br><a href=\"https:\/\/www.biworldwide.com\/sales-team-motivation\/game-arcade\/#below-hero\"><\/a><\/p>\n\n\t\t\t\t<\/div>\n\t\t\t\t\t\t\t\t<\/div>\n\t<\/div>\n<\/div>\n\n\n\n<div class=\"wp-block-group alignfull  layout-columns-7 has-global-padding is-layout-constrained wp-container-core-group-is-layout-a133ec42 wp-block-group-is-layout-constrained\">\n<div class=\"wp-block-group  layout-columns-7 has-global-padding is-layout-constrained wp-container-core-group-is-layout-a133ec42 wp-block-group-is-layout-constrained\">\n<h2 class=\"wp-block-heading\">Los juegos est\u00e1n en todas partes.<\/h2>\n\n\n\n<p>Los juegos y la cultura del gaming se han convertido oficialmente en algo mainstream. \u00bfPor qu\u00e9 deber\u00eda importarte esto? Porque puedes usar la popularidad de los juegos para elevar el rendimiento empresarial y proporcionar una motivaci\u00f3n seria (y muy divertida) para tu equipo de ventas.<\/p>\n\n\n\n<p>A nivel social puro, los juegos son populares porque son divertidos. Pero hay m\u00e1s que eso. Los juegos tienen la capacidad de sorprender y deleitar, lo que nos impulsa a querer m\u00e1s. Estimulan la parte de nuestro cerebro que adora una peque\u00f1a dosis de dopamina (esa hormona que nos hace sentir bien) y no podemos tener suficiente.<\/p>\n\n\n\n<p>La naturaleza inesperada de un buen juego significa que quiz\u00e1s no sabes cu\u00e1nto podr\u00edas ganar, ya que la cantidad (o la escala) de la recompensa cambia de manera aleatoria de juego a juego. Este formato est\u00e1 dise\u00f1ado para mantenerte jugando, porque siempre existe la posibilidad de que la <strong>pr\u00f3xima vez<\/strong> puedas obtener el <strong>gran premio<\/strong>.<\/p>\n\n\n\n<p>Esta t\u00e9cnica de juego se conoce como <strong>Refuerzo de Ratio Variable<\/strong>, y es lo que te mantiene volviendo por \u201csolo un juego m\u00e1s\u201d\u2026 y luego otro\u2026 y otro. Ese efecto podr\u00eda ser un poco problem\u00e1tico si te mantiene jugando hasta las 3 a.m., pero tambi\u00e9n puede aprovecharse para generar <strong>acciones positivas<\/strong>.<br><\/p>\n\n\n\n<figure class=\"wp-block-embed is-type-video is-provider-vimeo wp-block-embed-vimeo wp-embed-aspect-16-9 wp-has-aspect-ratio\"><div class=\"wp-block-embed__wrapper\">\n<iframe loading=\"lazy\" title=\"Game Arcade by BI WORLDWIDE\" src=\"https:\/\/player.vimeo.com\/video\/591591116?dnt=1&amp;app_id=122963\" width=\"500\" height=\"281\" frameborder=\"0\" allow=\"autoplay; fullscreen; picture-in-picture; clipboard-write; encrypted-media\"><\/iframe>\n<\/div><\/figure>\n\n\n\n<p class=\"has-xl-font-size\"><strong>Con Game Arcade, todos ganan. Literalmente.<\/strong><\/p>\n\n\n\n<p><strong>Game Arcade<\/strong> presenta diez opciones de juegos diferentes, cada una con su propia experiencia vibrante y duradera. Los juegos pueden ofrecerse de forma individual como &#8220;juegos instant\u00e1neos&#8221; o incluir todo el arcade para que los jugadores seleccionen el juego de su preferencia. Sea cual sea el enfoque que elijas, <strong>Game Arcade<\/strong> ofrece un m\u00e9todo no basado en habilidades para premiar el rendimiento sobresaliente de tu equipo de ventas.<\/p>\n<\/div>\n\n\n\n<div class=\"wp-block-group alignfull has-global-padding is-layout-constrained wp-container-core-group-is-layout-97ab3c77 wp-block-group-is-layout-constrained\">\n<div class=\"wp-block-group has-text-align-center  layout-columns-8 has-global-padding is-layout-constrained wp-container-core-group-is-layout-ee362a79 wp-block-group-is-layout-constrained\">\n<h2 class=\"wp-block-heading has-text-align-center  has-text-wrap-pretty\">Juegos divertidos, r\u00e1pidos y f\u00e1ciles.<\/h2>\n\n\n\n<p class=\" has-text-wrap-balance\"><\/p>\n<\/div>\n\n\n\n<div class=\"wp-block-group  layout-columns-12 has-global-padding is-layout-constrained wp-container-core-group-is-layout-9e09659d wp-block-group-is-layout-constrained\">\n<div class=\"wp-block-group is-layout-grid wp-container-core-group-is-layout-c765d3c1 wp-block-group-is-layout-grid\"><div class=\" has-dynamic-border-radius has-image-size-cover has-image-radius-none is-style-default wp-block-biw-block-theme-biw-card\">\n\t\t\t<figure class=\"biw-card__image-wrapper \">\n\t\t\t<img decoding=\"async\" src=\"http:\/\/live-biw-main.pantheonsite.io\/wp-content\/uploads\/2025\/03\/Fortune-Wheel-BIW-Game-Arcade.png\" alt=\"A close-up of a smartphone screen displaying a colorful wheel with different numbers and the text Fortune Wheel above a blue Spin button. The image suggests an online spinning wheel game.\" class=\"biw-card__image\" style=\"object-position: 50% 50%;\">\t\t<\/figure>\n\t\t<div class=\"biw-card__content\">\n\t\t<h3 class=\"biw-card__title\">\n\t\t\t\t\t\t\tFortune Wheel\t\t\t\t\t<\/h3>\n\t\t<div class=\"biw-card__text\">\n\n<p>\u00a1Gira que gira, y sigue girando! \u00a1D\u00f3nde se detendr\u00e1, nadie lo sabe! Solo gira la rueda y un gran premio te espera.<\/p>\n\n<\/div>\n\t<\/div>\n\t<\/div>\n\n<div class=\" has-dynamic-border-radius has-image-size-cover has-image-radius-none is-style-default wp-block-biw-block-theme-biw-card\">\n\t\t\t<figure class=\"biw-card__image-wrapper \">\n\t\t\t<img decoding=\"async\" src=\"http:\/\/live-biw-main.pantheonsite.io\/wp-content\/uploads\/2025\/03\/Plinqo-BIW-Game-Arcade.png\" alt=\"A smartphone displays a game resembling a digital version of Plinko with glowing blue lights. The background shows a blurred image of bright stadium-style lights.\" class=\"biw-card__image\" style=\"object-position: 50% 50%;\">\t\t<\/figure>\n\t\t<div class=\"biw-card__content\">\n\t\t<h3 class=\"biw-card__title\">\n\t\t\t\t\t\t\tPlinqo\t\t\t\t\t<\/h3>\n\t\t<div class=\"biw-card__text\">\n\n<p>\u00a1Prep\u00e1rate para entrar a la Zona de Ca\u00eddas! Elige una letra, cualquier letra. \u00a1Bueno, siempre que sea P, L, I, N, Q o O!<\/p>\n\n<\/div>\n\t<\/div>\n\t<\/div>\n\n<div class=\" has-dynamic-border-radius has-image-size-cover has-image-radius-none is-style-default wp-block-biw-block-theme-biw-card\">\n\t\t\t<figure class=\"biw-card__image-wrapper \">\n\t\t\t<img decoding=\"async\" src=\"http:\/\/live-biw-main.pantheonsite.io\/wp-content\/uploads\/2025\/03\/Mini-Golf-BIW-Game-Arcade.png\" alt=\"A smartphone screen displaying a golf game app is shown in front of a browser window. The game includes a green, a red flag, three target points with distances, and a hole. The background suggests a golf course with trees and a small pond.\" class=\"biw-card__image\" style=\"object-position: 50% 50%;\">\t\t<\/figure>\n\t\t<div class=\"biw-card__content\">\n\t\t<h3 class=\"biw-card__title\">\n\t\t\t\t\t\t\tMini Golf\t\t\t\t\t<\/h3>\n\t\t<div class=\"biw-card__text\">\n\n<p>\u00a1Juega por la gloria! \u00a1Patea por puntos! Ve la pelota. S\u00e9 la pelota. Patea la pelota. \u00a1Est\u00e1 en el hoyo!<\/p>\n\n<\/div>\n\t<\/div>\n\t<\/div>\n\n<div class=\" has-dynamic-border-radius has-image-size-cover has-image-radius-none is-style-default wp-block-biw-block-theme-biw-card\">\n\t\t\t<figure class=\"biw-card__image-wrapper \">\n\t\t\t<img decoding=\"async\" src=\"http:\/\/live-biw-main.pantheonsite.io\/wp-content\/uploads\/2025\/03\/Try-your-luck-BIW-Game-Arcade.png\" alt=\"A smartphone screen displaying a colorful hexagon grid game with values like 150 and 100. The words Try Your Luck are visible at the top with a purple and pink backdrop. A browser window in the background shows the same image.\" class=\"biw-card__image\" style=\"object-position: 50% 50%;\">\t\t<\/figure>\n\t\t<div class=\"biw-card__content\">\n\t\t<h3 class=\"biw-card__title\">\n\t\t\t\t\t\t\tTry Your Luck\t\t\t\t\t<\/h3>\n\t\t<div class=\"biw-card__text\">\n\n<p>La suerte est\u00e1 a solo un clic de distancia. \u00a1Haz clic en INICIAR cuando te sientas listo! \u00a1Haz clic en PARAR cuando te sientas con suerte!<\/p>\n\n<\/div>\n\t<\/div>\n\t<\/div>\n\n<div class=\" has-dynamic-border-radius has-image-size-cover has-image-radius-none is-style-default wp-block-biw-block-theme-biw-card\">\n\t\t\t<figure class=\"biw-card__image-wrapper \">\n\t\t\t<img decoding=\"async\" src=\"http:\/\/live-biw-main.pantheonsite.io\/wp-content\/uploads\/2025\/03\/Martian-Match-BIW-Game-Arcade.png\" alt=\"A smartphone screen displays a colorful space-themed puzzle game with rows of colorful orbs. The game screen is set against a backdrop of a cosmic landscape with planets and rocky terrain.\" class=\"biw-card__image\" style=\"object-position: 50% 50%;\">\t\t<\/figure>\n\t\t<div class=\"biw-card__content\">\n\t\t<h3 class=\"biw-card__title\">\n\t\t\t\t\t\t\tMartian Match\t\t\t\t\t<\/h3>\n\t\t<div class=\"biw-card__text\">\n\n<p>\u00a1El juego de emparejar que est\u00e1 fuera de este mundo! Mueve a tus marcianos para emparejar al menos tres en fila o columna.<\/p>\n\n<\/div>\n\t<\/div>\n\t<\/div>\n\n<div class=\" has-dynamic-border-radius has-image-size-cover has-image-radius-none is-style-default wp-block-biw-block-theme-biw-card\">\n\t\t\t<figure class=\"biw-card__image-wrapper \">\n\t\t\t<img decoding=\"async\" src=\"http:\/\/live-biw-main.pantheonsite.io\/wp-content\/uploads\/2025\/03\/Batter-Up-BIW-Game-Aracade.png\" alt=\"Illustration of a baseball player in a blue helmet and white uniform with number 6, shown on a mobile phone screen. The background features a stadium with bright lights and a Baseball logo at the top.\" class=\"biw-card__image\" style=\"object-position: 50% 50%;\">\t\t<\/figure>\n\t\t<div class=\"biw-card__content\">\n\t\t<h3 class=\"biw-card__title\">\n\t\t\t\t\t\t\tBatter Up\t\t\t\t\t<\/h3>\n\t\t<div class=\"biw-card__text\">\n\n<p>\u00a1Heyyyyy bateador, bateador! \u00a1Batea, bateador! \u00a1A darle a la bola! \u00a1Golp\u00e9ala fuera del campo y gana en grande!<\/p>\n\n<\/div>\n\t<\/div>\n\t<\/div>\n\n<div class=\" has-dynamic-border-radius has-image-size-cover has-image-radius-none is-style-default wp-block-biw-block-theme-biw-card\">\n\t\t\t<figure class=\"biw-card__image-wrapper \">\n\t\t\t<img decoding=\"async\" src=\"http:\/\/live-biw-main.pantheonsite.io\/wp-content\/uploads\/2025\/03\/Escape-Room-BIW-Game-Arcade.png\" alt=\"An iPhone screen displays an escape room game with three doors marked by symbols: a blue door with a key, a yellow door with a lock, and an orange door with a keyhole. The background features a starry sky and a browser view above.\" class=\"biw-card__image\" style=\"object-position: 50% 50%;\">\t\t<\/figure>\n\t\t<div class=\"biw-card__content\">\n\t\t<h3 class=\"biw-card__title\">\n\t\t\t\t\t\t\tEscape Room\t\t\t\t\t<\/h3>\n\t\t<div class=\"biw-card__text\">\n\n<p>Tres puertas. Tres opciones. \u00a1Haz clic en COMENZAR, mueve la llave a una de las tres puertas! \u00a1Tu premio aparecer\u00e1 cuando la puerta se abra!<\/p>\n\n<\/div>\n\t<\/div>\n\t<\/div>\n\n<div class=\" has-dynamic-border-radius has-image-size-cover has-image-radius-none is-style-default wp-block-biw-block-theme-biw-card\">\n\t\t\t<figure class=\"biw-card__image-wrapper \">\n\t\t\t<img decoding=\"async\" src=\"http:\/\/live-biw-main.pantheonsite.io\/wp-content\/uploads\/2025\/03\/Spin-and-win-BIW-Game-Arcade.png\" alt=\"A smartphone screen displays a Spin &amp; Win slot machine game with symbols like bars, diamonds, cherries, and lemons. The background is gold with sparkles. The title is at the top, and there is a red spin button at the bottom.\" class=\"biw-card__image\" style=\"object-position: 50% 50%;\">\t\t<\/figure>\n\t\t<div class=\"biw-card__content\">\n\t\t<h3 class=\"biw-card__title\">\n\t\t\t\t\t\t\tSpin and Win\t\t\t\t\t<\/h3>\n\t\t<div class=\"biw-card__text\">\n\n<p>\u00a1Ponle un giro positivo a las cosas! \u00a1Haz girar los mismos tres s\u00edmbolos y ganar\u00e1s, ganar\u00e1s, ganar\u00e1s!<\/p>\n\n<\/div>\n\t<\/div>\n\t<\/div>\n\n<div class=\" has-dynamic-border-radius has-image-size-cover has-image-radius-none is-style-default wp-block-biw-block-theme-biw-card\">\n\t\t\t<figure class=\"biw-card__image-wrapper \">\n\t\t\t<img decoding=\"async\" src=\"http:\/\/live-biw-main.pantheonsite.io\/wp-content\/uploads\/2025\/03\/Jump-Ninja-BIW-Game-Arcade.png\" alt=\"A smartphone displaying a colorful jumping game called Jump Ninja. The game features a ninja character leaping between platforms in a scenic environment with mountains and cherry blossoms. The score displayed is 120. The browser shows the same game.\" class=\"biw-card__image\" style=\"object-position: 50% 50%;\">\t\t<\/figure>\n\t\t<div class=\"biw-card__content\">\n\t\t<h3 class=\"biw-card__title\">\n\t\t\t\t\t\t\tJump Ninja\t\t\t\t\t<\/h3>\n\t\t<div class=\"biw-card__text\">\n\n<p>\u00a1Mant\u00e9n la cabeza fuera del agua! \u00a1Permanece alto y seco mientras saltas de plataforma en plataforma para reclamar tu recompensa en la cima!<\/p>\n\n<\/div>\n\t<\/div>\n\t<\/div>\n\n<div class=\" has-dynamic-border-radius has-image-size-cover has-image-radius-none is-style-default wp-block-biw-block-theme-biw-card\">\n\t\t\t<figure class=\"biw-card__image-wrapper \">\n\t\t\t<img decoding=\"async\" src=\"http:\/\/live-biw-main.pantheonsite.io\/wp-content\/uploads\/2025\/03\/Lucky-Catch-BIW-Game-Arcade.png\" alt=\"Digital illustration of a mobile game interface showing a fishing boat on a colorful ocean. Sharks with point values swim below as a lighthouse stands in the background. The game screen is displayed on a smartphone, overlapping a desktop version.\" class=\"biw-card__image\" style=\"object-position: 50% 50%;\">\t\t<\/figure>\n\t\t<div class=\"biw-card__content\">\n\t\t<h3 class=\"biw-card__title\">\n\t\t\t\t\t\t\tLucky Catch\t\t\t\t\t<\/h3>\n\t\t<div class=\"biw-card__text\">\n\n<p>\u00a1Qu\u00e9 gran captura! No dejes que este sea el que se te escap\u00f3. \u00a1Engancha el gran pez y recoge tu recompensa!<\/p>\n\n<\/div>\n\t<\/div>\n\t<\/div>\n\n<div class=\" has-dynamic-border-radius has-image-size-cover has-image-radius-none is-style-default wp-block-biw-block-theme-biw-card\">\n\t\t\t<figure class=\"biw-card__image-wrapper \">\n\t\t\t<img decoding=\"async\" src=\"http:\/\/live-biw-main.pantheonsite.io\/wp-content\/uploads\/2025\/03\/cycling-biw-game-arcade.png\" alt=\"Illustration of cyclists racing with a smartphone in the foreground. The phone screen shows a progress bar labeled BOOST! with a lightning bolt icon and an arrow below it.\" class=\"biw-card__image\" style=\"object-position: 50% 50%;\">\t\t<\/figure>\n\t\t<div class=\"biw-card__content\">\n\t\t<h3 class=\"biw-card__title\">\n\t\t\t\t\t\t\tThe Sprint\t\t\t\t\t<\/h3>\n\t\t<div class=\"biw-card__text\">\n\n<p>Elige un pa\u00eds, \u00a1y luego deja que tu suerte te lleve hasta la victoria! \u00a1Pulsa IMPULSAR para un final imparable!<\/p>\n\n<\/div>\n\t<\/div>\n\t<\/div>\n\n<div class=\" has-dynamic-border-radius has-image-size-cover has-image-radius-none is-style-default wp-block-biw-block-theme-biw-card\">\n\t\t\t<figure class=\"biw-card__image-wrapper \">\n\t\t\t<img decoding=\"async\" src=\"http:\/\/live-biw-main.pantheonsite.io\/wp-content\/uploads\/2025\/03\/football-biw-game-arcade.png\" alt=\"A smartphone displays a digital football game, showing small players in orange and blue helmets on a field. Behind the phone, theres an illustration of a football player in orange and black gear. A web browser window is partially visible.\" class=\"biw-card__image\" style=\"object-position: 50% 50%;\">\t\t<\/figure>\n\t\t<div class=\"biw-card__content\">\n\t\t<h3 class=\"biw-card__title\">\n\t\t\t\t\t\t\tTouchdown All-Star\t\t\t\t\t<\/h3>\n\t\t<div class=\"biw-card__text\">\n\n<p>Selecciona tu ruta del manual de jugadas, \u00a1y ll\u00e9vala hasta el touchdown para recoger tu premio! (Solo disponible en modo horizontal cuando juegas en m\u00f3vil o tablet.)<\/p>\n\n<\/div>\n\t<\/div>\n\t<\/div><\/div>\n<\/div>\n<\/div>\n\n\n\n<p class=\"has-xl-font-size\"><strong>C\u00f3mo funciona <strong>Game Arcade<\/strong>:<\/strong><\/p>\n\n\n\n<ul class=\"wp-block-list\">\n<li class=\"has-large-font-size\">Los participantes pueden ganar jugadas de juego al realizar o completar las actividades deseadas.<\/li>\n\n\n\n<li>Ser\u00e1n notificados sobre las jugadas disponibles a trav\u00e9s de un correo electr\u00f3nico de Juego y un banner publicado en su sitio web del programa.<\/li>\n\n\n\n<li>Cada jugada tiene un ganador, y los niveles de premios est\u00e1n basados en una matriz de pagos predefinida del juego (para que no haya sorpresas en el presupuesto).<\/li>\n\n\n\n<li class=\"has-large-font-size\">Los participantes ganar\u00e1n puntos que pueden canjear por premios a trav\u00e9s de nuestro <strong>Mercado de Recompensas<\/strong>.<\/li>\n<\/ul>\n\n\n\n<p><\/p>\n<\/div>\n","protected":false},"excerpt":{"rendered":"<p>Los juegos est\u00e1n en todas partes. Los juegos y la cultura del gaming se han convertido oficialmente en algo mainstream. \u00bfPor qu\u00e9 deber\u00eda importarte esto? Porque puedes usar la popularidad de los juegos para elevar el rendimiento empresarial y proporcionar una motivaci\u00f3n seria (y muy divertida) para tu equipo de ventas. A nivel social puro, [&hellip;]<\/p>\n","protected":false},"author":16,"featured_media":0,"parent":0,"menu_order":0,"comment_status":"closed","ping_status":"closed","template":"","meta":{"featured_image_focal_point":{"x":0.5,"y":0.5},"footnotes":""},"wf_page_folders":[16],"class_list":["post-401","page","type-page","status-publish","hentry"],"yoast_head":"<!-- This site is optimized with the Yoast SEO plugin v26.2 - https:\/\/yoast.com\/wordpress\/plugins\/seo\/ -->\n<title>Game Arcade - Latin America (Spanish)<\/title>\n<meta name=\"robots\" content=\"index, follow, max-snippet:-1, max-image-preview:large, max-video-preview:-1\" \/>\n<link rel=\"canonical\" href=\"https:\/\/www.biworldwide.com\/es-latam\/game-arcade\/\" \/>\n<meta property=\"og:locale\" content=\"es_ES\" \/>\n<meta property=\"og:type\" content=\"article\" \/>\n<meta property=\"og:title\" content=\"Game Arcade - Latin America (Spanish)\" \/>\n<meta property=\"og:description\" content=\"Los juegos est\u00e1n en todas partes. Los juegos y la cultura del gaming se han convertido oficialmente en algo mainstream. \u00bfPor qu\u00e9 deber\u00eda importarte esto? Porque puedes usar la popularidad de los juegos para elevar el rendimiento empresarial y proporcionar una motivaci\u00f3n seria (y muy divertida) para tu equipo de ventas. A nivel social puro, [&hellip;]\" \/>\n<meta property=\"og:url\" content=\"https:\/\/www.biworldwide.com\/es-latam\/game-arcade\/\" \/>\n<meta property=\"og:site_name\" content=\"Latin America (Spanish)\" \/>\n<meta property=\"article:modified_time\" content=\"2025-03-18T06:00:16+00:00\" \/>\n<meta name=\"twitter:card\" content=\"summary_large_image\" \/>\n<meta name=\"twitter:label1\" content=\"Est. reading time\" \/>\n\t<meta name=\"twitter:data1\" content=\"4 minutos\" \/>\n<script type=\"application\/ld+json\" class=\"yoast-schema-graph\">{\"@context\":\"https:\/\/schema.org\",\"@graph\":[{\"@type\":\"WebPage\",\"@id\":\"https:\/\/www.biworldwide.com\/es-latam\/game-arcade\/\",\"url\":\"https:\/\/www.biworldwide.com\/es-latam\/game-arcade\/\",\"name\":\"Game Arcade - Latin America (Spanish)\",\"isPartOf\":{\"@id\":\"https:\/\/www.biworldwide.com\/es-latam\/#website\"},\"datePublished\":\"2025-03-10T03:59:08+00:00\",\"dateModified\":\"2025-03-18T06:00:16+00:00\",\"breadcrumb\":{\"@id\":\"https:\/\/www.biworldwide.com\/es-latam\/game-arcade\/#breadcrumb\"},\"inLanguage\":\"es-CO\",\"potentialAction\":[{\"@type\":\"ReadAction\",\"target\":[\"https:\/\/www.biworldwide.com\/es-latam\/game-arcade\/\"]}]},{\"@type\":\"BreadcrumbList\",\"@id\":\"https:\/\/www.biworldwide.com\/es-latam\/game-arcade\/#breadcrumb\",\"itemListElement\":[{\"@type\":\"ListItem\",\"position\":1,\"name\":\"Home\",\"item\":\"https:\/\/www.biworldwide.com\/es-latam\/\"},{\"@type\":\"ListItem\",\"position\":2,\"name\":\"Game Arcade\"}]},{\"@type\":\"WebSite\",\"@id\":\"https:\/\/www.biworldwide.com\/es-latam\/#website\",\"url\":\"https:\/\/www.biworldwide.com\/es-latam\/\",\"name\":\"Latin America (Spanish)\",\"description\":\"\",\"publisher\":{\"@id\":\"https:\/\/www.biworldwide.com\/es-latam\/#organization\"},\"potentialAction\":[{\"@type\":\"SearchAction\",\"target\":{\"@type\":\"EntryPoint\",\"urlTemplate\":\"https:\/\/www.biworldwide.com\/es-latam\/?s={search_term_string}\"},\"query-input\":{\"@type\":\"PropertyValueSpecification\",\"valueRequired\":true,\"valueName\":\"search_term_string\"}}],\"inLanguage\":\"es-CO\"},{\"@type\":\"Organization\",\"@id\":\"https:\/\/www.biworldwide.com\/es-latam\/#organization\",\"name\":\"Latin America (Spanish)\",\"url\":\"https:\/\/www.biworldwide.com\/es-latam\/\",\"logo\":{\"@type\":\"ImageObject\",\"inLanguage\":\"es-CO\",\"@id\":\"https:\/\/www.biworldwide.com\/es-latam\/#\/schema\/logo\/image\/\",\"url\":\"https:\/\/www.biworldwide.com\/es-latam\/wp-content\/uploads\/sites\/14\/2025\/02\/BIW_corp_lockup_rgb.png\",\"contentUrl\":\"https:\/\/www.biworldwide.com\/es-latam\/wp-content\/uploads\/sites\/14\/2025\/02\/BIW_corp_lockup_rgb.png\",\"width\":550,\"height\":400,\"caption\":\"Latin America (Spanish)\"},\"image\":{\"@id\":\"https:\/\/www.biworldwide.com\/es-latam\/#\/schema\/logo\/image\/\"}}]}<\/script>\n<!-- \/ Yoast SEO plugin. -->","yoast_head_json":{"title":"Game Arcade - Latin America (Spanish)","robots":{"index":"index","follow":"follow","max-snippet":"max-snippet:-1","max-image-preview":"max-image-preview:large","max-video-preview":"max-video-preview:-1"},"canonical":"https:\/\/www.biworldwide.com\/es-latam\/game-arcade\/","og_locale":"es_ES","og_type":"article","og_title":"Game Arcade - Latin America (Spanish)","og_description":"Los juegos est\u00e1n en todas partes. Los juegos y la cultura del gaming se han convertido oficialmente en algo mainstream. \u00bfPor qu\u00e9 deber\u00eda importarte esto? Porque puedes usar la popularidad de los juegos para elevar el rendimiento empresarial y proporcionar una motivaci\u00f3n seria (y muy divertida) para tu equipo de ventas. A nivel social puro, [&hellip;]","og_url":"https:\/\/www.biworldwide.com\/es-latam\/game-arcade\/","og_site_name":"Latin America (Spanish)","article_modified_time":"2025-03-18T06:00:16+00:00","twitter_card":"summary_large_image","twitter_misc":{"Est. reading time":"4 minutos"},"schema":{"@context":"https:\/\/schema.org","@graph":[{"@type":"WebPage","@id":"https:\/\/www.biworldwide.com\/es-latam\/game-arcade\/","url":"https:\/\/www.biworldwide.com\/es-latam\/game-arcade\/","name":"Game Arcade - Latin America (Spanish)","isPartOf":{"@id":"https:\/\/www.biworldwide.com\/es-latam\/#website"},"datePublished":"2025-03-10T03:59:08+00:00","dateModified":"2025-03-18T06:00:16+00:00","breadcrumb":{"@id":"https:\/\/www.biworldwide.com\/es-latam\/game-arcade\/#breadcrumb"},"inLanguage":"es-CO","potentialAction":[{"@type":"ReadAction","target":["https:\/\/www.biworldwide.com\/es-latam\/game-arcade\/"]}]},{"@type":"BreadcrumbList","@id":"https:\/\/www.biworldwide.com\/es-latam\/game-arcade\/#breadcrumb","itemListElement":[{"@type":"ListItem","position":1,"name":"Home","item":"https:\/\/www.biworldwide.com\/es-latam\/"},{"@type":"ListItem","position":2,"name":"Game Arcade"}]},{"@type":"WebSite","@id":"https:\/\/www.biworldwide.com\/es-latam\/#website","url":"https:\/\/www.biworldwide.com\/es-latam\/","name":"Latin America (Spanish)","description":"","publisher":{"@id":"https:\/\/www.biworldwide.com\/es-latam\/#organization"},"potentialAction":[{"@type":"SearchAction","target":{"@type":"EntryPoint","urlTemplate":"https:\/\/www.biworldwide.com\/es-latam\/?s={search_term_string}"},"query-input":{"@type":"PropertyValueSpecification","valueRequired":true,"valueName":"search_term_string"}}],"inLanguage":"es-CO"},{"@type":"Organization","@id":"https:\/\/www.biworldwide.com\/es-latam\/#organization","name":"Latin America (Spanish)","url":"https:\/\/www.biworldwide.com\/es-latam\/","logo":{"@type":"ImageObject","inLanguage":"es-CO","@id":"https:\/\/www.biworldwide.com\/es-latam\/#\/schema\/logo\/image\/","url":"https:\/\/www.biworldwide.com\/es-latam\/wp-content\/uploads\/sites\/14\/2025\/02\/BIW_corp_lockup_rgb.png","contentUrl":"https:\/\/www.biworldwide.com\/es-latam\/wp-content\/uploads\/sites\/14\/2025\/02\/BIW_corp_lockup_rgb.png","width":550,"height":400,"caption":"Latin America (Spanish)"},"image":{"@id":"https:\/\/www.biworldwide.com\/es-latam\/#\/schema\/logo\/image\/"}}]}},"_links":{"self":[{"href":"https:\/\/www.biworldwide.com\/es-latam\/wp-json\/wp\/v2\/pages\/401","targetHints":{"allow":["GET"]}}],"collection":[{"href":"https:\/\/www.biworldwide.com\/es-latam\/wp-json\/wp\/v2\/pages"}],"about":[{"href":"https:\/\/www.biworldwide.com\/es-latam\/wp-json\/wp\/v2\/types\/page"}],"author":[{"embeddable":true,"href":"https:\/\/www.biworldwide.com\/es-latam\/wp-json\/wp\/v2\/users\/16"}],"replies":[{"embeddable":true,"href":"https:\/\/www.biworldwide.com\/es-latam\/wp-json\/wp\/v2\/comments?post=401"}],"version-history":[{"count":3,"href":"https:\/\/www.biworldwide.com\/es-latam\/wp-json\/wp\/v2\/pages\/401\/revisions"}],"predecessor-version":[{"id":546,"href":"https:\/\/www.biworldwide.com\/es-latam\/wp-json\/wp\/v2\/pages\/401\/revisions\/546"}],"wp:attachment":[{"href":"https:\/\/www.biworldwide.com\/es-latam\/wp-json\/wp\/v2\/media?parent=401"}],"wp:term":[{"taxonomy":"wf_page_folders","embeddable":true,"href":"https:\/\/www.biworldwide.com\/es-latam\/wp-json\/wp\/v2\/wf_page_folders?post=401"}],"curies":[{"name":"wp","href":"https:\/\/api.w.org\/{rel}","templated":true}]}}