{"id":417,"date":"2025-03-10T13:49:00","date_gmt":"2025-03-10T19:49:00","guid":{"rendered":"https:\/\/www.biworldwide.com\/es-latam\/?page_id=417"},"modified":"2025-04-01T17:55:36","modified_gmt":"2025-04-01T23:55:36","slug":"marketplace-de-experiencias","status":"publish","type":"page","link":"https:\/\/www.biworldwide.com\/es-latam\/marketplace-de-experiencias\/","title":{"rendered":"Experiences Marketplace"},"content":{"rendered":"<div class=\" has-content-align-left has-overlay has-overlay--light alignfull wp-block-biw-block-theme-hero\">\n\t<div class=\"biw-hero__grid\">\n\t\t\n\t\t\t\t\t<div class=\"biw-hero__media \">\n\t\t\t\t\t\t\t\t\t<div class=\"biw-hero__overlay overlay-light\"><\/div>\n\t\t\t\t\t\t\t\t<img decoding=\"async\" src=\"http:\/\/live-biw-main.pantheonsite.io\/wp-content\/uploads\/2025\/02\/BIW_Site_Hero_MarketExp-1-scaled.jpg\" alt=\"A hiker with a backpack and poles stands on a rocky peak, overlooking a vast mountain landscape under a bright, cloudy sky. The foreground features green slopes and rugged terrain, with fluffy clouds at the bottom of the image.\" class=\"biw-hero__bg-image\" style=\"object-position: 50% 50%;\">\t\t\t<\/div>\n\t\t\t\t<div class=\"biw-hero__content\">\n\t\t\t\t\t\t<h1 class=\"biw-hero__title\" style=\"line-height: 1.2\">\n\t\t\t\tExperiences Marketplace\t\t\t<\/h1>\n\t\t\t\t\t\t\t<h2 class=\"biw-hero__subtitle\">\n\t\t\t\t\tLas mejores recompensas en la vida son las experiencias que compartimos.\t\t\t\t<\/h2>\n\t\t\t\t\t\t\t\t\t\t<div class=\"biw-hero__text\">\n\t\t\t\t\t\n\n<p>Con una amplia variedad de opciones de premios ultra-motivadores y ultra-personalizables para tus empleados, representantes de canal y clientes, tendr\u00e1n la oportunidad de crear recuerdos inolvidables, tanto en su ciudad como en sus viajes alrededor del mundo.<\/p>\n\n\t\t\t\t<\/div>\n\t\t\t\t\t\t\t\t<\/div>\n\t<\/div>\n<\/div>\n\n\n\n<div class=\"wp-block-group  layout-columns-7 has-global-padding is-layout-constrained wp-container-core-group-is-layout-a133ec42 wp-block-group-is-layout-constrained\">\n<h2 class=\"wp-block-heading\">Algo para todos.<\/h2>\n\n\n\n<p>Con m\u00e1s de 20 categor\u00edas diferentes de experiencias para elegir, los puntos se pueden canjear por cosas como pases para tours sin filas, cruceros con cena, excursiones de un d\u00eda, clases de cocina, boletos para el cine, entradas para visitas tur\u00edsticas, boletos para teatro o conciertos, escapadas de fin de semana y mucho m\u00e1s. En el <strong>Experiences Marketplace<\/strong> realmente hay algo para todos.<\/p>\n\n\n\n<p>Ofrecemos m\u00e1s de 140,000 opciones, tanto locales como internacionales, para que tu audiencia salga y viva algo nuevo. Crear\u00e1n recuerdos duraderos y regresar\u00e1n seriamente motivados.<br><\/p>\n\n\n\n<div class=\"wp-block-group alignfull has-global-padding is-layout-constrained wp-container-core-group-is-layout-97ab3c77 wp-block-group-is-layout-constrained\">\n<div class=\"wp-block-group has-text-align-center  layout-columns-8 has-global-padding is-layout-constrained wp-container-core-group-is-layout-ee362a79 wp-block-group-is-layout-constrained\">\n<h2 class=\"wp-block-heading has-text-align-center  has-text-wrap-pretty\">Experiencias<\/h2>\n\n\n\n<p class=\" has-text-wrap-balance\"><\/p>\n<\/div>\n\n\n\n<div class=\"wp-block-group  layout-columns-12 has-global-padding is-layout-constrained wp-container-core-group-is-layout-9e09659d wp-block-group-is-layout-constrained\">\n<div class=\"wp-block-group is-layout-grid wp-container-core-group-is-layout-c765d3c1 wp-block-group-is-layout-grid\">\n<div class=\"wp-block-group  has-dynamic-border-radius has-global-padding is-layout-constrained wp-block-group-is-layout-constrained\">\n<figure class=\"wp-block-image size-full\"><img decoding=\"async\" src=\"http:\/\/live-biw-main.pantheonsite.io\/wp-content\/uploads\/2025\/02\/BIW_Site_Card_Marketplaces-scaled.jpg\" alt=\"A woman in a yellow sweater wearing headphones writes in a notebook. Another woman in a teal shirt holds shopping bags and a phone. A man in a winter jacket and sunglasses looks upwards. The background is divided into white and colorful triangles.\" class=\"wp-image-3406\" style=\"aspect-ratio:16\/9;object-fit:cover\" \/><\/figure>\n<\/div>\n\n\n<div class=\" has-dynamic-border-radius has-image-size-cover has-image-radius-none is-style-default wp-block-biw-block-theme-biw-card\">\n\t\t\t<figure class=\"biw-card__image-wrapper \">\n\t\t\t<img decoding=\"async\" src=\"http:\/\/live-biw-main.pantheonsite.io\/wp-content\/uploads\/2025\/02\/experiences-icon-foodwine.svg\" alt=\"\" class=\"biw-card__image\" style=\"object-position: 50% 50%;\">\t\t<\/figure>\n\t\t<div class=\"biw-card__content\">\n\t\t<h3 class=\"biw-card__title\">\n\t\t\t\t\t\t\tComida, vino y vida nocturna\t\t\t\t\t<\/h3>\n\t\t<div class=\"biw-card__text\">\n\n<p><\/p>\n\n<\/div>\n\t<\/div>\n\t<\/div>\n\n<div class=\" has-dynamic-border-radius has-image-size-cover has-image-radius-none is-style-default wp-block-biw-block-theme-biw-card\">\n\t\t\t<figure class=\"biw-card__image-wrapper \">\n\t\t\t<img decoding=\"async\" src=\"http:\/\/live-biw-main.pantheonsite.io\/wp-content\/uploads\/2025\/02\/experiences-icon-outdoor.svg\" alt=\"\" class=\"biw-card__image\" style=\"object-position: 50% 50%;\">\t\t<\/figure>\n\t\t<div class=\"biw-card__content\">\n\t\t<h3 class=\"biw-card__title\">\n\t\t\t\t\t\t\tActividades al aire libre\t\t\t\t\t<\/h3>\n\t\t<div class=\"biw-card__text\">\n\n<p><\/p>\n\n<\/div>\n\t<\/div>\n\t<\/div>\n\n<div class=\" has-dynamic-border-radius has-image-size-cover has-image-radius-none is-style-default wp-block-biw-block-theme-biw-card\">\n\t\t\t<figure class=\"biw-card__image-wrapper \">\n\t\t\t<img decoding=\"async\" src=\"http:\/\/live-biw-main.pantheonsite.io\/wp-content\/uploads\/2025\/02\/experiences-icon-daytrips.svg\" alt=\"\" class=\"biw-card__image\" style=\"object-position: 50% 50%;\">\t\t<\/figure>\n\t\t<div class=\"biw-card__content\">\n\t\t<h3 class=\"biw-card__title\">\n\t\t\t\t\t\t\tExcursiones y viajes de un d\u00eda\t\t\t\t\t<\/h3>\n\t\t<div class=\"biw-card__text\">\n\n<p><\/p>\n\n<\/div>\n\t<\/div>\n\t<\/div>\n\n<div class=\" has-dynamic-border-radius has-image-size-cover has-image-radius-none is-style-default wp-block-biw-block-theme-biw-card\">\n\t\t\t<figure class=\"biw-card__image-wrapper \">\n\t\t\t<img decoding=\"async\" src=\"http:\/\/live-biw-main.pantheonsite.io\/wp-content\/uploads\/2025\/02\/experiences-icon-tours.svg\" alt=\"\" class=\"biw-card__image\" style=\"object-position: 50% 50%;\">\t\t<\/figure>\n\t\t<div class=\"biw-card__content\">\n\t\t<h3 class=\"biw-card__title\">\n\t\t\t\t\t\t\tTours y turismo\t\t\t\t\t<\/h3>\n\t\t<div class=\"biw-card__text\">\n\n<p><\/p>\n\n<\/div>\n\t<\/div>\n\t<\/div>\n\n\n<div class=\"wp-block-group  has-dynamic-border-radius has-global-padding is-layout-constrained wp-block-group-is-layout-constrained\">\n<figure class=\"wp-block-image size-full\"><img decoding=\"async\" src=\"http:\/\/live-biw-main.pantheonsite.io\/wp-content\/uploads\/2025\/02\/BIW_Site_Card_MarketExp-scaled.jpg\" alt=\"A person paddles a blue kayak on a calm lake, surrounded by mountains under a clear blue sky. The tip of a red kayak is visible in the foreground, enhancing the perspective of the serene natural setting.\" class=\"wp-image-3584\" style=\"aspect-ratio:16\/9;object-fit:cover\" \/><\/figure>\n<\/div>\n\n\n<div class=\" has-dynamic-border-radius has-image-size-cover has-image-radius-none is-style-default wp-block-biw-block-theme-biw-card\">\n\t\t\t<figure class=\"biw-card__image-wrapper \">\n\t\t\t<img decoding=\"async\" src=\"http:\/\/live-biw-main.pantheonsite.io\/wp-content\/uploads\/2025\/02\/experiences-icon-cultural.svg\" alt=\"\" class=\"biw-card__image\" style=\"object-position: 50% 50%;\">\t\t<\/figure>\n\t\t<div class=\"biw-card__content\">\n\t\t<h3 class=\"biw-card__title\">\n\t\t\t\t\t\t\tTours culturales y tem\u00e1ticos\t\t\t\t\t<\/h3>\n\t\t<div class=\"biw-card__text\">\n\n<p><\/p>\n\n<\/div>\n\t<\/div>\n\t<\/div>\n\n<div class=\" has-dynamic-border-radius has-image-size-cover has-image-radius-none is-style-default wp-block-biw-block-theme-biw-card\">\n\t\t\t<figure class=\"biw-card__image-wrapper \">\n\t\t\t<img decoding=\"async\" src=\"http:\/\/live-biw-main.pantheonsite.io\/wp-content\/uploads\/2025\/02\/experiences-icon-movie.svg\" alt=\"\" class=\"biw-card__image\" style=\"object-position: 50% 50%;\">\t\t<\/figure>\n\t\t<div class=\"biw-card__content\">\n\t\t<h3 class=\"biw-card__title\">\n\t\t\t\t\t\t\tParques tem\u00e1ticos y parques nacionales\t\t\t\t\t<\/h3>\n\t\t<div class=\"biw-card__text\">\n\n<p><\/p>\n\n<\/div>\n\t<\/div>\n\t<\/div>\n\n<div class=\" has-dynamic-border-radius has-image-size-cover has-image-radius-none is-style-default wp-block-biw-block-theme-biw-card\">\n\t\t\t<figure class=\"biw-card__image-wrapper \">\n\t\t\t<img decoding=\"async\" src=\"http:\/\/live-biw-main.pantheonsite.io\/wp-content\/uploads\/2025\/02\/experiences-icon-classes.svg\" alt=\"\" class=\"biw-card__image\" style=\"object-position: 50% 50%;\">\t\t<\/figure>\n\t\t<div class=\"biw-card__content\">\n\t\t<h3 class=\"biw-card__title\">\n\t\t\t\t\t\t\tClases y workshops\t\t\t\t\t<\/h3>\n\t\t<div class=\"biw-card__text\">\n\n<p><\/p>\n\n<\/div>\n\t<\/div>\n\t<\/div><\/div>\n<\/div>\n<\/div>\n<\/div>\n\n\n\n<div class=\"wp-block-group alignfull  layout-columns-10 has-global-padding is-layout-constrained wp-container-core-group-is-layout-cc7bd7df wp-block-group-is-layout-constrained\">\n<div class=\"wp-block-group  layout-columns-8 has-global-padding is-layout-constrained wp-container-core-group-is-layout-fce79bf6 wp-block-group-is-layout-constrained\">\n<h2 class=\"wp-block-heading has-text-align-center\">Cada m\u00e9trica cuenta una historia.<\/h2>\n<\/div>\n\n\n\n<div class=\"wp-block-group  layout-columns-10 has-global-padding is-layout-constrained wp-container-core-group-is-layout-0b5f5b40 wp-block-group-is-layout-constrained\">\n<div class=\"wp-block-group has-text-align-center is-layout-grid wp-container-core-group-is-layout-ef442fb0 wp-block-group-is-layout-grid\">\n<div class=\"wp-block-group is-vertical is-content-justification-center is-layout-flex wp-container-core-group-is-layout-81423f52 wp-block-group-is-layout-flex\">\n<h3 class=\"wp-block-heading has-text-align-left has-impact-font-size  has-text-wrap-no-wrap  has-gradient-fill has-gradient-fill-orange\">350k<\/h3>\n\n\n\n<p class=\"has-text-align-center has-large-font-size  has-text-wrap-balance\">Opciones de experiencias en todo el mundo<\/p>\n<\/div>\n\n\n\n<div class=\"wp-block-group is-vertical is-content-justification-center is-layout-flex wp-container-core-group-is-layout-81423f52 wp-block-group-is-layout-flex\">\n<h3 class=\"wp-block-heading has-text-align-left has-impact-font-size  has-text-wrap-no-wrap  has-gradient-fill has-gradient-fill-orange\">550k<\/h3>\n\n\n\n<p class=\"has-text-align-center has-large-font-size  has-text-wrap-balance\">Opciones de hoteles y alquileres vacacionales<\/p>\n<\/div>\n\n\n\n<div class=\"wp-block-group has-text-align-center is-vertical is-content-justification-center is-layout-flex wp-container-core-group-is-layout-81423f52 wp-block-group-is-layout-flex\">\n<h3 class=\"wp-block-heading has-text-align-left has-impact-font-size  has-text-wrap-no-wrap  has-gradient-fill has-gradient-fill-orange\">100k<\/h3>\n\n\n\n<p class=\"has-text-align-center has-large-font-size  has-text-wrap-balance\">Opciones de hoteles y alquileres vacacionales<\/p>\n<\/div>\n<\/div>\n<\/div>\n<\/div>\n","protected":false},"excerpt":{"rendered":"<p>Algo para todos. Con m\u00e1s de 20 categor\u00edas diferentes de experiencias para elegir, los puntos se pueden canjear por cosas como pases para tours sin filas, cruceros con cena, excursiones de un d\u00eda, clases de cocina, boletos para el cine, entradas para visitas tur\u00edsticas, boletos para teatro o conciertos, escapadas de fin de semana y [&hellip;]<\/p>\n","protected":false},"author":16,"featured_media":0,"parent":0,"menu_order":0,"comment_status":"closed","ping_status":"closed","template":"","meta":{"featured_image_focal_point":{"x":0.5,"y":0.5},"footnotes":""},"wf_page_folders":[36],"class_list":["post-417","page","type-page","status-publish","hentry"],"yoast_head":"<!-- This site is optimized with the Yoast SEO plugin v26.2 - https:\/\/yoast.com\/wordpress\/plugins\/seo\/ -->\n<title>Experiences Marketplace - Latin America (Spanish)<\/title>\n<meta name=\"robots\" content=\"index, follow, max-snippet:-1, max-image-preview:large, max-video-preview:-1\" \/>\n<link rel=\"canonical\" href=\"https:\/\/www.biworldwide.com\/es-latam\/marketplace-de-experiencias\/\" \/>\n<meta property=\"og:locale\" content=\"es_ES\" \/>\n<meta property=\"og:type\" content=\"article\" \/>\n<meta property=\"og:title\" content=\"Experiences Marketplace - Latin America (Spanish)\" \/>\n<meta property=\"og:description\" content=\"Algo para todos. Con m\u00e1s de 20 categor\u00edas diferentes de experiencias para elegir, los puntos se pueden canjear por cosas como pases para tours sin filas, cruceros con cena, excursiones de un d\u00eda, clases de cocina, boletos para el cine, entradas para visitas tur\u00edsticas, boletos para teatro o conciertos, escapadas de fin de semana y [&hellip;]\" \/>\n<meta property=\"og:url\" content=\"https:\/\/www.biworldwide.com\/es-latam\/marketplace-de-experiencias\/\" \/>\n<meta property=\"og:site_name\" content=\"Latin America (Spanish)\" \/>\n<meta property=\"article:modified_time\" content=\"2025-04-01T23:55:36+00:00\" \/>\n<meta property=\"og:image\" content=\"http:\/\/live-biw-main.pantheonsite.io\/wp-content\/uploads\/2025\/02\/BIW_Site_Card_Marketplaces-scaled.jpg\" \/>\n<meta name=\"twitter:card\" content=\"summary_large_image\" \/>\n<meta name=\"twitter:label1\" content=\"Est. reading time\" \/>\n\t<meta name=\"twitter:data1\" content=\"2 minutos\" \/>\n<script type=\"application\/ld+json\" class=\"yoast-schema-graph\">{\"@context\":\"https:\/\/schema.org\",\"@graph\":[{\"@type\":\"WebPage\",\"@id\":\"https:\/\/www.biworldwide.com\/es-latam\/marketplace-de-experiencias\/\",\"url\":\"https:\/\/www.biworldwide.com\/es-latam\/marketplace-de-experiencias\/\",\"name\":\"Experiences Marketplace - Latin America (Spanish)\",\"isPartOf\":{\"@id\":\"https:\/\/www.biworldwide.com\/es-latam\/#website\"},\"primaryImageOfPage\":{\"@id\":\"https:\/\/www.biworldwide.com\/es-latam\/marketplace-de-experiencias\/#primaryimage\"},\"image\":{\"@id\":\"https:\/\/www.biworldwide.com\/es-latam\/marketplace-de-experiencias\/#primaryimage\"},\"thumbnailUrl\":\"http:\/\/live-biw-main.pantheonsite.io\/wp-content\/uploads\/2025\/02\/BIW_Site_Card_Marketplaces-scaled.jpg\",\"datePublished\":\"2025-03-10T19:49:00+00:00\",\"dateModified\":\"2025-04-01T23:55:36+00:00\",\"breadcrumb\":{\"@id\":\"https:\/\/www.biworldwide.com\/es-latam\/marketplace-de-experiencias\/#breadcrumb\"},\"inLanguage\":\"es-CO\",\"potentialAction\":[{\"@type\":\"ReadAction\",\"target\":[\"https:\/\/www.biworldwide.com\/es-latam\/marketplace-de-experiencias\/\"]}]},{\"@type\":\"ImageObject\",\"inLanguage\":\"es-CO\",\"@id\":\"https:\/\/www.biworldwide.com\/es-latam\/marketplace-de-experiencias\/#primaryimage\",\"url\":\"http:\/\/live-biw-main.pantheonsite.io\/wp-content\/uploads\/2025\/02\/BIW_Site_Card_Marketplaces-scaled.jpg\",\"contentUrl\":\"http:\/\/live-biw-main.pantheonsite.io\/wp-content\/uploads\/2025\/02\/BIW_Site_Card_Marketplaces-scaled.jpg\"},{\"@type\":\"BreadcrumbList\",\"@id\":\"https:\/\/www.biworldwide.com\/es-latam\/marketplace-de-experiencias\/#breadcrumb\",\"itemListElement\":[{\"@type\":\"ListItem\",\"position\":1,\"name\":\"Home\",\"item\":\"https:\/\/www.biworldwide.com\/es-latam\/\"},{\"@type\":\"ListItem\",\"position\":2,\"name\":\"Experiences Marketplace\"}]},{\"@type\":\"WebSite\",\"@id\":\"https:\/\/www.biworldwide.com\/es-latam\/#website\",\"url\":\"https:\/\/www.biworldwide.com\/es-latam\/\",\"name\":\"Latin America (Spanish)\",\"description\":\"\",\"publisher\":{\"@id\":\"https:\/\/www.biworldwide.com\/es-latam\/#organization\"},\"potentialAction\":[{\"@type\":\"SearchAction\",\"target\":{\"@type\":\"EntryPoint\",\"urlTemplate\":\"https:\/\/www.biworldwide.com\/es-latam\/?s={search_term_string}\"},\"query-input\":{\"@type\":\"PropertyValueSpecification\",\"valueRequired\":true,\"valueName\":\"search_term_string\"}}],\"inLanguage\":\"es-CO\"},{\"@type\":\"Organization\",\"@id\":\"https:\/\/www.biworldwide.com\/es-latam\/#organization\",\"name\":\"Latin America (Spanish)\",\"url\":\"https:\/\/www.biworldwide.com\/es-latam\/\",\"logo\":{\"@type\":\"ImageObject\",\"inLanguage\":\"es-CO\",\"@id\":\"https:\/\/www.biworldwide.com\/es-latam\/#\/schema\/logo\/image\/\",\"url\":\"https:\/\/www.biworldwide.com\/es-latam\/wp-content\/uploads\/sites\/14\/2025\/02\/BIW_corp_lockup_rgb.png\",\"contentUrl\":\"https:\/\/www.biworldwide.com\/es-latam\/wp-content\/uploads\/sites\/14\/2025\/02\/BIW_corp_lockup_rgb.png\",\"width\":550,\"height\":400,\"caption\":\"Latin America (Spanish)\"},\"image\":{\"@id\":\"https:\/\/www.biworldwide.com\/es-latam\/#\/schema\/logo\/image\/\"}}]}<\/script>\n<!-- \/ Yoast SEO plugin. -->","yoast_head_json":{"title":"Experiences Marketplace - Latin America (Spanish)","robots":{"index":"index","follow":"follow","max-snippet":"max-snippet:-1","max-image-preview":"max-image-preview:large","max-video-preview":"max-video-preview:-1"},"canonical":"https:\/\/www.biworldwide.com\/es-latam\/marketplace-de-experiencias\/","og_locale":"es_ES","og_type":"article","og_title":"Experiences Marketplace - Latin America (Spanish)","og_description":"Algo para todos. Con m\u00e1s de 20 categor\u00edas diferentes de experiencias para elegir, los puntos se pueden canjear por cosas como pases para tours sin filas, cruceros con cena, excursiones de un d\u00eda, clases de cocina, boletos para el cine, entradas para visitas tur\u00edsticas, boletos para teatro o conciertos, escapadas de fin de semana y [&hellip;]","og_url":"https:\/\/www.biworldwide.com\/es-latam\/marketplace-de-experiencias\/","og_site_name":"Latin America (Spanish)","article_modified_time":"2025-04-01T23:55:36+00:00","og_image":[{"url":"http:\/\/live-biw-main.pantheonsite.io\/wp-content\/uploads\/2025\/02\/BIW_Site_Card_Marketplaces-scaled.jpg","type":"","width":"","height":""}],"twitter_card":"summary_large_image","twitter_misc":{"Est. reading time":"2 minutos"},"schema":{"@context":"https:\/\/schema.org","@graph":[{"@type":"WebPage","@id":"https:\/\/www.biworldwide.com\/es-latam\/marketplace-de-experiencias\/","url":"https:\/\/www.biworldwide.com\/es-latam\/marketplace-de-experiencias\/","name":"Experiences Marketplace - Latin America (Spanish)","isPartOf":{"@id":"https:\/\/www.biworldwide.com\/es-latam\/#website"},"primaryImageOfPage":{"@id":"https:\/\/www.biworldwide.com\/es-latam\/marketplace-de-experiencias\/#primaryimage"},"image":{"@id":"https:\/\/www.biworldwide.com\/es-latam\/marketplace-de-experiencias\/#primaryimage"},"thumbnailUrl":"http:\/\/live-biw-main.pantheonsite.io\/wp-content\/uploads\/2025\/02\/BIW_Site_Card_Marketplaces-scaled.jpg","datePublished":"2025-03-10T19:49:00+00:00","dateModified":"2025-04-01T23:55:36+00:00","breadcrumb":{"@id":"https:\/\/www.biworldwide.com\/es-latam\/marketplace-de-experiencias\/#breadcrumb"},"inLanguage":"es-CO","potentialAction":[{"@type":"ReadAction","target":["https:\/\/www.biworldwide.com\/es-latam\/marketplace-de-experiencias\/"]}]},{"@type":"ImageObject","inLanguage":"es-CO","@id":"https:\/\/www.biworldwide.com\/es-latam\/marketplace-de-experiencias\/#primaryimage","url":"http:\/\/live-biw-main.pantheonsite.io\/wp-content\/uploads\/2025\/02\/BIW_Site_Card_Marketplaces-scaled.jpg","contentUrl":"http:\/\/live-biw-main.pantheonsite.io\/wp-content\/uploads\/2025\/02\/BIW_Site_Card_Marketplaces-scaled.jpg"},{"@type":"BreadcrumbList","@id":"https:\/\/www.biworldwide.com\/es-latam\/marketplace-de-experiencias\/#breadcrumb","itemListElement":[{"@type":"ListItem","position":1,"name":"Home","item":"https:\/\/www.biworldwide.com\/es-latam\/"},{"@type":"ListItem","position":2,"name":"Experiences Marketplace"}]},{"@type":"WebSite","@id":"https:\/\/www.biworldwide.com\/es-latam\/#website","url":"https:\/\/www.biworldwide.com\/es-latam\/","name":"Latin America (Spanish)","description":"","publisher":{"@id":"https:\/\/www.biworldwide.com\/es-latam\/#organization"},"potentialAction":[{"@type":"SearchAction","target":{"@type":"EntryPoint","urlTemplate":"https:\/\/www.biworldwide.com\/es-latam\/?s={search_term_string}"},"query-input":{"@type":"PropertyValueSpecification","valueRequired":true,"valueName":"search_term_string"}}],"inLanguage":"es-CO"},{"@type":"Organization","@id":"https:\/\/www.biworldwide.com\/es-latam\/#organization","name":"Latin America (Spanish)","url":"https:\/\/www.biworldwide.com\/es-latam\/","logo":{"@type":"ImageObject","inLanguage":"es-CO","@id":"https:\/\/www.biworldwide.com\/es-latam\/#\/schema\/logo\/image\/","url":"https:\/\/www.biworldwide.com\/es-latam\/wp-content\/uploads\/sites\/14\/2025\/02\/BIW_corp_lockup_rgb.png","contentUrl":"https:\/\/www.biworldwide.com\/es-latam\/wp-content\/uploads\/sites\/14\/2025\/02\/BIW_corp_lockup_rgb.png","width":550,"height":400,"caption":"Latin America (Spanish)"},"image":{"@id":"https:\/\/www.biworldwide.com\/es-latam\/#\/schema\/logo\/image\/"}}]}},"_links":{"self":[{"href":"https:\/\/www.biworldwide.com\/es-latam\/wp-json\/wp\/v2\/pages\/417","targetHints":{"allow":["GET"]}}],"collection":[{"href":"https:\/\/www.biworldwide.com\/es-latam\/wp-json\/wp\/v2\/pages"}],"about":[{"href":"https:\/\/www.biworldwide.com\/es-latam\/wp-json\/wp\/v2\/types\/page"}],"author":[{"embeddable":true,"href":"https:\/\/www.biworldwide.com\/es-latam\/wp-json\/wp\/v2\/users\/16"}],"replies":[{"embeddable":true,"href":"https:\/\/www.biworldwide.com\/es-latam\/wp-json\/wp\/v2\/comments?post=417"}],"version-history":[{"count":4,"href":"https:\/\/www.biworldwide.com\/es-latam\/wp-json\/wp\/v2\/pages\/417\/revisions"}],"predecessor-version":[{"id":1236,"href":"https:\/\/www.biworldwide.com\/es-latam\/wp-json\/wp\/v2\/pages\/417\/revisions\/1236"}],"wp:attachment":[{"href":"https:\/\/www.biworldwide.com\/es-latam\/wp-json\/wp\/v2\/media?parent=417"}],"wp:term":[{"taxonomy":"wf_page_folders","embeddable":true,"href":"https:\/\/www.biworldwide.com\/es-latam\/wp-json\/wp\/v2\/wf_page_folders?post=417"}],"curies":[{"name":"wp","href":"https:\/\/api.w.org\/{rel}","templated":true}]}}