{"id":422,"date":"2025-03-10T14:04:16","date_gmt":"2025-03-10T20:04:16","guid":{"rendered":"https:\/\/www.biworldwide.com\/es-latam\/?page_id=422"},"modified":"2025-03-25T15:12:24","modified_gmt":"2025-03-25T21:12:24","slug":"goalquest-ai","status":"publish","type":"page","link":"https:\/\/www.biworldwide.com\/es-latam\/goalquest-ai\/","title":{"rendered":"GoalQuest\u00ae AI"},"content":{"rendered":"<div class=\" has-content-align-left has-overlay has-overlay--dark alignfull wp-block-biw-block-theme-hero\">\n\t<div class=\"biw-hero__grid\">\n\t\t\t\t\t<div class=\"biw-hero__breadcrumbs\">\n\t\t\t\t<div id=\"breadcrumbs\" class=\"breadcrumb-nav__wrapper\"><span class=\"breadcrumb-nav\"><span><a href=\"https:\/\/www.biworldwide.com\/es-latam\/\">Home<\/a><\/span><\/span><\/div>\t\t\t<\/div>\n\t\t\n\t\t\t\t\t<div class=\"biw-hero__media \">\n\t\t\t\t\t\t\t\t\t<div class=\"biw-hero__overlay overlay-dark\"><\/div>\n\t\t\t\t\t\t\t\t<img decoding=\"async\" src=\"http:\/\/live-biw-main.pantheonsite.io\/wp-content\/uploads\/2025\/03\/BIW_Site_Hero_GoalQuestAI-1-scaled.jpg\" alt=\"Illustration of wireframe mountains with digital elements such as a trophy, sparkles, and a circuit board icon. A flag is planted at one peak. The background features a matrix of floating dots on a gradient blue backdrop.\" class=\"biw-hero__bg-image\" style=\"object-position: 50% 50%;\">\t\t\t<\/div>\n\t\t\t\t<div class=\"biw-hero__content\">\n\t\t\t\t\t\t<h1 class=\"biw-hero__title\" style=\"line-height: 1.2\">\n\t\t\t\tGoalQuest AI\t\t\t<\/h1>\n\t\t\t\t\t\t\t\t\t\t<div class=\"biw-hero__text\">\n\t\t\t\t\t\n\n<p>AI es una estructura de reglas probada y basada en el pago por desempe\u00f1o que solo premia las ganancias incrementales, lo que la convierte en una opci\u00f3n perfecta para tu organizaci\u00f3n.<\/p>\n\n\t\t\t\t<\/div>\n\t\t\t\t\t\t\t\t<\/div>\n\t<\/div>\n<\/div>\n\n\n\n<div class=\"wp-block-group  layout-columns-7 has-global-padding is-layout-constrained wp-container-core-group-is-layout-a133ec42 wp-block-group-is-layout-constrained\">\n<figure class=\"wp-block-embed is-type-video is-provider-vimeo wp-block-embed-vimeo wp-embed-aspect-16-9 wp-has-aspect-ratio\"><div class=\"wp-block-embed__wrapper\">\n<iframe loading=\"lazy\" title=\"GoalQuest: Move the middle\" src=\"https:\/\/player.vimeo.com\/video\/686383593?dnt=1&amp;app_id=122963\" width=\"500\" height=\"281\" frameborder=\"0\" allow=\"autoplay; fullscreen; picture-in-picture; clipboard-write; encrypted-media\"><\/iframe>\n<\/div><\/figure>\n<\/div>\n\n\n\n<div class=\"wp-block-group  layout-columns-7 has-global-padding is-layout-constrained wp-container-core-group-is-layout-a133ec42 wp-block-group-is-layout-constrained\">\n<p class=\"has-xl-font-size\"><strong><strong>Personalizaci\u00f3n<\/strong><\/strong><\/p>\n\n\n\n<p>GoalQuest\u00ae AI combina la ciencia de la econom\u00eda conductual y los beneficios de una estructura de reglas probada y confiable con inteligencia artificial para crear una experiencia de incentivos verdaderamente personalizada y gratificante.<\/p>\n\n\n\n<p class=\"has-xl-font-size\"><strong><strong>Orientado a la audiencia<\/strong><\/strong><\/p>\n\n\n\n<p>GoalQuest AI ofrece un nivel de granularidad sin precedentes para cada participante, aumentando su ajuste idiosincr\u00e1tico. Ahora m\u00e1s que nunca, los participantes pueden sentir una mayor propiedad y conexi\u00f3n con sus metas. Dado que GoalQuest AI utiliza sus propios datos de ventas \u00fanicos y no un grupo, est\u00e1n compitiendo consigo mismos para lograr su mejor rendimiento.<\/p>\n\n\n\n<p class=\"has-xl-font-size\"><strong><strong>Establecimiento de objetivos<\/strong><\/strong><\/p>\n\n\n\n<ol class=\"wp-block-list\">\n<li class=\"has-large-font-size\">Usando nuestra base de datos de incentivos expansiva y nuestra inteligencia artificial patentada, creamos soluciones personalizadas seg\u00fan las necesidades de tu negocio.<\/li>\n\n\n\n<li>Establece datos base y objetivos individuales usando una variedad de puntos de datos.<\/li>\n\n\n\n<li class=\"has-large-font-size\">Predice con precisi\u00f3n los resultados, el presupuesto y el ROI basados en modelos de pron\u00f3stico.<\/li>\n<\/ol>\n<\/div>\n\n\n\n<div class=\"wp-block-group alignfull has-global-padding is-layout-constrained wp-container-core-group-is-layout-e04489b5 wp-block-group-is-layout-constrained\">\n<div class=\"wp-block-group  layout-columns-8 has-global-padding is-layout-constrained wp-container-core-group-is-layout-fce79bf6 wp-block-group-is-layout-constrained\">\n<h2 class=\"wp-block-heading has-text-align-center\">La historia est\u00e1 en los datos.<\/h2>\n<\/div>\n\n\n\n<div class=\"wp-block-group  layout-columns-10 has-global-padding is-layout-constrained wp-container-core-group-is-layout-0b5f5b40 wp-block-group-is-layout-constrained\">\n<div class=\"wp-block-group has-text-align-center is-layout-grid wp-container-core-group-is-layout-ef442fb0 wp-block-group-is-layout-grid\">\n<div class=\"wp-block-group is-vertical is-content-justification-center is-layout-flex wp-container-core-group-is-layout-81423f52 wp-block-group-is-layout-flex\">\n<h3 class=\"wp-block-heading has-impact-font-size  has-text-wrap-no-wrap  has-gradient-fill has-gradient-fill-purple\">57%<\/h3>\n\n\n\n<p class=\"has-text-align-center has-large-font-size  has-text-wrap-balance\">del rendimiento de los participantes supera la l\u00ednea base<\/p>\n<\/div>\n\n\n\n<div class=\"wp-block-group is-vertical is-content-justification-center is-layout-flex wp-container-core-group-is-layout-81423f52 wp-block-group-is-layout-flex\">\n<h3 class=\"wp-block-heading has-impact-font-size  has-text-wrap-no-wrap  has-gradient-fill has-gradient-fill-purple\">1.4M+<\/h3>\n\n\n\n<p class=\"has-text-align-center has-large-font-size  has-text-wrap-balance\">participantes<\/p>\n<\/div>\n\n\n\n<div class=\"wp-block-group is-vertical is-content-justification-center is-layout-flex wp-container-core-group-is-layout-81423f52 wp-block-group-is-layout-flex\">\n<h3 class=\"wp-block-heading has-impact-font-size  has-text-wrap-no-wrap  has-gradient-fill has-gradient-fill-purple\">4:1<\/h3>\n\n\n\n<p class=\"has-text-align-center has-large-font-size  has-text-wrap-balance\">pago por rendimiento<\/p>\n<\/div>\n<\/div>\n<\/div>\n<\/div>\n\n\n\n<div class=\"wp-block-group alignfull  has-background-angle-to-left bg-angle-action has-global-padding is-layout-constrained wp-container-core-group-is-layout-97ab3c77 wp-block-group-is-layout-constrained\">\n<div class=\"wp-block-group has-text-align-center  layout-columns-8 has-global-padding is-layout-constrained wp-container-core-group-is-layout-ee362a79 wp-block-group-is-layout-constrained\">\n<h2 class=\"wp-block-heading has-text-align-center  has-text-wrap-pretty\">AI Insights<\/h2>\n\n\n\n<p class=\" has-text-wrap-balance\">An\u00e1lisis automatizado personalizado para gerentes y propietarios de programas a medida que se procesan los datos de rendimiento.<\/p>\n<\/div>\n\n\n\n<div class=\"wp-block-group  layout-columns-12 has-global-padding is-layout-constrained wp-container-core-group-is-layout-9e09659d wp-block-group-is-layout-constrained\">\n<div class=\"wp-block-group is-layout-grid wp-container-core-group-is-layout-c765d3c1 wp-block-group-is-layout-grid\"><div class=\" has-image-size-cover has-image-radius-none is-style-image-left wp-block-biw-block-theme-biw-card\">\n\t\t\t<figure class=\"biw-card__image-wrapper \">\n\t\t\t<img decoding=\"async\" src=\"http:\/\/live-biw-main.pantheonsite.io\/wp-content\/uploads\/2025\/03\/01-Brand-Automated.svg\" alt=\"\" class=\"biw-card__image\" style=\"object-position: 50% 50%;\">\t\t<\/figure>\n\t\t<div class=\"biw-card__content\">\n\t\t<h3 class=\"biw-card__title\">\n\t\t\t\t\t\t\tAn\u00e1lisis automatizado a gran escala\t\t\t\t\t<\/h3>\n\t\t<div class=\"biw-card__text\">\n\n<p>Proporciona an\u00e1lisis a una escala que los analistas humanos no pueden alcanzar.<\/p>\n\n<\/div>\n\t<\/div>\n\t<\/div>\n\n<div class=\" has-image-size-cover has-image-radius-none is-style-image-left wp-block-biw-block-theme-biw-card\">\n\t\t\t<figure class=\"biw-card__image-wrapper \">\n\t\t\t<img decoding=\"async\" src=\"http:\/\/live-biw-main.pantheonsite.io\/wp-content\/uploads\/2025\/03\/02-Brand-Contextual.svg\" alt=\"\" class=\"biw-card__image\" style=\"object-position: 50% 50%;\">\t\t<\/figure>\n\t\t<div class=\"biw-card__content\">\n\t\t<h3 class=\"biw-card__title\">\n\t\t\t\t\t\t\tInteligencia Contextual\t\t\t\t\t<\/h3>\n\t\t<div class=\"biw-card__text\">\n\n<p>Identifica patrones, correlaciones, tendencias a corto\/largo plazo y contexto hist\u00f3rico de los datos de rendimiento.<\/p>\n\n<\/div>\n\t<\/div>\n\t<\/div>\n\n<div class=\" has-image-size-cover has-image-radius-none is-style-image-left wp-block-biw-block-theme-biw-card\">\n\t\t\t<figure class=\"biw-card__image-wrapper \">\n\t\t\t<img decoding=\"async\" src=\"http:\/\/live-biw-main.pantheonsite.io\/wp-content\/uploads\/2025\/03\/03-Brand-Strategic.svg\" alt=\"\" class=\"biw-card__image\" style=\"object-position: 50% 50%;\">\t\t<\/figure>\n\t\t<div class=\"biw-card__content\">\n\t\t<h3 class=\"biw-card__title\">\n\t\t\t\t\t\t\tImpacto estrat\u00e9gico\t\t\t\t\t<\/h3>\n\t\t<div class=\"biw-card__text\">\n\n<p>Decisiones basadas en datos, consistencia en toda la organizaci\u00f3n y reducci\u00f3n de procesos manuales.<\/p>\n\n<\/div>\n\t<\/div>\n\t<\/div>\n\n<div class=\" has-image-size-cover has-image-radius-none is-style-image-left wp-block-biw-block-theme-biw-card\">\n\t\t\t<figure class=\"biw-card__image-wrapper \">\n\t\t\t<img decoding=\"async\" src=\"http:\/\/live-biw-main.pantheonsite.io\/wp-content\/uploads\/2025\/03\/04-Brand-Digestible.svg\" alt=\"\" class=\"biw-card__image\" style=\"object-position: 50% 50%;\">\t\t<\/figure>\n\t\t<div class=\"biw-card__content\">\n\t\t<h3 class=\"biw-card__title\">\n\t\t\t\t\t\t\tComunicaciones Digeribles\t\t\t\t\t<\/h3>\n\t\t<div class=\"biw-card__text\">\n\n<p>Genera informaci\u00f3n comprensible para los humanos, adecuada para diversos canales de comunicaci\u00f3n.<\/p>\n\n<\/div>\n\t<\/div>\n\t<\/div>\n\n<div class=\" has-image-size-cover has-image-radius-none is-style-image-left wp-block-biw-block-theme-biw-card\">\n\t\t\t<figure class=\"biw-card__image-wrapper \">\n\t\t\t<img decoding=\"async\" src=\"http:\/\/live-biw-main.pantheonsite.io\/wp-content\/uploads\/2025\/03\/05-Brand-Recognition.svg\" alt=\"\" class=\"biw-card__image\" style=\"object-position: 50% 50%;\">\t\t<\/figure>\n\t\t<div class=\"biw-card__content\">\n\t\t<h3 class=\"biw-card__title\">\n\t\t\t\t\t\t\tOportunidades de Reconocimiento\t\t\t\t\t<\/h3>\n\t\t<div class=\"biw-card__text\">\n\n<p>Identifica un rendimiento excepcional, logros espec\u00edficos y su impacto m\u00e1s amplio.<\/p>\n\n<\/div>\n\t<\/div>\n\t<\/div>\n\n<div class=\" has-image-size-cover has-image-radius-none is-style-image-left wp-block-biw-block-theme-biw-card\">\n\t\t\t<figure class=\"biw-card__image-wrapper \">\n\t\t\t<img decoding=\"async\" src=\"http:\/\/live-biw-main.pantheonsite.io\/wp-content\/uploads\/2025\/03\/06-Brand-Coaching.svg\" alt=\"\" class=\"biw-card__image\" style=\"object-position: 50% 50%;\">\t\t<\/figure>\n\t\t<div class=\"biw-card__content\">\n\t\t<h3 class=\"biw-card__title\">\n\t\t\t\t\t\t\tOportunidades de Coaching\t\t\t\t\t<\/h3>\n\t\t<div class=\"biw-card__text\">\n\n<p>Detecta se\u00f1ales de advertencia tempranas y proporciona recomendaciones para un coaching dirigido.<\/p>\n\n<\/div>\n\t<\/div>\n\t<\/div><\/div>\n<\/div>\n<span class='background-angle-wrapper'><svg fill='none' viewBox='0 0 1728 699' xmlns='http:\/\/www.w3.org\/2000\/svg'><path d='M1728 0H0V294.923L1728 698.43V0Z' fill='url(#69db66730a074)'\/><defs><linearGradient id='69db66730a074' x1='1738.8' x2='1701' y1='717.27' y2='15.023' gradientUnits='userSpaceOnUse'><stop stop-color='#6D28D9' stop-opacity='.3' offset='0'\/><stop stop-color='#6D28D9' stop-opacity='0' offset='1'\/><\/linearGradient><\/defs><\/svg><\/span><\/div>","protected":false},"excerpt":{"rendered":"<p>Personalizaci\u00f3n GoalQuest\u00ae AI combina la ciencia de la econom\u00eda conductual y los beneficios de una estructura de reglas probada y confiable con inteligencia artificial para crear una experiencia de incentivos verdaderamente personalizada y gratificante. Orientado a la audiencia GoalQuest AI ofrece un nivel de granularidad sin precedentes para cada participante, aumentando su ajuste idiosincr\u00e1tico. Ahora [&hellip;]<\/p>\n","protected":false},"author":16,"featured_media":0,"parent":0,"menu_order":0,"comment_status":"closed","ping_status":"closed","template":"","meta":{"featured_image_focal_point":{"x":0.5,"y":0.5},"footnotes":""},"wf_page_folders":[38],"class_list":["post-422","page","type-page","status-publish","hentry"],"yoast_head":"<!-- This site is optimized with the Yoast SEO plugin v26.2 - https:\/\/yoast.com\/wordpress\/plugins\/seo\/ -->\n<title>GoalQuest\u00ae AI - Latin America (Spanish)<\/title>\n<meta name=\"robots\" content=\"index, follow, max-snippet:-1, max-image-preview:large, max-video-preview:-1\" \/>\n<link rel=\"canonical\" href=\"https:\/\/www.biworldwide.com\/es-latam\/goalquest-ai\/\" \/>\n<meta property=\"og:locale\" content=\"es_ES\" \/>\n<meta property=\"og:type\" content=\"article\" \/>\n<meta property=\"og:title\" content=\"GoalQuest\u00ae AI - Latin America (Spanish)\" \/>\n<meta property=\"og:description\" content=\"Personalizaci\u00f3n GoalQuest\u00ae AI combina la ciencia de la econom\u00eda conductual y los beneficios de una estructura de reglas probada y confiable con inteligencia artificial para crear una experiencia de incentivos verdaderamente personalizada y gratificante. Orientado a la audiencia GoalQuest AI ofrece un nivel de granularidad sin precedentes para cada participante, aumentando su ajuste idiosincr\u00e1tico. Ahora [&hellip;]\" \/>\n<meta property=\"og:url\" content=\"https:\/\/www.biworldwide.com\/es-latam\/goalquest-ai\/\" \/>\n<meta property=\"og:site_name\" content=\"Latin America (Spanish)\" \/>\n<meta property=\"article:modified_time\" content=\"2025-03-25T21:12:24+00:00\" \/>\n<meta name=\"twitter:card\" content=\"summary_large_image\" \/>\n<meta name=\"twitter:label1\" content=\"Est. reading time\" \/>\n\t<meta name=\"twitter:data1\" content=\"2 minutos\" \/>\n<script type=\"application\/ld+json\" class=\"yoast-schema-graph\">{\"@context\":\"https:\/\/schema.org\",\"@graph\":[{\"@type\":\"WebPage\",\"@id\":\"https:\/\/www.biworldwide.com\/es-latam\/goalquest-ai\/\",\"url\":\"https:\/\/www.biworldwide.com\/es-latam\/goalquest-ai\/\",\"name\":\"GoalQuest\u00ae AI - Latin America (Spanish)\",\"isPartOf\":{\"@id\":\"https:\/\/www.biworldwide.com\/es-latam\/#website\"},\"datePublished\":\"2025-03-10T20:04:16+00:00\",\"dateModified\":\"2025-03-25T21:12:24+00:00\",\"breadcrumb\":{\"@id\":\"https:\/\/www.biworldwide.com\/es-latam\/goalquest-ai\/#breadcrumb\"},\"inLanguage\":\"es-CO\",\"potentialAction\":[{\"@type\":\"ReadAction\",\"target\":[\"https:\/\/www.biworldwide.com\/es-latam\/goalquest-ai\/\"]}]},{\"@type\":\"BreadcrumbList\",\"@id\":\"https:\/\/www.biworldwide.com\/es-latam\/goalquest-ai\/#breadcrumb\",\"itemListElement\":[{\"@type\":\"ListItem\",\"position\":1,\"name\":\"Home\",\"item\":\"https:\/\/www.biworldwide.com\/es-latam\/\"},{\"@type\":\"ListItem\",\"position\":2,\"name\":\"GoalQuest\u00ae AI\"}]},{\"@type\":\"WebSite\",\"@id\":\"https:\/\/www.biworldwide.com\/es-latam\/#website\",\"url\":\"https:\/\/www.biworldwide.com\/es-latam\/\",\"name\":\"Latin America (Spanish)\",\"description\":\"\",\"publisher\":{\"@id\":\"https:\/\/www.biworldwide.com\/es-latam\/#organization\"},\"potentialAction\":[{\"@type\":\"SearchAction\",\"target\":{\"@type\":\"EntryPoint\",\"urlTemplate\":\"https:\/\/www.biworldwide.com\/es-latam\/?s={search_term_string}\"},\"query-input\":{\"@type\":\"PropertyValueSpecification\",\"valueRequired\":true,\"valueName\":\"search_term_string\"}}],\"inLanguage\":\"es-CO\"},{\"@type\":\"Organization\",\"@id\":\"https:\/\/www.biworldwide.com\/es-latam\/#organization\",\"name\":\"Latin America (Spanish)\",\"url\":\"https:\/\/www.biworldwide.com\/es-latam\/\",\"logo\":{\"@type\":\"ImageObject\",\"inLanguage\":\"es-CO\",\"@id\":\"https:\/\/www.biworldwide.com\/es-latam\/#\/schema\/logo\/image\/\",\"url\":\"https:\/\/www.biworldwide.com\/es-latam\/wp-content\/uploads\/sites\/14\/2025\/02\/BIW_corp_lockup_rgb.png\",\"contentUrl\":\"https:\/\/www.biworldwide.com\/es-latam\/wp-content\/uploads\/sites\/14\/2025\/02\/BIW_corp_lockup_rgb.png\",\"width\":550,\"height\":400,\"caption\":\"Latin America (Spanish)\"},\"image\":{\"@id\":\"https:\/\/www.biworldwide.com\/es-latam\/#\/schema\/logo\/image\/\"}}]}<\/script>\n<!-- \/ Yoast SEO plugin. -->","yoast_head_json":{"title":"GoalQuest\u00ae AI - Latin America (Spanish)","robots":{"index":"index","follow":"follow","max-snippet":"max-snippet:-1","max-image-preview":"max-image-preview:large","max-video-preview":"max-video-preview:-1"},"canonical":"https:\/\/www.biworldwide.com\/es-latam\/goalquest-ai\/","og_locale":"es_ES","og_type":"article","og_title":"GoalQuest\u00ae AI - Latin America (Spanish)","og_description":"Personalizaci\u00f3n GoalQuest\u00ae AI combina la ciencia de la econom\u00eda conductual y los beneficios de una estructura de reglas probada y confiable con inteligencia artificial para crear una experiencia de incentivos verdaderamente personalizada y gratificante. Orientado a la audiencia GoalQuest AI ofrece un nivel de granularidad sin precedentes para cada participante, aumentando su ajuste idiosincr\u00e1tico. Ahora [&hellip;]","og_url":"https:\/\/www.biworldwide.com\/es-latam\/goalquest-ai\/","og_site_name":"Latin America (Spanish)","article_modified_time":"2025-03-25T21:12:24+00:00","twitter_card":"summary_large_image","twitter_misc":{"Est. reading time":"2 minutos"},"schema":{"@context":"https:\/\/schema.org","@graph":[{"@type":"WebPage","@id":"https:\/\/www.biworldwide.com\/es-latam\/goalquest-ai\/","url":"https:\/\/www.biworldwide.com\/es-latam\/goalquest-ai\/","name":"GoalQuest\u00ae AI - Latin America (Spanish)","isPartOf":{"@id":"https:\/\/www.biworldwide.com\/es-latam\/#website"},"datePublished":"2025-03-10T20:04:16+00:00","dateModified":"2025-03-25T21:12:24+00:00","breadcrumb":{"@id":"https:\/\/www.biworldwide.com\/es-latam\/goalquest-ai\/#breadcrumb"},"inLanguage":"es-CO","potentialAction":[{"@type":"ReadAction","target":["https:\/\/www.biworldwide.com\/es-latam\/goalquest-ai\/"]}]},{"@type":"BreadcrumbList","@id":"https:\/\/www.biworldwide.com\/es-latam\/goalquest-ai\/#breadcrumb","itemListElement":[{"@type":"ListItem","position":1,"name":"Home","item":"https:\/\/www.biworldwide.com\/es-latam\/"},{"@type":"ListItem","position":2,"name":"GoalQuest\u00ae AI"}]},{"@type":"WebSite","@id":"https:\/\/www.biworldwide.com\/es-latam\/#website","url":"https:\/\/www.biworldwide.com\/es-latam\/","name":"Latin America (Spanish)","description":"","publisher":{"@id":"https:\/\/www.biworldwide.com\/es-latam\/#organization"},"potentialAction":[{"@type":"SearchAction","target":{"@type":"EntryPoint","urlTemplate":"https:\/\/www.biworldwide.com\/es-latam\/?s={search_term_string}"},"query-input":{"@type":"PropertyValueSpecification","valueRequired":true,"valueName":"search_term_string"}}],"inLanguage":"es-CO"},{"@type":"Organization","@id":"https:\/\/www.biworldwide.com\/es-latam\/#organization","name":"Latin America (Spanish)","url":"https:\/\/www.biworldwide.com\/es-latam\/","logo":{"@type":"ImageObject","inLanguage":"es-CO","@id":"https:\/\/www.biworldwide.com\/es-latam\/#\/schema\/logo\/image\/","url":"https:\/\/www.biworldwide.com\/es-latam\/wp-content\/uploads\/sites\/14\/2025\/02\/BIW_corp_lockup_rgb.png","contentUrl":"https:\/\/www.biworldwide.com\/es-latam\/wp-content\/uploads\/sites\/14\/2025\/02\/BIW_corp_lockup_rgb.png","width":550,"height":400,"caption":"Latin America (Spanish)"},"image":{"@id":"https:\/\/www.biworldwide.com\/es-latam\/#\/schema\/logo\/image\/"}}]}},"_links":{"self":[{"href":"https:\/\/www.biworldwide.com\/es-latam\/wp-json\/wp\/v2\/pages\/422","targetHints":{"allow":["GET"]}}],"collection":[{"href":"https:\/\/www.biworldwide.com\/es-latam\/wp-json\/wp\/v2\/pages"}],"about":[{"href":"https:\/\/www.biworldwide.com\/es-latam\/wp-json\/wp\/v2\/types\/page"}],"author":[{"embeddable":true,"href":"https:\/\/www.biworldwide.com\/es-latam\/wp-json\/wp\/v2\/users\/16"}],"replies":[{"embeddable":true,"href":"https:\/\/www.biworldwide.com\/es-latam\/wp-json\/wp\/v2\/comments?post=422"}],"version-history":[{"count":4,"href":"https:\/\/www.biworldwide.com\/es-latam\/wp-json\/wp\/v2\/pages\/422\/revisions"}],"predecessor-version":[{"id":1182,"href":"https:\/\/www.biworldwide.com\/es-latam\/wp-json\/wp\/v2\/pages\/422\/revisions\/1182"}],"wp:attachment":[{"href":"https:\/\/www.biworldwide.com\/es-latam\/wp-json\/wp\/v2\/media?parent=422"}],"wp:term":[{"taxonomy":"wf_page_folders","embeddable":true,"href":"https:\/\/www.biworldwide.com\/es-latam\/wp-json\/wp\/v2\/wf_page_folders?post=422"}],"curies":[{"name":"wp","href":"https:\/\/api.w.org\/{rel}","templated":true}]}}