{"id":100,"date":"2025-01-14T16:14:45","date_gmt":"2025-01-14T16:14:45","guid":{"rendered":"https:\/\/live-biw-main.pantheonsite.io\/?page_id=100"},"modified":"2025-04-01T11:37:24","modified_gmt":"2025-04-01T17:37:24","slug":"engajamento-dos-colaboradores","status":"publish","type":"page","link":"https:\/\/www.biworldwide.com\/pt-br\/engajamento-dos-colaboradores\/","title":{"rendered":"Engajamento dos colaboradores"},"content":{"rendered":"<div class=\" has-content-align-left has-overlay has-overlay--light alignfull wp-block-biw-block-theme-hero\">\n\t<div class=\"biw-hero__grid\">\n\t\t\n\t\t\t\t\t<div class=\"biw-hero__media \">\n\t\t\t\t\t\t\t\t\t<div class=\"biw-hero__overlay overlay-light\"><\/div>\n\t\t\t\t\t\t\t\t<img decoding=\"async\" src=\"http:\/\/live-biw-main.pantheonsite.io\/wp-content\/uploads\/2025\/02\/EmployeeEngagement-ReceivingApplause-1728x600px-FINAL-Template.jpg\" alt=\"A woman with curly hair smiles while seated at a table. She is dressed in business attire. Several colleagues standing around her are clapping. The background features large windows with bright daylight filtering in.\" class=\"biw-hero__bg-image\" style=\"object-position: 50% 50%;\">\t\t\t<\/div>\n\t\t\t\t<div class=\"biw-hero__content\">\n\t\t\t\t\t\t<h1 class=\"biw-hero__title\" style=\"line-height: 1.2\">\n\t\t\t\tEngajamento dos Colaboradores\t\t\t<\/h1>\n\t\t\t\t\t\t\t<h2 class=\"biw-hero__subtitle\">\n\t\t\t\t\tTransforme colaboradores inspirados no seu segredo de sucesso\t\t\t\t<\/h2>\n\t\t\t\t\t\t\t\t\t\t<div class=\"biw-hero__text\">\n\t\t\t\t\t\n\n<p>Imagine se todos os colaboradores estivessem animados para a segunda-feira.<br><\/p>\n\n\t\t\t\t<\/div>\n\t\t\t\t\t\t\t\t<\/div>\n\t<\/div>\n<\/div>\n\n\n\n<div class=\"wp-block-group alignfull bg-angle-action-orange has-background-angle-to-left bg-angle-accent-gold has-global-padding is-layout-constrained wp-container-core-group-is-layout-d3543a3b wp-block-group-is-layout-constrained\">\n<div class=\"wp-block-group  layout-columns-6 has-global-padding is-layout-constrained wp-container-core-group-is-layout-97093539 wp-block-group-is-layout-constrained\">\n<h2 class=\"wp-block-heading has-text-align-center\">Fa\u00e7a cada momento valer a pena.<\/h2>\n\n\n\n<p class=\"has-text-align-center has-large-font-size\"><\/p>\n<\/div>\n\n\n\n<div class=\"wp-block-group is-layout-grid wp-container-core-group-is-layout-d33bc3c1 wp-block-group-is-layout-grid\"><div class=\" has-dynamic-border-radius has-image-size-cover has-image-radius-none is-style-default wp-block-biw-block-theme-biw-card\">\n\t\t\t<figure class=\"biw-card__image-wrapper \">\n\t\t\t<img decoding=\"async\" src=\"http:\/\/live-biw-main.pantheonsite.io\/wp-content\/uploads\/2025\/02\/Icon_DecisionDay.svg\" alt=\"\" class=\"biw-card__image\" style=\"object-position: 50% 50%;\">\t\t<\/figure>\n\t\t<div class=\"biw-card__content\">\n\t\t<h3 class=\"biw-card__title\">\n\t\t\t\t\t\t\tDia da Decis\u00e3o\t\t\t\t\t<\/h3>\n\t\t<div class=\"biw-card__text\">\n\n<p>D\u00ea aos candidatos um acesso privilegiado \u00e0 sua empresa. Ao conhecerem sua miss\u00e3o, valores, cultura e vis\u00e3o de futuro, estar\u00e3o prontos para embarcar e deixar sua marca.<\/p>\n\n\n\n<p>Solu\u00e7\u00f5es incluem:<\/p>\n\n\n\n<ul class=\"wp-block-list\">\n<li>Experi\u00eancias de boas-vindas antes do primeiro dia<\/li>\n\n\n\n<li>Branding do empregador<\/li>\n\n\n\n<li>Campanhas e eventos de atra\u00e7\u00e3o de talentos<\/li>\n<\/ul>\n\n<\/div>\n\t<\/div>\n\t<\/div>\n\n<div class=\" has-dynamic-border-radius has-image-size-cover has-image-radius-none is-style-default wp-block-biw-block-theme-biw-card\">\n\t\t\t<figure class=\"biw-card__image-wrapper \">\n\t\t\t<img decoding=\"async\" src=\"http:\/\/live-biw-main.pantheonsite.io\/wp-content\/uploads\/2025\/02\/Icon_FirstDay-1.svg\" alt=\"\" class=\"biw-card__image\" style=\"object-position: 50% 50%;\">\t\t<\/figure>\n\t\t<div class=\"biw-card__content\">\n\t\t<h3 class=\"biw-card__title\">\n\t\t\t\t\t\t\tPrimeiro Dia\t\t\t\t\t<\/h3>\n\t\t<div class=\"biw-card__text\">\n\n<p>Ajude-os a conquistar o primeiro dia. Fa\u00e7a com que os novos contratados sintam que j\u00e1 est\u00e3o fazendo a diferen\u00e7a, com uma recep\u00e7\u00e3o memor\u00e1vel e um roteiro claro para o sucesso.<\/p>\n\n\n\n<p><strong>Solu\u00e7\u00f5es incluem:<\/strong><\/p>\n\n\n\n<ul class=\"wp-block-list\">\n<li>Programas de integra\u00e7\u00e3o (onboarding)<\/li>\n\n\n\n<li>Kits de boas-vindas para novos contratados<\/li>\n\n\n\n<li>Reconhecimento de conquistas iniciais<\/li>\n\n\n\n<li>Capacita\u00e7\u00e3o de gestores de novos talentos<\/li>\n\n\n\n<li>Experi\u00eancia de boas-vindas para novos colaboradores<\/li>\n<\/ul>\n\n<\/div>\n\t<\/div>\n\t<\/div>\n\n<div class=\" has-dynamic-border-radius has-image-size-cover has-image-radius-none is-style-default wp-block-biw-block-theme-biw-card\">\n\t\t\t<figure class=\"biw-card__image-wrapper \">\n\t\t\t<img decoding=\"async\" src=\"http:\/\/live-biw-main.pantheonsite.io\/wp-content\/uploads\/2025\/02\/Icon_EveryDay.svg\" alt=\"\" class=\"biw-card__image\" style=\"object-position: 50% 50%;\">\t\t<\/figure>\n\t\t<div class=\"biw-card__content\">\n\t\t<h3 class=\"biw-card__title\">\n\t\t\t\t\t\t\tTodos os Dias\t\t\t\t\t<\/h3>\n\t\t<div class=\"biw-card__text\">\n\n<p>Alguns dias n\u00e3o ser\u00e3o perfeitos. Mas, quando voc\u00ea mostra que o trabalho deles importa, o emprego se torna algo muito maior.<\/p>\n\n\n\n<p><strong>Solu\u00e7\u00f5es incluem:<\/strong><\/p>\n\n\n\n<ul class=\"wp-block-list\">\n<li>Reconhecimento e recompensas para colaboradores<\/li>\n\n\n\n<li>Pesquisa, an\u00e1lise e estrat\u00e9gia de engajamento<\/li>\n\n\n\n<li>Treinamento para colaboradores e gestores<\/li>\n\n\n\n<li>Estrat\u00e9gias e campanhas de comunica\u00e7\u00e3o<\/li>\n\n\n\n<li>Reuni\u00f5es e eventos corporativos<\/li>\n\n\n\n<li>Pesquisas com colaboradores<\/li>\n<\/ul>\n\n<\/div>\n\t<\/div>\n\t<\/div>\n\n<div class=\" has-dynamic-border-radius has-image-size-cover has-image-radius-none is-style-default wp-block-biw-block-theme-biw-card\">\n\t\t\t<figure class=\"biw-card__image-wrapper \">\n\t\t\t<img decoding=\"async\" src=\"http:\/\/live-biw-main.pantheonsite.io\/wp-content\/uploads\/2025\/02\/Icon_AchievementDay.svg\" alt=\"\" class=\"biw-card__image\" style=\"object-position: 50% 50%;\">\t\t<\/figure>\n\t\t<div class=\"biw-card__content\">\n\t\t<h3 class=\"biw-card__title\">\n\t\t\t\t\t\t\tDia da Conquista\t\t\t\t\t<\/h3>\n\t\t<div class=\"biw-card__text\">\n\n<p>Celebre quem d\u00e1 o seu melhor todos os dias. Anivers\u00e1rios de empresa e grandes conquistas merecem mais que um simples aceno \u2014 merecem destaque.<\/p>\n\n\n\n<p><strong>Solu\u00e7\u00f5es incluem:<\/strong><\/p>\n\n\n\n<ul class=\"wp-block-list\">\n<li>Reconhecimento e recompensas baseadas em resultados<\/li>\n\n\n\n<li>Pr\u00eamios por tempo de servi\u00e7o<\/li>\n\n\n\n<li>Viagens individuais e em grupo<\/li>\n<\/ul>\n\n<\/div>\n\t<\/div>\n\t<\/div>\n\n<div class=\" has-dynamic-border-radius has-image-size-cover has-image-radius-none is-style-default wp-block-biw-block-theme-biw-card\">\n\t\t\t<figure class=\"biw-card__image-wrapper \">\n\t\t\t<img decoding=\"async\" src=\"http:\/\/live-biw-main.pantheonsite.io\/wp-content\/uploads\/2025\/02\/Icon_ReferralDay.svg\" alt=\"\" class=\"biw-card__image\" style=\"object-position: 50% 50%;\">\t\t<\/figure>\n\t\t<div class=\"biw-card__content\">\n\t\t<h3 class=\"biw-card__title\">\n\t\t\t\t\t\t\tReferral day\t\t\t\t\t<\/h3>\n\t\t<div class=\"biw-card__text\">\n\n<p>Make your employees your biggest fans and they&#8217;ll want to tell everyone why your place is the place to be.<\/p>\n\n\n\n<p><strong>Solu\u00e7\u00f5es incluem:<\/strong><\/p>\n\n\n\n<ul class=\"wp-block-list\">\n<li>Programas de indica\u00e7\u00e3o de colaboradores<\/li>\n\n\n\n<li>Programas de indica\u00e7\u00e3o de clientes<\/li>\n\n\n\n<li>Pesquisa p\u00f3s-desligamento<\/li>\n\n\n\n<li>Pr\u00eamios para aposentados<\/li>\n<\/ul>\n\n<\/div>\n\t<\/div>\n\t<\/div><\/div>\n<span class='background-angle-wrapper'><svg fill='none' viewBox='0 0 1728 699' xmlns='http:\/\/www.w3.org\/2000\/svg'><path d='M1728 0H0V294.923L1728 698.43V0Z' fill='url(#69dcdd55ab7e3)'\/><defs><linearGradient id='69dcdd55ab7e3' x1='1738.8' x2='1701' y1='717.27' y2='15.023' gradientUnits='userSpaceOnUse'><stop stop-color='#FDB113' stop-opacity='.3' offset='0'\/><stop stop-color='#FDB113' stop-opacity='0' offset='1'\/><\/linearGradient><\/defs><\/svg><\/span><\/div>\n\n\n<div class=\"wp-block-group  layout-columns-7 has-global-padding is-layout-constrained wp-container-core-group-is-layout-a133ec42 wp-block-group-is-layout-constrained\">\n<h2 class=\"wp-block-heading\" style=\"padding-top:15px;padding-bottom:15px\">Tudo come\u00e7a aqui: torne seu local de trabalho um \u00edm\u00e3 para os melhores talentos.<\/h2>\n\n\n\n<p style=\"padding-top:15px;padding-bottom:15px\">Marcas de destaque n\u00e3o atraem apenas pessoas \u2014 elas atraem os melhores. Elas sabem o que representam e mant\u00eam sua ess\u00eancia. E a sua marca? O que ela representa? O que a torna \u00fanica? Fa\u00e7a as perguntas certas e use as respostas para moldar sua proposta de valor ao colaborador (EVP).<\/p>\n\n\n\n<p>O resultado? Um \u00edm\u00e3 mais forte<br>N\u00e3o se trata de atrair mais pessoas, mas sim as pessoas certas, alinhadas com sua miss\u00e3o.<\/p>\n\n\n\n<p style=\"padding-top:15px;padding-bottom:15px\">Mas aqui est\u00e1 a verdade: atrair talentos \u00e9 s\u00f3 o come\u00e7o. Sua marca precisa provar seu valor \u2014 todos os dias. Quando voc\u00ea \u00e9 fiel \u00e0 sua EVP, os candidatos ideais se tornam colaboradores leais e engajados, que aparecem, d\u00e3o o melhor de si e ajudam sua empresa a brilhar. Por qu\u00ea? Porque acreditam no que voc\u00ea est\u00e1 construindo \u2014 assim como voc\u00ea.<\/p>\n\n\n\n<p>Vamos dar vida \u00e0 sua EVP com:<\/p>\n\n\n\n<ul class=\"wp-block-list\">\n<li>Programas de integra\u00e7\u00e3o<\/li>\n\n\n\n<li>Treinamento para colaboradores e gestores<\/li>\n\n\n\n<li>Estrat\u00e9gias e campanhas de comunica\u00e7\u00e3o<\/li>\n\n\n\n<li>Branding do empregador<\/li>\n\n\n\n<li>Reconhecimento e recompensas<\/li>\n\n\n\n<li>Pr\u00eamios por tempo de servi\u00e7o<\/li>\n\n\n\n<li>Reuni\u00f5es e eventos corporativos<\/li>\n\n\n\n<li>Pesquisas com colaboradores e avalia\u00e7\u00e3o de programast<\/li>\n<\/ul>\n\n\n\n<p class=\"is-style-default is-style-default\"><strong>Pronto para transformar sua marca em um \u00edm\u00e3 poderoso de talentos?<br><\/strong><\/p>\n<\/div>\n\n\n\n<div class=\"wp-block-group alignfull  layout-columns-10 has-global-padding is-layout-constrained wp-container-core-group-is-layout-cc7bd7df wp-block-group-is-layout-constrained\">\n<div class=\"wp-block-group  layout-columns-8 has-global-padding is-layout-constrained wp-container-core-group-is-layout-fce79bf6 wp-block-group-is-layout-constrained\">\n<h2 class=\"wp-block-heading has-text-align-center\">Cada m\u00e9trica conta uma hist\u00f3ria<\/h2>\n<\/div>\n\n\n\n<div class=\"wp-block-group  layout-columns-10 has-global-padding is-layout-constrained wp-container-core-group-is-layout-0b5f5b40 wp-block-group-is-layout-constrained\">\n<div class=\"wp-block-group has-text-align-center is-layout-grid wp-container-core-group-is-layout-ef442fb0 wp-block-group-is-layout-grid\">\n<div class=\"wp-block-group is-vertical is-content-justification-center is-layout-flex wp-container-core-group-is-layout-81423f52 wp-block-group-is-layout-flex\">\n<h3 class=\"wp-block-heading has-text-align-left has-impact-font-size  has-text-wrap-no-wrap  has-gradient-fill has-gradient-fill-orange\">74<\/h3>\n\n\n\n<p class=\"has-text-align-center has-large-font-size  has-text-wrap-balance\">Net Promoter Score dos clientes que utilizam nossas solu\u00e7\u00f5es para colaboradores<\/p>\n<\/div>\n\n\n\n<div class=\"wp-block-group is-vertical is-content-justification-center is-layout-flex wp-container-core-group-is-layout-81423f52 wp-block-group-is-layout-flex\">\n<h3 class=\"wp-block-heading has-text-align-left has-impact-font-size  has-text-wrap-no-wrap  has-gradient-fill has-gradient-fill-orange\">4.7x<\/h3>\n\n\n\n<p class=\"has-text-align-center has-large-font-size  has-text-wrap-balance\">Mais chances de um colaborador se sentir valorizado ao ser reconhecido<\/p>\n<\/div>\n\n\n\n<div class=\"wp-block-group has-text-align-center is-vertical is-content-justification-center is-layout-flex wp-container-core-group-is-layout-81423f52 wp-block-group-is-layout-flex\">\n<h3 class=\"wp-block-heading has-text-align-left has-impact-font-size  has-text-wrap-no-wrap  has-gradient-fill has-gradient-fill-orange\">19<\/h3>\n\n\n\n<p class=\"has-text-align-center has-large-font-size  has-text-wrap-balance\">Reconhecimentos enviados todos os anos (um a cada dois segundos)<br><\/p>\n<\/div>\n<\/div>\n<\/div>\n<\/div>\n\n\n\n<div class=\"wp-block-group alignfull has-global-padding is-layout-constrained wp-container-core-group-is-layout-97ab3c77 wp-block-group-is-layout-constrained\">\n<div class=\"wp-block-group has-text-align-center  layout-columns-8 has-global-padding is-layout-constrained wp-container-core-group-is-layout-ee362a79 wp-block-group-is-layout-constrained\">\n<h2 class=\"wp-block-heading has-text-align-center  has-text-wrap-pretty\">Solu\u00e7\u00f5es para Engajamento dos Colaboradores<\/h2>\n\n\n\n<p class=\" has-text-wrap-balance\"><\/p>\n<\/div>\n\n\n\n<div class=\"wp-block-group  layout-columns-12 has-global-padding is-layout-constrained wp-container-core-group-is-layout-9e09659d wp-block-group-is-layout-constrained\">\n<div class=\"wp-block-group is-layout-grid wp-container-core-group-is-layout-c765d3c1 wp-block-group-is-layout-grid\"><div class=\" has-dynamic-border-radius has-link has-image-size-cover has-image-radius-none is-style-default wp-block-biw-block-theme-biw-card\">\n\t\t\t<figure class=\"biw-card__image-wrapper \">\n\t\t\t<img decoding=\"async\" src=\"http:\/\/live-biw-main.pantheonsite.io\/wp-content\/uploads\/2025\/02\/BIW_Site_Card_Recognition-scaled.jpg\" alt=\"A cupcake with blue frosting and colorful sprinkles is topped with a lit sparkler. The cupcake sits on a surface scattered with more sprinkles. The background is filled with colorful bokeh and out-of-focus balloons.\" class=\"biw-card__image\" style=\"object-position: 50% 50%;\">\t\t<\/figure>\n\t\t<div class=\"biw-card__content\">\n\t\t<h3 class=\"biw-card__title\">\n\t\t\t\t\t\t\t<a href=\"https:\/\/www.biworldwide.com\/pt-br\/recognition\/\" >\n\t\t\t\tReconhecimento\t\t\t\t<\/a>\n\t\t\t\t\t<\/h3>\n\t\t<div class=\"biw-card__text\">\n\n<p>Reconhecimento \u00e9 o que diferencia empresas comuns das extraordin\u00e1rias. Ele constr\u00f3i lealdade e impulsiona o desempenho.<\/p>\n\n<\/div>\n\t<\/div>\n\t\t\t<span class=\"biw-card__cta\">Saiba mais<\/span>\n\t<\/div>\n\n<div class=\" has-dynamic-border-radius has-link has-image-size-cover has-image-radius-none is-style-default wp-block-biw-block-theme-biw-card\">\n\t\t\t<figure class=\"biw-card__image-wrapper \">\n\t\t\t<img decoding=\"async\" src=\"http:\/\/live-biw-main.pantheonsite.io\/wp-content\/uploads\/2025\/02\/Rewards-1300x732px.jpg\" alt=\"Two people sit at a table with a laptop, smiling and high-fiving. One person holds a coffee cup. The background features abstract pink and orange shapes.\" class=\"biw-card__image\" style=\"object-position: 50% 50%;\">\t\t<\/figure>\n\t\t<div class=\"biw-card__content\">\n\t\t<h3 class=\"biw-card__title\">\n\t\t\t\t\t\t\t<a href=\"https:\/\/www.biworldwide.com\/pt-br\/rewards\/\" >\n\t\t\t\tRecompensas\t\t\t\t<\/a>\n\t\t\t\t\t<\/h3>\n\t\t<div class=\"biw-card__text\">\n\n<p>Recompensas inspiradoras motivam. Recompensas pessoais, memor\u00e1veis e \u00fanicas impulsionam o desempenho como nada mais.<\/p>\n\n<\/div>\n\t<\/div>\n\t\t\t<span class=\"biw-card__cta\">Saiba mais<\/span>\n\t<\/div>\n\n<div class=\" has-dynamic-border-radius has-link has-image-size-cover has-image-radius-none is-style-default wp-block-biw-block-theme-biw-card\">\n\t\t\t<figure class=\"biw-card__image-wrapper \">\n\t\t\t<img decoding=\"async\" src=\"http:\/\/live-biw-main.pantheonsite.io\/wp-content\/uploads\/2025\/02\/BIW_Site_Hero_DayMaker-scaled.jpg\" alt=\"A woman wearing a black beanie is blowing colorful confetti from her hands. The background is blurred, and the image has a layered design with geometric green shapes on the right side.\" class=\"biw-card__image\" style=\"object-position: 50% 50%;\">\t\t<\/figure>\n\t\t<div class=\"biw-card__content\">\n\t\t<h3 class=\"biw-card__title\">\n\t\t\t\t\t\t\t<a href=\"https:\/\/www.biworldwide.com\/pt-br\/daymaker\/\" >\n\t\t\t\tDayMaker\t\t\t\t<\/a>\n\t\t\t\t\t<\/h3>\n\t\t<div class=\"biw-card__text\">\n\n<p>Atraia, engaje e retenha os melhores talentos reconhecendo grandes feitos, recompensando vit\u00f3rias e celebrando marcos com nosso programa de reconhecimento de colaboradores.<\/p>\n\n<\/div>\n\t<\/div>\n\t\t\t<span class=\"biw-card__cta\">Saiba mais<\/span>\n\t<\/div>\n\n<div class=\" has-dynamic-border-radius has-link has-image-size-cover has-image-radius-none is-style-default wp-block-biw-block-theme-biw-card\">\n\t\t\t<figure class=\"biw-card__image-wrapper \">\n\t\t\t<img decoding=\"async\" src=\"http:\/\/live-biw-main.pantheonsite.io\/wp-content\/uploads\/2025\/02\/BIW_Site_Card_Elevate-scaled.jpg\" alt=\"A person with curly hair smiles and holds a smartphone. Theyre wearing a purple shirt with a geometric logo. Colorful icons, including a trophy, gift, chat bubble, and cake, are in the background on a gradient backdrop.\" class=\"biw-card__image\" style=\"object-position: 50% 50%;\">\t\t<\/figure>\n\t\t<div class=\"biw-card__content\">\n\t\t<h3 class=\"biw-card__title\">\n\t\t\t\t\t\t\t<a href=\"https:\/\/www.biworldwide.com\/pt-br\/elevate\/\" >\n\t\t\t\tElevate\t\t\t\t<\/a>\n\t\t\t\t\t<\/h3>\n\t\t<div class=\"biw-card__text\">\n\n<p>Com insights baseados em dados e uma interface intuitiva, o Elevate inspira sua equipe, promove mudan\u00e7as de comportamento, impulsiona a produtividade e entrega resultados excepcionais.<\/p>\n\n<\/div>\n\t<\/div>\n\t\t\t<span class=\"biw-card__cta\">Saiba mais<\/span>\n\t<\/div><\/div>\n<\/div>\n<\/div>\n","protected":false},"excerpt":{"rendered":"<p>Fa\u00e7a cada momento valer a pena. Tudo come\u00e7a aqui: torne seu local de trabalho um \u00edm\u00e3 para os melhores talentos. Marcas de destaque n\u00e3o atraem apenas pessoas \u2014 elas atraem os melhores. Elas sabem o que representam e mant\u00eam sua ess\u00eancia. E a sua marca? O que ela representa? O que a torna \u00fanica? Fa\u00e7a [&hellip;]<\/p>\n","protected":false},"author":11,"featured_media":0,"parent":0,"menu_order":0,"comment_status":"closed","ping_status":"closed","template":"","meta":{"featured_image_focal_point":{"x":0.5,"y":0.5},"footnotes":""},"wf_page_folders":[41],"class_list":["post-100","page","type-page","status-publish","hentry"],"yoast_head":"<!-- This site is optimized with the Yoast SEO plugin v26.2 - https:\/\/yoast.com\/wordpress\/plugins\/seo\/ -->\n<title>Engajamento dos colaboradores - Brazil (Portuguese)<\/title>\n<meta name=\"robots\" content=\"index, follow, max-snippet:-1, max-image-preview:large, max-video-preview:-1\" \/>\n<link rel=\"canonical\" href=\"https:\/\/www.biworldwide.com\/pt-br\/engajamento-dos-colaboradores\/\" \/>\n<meta property=\"og:locale\" content=\"pt_BR\" \/>\n<meta property=\"og:type\" content=\"article\" \/>\n<meta property=\"og:title\" content=\"Engajamento dos colaboradores - Brazil (Portuguese)\" \/>\n<meta property=\"og:description\" content=\"Fa\u00e7a cada momento valer a pena. Tudo come\u00e7a aqui: torne seu local de trabalho um \u00edm\u00e3 para os melhores talentos. Marcas de destaque n\u00e3o atraem apenas pessoas \u2014 elas atraem os melhores. Elas sabem o que representam e mant\u00eam sua ess\u00eancia. E a sua marca? O que ela representa? O que a torna \u00fanica? Fa\u00e7a [&hellip;]\" \/>\n<meta property=\"og:url\" content=\"https:\/\/www.biworldwide.com\/pt-br\/engajamento-dos-colaboradores\/\" \/>\n<meta property=\"og:site_name\" content=\"Brazil (Portuguese)\" \/>\n<meta property=\"article:modified_time\" content=\"2025-04-01T17:37:24+00:00\" \/>\n<meta name=\"twitter:card\" content=\"summary_large_image\" \/>\n<meta name=\"twitter:label1\" content=\"Est. reading time\" \/>\n\t<meta name=\"twitter:data1\" content=\"3 minutos\" \/>\n<script type=\"application\/ld+json\" class=\"yoast-schema-graph\">{\"@context\":\"https:\/\/schema.org\",\"@graph\":[{\"@type\":\"WebPage\",\"@id\":\"https:\/\/www.biworldwide.com\/pt-br\/engajamento-dos-colaboradores\/\",\"url\":\"https:\/\/www.biworldwide.com\/pt-br\/engajamento-dos-colaboradores\/\",\"name\":\"Engajamento dos colaboradores - Brazil (Portuguese)\",\"isPartOf\":{\"@id\":\"https:\/\/www.biworldwide.com\/pt-br\/#website\"},\"datePublished\":\"2025-01-14T16:14:45+00:00\",\"dateModified\":\"2025-04-01T17:37:24+00:00\",\"breadcrumb\":{\"@id\":\"https:\/\/www.biworldwide.com\/pt-br\/engajamento-dos-colaboradores\/#breadcrumb\"},\"inLanguage\":\"pt-BR\",\"potentialAction\":[{\"@type\":\"ReadAction\",\"target\":[\"https:\/\/www.biworldwide.com\/pt-br\/engajamento-dos-colaboradores\/\"]}]},{\"@type\":\"BreadcrumbList\",\"@id\":\"https:\/\/www.biworldwide.com\/pt-br\/engajamento-dos-colaboradores\/#breadcrumb\",\"itemListElement\":[{\"@type\":\"ListItem\",\"position\":1,\"name\":\"Home\",\"item\":\"https:\/\/www.biworldwide.com\/pt-br\/\"},{\"@type\":\"ListItem\",\"position\":2,\"name\":\"Engajamento dos colaboradores\"}]},{\"@type\":\"WebSite\",\"@id\":\"https:\/\/www.biworldwide.com\/pt-br\/#website\",\"url\":\"https:\/\/www.biworldwide.com\/pt-br\/\",\"name\":\"Brazil (Portuguese)\",\"description\":\"\",\"potentialAction\":[{\"@type\":\"SearchAction\",\"target\":{\"@type\":\"EntryPoint\",\"urlTemplate\":\"https:\/\/www.biworldwide.com\/pt-br\/?s={search_term_string}\"},\"query-input\":{\"@type\":\"PropertyValueSpecification\",\"valueRequired\":true,\"valueName\":\"search_term_string\"}}],\"inLanguage\":\"pt-BR\"}]}<\/script>\n<!-- \/ Yoast SEO plugin. -->","yoast_head_json":{"title":"Engajamento dos colaboradores - Brazil (Portuguese)","robots":{"index":"index","follow":"follow","max-snippet":"max-snippet:-1","max-image-preview":"max-image-preview:large","max-video-preview":"max-video-preview:-1"},"canonical":"https:\/\/www.biworldwide.com\/pt-br\/engajamento-dos-colaboradores\/","og_locale":"pt_BR","og_type":"article","og_title":"Engajamento dos colaboradores - Brazil (Portuguese)","og_description":"Fa\u00e7a cada momento valer a pena. Tudo come\u00e7a aqui: torne seu local de trabalho um \u00edm\u00e3 para os melhores talentos. Marcas de destaque n\u00e3o atraem apenas pessoas \u2014 elas atraem os melhores. Elas sabem o que representam e mant\u00eam sua ess\u00eancia. E a sua marca? O que ela representa? O que a torna \u00fanica? Fa\u00e7a [&hellip;]","og_url":"https:\/\/www.biworldwide.com\/pt-br\/engajamento-dos-colaboradores\/","og_site_name":"Brazil (Portuguese)","article_modified_time":"2025-04-01T17:37:24+00:00","twitter_card":"summary_large_image","twitter_misc":{"Est. reading time":"3 minutos"},"schema":{"@context":"https:\/\/schema.org","@graph":[{"@type":"WebPage","@id":"https:\/\/www.biworldwide.com\/pt-br\/engajamento-dos-colaboradores\/","url":"https:\/\/www.biworldwide.com\/pt-br\/engajamento-dos-colaboradores\/","name":"Engajamento dos colaboradores - Brazil (Portuguese)","isPartOf":{"@id":"https:\/\/www.biworldwide.com\/pt-br\/#website"},"datePublished":"2025-01-14T16:14:45+00:00","dateModified":"2025-04-01T17:37:24+00:00","breadcrumb":{"@id":"https:\/\/www.biworldwide.com\/pt-br\/engajamento-dos-colaboradores\/#breadcrumb"},"inLanguage":"pt-BR","potentialAction":[{"@type":"ReadAction","target":["https:\/\/www.biworldwide.com\/pt-br\/engajamento-dos-colaboradores\/"]}]},{"@type":"BreadcrumbList","@id":"https:\/\/www.biworldwide.com\/pt-br\/engajamento-dos-colaboradores\/#breadcrumb","itemListElement":[{"@type":"ListItem","position":1,"name":"Home","item":"https:\/\/www.biworldwide.com\/pt-br\/"},{"@type":"ListItem","position":2,"name":"Engajamento dos colaboradores"}]},{"@type":"WebSite","@id":"https:\/\/www.biworldwide.com\/pt-br\/#website","url":"https:\/\/www.biworldwide.com\/pt-br\/","name":"Brazil (Portuguese)","description":"","potentialAction":[{"@type":"SearchAction","target":{"@type":"EntryPoint","urlTemplate":"https:\/\/www.biworldwide.com\/pt-br\/?s={search_term_string}"},"query-input":{"@type":"PropertyValueSpecification","valueRequired":true,"valueName":"search_term_string"}}],"inLanguage":"pt-BR"}]}},"_links":{"self":[{"href":"https:\/\/www.biworldwide.com\/pt-br\/wp-json\/wp\/v2\/pages\/100","targetHints":{"allow":["GET"]}}],"collection":[{"href":"https:\/\/www.biworldwide.com\/pt-br\/wp-json\/wp\/v2\/pages"}],"about":[{"href":"https:\/\/www.biworldwide.com\/pt-br\/wp-json\/wp\/v2\/types\/page"}],"author":[{"embeddable":true,"href":"https:\/\/www.biworldwide.com\/pt-br\/wp-json\/wp\/v2\/users\/11"}],"replies":[{"embeddable":true,"href":"https:\/\/www.biworldwide.com\/pt-br\/wp-json\/wp\/v2\/comments?post=100"}],"version-history":[{"count":4,"href":"https:\/\/www.biworldwide.com\/pt-br\/wp-json\/wp\/v2\/pages\/100\/revisions"}],"predecessor-version":[{"id":821,"href":"https:\/\/www.biworldwide.com\/pt-br\/wp-json\/wp\/v2\/pages\/100\/revisions\/821"}],"wp:attachment":[{"href":"https:\/\/www.biworldwide.com\/pt-br\/wp-json\/wp\/v2\/media?parent=100"}],"wp:term":[{"taxonomy":"wf_page_folders","embeddable":true,"href":"https:\/\/www.biworldwide.com\/pt-br\/wp-json\/wp\/v2\/wf_page_folders?post=100"}],"curies":[{"name":"wp","href":"https:\/\/api.w.org\/{rel}","templated":true}]}}