{"id":102,"date":"2025-01-14T16:15:02","date_gmt":"2025-01-14T16:15:02","guid":{"rendered":"https:\/\/live-biw-main.pantheonsite.io\/?page_id=102"},"modified":"2025-04-01T12:03:54","modified_gmt":"2025-04-01T18:03:54","slug":"programas-para-a-forca-de-vendas","status":"publish","type":"page","link":"https:\/\/www.biworldwide.com\/pt-br\/programas-para-a-forca-de-vendas\/","title":{"rendered":"Motiva\u00e7\u00e3o da Equipe de Vendas"},"content":{"rendered":"<div class=\" has-content-align-left has-overlay has-overlay--dark alignfull wp-block-biw-block-theme-hero\">\n\t<div class=\"biw-hero__grid\">\n\t\t\n\t\t\t\t\t<div class=\"biw-hero__media \">\n\t\t\t\t\t\t\t\t\t<div class=\"biw-hero__overlay overlay-dark\"><\/div>\n\t\t\t\t\t\t\t\t<img decoding=\"async\" src=\"http:\/\/live-biw-main.pantheonsite.io\/wp-content\/uploads\/2025\/02\/SalesTamMotivation-1728x600px.jpg\" alt=\"Audience seated and listening to a speaker on stage, who is blurred and speaking into a microphone. The image has a purple overlay and a professional setting with people facing forward.\" class=\"biw-hero__bg-image\" style=\"object-position: 83% 37%;\">\t\t\t<\/div>\n\t\t\t\t<div class=\"biw-hero__content\">\n\t\t\t\t\t\t<h1 class=\"biw-hero__title\" style=\"line-height: 1.2\">\n\t\t\t\tMotiva\u00e7\u00e3o da Equipe de Vendas\t\t\t<\/h1>\n\t\t\t\t\t\t\t<h2 class=\"biw-hero__subtitle\">\n\t\t\t\t\tImpulsione sua for\u00e7a de vendas\t\t\t\t<\/h2>\n\t\t\t\t\t\t\t\t\t\t<div class=\"biw-hero__text\">\n\t\t\t\t\t\n\n<p>Mantenha sua equipe engajada, motivada e conectada \u00e0 sua marca com recompensas, incentivos, gamifica\u00e7\u00e3o e treinamento. Ajude-os a prosperar.<br><\/p>\n\n\t\t\t\t<\/div>\n\t\t\t\t\t\t\t\t<\/div>\n\t<\/div>\n<\/div>\n\n\n\n<div class=\"wp-block-group alignfull bg-angle-action-orange has-background-angle-to-right bg-angle-accent-gold has-global-padding is-layout-constrained wp-container-core-group-is-layout-d3543a3b wp-block-group-is-layout-constrained\">\n<div class=\"wp-block-group  layout-columns-6 has-global-padding is-layout-constrained wp-container-core-group-is-layout-97093539 wp-block-group-is-layout-constrained\">\n<h2 class=\"wp-block-heading has-text-align-center\">Eleve o n\u00edvel das suas vendas.<\/h2>\n\n\n\n<p class=\"has-text-align-center has-large-font-size\"><\/p>\n<\/div>\n\n\n\n<div class=\"wp-block-group  layout-columns-10 is-layout-grid wp-container-core-group-is-layout-211d2e0c wp-block-group-is-layout-grid\"><div class=\" has-dynamic-border-radius has-image-size-cover has-image-radius-none is-style-default wp-block-biw-block-theme-biw-card\">\n\t\t\t<figure class=\"biw-card__image-wrapper \">\n\t\t\t<img decoding=\"async\" src=\"http:\/\/live-biw-main.pantheonsite.io\/wp-content\/uploads\/2025\/02\/Icon_LevelSet.svg\" alt=\"\" class=\"biw-card__image\" style=\"object-position: 50% 50%;\">\t\t<\/figure>\n\t\t<div class=\"biw-card__content\">\n\t\t<h3 class=\"biw-card__title\">\n\t\t\t\t\t\t\tNivelamento\t\t\t\t\t<\/h3>\n\t\t<div class=\"biw-card__text\">\n\n<p>Vamos pausar por um momento. Pergunte a si mesmo: Qual \u00e9 o plano? Qual \u00e9 o objetivo? E o que est\u00e1 impedindo voc\u00ea de alcan\u00e7\u00e1-lo?<\/p>\n\n<\/div>\n\t<\/div>\n\t<\/div>\n\n<div class=\" has-dynamic-border-radius has-image-size-cover has-image-radius-none is-style-default wp-block-biw-block-theme-biw-card\">\n\t\t\t<figure class=\"biw-card__image-wrapper \">\n\t\t\t<img decoding=\"async\" src=\"http:\/\/live-biw-main.pantheonsite.io\/wp-content\/uploads\/2025\/02\/Icon_Enable.svg\" alt=\"\" class=\"biw-card__image\" style=\"object-position: 50% 50%;\">\t\t<\/figure>\n\t\t<div class=\"biw-card__content\">\n\t\t<h3 class=\"biw-card__title\">\n\t\t\t\t\t\t\tCapacita\u00e7\u00e3o\t\t\t\t\t<\/h3>\n\t\t<div class=\"biw-card__text\">\n\n<p>Voc\u00ea precisa da base certa \u2014 informa\u00e7\u00e3o, conte\u00fado, ferramentas e uma dose de confian\u00e7a. D\u00ea aos vendedores o suporte necess\u00e1rio para se conectarem com os clientes de forma impactante.<\/p>\n\n<\/div>\n\t<\/div>\n\t<\/div>\n\n<div class=\" has-dynamic-border-radius has-image-size-cover has-image-radius-none is-style-default wp-block-biw-block-theme-biw-card\">\n\t\t\t<figure class=\"biw-card__image-wrapper \">\n\t\t\t<img decoding=\"async\" src=\"http:\/\/live-biw-main.pantheonsite.io\/wp-content\/uploads\/2025\/02\/Icon_Inspire.svg\" alt=\"\" class=\"biw-card__image\" style=\"object-position: 50% 50%;\">\t\t<\/figure>\n\t\t<div class=\"biw-card__content\">\n\t\t<h3 class=\"biw-card__title\">\n\t\t\t\t\t\t\tInspira\u00e7\u00e3o\t\t\t\t\t<\/h3>\n\t\t<div class=\"biw-card__text\">\n\n<p>Dinheiro tem seus limites. Vendedores s\u00e3o movidos por emo\u00e7\u00e3o. Desafie, reconhe\u00e7a, recompense \u2014 e veja os resultados acontecerem.<\/p>\n\n<\/div>\n\t<\/div>\n\t<\/div>\n\n<div class=\" has-dynamic-border-radius has-image-size-cover has-image-radius-none is-style-default wp-block-biw-block-theme-biw-card\">\n\t\t\t<figure class=\"biw-card__image-wrapper \">\n\t\t\t<img decoding=\"async\" src=\"http:\/\/live-biw-main.pantheonsite.io\/wp-content\/uploads\/2025\/02\/Icon_LevelUp.svg\" alt=\"\" class=\"biw-card__image\" style=\"object-position: 50% 50%;\">\t\t<\/figure>\n\t\t<div class=\"biw-card__content\">\n\t\t<h3 class=\"biw-card__title\">\n\t\t\t\t\t\t\tEvolu\u00e7\u00e3o\t\t\t\t\t<\/h3>\n\t\t<div class=\"biw-card__text\">\n\n<p>Medir o progresso \u00e9 essencial para melhorar. Analise o que est\u00e1 funcionando e o que n\u00e3o est\u00e1, e use esses dados para elevar constantemente o desempenho.<\/p>\n\n<\/div>\n\t<\/div>\n\t<\/div><\/div>\n<span class='background-angle-wrapper'><svg fill='none' viewBox='0 0 1728 699' xmlns='http:\/\/www.w3.org\/2000\/svg'><path d='M1728 0H0V294.923L1728 698.43V0Z' fill='url(#69df0115a2693)'\/><defs><linearGradient id='69df0115a2693' x1='1738.8' x2='1701' y1='717.27' y2='15.023' gradientUnits='userSpaceOnUse'><stop stop-color='#FDB113' stop-opacity='.3' offset='0'\/><stop stop-color='#FDB113' stop-opacity='0' offset='1'\/><\/linearGradient><\/defs><\/svg><\/span><\/div>\n\n\n<div class=\"wp-block-group  layout-columns-6 has-global-padding is-layout-constrained wp-container-core-group-is-layout-967f6709 wp-block-group-is-layout-constrained\">\n<h2 class=\"wp-block-heading\">Motive sua equipe de vendas<\/h2>\n\n\n\n<p>As estrelas da sua for\u00e7a de vendas s\u00e3o f\u00e1ceis de motivar. Nenhuma surpresa a\u00ed. Mas e os novos colaboradores que ainda est\u00e3o se adaptando? Ou aqueles profissionais consistentes, de desempenho intermedi\u00e1rio, que poderiam ir muito al\u00e9m com o incentivo certo? \u00c9 a\u00ed que entramos.<\/p>\n\n\n\n<p>Somos seu parceiro estrat\u00e9gico para enfrentar os desafios de vendas de frente. Com uma combina\u00e7\u00e3o de ci\u00eancia comportamental e insights orientados por dados, criamos ferramentas e programas projetados para motivar, treinar e recompensar toda a sua equipe de vendas de maneira eficaz.<\/p>\n\n\n\n<p>Programas de incentivo personalizados. Solu\u00e7\u00f5es de treinamento. Viagens de incentivo. Gamifica\u00e7\u00e3o. Ajudamos voc\u00ea a criar as estrat\u00e9gias mais criativas \u2014 que v\u00e3o al\u00e9m dos planos de comiss\u00e3o. Juntos, faremos sua equipe pensar maior, se esfor\u00e7ar mais e, o mais importante, vender mais.<\/p>\n<\/div>\n\n\n\n<div class=\"wp-block-group alignfull has-global-padding is-layout-constrained wp-container-core-group-is-layout-d3543a3b wp-block-group-is-layout-constrained\">\n<div class=\"wp-block-group  layout-columns-8 has-global-padding is-layout-constrained wp-container-core-group-is-layout-ee362a79 wp-block-group-is-layout-constrained\">\n<h2 class=\"wp-block-heading has-text-align-center  has-text-wrap-pretty\">Solu\u00e7\u00f5es<\/h2>\n\n\n\n<p class=\"has-text-align-center has-large-font-size\"><\/p>\n<\/div>\n\n\n\n<div class=\"wp-block-group has-global-padding is-layout-constrained wp-block-group-is-layout-constrained\">\n<div class=\"wp-block-group  has-row-gap is-layout-grid wp-container-core-group-is-layout-c765d3c1 wp-block-group-is-layout-grid\" style=\"--row-gap:var(--wp--preset--spacing--50)\"><div class=\" has-link has-image-size-cover has-image-radius-none is-style-image-left wp-block-biw-block-theme-biw-card\">\n\t\t\t<figure class=\"biw-card__image-wrapper \">\n\t\t\t<img decoding=\"async\" src=\"http:\/\/live-biw-main.pantheonsite.io\/wp-content\/uploads\/2025\/02\/Sales-team-motivation-1300x732px.jpg\" alt=\"Blurry image of a speaker in a suit onstage, holding a microphone, addressing an audience. The room is dimly lit, with attendees mostly out of focus, suggesting a conference or presentation setting.\" class=\"biw-card__image\" style=\"object-position: 50% 50%;\">\t\t<\/figure>\n\t\t<div class=\"biw-card__content\">\n\t\t<h3 class=\"biw-card__title\">\n\t\t\t\t\t\t\t<a href=\"https:\/\/www.biworldwide.com\/pt-br\/salesmaker\/\" >\n\t\t\t\tSalesMaker\t\t\t\t<\/a>\n\t\t\t\t\t<\/h3>\n\t\t<div class=\"biw-card__text\">\n\n<p>Concursos de vendas devem motivar. Transforme essa energia em resultados reais que impactam o seu faturamento.<\/p>\n\n<\/div>\n\t<\/div>\n\t\t\t<span class=\"biw-card__cta\">Saiba Mais<\/span>\n\t<\/div>\n\n<div class=\" has-link has-image-size-cover has-image-radius-none is-style-image-left wp-block-biw-block-theme-biw-card\">\n\t\t\t<figure class=\"biw-card__image-wrapper \">\n\t\t\t<img decoding=\"async\" src=\"http:\/\/live-biw-main.pantheonsite.io\/wp-content\/uploads\/2025\/02\/Incentive-travel-1300x732px.jpg\" alt=\"A flat lay image featuring black and white striped flip-flops, white sunglasses, a round bottle of sunscreen, and a striped sun hat on an orange surface, evoking a summer or beach theme.\" class=\"biw-card__image\" style=\"object-position: 50% 50%;\">\t\t<\/figure>\n\t\t<div class=\"biw-card__content\">\n\t\t<h3 class=\"biw-card__title\">\n\t\t\t\t\t\t\t<a href=\"https:\/\/www.biworldwide.com\/pt-br\/incentive-travel\/\" >\n\t\t\t\tTravel Incentives\t\t\t\t<\/a>\n\t\t\t\t\t<\/h3>\n\t\t<div class=\"biw-card__text\">\n\n<p>Recompense sua equipe com mem\u00f3rias inesquec\u00edveis, pacotes de viagem personalizados ou experi\u00eancias \u00fanicas para quem prefere escolher seu pr\u00f3prio caminho.<\/p>\n\n<\/div>\n\t<\/div>\n\t\t\t<span class=\"biw-card__cta\">Saiba Mais<\/span>\n\t<\/div>\n\n<div class=\" has-link has-image-size-cover has-image-radius-none is-style-image-left wp-block-biw-block-theme-biw-card\">\n\t\t\t<figure class=\"biw-card__image-wrapper \">\n\t\t\t<img decoding=\"async\" src=\"http:\/\/live-biw-main.pantheonsite.io\/wp-content\/uploads\/2025\/02\/Gamification-1300x732px.jpg\" alt=\"A vintage padlock surrounded by a circle of nine old-fashioned metal keys on a rustic wooden surface. The arrangement forms a radial pattern with the padlock in the center.\" class=\"biw-card__image\" style=\"object-position: 50% 50%;\">\t\t<\/figure>\n\t\t<div class=\"biw-card__content\">\n\t\t<h3 class=\"biw-card__title\">\n\t\t\t\t\t\t\t<a href=\"https:\/\/www.biworldwide.com\/pt-br\/gamification\/\" >\n\t\t\t\tGamifica\u00e7\u00e3o em Vendas\t\t\t\t<\/a>\n\t\t\t\t\t<\/h3>\n\t\t<div class=\"biw-card__text\">\n\n<p>Aproveite o poder da gamifica\u00e7\u00e3o para engajar seus clientes, colaboradores e parceiros a fazer mais dentro dos sistemas que importam para o seu neg\u00f3cio.<\/p>\n\n<\/div>\n\t<\/div>\n\t\t\t<span class=\"biw-card__cta\">Saiba Mais<\/span>\n\t<\/div>\n\n<div class=\" has-link has-image-size-cover has-image-radius-none is-style-image-left wp-block-biw-block-theme-biw-card\">\n\t\t\t<figure class=\"biw-card__image-wrapper \">\n\t\t\t<img decoding=\"async\" src=\"http:\/\/live-biw-main.pantheonsite.io\/wp-content\/uploads\/2025\/02\/Meetings-and-events-1300x732px.jpg\" alt=\"A person wearing headphones operates a camera in a studio with bright stage lights in the background. The scene is predominantly blue with a translucent orange overlay on the right side. The background shows out-of-focus illuminated screens.\" class=\"biw-card__image\" style=\"object-position: 50% 50%;\">\t\t<\/figure>\n\t\t<div class=\"biw-card__content\">\n\t\t<h3 class=\"biw-card__title\">\n\t\t\t\t\t\t\t<a href=\"https:\/\/www.biworldwide.com\/pt-br\/meetings-and-events\/\" >\n\t\t\t\tEventos de Vendas\t\t\t\t<\/a>\n\t\t\t\t\t<\/h3>\n\t\t<div class=\"biw-card__text\">\n\n<p>Inspire sua equipe com encontros coordenados com excel\u00eancia, personalizados em cada detalhe.<\/p>\n\n<\/div>\n\t<\/div>\n\t\t\t<span class=\"biw-card__cta\">Saiba Mais<\/span>\n\t<\/div><\/div>\n<\/div>\n<\/div>\n","protected":false},"excerpt":{"rendered":"<p>Eleve o n\u00edvel das suas vendas. Motive sua equipe de vendas As estrelas da sua for\u00e7a de vendas s\u00e3o f\u00e1ceis de motivar. Nenhuma surpresa a\u00ed. Mas e os novos colaboradores que ainda est\u00e3o se adaptando? Ou aqueles profissionais consistentes, de desempenho intermedi\u00e1rio, que poderiam ir muito al\u00e9m com o incentivo certo? \u00c9 a\u00ed que entramos. [&hellip;]<\/p>\n","protected":false},"author":11,"featured_media":0,"parent":0,"menu_order":0,"comment_status":"closed","ping_status":"closed","template":"","meta":{"featured_image_focal_point":{"x":0.5,"y":0.5},"footnotes":""},"wf_page_folders":[41],"class_list":["post-102","page","type-page","status-publish","hentry"],"yoast_head":"<!-- This site is optimized with the Yoast SEO plugin v26.2 - https:\/\/yoast.com\/wordpress\/plugins\/seo\/ -->\n<title>Motiva\u00e7\u00e3o da Equipe de Vendas - Brazil (Portuguese)<\/title>\n<meta name=\"robots\" content=\"index, follow, max-snippet:-1, max-image-preview:large, max-video-preview:-1\" \/>\n<link rel=\"canonical\" href=\"https:\/\/www.biworldwide.com\/pt-br\/programas-para-a-forca-de-vendas\/\" \/>\n<meta property=\"og:locale\" content=\"pt_BR\" \/>\n<meta property=\"og:type\" content=\"article\" \/>\n<meta property=\"og:title\" content=\"Motiva\u00e7\u00e3o da Equipe de Vendas - Brazil (Portuguese)\" \/>\n<meta property=\"og:description\" content=\"Eleve o n\u00edvel das suas vendas. Motive sua equipe de vendas As estrelas da sua for\u00e7a de vendas s\u00e3o f\u00e1ceis de motivar. Nenhuma surpresa a\u00ed. Mas e os novos colaboradores que ainda est\u00e3o se adaptando? Ou aqueles profissionais consistentes, de desempenho intermedi\u00e1rio, que poderiam ir muito al\u00e9m com o incentivo certo? \u00c9 a\u00ed que entramos. [&hellip;]\" \/>\n<meta property=\"og:url\" content=\"https:\/\/www.biworldwide.com\/pt-br\/programas-para-a-forca-de-vendas\/\" \/>\n<meta property=\"og:site_name\" content=\"Brazil (Portuguese)\" \/>\n<meta property=\"article:modified_time\" content=\"2025-04-01T18:03:54+00:00\" \/>\n<meta name=\"twitter:card\" content=\"summary_large_image\" \/>\n<meta name=\"twitter:label1\" content=\"Est. reading time\" \/>\n\t<meta name=\"twitter:data1\" content=\"2 minutos\" \/>\n<script type=\"application\/ld+json\" class=\"yoast-schema-graph\">{\"@context\":\"https:\/\/schema.org\",\"@graph\":[{\"@type\":\"WebPage\",\"@id\":\"https:\/\/www.biworldwide.com\/pt-br\/programas-para-a-forca-de-vendas\/\",\"url\":\"https:\/\/www.biworldwide.com\/pt-br\/programas-para-a-forca-de-vendas\/\",\"name\":\"Motiva\u00e7\u00e3o da Equipe de Vendas - Brazil (Portuguese)\",\"isPartOf\":{\"@id\":\"https:\/\/www.biworldwide.com\/pt-br\/#website\"},\"datePublished\":\"2025-01-14T16:15:02+00:00\",\"dateModified\":\"2025-04-01T18:03:54+00:00\",\"breadcrumb\":{\"@id\":\"https:\/\/www.biworldwide.com\/pt-br\/programas-para-a-forca-de-vendas\/#breadcrumb\"},\"inLanguage\":\"pt-BR\",\"potentialAction\":[{\"@type\":\"ReadAction\",\"target\":[\"https:\/\/www.biworldwide.com\/pt-br\/programas-para-a-forca-de-vendas\/\"]}]},{\"@type\":\"BreadcrumbList\",\"@id\":\"https:\/\/www.biworldwide.com\/pt-br\/programas-para-a-forca-de-vendas\/#breadcrumb\",\"itemListElement\":[{\"@type\":\"ListItem\",\"position\":1,\"name\":\"Home\",\"item\":\"https:\/\/www.biworldwide.com\/pt-br\/\"},{\"@type\":\"ListItem\",\"position\":2,\"name\":\"Motiva\u00e7\u00e3o da Equipe de Vendas\"}]},{\"@type\":\"WebSite\",\"@id\":\"https:\/\/www.biworldwide.com\/pt-br\/#website\",\"url\":\"https:\/\/www.biworldwide.com\/pt-br\/\",\"name\":\"Brazil (Portuguese)\",\"description\":\"\",\"potentialAction\":[{\"@type\":\"SearchAction\",\"target\":{\"@type\":\"EntryPoint\",\"urlTemplate\":\"https:\/\/www.biworldwide.com\/pt-br\/?s={search_term_string}\"},\"query-input\":{\"@type\":\"PropertyValueSpecification\",\"valueRequired\":true,\"valueName\":\"search_term_string\"}}],\"inLanguage\":\"pt-BR\"}]}<\/script>\n<!-- \/ Yoast SEO plugin. -->","yoast_head_json":{"title":"Motiva\u00e7\u00e3o da Equipe de Vendas - Brazil (Portuguese)","robots":{"index":"index","follow":"follow","max-snippet":"max-snippet:-1","max-image-preview":"max-image-preview:large","max-video-preview":"max-video-preview:-1"},"canonical":"https:\/\/www.biworldwide.com\/pt-br\/programas-para-a-forca-de-vendas\/","og_locale":"pt_BR","og_type":"article","og_title":"Motiva\u00e7\u00e3o da Equipe de Vendas - Brazil (Portuguese)","og_description":"Eleve o n\u00edvel das suas vendas. Motive sua equipe de vendas As estrelas da sua for\u00e7a de vendas s\u00e3o f\u00e1ceis de motivar. Nenhuma surpresa a\u00ed. Mas e os novos colaboradores que ainda est\u00e3o se adaptando? Ou aqueles profissionais consistentes, de desempenho intermedi\u00e1rio, que poderiam ir muito al\u00e9m com o incentivo certo? \u00c9 a\u00ed que entramos. [&hellip;]","og_url":"https:\/\/www.biworldwide.com\/pt-br\/programas-para-a-forca-de-vendas\/","og_site_name":"Brazil (Portuguese)","article_modified_time":"2025-04-01T18:03:54+00:00","twitter_card":"summary_large_image","twitter_misc":{"Est. reading time":"2 minutos"},"schema":{"@context":"https:\/\/schema.org","@graph":[{"@type":"WebPage","@id":"https:\/\/www.biworldwide.com\/pt-br\/programas-para-a-forca-de-vendas\/","url":"https:\/\/www.biworldwide.com\/pt-br\/programas-para-a-forca-de-vendas\/","name":"Motiva\u00e7\u00e3o da Equipe de Vendas - Brazil (Portuguese)","isPartOf":{"@id":"https:\/\/www.biworldwide.com\/pt-br\/#website"},"datePublished":"2025-01-14T16:15:02+00:00","dateModified":"2025-04-01T18:03:54+00:00","breadcrumb":{"@id":"https:\/\/www.biworldwide.com\/pt-br\/programas-para-a-forca-de-vendas\/#breadcrumb"},"inLanguage":"pt-BR","potentialAction":[{"@type":"ReadAction","target":["https:\/\/www.biworldwide.com\/pt-br\/programas-para-a-forca-de-vendas\/"]}]},{"@type":"BreadcrumbList","@id":"https:\/\/www.biworldwide.com\/pt-br\/programas-para-a-forca-de-vendas\/#breadcrumb","itemListElement":[{"@type":"ListItem","position":1,"name":"Home","item":"https:\/\/www.biworldwide.com\/pt-br\/"},{"@type":"ListItem","position":2,"name":"Motiva\u00e7\u00e3o da Equipe de Vendas"}]},{"@type":"WebSite","@id":"https:\/\/www.biworldwide.com\/pt-br\/#website","url":"https:\/\/www.biworldwide.com\/pt-br\/","name":"Brazil (Portuguese)","description":"","potentialAction":[{"@type":"SearchAction","target":{"@type":"EntryPoint","urlTemplate":"https:\/\/www.biworldwide.com\/pt-br\/?s={search_term_string}"},"query-input":{"@type":"PropertyValueSpecification","valueRequired":true,"valueName":"search_term_string"}}],"inLanguage":"pt-BR"}]}},"_links":{"self":[{"href":"https:\/\/www.biworldwide.com\/pt-br\/wp-json\/wp\/v2\/pages\/102","targetHints":{"allow":["GET"]}}],"collection":[{"href":"https:\/\/www.biworldwide.com\/pt-br\/wp-json\/wp\/v2\/pages"}],"about":[{"href":"https:\/\/www.biworldwide.com\/pt-br\/wp-json\/wp\/v2\/types\/page"}],"author":[{"embeddable":true,"href":"https:\/\/www.biworldwide.com\/pt-br\/wp-json\/wp\/v2\/users\/11"}],"replies":[{"embeddable":true,"href":"https:\/\/www.biworldwide.com\/pt-br\/wp-json\/wp\/v2\/comments?post=102"}],"version-history":[{"count":7,"href":"https:\/\/www.biworldwide.com\/pt-br\/wp-json\/wp\/v2\/pages\/102\/revisions"}],"predecessor-version":[{"id":904,"href":"https:\/\/www.biworldwide.com\/pt-br\/wp-json\/wp\/v2\/pages\/102\/revisions\/904"}],"wp:attachment":[{"href":"https:\/\/www.biworldwide.com\/pt-br\/wp-json\/wp\/v2\/media?parent=102"}],"wp:term":[{"taxonomy":"wf_page_folders","embeddable":true,"href":"https:\/\/www.biworldwide.com\/pt-br\/wp-json\/wp\/v2\/wf_page_folders?post=102"}],"curies":[{"name":"wp","href":"https:\/\/api.w.org\/{rel}","templated":true}]}}