{"id":108,"date":"2025-01-14T16:15:43","date_gmt":"2025-01-14T16:15:43","guid":{"rendered":"https:\/\/live-biw-main.pantheonsite.io\/?page_id=108"},"modified":"2025-04-01T12:09:25","modified_gmt":"2025-04-01T18:09:25","slug":"comunicacoes","status":"publish","type":"page","link":"https:\/\/www.biworldwide.com\/pt-br\/comunicacoes\/","title":{"rendered":"Comunica\u00e7\u00f5es"},"content":{"rendered":"<div class=\" has-content-align-left has-overlay has-overlay--dark alignfull wp-block-biw-block-theme-hero\">\n\t<div class=\"biw-hero__grid\">\n\t\t\n\t\t\t\t\t<div class=\"biw-hero__media \">\n\t\t\t\t\t\t\t\t\t<div class=\"biw-hero__overlay overlay-dark\"><\/div>\n\t\t\t\t\t\t\t\t<img decoding=\"async\" src=\"http:\/\/live-biw-main.pantheonsite.io\/wp-content\/uploads\/2025\/02\/Communications-swirl-of-colored-paper-1728x600px.jpg\" alt=\"Abstract image featuring layered, curved shapes with a gradient of orange, yellow, and red hues. The design creates a sense of depth and movement from left to right, with smooth transitions between colors.\" class=\"biw-hero__bg-image\" style=\"object-position: 50% 50%;\">\t\t\t<\/div>\n\t\t\t\t<div class=\"biw-hero__content\">\n\t\t\t\t\t\t<h1 class=\"biw-hero__title\" style=\"line-height: 1.2\">\n\t\t\t\t<strong>Comunica\u00e7\u00f5es<\/strong>\t\t\t<\/h1>\n\t\t\t\t\t\t\t\t\t\t<div class=\"biw-hero__text\">\n\t\t\t\t\t\n\n<p>A quantidade de informa\u00e7\u00e3o \u00e0 qual seus clientes, colaboradores e equipes de vendas est\u00e3o expostos a cada dia, hora e minuto continua crescendo. Capte e mantenha a aten\u00e7\u00e3o deles, e destaque-se em meio ao ru\u00eddo.<\/p>\n\n\t\t\t\t<\/div>\n\t\t\t\t\t\t\t\t<\/div>\n\t<\/div>\n<\/div>\n\n\n\n<div class=\"wp-block-group  layout-columns-8 has-global-padding is-layout-constrained wp-container-core-group-is-layout-fce79bf6 wp-block-group-is-layout-constrained\">\n<p>Servimos inspira\u00e7\u00e3o di\u00e1ria ao nosso p\u00fablico: solu\u00e7\u00f5es estrat\u00e9gicas compostas por t\u00e1ticas digitais, impressas, ambientais e experienciais que transformam comportamentos e percep\u00e7\u00f5es.<br><br>Nosso time dos sonhos \u00e9 um grupo diverso e talentoso de profissionais especialistas em suas \u00e1reas, com mais de 100 pr\u00eamios criativos e mais de 180.000 campanhas globais que comprovam isso. Nossa equipe premiada j\u00e1 foi reconhecida por Brandon Hall, How Design, Hermes e, recentemente, recebeu um Gold Stevie por marketing voltado para colaboradores.<\/p>\n\n\n\n<p><\/p>\n\n\n\n<p class=\"has-xxl-font-size\"><strong><strong><a href=\"https:\/\/www.biworldwide.com\/pt-br\/engajamento-dos-colaboradores\/\">Experi\u00eancia do Colaborador<\/a><\/strong><\/strong><\/p>\n\n\n\n<p>Ayudamos a los empleados a enamorarse de las empresas por primera vez, o a reavivar su pasi\u00f3n por el trabajo. Como resultado, los niveles de rendimiento se disparan. Impulsamos el compromiso, la conexi\u00f3n, la inspiraci\u00f3n y el rendimiento de los empleados mediante el branding de reconocimiento y contenido creativo que amplifica la propuesta de valor del empleado (EVP) y eleva la experiencia del empleado, sin importar en qu\u00e9 etapa de su viaje como empleado se encuentren.<\/p>\n\n\n\n<p class=\"has-xxl-font-size\"><strong><strong><strong><a href=\"https:\/\/www.biworldwide.com\/pt-br\/programas-para-a-forca-de-vendas\/\">Experi\u00eancia de Vendas<\/a><\/strong><\/strong><\/strong><\/p>\n\n\n\n<p>As audi\u00eancias de vendas hoje est\u00e3o saturadas de informa\u00e7\u00f5es concorrentes \u2014 uma realidade que chamamos de infobesidade. Por isso, oferecemos uma abordagem simplificada que corta o ru\u00eddo com mensagens claras, que os vendedores conseguem absorver com facilidade. Eles se apaixonam por isso.<\/p>\n\n\n\n<p>Mas n\u00e3o \u00e9 s\u00f3 emo\u00e7\u00e3o. Tamb\u00e9m utilizamos o Fastbrain Communications\u2122, nosso pr\u00f3prio framework exclusivo baseado em neuroci\u00eancia, que nos ajuda a projetar gatilhos emocionais e mensagens aut\u00eanticas para cada p\u00fablico, permitindo que eles retenham informa\u00e7\u00f5es importantes e ajam com base nelas.<\/p>\n\n\n\n<p>Ao usar nossa pesquisa propriet\u00e1ria de vendas e canais, conceitos aplicados da economia comportamental e uma profunda expertise em marketing, temos o poder de cativar e mudar comportamentos. Nossas solu\u00e7\u00f5es personalizadas se adaptam \u00e0 forma como os p\u00fablicos precisam consumir informa\u00e7\u00e3o \u2014 com base em objetivos comerciais e de receita, bem como em como passam o dia.<\/p>\n\n\n\n<p><strong>Problemas que resolvemos<\/strong><\/p>\n\n\n\n<ul class=\"wp-block-list\">\n<li>Fabrica\u00e7\u00e3o e instala\u00e7\u00e3o<\/li>\n\n\n\n<li>Branding<\/li>\n\n\n\n<li>Estrat\u00e9gia de conte\u00fado e design da jornada<\/li>\n\n\n\n<li>Estrat\u00e9gia de campanhas de engajamento de vendas<\/li>\n\n\n\n<li>Employer branding e design da EVP<\/li>\n\n\n\n<li>Frameworks de mudan\u00e7a de comportamento (gest\u00e3o da mudan\u00e7a)<\/li>\n\n\n\n<li>Engajamento de gestores e influenciadores<\/li>\n\n\n\n<li>Engajamento de colaboradores sem acesso a desktop<\/li>\n\n\n\n<li>Promo\u00e7\u00e3o e acompanhamento de reuni\u00f5es e eventos (pr\u00e9 e p\u00f3s-evento)<\/li>\n\n\n\n<li>Solu\u00e7\u00f5es de est\u00fadio: \u00e1udio e v\u00eddeo (pr\u00e9 e p\u00f3s-produ\u00e7\u00e3o) \u2013 motion graphics, live action, remoto, ao vivo<\/li>\n\n\n\n<li>Servi\u00e7os digitais completos \u2013 aplicativos web, microsites, plataformas, e-mail marketing, dashboards, rankings, mapas de acompanhamento, salas 360<\/li>\n\n\n\n<li>Impress\u00e3o completa \u2013 materiais promocionais, envios, embalagens, kits, espa\u00e7os de trabalho, ambienta\u00e7\u00f5es<\/li>\n<\/ul>\n<\/div>\n\n\n\n<div class=\"wp-block-group alignfull has-global-padding is-layout-constrained wp-container-core-group-is-layout-e04489b5 wp-block-group-is-layout-constrained\">\n<div class=\"wp-block-group  layout-columns-8 has-global-padding is-layout-constrained wp-container-core-group-is-layout-fce79bf6 wp-block-group-is-layout-constrained\">\n<h2 class=\"wp-block-heading has-text-align-center\"><strong>Os n\u00fameros contam uma hist\u00f3ria.<\/strong><\/h2>\n<\/div>\n\n\n\n<div class=\"wp-block-group  layout-columns-10 has-global-padding is-layout-constrained wp-container-core-group-is-layout-0b5f5b40 wp-block-group-is-layout-constrained\">\n<div class=\"wp-block-group has-text-align-center is-layout-grid wp-container-core-group-is-layout-ef442fb0 wp-block-group-is-layout-grid\">\n<div class=\"wp-block-group is-vertical is-content-justification-center is-layout-flex wp-container-core-group-is-layout-81423f52 wp-block-group-is-layout-flex\">\n<h3 class=\"wp-block-heading has-impact-font-size  has-text-wrap-no-wrap  has-gradient-fill has-gradient-fill-green\">180k<\/h3>\n\n\n\n<p class=\"has-text-align-center has-large-font-size  has-text-wrap-balance\">Projetos conclu\u00eddos no ano passado<\/p>\n<\/div>\n\n\n\n<div class=\"wp-block-group is-vertical is-content-justification-center is-layout-flex wp-container-core-group-is-layout-81423f52 wp-block-group-is-layout-flex\">\n<h3 class=\"wp-block-heading has-impact-font-size  has-text-wrap-no-wrap  has-gradient-fill has-gradient-fill-green\">350%<\/h3>\n\n\n\n<p class=\"has-text-align-center has-large-font-size  has-text-wrap-balance\">Aumento m\u00e9dio na atividade desejada<\/p>\n<\/div>\n\n\n\n<div class=\"wp-block-group is-vertical is-content-justification-center is-layout-flex wp-container-core-group-is-layout-81423f52 wp-block-group-is-layout-flex\">\n<h3 class=\"wp-block-heading has-impact-font-size  has-text-wrap-no-wrap  has-gradient-fill has-gradient-fill-green\">100+<\/h3>\n\n\n\n<p class=\"has-text-align-center has-large-font-size  has-text-wrap-balance\">Pr\u00eamios criativos e do setor conquistados<\/p>\n<\/div>\n<\/div>\n<\/div>\n<\/div>\n","protected":false},"excerpt":{"rendered":"<p>Servimos inspira\u00e7\u00e3o di\u00e1ria ao nosso p\u00fablico: solu\u00e7\u00f5es estrat\u00e9gicas compostas por t\u00e1ticas digitais, impressas, ambientais e experienciais que transformam comportamentos e percep\u00e7\u00f5es. Nosso time dos sonhos \u00e9 um grupo diverso e talentoso de profissionais especialistas em suas \u00e1reas, com mais de 100 pr\u00eamios criativos e mais de 180.000 campanhas globais que comprovam isso. Nossa equipe premiada [&hellip;]<\/p>\n","protected":false},"author":11,"featured_media":0,"parent":0,"menu_order":0,"comment_status":"closed","ping_status":"closed","template":"","meta":{"featured_image_focal_point":{"x":0.5,"y":0.5},"footnotes":""},"wf_page_folders":[39],"class_list":["post-108","page","type-page","status-publish","hentry"],"yoast_head":"<!-- This site is optimized with the Yoast SEO plugin v26.2 - https:\/\/yoast.com\/wordpress\/plugins\/seo\/ -->\n<title>Comunica\u00e7\u00f5es - Brazil (Portuguese)<\/title>\n<meta name=\"robots\" content=\"index, follow, max-snippet:-1, max-image-preview:large, max-video-preview:-1\" \/>\n<link rel=\"canonical\" href=\"https:\/\/www.biworldwide.com\/pt-br\/comunicacoes\/\" \/>\n<meta property=\"og:locale\" content=\"pt_BR\" \/>\n<meta property=\"og:type\" content=\"article\" \/>\n<meta property=\"og:title\" content=\"Comunica\u00e7\u00f5es - Brazil (Portuguese)\" \/>\n<meta property=\"og:description\" content=\"Servimos inspira\u00e7\u00e3o di\u00e1ria ao nosso p\u00fablico: solu\u00e7\u00f5es estrat\u00e9gicas compostas por t\u00e1ticas digitais, impressas, ambientais e experienciais que transformam comportamentos e percep\u00e7\u00f5es. Nosso time dos sonhos \u00e9 um grupo diverso e talentoso de profissionais especialistas em suas \u00e1reas, com mais de 100 pr\u00eamios criativos e mais de 180.000 campanhas globais que comprovam isso. Nossa equipe premiada [&hellip;]\" \/>\n<meta property=\"og:url\" content=\"https:\/\/www.biworldwide.com\/pt-br\/comunicacoes\/\" \/>\n<meta property=\"og:site_name\" content=\"Brazil (Portuguese)\" \/>\n<meta property=\"article:modified_time\" content=\"2025-04-01T18:09:25+00:00\" \/>\n<meta name=\"twitter:card\" content=\"summary_large_image\" \/>\n<meta name=\"twitter:label1\" content=\"Est. reading time\" \/>\n\t<meta name=\"twitter:data1\" content=\"3 minutos\" \/>\n<script type=\"application\/ld+json\" class=\"yoast-schema-graph\">{\"@context\":\"https:\/\/schema.org\",\"@graph\":[{\"@type\":\"WebPage\",\"@id\":\"https:\/\/www.biworldwide.com\/pt-br\/comunicacoes\/\",\"url\":\"https:\/\/www.biworldwide.com\/pt-br\/comunicacoes\/\",\"name\":\"Comunica\u00e7\u00f5es - Brazil (Portuguese)\",\"isPartOf\":{\"@id\":\"https:\/\/www.biworldwide.com\/pt-br\/#website\"},\"datePublished\":\"2025-01-14T16:15:43+00:00\",\"dateModified\":\"2025-04-01T18:09:25+00:00\",\"breadcrumb\":{\"@id\":\"https:\/\/www.biworldwide.com\/pt-br\/comunicacoes\/#breadcrumb\"},\"inLanguage\":\"pt-BR\",\"potentialAction\":[{\"@type\":\"ReadAction\",\"target\":[\"https:\/\/www.biworldwide.com\/pt-br\/comunicacoes\/\"]}]},{\"@type\":\"BreadcrumbList\",\"@id\":\"https:\/\/www.biworldwide.com\/pt-br\/comunicacoes\/#breadcrumb\",\"itemListElement\":[{\"@type\":\"ListItem\",\"position\":1,\"name\":\"Home\",\"item\":\"https:\/\/www.biworldwide.com\/pt-br\/\"},{\"@type\":\"ListItem\",\"position\":2,\"name\":\"Comunica\u00e7\u00f5es\"}]},{\"@type\":\"WebSite\",\"@id\":\"https:\/\/www.biworldwide.com\/pt-br\/#website\",\"url\":\"https:\/\/www.biworldwide.com\/pt-br\/\",\"name\":\"Brazil (Portuguese)\",\"description\":\"\",\"potentialAction\":[{\"@type\":\"SearchAction\",\"target\":{\"@type\":\"EntryPoint\",\"urlTemplate\":\"https:\/\/www.biworldwide.com\/pt-br\/?s={search_term_string}\"},\"query-input\":{\"@type\":\"PropertyValueSpecification\",\"valueRequired\":true,\"valueName\":\"search_term_string\"}}],\"inLanguage\":\"pt-BR\"}]}<\/script>\n<!-- \/ Yoast SEO plugin. -->","yoast_head_json":{"title":"Comunica\u00e7\u00f5es - Brazil (Portuguese)","robots":{"index":"index","follow":"follow","max-snippet":"max-snippet:-1","max-image-preview":"max-image-preview:large","max-video-preview":"max-video-preview:-1"},"canonical":"https:\/\/www.biworldwide.com\/pt-br\/comunicacoes\/","og_locale":"pt_BR","og_type":"article","og_title":"Comunica\u00e7\u00f5es - Brazil (Portuguese)","og_description":"Servimos inspira\u00e7\u00e3o di\u00e1ria ao nosso p\u00fablico: solu\u00e7\u00f5es estrat\u00e9gicas compostas por t\u00e1ticas digitais, impressas, ambientais e experienciais que transformam comportamentos e percep\u00e7\u00f5es. Nosso time dos sonhos \u00e9 um grupo diverso e talentoso de profissionais especialistas em suas \u00e1reas, com mais de 100 pr\u00eamios criativos e mais de 180.000 campanhas globais que comprovam isso. Nossa equipe premiada [&hellip;]","og_url":"https:\/\/www.biworldwide.com\/pt-br\/comunicacoes\/","og_site_name":"Brazil (Portuguese)","article_modified_time":"2025-04-01T18:09:25+00:00","twitter_card":"summary_large_image","twitter_misc":{"Est. reading time":"3 minutos"},"schema":{"@context":"https:\/\/schema.org","@graph":[{"@type":"WebPage","@id":"https:\/\/www.biworldwide.com\/pt-br\/comunicacoes\/","url":"https:\/\/www.biworldwide.com\/pt-br\/comunicacoes\/","name":"Comunica\u00e7\u00f5es - Brazil (Portuguese)","isPartOf":{"@id":"https:\/\/www.biworldwide.com\/pt-br\/#website"},"datePublished":"2025-01-14T16:15:43+00:00","dateModified":"2025-04-01T18:09:25+00:00","breadcrumb":{"@id":"https:\/\/www.biworldwide.com\/pt-br\/comunicacoes\/#breadcrumb"},"inLanguage":"pt-BR","potentialAction":[{"@type":"ReadAction","target":["https:\/\/www.biworldwide.com\/pt-br\/comunicacoes\/"]}]},{"@type":"BreadcrumbList","@id":"https:\/\/www.biworldwide.com\/pt-br\/comunicacoes\/#breadcrumb","itemListElement":[{"@type":"ListItem","position":1,"name":"Home","item":"https:\/\/www.biworldwide.com\/pt-br\/"},{"@type":"ListItem","position":2,"name":"Comunica\u00e7\u00f5es"}]},{"@type":"WebSite","@id":"https:\/\/www.biworldwide.com\/pt-br\/#website","url":"https:\/\/www.biworldwide.com\/pt-br\/","name":"Brazil (Portuguese)","description":"","potentialAction":[{"@type":"SearchAction","target":{"@type":"EntryPoint","urlTemplate":"https:\/\/www.biworldwide.com\/pt-br\/?s={search_term_string}"},"query-input":{"@type":"PropertyValueSpecification","valueRequired":true,"valueName":"search_term_string"}}],"inLanguage":"pt-BR"}]}},"_links":{"self":[{"href":"https:\/\/www.biworldwide.com\/pt-br\/wp-json\/wp\/v2\/pages\/108","targetHints":{"allow":["GET"]}}],"collection":[{"href":"https:\/\/www.biworldwide.com\/pt-br\/wp-json\/wp\/v2\/pages"}],"about":[{"href":"https:\/\/www.biworldwide.com\/pt-br\/wp-json\/wp\/v2\/types\/page"}],"author":[{"embeddable":true,"href":"https:\/\/www.biworldwide.com\/pt-br\/wp-json\/wp\/v2\/users\/11"}],"replies":[{"embeddable":true,"href":"https:\/\/www.biworldwide.com\/pt-br\/wp-json\/wp\/v2\/comments?post=108"}],"version-history":[{"count":2,"href":"https:\/\/www.biworldwide.com\/pt-br\/wp-json\/wp\/v2\/pages\/108\/revisions"}],"predecessor-version":[{"id":1106,"href":"https:\/\/www.biworldwide.com\/pt-br\/wp-json\/wp\/v2\/pages\/108\/revisions\/1106"}],"wp:attachment":[{"href":"https:\/\/www.biworldwide.com\/pt-br\/wp-json\/wp\/v2\/media?parent=108"}],"wp:term":[{"taxonomy":"wf_page_folders","embeddable":true,"href":"https:\/\/www.biworldwide.com\/pt-br\/wp-json\/wp\/v2\/wf_page_folders?post=108"}],"curies":[{"name":"wp","href":"https:\/\/api.w.org\/{rel}","templated":true}]}}