{"id":116,"date":"2025-01-14T16:16:36","date_gmt":"2025-01-14T16:16:36","guid":{"rendered":"https:\/\/live-biw-main.pantheonsite.io\/?page_id=116"},"modified":"2025-04-01T12:09:49","modified_gmt":"2025-04-01T18:09:49","slug":"gamificacao","status":"publish","type":"page","link":"https:\/\/www.biworldwide.com\/pt-br\/gamificacao\/","title":{"rendered":"Gamifica\u00e7\u00e3o"},"content":{"rendered":"<div class=\" has-content-align-left has-overlay has-overlay--dark alignfull wp-block-biw-block-theme-hero\">\n\t<div class=\"biw-hero__grid\">\n\t\t\n\t\t\t\t\t<div class=\"biw-hero__media \">\n\t\t\t\t\t\t\t\t\t<div class=\"biw-hero__overlay overlay-dark\"><\/div>\n\t\t\t\t\t\t\t\t<img decoding=\"async\" src=\"http:\/\/live-biw-main.pantheonsite.io\/wp-content\/uploads\/2025\/02\/BIW_Site_Hero_Gamification-scaled.jpg\" alt=\"A glossy purple knight chess piece stands out on a digital-themed chessboard. The background is dark with glowing lights and abstract network connections, hinting at a blend of strategy and technology. Other blurred white pieces are in the distance.\" class=\"biw-hero__bg-image\" style=\"object-position: 50% 50%;\">\t\t\t<\/div>\n\t\t\t\t<div class=\"biw-hero__content\">\n\t\t\t\t\t\t<h1 class=\"biw-hero__title has-xxxl-font-size\" style=\"line-height: 1.2\">\n\t\t\t\t<strong>Gamifica\u00e7\u00e3o<\/strong>\t\t\t<\/h1>\n\t\t\t\t\t\t\t<h2 class=\"biw-hero__subtitle\">\n\t\t\t\t\t<strong>O que \u00e9 gamifica\u00e7\u00e3o?<\/strong>\t\t\t\t<\/h2>\n\t\t\t\t\t\t\t\t\t\t<div class=\"biw-hero__text\">\n\t\t\t\t\t\n\n<p>Gamifica\u00e7\u00e3o \u00e9 a incorpora\u00e7\u00e3o de mec\u00e2nicas de jogo em ambientes n\u00e3o l\u00fadicos, como sites, comunidades online, sistemas de gest\u00e3o de aprendizagem ou intranets corporativas, com o objetivo de aumentar o engajamento.<\/p>\n\n\t\t\t\t<\/div>\n\t\t\t\t\t\t\t\t<\/div>\n\t<\/div>\n<\/div>\n\n\n\n<div class=\"wp-block-group  layout-columns-8 has-global-padding is-layout-constrained wp-container-core-group-is-layout-fce79bf6 wp-block-group-is-layout-constrained\">\n<p>Aproveite o poder da gamifica\u00e7\u00e3o para envolver seus clientes, colaboradores e parceiros, incentivando-os a interagir mais com os sistemas-chave do seu neg\u00f3cio. Pegue uma plataforma j\u00e1 existente \u2014 um site, uma ferramenta de treinamento, um CRM, uma comunidade online ou outro sistema corporativo \u2014 e integre mec\u00e2nicas de jogo para estimular a participa\u00e7\u00e3o, a ado\u00e7\u00e3o e a fidelidade.<\/p>\n<\/div>\n\n\n\n<div class=\"wp-block-group alignfull has-global-padding is-layout-constrained wp-container-core-group-is-layout-d3543a3b wp-block-group-is-layout-constrained\">\n<div class=\"wp-block-group  layout-columns-8 has-global-padding is-layout-constrained wp-container-core-group-is-layout-ee362a79 wp-block-group-is-layout-constrained\">\n<h2 class=\"wp-block-heading has-text-align-center  has-text-wrap-pretty\">Use a gamifica\u00e7\u00e3o para impulsionar resultados comerciais mensur\u00e1veis.<\/h2>\n<\/div>\n\n\n\n<div class=\"wp-block-group has-global-padding is-layout-constrained wp-block-group-is-layout-constrained\">\n<div class=\"wp-block-group is-layout-grid wp-container-core-group-is-layout-c765d3c1 wp-block-group-is-layout-grid\"><div class=\" has-dynamic-border-radius has-image-size-cover has-image-radius-none is-style-default wp-block-biw-block-theme-biw-card\">\n\t\t\t<figure class=\"biw-card__image-wrapper \">\n\t\t\t<img decoding=\"async\" src=\"http:\/\/live-biw-main.pantheonsite.io\/wp-content\/uploads\/2025\/03\/01-Brand-MotivateSales.svg\" alt=\"\" class=\"biw-card__image\" style=\"object-position: 50% 50%;\">\t\t<\/figure>\n\t\t<div class=\"biw-card__content\">\n\t\t<h3 class=\"biw-card__title\">\n\t\t\t\t\t\t\t<strong>Motiva\u00e7\u00e3o para equipes de vendas<\/strong>\t\t\t\t\t<\/h3>\n\t\t<div class=\"biw-card__text\">\n\n<p>A gamifica\u00e7\u00e3o em vendas aplica mec\u00e2nicas de jogo a experi\u00eancias digitais, como fluxos de trabalho, intera\u00e7\u00f5es sociais ou atividades de aprendizagem. Al\u00e9m disso, aproveita o big data gerado pelas atividades online para incentivar a\u00e7\u00f5es de alto valor por parte dos profissionais de vendas e manter um engajamento significativo.<\/p>\n\n<\/div>\n\t<\/div>\n\t<\/div>\n\n<div class=\" has-dynamic-border-radius has-image-size-cover has-image-radius-none is-style-default wp-block-biw-block-theme-biw-card\">\n\t\t\t<figure class=\"biw-card__image-wrapper \">\n\t\t\t<img decoding=\"async\" src=\"http:\/\/live-biw-main.pantheonsite.io\/wp-content\/uploads\/2025\/03\/02-Brand-BoostCollab.svg\" alt=\"\" class=\"biw-card__image\" style=\"object-position: 50% 50%;\">\t\t<\/figure>\n\t\t<div class=\"biw-card__content\">\n\t\t<h3 class=\"biw-card__title\">\n\t\t\t\t\t\t\t<strong>Fomento \u00e0 colabora\u00e7\u00e3o entre colaboradores<\/strong>\t\t\t\t\t<\/h3>\n\t\t<div class=\"biw-card__text\">\n\n<p>A colabora\u00e7\u00e3o no ambiente corporativo pode transformar a din\u00e2mica de trabalho, criando um espa\u00e7o mais produtivo \u2014 especialmente em grandes organiza\u00e7\u00f5es e equipes remotas. A gamifica\u00e7\u00e3o promove um engajamento cont\u00ednuo, transformando sua comunidade em um centro ativo de troca, aprendizado e resultados mensur\u00e1veis.<\/p>\n\n<\/div>\n\t<\/div>\n\t<\/div>\n\n<div class=\" has-dynamic-border-radius has-image-size-cover has-image-radius-none is-style-default wp-block-biw-block-theme-biw-card\">\n\t\t\t<figure class=\"biw-card__image-wrapper \">\n\t\t\t<img decoding=\"async\" src=\"http:\/\/live-biw-main.pantheonsite.io\/wp-content\/uploads\/2025\/03\/03-Brand-EngageService.svg\" alt=\"\" class=\"biw-card__image\" style=\"object-position: 50% 50%;\">\t\t<\/figure>\n\t\t<div class=\"biw-card__content\">\n\t\t<h3 class=\"biw-card__title\">\n\t\t\t\t\t\t\t<strong><strong>Engajamento de equipes de servi\u00e7o e suporte<\/strong><\/strong>\t\t\t\t\t<\/h3>\n\t\t<div class=\"biw-card__text\">\n\n<p>Quando os clientes procuram ajuda, esperam vivenciar o melhor da sua empresa. Se suas equipes de servi\u00e7o e suporte enfrentam alta rotatividade e falta de motiva\u00e7\u00e3o, isso se reflete na experi\u00eancia do cliente. Envolva suas equipes de atendimento e suporte por meio da gamifica\u00e7\u00e3o.<br><\/p>\n\n<\/div>\n\t<\/div>\n\t<\/div>\n\n<div class=\" has-dynamic-border-radius has-image-size-cover has-image-radius-none is-style-default wp-block-biw-block-theme-biw-card\">\n\t\t\t<figure class=\"biw-card__image-wrapper \">\n\t\t\t<img decoding=\"async\" src=\"http:\/\/live-biw-main.pantheonsite.io\/wp-content\/uploads\/2025\/03\/04-Brand-AccelerateDev.svg\" alt=\"\" class=\"biw-card__image\" style=\"object-position: 50% 50%;\">\t\t<\/figure>\n\t\t<div class=\"biw-card__content\">\n\t\t<h3 class=\"biw-card__title\">\n\t\t\t\t\t\t\t<strong><strong>Acelera\u00e7\u00e3o do desenvolvimento de colaboradores<\/strong><\/strong>\t\t\t\t\t<\/h3>\n\t\t<div class=\"biw-card__text\">\n\n<p>O desenvolvimento profissional eficaz e comunidades de aprendizagem robustas podem ter impactos reais e mensur\u00e1veis em produtividade, conformidade e reten\u00e7\u00e3o. Incorporar gamifica\u00e7\u00e3o no treinamento e aprendizado agrega valor para toda a empresa, melhorando a experi\u00eancia de colaboradores, gestores e executivos.<\/p>\n\n<\/div>\n\t<\/div>\n\t<\/div>\n\n<div class=\" has-dynamic-border-radius has-image-size-cover has-image-radius-none is-style-default wp-block-biw-block-theme-biw-card\">\n\t\t\t<figure class=\"biw-card__image-wrapper \">\n\t\t\t<img decoding=\"async\" src=\"http:\/\/live-biw-main.pantheonsite.io\/wp-content\/uploads\/2025\/03\/05-Brand-Strategy.svg\" alt=\"\" class=\"biw-card__image\" style=\"object-position: 50% 50%;\">\t\t<\/figure>\n\t\t<div class=\"biw-card__content\">\n\t\t<h3 class=\"biw-card__title\">\n\t\t\t\t\t\t\t<strong><strong>Desenvolvimento da estrat\u00e9gia de canais<\/strong><\/strong>\t\t\t\t\t<\/h3>\n\t\t<div class=\"biw-card__text\">\n\n<p>Uma estrat\u00e9gia de canais bem-sucedida exige parceiros engajados, inspirados e motivados. Ferramentas e portais para parceiros podem ser poderosos, mas \u00e9 preciso que eles estejam motivados a us\u00e1-los. Estimule a verdadeira lealdade dos parceiros com um programa de gamifica\u00e7\u00e3o eficaz que aproveite o desejo de sucesso e reconhecimento para impulsionar as vendas.<\/p>\n\n<\/div>\n\t<\/div>\n\t<\/div>\n\n<div class=\" has-dynamic-border-radius has-image-size-cover has-image-radius-none is-style-default wp-block-biw-block-theme-biw-card\">\n\t\t\t<figure class=\"biw-card__image-wrapper \">\n\t\t\t<img decoding=\"async\" src=\"http:\/\/live-biw-main.pantheonsite.io\/wp-content\/uploads\/2025\/03\/06-Brand-CustLoyalty.svg\" alt=\"\" class=\"biw-card__image\" style=\"object-position: 50% 50%;\">\t\t<\/figure>\n\t\t<div class=\"biw-card__content\">\n\t\t<h3 class=\"biw-card__title\">\n\t\t\t\t\t\t\t<strong><strong>Constru\u00e7\u00e3o de lealdade verdadeira de clientes<\/strong><\/strong>\t\t\t\t\t<\/h3>\n\t\t<div class=\"biw-card__text\">\n\n<p>Gamifica\u00e7\u00e3o em programas de fidelidade transforma visitantes ocasionais em clientes leais. Aproveite as pesquisas mais recentes sobre motiva\u00e7\u00e3o humana e os dados gerados pelos seus clientes durante as intera\u00e7\u00f5es com sua marca para fortalecer seu neg\u00f3cio e promover motiva\u00e7\u00e3o, engajamento e lealdade real.<\/p>\n\n<\/div>\n\t<\/div>\n\t<\/div><\/div>\n<\/div>\n<\/div>\n\n\n\n<div class=\"wp-block-group  layout-columns-7 has-global-padding is-layout-constrained wp-container-core-group-is-layout-a133ec42 wp-block-group-is-layout-constrained\">\n<figure class=\"wp-block-embed is-type-video is-provider-vimeo wp-block-embed-vimeo wp-embed-aspect-16-9 wp-has-aspect-ratio\"><div class=\"wp-block-embed__wrapper\">\n<iframe loading=\"lazy\" title=\"bb2024impact-promo_draft_20250303\" src=\"https:\/\/player.vimeo.com\/video\/1062901168?dnt=1&amp;app_id=122963\" width=\"500\" height=\"281\" frameborder=\"0\" allow=\"autoplay; fullscreen; picture-in-picture; clipboard-write; encrypted-media\"><\/iframe>\n<\/div><\/figure>\n<\/div>\n\n\n\n<div class=\"wp-block-group alignfull has-global-padding is-layout-constrained wp-container-core-group-is-layout-e04489b5 wp-block-group-is-layout-constrained\">\n<div class=\"wp-block-group  layout-columns-8 has-global-padding is-layout-constrained wp-container-core-group-is-layout-fce79bf6 wp-block-group-is-layout-constrained\">\n<h2 class=\"wp-block-heading has-text-align-center\">As m\u00e9tricas contam uma hist\u00f3ria<\/h2>\n<\/div>\n\n\n\n<div class=\"wp-block-group  layout-columns-10 has-global-padding is-layout-constrained wp-container-core-group-is-layout-0b5f5b40 wp-block-group-is-layout-constrained\">\n<div class=\"wp-block-group has-text-align-center is-layout-grid wp-container-core-group-is-layout-ef442fb0 wp-block-group-is-layout-grid\">\n<div class=\"wp-block-group is-vertical is-content-justification-center is-layout-flex wp-container-core-group-is-layout-81423f52 wp-block-group-is-layout-flex\">\n<h3 class=\"wp-block-heading has-impact-font-size  has-text-wrap-no-wrap  has-gradient-fill has-gradient-fill-green\">60%<\/h3>\n\n\n\n<p class=\"has-text-align-center has-large-font-size  has-text-wrap-balance\">Aumento m\u00e9dio na utiliza\u00e7\u00e3o de treinamentos sobre produtos<\/p>\n<\/div>\n\n\n\n<div class=\"wp-block-group is-vertical is-content-justification-center is-layout-flex wp-container-core-group-is-layout-81423f52 wp-block-group-is-layout-flex\">\n<h3 class=\"wp-block-heading has-impact-font-size  has-text-wrap-no-wrap  has-gradient-fill has-gradient-fill-green\">20%<\/h3>\n\n\n\n<p class=\"has-text-align-center has-large-font-size  has-text-wrap-balance\">Aumento m\u00e9dio na receita gerada por participantes altamente engajados em miss\u00f5es<\/p>\n<\/div>\n\n\n\n<div class=\"wp-block-group is-vertical is-content-justification-center is-layout-flex wp-container-core-group-is-layout-81423f52 wp-block-group-is-layout-flex\">\n<h3 class=\"wp-block-heading has-impact-font-size  has-text-wrap-no-wrap  has-gradient-fill has-gradient-fill-green\">20x<\/h3>\n\n\n\n<p class=\"has-text-align-center has-large-font-size  has-text-wrap-balance\">Aumento m\u00e9dio no engajamento da comunidade online<\/p>\n<\/div>\n<\/div>\n<\/div>\n<\/div>\n\n\n\n<div class=\"wp-block-group alignfull has-global-padding is-layout-constrained wp-container-core-group-is-layout-97ab3c77 wp-block-group-is-layout-constrained\">\n<div class=\"wp-block-group has-text-align-center  layout-columns-8 has-global-padding is-layout-constrained wp-container-core-group-is-layout-ee362a79 wp-block-group-is-layout-constrained\">\n<h2 class=\"wp-block-heading has-text-align-center  has-text-wrap-pretty\"><strong>Explore solu\u00e7\u00f5es de gamifica\u00e7\u00e3o<\/strong><\/h2>\n\n\n\n<p class=\" has-text-wrap-balance\"><\/p>\n<\/div>\n\n\n\n<div class=\"wp-block-group  layout-columns-12 has-global-padding is-layout-constrained wp-container-core-group-is-layout-9e09659d wp-block-group-is-layout-constrained\">\n<div class=\"wp-block-group is-layout-grid wp-container-core-group-is-layout-c765d3c1 wp-block-group-is-layout-grid\">\n<div class=\"wp-block-group  has-dynamic-border-radius has-global-padding is-layout-constrained wp-block-group-is-layout-constrained\">\n<figure class=\"wp-block-image size-large\"><img decoding=\"async\" src=\"http:\/\/live-biw-main.pantheonsite.io\/wp-content\/uploads\/2025\/02\/Gamification-1300x732px-1024x577.jpg\" alt=\"A vintage padlock surrounded by a circle of nine old-fashioned metal keys on a rustic wooden surface. The arrangement forms a radial pattern with the padlock in the center.\" class=\"wp-image-2257\" \/><\/figure>\n<\/div>\n\n\n<div class=\" has-dynamic-border-radius has-image-size-cover has-image-radius-none is-style-vertical-no-image wp-block-biw-block-theme-biw-card\">\n\t\t<div class=\"biw-card__content\">\n\t\t<h3 class=\"biw-card__title\">\n\t\t\t\t\t\t\tBunchball Nitro\t\t\t\t\t<\/h3>\n\t\t<div class=\"biw-card__text\">\n\n<p>Bunchball Nitro \u00e9 o software de engajamento corporativo da BI WORLDWIDE. Envolva seus usu\u00e1rios onde eles j\u00e1 est\u00e3o com a plataforma de gamifica\u00e7\u00e3o mais segura e escal\u00e1vel dispon\u00edvel.<\/p>\n\n<\/div>\n\t<\/div>\n\t<\/div>\n\n<div class=\" has-dynamic-border-radius has-image-size-cover has-image-radius-none is-style-vertical-no-image wp-block-biw-block-theme-biw-card\">\n\t\t<div class=\"biw-card__content\">\n\t\t<h3 class=\"biw-card__title\">\n\t\t\t\t\t\t\tImpact\t\t\t\t\t<\/h3>\n\t\t<div class=\"biw-card__text\">\n\n<p>Um painel de gamifica\u00e7\u00e3o incorporado, constru\u00eddo com base em anos de experi\u00eancia, com um motor de recomenda\u00e7\u00e3o de miss\u00f5es impulsionado por IA. Desenvolvido para uma experi\u00eancia ideal do usu\u00e1rio, integra-se perfeitamente \u00e0 sua aplica\u00e7\u00e3o, \u00e9 r\u00e1pido de implementar, totalmente responsivo e personaliz\u00e1vel \u00e0 sua marca \u2014 tudo isso garantindo acessibilidade e localiza\u00e7\u00e3o global.<br><\/p>\n\n<\/div>\n\t<\/div>\n\t<\/div>\n\n<div class=\" has-dynamic-border-radius has-image-size-cover has-image-radius-none is-style-vertical-no-image wp-block-biw-block-theme-biw-card\">\n\t\t<div class=\"biw-card__content\">\n\t\t<h3 class=\"biw-card__title\">\n\t\t\t\t\t\t\tImpact+\t\t\t\t\t<\/h3>\n\t\t<div class=\"biw-card__text\">\n\n<p>Eleve nosso design de gamifica\u00e7\u00e3o incorporada a uma plataforma independente. Totalmente responsiva para dispositivos m\u00f3veis, integra-se com SSO para acesso cont\u00ednuo e oferece recursos adicionais, como blocos de reconhecimento entre colegas e gestores. Baseado em anos de experi\u00eancia em gamifica\u00e7\u00e3o, o Impact+ proporciona uma experi\u00eancia de usu\u00e1rio completa sem necessidade de incorpora\u00e7\u00e3o, garantindo flexibilidade e alto engajamento.<\/p>\n\n<\/div>\n\t<\/div>\n\t<\/div>\n\n<div class=\" has-dynamic-border-radius has-image-size-cover has-image-radius-none is-style-vertical-no-image wp-block-biw-block-theme-biw-card\">\n\t\t<div class=\"biw-card__content\">\n\t\t<h3 class=\"biw-card__title\">\n\t\t\t\t\t\t\t<strong>Servi\u00e7os de Gamifica\u00e7\u00e3o<\/strong>\t\t\t\t\t<\/h3>\n\t\t<div class=\"biw-card__text\">\n\n<p>Fa\u00e7a parceria com os especialistas em consultoria e servi\u00e7os profissionais da BI WORLDWIDE para aperfei\u00e7oar sua estrat\u00e9gia de gamifica\u00e7\u00e3o, planejar e executar programas com excel\u00eancia e alinhar seus objetivos de neg\u00f3cios \u00e0s necessidades da sua audi\u00eancia.<br><\/p>\n\n<\/div>\n\t<\/div>\n\t<\/div>\n\n\n<div class=\"wp-block-group  has-dynamic-border-radius has-global-padding is-layout-constrained wp-block-group-is-layout-constrained\">\n<figure class=\"wp-block-image size-large\"><img decoding=\"async\" src=\"http:\/\/live-biw-main.pantheonsite.io\/wp-content\/uploads\/2025\/02\/BIW_Site_Card_Gamification-1024x577.jpg\" alt=\"A luminous purple knight chess piece stands prominently on a board, surrounded by blurred white chess pieces in the background. A network of glowing connections extends on the right, suggesting a blend of strategy and technology.\" class=\"wp-image-3501\" \/><\/figure>\n<\/div>\n<\/div>\n<\/div>\n<\/div>\n\n\n\n<p><\/p>\n","protected":false},"excerpt":{"rendered":"<p>Aproveite o poder da gamifica\u00e7\u00e3o para envolver seus clientes, colaboradores e parceiros, incentivando-os a interagir mais com os sistemas-chave do seu neg\u00f3cio. Pegue uma plataforma j\u00e1 existente \u2014 um site, uma ferramenta de treinamento, um CRM, uma comunidade online ou outro sistema corporativo \u2014 e integre mec\u00e2nicas de jogo para estimular a participa\u00e7\u00e3o, a ado\u00e7\u00e3o [&hellip;]<\/p>\n","protected":false},"author":11,"featured_media":0,"parent":0,"menu_order":0,"comment_status":"closed","ping_status":"closed","template":"","meta":{"featured_image_focal_point":{"x":0.5,"y":0.5},"footnotes":""},"wf_page_folders":[39],"class_list":["post-116","page","type-page","status-publish","hentry"],"yoast_head":"<!-- This site is optimized with the Yoast SEO plugin v26.2 - https:\/\/yoast.com\/wordpress\/plugins\/seo\/ -->\n<title>Gamifica\u00e7\u00e3o - Brazil (Portuguese)<\/title>\n<meta name=\"robots\" content=\"index, follow, max-snippet:-1, max-image-preview:large, max-video-preview:-1\" \/>\n<link rel=\"canonical\" href=\"https:\/\/www.biworldwide.com\/pt-br\/gamificacao\/\" \/>\n<meta property=\"og:locale\" content=\"pt_BR\" \/>\n<meta property=\"og:type\" content=\"article\" \/>\n<meta property=\"og:title\" content=\"Gamifica\u00e7\u00e3o - Brazil (Portuguese)\" \/>\n<meta property=\"og:description\" content=\"Aproveite o poder da gamifica\u00e7\u00e3o para envolver seus clientes, colaboradores e parceiros, incentivando-os a interagir mais com os sistemas-chave do seu neg\u00f3cio. Pegue uma plataforma j\u00e1 existente \u2014 um site, uma ferramenta de treinamento, um CRM, uma comunidade online ou outro sistema corporativo \u2014 e integre mec\u00e2nicas de jogo para estimular a participa\u00e7\u00e3o, a ado\u00e7\u00e3o [&hellip;]\" \/>\n<meta property=\"og:url\" content=\"https:\/\/www.biworldwide.com\/pt-br\/gamificacao\/\" \/>\n<meta property=\"og:site_name\" content=\"Brazil (Portuguese)\" \/>\n<meta property=\"article:modified_time\" content=\"2025-04-01T18:09:49+00:00\" \/>\n<meta property=\"og:image\" content=\"http:\/\/live-biw-main.pantheonsite.io\/wp-content\/uploads\/2025\/02\/Gamification-1300x732px-1024x577.jpg\" \/>\n<meta name=\"twitter:card\" content=\"summary_large_image\" \/>\n<meta name=\"twitter:label1\" content=\"Est. reading time\" \/>\n\t<meta name=\"twitter:data1\" content=\"4 minutos\" \/>\n<script type=\"application\/ld+json\" class=\"yoast-schema-graph\">{\"@context\":\"https:\/\/schema.org\",\"@graph\":[{\"@type\":\"WebPage\",\"@id\":\"https:\/\/www.biworldwide.com\/pt-br\/gamificacao\/\",\"url\":\"https:\/\/www.biworldwide.com\/pt-br\/gamificacao\/\",\"name\":\"Gamifica\u00e7\u00e3o - Brazil (Portuguese)\",\"isPartOf\":{\"@id\":\"https:\/\/www.biworldwide.com\/pt-br\/#website\"},\"primaryImageOfPage\":{\"@id\":\"https:\/\/www.biworldwide.com\/pt-br\/gamificacao\/#primaryimage\"},\"image\":{\"@id\":\"https:\/\/www.biworldwide.com\/pt-br\/gamificacao\/#primaryimage\"},\"thumbnailUrl\":\"http:\/\/live-biw-main.pantheonsite.io\/wp-content\/uploads\/2025\/02\/Gamification-1300x732px-1024x577.jpg\",\"datePublished\":\"2025-01-14T16:16:36+00:00\",\"dateModified\":\"2025-04-01T18:09:49+00:00\",\"breadcrumb\":{\"@id\":\"https:\/\/www.biworldwide.com\/pt-br\/gamificacao\/#breadcrumb\"},\"inLanguage\":\"pt-BR\",\"potentialAction\":[{\"@type\":\"ReadAction\",\"target\":[\"https:\/\/www.biworldwide.com\/pt-br\/gamificacao\/\"]}]},{\"@type\":\"ImageObject\",\"inLanguage\":\"pt-BR\",\"@id\":\"https:\/\/www.biworldwide.com\/pt-br\/gamificacao\/#primaryimage\",\"url\":\"http:\/\/live-biw-main.pantheonsite.io\/wp-content\/uploads\/2025\/02\/Gamification-1300x732px-1024x577.jpg\",\"contentUrl\":\"http:\/\/live-biw-main.pantheonsite.io\/wp-content\/uploads\/2025\/02\/Gamification-1300x732px-1024x577.jpg\"},{\"@type\":\"BreadcrumbList\",\"@id\":\"https:\/\/www.biworldwide.com\/pt-br\/gamificacao\/#breadcrumb\",\"itemListElement\":[{\"@type\":\"ListItem\",\"position\":1,\"name\":\"Home\",\"item\":\"https:\/\/www.biworldwide.com\/pt-br\/\"},{\"@type\":\"ListItem\",\"position\":2,\"name\":\"Gamifica\u00e7\u00e3o\"}]},{\"@type\":\"WebSite\",\"@id\":\"https:\/\/www.biworldwide.com\/pt-br\/#website\",\"url\":\"https:\/\/www.biworldwide.com\/pt-br\/\",\"name\":\"Brazil (Portuguese)\",\"description\":\"\",\"potentialAction\":[{\"@type\":\"SearchAction\",\"target\":{\"@type\":\"EntryPoint\",\"urlTemplate\":\"https:\/\/www.biworldwide.com\/pt-br\/?s={search_term_string}\"},\"query-input\":{\"@type\":\"PropertyValueSpecification\",\"valueRequired\":true,\"valueName\":\"search_term_string\"}}],\"inLanguage\":\"pt-BR\"}]}<\/script>\n<!-- \/ Yoast SEO plugin. -->","yoast_head_json":{"title":"Gamifica\u00e7\u00e3o - Brazil (Portuguese)","robots":{"index":"index","follow":"follow","max-snippet":"max-snippet:-1","max-image-preview":"max-image-preview:large","max-video-preview":"max-video-preview:-1"},"canonical":"https:\/\/www.biworldwide.com\/pt-br\/gamificacao\/","og_locale":"pt_BR","og_type":"article","og_title":"Gamifica\u00e7\u00e3o - Brazil (Portuguese)","og_description":"Aproveite o poder da gamifica\u00e7\u00e3o para envolver seus clientes, colaboradores e parceiros, incentivando-os a interagir mais com os sistemas-chave do seu neg\u00f3cio. Pegue uma plataforma j\u00e1 existente \u2014 um site, uma ferramenta de treinamento, um CRM, uma comunidade online ou outro sistema corporativo \u2014 e integre mec\u00e2nicas de jogo para estimular a participa\u00e7\u00e3o, a ado\u00e7\u00e3o [&hellip;]","og_url":"https:\/\/www.biworldwide.com\/pt-br\/gamificacao\/","og_site_name":"Brazil (Portuguese)","article_modified_time":"2025-04-01T18:09:49+00:00","og_image":[{"url":"http:\/\/live-biw-main.pantheonsite.io\/wp-content\/uploads\/2025\/02\/Gamification-1300x732px-1024x577.jpg","type":"","width":"","height":""}],"twitter_card":"summary_large_image","twitter_misc":{"Est. reading time":"4 minutos"},"schema":{"@context":"https:\/\/schema.org","@graph":[{"@type":"WebPage","@id":"https:\/\/www.biworldwide.com\/pt-br\/gamificacao\/","url":"https:\/\/www.biworldwide.com\/pt-br\/gamificacao\/","name":"Gamifica\u00e7\u00e3o - Brazil (Portuguese)","isPartOf":{"@id":"https:\/\/www.biworldwide.com\/pt-br\/#website"},"primaryImageOfPage":{"@id":"https:\/\/www.biworldwide.com\/pt-br\/gamificacao\/#primaryimage"},"image":{"@id":"https:\/\/www.biworldwide.com\/pt-br\/gamificacao\/#primaryimage"},"thumbnailUrl":"http:\/\/live-biw-main.pantheonsite.io\/wp-content\/uploads\/2025\/02\/Gamification-1300x732px-1024x577.jpg","datePublished":"2025-01-14T16:16:36+00:00","dateModified":"2025-04-01T18:09:49+00:00","breadcrumb":{"@id":"https:\/\/www.biworldwide.com\/pt-br\/gamificacao\/#breadcrumb"},"inLanguage":"pt-BR","potentialAction":[{"@type":"ReadAction","target":["https:\/\/www.biworldwide.com\/pt-br\/gamificacao\/"]}]},{"@type":"ImageObject","inLanguage":"pt-BR","@id":"https:\/\/www.biworldwide.com\/pt-br\/gamificacao\/#primaryimage","url":"http:\/\/live-biw-main.pantheonsite.io\/wp-content\/uploads\/2025\/02\/Gamification-1300x732px-1024x577.jpg","contentUrl":"http:\/\/live-biw-main.pantheonsite.io\/wp-content\/uploads\/2025\/02\/Gamification-1300x732px-1024x577.jpg"},{"@type":"BreadcrumbList","@id":"https:\/\/www.biworldwide.com\/pt-br\/gamificacao\/#breadcrumb","itemListElement":[{"@type":"ListItem","position":1,"name":"Home","item":"https:\/\/www.biworldwide.com\/pt-br\/"},{"@type":"ListItem","position":2,"name":"Gamifica\u00e7\u00e3o"}]},{"@type":"WebSite","@id":"https:\/\/www.biworldwide.com\/pt-br\/#website","url":"https:\/\/www.biworldwide.com\/pt-br\/","name":"Brazil (Portuguese)","description":"","potentialAction":[{"@type":"SearchAction","target":{"@type":"EntryPoint","urlTemplate":"https:\/\/www.biworldwide.com\/pt-br\/?s={search_term_string}"},"query-input":{"@type":"PropertyValueSpecification","valueRequired":true,"valueName":"search_term_string"}}],"inLanguage":"pt-BR"}]}},"_links":{"self":[{"href":"https:\/\/www.biworldwide.com\/pt-br\/wp-json\/wp\/v2\/pages\/116","targetHints":{"allow":["GET"]}}],"collection":[{"href":"https:\/\/www.biworldwide.com\/pt-br\/wp-json\/wp\/v2\/pages"}],"about":[{"href":"https:\/\/www.biworldwide.com\/pt-br\/wp-json\/wp\/v2\/types\/page"}],"author":[{"embeddable":true,"href":"https:\/\/www.biworldwide.com\/pt-br\/wp-json\/wp\/v2\/users\/11"}],"replies":[{"embeddable":true,"href":"https:\/\/www.biworldwide.com\/pt-br\/wp-json\/wp\/v2\/comments?post=116"}],"version-history":[{"count":2,"href":"https:\/\/www.biworldwide.com\/pt-br\/wp-json\/wp\/v2\/pages\/116\/revisions"}],"predecessor-version":[{"id":1108,"href":"https:\/\/www.biworldwide.com\/pt-br\/wp-json\/wp\/v2\/pages\/116\/revisions\/1108"}],"wp:attachment":[{"href":"https:\/\/www.biworldwide.com\/pt-br\/wp-json\/wp\/v2\/media?parent=116"}],"wp:term":[{"taxonomy":"wf_page_folders","embeddable":true,"href":"https:\/\/www.biworldwide.com\/pt-br\/wp-json\/wp\/v2\/wf_page_folders?post=116"}],"curies":[{"name":"wp","href":"https:\/\/api.w.org\/{rel}","templated":true}]}}