{"id":122,"date":"2025-01-14T16:17:19","date_gmt":"2025-01-14T16:17:19","guid":{"rendered":"https:\/\/live-biw-main.pantheonsite.io\/?page_id=122"},"modified":"2025-04-01T12:10:45","modified_gmt":"2025-04-01T18:10:45","slug":"fidelizacao-de-clientes","status":"publish","type":"page","link":"https:\/\/www.biworldwide.com\/pt-br\/fidelizacao-de-clientes\/","title":{"rendered":"Fideliza\u00e7\u00e3o"},"content":{"rendered":"<div class=\" has-content-align-left has-overlay has-overlay--dark alignfull wp-block-biw-block-theme-hero\">\n\t<div class=\"biw-hero__grid\">\n\t\t\n\t\t\t\t\t<div class=\"biw-hero__media \">\n\t\t\t\t\t\t\t\t\t<div class=\"biw-hero__overlay overlay-dark\"><\/div>\n\t\t\t\t\t\t\t\t<img decoding=\"async\" src=\"http:\/\/live-biw-main.pantheonsite.io\/wp-content\/uploads\/2025\/02\/Loyalty-1728x600px.jpg\" alt=\"A person in a white shirt and necklace, smiling and handing a bowl to another person whose arm is visible. The background features a blurred plant and a decorative shield.\" class=\"biw-hero__bg-image\" style=\"object-position: 50% 50%;\">\t\t\t<\/div>\n\t\t\t\t<div class=\"biw-hero__content\">\n\t\t\t\t\t\t<h1 class=\"biw-hero__title\" style=\"line-height: 1.2\">\n\t\t\t\t<strong>Fideliza\u00e7\u00e3o<\/strong>\t\t\t<\/h1>\n\t\t\t\t\t\t\t\t\t\t<div class=\"biw-hero__text\">\n\t\t\t\t\t\n\n<p>A fideliza\u00e7\u00e3o bem-sucedida de clientes exige uma perspectiva \u00fanica. Nosso foco est\u00e1 em impulsionar os comportamentos que realmente importam, otimizando cada etapa do ciclo de vida do cliente e construindo conex\u00f5es emocionais genu\u00ednas. Porque a lealdade verdadeira n\u00e3o \u00e9 apenas conquistada\u2014ela \u00e9 cultivada em cada passo da jornada.<br><\/p>\n\n\t\t\t\t<\/div>\n\t\t\t\t\t\t\t\t<\/div>\n\t<\/div>\n<\/div>\n\n\n\n<div class=\"wp-block-group  layout-columns-8 has-global-padding is-layout-constrained wp-container-core-group-is-layout-fce79bf6 wp-block-group-is-layout-constrained\">\n<p class=\"has-large-font-size\">N\u00e3o basta apenas conquistar a fidelidade de clientes ou canais\u2014\u00e9 preciso otimizar todas as fases da jornada. Desde o momento em que os clientes descobrem sua marca at\u00e9 se tornarem seus maiores defensores, ajudamos voc\u00ea a criar programas que inspiram a\u00e7\u00e3o, fortalecem conex\u00f5es e geram resultados mensur\u00e1veis.<br><\/p>\n<\/div>\n\n\n\n<div class=\"wp-block-group has-global-padding is-layout-constrained wp-container-core-group-is-layout-daca1d94 wp-block-group-is-layout-constrained\">\n<div class=\"wp-block-group  has-small-screens-alignment-center has-tablet-screens-alignment-center is-content-justification-center is-layout-flex wp-container-core-group-is-layout-a1ae687d wp-block-group-is-layout-flex\"><div style=\"--aspectRatio: 1\/1;\" class=\" has-dynamic-border-radius biw-card__media-type-image has-image-size-cover wp-block-biw-block-theme-biw-media-card has-text-align-center\">\n\t\t\t<figure class=\"biw-card__media-wrapper\" data-alignment=\"center center\">\n\t\t\t<img decoding=\"async\" src=\"http:\/\/live-biw-main.pantheonsite.io\/wp-content\/uploads\/2025\/02\/Icon_Acquire.svg\" alt=\"\" class=\"biw-card__image\" style=\"object-position:13% 97%;\">\t\t<\/figure>\n\t\t<div class=\"biw-card__content\">\n\t\t<h2 class=\"biw-card__title\">\n\t\t\t\t\t\t\t<strong>Atrair<\/strong>\t\t\t\t\t<\/h2>\n\t\t\t\t\t<div class=\"biw-card__text\"><p>Atraia a aten\u00e7\u00e3o de novos p\u00fablicos e plante as sementes da fideliza\u00e7\u00e3o com estrat\u00e9gias inteligentes que geram reconhecimento, despertam interesse e incentivam a experimenta\u00e7\u00e3o.<br><\/p><\/div>\n\t\t\t<\/div>\n\t<\/div>\n\n<div style=\"--aspectRatio: 1\/1;\" class=\" has-dynamic-border-radius biw-card__media-type-image has-image-size-cover wp-block-biw-block-theme-biw-media-card has-text-align-center\">\n\t\t\t<figure class=\"biw-card__media-wrapper\" data-alignment=\"center center\">\n\t\t\t<img decoding=\"async\" src=\"http:\/\/live-biw-main.pantheonsite.io\/wp-content\/uploads\/2025\/02\/Icon_Develop.svg\" alt=\"\" class=\"biw-card__image\" style=\"object-position:85% 34%;\">\t\t<\/figure>\n\t\t<div class=\"biw-card__content\">\n\t\t<h2 class=\"biw-card__title\">\n\t\t\t\t\t\t\t<strong>Desenvolver<\/strong>\t\t\t\t\t<\/h2>\n\t\t\t\t\t<div class=\"biw-card__text\"><p>Desenvolva relacionamentos significativos promovendo continuidade, integrando de forma fluida e estimulando o crescimento com seus clientes mais valiosos.<br><\/p><\/div>\n\t\t\t<\/div>\n\t<\/div>\n\n<div style=\"--aspectRatio: 1\/1;\" class=\" has-dynamic-border-radius biw-card__media-type-image has-image-size-cover wp-block-biw-block-theme-biw-media-card has-text-align-center\">\n\t\t\t<figure class=\"biw-card__media-wrapper\" data-alignment=\"center center\">\n\t\t\t<img decoding=\"async\" src=\"http:\/\/live-biw-main.pantheonsite.io\/wp-content\/uploads\/2025\/02\/Icon_Retain.svg\" alt=\"\" class=\"biw-card__image\" style=\"object-position:63% 66%;\">\t\t<\/figure>\n\t\t<div class=\"biw-card__content\">\n\t\t<h2 class=\"biw-card__title\">\n\t\t\t\t\t\t\tReter\t\t\t\t\t<\/h2>\n\t\t\t\t\t<div class=\"biw-card__text\"><p>Retenha seu p\u00fablico transformando transa\u00e7\u00f5es em relacionamentos de confian\u00e7a por meio de a\u00e7\u00f5es de cultivo, reconhecimento e reten\u00e7\u00e3o.<br><\/p><\/div>\n\t\t\t<\/div>\n\t<\/div>\n\n<div style=\"--aspectRatio: 1\/1;\" class=\" has-dynamic-border-radius biw-card__media-type-image has-image-size-cover wp-block-biw-block-theme-biw-media-card has-text-align-center\">\n\t\t\t<figure class=\"biw-card__media-wrapper\" data-alignment=\"center center\">\n\t\t\t<img decoding=\"async\" src=\"http:\/\/live-biw-main.pantheonsite.io\/wp-content\/uploads\/2025\/02\/Icon_Amplify.svg\" alt=\"\" class=\"biw-card__image\" style=\"object-position:50% 50%;\">\t\t<\/figure>\n\t\t<div class=\"biw-card__content\">\n\t\t<h2 class=\"biw-card__title\">\n\t\t\t\t\t\t\t<strong>Amplificar<\/strong>\t\t\t\t\t<\/h2>\n\t\t\t\t\t<div class=\"biw-card__text\"><p>Amplifique a fideliza\u00e7\u00e3o incentivando a colabora\u00e7\u00e3o, promovendo afinidade e criando defensores da marca que compartilham suas experi\u00eancias com o mundo.<br><\/p><\/div>\n\t\t\t<\/div>\n\t<\/div><\/div>\n<\/div>\n\n\n\n<div class=\"wp-block-group  layout-columns-8 has-global-padding is-layout-constrained wp-container-core-group-is-layout-fce79bf6 wp-block-group-is-layout-constrained\">\n<p class=\"has-xl-font-size\"><strong>Estabele\u00e7a um alto padr\u00e3o para programas que conquistam lealdade.<\/strong><\/p>\n\n\n\n<p>O que transforma clientes e parceiros de canal em verdadeiros defensores da sua marca?<\/p>\n\n\n\n<p>Seria um programa de fidelidade B2B? Um programa de incentivo? Uma combina\u00e7\u00e3o dos dois?<\/p>\n\n\n\n<p>Voc\u00ea n\u00e3o precisa ter todas as respostas\u2014\u00e9 a\u00ed que entramos. Aplicamos nossa expertise em ecossistemas multicanais e economia comportamental para criar programas de fideliza\u00e7\u00e3o personalizados que falam diretamente com seus clientes e parceiros. O objetivo? Eliminar desperd\u00edcios. Promover engajamento duradouro. Maximizar o retorno sobre o investimento.<\/p>\n<\/div>\n","protected":false},"excerpt":{"rendered":"<p>N\u00e3o basta apenas conquistar a fidelidade de clientes ou canais\u2014\u00e9 preciso otimizar todas as fases da jornada. Desde o momento em que os clientes descobrem sua marca at\u00e9 se tornarem seus maiores defensores, ajudamos voc\u00ea a criar programas que inspiram a\u00e7\u00e3o, fortalecem conex\u00f5es e geram resultados mensur\u00e1veis. Estabele\u00e7a um alto padr\u00e3o para programas que conquistam [&hellip;]<\/p>\n","protected":false},"author":11,"featured_media":0,"parent":0,"menu_order":0,"comment_status":"closed","ping_status":"closed","template":"","meta":{"featured_image_focal_point":{"x":0.5,"y":0.5},"footnotes":""},"wf_page_folders":[39],"class_list":["post-122","page","type-page","status-publish","hentry"],"yoast_head":"<!-- This site is optimized with the Yoast SEO plugin v26.2 - https:\/\/yoast.com\/wordpress\/plugins\/seo\/ -->\n<title>Fideliza\u00e7\u00e3o - Brazil (Portuguese)<\/title>\n<meta name=\"robots\" content=\"index, follow, max-snippet:-1, max-image-preview:large, max-video-preview:-1\" \/>\n<link rel=\"canonical\" href=\"https:\/\/www.biworldwide.com\/pt-br\/fidelizacao-de-clientes\/\" \/>\n<meta property=\"og:locale\" content=\"pt_BR\" \/>\n<meta property=\"og:type\" content=\"article\" \/>\n<meta property=\"og:title\" content=\"Fideliza\u00e7\u00e3o - Brazil (Portuguese)\" \/>\n<meta property=\"og:description\" content=\"N\u00e3o basta apenas conquistar a fidelidade de clientes ou canais\u2014\u00e9 preciso otimizar todas as fases da jornada. Desde o momento em que os clientes descobrem sua marca at\u00e9 se tornarem seus maiores defensores, ajudamos voc\u00ea a criar programas que inspiram a\u00e7\u00e3o, fortalecem conex\u00f5es e geram resultados mensur\u00e1veis. Estabele\u00e7a um alto padr\u00e3o para programas que conquistam [&hellip;]\" \/>\n<meta property=\"og:url\" content=\"https:\/\/www.biworldwide.com\/pt-br\/fidelizacao-de-clientes\/\" \/>\n<meta property=\"og:site_name\" content=\"Brazil (Portuguese)\" \/>\n<meta property=\"article:modified_time\" content=\"2025-04-01T18:10:45+00:00\" \/>\n<meta name=\"twitter:card\" content=\"summary_large_image\" \/>\n<meta name=\"twitter:label1\" content=\"Est. reading time\" \/>\n\t<meta name=\"twitter:data1\" content=\"1 minuto\" \/>\n<script type=\"application\/ld+json\" class=\"yoast-schema-graph\">{\"@context\":\"https:\/\/schema.org\",\"@graph\":[{\"@type\":\"WebPage\",\"@id\":\"https:\/\/www.biworldwide.com\/pt-br\/fidelizacao-de-clientes\/\",\"url\":\"https:\/\/www.biworldwide.com\/pt-br\/fidelizacao-de-clientes\/\",\"name\":\"Fideliza\u00e7\u00e3o - Brazil (Portuguese)\",\"isPartOf\":{\"@id\":\"https:\/\/www.biworldwide.com\/pt-br\/#website\"},\"datePublished\":\"2025-01-14T16:17:19+00:00\",\"dateModified\":\"2025-04-01T18:10:45+00:00\",\"breadcrumb\":{\"@id\":\"https:\/\/www.biworldwide.com\/pt-br\/fidelizacao-de-clientes\/#breadcrumb\"},\"inLanguage\":\"pt-BR\",\"potentialAction\":[{\"@type\":\"ReadAction\",\"target\":[\"https:\/\/www.biworldwide.com\/pt-br\/fidelizacao-de-clientes\/\"]}]},{\"@type\":\"BreadcrumbList\",\"@id\":\"https:\/\/www.biworldwide.com\/pt-br\/fidelizacao-de-clientes\/#breadcrumb\",\"itemListElement\":[{\"@type\":\"ListItem\",\"position\":1,\"name\":\"Home\",\"item\":\"https:\/\/www.biworldwide.com\/pt-br\/\"},{\"@type\":\"ListItem\",\"position\":2,\"name\":\"Fideliza\u00e7\u00e3o\"}]},{\"@type\":\"WebSite\",\"@id\":\"https:\/\/www.biworldwide.com\/pt-br\/#website\",\"url\":\"https:\/\/www.biworldwide.com\/pt-br\/\",\"name\":\"Brazil (Portuguese)\",\"description\":\"\",\"potentialAction\":[{\"@type\":\"SearchAction\",\"target\":{\"@type\":\"EntryPoint\",\"urlTemplate\":\"https:\/\/www.biworldwide.com\/pt-br\/?s={search_term_string}\"},\"query-input\":{\"@type\":\"PropertyValueSpecification\",\"valueRequired\":true,\"valueName\":\"search_term_string\"}}],\"inLanguage\":\"pt-BR\"}]}<\/script>\n<!-- \/ Yoast SEO plugin. -->","yoast_head_json":{"title":"Fideliza\u00e7\u00e3o - Brazil (Portuguese)","robots":{"index":"index","follow":"follow","max-snippet":"max-snippet:-1","max-image-preview":"max-image-preview:large","max-video-preview":"max-video-preview:-1"},"canonical":"https:\/\/www.biworldwide.com\/pt-br\/fidelizacao-de-clientes\/","og_locale":"pt_BR","og_type":"article","og_title":"Fideliza\u00e7\u00e3o - Brazil (Portuguese)","og_description":"N\u00e3o basta apenas conquistar a fidelidade de clientes ou canais\u2014\u00e9 preciso otimizar todas as fases da jornada. Desde o momento em que os clientes descobrem sua marca at\u00e9 se tornarem seus maiores defensores, ajudamos voc\u00ea a criar programas que inspiram a\u00e7\u00e3o, fortalecem conex\u00f5es e geram resultados mensur\u00e1veis. Estabele\u00e7a um alto padr\u00e3o para programas que conquistam [&hellip;]","og_url":"https:\/\/www.biworldwide.com\/pt-br\/fidelizacao-de-clientes\/","og_site_name":"Brazil (Portuguese)","article_modified_time":"2025-04-01T18:10:45+00:00","twitter_card":"summary_large_image","twitter_misc":{"Est. reading time":"1 minuto"},"schema":{"@context":"https:\/\/schema.org","@graph":[{"@type":"WebPage","@id":"https:\/\/www.biworldwide.com\/pt-br\/fidelizacao-de-clientes\/","url":"https:\/\/www.biworldwide.com\/pt-br\/fidelizacao-de-clientes\/","name":"Fideliza\u00e7\u00e3o - Brazil (Portuguese)","isPartOf":{"@id":"https:\/\/www.biworldwide.com\/pt-br\/#website"},"datePublished":"2025-01-14T16:17:19+00:00","dateModified":"2025-04-01T18:10:45+00:00","breadcrumb":{"@id":"https:\/\/www.biworldwide.com\/pt-br\/fidelizacao-de-clientes\/#breadcrumb"},"inLanguage":"pt-BR","potentialAction":[{"@type":"ReadAction","target":["https:\/\/www.biworldwide.com\/pt-br\/fidelizacao-de-clientes\/"]}]},{"@type":"BreadcrumbList","@id":"https:\/\/www.biworldwide.com\/pt-br\/fidelizacao-de-clientes\/#breadcrumb","itemListElement":[{"@type":"ListItem","position":1,"name":"Home","item":"https:\/\/www.biworldwide.com\/pt-br\/"},{"@type":"ListItem","position":2,"name":"Fideliza\u00e7\u00e3o"}]},{"@type":"WebSite","@id":"https:\/\/www.biworldwide.com\/pt-br\/#website","url":"https:\/\/www.biworldwide.com\/pt-br\/","name":"Brazil (Portuguese)","description":"","potentialAction":[{"@type":"SearchAction","target":{"@type":"EntryPoint","urlTemplate":"https:\/\/www.biworldwide.com\/pt-br\/?s={search_term_string}"},"query-input":{"@type":"PropertyValueSpecification","valueRequired":true,"valueName":"search_term_string"}}],"inLanguage":"pt-BR"}]}},"_links":{"self":[{"href":"https:\/\/www.biworldwide.com\/pt-br\/wp-json\/wp\/v2\/pages\/122","targetHints":{"allow":["GET"]}}],"collection":[{"href":"https:\/\/www.biworldwide.com\/pt-br\/wp-json\/wp\/v2\/pages"}],"about":[{"href":"https:\/\/www.biworldwide.com\/pt-br\/wp-json\/wp\/v2\/types\/page"}],"author":[{"embeddable":true,"href":"https:\/\/www.biworldwide.com\/pt-br\/wp-json\/wp\/v2\/users\/11"}],"replies":[{"embeddable":true,"href":"https:\/\/www.biworldwide.com\/pt-br\/wp-json\/wp\/v2\/comments?post=122"}],"version-history":[{"count":5,"href":"https:\/\/www.biworldwide.com\/pt-br\/wp-json\/wp\/v2\/pages\/122\/revisions"}],"predecessor-version":[{"id":1112,"href":"https:\/\/www.biworldwide.com\/pt-br\/wp-json\/wp\/v2\/pages\/122\/revisions\/1112"}],"wp:attachment":[{"href":"https:\/\/www.biworldwide.com\/pt-br\/wp-json\/wp\/v2\/media?parent=122"}],"wp:term":[{"taxonomy":"wf_page_folders","embeddable":true,"href":"https:\/\/www.biworldwide.com\/pt-br\/wp-json\/wp\/v2\/wf_page_folders?post=122"}],"curies":[{"name":"wp","href":"https:\/\/api.w.org\/{rel}","templated":true}]}}