{"id":126,"date":"2025-01-14T16:17:45","date_gmt":"2025-01-14T16:17:45","guid":{"rendered":"https:\/\/live-biw-main.pantheonsite.io\/?page_id=126"},"modified":"2025-04-01T12:11:10","modified_gmt":"2025-04-01T18:11:10","slug":"marketing-multicanal","status":"publish","type":"page","link":"https:\/\/www.biworldwide.com\/pt-br\/marketing-multicanal\/","title":{"rendered":"Marketing Multicanal"},"content":{"rendered":"<div class=\" has-content-align-left has-overlay has-overlay--dark alignfull wp-block-biw-block-theme-hero\">\n\t<div class=\"biw-hero__grid\">\n\t\t\n\t\t\t\t\t<div class=\"biw-hero__media \">\n\t\t\t\t\t\t\t\t\t<div class=\"biw-hero__overlay overlay-dark\"><\/div>\n\t\t\t\t\t\t\t\t<img decoding=\"async\" src=\"http:\/\/live-biw-main.pantheonsite.io\/wp-content\/uploads\/2025\/03\/Multi-Channel-Mkt-1728x600px.jpg\" alt=\"A colorful gradient funnel with digital icons connected by lines, representing communication and business concepts like email, chat, and shopping. The background is dark, enhancing the vibrant colors of the funnel and icons.\" class=\"biw-hero__bg-image\" style=\"object-position: 50% 50%;\">\t\t\t<\/div>\n\t\t\t\t<div class=\"biw-hero__content\">\n\t\t\t\t\t\t<h1 class=\"biw-hero__title\" style=\"line-height: 1.2\">\n\t\t\t\tMarketing Multicanal\t\t\t<\/h1>\n\t\t\t\t\t\t\t<h2 class=\"biw-hero__subtitle\">\n\t\t\t\t\tAtive. Engaje. Amplifique.\t\t\t\t<\/h2>\n\t\t\t\t\t\t\t\t\t\t<div class=\"biw-hero__text\">\n\t\t\t\t\t\n\n<p>Trabalhe com nosso Customer Engagement Group para identificar pontos de contato estrat\u00e9gicos e desenvolver uma abordagem \u00fanica voltada para impulsionar seus principais indicadores de desempenho.<\/p>\n\n\t\t\t\t<\/div>\n\t\t\t\t\t\t\t\t<\/div>\n\t<\/div>\n<\/div>\n\n\n\n<div class=\"wp-block-group  layout-columns-7 has-global-padding is-layout-constrained wp-container-core-group-is-layout-a133ec42 wp-block-group-is-layout-constrained\">\n<p class=\"has-xxl-font-size\"><strong>Esteja sempre no radar dos seus clientes.<\/strong><\/p>\n\n\n\n<p>Quer se conectar com novos leads? Conquistar novos neg\u00f3cios? Fortalecer relacionamentos? Estudos mostram que s\u00e3o necess\u00e1rias de seis a oito intera\u00e7\u00f5es para se destacar no meio de tantas mensagens e conquistar a aten\u00e7\u00e3o. Combinamos e-mail, conte\u00fado digital envolvente, mala direta e outros canais para alcan\u00e7ar p\u00fablicos estrat\u00e9gicos e incentiv\u00e1-los a agir. Seja para incentivar clientes a se inscreverem em seu programa online, agendarem uma reuni\u00e3o, responderem uma pesquisa, comprarem um produto ou (no caso da sua equipe de vendas) venderem mais, n\u00f3s ajudamos voc\u00ea a chegar l\u00e1.<\/p>\n\n\n\n<p>Para refor\u00e7ar positivamente, inclu\u00edmos recompensas. Desde kits com brindes e produtos promocionais at\u00e9 op\u00e7\u00f5es de pr\u00eamios como equipamentos esportivos, eletr\u00f4nicos, eletrodom\u00e9sticos, malas, joias, viagens, ingressos para eventos e muito mais \u2014 recompensas personalizadas incentivam os clientes a avan\u00e7ar e motivam as equipes de vendas a alcan\u00e7arem alta performance.<\/p>\n<\/div>\n\n\n\n<div class=\"wp-block-group alignfull has-global-padding is-layout-constrained wp-container-core-group-is-layout-97ab3c77 wp-block-group-is-layout-constrained\">\n<div class=\"wp-block-group has-text-align-center  layout-columns-8 has-global-padding is-layout-constrained wp-container-core-group-is-layout-ee362a79 wp-block-group-is-layout-constrained\">\n<h2 class=\"wp-block-heading has-text-align-center  has-text-wrap-pretty\">Adote uma abordagem multifacetada para gerar resultados.<\/h2>\n\n\n\n<p class=\" has-text-wrap-balance\"><\/p>\n<\/div>\n\n\n\n<div class=\"wp-block-group  layout-columns-12 has-global-padding is-layout-constrained wp-container-core-group-is-layout-9e09659d wp-block-group-is-layout-constrained\">\n<div class=\"wp-block-group is-layout-grid wp-container-core-group-is-layout-c765d3c1 wp-block-group-is-layout-grid\"><div class=\" has-dynamic-border-radius has-link has-image-size-cover has-image-radius-none is-style-default wp-block-biw-block-theme-biw-card\">\n\t\t\t<figure class=\"biw-card__image-wrapper \">\n\t\t\t<img decoding=\"async\" src=\"http:\/\/live-biw-main.pantheonsite.io\/wp-content\/uploads\/2025\/02\/Research-and-analytics-1300x732px.jpg\" alt=\"A person uses a calculator and laptop, overlaid with a digital graph showing upward arrows, symbolizing growth or progress. Papers and charts are visible on the desk, and a yellow and white abstract background is present.\" class=\"biw-card__image\" style=\"object-position: 50% 50%;\">\t\t<\/figure>\n\t\t<div class=\"biw-card__content\">\n\t\t<h3 class=\"biw-card__title\">\n\t\t\t\t\t\t\t<a href=\"https:\/\/www.biworldwide.com\/pt-br\/research-and-analytics\/\" >\n\t\t\t\t<strong>Pesquisa e An\u00e1lise de Dados<\/strong>\t\t\t\t<\/a>\n\t\t\t\t\t<\/h3>\n\t\t<div class=\"biw-card__text\">\n\n<p>Ajudamos a impulsionar os resultados que voc\u00ea precisa por meio de dados e an\u00e1lises que abordam quest\u00f5es-chave de neg\u00f3cios e de programas ao longo de todo o ciclo de vida da iniciativa.<\/p>\n\n<\/div>\n\t<\/div>\n\t\t\t<span class=\"biw-card__cta\">Saiba Mais<\/span>\n\t<\/div>\n\n<div class=\" has-dynamic-border-radius has-link has-image-size-cover has-image-radius-none is-style-default wp-block-biw-block-theme-biw-card\">\n\t\t\t<figure class=\"biw-card__image-wrapper \">\n\t\t\t<img decoding=\"async\" src=\"http:\/\/live-biw-main.pantheonsite.io\/wp-content\/uploads\/2025\/02\/Communications-colored-paper-1300x732px.jpg\" alt=\"Abstract digital artwork featuring curved, layered shapes in vibrant orange, yellow, green, and red tones, creating a dynamic and visually striking composition against an orange background.\" class=\"biw-card__image\" style=\"object-position: 50% 50%;\">\t\t<\/figure>\n\t\t<div class=\"biw-card__content\">\n\t\t<h3 class=\"biw-card__title\">\n\t\t\t\t\t\t\t<a href=\"https:\/\/www.biworldwide.com\/pt-br\/communications\/\" >\n\t\t\t\t<strong>Comunica\u00e7\u00f5es<\/strong>\t\t\t\t<\/a>\n\t\t\t\t\t<\/h3>\n\t\t<div class=\"biw-card__text\">\n\n<p>A quantidade de informa\u00e7\u00f5es que seus clientes, colaboradores e equipes de vendas recebem diariamente s\u00f3 cresce. Capte e mantenha a aten\u00e7\u00e3o deles, destacando-se no meio do ru\u00eddo.<\/p>\n\n<\/div>\n\t<\/div>\n\t\t\t<span class=\"biw-card__cta\">Saiba Mais<\/span>\n\t<\/div>\n\n<div class=\" has-dynamic-border-radius has-link has-image-size-cover has-image-radius-none is-style-default wp-block-biw-block-theme-biw-card\">\n\t\t\t<figure class=\"biw-card__image-wrapper \">\n\t\t\t<img decoding=\"async\" src=\"http:\/\/live-biw-main.pantheonsite.io\/wp-content\/uploads\/2025\/02\/BIW_Site_Card_Marketplaces-scaled.jpg\" alt=\"A woman in a yellow sweater wearing headphones writes in a notebook. Another woman in a teal shirt holds shopping bags and a phone. A man in a winter jacket and sunglasses looks upwards. The background is divided into white and colorful triangles.\" class=\"biw-card__image\" style=\"object-position: 50% 50%;\">\t\t<\/figure>\n\t\t<div class=\"biw-card__content\">\n\t\t<h3 class=\"biw-card__title\">\n\t\t\t\t\t\t\t<a href=\"https:\/\/www.biworldwide.com\/pt-br\/rewards\/\" >\n\t\t\t\t<strong>Recompensas<\/strong>\t\t\t\t<\/a>\n\t\t\t\t\t<\/h3>\n\t\t<div class=\"biw-card__text\">\n\n<p>Motivar seu p\u00fablico com recompensas incr\u00edveis n\u00e3o precisa ser complicado. Das marcas mais desejadas e viagens inesquec\u00edveis a ingressos disputados para eventos, passeios locais, turismo, experi\u00eancias e aprendizado \u2014 tudo o que desperta a paix\u00e3o deles.<\/p>\n\n<\/div>\n\t<\/div>\n\t\t\t<span class=\"biw-card__cta\">Saiba Mais<\/span>\n\t<\/div><\/div>\n<\/div>\n<\/div>\n","protected":false},"excerpt":{"rendered":"<p>Esteja sempre no radar dos seus clientes. Quer se conectar com novos leads? Conquistar novos neg\u00f3cios? Fortalecer relacionamentos? Estudos mostram que s\u00e3o necess\u00e1rias de seis a oito intera\u00e7\u00f5es para se destacar no meio de tantas mensagens e conquistar a aten\u00e7\u00e3o. Combinamos e-mail, conte\u00fado digital envolvente, mala direta e outros canais para alcan\u00e7ar p\u00fablicos estrat\u00e9gicos e [&hellip;]<\/p>\n","protected":false},"author":11,"featured_media":0,"parent":0,"menu_order":0,"comment_status":"closed","ping_status":"closed","template":"","meta":{"featured_image_focal_point":{"x":0.5,"y":0.5},"footnotes":""},"wf_page_folders":[39],"class_list":["post-126","page","type-page","status-publish","hentry"],"yoast_head":"<!-- This site is optimized with the Yoast SEO plugin v26.2 - https:\/\/yoast.com\/wordpress\/plugins\/seo\/ -->\n<title>Marketing Multicanal - Brazil (Portuguese)<\/title>\n<meta name=\"robots\" content=\"index, follow, max-snippet:-1, max-image-preview:large, max-video-preview:-1\" \/>\n<link rel=\"canonical\" href=\"https:\/\/www.biworldwide.com\/pt-br\/marketing-multicanal\/\" \/>\n<meta property=\"og:locale\" content=\"pt_BR\" \/>\n<meta property=\"og:type\" content=\"article\" \/>\n<meta property=\"og:title\" content=\"Marketing Multicanal - Brazil (Portuguese)\" \/>\n<meta property=\"og:description\" content=\"Esteja sempre no radar dos seus clientes. Quer se conectar com novos leads? Conquistar novos neg\u00f3cios? Fortalecer relacionamentos? Estudos mostram que s\u00e3o necess\u00e1rias de seis a oito intera\u00e7\u00f5es para se destacar no meio de tantas mensagens e conquistar a aten\u00e7\u00e3o. Combinamos e-mail, conte\u00fado digital envolvente, mala direta e outros canais para alcan\u00e7ar p\u00fablicos estrat\u00e9gicos e [&hellip;]\" \/>\n<meta property=\"og:url\" content=\"https:\/\/www.biworldwide.com\/pt-br\/marketing-multicanal\/\" \/>\n<meta property=\"og:site_name\" content=\"Brazil (Portuguese)\" \/>\n<meta property=\"article:modified_time\" content=\"2025-04-01T18:11:10+00:00\" \/>\n<meta name=\"twitter:card\" content=\"summary_large_image\" \/>\n<meta name=\"twitter:label1\" content=\"Est. reading time\" \/>\n\t<meta name=\"twitter:data1\" content=\"2 minutos\" \/>\n<script type=\"application\/ld+json\" class=\"yoast-schema-graph\">{\"@context\":\"https:\/\/schema.org\",\"@graph\":[{\"@type\":\"WebPage\",\"@id\":\"https:\/\/www.biworldwide.com\/pt-br\/marketing-multicanal\/\",\"url\":\"https:\/\/www.biworldwide.com\/pt-br\/marketing-multicanal\/\",\"name\":\"Marketing Multicanal - Brazil (Portuguese)\",\"isPartOf\":{\"@id\":\"https:\/\/www.biworldwide.com\/pt-br\/#website\"},\"datePublished\":\"2025-01-14T16:17:45+00:00\",\"dateModified\":\"2025-04-01T18:11:10+00:00\",\"breadcrumb\":{\"@id\":\"https:\/\/www.biworldwide.com\/pt-br\/marketing-multicanal\/#breadcrumb\"},\"inLanguage\":\"pt-BR\",\"potentialAction\":[{\"@type\":\"ReadAction\",\"target\":[\"https:\/\/www.biworldwide.com\/pt-br\/marketing-multicanal\/\"]}]},{\"@type\":\"BreadcrumbList\",\"@id\":\"https:\/\/www.biworldwide.com\/pt-br\/marketing-multicanal\/#breadcrumb\",\"itemListElement\":[{\"@type\":\"ListItem\",\"position\":1,\"name\":\"Home\",\"item\":\"https:\/\/www.biworldwide.com\/pt-br\/\"},{\"@type\":\"ListItem\",\"position\":2,\"name\":\"Marketing Multicanal\"}]},{\"@type\":\"WebSite\",\"@id\":\"https:\/\/www.biworldwide.com\/pt-br\/#website\",\"url\":\"https:\/\/www.biworldwide.com\/pt-br\/\",\"name\":\"Brazil (Portuguese)\",\"description\":\"\",\"potentialAction\":[{\"@type\":\"SearchAction\",\"target\":{\"@type\":\"EntryPoint\",\"urlTemplate\":\"https:\/\/www.biworldwide.com\/pt-br\/?s={search_term_string}\"},\"query-input\":{\"@type\":\"PropertyValueSpecification\",\"valueRequired\":true,\"valueName\":\"search_term_string\"}}],\"inLanguage\":\"pt-BR\"}]}<\/script>\n<!-- \/ Yoast SEO plugin. -->","yoast_head_json":{"title":"Marketing Multicanal - Brazil (Portuguese)","robots":{"index":"index","follow":"follow","max-snippet":"max-snippet:-1","max-image-preview":"max-image-preview:large","max-video-preview":"max-video-preview:-1"},"canonical":"https:\/\/www.biworldwide.com\/pt-br\/marketing-multicanal\/","og_locale":"pt_BR","og_type":"article","og_title":"Marketing Multicanal - Brazil (Portuguese)","og_description":"Esteja sempre no radar dos seus clientes. Quer se conectar com novos leads? Conquistar novos neg\u00f3cios? Fortalecer relacionamentos? Estudos mostram que s\u00e3o necess\u00e1rias de seis a oito intera\u00e7\u00f5es para se destacar no meio de tantas mensagens e conquistar a aten\u00e7\u00e3o. Combinamos e-mail, conte\u00fado digital envolvente, mala direta e outros canais para alcan\u00e7ar p\u00fablicos estrat\u00e9gicos e [&hellip;]","og_url":"https:\/\/www.biworldwide.com\/pt-br\/marketing-multicanal\/","og_site_name":"Brazil (Portuguese)","article_modified_time":"2025-04-01T18:11:10+00:00","twitter_card":"summary_large_image","twitter_misc":{"Est. reading time":"2 minutos"},"schema":{"@context":"https:\/\/schema.org","@graph":[{"@type":"WebPage","@id":"https:\/\/www.biworldwide.com\/pt-br\/marketing-multicanal\/","url":"https:\/\/www.biworldwide.com\/pt-br\/marketing-multicanal\/","name":"Marketing Multicanal - Brazil (Portuguese)","isPartOf":{"@id":"https:\/\/www.biworldwide.com\/pt-br\/#website"},"datePublished":"2025-01-14T16:17:45+00:00","dateModified":"2025-04-01T18:11:10+00:00","breadcrumb":{"@id":"https:\/\/www.biworldwide.com\/pt-br\/marketing-multicanal\/#breadcrumb"},"inLanguage":"pt-BR","potentialAction":[{"@type":"ReadAction","target":["https:\/\/www.biworldwide.com\/pt-br\/marketing-multicanal\/"]}]},{"@type":"BreadcrumbList","@id":"https:\/\/www.biworldwide.com\/pt-br\/marketing-multicanal\/#breadcrumb","itemListElement":[{"@type":"ListItem","position":1,"name":"Home","item":"https:\/\/www.biworldwide.com\/pt-br\/"},{"@type":"ListItem","position":2,"name":"Marketing Multicanal"}]},{"@type":"WebSite","@id":"https:\/\/www.biworldwide.com\/pt-br\/#website","url":"https:\/\/www.biworldwide.com\/pt-br\/","name":"Brazil (Portuguese)","description":"","potentialAction":[{"@type":"SearchAction","target":{"@type":"EntryPoint","urlTemplate":"https:\/\/www.biworldwide.com\/pt-br\/?s={search_term_string}"},"query-input":{"@type":"PropertyValueSpecification","valueRequired":true,"valueName":"search_term_string"}}],"inLanguage":"pt-BR"}]}},"_links":{"self":[{"href":"https:\/\/www.biworldwide.com\/pt-br\/wp-json\/wp\/v2\/pages\/126","targetHints":{"allow":["GET"]}}],"collection":[{"href":"https:\/\/www.biworldwide.com\/pt-br\/wp-json\/wp\/v2\/pages"}],"about":[{"href":"https:\/\/www.biworldwide.com\/pt-br\/wp-json\/wp\/v2\/types\/page"}],"author":[{"embeddable":true,"href":"https:\/\/www.biworldwide.com\/pt-br\/wp-json\/wp\/v2\/users\/11"}],"replies":[{"embeddable":true,"href":"https:\/\/www.biworldwide.com\/pt-br\/wp-json\/wp\/v2\/comments?post=126"}],"version-history":[{"count":5,"href":"https:\/\/www.biworldwide.com\/pt-br\/wp-json\/wp\/v2\/pages\/126\/revisions"}],"predecessor-version":[{"id":1113,"href":"https:\/\/www.biworldwide.com\/pt-br\/wp-json\/wp\/v2\/pages\/126\/revisions\/1113"}],"wp:attachment":[{"href":"https:\/\/www.biworldwide.com\/pt-br\/wp-json\/wp\/v2\/media?parent=126"}],"wp:term":[{"taxonomy":"wf_page_folders","embeddable":true,"href":"https:\/\/www.biworldwide.com\/pt-br\/wp-json\/wp\/v2\/wf_page_folders?post=126"}],"curies":[{"name":"wp","href":"https:\/\/api.w.org\/{rel}","templated":true}]}}