{"id":130,"date":"2025-01-14T16:18:08","date_gmt":"2025-01-14T16:18:08","guid":{"rendered":"https:\/\/live-biw-main.pantheonsite.io\/?page_id=130"},"modified":"2025-04-01T12:11:33","modified_gmt":"2025-04-01T18:11:33","slug":"pesquisa-e-analise-de-dados","status":"publish","type":"page","link":"https:\/\/www.biworldwide.com\/pt-br\/pesquisa-e-analise-de-dados\/","title":{"rendered":"Pesquisa e An\u00e1lise de Dados"},"content":{"rendered":"<div class=\" has-content-align-left has-overlay has-overlay--dark alignfull wp-block-biw-block-theme-hero\">\n\t<div class=\"biw-hero__grid\">\n\t\t\n\t\t\t\t\t<div class=\"biw-hero__media \">\n\t\t\t\t\t\t\t\t\t<div class=\"biw-hero__overlay overlay-dark\"><\/div>\n\t\t\t\t\t\t\t\t<img decoding=\"async\" src=\"http:\/\/live-biw-main.pantheonsite.io\/wp-content\/uploads\/2025\/02\/Research-and-analytics-1728x600px.jpg\" alt=\"A person uses a laptop with a digital overlay of upward-pointing arrows and bar graphs, symbolizing growth and progress. The background has a white-to-yellow gradient.\" class=\"biw-hero__bg-image\" style=\"object-position: 50% 50%;\">\t\t\t<\/div>\n\t\t\t\t<div class=\"biw-hero__content\">\n\t\t\t\t\t\t<h1 class=\"biw-hero__title\" style=\"line-height: 1.2\">\n\t\t\t\tPesquisa e An\u00e1lise de Dados\t\t\t<\/h1>\n\t\t\t\t\t\t\t\t\t\t<div class=\"biw-hero__text\">\n\t\t\t\t\t\n\n<p>Ajudamos a impulsionar os resultados que voc\u00ea precisa por meio de dados e an\u00e1lises que abordam quest\u00f5es-chave de neg\u00f3cios e de programas ao longo de todo o ciclo de vida da iniciativa.<\/p>\n\n\t\t\t\t<\/div>\n\t\t\t\t\t\t\t\t<\/div>\n\t<\/div>\n<\/div>\n\n\n\n<div class=\"wp-block-group  layout-columns-8 has-global-padding is-layout-constrained wp-container-core-group-is-layout-fce79bf6 wp-block-group-is-layout-constrained\">\n<p class=\"has-xl-font-size\"><strong>Aproveite dados e an\u00e1lises para otimizar o engajamento.<\/strong><\/p>\n\n\n\n<p>Seja avaliando cen\u00e1rios-problema, fazendo o pr\u00e9-planejamento para o lan\u00e7amento de um programa ou conduzindo uma an\u00e1lise p\u00f3s-implementa\u00e7\u00e3o para viabilizar com mais efic\u00e1cia a pr\u00f3xima iniciativa, ajudamos nossos parceiros a coletar e utilizar dados para tomar decis\u00f5es assertivas em cada fase.<\/p>\n\n\n\n<p><strong>As necessidades incluem:<\/strong><\/p>\n\n\n\n<ul class=\"wp-block-list\">\n<li class=\"has-large-font-size\"><strong>Avalia\u00e7\u00e3o de viabilidade<\/strong> \u2013 identificando impactos ocultos do engajamento<\/li>\n\n\n\n<li class=\"has-large-font-size\"><strong>Modelagem de programas<\/strong> \u2013 compreendendo o impacto potencial de cada solu\u00e7\u00e3o de engajamento<\/li>\n\n\n\n<li class=\"has-large-font-size\"><strong>An\u00e1lise de melhorias<\/strong> \u2013 identificando o que funciona, o que n\u00e3o funciona e oportunidades de aprimoramento<\/li>\n\n\n\n<li class=\"has-large-font-size\"><strong>An\u00e1lise de evas\u00e3o<\/strong> \u2013 entendendo o potencial de economia com programas de reconhecimento<\/li>\n\n\n\n<li class=\"has-large-font-size\"><strong>Retorno com prop\u00f3sito<\/strong> \u2013 avalia\u00e7\u00e3o hol\u00edstica de eventos, treinamentos e comunica\u00e7\u00f5es para impulsionar o engajamento<\/li>\n\n\n\n<li class=\"has-large-font-size\"><strong>ChannelWISE\u2122<\/strong> \u2013 an\u00e1lise de segmenta\u00e7\u00e3o para identificar seus melhores, piores e mais promissores clientes<\/li>\n\n\n\n<li class=\"has-large-font-size\"><strong>QuitRisk<\/strong> \u2013 previs\u00e3o de quais colaboradores t\u00eam maior probabilidade de sair<\/li>\n<\/ul>\n<\/div>\n\n\n\n<div class=\"wp-block-group alignfull has-global-padding is-layout-constrained wp-container-core-group-is-layout-97ab3c77 wp-block-group-is-layout-constrained\">\n<div class=\"wp-block-group has-text-align-center  layout-columns-8 has-global-padding is-layout-constrained wp-container-core-group-is-layout-ee362a79 wp-block-group-is-layout-constrained\">\n<h2 class=\"wp-block-heading has-text-align-center  has-text-wrap-pretty\">Abordando quest\u00f5es-chave com dados.<\/h2>\n\n\n\n<p class=\" has-text-wrap-balance\"><\/p>\n<\/div>\n\n\n\n<div class=\"wp-block-group  layout-columns-12 has-global-padding is-layout-constrained wp-container-core-group-is-layout-9e09659d wp-block-group-is-layout-constrained\">\n<div class=\"wp-block-group is-layout-grid wp-container-core-group-is-layout-c765d3c1 wp-block-group-is-layout-grid\"><div class=\" has-dynamic-border-radius has-image-size-cover has-image-radius-none is-style-vertical-no-image wp-block-biw-block-theme-biw-card\">\n\t\t<div class=\"biw-card__content\">\n\t\t<h3 class=\"biw-card__title\">\n\t\t\t\t\t\t\tDesign\t\t\t\t\t<\/h3>\n\t\t<div class=\"biw-card__text\">\n\n<p>\u2013 Estrutura do programa<br>\u2013 Modelagem do programa<\/p>\n\n\n\n<p><strong>An\u00e1lise pr\u00e9-programa:<\/strong><br>\u2013 Qual \u00e9 o valor da mudan\u00e7a de comportamento?<br>\u2013 Segmentos do p\u00fablico-alvo devem ser motivados de forma diferente?<br>\u2013 Quanto ser\u00e1 investido na iniciativa proposta?<\/p>\n\n<\/div>\n\t<\/div>\n\t<\/div>\n\n<div class=\" has-dynamic-border-radius has-image-size-cover has-image-radius-none is-style-vertical-no-image wp-block-biw-block-theme-biw-card\">\n\t\t<div class=\"biw-card__content\">\n\t\t<h3 class=\"biw-card__title\">\n\t\t\t\t\t\t\t<strong>Avalia\u00e7\u00e3o<\/strong>\t\t\t\t\t<\/h3>\n\t\t<div class=\"biw-card__text\">\n\n<p>\u2013 Engajamento no programa<br>\u2013 Desempenho do programa<br>\u2013 Otimiza\u00e7\u00e3o do programa<\/p>\n\n\n\n<p><strong>An\u00e1lise cont\u00ednua do programa:<\/strong><br>\u2013 Como o desempenho varia entre os segmentos?<br>\u2013 Em que medida a solu\u00e7\u00e3o de engajamento est\u00e1 gerando os resultados desejados?<\/p>\n\n<\/div>\n\t<\/div>\n\t<\/div>\n\n<div class=\" has-dynamic-border-radius has-image-size-cover has-image-radius-none is-style-vertical-no-image wp-block-biw-block-theme-biw-card\">\n\t\t<div class=\"biw-card__content\">\n\t\t<h3 class=\"biw-card__title\">\n\t\t\t\t\t\t\tValor\t\t\t\t\t<\/h3>\n\t\t<div class=\"biw-card__text\">\n\n<p>\u2013 Mudan\u00e7a de comportamento<br>\u2013 Impacto nos neg\u00f3cios<\/p>\n\n\n\n<p><strong>An\u00e1lise p\u00f3s-programa:<\/strong><br>\u2013 Qual foi o valor do programa?<br>\u2013 Qu\u00e3o eficaz foi a estrutura de regras e onde est\u00e3o as oportunidades de melhoria?<br>\u2013 Quais comportamentos ou atividades est\u00e3o associados a um desempenho superior?<\/p>\n\n<\/div>\n\t<\/div>\n\t<\/div><\/div>\n<\/div>\n<\/div>\n\n\n\n<div class=\"wp-block-group alignfull has-global-padding is-layout-constrained wp-container-core-group-is-layout-e04489b5 wp-block-group-is-layout-constrained\">\n<div class=\"wp-block-group  layout-columns-8 has-global-padding is-layout-constrained wp-container-core-group-is-layout-fce79bf6 wp-block-group-is-layout-constrained\">\n<h2 class=\"wp-block-heading has-text-align-center\">Os dados contam a hist\u00f3ria<\/h2>\n<\/div>\n\n\n\n<div class=\"wp-block-group  layout-columns-10 has-global-padding is-layout-constrained wp-container-core-group-is-layout-0b5f5b40 wp-block-group-is-layout-constrained\">\n<div class=\"wp-block-group has-text-align-center is-layout-grid wp-container-core-group-is-layout-ef442fb0 wp-block-group-is-layout-grid\">\n<div class=\"wp-block-group is-vertical is-content-justification-center is-layout-flex wp-container-core-group-is-layout-81423f52 wp-block-group-is-layout-flex\">\n<h3 class=\"wp-block-heading has-impact-font-size  has-text-wrap-no-wrap  has-gradient-fill has-gradient-fill-green\">100<\/h3>\n\n\n\n<p class=\"has-text-align-center has-large-font-size  has-text-wrap-balance\">Empresas da Fortune 1000 usam nossas ci\u00eancias de decis\u00e3o<br><\/p>\n<\/div>\n\n\n\n<div class=\"wp-block-group is-vertical is-content-justification-center is-layout-flex wp-container-core-group-is-layout-81423f52 wp-block-group-is-layout-flex\">\n<h3 class=\"wp-block-heading has-impact-font-size  has-text-wrap-no-wrap  has-gradient-fill has-gradient-fill-green\">$900M<\/h3>\n\n\n\n<p class=\"has-text-align-center has-large-font-size  has-text-wrap-balance\">em melhoria de resultados de neg\u00f3cios no \u00faltimo ano, em todos os clientes<\/p>\n<\/div>\n\n\n\n<div class=\"wp-block-group is-vertical is-content-justification-center is-layout-flex wp-container-core-group-is-layout-81423f52 wp-block-group-is-layout-flex\">\n<h3 class=\"wp-block-heading has-impact-font-size  has-text-wrap-no-wrap  has-gradient-fill has-gradient-fill-green\">39%<\/h3>\n\n\n\n<p class=\"has-text-align-center has-large-font-size  has-text-wrap-balance\">de redu\u00e7\u00e3o m\u00e9dia nos custos de programas de incentivo<\/p>\n<\/div>\n<\/div>\n<\/div>\n<\/div>\n","protected":false},"excerpt":{"rendered":"<p>Aproveite dados e an\u00e1lises para otimizar o engajamento. Seja avaliando cen\u00e1rios-problema, fazendo o pr\u00e9-planejamento para o lan\u00e7amento de um programa ou conduzindo uma an\u00e1lise p\u00f3s-implementa\u00e7\u00e3o para viabilizar com mais efic\u00e1cia a pr\u00f3xima iniciativa, ajudamos nossos parceiros a coletar e utilizar dados para tomar decis\u00f5es assertivas em cada fase. As necessidades incluem: Abordando quest\u00f5es-chave com dados. [&hellip;]<\/p>\n","protected":false},"author":11,"featured_media":0,"parent":0,"menu_order":0,"comment_status":"closed","ping_status":"closed","template":"","meta":{"featured_image_focal_point":{"x":0.5,"y":0.5},"footnotes":""},"wf_page_folders":[39],"class_list":["post-130","page","type-page","status-publish","hentry"],"yoast_head":"<!-- This site is optimized with the Yoast SEO plugin v26.2 - https:\/\/yoast.com\/wordpress\/plugins\/seo\/ -->\n<title>Pesquisa e An\u00e1lise de Dados - Brazil (Portuguese)<\/title>\n<meta name=\"robots\" content=\"index, follow, max-snippet:-1, max-image-preview:large, max-video-preview:-1\" \/>\n<link rel=\"canonical\" href=\"https:\/\/www.biworldwide.com\/pt-br\/pesquisa-e-analise-de-dados\/\" \/>\n<meta property=\"og:locale\" content=\"pt_BR\" \/>\n<meta property=\"og:type\" content=\"article\" \/>\n<meta property=\"og:title\" content=\"Pesquisa e An\u00e1lise de Dados - Brazil (Portuguese)\" \/>\n<meta property=\"og:description\" content=\"Aproveite dados e an\u00e1lises para otimizar o engajamento. Seja avaliando cen\u00e1rios-problema, fazendo o pr\u00e9-planejamento para o lan\u00e7amento de um programa ou conduzindo uma an\u00e1lise p\u00f3s-implementa\u00e7\u00e3o para viabilizar com mais efic\u00e1cia a pr\u00f3xima iniciativa, ajudamos nossos parceiros a coletar e utilizar dados para tomar decis\u00f5es assertivas em cada fase. As necessidades incluem: Abordando quest\u00f5es-chave com dados. [&hellip;]\" \/>\n<meta property=\"og:url\" content=\"https:\/\/www.biworldwide.com\/pt-br\/pesquisa-e-analise-de-dados\/\" \/>\n<meta property=\"og:site_name\" content=\"Brazil (Portuguese)\" \/>\n<meta property=\"article:modified_time\" content=\"2025-04-01T18:11:33+00:00\" \/>\n<meta name=\"twitter:card\" content=\"summary_large_image\" \/>\n<meta name=\"twitter:label1\" content=\"Est. reading time\" \/>\n\t<meta name=\"twitter:data1\" content=\"2 minutos\" \/>\n<script type=\"application\/ld+json\" class=\"yoast-schema-graph\">{\"@context\":\"https:\/\/schema.org\",\"@graph\":[{\"@type\":\"WebPage\",\"@id\":\"https:\/\/www.biworldwide.com\/pt-br\/pesquisa-e-analise-de-dados\/\",\"url\":\"https:\/\/www.biworldwide.com\/pt-br\/pesquisa-e-analise-de-dados\/\",\"name\":\"Pesquisa e An\u00e1lise de Dados - Brazil (Portuguese)\",\"isPartOf\":{\"@id\":\"https:\/\/www.biworldwide.com\/pt-br\/#website\"},\"datePublished\":\"2025-01-14T16:18:08+00:00\",\"dateModified\":\"2025-04-01T18:11:33+00:00\",\"breadcrumb\":{\"@id\":\"https:\/\/www.biworldwide.com\/pt-br\/pesquisa-e-analise-de-dados\/#breadcrumb\"},\"inLanguage\":\"pt-BR\",\"potentialAction\":[{\"@type\":\"ReadAction\",\"target\":[\"https:\/\/www.biworldwide.com\/pt-br\/pesquisa-e-analise-de-dados\/\"]}]},{\"@type\":\"BreadcrumbList\",\"@id\":\"https:\/\/www.biworldwide.com\/pt-br\/pesquisa-e-analise-de-dados\/#breadcrumb\",\"itemListElement\":[{\"@type\":\"ListItem\",\"position\":1,\"name\":\"Home\",\"item\":\"https:\/\/www.biworldwide.com\/pt-br\/\"},{\"@type\":\"ListItem\",\"position\":2,\"name\":\"Pesquisa e An\u00e1lise de Dados\"}]},{\"@type\":\"WebSite\",\"@id\":\"https:\/\/www.biworldwide.com\/pt-br\/#website\",\"url\":\"https:\/\/www.biworldwide.com\/pt-br\/\",\"name\":\"Brazil (Portuguese)\",\"description\":\"\",\"potentialAction\":[{\"@type\":\"SearchAction\",\"target\":{\"@type\":\"EntryPoint\",\"urlTemplate\":\"https:\/\/www.biworldwide.com\/pt-br\/?s={search_term_string}\"},\"query-input\":{\"@type\":\"PropertyValueSpecification\",\"valueRequired\":true,\"valueName\":\"search_term_string\"}}],\"inLanguage\":\"pt-BR\"}]}<\/script>\n<!-- \/ Yoast SEO plugin. -->","yoast_head_json":{"title":"Pesquisa e An\u00e1lise de Dados - Brazil (Portuguese)","robots":{"index":"index","follow":"follow","max-snippet":"max-snippet:-1","max-image-preview":"max-image-preview:large","max-video-preview":"max-video-preview:-1"},"canonical":"https:\/\/www.biworldwide.com\/pt-br\/pesquisa-e-analise-de-dados\/","og_locale":"pt_BR","og_type":"article","og_title":"Pesquisa e An\u00e1lise de Dados - Brazil (Portuguese)","og_description":"Aproveite dados e an\u00e1lises para otimizar o engajamento. Seja avaliando cen\u00e1rios-problema, fazendo o pr\u00e9-planejamento para o lan\u00e7amento de um programa ou conduzindo uma an\u00e1lise p\u00f3s-implementa\u00e7\u00e3o para viabilizar com mais efic\u00e1cia a pr\u00f3xima iniciativa, ajudamos nossos parceiros a coletar e utilizar dados para tomar decis\u00f5es assertivas em cada fase. As necessidades incluem: Abordando quest\u00f5es-chave com dados. [&hellip;]","og_url":"https:\/\/www.biworldwide.com\/pt-br\/pesquisa-e-analise-de-dados\/","og_site_name":"Brazil (Portuguese)","article_modified_time":"2025-04-01T18:11:33+00:00","twitter_card":"summary_large_image","twitter_misc":{"Est. reading time":"2 minutos"},"schema":{"@context":"https:\/\/schema.org","@graph":[{"@type":"WebPage","@id":"https:\/\/www.biworldwide.com\/pt-br\/pesquisa-e-analise-de-dados\/","url":"https:\/\/www.biworldwide.com\/pt-br\/pesquisa-e-analise-de-dados\/","name":"Pesquisa e An\u00e1lise de Dados - Brazil (Portuguese)","isPartOf":{"@id":"https:\/\/www.biworldwide.com\/pt-br\/#website"},"datePublished":"2025-01-14T16:18:08+00:00","dateModified":"2025-04-01T18:11:33+00:00","breadcrumb":{"@id":"https:\/\/www.biworldwide.com\/pt-br\/pesquisa-e-analise-de-dados\/#breadcrumb"},"inLanguage":"pt-BR","potentialAction":[{"@type":"ReadAction","target":["https:\/\/www.biworldwide.com\/pt-br\/pesquisa-e-analise-de-dados\/"]}]},{"@type":"BreadcrumbList","@id":"https:\/\/www.biworldwide.com\/pt-br\/pesquisa-e-analise-de-dados\/#breadcrumb","itemListElement":[{"@type":"ListItem","position":1,"name":"Home","item":"https:\/\/www.biworldwide.com\/pt-br\/"},{"@type":"ListItem","position":2,"name":"Pesquisa e An\u00e1lise de Dados"}]},{"@type":"WebSite","@id":"https:\/\/www.biworldwide.com\/pt-br\/#website","url":"https:\/\/www.biworldwide.com\/pt-br\/","name":"Brazil (Portuguese)","description":"","potentialAction":[{"@type":"SearchAction","target":{"@type":"EntryPoint","urlTemplate":"https:\/\/www.biworldwide.com\/pt-br\/?s={search_term_string}"},"query-input":{"@type":"PropertyValueSpecification","valueRequired":true,"valueName":"search_term_string"}}],"inLanguage":"pt-BR"}]}},"_links":{"self":[{"href":"https:\/\/www.biworldwide.com\/pt-br\/wp-json\/wp\/v2\/pages\/130","targetHints":{"allow":["GET"]}}],"collection":[{"href":"https:\/\/www.biworldwide.com\/pt-br\/wp-json\/wp\/v2\/pages"}],"about":[{"href":"https:\/\/www.biworldwide.com\/pt-br\/wp-json\/wp\/v2\/types\/page"}],"author":[{"embeddable":true,"href":"https:\/\/www.biworldwide.com\/pt-br\/wp-json\/wp\/v2\/users\/11"}],"replies":[{"embeddable":true,"href":"https:\/\/www.biworldwide.com\/pt-br\/wp-json\/wp\/v2\/comments?post=130"}],"version-history":[{"count":4,"href":"https:\/\/www.biworldwide.com\/pt-br\/wp-json\/wp\/v2\/pages\/130\/revisions"}],"predecessor-version":[{"id":1115,"href":"https:\/\/www.biworldwide.com\/pt-br\/wp-json\/wp\/v2\/pages\/130\/revisions\/1115"}],"wp:attachment":[{"href":"https:\/\/www.biworldwide.com\/pt-br\/wp-json\/wp\/v2\/media?parent=130"}],"wp:term":[{"taxonomy":"wf_page_folders","embeddable":true,"href":"https:\/\/www.biworldwide.com\/pt-br\/wp-json\/wp\/v2\/wf_page_folders?post=130"}],"curies":[{"name":"wp","href":"https:\/\/api.w.org\/{rel}","templated":true}]}}