{"id":138,"date":"2025-01-14T16:19:05","date_gmt":"2025-01-14T16:19:05","guid":{"rendered":"https:\/\/live-biw-main.pantheonsite.io\/?page_id=138"},"modified":"2025-04-01T12:03:39","modified_gmt":"2025-04-01T18:03:39","slug":"premios-e-reconhecimentos","status":"publish","type":"page","link":"https:\/\/www.biworldwide.com\/pt-br\/premios-e-reconhecimentos\/","title":{"rendered":"Pr\u00eamios e Reconhecimentos"},"content":{"rendered":"<div class=\" has-content-align-left has-overlay has-overlay--dark alignfull wp-block-biw-block-theme-hero\">\n\t<div class=\"biw-hero__grid\">\n\t\t\n\t\t\t\t\t<div class=\"biw-hero__media \">\n\t\t\t\t\t\t\t\t\t<div class=\"biw-hero__overlay overlay-dark\"><\/div>\n\t\t\t\t\t\t\t\t<img decoding=\"async\" src=\"http:\/\/live-biw-main.pantheonsite.io\/wp-content\/uploads\/2025\/02\/OurWork-1728x600px.jpg\" alt=\"View looking up at the interior of a modern, curving building with a circular opening. The sky is visible with a mix of light blue and a purple shade. The structure features reflective windows and a futuristic design.\" class=\"biw-hero__bg-image\" style=\"object-position: 50% 50%;\">\t\t\t<\/div>\n\t\t\t\t<div class=\"biw-hero__content\">\n\t\t\t\t\t\t<h1 class=\"biw-hero__title\" style=\"line-height: 1.2\">\n\t\t\t\t<strong>Pr\u00eamios e Reconhecimentos<\/strong>\t\t\t<\/h1>\n\t\t\t\t\t\t\t<h2 class=\"biw-hero__subtitle\">\n\t\t\t\t\tTrabalhos premiados reconhecidos por especialistas da ind\u00fastria.\t\t\t\t<\/h2>\n\t\t\t\t\t\t\t\t\t\t<div class=\"biw-hero__text\">\n\t\t\t\t\t\n\n<p>Temos o privil\u00e9gio de colaborar com algumas das maiores marcas do mundo para engajar seus colaboradores, motivar suas equipes de vendas e construir uma base leal de parceiros e clientes.<br><a href=\"https:\/\/www.biworldwide.com\/about-us\/our-work\/#below-hero\"><\/a><\/p>\n\n\t\t\t\t<\/div>\n\t\t\t\t\t\t\t\t<\/div>\n\t<\/div>\n<\/div>\n\n\n\n<div class=\"wp-block-group alignfull  layout-columns-10 has-global-padding is-layout-constrained wp-container-core-group-is-layout-cc7bd7df wp-block-group-is-layout-constrained\">\n<div class=\"wp-block-group  layout-columns-8 has-global-padding is-layout-constrained wp-container-core-group-is-layout-fce79bf6 wp-block-group-is-layout-constrained\">\n<h2 class=\"wp-block-heading has-text-align-center\"><strong>Cada m\u00e9trica conta uma hist\u00f3ria.<\/strong><\/h2>\n<\/div>\n\n\n\n<div class=\"wp-block-group  layout-columns-10 has-global-padding is-layout-constrained wp-container-core-group-is-layout-0b5f5b40 wp-block-group-is-layout-constrained\">\n<div class=\"wp-block-group has-text-align-center is-layout-grid wp-container-core-group-is-layout-ef442fb0 wp-block-group-is-layout-grid\">\n<div class=\"wp-block-group is-vertical is-content-justification-center is-layout-flex wp-container-core-group-is-layout-81423f52 wp-block-group-is-layout-flex\">\n<h3 class=\"wp-block-heading has-text-align-left has-impact-font-size  has-text-wrap-no-wrap  has-gradient-fill has-gradient-fill-orange\">83<\/h3>\n\n\n\n<p class=\"has-text-align-center has-large-font-size  has-text-wrap-balance\">Net Promoter Score. Segundo a Bain &amp; Company, uma pontua\u00e7\u00e3o acima de 80 \u00e9 considerada de classe mundial.<br><\/p>\n<\/div>\n\n\n\n<div class=\"wp-block-group is-vertical is-content-justification-center is-layout-flex wp-container-core-group-is-layout-81423f52 wp-block-group-is-layout-flex\">\n<h3 class=\"wp-block-heading has-text-align-left has-impact-font-size  has-text-wrap-no-wrap  has-gradient-fill has-gradient-fill-orange\">9\/10<\/h3>\n\n\n\n<p class=\"has-text-align-center has-large-font-size  has-text-wrap-balance\">Pontua\u00e7\u00e3o m\u00e9dia de satisfa\u00e7\u00e3o do cliente desde 2014.<br><\/p>\n<\/div>\n\n\n\n<div class=\"wp-block-group has-text-align-center is-vertical is-content-justification-center is-layout-flex wp-container-core-group-is-layout-81423f52 wp-block-group-is-layout-flex\">\n<h3 class=\"wp-block-heading has-text-align-left has-impact-font-size  has-text-wrap-no-wrap  has-gradient-fill has-gradient-fill-orange\">0<\/h3>\n\n\n\n<p class=\"has-text-align-center has-large-font-size  has-text-wrap-balance\">N\u00famero de pr\u00eamios que ter\u00edamos ganhado sem clientes de classe mundial. N\u00e3o se trata de n\u00f3s.<\/p>\n<\/div>\n<\/div>\n<\/div>\n<\/div>\n\n\n\n<hr class=\"wp-block-separator has-alpha-channel-opacity\" \/>\n\n\n\n<p class=\"has-text-align-center\"><strong>Conhe\u00e7a mais sobre nosso servi\u00e7o de classe mundial e o que nossos clientes t\u00eam a dizer.<\/strong><\/p>\n\n\n\n<div class=\"wp-block-file aligncenter hide-file-download-path\"><a id=\"wp-block-file--media-0d2b94d7-08e9-4293-a2f1-47c9ad9cfc76\" href=\"http:\/\/live-biw-main.pantheonsite.io\/wp-content\/uploads\/2025\/02\/biw-stats-2.2024-final.pdf\">biw-stats-2.2024-final<\/a><a href=\"http:\/\/live-biw-main.pantheonsite.io\/wp-content\/uploads\/2025\/02\/biw-stats-2.2024-final.pdf\" class=\"wp-block-file__button wp-element-button\" download aria-describedby=\"wp-block-file--media-0d2b94d7-08e9-4293-a2f1-47c9ad9cfc76\"><strong>Saiba mais aqui<\/strong><\/a><\/div>\n\n\n\n<hr class=\"wp-block-separator has-alpha-channel-opacity\" \/>\n\n\n\n<div class=\"wp-block-group alignfull has-global-padding is-layout-constrained wp-container-core-group-is-layout-97ab3c77 wp-block-group-is-layout-constrained\">\n<div class=\"wp-block-group has-text-align-center  layout-columns-8 has-global-padding is-layout-constrained wp-container-core-group-is-layout-ee362a79 wp-block-group-is-layout-constrained\">\n<h2 class=\"wp-block-heading has-text-align-center  has-text-wrap-pretty\"><strong>Trabalho premiado.<\/strong><\/h2>\n\n\n\n<p class=\" has-text-wrap-balance\"><\/p>\n<\/div>\n\n\n\n<div class=\"wp-block-group  layout-columns-12 has-global-padding is-layout-constrained wp-container-core-group-is-layout-9e09659d wp-block-group-is-layout-constrained\">\n<div class=\"wp-block-group is-layout-grid wp-container-core-group-is-layout-c765d3c1 wp-block-group-is-layout-grid\">\n<div class=\"wp-block-group  has-dynamic-border-radius has-global-padding is-layout-constrained wp-block-group-is-layout-constrained\">\n<figure class=\"wp-block-image size-full\"><img decoding=\"async\" src=\"http:\/\/live-biw-main.pantheonsite.io\/wp-content\/uploads\/2025\/01\/Google-Chrome-2025-01-27-12.35.18.png\" alt=\"A gold Emmy Award statue, featuring a winged woman holding up an atom-like structure. The background is plain white.\" class=\"wp-image-844\" \/><\/figure>\n<\/div>\n\n\n<div class=\" has-dynamic-border-radius has-image-size-cover has-image-radius-none is-style-vertical-no-image wp-block-biw-block-theme-biw-card\">\n\t\t<div class=\"biw-card__content\">\n\t\t<h3 class=\"biw-card__title\">\n\t\t\t\t\t\t\t<strong>Pr\u00eamios Emmy<\/strong>\t\t\t\t\t<\/h3>\n\t\t<div class=\"biw-card__text\">\n\n<p>Nossa equipe de Meetings &amp; Shows recebeu dois pr\u00eamios Emmy: um por um v\u00eddeo de lan\u00e7amento de produto para um importante cliente farmac\u00eautico e outro por um filme sobre conscientiza\u00e7\u00e3o da AIDS nos Estados Unidos.<br><\/p>\n\n<\/div>\n\t<\/div>\n\t<\/div>\n\n<div class=\" has-dynamic-border-radius has-image-size-cover has-image-radius-none is-style-vertical-no-image wp-block-biw-block-theme-biw-card\">\n\t\t<div class=\"biw-card__content\">\n\t\t<h3 class=\"biw-card__title\">\n\t\t\t\t\t\t\t<strong>Pr\u00eamios Telly<\/strong>\t\t\t\t\t<\/h3>\n\t\t<div class=\"biw-card__text\">\n\n<p>Recebemos pr\u00eamios nacionais Telly por curtas-metragens industriais desenvolvidos para clientes dos setores automotivo, financeiro, esportivo e de sa\u00fade, produzidos por nossa equipe de Meetings &amp; Shows para eventos e experi\u00eancias de marca em grande escala.<br><\/p>\n\n<\/div>\n\t<\/div>\n\t<\/div>\n\n<div class=\" has-dynamic-border-radius has-image-size-cover has-image-radius-none is-style-vertical-no-image wp-block-biw-block-theme-biw-card\">\n\t\t<div class=\"biw-card__content\">\n\t\t<h3 class=\"biw-card__title\">\n\t\t\t\t\t\t\t<strong>Pr\u00eamios MUSE Creative<\/strong>\t\t\t\t\t<\/h3>\n\t\t<div class=\"biw-card__text\">\n\n<p>Nossa equipe de Meetings &amp; Shows foi premiada com Ouro e Platina nos MUSE Creative Awards por trabalhos realizados com empresas como Delta, Kawasaki e COUNTRY Financial.<\/p>\n\n<\/div>\n\t<\/div>\n\t<\/div>\n\n<div class=\" has-dynamic-border-radius has-image-size-cover has-image-radius-none is-style-vertical-no-image wp-block-biw-block-theme-biw-card\">\n\t\t<div class=\"biw-card__content\">\n\t\t<h3 class=\"biw-card__title\">\n\t\t\t\t\t\t\t<strong>Pr\u00eamios de Design de Experi\u00eancias para Eventos<\/strong>\t\t\t\t\t<\/h3>\n\t\t<div class=\"biw-card__text\">\n\n<p>Fomos vencedores durante v\u00e1rios anos dos Experience Design &amp; Technology Awards com a COUNTRY Financial, na categoria de Melhor Experi\u00eancia em Palco.<\/p>\n\n<\/div>\n\t<\/div>\n\t<\/div>\n\n\n<div class=\"wp-block-group  has-dynamic-border-radius has-global-padding is-layout-constrained wp-block-group-is-layout-constrained\">\n<figure class=\"wp-block-image size-full\"><img decoding=\"async\" src=\"http:\/\/live-biw-main.pantheonsite.io\/wp-content\/uploads\/2025\/01\/Google-Chrome-2025-01-27-12.35.20.png\" alt=\"A row of shiny golden trophies with abstract human figures, displayed on glass shelves. The trophies have black bases with engraved plaques. The background is softly blurred, emphasizing the elegance of the awards.\" class=\"wp-image-846\" \/><\/figure>\n<\/div>\n\n\n<div class=\" has-dynamic-border-radius has-image-size-cover has-image-radius-none is-style-vertical-no-image wp-block-biw-block-theme-biw-card\">\n\t\t<div class=\"biw-card__content\">\n\t\t<h3 class=\"biw-card__title\">\n\t\t\t\t\t\t\t<strong>Pr\u00eamios LTEN Excellence<\/strong>\t\t\t\t\t<\/h3>\n\t\t<div class=\"biw-card__text\">\n\n<p>Nossa equipe de Learning &amp; Training recebeu o pr\u00eamio LTEN Excellence na categoria Parceria com a Ind\u00fastria, destacando nosso trabalho inovador e inspirador em treinamentos para ci\u00eancias da vida.<br><\/p>\n\n<\/div>\n\t<\/div>\n\t<\/div>\n\n<div class=\" has-dynamic-border-radius has-image-size-cover has-image-radius-none is-style-vertical-no-image wp-block-biw-block-theme-biw-card\">\n\t\t<div class=\"biw-card__content\">\n\t\t<h3 class=\"biw-card__title\">\n\t\t\t\t\t\t\t<strong>Pr\u00eamios American Business<\/strong>\t\t\t\t\t<\/h3>\n\t\t<div class=\"biw-card__text\">\n\n<p>O American Business Awards\u00ae (The Stevies) \u00e9 o programa de premia\u00e7\u00e3o empresarial mais prestigiado dos Estados Unidos.<br><\/p>\n\n<\/div>\n\t<\/div>\n\t<\/div>\n\n<div class=\" has-dynamic-border-radius has-image-size-cover has-image-radius-none is-style-vertical-no-image wp-block-biw-block-theme-biw-card\">\n\t\t<div class=\"biw-card__content\">\n\t\t<h3 class=\"biw-card__title\">\n\t\t\t\t\t\t\tCMI Top 25\t\t\t\t\t<\/h3>\n\t\t<div class=\"biw-card__text\">\n\n<p>Por 18 anos consecutivos, integramos a lista Top 25 da Corporate Meetings &amp; Incentives, que reconhece as principais empresas de reuni\u00f5es e incentivos da Am\u00e9rica do Norte.<\/p>\n\n<\/div>\n\t<\/div>\n\t<\/div>\n\n\n<div class=\"wp-block-group  has-dynamic-border-radius has-global-padding is-layout-constrained wp-block-group-is-layout-constrained\">\n<figure class=\"wp-block-image size-full\"><img decoding=\"async\" src=\"http:\/\/live-biw-main.pantheonsite.io\/wp-content\/uploads\/2025\/01\/Google-Chrome-2025-01-27-12.35.23.png\" alt=\"Golden statuette of a winged figure with an upward gaze, hands gracefully touching its face. Set against a dark background, the sculpture features ornate details and a sleek, glossy finish.\" class=\"wp-image-847\" \/><\/figure>\n<\/div>\n\n\n<div class=\" has-dynamic-border-radius has-image-size-cover has-image-radius-none is-style-vertical-no-image wp-block-biw-block-theme-biw-card\">\n\t\t<div class=\"biw-card__content\">\n\t\t<h3 class=\"biw-card__title\">\n\t\t\t\t\t\t\t<strong>Pr\u00eamios Communicator<\/strong>\t\t\t\t\t<\/h3>\n\t\t<div class=\"biw-card__text\">\n\n<p>Nossa equipe de Meetings &amp; Shows foi reconhecida com os Communicator Awards of Distinction por seu excelente trabalho em v\u00eddeos para clientes e campanhas integradas.<br><\/p>\n\n<\/div>\n\t<\/div>\n\t<\/div>\n\n<div class=\" has-dynamic-border-radius has-image-size-cover has-image-radius-none is-style-vertical-no-image wp-block-biw-block-theme-biw-card\">\n\t\t<div class=\"biw-card__content\">\n\t\t<h3 class=\"biw-card__title\">\n\t\t\t\t\t\t\t<strong>Sustentabilidade Corporativa EcoVadis<\/strong>\t\t\t\t\t<\/h3>\n\t\t<div class=\"biw-card__text\">\n\n<p>A EcoVadis, especializada em sustentabilidade e responsabilidade corporativa, concedeu \u00e0 BIW a classifica\u00e7\u00e3o prata, posicionando-nos entre os 25% melhores entre todas as empresas avaliadas.<br><\/p>\n\n<\/div>\n\t<\/div>\n\t<\/div>\n\n<div class=\" has-dynamic-border-radius has-image-size-cover has-image-radius-none is-style-vertical-no-image wp-block-biw-block-theme-biw-card\">\n\t\t<div class=\"biw-card__content\">\n\t\t<h3 class=\"biw-card__title\">\n\t\t\t\t\t\t\t<strong>Pr\u00eamio Grand Motivation Master<\/strong>\t\t\t\t\t<\/h3>\n\t\t<div class=\"biw-card__text\">\n\n<p>Colaboramos com a Coca-Cola Refreshments para motivar suas equipes de vendas, canais e colaboradores por meio de uma plataforma integrada de recompensas, incentivos e reconhecimento.<br><\/p>\n\n<\/div>\n\t<\/div>\n\t<\/div>\n\n<div class=\" has-dynamic-border-radius has-image-size-cover has-image-radius-none is-style-vertical-no-image wp-block-biw-block-theme-biw-card\">\n\t\t<div class=\"biw-card__content\">\n\t\t<h3 class=\"biw-card__title\">\n\t\t\t\t\t\t\t<strong>Above and Beyond<\/strong>\t\t\t\t\t<\/h3>\n\t\t<div class=\"biw-card__text\">\n\n<p>Recebemos o pr\u00eamio \u201cAbove and Beyond\u201d do Departamento de Defesa dos EUA pelo nosso apoio \u00e0 Guarda Nacional e \u00e0 Reserva.<br><\/p>\n\n<\/div>\n\t<\/div>\n\t<\/div>\n\n\n<div class=\"wp-block-group  has-dynamic-border-radius has-global-padding is-layout-constrained wp-block-group-is-layout-constrained\">\n<figure class=\"wp-block-image size-full\"><img decoding=\"async\" src=\"http:\/\/live-biw-main.pantheonsite.io\/wp-content\/uploads\/2025\/02\/Web-hero-image-Six-benefits-of-gratitude-92024.jpg\" alt=\"A diverse group of four people stands in a row, smiling and clapping. They are dressed in casual, colorful attire. The focus is on their expressions and gestures, conveying a sense of joy and applause.\" class=\"wp-image-2336\" \/><\/figure>\n<\/div>\n\n\n<div class=\" has-dynamic-border-radius has-image-size-cover has-image-radius-none is-style-vertical-no-image wp-block-biw-block-theme-biw-card\">\n\t\t<div class=\"biw-card__content\">\n\t\t<h3 class=\"biw-card__title\">\n\t\t\t\t\t\t\t<strong>Pr\u00eamios Human Capital Management Excellence<\/strong>\t\t\t\t\t<\/h3>\n\t\t<div class=\"biw-card__text\">\n\n<p>Vencedores da prata na categoria Melhor Avan\u00e7o em Tecnologia de Gest\u00e3o de Aprendizado para Conformidade. Tamb\u00e9m ganhamos o bronze pelo nosso produto Chameleon, na categoria Melhor Avan\u00e7o em Tecnologia de Gest\u00e3o de Conte\u00fado.<br><\/p>\n\n<\/div>\n\t<\/div>\n\t<\/div>\n\n<div class=\" has-dynamic-border-radius has-image-size-cover has-image-radius-none is-style-vertical-no-image wp-block-biw-block-theme-biw-card\">\n\t\t<div class=\"biw-card__content\">\n\t\t<h3 class=\"biw-card__title\">\n\t\t\t\t\t\t\t<strong>Pr\u00eamios Brandon Hall Group Excellence<\/strong>\t\t\t\t\t<\/h3>\n\t\t<div class=\"biw-card__text\">\n\n<p>Vencedores do ouro na categoria Melhor Proposta de Valor ao Colaborador (EVP) pelo nosso trabalho com a Pizza Hut.<br><\/p>\n\n<\/div>\n\t<\/div>\n\t<\/div>\n\n<div class=\" has-dynamic-border-radius has-image-size-cover has-image-radius-none is-style-vertical-no-image wp-block-biw-block-theme-biw-card\">\n\t\t<div class=\"biw-card__content\">\n\t\t<h3 class=\"biw-card__title\">\n\t\t\t\t\t\t\t<strong>Pr\u00eamios Hermes Creative<\/strong>\t\t\t\t\t<\/h3>\n\t\t<div class=\"biw-card__text\">\n\n<p>Nossa equipe de Comunica\u00e7\u00f5es recebeu 4 pr\u00eamios Hermes Creative.<br>\u2014 3 reconhecimentos por trabalhos em Rela\u00e7\u00f5es P\u00fablicas\/Comunica\u00e7\u00e3o e Programas Estrat\u00e9gicos<br>\u2014 1 reconhecimento em M\u00eddia Impressa e Marketing Integrado<\/p>\n\n\n\n<p>Os pr\u00eamios Hermes Creative destacam o trabalho excepcional de profissionais de marketing e comunica\u00e7\u00e3o.<\/p>\n\n<\/div>\n\t<\/div>\n\t<\/div><\/div>\n<\/div>\n<\/div>\n\n\n\n<div class=\"wp-block-group  layout-columns-8 has-global-padding is-layout-constrained wp-container-core-group-is-layout-fce79bf6 wp-block-group-is-layout-constrained\">\n<p class=\"has-text-align-center has-xl-font-size\"><strong><strong>H\u00e1 uma raz\u00e3o pela qual voc\u00ea n\u00e3o ver\u00e1 nosso nome em listas de marcas emergentes ou em tend\u00eancia. Isso porque nosso trabalho \u00e9 fazer a sua marca brilhar.<\/strong><\/strong><\/p>\n<\/div>\n","protected":false},"excerpt":{"rendered":"<p>Cada m\u00e9trica conta uma hist\u00f3ria. 83 Net Promoter Score. Segundo a Bain &amp; Company, uma pontua\u00e7\u00e3o acima de 80 \u00e9 considerada de classe mundial. 9\/10 Pontua\u00e7\u00e3o m\u00e9dia de satisfa\u00e7\u00e3o do cliente desde 2014. 0 N\u00famero de pr\u00eamios que ter\u00edamos ganhado sem clientes de classe mundial. N\u00e3o se trata de n\u00f3s. Conhe\u00e7a mais sobre nosso servi\u00e7o [&hellip;]<\/p>\n","protected":false},"author":11,"featured_media":0,"parent":0,"menu_order":0,"comment_status":"closed","ping_status":"closed","template":"","meta":{"featured_image_focal_point":{"x":0.5,"y":0.5},"footnotes":""},"wf_page_folders":[40],"class_list":["post-138","page","type-page","status-publish","hentry"],"yoast_head":"<!-- This site is optimized with the Yoast SEO plugin v26.2 - https:\/\/yoast.com\/wordpress\/plugins\/seo\/ -->\n<title>Pr\u00eamios e Reconhecimentos - Brazil (Portuguese)<\/title>\n<meta name=\"robots\" content=\"index, follow, max-snippet:-1, max-image-preview:large, max-video-preview:-1\" \/>\n<link rel=\"canonical\" href=\"https:\/\/www.biworldwide.com\/pt-br\/premios-e-reconhecimentos\/\" \/>\n<meta property=\"og:locale\" content=\"pt_BR\" \/>\n<meta property=\"og:type\" content=\"article\" \/>\n<meta property=\"og:title\" content=\"Pr\u00eamios e Reconhecimentos - Brazil (Portuguese)\" \/>\n<meta property=\"og:description\" content=\"Cada m\u00e9trica conta uma hist\u00f3ria. 83 Net Promoter Score. Segundo a Bain &amp; Company, uma pontua\u00e7\u00e3o acima de 80 \u00e9 considerada de classe mundial. 9\/10 Pontua\u00e7\u00e3o m\u00e9dia de satisfa\u00e7\u00e3o do cliente desde 2014. 0 N\u00famero de pr\u00eamios que ter\u00edamos ganhado sem clientes de classe mundial. N\u00e3o se trata de n\u00f3s. Conhe\u00e7a mais sobre nosso servi\u00e7o [&hellip;]\" \/>\n<meta property=\"og:url\" content=\"https:\/\/www.biworldwide.com\/pt-br\/premios-e-reconhecimentos\/\" \/>\n<meta property=\"og:site_name\" content=\"Brazil (Portuguese)\" \/>\n<meta property=\"article:modified_time\" content=\"2025-04-01T18:03:39+00:00\" \/>\n<meta property=\"og:image\" content=\"http:\/\/live-biw-main.pantheonsite.io\/wp-content\/uploads\/2025\/01\/Google-Chrome-2025-01-27-12.35.18.png\" \/>\n<meta name=\"twitter:card\" content=\"summary_large_image\" \/>\n<meta name=\"twitter:label1\" content=\"Est. reading time\" \/>\n\t<meta name=\"twitter:data1\" content=\"4 minutos\" \/>\n<script type=\"application\/ld+json\" class=\"yoast-schema-graph\">{\"@context\":\"https:\/\/schema.org\",\"@graph\":[{\"@type\":\"WebPage\",\"@id\":\"https:\/\/www.biworldwide.com\/pt-br\/premios-e-reconhecimentos\/\",\"url\":\"https:\/\/www.biworldwide.com\/pt-br\/premios-e-reconhecimentos\/\",\"name\":\"Pr\u00eamios e Reconhecimentos - Brazil (Portuguese)\",\"isPartOf\":{\"@id\":\"https:\/\/www.biworldwide.com\/pt-br\/#website\"},\"primaryImageOfPage\":{\"@id\":\"https:\/\/www.biworldwide.com\/pt-br\/premios-e-reconhecimentos\/#primaryimage\"},\"image\":{\"@id\":\"https:\/\/www.biworldwide.com\/pt-br\/premios-e-reconhecimentos\/#primaryimage\"},\"thumbnailUrl\":\"http:\/\/live-biw-main.pantheonsite.io\/wp-content\/uploads\/2025\/01\/Google-Chrome-2025-01-27-12.35.18.png\",\"datePublished\":\"2025-01-14T16:19:05+00:00\",\"dateModified\":\"2025-04-01T18:03:39+00:00\",\"breadcrumb\":{\"@id\":\"https:\/\/www.biworldwide.com\/pt-br\/premios-e-reconhecimentos\/#breadcrumb\"},\"inLanguage\":\"pt-BR\",\"potentialAction\":[{\"@type\":\"ReadAction\",\"target\":[\"https:\/\/www.biworldwide.com\/pt-br\/premios-e-reconhecimentos\/\"]}]},{\"@type\":\"ImageObject\",\"inLanguage\":\"pt-BR\",\"@id\":\"https:\/\/www.biworldwide.com\/pt-br\/premios-e-reconhecimentos\/#primaryimage\",\"url\":\"http:\/\/live-biw-main.pantheonsite.io\/wp-content\/uploads\/2025\/01\/Google-Chrome-2025-01-27-12.35.18.png\",\"contentUrl\":\"http:\/\/live-biw-main.pantheonsite.io\/wp-content\/uploads\/2025\/01\/Google-Chrome-2025-01-27-12.35.18.png\"},{\"@type\":\"BreadcrumbList\",\"@id\":\"https:\/\/www.biworldwide.com\/pt-br\/premios-e-reconhecimentos\/#breadcrumb\",\"itemListElement\":[{\"@type\":\"ListItem\",\"position\":1,\"name\":\"Home\",\"item\":\"https:\/\/www.biworldwide.com\/pt-br\/\"},{\"@type\":\"ListItem\",\"position\":2,\"name\":\"Pr\u00eamios e Reconhecimentos\"}]},{\"@type\":\"WebSite\",\"@id\":\"https:\/\/www.biworldwide.com\/pt-br\/#website\",\"url\":\"https:\/\/www.biworldwide.com\/pt-br\/\",\"name\":\"Brazil (Portuguese)\",\"description\":\"\",\"potentialAction\":[{\"@type\":\"SearchAction\",\"target\":{\"@type\":\"EntryPoint\",\"urlTemplate\":\"https:\/\/www.biworldwide.com\/pt-br\/?s={search_term_string}\"},\"query-input\":{\"@type\":\"PropertyValueSpecification\",\"valueRequired\":true,\"valueName\":\"search_term_string\"}}],\"inLanguage\":\"pt-BR\"}]}<\/script>\n<!-- \/ Yoast SEO plugin. -->","yoast_head_json":{"title":"Pr\u00eamios e Reconhecimentos - Brazil (Portuguese)","robots":{"index":"index","follow":"follow","max-snippet":"max-snippet:-1","max-image-preview":"max-image-preview:large","max-video-preview":"max-video-preview:-1"},"canonical":"https:\/\/www.biworldwide.com\/pt-br\/premios-e-reconhecimentos\/","og_locale":"pt_BR","og_type":"article","og_title":"Pr\u00eamios e Reconhecimentos - Brazil (Portuguese)","og_description":"Cada m\u00e9trica conta uma hist\u00f3ria. 83 Net Promoter Score. Segundo a Bain &amp; Company, uma pontua\u00e7\u00e3o acima de 80 \u00e9 considerada de classe mundial. 9\/10 Pontua\u00e7\u00e3o m\u00e9dia de satisfa\u00e7\u00e3o do cliente desde 2014. 0 N\u00famero de pr\u00eamios que ter\u00edamos ganhado sem clientes de classe mundial. N\u00e3o se trata de n\u00f3s. Conhe\u00e7a mais sobre nosso servi\u00e7o [&hellip;]","og_url":"https:\/\/www.biworldwide.com\/pt-br\/premios-e-reconhecimentos\/","og_site_name":"Brazil (Portuguese)","article_modified_time":"2025-04-01T18:03:39+00:00","og_image":[{"url":"http:\/\/live-biw-main.pantheonsite.io\/wp-content\/uploads\/2025\/01\/Google-Chrome-2025-01-27-12.35.18.png","type":"","width":"","height":""}],"twitter_card":"summary_large_image","twitter_misc":{"Est. reading time":"4 minutos"},"schema":{"@context":"https:\/\/schema.org","@graph":[{"@type":"WebPage","@id":"https:\/\/www.biworldwide.com\/pt-br\/premios-e-reconhecimentos\/","url":"https:\/\/www.biworldwide.com\/pt-br\/premios-e-reconhecimentos\/","name":"Pr\u00eamios e Reconhecimentos - Brazil (Portuguese)","isPartOf":{"@id":"https:\/\/www.biworldwide.com\/pt-br\/#website"},"primaryImageOfPage":{"@id":"https:\/\/www.biworldwide.com\/pt-br\/premios-e-reconhecimentos\/#primaryimage"},"image":{"@id":"https:\/\/www.biworldwide.com\/pt-br\/premios-e-reconhecimentos\/#primaryimage"},"thumbnailUrl":"http:\/\/live-biw-main.pantheonsite.io\/wp-content\/uploads\/2025\/01\/Google-Chrome-2025-01-27-12.35.18.png","datePublished":"2025-01-14T16:19:05+00:00","dateModified":"2025-04-01T18:03:39+00:00","breadcrumb":{"@id":"https:\/\/www.biworldwide.com\/pt-br\/premios-e-reconhecimentos\/#breadcrumb"},"inLanguage":"pt-BR","potentialAction":[{"@type":"ReadAction","target":["https:\/\/www.biworldwide.com\/pt-br\/premios-e-reconhecimentos\/"]}]},{"@type":"ImageObject","inLanguage":"pt-BR","@id":"https:\/\/www.biworldwide.com\/pt-br\/premios-e-reconhecimentos\/#primaryimage","url":"http:\/\/live-biw-main.pantheonsite.io\/wp-content\/uploads\/2025\/01\/Google-Chrome-2025-01-27-12.35.18.png","contentUrl":"http:\/\/live-biw-main.pantheonsite.io\/wp-content\/uploads\/2025\/01\/Google-Chrome-2025-01-27-12.35.18.png"},{"@type":"BreadcrumbList","@id":"https:\/\/www.biworldwide.com\/pt-br\/premios-e-reconhecimentos\/#breadcrumb","itemListElement":[{"@type":"ListItem","position":1,"name":"Home","item":"https:\/\/www.biworldwide.com\/pt-br\/"},{"@type":"ListItem","position":2,"name":"Pr\u00eamios e Reconhecimentos"}]},{"@type":"WebSite","@id":"https:\/\/www.biworldwide.com\/pt-br\/#website","url":"https:\/\/www.biworldwide.com\/pt-br\/","name":"Brazil (Portuguese)","description":"","potentialAction":[{"@type":"SearchAction","target":{"@type":"EntryPoint","urlTemplate":"https:\/\/www.biworldwide.com\/pt-br\/?s={search_term_string}"},"query-input":{"@type":"PropertyValueSpecification","valueRequired":true,"valueName":"search_term_string"}}],"inLanguage":"pt-BR"}]}},"_links":{"self":[{"href":"https:\/\/www.biworldwide.com\/pt-br\/wp-json\/wp\/v2\/pages\/138","targetHints":{"allow":["GET"]}}],"collection":[{"href":"https:\/\/www.biworldwide.com\/pt-br\/wp-json\/wp\/v2\/pages"}],"about":[{"href":"https:\/\/www.biworldwide.com\/pt-br\/wp-json\/wp\/v2\/types\/page"}],"author":[{"embeddable":true,"href":"https:\/\/www.biworldwide.com\/pt-br\/wp-json\/wp\/v2\/users\/11"}],"replies":[{"embeddable":true,"href":"https:\/\/www.biworldwide.com\/pt-br\/wp-json\/wp\/v2\/comments?post=138"}],"version-history":[{"count":5,"href":"https:\/\/www.biworldwide.com\/pt-br\/wp-json\/wp\/v2\/pages\/138\/revisions"}],"predecessor-version":[{"id":1104,"href":"https:\/\/www.biworldwide.com\/pt-br\/wp-json\/wp\/v2\/pages\/138\/revisions\/1104"}],"wp:attachment":[{"href":"https:\/\/www.biworldwide.com\/pt-br\/wp-json\/wp\/v2\/media?parent=138"}],"wp:term":[{"taxonomy":"wf_page_folders","embeddable":true,"href":"https:\/\/www.biworldwide.com\/pt-br\/wp-json\/wp\/v2\/wf_page_folders?post=138"}],"curies":[{"name":"wp","href":"https:\/\/api.w.org\/{rel}","templated":true}]}}