{"id":142,"date":"2025-01-14T16:19:42","date_gmt":"2025-01-14T16:19:42","guid":{"rendered":"https:\/\/live-biw-main.pantheonsite.io\/?page_id=142"},"modified":"2025-04-01T11:30:43","modified_gmt":"2025-04-01T17:30:43","slug":"agronegocio","status":"publish","type":"page","link":"https:\/\/www.biworldwide.com\/pt-br\/quem-ajudamos\/agronegocio\/","title":{"rendered":"Agroneg\u00f3cio"},"content":{"rendered":"<div class=\" has-content-align-left has-overlay has-overlay--dark alignfull wp-block-biw-block-theme-hero\">\n\t<div class=\"biw-hero__grid\">\n\t\t\t\t\t<div class=\"biw-hero__breadcrumbs\">\n\t\t\t\t<div id=\"breadcrumbs\" class=\"breadcrumb-nav__wrapper\"><span class=\"breadcrumb-nav\"><span><a href=\"https:\/\/www.biworldwide.com\/pt-br\/\">Home<\/a><\/span><\/span><\/div>\t\t\t<\/div>\n\t\t\n\t\t\t\t\t<div class=\"biw-hero__media \">\n\t\t\t\t\t\t\t\t\t<div class=\"biw-hero__overlay overlay-dark\"><\/div>\n\t\t\t\t\t\t\t\t<img decoding=\"async\" src=\"http:\/\/live-biw-main.pantheonsite.io\/wp-content\/uploads\/2025\/02\/Agriculture-1728x600px.jpg\" alt=\"Golden wheat stalks sway against a dark, stormy sky. The contrast between the illuminated wheat and the ominous clouds creates a dramatic, atmospheric scene.\" class=\"biw-hero__bg-image\" style=\"object-position: 50% 50%;\">\t\t\t<\/div>\n\t\t\t\t<div class=\"biw-hero__content\">\n\t\t\t\t\t\t<h1 class=\"biw-hero__title\" style=\"line-height: 1.2\">\n\t\t\t\tAgroneg\u00f3cio\t\t\t<\/h1>\n\t\t\t\t\t\t\t<h2 class=\"biw-hero__subtitle\">\n\t\t\t\t\tUm setor em crescimento.\t\t\t\t<\/h2>\n\t\t\t\t\t\t\t\t\t\t<div class=\"biw-hero__text\">\n\t\t\t\t\t\n\n<p>Envolvemos funcion\u00e1rios, motivamos equipes de vendas e cultivamos clientes fi\u00e9is.<\/p>\n\n\t\t\t\t<\/div>\n\t\t\t\t\t\t\t\t<\/div>\n\t<\/div>\n<\/div>\n\n\n\n<div class=\"wp-block-group  layout-columns-7 has-global-padding is-layout-constrained wp-container-core-group-is-layout-a133ec42 wp-block-group-is-layout-constrained\">\n<p>A agricultura, a ind\u00fastria de alimentos e os setores relacionados contribu\u00edram com mais de US$ 1,5 trilh\u00e3o para o PIB dos EUA em 2023, representando mais de 5,5% do PIB total. Trata-se de um setor sustentado por uma vasta rede de empresas que fornecem diversos insumos e servi\u00e7os \u2014 desde grandes corpora\u00e7\u00f5es do agroneg\u00f3cio at\u00e9 pequenos fornecedores e prestadores de servi\u00e7os.<\/p>\n\n\n\n<p>Atendemos muitas empresas do setor agr\u00edcola, ajudando-as a motivar, recompensar e reconhecer seus funcion\u00e1rios. A agricultura e suas ind\u00fastrias relacionadas s\u00e3o respons\u00e1veis por mais de 10% dos empregos nos EUA, empregando mais de 22 milh\u00f5es de pessoas em tempo integral e parcial.<\/p>\n\n\n\n<p>Oferecemos solu\u00e7\u00f5es para ajudar empresas do agroneg\u00f3cio a vender seus insumos para os produtores \u2014 sementes, fertilizantes, pesticidas, equipamentos agr\u00edcolas e solu\u00e7\u00f5es tecnol\u00f3gicas voltadas para a melhoria da gest\u00e3o no campo. Criamos estrat\u00e9gias para impulsionar vendas, engajar parceiros de canal e fortalecer a fidelidade dos clientes.<\/p>\n\n\n\n<p>Do campo \u00e0 mesa, temos a experi\u00eancia e as solu\u00e7\u00f5es inspiradoras para impulsionar o crescimento do agroneg\u00f3cio nos Estados Unidos.<\/p>\n<\/div>\n\n\n\n<p><\/p>\n","protected":false},"excerpt":{"rendered":"<p>A agricultura, a ind\u00fastria de alimentos e os setores relacionados contribu\u00edram com mais de US$ 1,5 trilh\u00e3o para o PIB dos EUA em 2023, representando mais de 5,5% do PIB total. Trata-se de um setor sustentado por uma vasta rede de empresas que fornecem diversos insumos e servi\u00e7os \u2014 desde grandes corpora\u00e7\u00f5es do agroneg\u00f3cio at\u00e9 [&hellip;]<\/p>\n","protected":false},"author":11,"featured_media":0,"parent":104,"menu_order":0,"comment_status":"closed","ping_status":"closed","template":"","meta":{"featured_image_focal_point":{"x":0.5,"y":0.5},"footnotes":""},"wf_page_folders":[49],"class_list":["post-142","page","type-page","status-publish","hentry"],"yoast_head":"<!-- This site is optimized with the Yoast SEO plugin v26.2 - https:\/\/yoast.com\/wordpress\/plugins\/seo\/ -->\n<title>Agroneg\u00f3cio - Brazil (Portuguese)<\/title>\n<meta name=\"robots\" content=\"index, follow, max-snippet:-1, max-image-preview:large, max-video-preview:-1\" \/>\n<link rel=\"canonical\" href=\"https:\/\/www.biworldwide.com\/pt-br\/quem-ajudamos\/agronegocio\/\" \/>\n<meta property=\"og:locale\" content=\"pt_BR\" \/>\n<meta property=\"og:type\" content=\"article\" \/>\n<meta property=\"og:title\" content=\"Agroneg\u00f3cio - Brazil (Portuguese)\" \/>\n<meta property=\"og:description\" content=\"A agricultura, a ind\u00fastria de alimentos e os setores relacionados contribu\u00edram com mais de US$ 1,5 trilh\u00e3o para o PIB dos EUA em 2023, representando mais de 5,5% do PIB total. Trata-se de um setor sustentado por uma vasta rede de empresas que fornecem diversos insumos e servi\u00e7os \u2014 desde grandes corpora\u00e7\u00f5es do agroneg\u00f3cio at\u00e9 [&hellip;]\" \/>\n<meta property=\"og:url\" content=\"https:\/\/www.biworldwide.com\/pt-br\/quem-ajudamos\/agronegocio\/\" \/>\n<meta property=\"og:site_name\" content=\"Brazil (Portuguese)\" \/>\n<meta property=\"article:modified_time\" content=\"2025-04-01T17:30:43+00:00\" \/>\n<meta name=\"twitter:card\" content=\"summary_large_image\" \/>\n<meta name=\"twitter:label1\" content=\"Est. reading time\" \/>\n\t<meta name=\"twitter:data1\" content=\"1 minuto\" \/>\n<script type=\"application\/ld+json\" class=\"yoast-schema-graph\">{\"@context\":\"https:\/\/schema.org\",\"@graph\":[{\"@type\":\"WebPage\",\"@id\":\"https:\/\/www.biworldwide.com\/pt-br\/quem-ajudamos\/agronegocio\/\",\"url\":\"https:\/\/www.biworldwide.com\/pt-br\/quem-ajudamos\/agronegocio\/\",\"name\":\"Agroneg\u00f3cio - Brazil (Portuguese)\",\"isPartOf\":{\"@id\":\"https:\/\/www.biworldwide.com\/pt-br\/#website\"},\"datePublished\":\"2025-01-14T16:19:42+00:00\",\"dateModified\":\"2025-04-01T17:30:43+00:00\",\"breadcrumb\":{\"@id\":\"https:\/\/www.biworldwide.com\/pt-br\/quem-ajudamos\/agronegocio\/#breadcrumb\"},\"inLanguage\":\"pt-BR\",\"potentialAction\":[{\"@type\":\"ReadAction\",\"target\":[\"https:\/\/www.biworldwide.com\/pt-br\/quem-ajudamos\/agronegocio\/\"]}]},{\"@type\":\"BreadcrumbList\",\"@id\":\"https:\/\/www.biworldwide.com\/pt-br\/quem-ajudamos\/agronegocio\/#breadcrumb\",\"itemListElement\":[{\"@type\":\"ListItem\",\"position\":1,\"name\":\"Home\",\"item\":\"https:\/\/www.biworldwide.com\/pt-br\/\"},{\"@type\":\"ListItem\",\"position\":2,\"name\":\"Quem ajudamos\",\"item\":\"https:\/\/www.biworldwide.com\/pt-br\/quem-ajudamos\/\"},{\"@type\":\"ListItem\",\"position\":3,\"name\":\"Agroneg\u00f3cio\"}]},{\"@type\":\"WebSite\",\"@id\":\"https:\/\/www.biworldwide.com\/pt-br\/#website\",\"url\":\"https:\/\/www.biworldwide.com\/pt-br\/\",\"name\":\"Brazil (Portuguese)\",\"description\":\"\",\"potentialAction\":[{\"@type\":\"SearchAction\",\"target\":{\"@type\":\"EntryPoint\",\"urlTemplate\":\"https:\/\/www.biworldwide.com\/pt-br\/?s={search_term_string}\"},\"query-input\":{\"@type\":\"PropertyValueSpecification\",\"valueRequired\":true,\"valueName\":\"search_term_string\"}}],\"inLanguage\":\"pt-BR\"}]}<\/script>\n<!-- \/ Yoast SEO plugin. -->","yoast_head_json":{"title":"Agroneg\u00f3cio - Brazil (Portuguese)","robots":{"index":"index","follow":"follow","max-snippet":"max-snippet:-1","max-image-preview":"max-image-preview:large","max-video-preview":"max-video-preview:-1"},"canonical":"https:\/\/www.biworldwide.com\/pt-br\/quem-ajudamos\/agronegocio\/","og_locale":"pt_BR","og_type":"article","og_title":"Agroneg\u00f3cio - Brazil (Portuguese)","og_description":"A agricultura, a ind\u00fastria de alimentos e os setores relacionados contribu\u00edram com mais de US$ 1,5 trilh\u00e3o para o PIB dos EUA em 2023, representando mais de 5,5% do PIB total. Trata-se de um setor sustentado por uma vasta rede de empresas que fornecem diversos insumos e servi\u00e7os \u2014 desde grandes corpora\u00e7\u00f5es do agroneg\u00f3cio at\u00e9 [&hellip;]","og_url":"https:\/\/www.biworldwide.com\/pt-br\/quem-ajudamos\/agronegocio\/","og_site_name":"Brazil (Portuguese)","article_modified_time":"2025-04-01T17:30:43+00:00","twitter_card":"summary_large_image","twitter_misc":{"Est. reading time":"1 minuto"},"schema":{"@context":"https:\/\/schema.org","@graph":[{"@type":"WebPage","@id":"https:\/\/www.biworldwide.com\/pt-br\/quem-ajudamos\/agronegocio\/","url":"https:\/\/www.biworldwide.com\/pt-br\/quem-ajudamos\/agronegocio\/","name":"Agroneg\u00f3cio - Brazil (Portuguese)","isPartOf":{"@id":"https:\/\/www.biworldwide.com\/pt-br\/#website"},"datePublished":"2025-01-14T16:19:42+00:00","dateModified":"2025-04-01T17:30:43+00:00","breadcrumb":{"@id":"https:\/\/www.biworldwide.com\/pt-br\/quem-ajudamos\/agronegocio\/#breadcrumb"},"inLanguage":"pt-BR","potentialAction":[{"@type":"ReadAction","target":["https:\/\/www.biworldwide.com\/pt-br\/quem-ajudamos\/agronegocio\/"]}]},{"@type":"BreadcrumbList","@id":"https:\/\/www.biworldwide.com\/pt-br\/quem-ajudamos\/agronegocio\/#breadcrumb","itemListElement":[{"@type":"ListItem","position":1,"name":"Home","item":"https:\/\/www.biworldwide.com\/pt-br\/"},{"@type":"ListItem","position":2,"name":"Quem ajudamos","item":"https:\/\/www.biworldwide.com\/pt-br\/quem-ajudamos\/"},{"@type":"ListItem","position":3,"name":"Agroneg\u00f3cio"}]},{"@type":"WebSite","@id":"https:\/\/www.biworldwide.com\/pt-br\/#website","url":"https:\/\/www.biworldwide.com\/pt-br\/","name":"Brazil (Portuguese)","description":"","potentialAction":[{"@type":"SearchAction","target":{"@type":"EntryPoint","urlTemplate":"https:\/\/www.biworldwide.com\/pt-br\/?s={search_term_string}"},"query-input":{"@type":"PropertyValueSpecification","valueRequired":true,"valueName":"search_term_string"}}],"inLanguage":"pt-BR"}]}},"_links":{"self":[{"href":"https:\/\/www.biworldwide.com\/pt-br\/wp-json\/wp\/v2\/pages\/142","targetHints":{"allow":["GET"]}}],"collection":[{"href":"https:\/\/www.biworldwide.com\/pt-br\/wp-json\/wp\/v2\/pages"}],"about":[{"href":"https:\/\/www.biworldwide.com\/pt-br\/wp-json\/wp\/v2\/types\/page"}],"author":[{"embeddable":true,"href":"https:\/\/www.biworldwide.com\/pt-br\/wp-json\/wp\/v2\/users\/11"}],"replies":[{"embeddable":true,"href":"https:\/\/www.biworldwide.com\/pt-br\/wp-json\/wp\/v2\/comments?post=142"}],"version-history":[{"count":5,"href":"https:\/\/www.biworldwide.com\/pt-br\/wp-json\/wp\/v2\/pages\/142\/revisions"}],"predecessor-version":[{"id":1098,"href":"https:\/\/www.biworldwide.com\/pt-br\/wp-json\/wp\/v2\/pages\/142\/revisions\/1098"}],"up":[{"embeddable":true,"href":"https:\/\/www.biworldwide.com\/pt-br\/wp-json\/wp\/v2\/pages\/104"}],"wp:attachment":[{"href":"https:\/\/www.biworldwide.com\/pt-br\/wp-json\/wp\/v2\/media?parent=142"}],"wp:term":[{"taxonomy":"wf_page_folders","embeddable":true,"href":"https:\/\/www.biworldwide.com\/pt-br\/wp-json\/wp\/v2\/wf_page_folders?post=142"}],"curies":[{"name":"wp","href":"https:\/\/api.w.org\/{rel}","templated":true}]}}