{"id":149,"date":"2025-01-14T16:22:47","date_gmt":"2025-01-14T16:22:47","guid":{"rendered":"https:\/\/live-biw-main.pantheonsite.io\/?page_id=149"},"modified":"2025-04-01T11:31:39","modified_gmt":"2025-04-01T17:31:39","slug":"comunicacao-midia-e-entretenimento","status":"publish","type":"page","link":"https:\/\/www.biworldwide.com\/pt-br\/quem-ajudamos\/comunicacao-midia-e-entretenimento\/","title":{"rendered":"Comunica\u00e7\u00f5es, M\u00eddia e Entretenimento"},"content":{"rendered":"<div class=\" has-content-align-left has-overlay has-overlay--dark alignfull wp-block-biw-block-theme-hero\">\n\t<div class=\"biw-hero__grid\">\n\t\t\n\t\t\t\t\t<div class=\"biw-hero__media \">\n\t\t\t\t\t\t\t\t\t<div class=\"biw-hero__overlay overlay-dark\"><\/div>\n\t\t\t\t\t\t\t\t<img decoding=\"async\" src=\"http:\/\/live-biw-main.pantheonsite.io\/wp-content\/uploads\/2025\/02\/Communications-media-and-entertainment-1728x600px.jpg\" alt=\"A technician in a red helmet works inside a van equipped for repairs. In the foreground, a satellite dish and a toolkit with various tools are visible. The left side of the image shows electrical equipment and cables.\" class=\"biw-hero__bg-image\" style=\"object-position: 50% 50%;\">\t\t\t<\/div>\n\t\t\t\t<div class=\"biw-hero__content\">\n\t\t\t\t\t\t<h1 class=\"biw-hero__title\" style=\"line-height: 1.2\">\n\t\t\t\t<strong>Comunica\u00e7\u00f5es, M\u00eddia e Entretenimento<\/strong>\t\t\t<\/h1>\n\t\t\t\t\t\t\t<h2 class=\"biw-hero__subtitle\">\n\t\t\t\t\tImpulsionando o engajamento dos funcion\u00e1rios e os resultados de vendas que levam \u00e0 satisfa\u00e7\u00e3o do cliente.\t\t\t\t<\/h2>\n\t\t\t\t\t\t\t\t\t\t<div class=\"biw-hero__text\">\n\t\t\t\t\t\n\n<p>Educar, engajar e inspirar seus associados da linha de frente a mudar comportamentos de forma positiva, gerando um esfor\u00e7o incremental que aumenta os resultados de vendas, a lealdade dos funcion\u00e1rios e a satisfa\u00e7\u00e3o do cliente.<\/p>\n\n\t\t\t\t<\/div>\n\t\t\t\t\t\t\t\t<\/div>\n\t<\/div>\n<\/div>\n\n\n\n<div class=\"wp-block-group  layout-columns-8 has-global-padding is-layout-constrained wp-container-core-group-is-layout-fce79bf6 wp-block-group-is-layout-constrained\">\n<p class=\"has-xxl-font-size\"><strong><strong>Problemas que resolvemos.<\/strong><\/strong><\/p>\n\n\n\n<p class=\"has-xl-font-size\"><strong><strong><a href=\"https:\/\/www.biworldwide.com\/pt-br\/programas-para-a-forca-de-vendas\/\">Motivar todos os vendedores<\/a><\/strong><\/strong><\/p>\n\n\n\n<p>Inspiramos toda a sua equipe de vendas a impulsionar mudan\u00e7as positivas, lucratividade e crescimento de vendas, atrav\u00e9s de:<\/p>\n\n\n\n<ul class=\"wp-block-list\">\n<li class=\"has-large-font-size\">Redu\u00e7\u00e3o do tempo de adapta\u00e7\u00e3o \u00e0 conscientiza\u00e7\u00e3o e compreens\u00e3o das iniciativas-chave para alcan\u00e7ar metas incrementais em toda a for\u00e7a de vendas.<\/li>\n\n\n\n<li>Foco em comportamentos de alto valor que se correlacionam com as iniciativas de vendas.<\/li>\n\n\n\n<li>Aproveitamento da gamifica\u00e7\u00e3o para educar sua for\u00e7a de vendas sobre conhecimentos e habilidades essenciais para posicionar melhor sua proposta de valor para os usu\u00e1rios finais.<\/li>\n\n\n\n<li class=\"has-large-font-size\">Otimiza\u00e7\u00e3o do investimento em incentivos e reconhecimento de vendas.<\/li>\n<\/ul>\n\n\n\n<figure class=\"wp-block-image size-large\"><img decoding=\"async\" src=\"http:\/\/live-biw-main.pantheonsite.io\/wp-content\/uploads\/2025\/02\/Sales-team-motivation-1300x732px-1024x577.jpg\" alt=\"Blurry image of a speaker in a suit onstage, holding a microphone, addressing an audience. The room is dimly lit, with attendees mostly out of focus, suggesting a conference or presentation setting.\" class=\"wp-image-2275\" \/><\/figure>\n<\/div>\n\n\n\n<div class=\"wp-block-group  layout-columns-8 has-global-padding is-layout-constrained wp-container-core-group-is-layout-fce79bf6 wp-block-group-is-layout-constrained\">\n<p class=\"has-xl-font-size\"><strong><strong><a href=\"https:\/\/www.biworldwide.com\/pt-br\/engajamento-dos-colaboradores\/\">Engajar e inspirar seus colaboradores<\/a><\/strong><\/strong><\/p>\n\n\n\n<p>Ajudamos voc\u00ea a atrair, inspirar e reter uma for\u00e7a de vendas de alto desempenho, atrav\u00e9s de:<\/p>\n\n\n\n<ul class=\"wp-block-list\">\n<li class=\"has-large-font-size\">Reconhecimento de comportamentos e conquistas-chave.<\/li>\n\n\n\n<li>Conex\u00e3o dos colaboradores com sua cultura e prop\u00f3sito.<\/li>\n\n\n\n<li>Melhoria da experi\u00eancia dos colaboradores.<\/li>\n\n\n\n<li>Recompensa aos colaboradores por viverem a cultura no dia a dia.<\/li>\n\n\n\n<li class=\"has-large-font-size\">Fazer com que os colaboradores se sintam valorizados por suas contribui\u00e7\u00f5es.<\/li>\n<\/ul>\n\n\n\n<figure class=\"wp-block-image size-large\"><img decoding=\"async\" src=\"http:\/\/live-biw-main.pantheonsite.io\/wp-content\/uploads\/2025\/02\/Employee-engagement-WomanReceivingApplause-1300x732px-1024x577.jpg\" alt=\"A smiling woman with curly hair sits at a table, looking up. She is surrounded by several people clapping, all wearing business attire. A laptop is visible in front of her. The atmosphere appears celebratory and supportive.\" class=\"wp-image-2254\" \/><\/figure>\n<\/div>\n\n\n\n<div class=\"wp-block-group  layout-columns-8 has-global-padding is-layout-constrained wp-container-core-group-is-layout-fce79bf6 wp-block-group-is-layout-constrained\">\n<p class=\"has-xl-font-size\"><strong><strong><a href=\"https:\/\/www.biworldwide.com\/pt-br\/fidelizacao-de-clientes\/\">Aumentar a fidelidade dos parceiros<\/a><\/strong><\/strong><\/p>\n\n\n\n<p>Ajudamos voc\u00ea a fomentar relacionamentos fortes e duradouros, al\u00e9m de aumentar as vendas e a rentabilidade com distribuidores, revendedores e fornecedores de solu\u00e7\u00f5es, atrav\u00e9s de:<\/p>\n\n\n\n<ul class=\"wp-block-list\">\n<li class=\"has-large-font-size\">An\u00e1lise e segmenta\u00e7\u00e3o do desempenho dos parceiros de canal.<\/li>\n\n\n\n<li>Identifica\u00e7\u00e3o de iniciativas para impulsionar o crescimento e a rentabilidade, maximizando o ROI do marketing de canal.<\/li>\n\n\n\n<li>Garantia de visibilidade entre os parceiros de canal e mantendo seu neg\u00f3cio na vanguarda.<\/li>\n\n\n\n<li>Promo\u00e7\u00e3o da capacita\u00e7\u00e3o de vendas do canal e atividades de alto valor.<\/li>\n\n\n\n<li>Eleva\u00e7\u00e3o do conhecimento, habilidades e capacidade dos parceiros de canal para posicionar sua proposta de valor e vender suas solu\u00e7\u00f5es de maneira eficaz.<\/li>\n\n\n\n<li class=\"has-large-font-size\">Motiva\u00e7\u00e3o, reconhecimento e recompensa pelo crescimento das vendas do canal em todos os segmentos e\/ou n\u00edveis dos parceiros de canal.<\/li>\n<\/ul>\n\n\n\n<figure class=\"wp-block-image size-large\"><img decoding=\"async\" src=\"http:\/\/live-biw-main.pantheonsite.io\/wp-content\/uploads\/2025\/02\/Channel-sales-LoadingDock-1300x732px-1024x577.jpg\" alt=\"Aerial view of four parked trucks in a row, one being orange and the others white. They are aligned diagonally on a marked gray asphalt surface.\" class=\"wp-image-2246\" \/><\/figure>\n<\/div>\n","protected":false},"excerpt":{"rendered":"<p>Problemas que resolvemos. Motivar todos os vendedores Inspiramos toda a sua equipe de vendas a impulsionar mudan\u00e7as positivas, lucratividade e crescimento de vendas, atrav\u00e9s de: Engajar e inspirar seus colaboradores Ajudamos voc\u00ea a atrair, inspirar e reter uma for\u00e7a de vendas de alto desempenho, atrav\u00e9s de: Aumentar a fidelidade dos parceiros Ajudamos voc\u00ea a fomentar [&hellip;]<\/p>\n","protected":false},"author":11,"featured_media":0,"parent":104,"menu_order":0,"comment_status":"closed","ping_status":"closed","template":"","meta":{"featured_image_focal_point":{"x":0.5,"y":0.5},"footnotes":""},"wf_page_folders":[49],"class_list":["post-149","page","type-page","status-publish","hentry"],"yoast_head":"<!-- This site is optimized with the Yoast SEO plugin v26.2 - https:\/\/yoast.com\/wordpress\/plugins\/seo\/ -->\n<title>Comunica\u00e7\u00f5es, M\u00eddia e Entretenimento - Brazil (Portuguese)<\/title>\n<meta name=\"robots\" content=\"index, follow, max-snippet:-1, max-image-preview:large, max-video-preview:-1\" \/>\n<link rel=\"canonical\" href=\"https:\/\/www.biworldwide.com\/pt-br\/quem-ajudamos\/comunicacao-midia-e-entretenimento\/\" \/>\n<meta property=\"og:locale\" content=\"pt_BR\" \/>\n<meta property=\"og:type\" content=\"article\" \/>\n<meta property=\"og:title\" content=\"Comunica\u00e7\u00f5es, M\u00eddia e Entretenimento - Brazil (Portuguese)\" \/>\n<meta property=\"og:description\" content=\"Problemas que resolvemos. Motivar todos os vendedores Inspiramos toda a sua equipe de vendas a impulsionar mudan\u00e7as positivas, lucratividade e crescimento de vendas, atrav\u00e9s de: Engajar e inspirar seus colaboradores Ajudamos voc\u00ea a atrair, inspirar e reter uma for\u00e7a de vendas de alto desempenho, atrav\u00e9s de: Aumentar a fidelidade dos parceiros Ajudamos voc\u00ea a fomentar [&hellip;]\" \/>\n<meta property=\"og:url\" content=\"https:\/\/www.biworldwide.com\/pt-br\/quem-ajudamos\/comunicacao-midia-e-entretenimento\/\" \/>\n<meta property=\"og:site_name\" content=\"Brazil (Portuguese)\" \/>\n<meta property=\"article:modified_time\" content=\"2025-04-01T17:31:39+00:00\" \/>\n<meta property=\"og:image\" content=\"http:\/\/live-biw-main.pantheonsite.io\/wp-content\/uploads\/2025\/02\/Sales-team-motivation-1300x732px-1024x577.jpg\" \/>\n<meta name=\"twitter:card\" content=\"summary_large_image\" \/>\n<meta name=\"twitter:label1\" content=\"Est. reading time\" \/>\n\t<meta name=\"twitter:data1\" content=\"3 minutos\" \/>\n<script type=\"application\/ld+json\" class=\"yoast-schema-graph\">{\"@context\":\"https:\/\/schema.org\",\"@graph\":[{\"@type\":\"WebPage\",\"@id\":\"https:\/\/www.biworldwide.com\/pt-br\/quem-ajudamos\/comunicacao-midia-e-entretenimento\/\",\"url\":\"https:\/\/www.biworldwide.com\/pt-br\/quem-ajudamos\/comunicacao-midia-e-entretenimento\/\",\"name\":\"Comunica\u00e7\u00f5es, M\u00eddia e Entretenimento - Brazil (Portuguese)\",\"isPartOf\":{\"@id\":\"https:\/\/www.biworldwide.com\/pt-br\/#website\"},\"primaryImageOfPage\":{\"@id\":\"https:\/\/www.biworldwide.com\/pt-br\/quem-ajudamos\/comunicacao-midia-e-entretenimento\/#primaryimage\"},\"image\":{\"@id\":\"https:\/\/www.biworldwide.com\/pt-br\/quem-ajudamos\/comunicacao-midia-e-entretenimento\/#primaryimage\"},\"thumbnailUrl\":\"http:\/\/live-biw-main.pantheonsite.io\/wp-content\/uploads\/2025\/02\/Sales-team-motivation-1300x732px-1024x577.jpg\",\"datePublished\":\"2025-01-14T16:22:47+00:00\",\"dateModified\":\"2025-04-01T17:31:39+00:00\",\"breadcrumb\":{\"@id\":\"https:\/\/www.biworldwide.com\/pt-br\/quem-ajudamos\/comunicacao-midia-e-entretenimento\/#breadcrumb\"},\"inLanguage\":\"pt-BR\",\"potentialAction\":[{\"@type\":\"ReadAction\",\"target\":[\"https:\/\/www.biworldwide.com\/pt-br\/quem-ajudamos\/comunicacao-midia-e-entretenimento\/\"]}]},{\"@type\":\"ImageObject\",\"inLanguage\":\"pt-BR\",\"@id\":\"https:\/\/www.biworldwide.com\/pt-br\/quem-ajudamos\/comunicacao-midia-e-entretenimento\/#primaryimage\",\"url\":\"http:\/\/live-biw-main.pantheonsite.io\/wp-content\/uploads\/2025\/02\/Sales-team-motivation-1300x732px-1024x577.jpg\",\"contentUrl\":\"http:\/\/live-biw-main.pantheonsite.io\/wp-content\/uploads\/2025\/02\/Sales-team-motivation-1300x732px-1024x577.jpg\"},{\"@type\":\"BreadcrumbList\",\"@id\":\"https:\/\/www.biworldwide.com\/pt-br\/quem-ajudamos\/comunicacao-midia-e-entretenimento\/#breadcrumb\",\"itemListElement\":[{\"@type\":\"ListItem\",\"position\":1,\"name\":\"Home\",\"item\":\"https:\/\/www.biworldwide.com\/pt-br\/\"},{\"@type\":\"ListItem\",\"position\":2,\"name\":\"Quem ajudamos\",\"item\":\"https:\/\/www.biworldwide.com\/pt-br\/quem-ajudamos\/\"},{\"@type\":\"ListItem\",\"position\":3,\"name\":\"Comunica\u00e7\u00f5es, M\u00eddia e Entretenimento\"}]},{\"@type\":\"WebSite\",\"@id\":\"https:\/\/www.biworldwide.com\/pt-br\/#website\",\"url\":\"https:\/\/www.biworldwide.com\/pt-br\/\",\"name\":\"Brazil (Portuguese)\",\"description\":\"\",\"potentialAction\":[{\"@type\":\"SearchAction\",\"target\":{\"@type\":\"EntryPoint\",\"urlTemplate\":\"https:\/\/www.biworldwide.com\/pt-br\/?s={search_term_string}\"},\"query-input\":{\"@type\":\"PropertyValueSpecification\",\"valueRequired\":true,\"valueName\":\"search_term_string\"}}],\"inLanguage\":\"pt-BR\"}]}<\/script>\n<!-- \/ Yoast SEO plugin. -->","yoast_head_json":{"title":"Comunica\u00e7\u00f5es, M\u00eddia e Entretenimento - Brazil (Portuguese)","robots":{"index":"index","follow":"follow","max-snippet":"max-snippet:-1","max-image-preview":"max-image-preview:large","max-video-preview":"max-video-preview:-1"},"canonical":"https:\/\/www.biworldwide.com\/pt-br\/quem-ajudamos\/comunicacao-midia-e-entretenimento\/","og_locale":"pt_BR","og_type":"article","og_title":"Comunica\u00e7\u00f5es, M\u00eddia e Entretenimento - Brazil (Portuguese)","og_description":"Problemas que resolvemos. Motivar todos os vendedores Inspiramos toda a sua equipe de vendas a impulsionar mudan\u00e7as positivas, lucratividade e crescimento de vendas, atrav\u00e9s de: Engajar e inspirar seus colaboradores Ajudamos voc\u00ea a atrair, inspirar e reter uma for\u00e7a de vendas de alto desempenho, atrav\u00e9s de: Aumentar a fidelidade dos parceiros Ajudamos voc\u00ea a fomentar [&hellip;]","og_url":"https:\/\/www.biworldwide.com\/pt-br\/quem-ajudamos\/comunicacao-midia-e-entretenimento\/","og_site_name":"Brazil (Portuguese)","article_modified_time":"2025-04-01T17:31:39+00:00","og_image":[{"url":"http:\/\/live-biw-main.pantheonsite.io\/wp-content\/uploads\/2025\/02\/Sales-team-motivation-1300x732px-1024x577.jpg","type":"","width":"","height":""}],"twitter_card":"summary_large_image","twitter_misc":{"Est. reading time":"3 minutos"},"schema":{"@context":"https:\/\/schema.org","@graph":[{"@type":"WebPage","@id":"https:\/\/www.biworldwide.com\/pt-br\/quem-ajudamos\/comunicacao-midia-e-entretenimento\/","url":"https:\/\/www.biworldwide.com\/pt-br\/quem-ajudamos\/comunicacao-midia-e-entretenimento\/","name":"Comunica\u00e7\u00f5es, M\u00eddia e Entretenimento - Brazil (Portuguese)","isPartOf":{"@id":"https:\/\/www.biworldwide.com\/pt-br\/#website"},"primaryImageOfPage":{"@id":"https:\/\/www.biworldwide.com\/pt-br\/quem-ajudamos\/comunicacao-midia-e-entretenimento\/#primaryimage"},"image":{"@id":"https:\/\/www.biworldwide.com\/pt-br\/quem-ajudamos\/comunicacao-midia-e-entretenimento\/#primaryimage"},"thumbnailUrl":"http:\/\/live-biw-main.pantheonsite.io\/wp-content\/uploads\/2025\/02\/Sales-team-motivation-1300x732px-1024x577.jpg","datePublished":"2025-01-14T16:22:47+00:00","dateModified":"2025-04-01T17:31:39+00:00","breadcrumb":{"@id":"https:\/\/www.biworldwide.com\/pt-br\/quem-ajudamos\/comunicacao-midia-e-entretenimento\/#breadcrumb"},"inLanguage":"pt-BR","potentialAction":[{"@type":"ReadAction","target":["https:\/\/www.biworldwide.com\/pt-br\/quem-ajudamos\/comunicacao-midia-e-entretenimento\/"]}]},{"@type":"ImageObject","inLanguage":"pt-BR","@id":"https:\/\/www.biworldwide.com\/pt-br\/quem-ajudamos\/comunicacao-midia-e-entretenimento\/#primaryimage","url":"http:\/\/live-biw-main.pantheonsite.io\/wp-content\/uploads\/2025\/02\/Sales-team-motivation-1300x732px-1024x577.jpg","contentUrl":"http:\/\/live-biw-main.pantheonsite.io\/wp-content\/uploads\/2025\/02\/Sales-team-motivation-1300x732px-1024x577.jpg"},{"@type":"BreadcrumbList","@id":"https:\/\/www.biworldwide.com\/pt-br\/quem-ajudamos\/comunicacao-midia-e-entretenimento\/#breadcrumb","itemListElement":[{"@type":"ListItem","position":1,"name":"Home","item":"https:\/\/www.biworldwide.com\/pt-br\/"},{"@type":"ListItem","position":2,"name":"Quem ajudamos","item":"https:\/\/www.biworldwide.com\/pt-br\/quem-ajudamos\/"},{"@type":"ListItem","position":3,"name":"Comunica\u00e7\u00f5es, M\u00eddia e Entretenimento"}]},{"@type":"WebSite","@id":"https:\/\/www.biworldwide.com\/pt-br\/#website","url":"https:\/\/www.biworldwide.com\/pt-br\/","name":"Brazil (Portuguese)","description":"","potentialAction":[{"@type":"SearchAction","target":{"@type":"EntryPoint","urlTemplate":"https:\/\/www.biworldwide.com\/pt-br\/?s={search_term_string}"},"query-input":{"@type":"PropertyValueSpecification","valueRequired":true,"valueName":"search_term_string"}}],"inLanguage":"pt-BR"}]}},"_links":{"self":[{"href":"https:\/\/www.biworldwide.com\/pt-br\/wp-json\/wp\/v2\/pages\/149","targetHints":{"allow":["GET"]}}],"collection":[{"href":"https:\/\/www.biworldwide.com\/pt-br\/wp-json\/wp\/v2\/pages"}],"about":[{"href":"https:\/\/www.biworldwide.com\/pt-br\/wp-json\/wp\/v2\/types\/page"}],"author":[{"embeddable":true,"href":"https:\/\/www.biworldwide.com\/pt-br\/wp-json\/wp\/v2\/users\/11"}],"replies":[{"embeddable":true,"href":"https:\/\/www.biworldwide.com\/pt-br\/wp-json\/wp\/v2\/comments?post=149"}],"version-history":[{"count":4,"href":"https:\/\/www.biworldwide.com\/pt-br\/wp-json\/wp\/v2\/pages\/149\/revisions"}],"predecessor-version":[{"id":918,"href":"https:\/\/www.biworldwide.com\/pt-br\/wp-json\/wp\/v2\/pages\/149\/revisions\/918"}],"up":[{"embeddable":true,"href":"https:\/\/www.biworldwide.com\/pt-br\/wp-json\/wp\/v2\/pages\/104"}],"wp:attachment":[{"href":"https:\/\/www.biworldwide.com\/pt-br\/wp-json\/wp\/v2\/media?parent=149"}],"wp:term":[{"taxonomy":"wf_page_folders","embeddable":true,"href":"https:\/\/www.biworldwide.com\/pt-br\/wp-json\/wp\/v2\/wf_page_folders?post=149"}],"curies":[{"name":"wp","href":"https:\/\/api.w.org\/{rel}","templated":true}]}}