{"id":151,"date":"2025-01-14T16:23:43","date_gmt":"2025-01-14T16:23:43","guid":{"rendered":"https:\/\/live-biw-main.pantheonsite.io\/?page_id=151"},"modified":"2025-04-01T11:31:16","modified_gmt":"2025-04-01T17:31:16","slug":"bens-e-servicos-de-consumo","status":"publish","type":"page","link":"https:\/\/www.biworldwide.com\/pt-br\/quem-ajudamos\/bens-e-servicos-de-consumo\/","title":{"rendered":"Bens de Consumo e Servi\u00e7os"},"content":{"rendered":"\n<p><\/p>\n\n\n<div class=\" has-content-align-left has-overlay has-overlay--dark alignfull wp-block-biw-block-theme-hero\">\n\t<div class=\"biw-hero__grid\">\n\t\t\t\t\t<div class=\"biw-hero__breadcrumbs\">\n\t\t\t\t<div id=\"breadcrumbs\" class=\"breadcrumb-nav__wrapper\"><span class=\"breadcrumb-nav\"><span><a href=\"https:\/\/www.biworldwide.com\/pt-br\/\">Home<\/a><\/span><\/span><\/div>\t\t\t<\/div>\n\t\t\n\t\t\t\t\t<div class=\"biw-hero__media \">\n\t\t\t\t\t\t\t\t\t<div class=\"biw-hero__overlay overlay-dark\"><\/div>\n\t\t\t\t\t\t\t\t<img decoding=\"async\" src=\"http:\/\/live-biw-main.pantheonsite.io\/wp-content\/uploads\/2025\/02\/ConsumerGoods-1728x600px.jpg\" alt=\"Shelves filled with various types of packaged bread rolls in a bakery section of a grocery store. The bread is neatly arranged in metal racks, and each package has a label. The floor is a light-colored tile.\" class=\"biw-hero__bg-image\" style=\"object-position: 50% 50%;\">\t\t\t<\/div>\n\t\t\t\t<div class=\"biw-hero__content\">\n\t\t\t\t\t\t<h1 class=\"biw-hero__title\" style=\"line-height: 1.2\">\n\t\t\t\t<strong>Da porta do cais ao checkout<\/strong>\t\t\t<\/h1>\n\t\t\t\t\t\t\t<h2 class=\"biw-hero__subtitle\">\n\t\t\t\t\tSolu\u00e7\u00f5es de engajamento personalizadas para bens de consumo e servi\u00e7os.\t\t\t\t<\/h2>\n\t\t\t\t\t\t\t\t\t\t<div class=\"biw-hero__text\">\n\t\t\t\t\t\n\n<p>Somos parceiros de empresas l\u00edderes na ind\u00fastria de bens de consumo, criando solu\u00e7\u00f5es que engajam diversos p\u00fablicos, incluindo funcion\u00e1rios de manufatura, distribui\u00e7\u00e3o, vendas e corporativos.<\/p>\n\n\t\t\t\t<\/div>\n\t\t\t\t\t\t\t\t<\/div>\n\t<\/div>\n<\/div>\n\n\n\n<div class=\"wp-block-group alignfull has-global-padding is-layout-constrained wp-container-core-group-is-layout-97ab3c77 wp-block-group-is-layout-constrained\">\n<div class=\"wp-block-group has-text-align-center  layout-columns-8 has-global-padding is-layout-constrained wp-container-core-group-is-layout-ee362a79 wp-block-group-is-layout-constrained\">\n<h2 class=\"wp-block-heading has-text-align-center  has-text-wrap-pretty\"><strong>Solu\u00e7\u00f5es que geram resultados.<\/strong><\/h2>\n\n\n\n<p class=\" has-text-wrap-balance\">Nossos programas aumentam o compromisso, o esfor\u00e7o e a inspira\u00e7\u00e3o, ajustados especificamente para o seu setor. Da manufatura \u00e0 distribui\u00e7\u00e3o, de alimentos e bebidas a cosm\u00e9ticos.<\/p>\n<\/div>\n\n\n\n<div class=\"wp-block-group  layout-columns-12 has-global-padding is-layout-constrained wp-container-core-group-is-layout-9e09659d wp-block-group-is-layout-constrained\">\n<div class=\"wp-block-group is-layout-grid wp-container-core-group-is-layout-c765d3c1 wp-block-group-is-layout-grid\"><div class=\" has-dynamic-border-radius has-link has-image-size-cover has-image-radius-none is-style-default wp-block-biw-block-theme-biw-card\">\n\t\t\t<figure class=\"biw-card__image-wrapper \">\n\t\t\t<img decoding=\"async\" src=\"http:\/\/live-biw-main.pantheonsite.io\/wp-content\/uploads\/2025\/02\/Contests-and-incentives-Yellow-1300x732px.jpg\" alt=\"A man and a woman sit together at a desk, looking at a tablet. The woman is in the foreground, smiling slightly, while the man points at the tablet screen. A laptop is open on the desk beside them, and the background is softly blurred.\" class=\"biw-card__image\" style=\"object-position: 50% 50%;\">\t\t<\/figure>\n\t\t<div class=\"biw-card__content\">\n\t\t<h3 class=\"biw-card__title\">\n\t\t\t\t\t\t\t<a href=\"https:\/\/www.biworldwide.com\/en-latam\/contests-and-incentives\/\" >\n\t\t\t\t<strong>Incentivos de vendas<\/strong>\t\t\t\t<\/a>\n\t\t\t\t\t<\/h3>\n\t\t<div class=\"biw-card__text\">\n\n<p>V\u00e1 al\u00e9m dos comportamentos existentes para motivar mais dos novos comportamentos que voc\u00ea deseja. Nossa experi\u00eancia em incentivos de vendas nos permite projetar a estrutura e as recompensas que melhor impulsionam seus resultados.<\/p>\n\n<\/div>\n\t<\/div>\n\t\t\t<span class=\"biw-card__cta\">Saiba mais<\/span>\n\t<\/div>\n\n<div class=\" has-dynamic-border-radius has-link has-image-size-cover has-image-radius-none is-style-default wp-block-biw-block-theme-biw-card\">\n\t\t\t<figure class=\"biw-card__image-wrapper \">\n\t\t\t<img decoding=\"async\" src=\"http:\/\/live-biw-main.pantheonsite.io\/wp-content\/uploads\/2025\/02\/BIW_Site_Card_Learning-scaled.jpg\" alt=\"Open book on a table with numerous orange origami birds flying out, symbolizing imagination and knowledge. Shelves filled with books in the blurry background. Bright and airy atmosphere.\" class=\"biw-card__image\" style=\"object-position: 50% 50%;\">\t\t<\/figure>\n\t\t<div class=\"biw-card__content\">\n\t\t<h3 class=\"biw-card__title\">\n\t\t\t\t\t\t\t<a href=\"https:\/\/www.biworldwide.com\/en-latam\/learning\/\" >\n\t\t\t\t<strong>Aprendizado<\/strong>\t\t\t\t<\/a>\n\t\t\t\t\t<\/h3>\n\t\t<div class=\"biw-card__text\">\n\n<p>Se os colaboradores precisam aprender sobre um novo produto, seguran\u00e7a, conformidade ou como montar uma vitrine de produtos, nossas abordagens de aprendizado envolventes motivam os funcion\u00e1rios a se tornarem os melhores em suas fun\u00e7\u00f5es.<\/p>\n\n<\/div>\n\t<\/div>\n\t\t\t<span class=\"biw-card__cta\">Saiba mais<\/span>\n\t<\/div>\n\n<div class=\" has-dynamic-border-radius has-link has-image-size-cover has-image-radius-none is-style-default wp-block-biw-block-theme-biw-card\">\n\t\t\t<figure class=\"biw-card__image-wrapper \">\n\t\t\t<img decoding=\"async\" src=\"http:\/\/live-biw-main.pantheonsite.io\/wp-content\/uploads\/2025\/02\/Employee-engagement-WomanReceivingApplause-1300x732px.jpg\" alt=\"A smiling woman with curly hair sits at a table, looking up. She is surrounded by several people clapping, all wearing business attire. A laptop is visible in front of her. The atmosphere appears celebratory and supportive.\" class=\"biw-card__image\" style=\"object-position: 50% 50%;\">\t\t<\/figure>\n\t\t<div class=\"biw-card__content\">\n\t\t<h3 class=\"biw-card__title\">\n\t\t\t\t\t\t\t<a href=\"https:\/\/www.biworldwide.com\/en-latam\/employee-engagement\/\" >\n\t\t\t\tDesenvolvimento, Ativa\u00e7\u00e3o e Branding da Proposta de Valor para o Colaborador\t\t\t\t<\/a>\n\t\t\t\t\t<\/h3>\n\t\t<div class=\"biw-card__text\">\n\n<p>Atraia, engaje e retenha os melhores talentos neste setor competitivo e de alta rotatividade, com uma EVP e uma marca empregadora que inspire o amor pela marca entre seus colaboradores.<\/p>\n\n<\/div>\n\t<\/div>\n\t\t\t<span class=\"biw-card__cta\">Saiba mais<\/span>\n\t<\/div>\n\n\n<div class=\"wp-block-group  has-dynamic-border-radius has-global-padding is-layout-constrained wp-block-group-is-layout-constrained\">\n<figure class=\"wp-block-image size-full\"><img decoding=\"async\" src=\"https:\/\/live-biw-main.pantheonsite.io\/wp-content\/uploads\/2025\/02\/Loyalty-1300x732px.jpg\" alt=\"A smiling woman with curly hair, wearing a white shirt and necklace, receives a small package. She stands outdoors with a colorful, blurred background.\" class=\"wp-image-2263\" style=\"aspect-ratio:3\/2;object-fit:cover\" \/><\/figure>\n<\/div>\n\n\n<div class=\" has-dynamic-border-radius has-link has-image-size-cover has-image-radius-none is-style-default wp-block-biw-block-theme-biw-card\">\n\t\t\t<figure class=\"biw-card__image-wrapper \">\n\t\t\t<img decoding=\"async\" src=\"http:\/\/live-biw-main.pantheonsite.io\/wp-content\/uploads\/2025\/02\/Communications-colored-paper-1300x732px.jpg\" alt=\"Abstract digital artwork featuring curved, layered shapes in vibrant orange, yellow, green, and red tones, creating a dynamic and visually striking composition against an orange background.\" class=\"biw-card__image\" style=\"object-position: 50% 50%;\">\t\t<\/figure>\n\t\t<div class=\"biw-card__content\">\n\t\t<h3 class=\"biw-card__title\">\n\t\t\t\t\t\t\t<a href=\"https:\/\/www.biworldwide.com\/en-latam\/communications\/\" >\n\t\t\t\tComunica\u00e7\u00f5es\t\t\t\t<\/a>\n\t\t\t\t\t<\/h3>\n\t\t<div class=\"biw-card__text\">\n\n<p>Nossas comunica\u00e7\u00f5es segmentadas garantem que seu p\u00fablico seja alcan\u00e7ado com mensagens relevantes no meio adequado para impulsionar a a\u00e7\u00e3o.<\/p>\n\n<\/div>\n\t<\/div>\n\t\t\t<span class=\"biw-card__cta\">Saiba mais<\/span>\n\t<\/div>\n\n<div class=\" has-dynamic-border-radius has-link has-image-size-cover has-image-radius-none is-style-default wp-block-biw-block-theme-biw-card\">\n\t\t\t<figure class=\"biw-card__image-wrapper \">\n\t\t\t<img decoding=\"async\" src=\"http:\/\/live-biw-main.pantheonsite.io\/wp-content\/uploads\/2025\/02\/Recognition-cupcake-sparkler-orangebackground-1300x732px.jpg\" alt=\"A cupcake with orange frosting is topped with a lit sparkler. The background is a gradient of pink to orange, complementing the cupcakes vibrant icing.\" class=\"biw-card__image\" style=\"object-position: 50% 50%;\">\t\t<\/figure>\n\t\t<div class=\"biw-card__content\">\n\t\t<h3 class=\"biw-card__title\">\n\t\t\t\t\t\t\t<a href=\"https:\/\/www.biworldwide.com\/en-latam\/recognition\/\" >\n\t\t\t\t<strong>Reconhecimento<\/strong>\t\t\t\t<\/a>\n\t\t\t\t\t<\/h3>\n\t\t<div class=\"biw-card__text\">\n\n<p>Desenhamos programas que motivam os diferentes p\u00fablicos deste setor em torno de objetivos organizacionais comuns.<\/p>\n\n<\/div>\n\t<\/div>\n\t\t\t<span class=\"biw-card__cta\">Saiba mais<\/span>\n\t<\/div><\/div>\n<\/div>\n<\/div>\n","protected":false},"excerpt":{"rendered":"<p>Solu\u00e7\u00f5es que geram resultados. Nossos programas aumentam o compromisso, o esfor\u00e7o e a inspira\u00e7\u00e3o, ajustados especificamente para o seu setor. Da manufatura \u00e0 distribui\u00e7\u00e3o, de alimentos e bebidas a cosm\u00e9ticos.<\/p>\n","protected":false},"author":11,"featured_media":0,"parent":104,"menu_order":0,"comment_status":"closed","ping_status":"closed","template":"","meta":{"featured_image_focal_point":{"x":0.5,"y":0.5},"footnotes":""},"wf_page_folders":[49],"class_list":["post-151","page","type-page","status-publish","hentry"],"yoast_head":"<!-- This site is optimized with the Yoast SEO plugin v26.2 - https:\/\/yoast.com\/wordpress\/plugins\/seo\/ -->\n<title>Bens de Consumo e Servi\u00e7os - Brazil (Portuguese)<\/title>\n<meta name=\"robots\" content=\"index, follow, max-snippet:-1, max-image-preview:large, max-video-preview:-1\" \/>\n<link rel=\"canonical\" href=\"https:\/\/www.biworldwide.com\/pt-br\/quem-ajudamos\/bens-e-servicos-de-consumo\/\" \/>\n<meta property=\"og:locale\" content=\"pt_BR\" \/>\n<meta property=\"og:type\" content=\"article\" \/>\n<meta property=\"og:title\" content=\"Bens de Consumo e Servi\u00e7os - Brazil (Portuguese)\" \/>\n<meta property=\"og:description\" content=\"Solu\u00e7\u00f5es que geram resultados. Nossos programas aumentam o compromisso, o esfor\u00e7o e a inspira\u00e7\u00e3o, ajustados especificamente para o seu setor. Da manufatura \u00e0 distribui\u00e7\u00e3o, de alimentos e bebidas a cosm\u00e9ticos.\" \/>\n<meta property=\"og:url\" content=\"https:\/\/www.biworldwide.com\/pt-br\/quem-ajudamos\/bens-e-servicos-de-consumo\/\" \/>\n<meta property=\"og:site_name\" content=\"Brazil (Portuguese)\" \/>\n<meta property=\"article:modified_time\" content=\"2025-04-01T17:31:16+00:00\" \/>\n<meta property=\"og:image\" content=\"https:\/\/live-biw-main.pantheonsite.io\/wp-content\/uploads\/2025\/02\/Loyalty-1300x732px.jpg\" \/>\n<meta name=\"twitter:card\" content=\"summary_large_image\" \/>\n<meta name=\"twitter:label1\" content=\"Est. reading time\" \/>\n\t<meta name=\"twitter:data1\" content=\"2 minutos\" \/>\n<script type=\"application\/ld+json\" class=\"yoast-schema-graph\">{\"@context\":\"https:\/\/schema.org\",\"@graph\":[{\"@type\":\"WebPage\",\"@id\":\"https:\/\/www.biworldwide.com\/pt-br\/quem-ajudamos\/bens-e-servicos-de-consumo\/\",\"url\":\"https:\/\/www.biworldwide.com\/pt-br\/quem-ajudamos\/bens-e-servicos-de-consumo\/\",\"name\":\"Bens de Consumo e Servi\u00e7os - Brazil (Portuguese)\",\"isPartOf\":{\"@id\":\"https:\/\/www.biworldwide.com\/pt-br\/#website\"},\"primaryImageOfPage\":{\"@id\":\"https:\/\/www.biworldwide.com\/pt-br\/quem-ajudamos\/bens-e-servicos-de-consumo\/#primaryimage\"},\"image\":{\"@id\":\"https:\/\/www.biworldwide.com\/pt-br\/quem-ajudamos\/bens-e-servicos-de-consumo\/#primaryimage\"},\"thumbnailUrl\":\"https:\/\/live-biw-main.pantheonsite.io\/wp-content\/uploads\/2025\/02\/Loyalty-1300x732px.jpg\",\"datePublished\":\"2025-01-14T16:23:43+00:00\",\"dateModified\":\"2025-04-01T17:31:16+00:00\",\"breadcrumb\":{\"@id\":\"https:\/\/www.biworldwide.com\/pt-br\/quem-ajudamos\/bens-e-servicos-de-consumo\/#breadcrumb\"},\"inLanguage\":\"pt-BR\",\"potentialAction\":[{\"@type\":\"ReadAction\",\"target\":[\"https:\/\/www.biworldwide.com\/pt-br\/quem-ajudamos\/bens-e-servicos-de-consumo\/\"]}]},{\"@type\":\"ImageObject\",\"inLanguage\":\"pt-BR\",\"@id\":\"https:\/\/www.biworldwide.com\/pt-br\/quem-ajudamos\/bens-e-servicos-de-consumo\/#primaryimage\",\"url\":\"https:\/\/live-biw-main.pantheonsite.io\/wp-content\/uploads\/2025\/02\/Loyalty-1300x732px.jpg\",\"contentUrl\":\"https:\/\/live-biw-main.pantheonsite.io\/wp-content\/uploads\/2025\/02\/Loyalty-1300x732px.jpg\"},{\"@type\":\"BreadcrumbList\",\"@id\":\"https:\/\/www.biworldwide.com\/pt-br\/quem-ajudamos\/bens-e-servicos-de-consumo\/#breadcrumb\",\"itemListElement\":[{\"@type\":\"ListItem\",\"position\":1,\"name\":\"Home\",\"item\":\"https:\/\/www.biworldwide.com\/pt-br\/\"},{\"@type\":\"ListItem\",\"position\":2,\"name\":\"Quem ajudamos\",\"item\":\"https:\/\/www.biworldwide.com\/pt-br\/quem-ajudamos\/\"},{\"@type\":\"ListItem\",\"position\":3,\"name\":\"Bens de Consumo e Servi\u00e7os\"}]},{\"@type\":\"WebSite\",\"@id\":\"https:\/\/www.biworldwide.com\/pt-br\/#website\",\"url\":\"https:\/\/www.biworldwide.com\/pt-br\/\",\"name\":\"Brazil (Portuguese)\",\"description\":\"\",\"potentialAction\":[{\"@type\":\"SearchAction\",\"target\":{\"@type\":\"EntryPoint\",\"urlTemplate\":\"https:\/\/www.biworldwide.com\/pt-br\/?s={search_term_string}\"},\"query-input\":{\"@type\":\"PropertyValueSpecification\",\"valueRequired\":true,\"valueName\":\"search_term_string\"}}],\"inLanguage\":\"pt-BR\"}]}<\/script>\n<!-- \/ Yoast SEO plugin. -->","yoast_head_json":{"title":"Bens de Consumo e Servi\u00e7os - Brazil (Portuguese)","robots":{"index":"index","follow":"follow","max-snippet":"max-snippet:-1","max-image-preview":"max-image-preview:large","max-video-preview":"max-video-preview:-1"},"canonical":"https:\/\/www.biworldwide.com\/pt-br\/quem-ajudamos\/bens-e-servicos-de-consumo\/","og_locale":"pt_BR","og_type":"article","og_title":"Bens de Consumo e Servi\u00e7os - Brazil (Portuguese)","og_description":"Solu\u00e7\u00f5es que geram resultados. Nossos programas aumentam o compromisso, o esfor\u00e7o e a inspira\u00e7\u00e3o, ajustados especificamente para o seu setor. Da manufatura \u00e0 distribui\u00e7\u00e3o, de alimentos e bebidas a cosm\u00e9ticos.","og_url":"https:\/\/www.biworldwide.com\/pt-br\/quem-ajudamos\/bens-e-servicos-de-consumo\/","og_site_name":"Brazil (Portuguese)","article_modified_time":"2025-04-01T17:31:16+00:00","og_image":[{"url":"https:\/\/live-biw-main.pantheonsite.io\/wp-content\/uploads\/2025\/02\/Loyalty-1300x732px.jpg","type":"","width":"","height":""}],"twitter_card":"summary_large_image","twitter_misc":{"Est. reading time":"2 minutos"},"schema":{"@context":"https:\/\/schema.org","@graph":[{"@type":"WebPage","@id":"https:\/\/www.biworldwide.com\/pt-br\/quem-ajudamos\/bens-e-servicos-de-consumo\/","url":"https:\/\/www.biworldwide.com\/pt-br\/quem-ajudamos\/bens-e-servicos-de-consumo\/","name":"Bens de Consumo e Servi\u00e7os - Brazil (Portuguese)","isPartOf":{"@id":"https:\/\/www.biworldwide.com\/pt-br\/#website"},"primaryImageOfPage":{"@id":"https:\/\/www.biworldwide.com\/pt-br\/quem-ajudamos\/bens-e-servicos-de-consumo\/#primaryimage"},"image":{"@id":"https:\/\/www.biworldwide.com\/pt-br\/quem-ajudamos\/bens-e-servicos-de-consumo\/#primaryimage"},"thumbnailUrl":"https:\/\/live-biw-main.pantheonsite.io\/wp-content\/uploads\/2025\/02\/Loyalty-1300x732px.jpg","datePublished":"2025-01-14T16:23:43+00:00","dateModified":"2025-04-01T17:31:16+00:00","breadcrumb":{"@id":"https:\/\/www.biworldwide.com\/pt-br\/quem-ajudamos\/bens-e-servicos-de-consumo\/#breadcrumb"},"inLanguage":"pt-BR","potentialAction":[{"@type":"ReadAction","target":["https:\/\/www.biworldwide.com\/pt-br\/quem-ajudamos\/bens-e-servicos-de-consumo\/"]}]},{"@type":"ImageObject","inLanguage":"pt-BR","@id":"https:\/\/www.biworldwide.com\/pt-br\/quem-ajudamos\/bens-e-servicos-de-consumo\/#primaryimage","url":"https:\/\/live-biw-main.pantheonsite.io\/wp-content\/uploads\/2025\/02\/Loyalty-1300x732px.jpg","contentUrl":"https:\/\/live-biw-main.pantheonsite.io\/wp-content\/uploads\/2025\/02\/Loyalty-1300x732px.jpg"},{"@type":"BreadcrumbList","@id":"https:\/\/www.biworldwide.com\/pt-br\/quem-ajudamos\/bens-e-servicos-de-consumo\/#breadcrumb","itemListElement":[{"@type":"ListItem","position":1,"name":"Home","item":"https:\/\/www.biworldwide.com\/pt-br\/"},{"@type":"ListItem","position":2,"name":"Quem ajudamos","item":"https:\/\/www.biworldwide.com\/pt-br\/quem-ajudamos\/"},{"@type":"ListItem","position":3,"name":"Bens de Consumo e Servi\u00e7os"}]},{"@type":"WebSite","@id":"https:\/\/www.biworldwide.com\/pt-br\/#website","url":"https:\/\/www.biworldwide.com\/pt-br\/","name":"Brazil (Portuguese)","description":"","potentialAction":[{"@type":"SearchAction","target":{"@type":"EntryPoint","urlTemplate":"https:\/\/www.biworldwide.com\/pt-br\/?s={search_term_string}"},"query-input":{"@type":"PropertyValueSpecification","valueRequired":true,"valueName":"search_term_string"}}],"inLanguage":"pt-BR"}]}},"_links":{"self":[{"href":"https:\/\/www.biworldwide.com\/pt-br\/wp-json\/wp\/v2\/pages\/151","targetHints":{"allow":["GET"]}}],"collection":[{"href":"https:\/\/www.biworldwide.com\/pt-br\/wp-json\/wp\/v2\/pages"}],"about":[{"href":"https:\/\/www.biworldwide.com\/pt-br\/wp-json\/wp\/v2\/types\/page"}],"author":[{"embeddable":true,"href":"https:\/\/www.biworldwide.com\/pt-br\/wp-json\/wp\/v2\/users\/11"}],"replies":[{"embeddable":true,"href":"https:\/\/www.biworldwide.com\/pt-br\/wp-json\/wp\/v2\/comments?post=151"}],"version-history":[{"count":2,"href":"https:\/\/www.biworldwide.com\/pt-br\/wp-json\/wp\/v2\/pages\/151\/revisions"}],"predecessor-version":[{"id":807,"href":"https:\/\/www.biworldwide.com\/pt-br\/wp-json\/wp\/v2\/pages\/151\/revisions\/807"}],"up":[{"embeddable":true,"href":"https:\/\/www.biworldwide.com\/pt-br\/wp-json\/wp\/v2\/pages\/104"}],"wp:attachment":[{"href":"https:\/\/www.biworldwide.com\/pt-br\/wp-json\/wp\/v2\/media?parent=151"}],"wp:term":[{"taxonomy":"wf_page_folders","embeddable":true,"href":"https:\/\/www.biworldwide.com\/pt-br\/wp-json\/wp\/v2\/wf_page_folders?post=151"}],"curies":[{"name":"wp","href":"https:\/\/api.w.org\/{rel}","templated":true}]}}