{"id":155,"date":"2025-01-14T16:24:27","date_gmt":"2025-01-14T16:24:27","guid":{"rendered":"https:\/\/live-biw-main.pantheonsite.io\/?page_id=155"},"modified":"2025-04-01T11:32:12","modified_gmt":"2025-04-01T17:32:12","slug":"servicos-financeiros-e-seguros","status":"publish","type":"page","link":"https:\/\/www.biworldwide.com\/pt-br\/quem-ajudamos\/servicos-financeiros-e-seguros\/","title":{"rendered":"Servi\u00e7os Financeiros e Seguros"},"content":{"rendered":"<div class=\" has-content-align-left has-overlay has-overlay--dark alignfull wp-block-biw-block-theme-hero\">\n\t<div class=\"biw-hero__grid\">\n\t\t\t\t\t<div class=\"biw-hero__breadcrumbs\">\n\t\t\t\t<div id=\"breadcrumbs\" class=\"breadcrumb-nav__wrapper\"><span class=\"breadcrumb-nav\"><span><a href=\"https:\/\/www.biworldwide.com\/pt-br\/\">Home<\/a><\/span><\/span><\/div>\t\t\t<\/div>\n\t\t\n\t\t\t\t\t<div class=\"biw-hero__media \">\n\t\t\t\t\t\t\t\t\t<div class=\"biw-hero__overlay overlay-dark\"><\/div>\n\t\t\t\t\t\t\t\t<img decoding=\"async\" src=\"http:\/\/live-biw-main.pantheonsite.io\/wp-content\/uploads\/2025\/02\/BIW_Site_Hero_Financial-scaled.jpg\" alt=\"A screen shot of a computer screen.\" class=\"biw-hero__bg-image\" style=\"object-position: 50% 50%;\">\t\t\t<\/div>\n\t\t\t\t<div class=\"biw-hero__content\">\n\t\t\t\t\t\t<h1 class=\"biw-hero__title\" style=\"line-height: 1.2\">\n\t\t\t\t<strong><strong>Gerando resultados. <\/strong><\/strong><br><strong><strong>Dentro das regulamenta\u00e7\u00f5es.<\/strong><\/strong>\t\t\t<\/h1>\n\t\t\t\t\t\t\t<h2 class=\"biw-hero__subtitle\">\n\t\t\t\t\tConfi\u00e1vel por grandes organiza\u00e7\u00f5es financeiras para impulsionar o comprometimento, esfor\u00e7o e inspira\u00e7\u00e3o de alto n\u00edvel dos funcion\u00e1rios.\t\t\t\t<\/h2>\n\t\t\t\t\t\t\t\t\t\t<div class=\"biw-hero__text\">\n\t\t\t\t\t\n\n<p>Na altamente regulamentada ind\u00fastria financeira, nossas estrat\u00e9gias mundialmente renomadas s\u00e3o projetadas para cumprir rigorosamente as regulamenta\u00e7\u00f5es, proporcionando resultados extraordin\u00e1rios para bancos, ag\u00eancias de seguros, corretoras de investimentos, consultores financeiros, analistas, gestores de investimentos e corretores.<\/p>\n\n\t\t\t\t<\/div>\n\t\t\t\t\t\t\t\t<\/div>\n\t<\/div>\n<\/div>\n\n\n\n<div class=\"wp-block-group  layout-columns-7 has-global-padding is-layout-constrained wp-container-core-group-is-layout-a133ec42 wp-block-group-is-layout-constrained\">\n<h2 class=\"wp-block-heading\"><strong>Desempenho em que voc\u00ea pode confiar.<\/strong><\/h2>\n\n\n\n<p>Personalizamos programas sob medida para envolver, integrar, educar, inspirar, certificar, reconhecer e motivar sua equipe com solu\u00e7\u00f5es integradas.<\/p>\n\n\n\n<p><strong>Reconhecimento baseado em resultados<\/strong><\/p>\n\n\n\n<p>Nossa abordagem h\u00edbrida combina iniciativas qualitativas de mudan\u00e7a comportamental com incentivos quantitativos e orientados por resultados. Na ind\u00fastria financeira altamente regulamentada, nossos programas geram resultados enquanto garantem conformidade. Focamos no desenvolvimento de relacionamentos de longo prazo com clientes, evitando pagamentos transacionais. Essa estrat\u00e9gia expande portf\u00f3lios, beneficiando tanto a rentabilidade dos neg\u00f3cios quanto os ganhos individuais dos consumidores, criando uma situa\u00e7\u00e3o vantajosa para as institui\u00e7\u00f5es financeiras nos setores B2B e B2C.<\/p>\n\n\n\n<p><strong>Integra\u00e7\u00e3o e reten\u00e7\u00e3o<\/strong><\/p>\n\n\n\n<p>Oferecemos programas para atrair talentos de classe mundial e reter profissionais experientes do setor banc\u00e1rio. Nossas iniciativas celebram marcos importantes ao longo do Ciclo de Vida do Empregado, desde o recrutamento at\u00e9 a aposentadoria. Ao integrar recrutamento com treinamento, reconhecimento de marcos e recompensas, fomentamos uma cultura que integra os funcion\u00e1rios rapidamente e os motiva e valoriza durante toda a sua jornada profissional.<\/p>\n\n\n\n<p><strong>Estrat\u00e9gias baseadas na cultura<\/strong><\/p>\n\n\n\n<p>Desenhamos programas de reconhecimento que envolvem todos os funcion\u00e1rios, independentemente do tempo de servi\u00e7o. Ao celebrar conquistas extraordin\u00e1rias e o apoio entre colegas, garantimos que todos se sintam valorizados. Os gestores podem usar tecnologia inteligente voltada para o p\u00fablico para criar programas personalizados que se alinhem aos objetivos departamentais e organizacionais, garantindo efici\u00eancia or\u00e7ament\u00e1ria e engajamento dos funcion\u00e1rios.<\/p>\n<\/div>\n\n\n\n<div class=\"wp-block-group alignfull  has-background-angle-to-left bg-angle-accent-cyan has-global-padding is-layout-constrained wp-container-core-group-is-layout-d3543a3b wp-block-group-is-layout-constrained\">\n<div class=\"wp-block-group  layout-columns-10 has-global-padding is-layout-constrained wp-container-core-group-is-layout-0b5f5b40 wp-block-group-is-layout-constrained\">\n<div class=\"wp-block-group is-content-justification-center is-layout-flex wp-container-core-group-is-layout-b4c50f06 wp-block-group-is-layout-flex\"><div class=\" has-dynamic-border-radius has-image-size-cover has-image-radius-none is-style-default wp-block-biw-block-theme-biw-card\">\n\t\t\t<figure class=\"biw-card__image-wrapper \">\n\t\t\t<img decoding=\"async\" src=\"http:\/\/live-biw-main.pantheonsite.io\/wp-content\/uploads\/2025\/03\/BIW_Brand_Banks-and-Investment-Houses.svg\" alt=\"\" class=\"biw-card__image\" style=\"object-position: 50% 50%;\">\t\t<\/figure>\n\t\t<div class=\"biw-card__content\">\n\t\t<h3 class=\"biw-card__title\">\n\t\t\t\t\t\t\t<strong>Bancos e casas de investimento<\/strong>\t\t\t\t\t<\/h3>\n\t\t<div class=\"biw-card__text\">\n\n<p><\/p>\n\n<\/div>\n\t<\/div>\n\t<\/div>\n\n<div class=\" has-dynamic-border-radius has-image-size-cover has-image-radius-none is-style-default wp-block-biw-block-theme-biw-card\">\n\t\t\t<figure class=\"biw-card__image-wrapper \">\n\t\t\t<img decoding=\"async\" src=\"http:\/\/live-biw-main.pantheonsite.io\/wp-content\/uploads\/2025\/03\/BIW_Brand_Insurance-Agencies.svg\" alt=\"\" class=\"biw-card__image\" style=\"object-position: 50% 50%;\">\t\t<\/figure>\n\t\t<div class=\"biw-card__content\">\n\t\t<h3 class=\"biw-card__title\">\n\t\t\t\t\t\t\t<strong>Ag\u00eancias de seguros<\/strong>\t\t\t\t\t<\/h3>\n\t\t<div class=\"biw-card__text\">\n\n<p><\/p>\n\n<\/div>\n\t<\/div>\n\t<\/div>\n\n<div class=\" has-dynamic-border-radius has-image-size-cover has-image-radius-none is-style-default wp-block-biw-block-theme-biw-card\">\n\t\t\t<figure class=\"biw-card__image-wrapper \">\n\t\t\t<img decoding=\"async\" src=\"http:\/\/live-biw-main.pantheonsite.io\/wp-content\/uploads\/2025\/03\/BIW_Brand_Analsys-investments-managers-and-brokers.svg\" alt=\"\" class=\"biw-card__image\" style=\"object-position: 50% 50%;\">\t\t<\/figure>\n\t\t<div class=\"biw-card__content\">\n\t\t<h3 class=\"biw-card__title\">\n\t\t\t\t\t\t\t<strong>Analistas, gestores de investimentos e corretores<\/strong>\t\t\t\t\t<\/h3>\n\t\t<div class=\"biw-card__text\">\n\n<p><\/p>\n\n<\/div>\n\t<\/div>\n\t<\/div><\/div>\n<\/div>\n<span class='background-angle-wrapper'><svg fill='none' viewBox='0 0 1728 699' xmlns='http:\/\/www.w3.org\/2000\/svg'><path d='M1728 0H0V294.923L1728 698.43V0Z' fill='url(#69d2bc0d8e576)'\/><defs><linearGradient id='69d2bc0d8e576' x1='1738.8' x2='1701' y1='717.27' y2='15.023' gradientUnits='userSpaceOnUse'><stop stop-color='#19C3D0' stop-opacity='.3' offset='0'\/><stop stop-color='#19C3D0' stop-opacity='0' offset='1'\/><\/linearGradient><\/defs><\/svg><\/span><\/div>\n\n\n<p><\/p>\n\n\n\n<p><\/p>\n","protected":false},"excerpt":{"rendered":"<p>Desempenho em que voc\u00ea pode confiar. Personalizamos programas sob medida para envolver, integrar, educar, inspirar, certificar, reconhecer e motivar sua equipe com solu\u00e7\u00f5es integradas. Reconhecimento baseado em resultados Nossa abordagem h\u00edbrida combina iniciativas qualitativas de mudan\u00e7a comportamental com incentivos quantitativos e orientados por resultados. Na ind\u00fastria financeira altamente regulamentada, nossos programas geram resultados enquanto garantem [&hellip;]<\/p>\n","protected":false},"author":11,"featured_media":0,"parent":104,"menu_order":0,"comment_status":"closed","ping_status":"closed","template":"","meta":{"featured_image_focal_point":{"x":0.5,"y":0.5},"footnotes":""},"wf_page_folders":[49],"class_list":["post-155","page","type-page","status-publish","hentry"],"yoast_head":"<!-- This site is optimized with the Yoast SEO plugin v26.2 - https:\/\/yoast.com\/wordpress\/plugins\/seo\/ -->\n<title>Servi\u00e7os Financeiros e Seguros - Brazil (Portuguese)<\/title>\n<meta name=\"robots\" content=\"index, follow, max-snippet:-1, max-image-preview:large, max-video-preview:-1\" \/>\n<link rel=\"canonical\" href=\"https:\/\/www.biworldwide.com\/pt-br\/quem-ajudamos\/servicos-financeiros-e-seguros\/\" \/>\n<meta property=\"og:locale\" content=\"pt_BR\" \/>\n<meta property=\"og:type\" content=\"article\" \/>\n<meta property=\"og:title\" content=\"Servi\u00e7os Financeiros e Seguros - Brazil (Portuguese)\" \/>\n<meta property=\"og:description\" content=\"Desempenho em que voc\u00ea pode confiar. Personalizamos programas sob medida para envolver, integrar, educar, inspirar, certificar, reconhecer e motivar sua equipe com solu\u00e7\u00f5es integradas. Reconhecimento baseado em resultados Nossa abordagem h\u00edbrida combina iniciativas qualitativas de mudan\u00e7a comportamental com incentivos quantitativos e orientados por resultados. Na ind\u00fastria financeira altamente regulamentada, nossos programas geram resultados enquanto garantem [&hellip;]\" \/>\n<meta property=\"og:url\" content=\"https:\/\/www.biworldwide.com\/pt-br\/quem-ajudamos\/servicos-financeiros-e-seguros\/\" \/>\n<meta property=\"og:site_name\" content=\"Brazil (Portuguese)\" \/>\n<meta property=\"article:modified_time\" content=\"2025-04-01T17:32:12+00:00\" \/>\n<meta name=\"twitter:card\" content=\"summary_large_image\" \/>\n<meta name=\"twitter:label1\" content=\"Est. reading time\" \/>\n\t<meta name=\"twitter:data1\" content=\"2 minutos\" \/>\n<script type=\"application\/ld+json\" class=\"yoast-schema-graph\">{\"@context\":\"https:\/\/schema.org\",\"@graph\":[{\"@type\":\"WebPage\",\"@id\":\"https:\/\/www.biworldwide.com\/pt-br\/quem-ajudamos\/servicos-financeiros-e-seguros\/\",\"url\":\"https:\/\/www.biworldwide.com\/pt-br\/quem-ajudamos\/servicos-financeiros-e-seguros\/\",\"name\":\"Servi\u00e7os Financeiros e Seguros - Brazil (Portuguese)\",\"isPartOf\":{\"@id\":\"https:\/\/www.biworldwide.com\/pt-br\/#website\"},\"datePublished\":\"2025-01-14T16:24:27+00:00\",\"dateModified\":\"2025-04-01T17:32:12+00:00\",\"breadcrumb\":{\"@id\":\"https:\/\/www.biworldwide.com\/pt-br\/quem-ajudamos\/servicos-financeiros-e-seguros\/#breadcrumb\"},\"inLanguage\":\"pt-BR\",\"potentialAction\":[{\"@type\":\"ReadAction\",\"target\":[\"https:\/\/www.biworldwide.com\/pt-br\/quem-ajudamos\/servicos-financeiros-e-seguros\/\"]}]},{\"@type\":\"BreadcrumbList\",\"@id\":\"https:\/\/www.biworldwide.com\/pt-br\/quem-ajudamos\/servicos-financeiros-e-seguros\/#breadcrumb\",\"itemListElement\":[{\"@type\":\"ListItem\",\"position\":1,\"name\":\"Home\",\"item\":\"https:\/\/www.biworldwide.com\/pt-br\/\"},{\"@type\":\"ListItem\",\"position\":2,\"name\":\"Quem ajudamos\",\"item\":\"https:\/\/www.biworldwide.com\/pt-br\/quem-ajudamos\/\"},{\"@type\":\"ListItem\",\"position\":3,\"name\":\"Servi\u00e7os Financeiros e Seguros\"}]},{\"@type\":\"WebSite\",\"@id\":\"https:\/\/www.biworldwide.com\/pt-br\/#website\",\"url\":\"https:\/\/www.biworldwide.com\/pt-br\/\",\"name\":\"Brazil (Portuguese)\",\"description\":\"\",\"potentialAction\":[{\"@type\":\"SearchAction\",\"target\":{\"@type\":\"EntryPoint\",\"urlTemplate\":\"https:\/\/www.biworldwide.com\/pt-br\/?s={search_term_string}\"},\"query-input\":{\"@type\":\"PropertyValueSpecification\",\"valueRequired\":true,\"valueName\":\"search_term_string\"}}],\"inLanguage\":\"pt-BR\"}]}<\/script>\n<!-- \/ Yoast SEO plugin. -->","yoast_head_json":{"title":"Servi\u00e7os Financeiros e Seguros - Brazil (Portuguese)","robots":{"index":"index","follow":"follow","max-snippet":"max-snippet:-1","max-image-preview":"max-image-preview:large","max-video-preview":"max-video-preview:-1"},"canonical":"https:\/\/www.biworldwide.com\/pt-br\/quem-ajudamos\/servicos-financeiros-e-seguros\/","og_locale":"pt_BR","og_type":"article","og_title":"Servi\u00e7os Financeiros e Seguros - Brazil (Portuguese)","og_description":"Desempenho em que voc\u00ea pode confiar. Personalizamos programas sob medida para envolver, integrar, educar, inspirar, certificar, reconhecer e motivar sua equipe com solu\u00e7\u00f5es integradas. Reconhecimento baseado em resultados Nossa abordagem h\u00edbrida combina iniciativas qualitativas de mudan\u00e7a comportamental com incentivos quantitativos e orientados por resultados. Na ind\u00fastria financeira altamente regulamentada, nossos programas geram resultados enquanto garantem [&hellip;]","og_url":"https:\/\/www.biworldwide.com\/pt-br\/quem-ajudamos\/servicos-financeiros-e-seguros\/","og_site_name":"Brazil (Portuguese)","article_modified_time":"2025-04-01T17:32:12+00:00","twitter_card":"summary_large_image","twitter_misc":{"Est. reading time":"2 minutos"},"schema":{"@context":"https:\/\/schema.org","@graph":[{"@type":"WebPage","@id":"https:\/\/www.biworldwide.com\/pt-br\/quem-ajudamos\/servicos-financeiros-e-seguros\/","url":"https:\/\/www.biworldwide.com\/pt-br\/quem-ajudamos\/servicos-financeiros-e-seguros\/","name":"Servi\u00e7os Financeiros e Seguros - Brazil (Portuguese)","isPartOf":{"@id":"https:\/\/www.biworldwide.com\/pt-br\/#website"},"datePublished":"2025-01-14T16:24:27+00:00","dateModified":"2025-04-01T17:32:12+00:00","breadcrumb":{"@id":"https:\/\/www.biworldwide.com\/pt-br\/quem-ajudamos\/servicos-financeiros-e-seguros\/#breadcrumb"},"inLanguage":"pt-BR","potentialAction":[{"@type":"ReadAction","target":["https:\/\/www.biworldwide.com\/pt-br\/quem-ajudamos\/servicos-financeiros-e-seguros\/"]}]},{"@type":"BreadcrumbList","@id":"https:\/\/www.biworldwide.com\/pt-br\/quem-ajudamos\/servicos-financeiros-e-seguros\/#breadcrumb","itemListElement":[{"@type":"ListItem","position":1,"name":"Home","item":"https:\/\/www.biworldwide.com\/pt-br\/"},{"@type":"ListItem","position":2,"name":"Quem ajudamos","item":"https:\/\/www.biworldwide.com\/pt-br\/quem-ajudamos\/"},{"@type":"ListItem","position":3,"name":"Servi\u00e7os Financeiros e Seguros"}]},{"@type":"WebSite","@id":"https:\/\/www.biworldwide.com\/pt-br\/#website","url":"https:\/\/www.biworldwide.com\/pt-br\/","name":"Brazil (Portuguese)","description":"","potentialAction":[{"@type":"SearchAction","target":{"@type":"EntryPoint","urlTemplate":"https:\/\/www.biworldwide.com\/pt-br\/?s={search_term_string}"},"query-input":{"@type":"PropertyValueSpecification","valueRequired":true,"valueName":"search_term_string"}}],"inLanguage":"pt-BR"}]}},"_links":{"self":[{"href":"https:\/\/www.biworldwide.com\/pt-br\/wp-json\/wp\/v2\/pages\/155","targetHints":{"allow":["GET"]}}],"collection":[{"href":"https:\/\/www.biworldwide.com\/pt-br\/wp-json\/wp\/v2\/pages"}],"about":[{"href":"https:\/\/www.biworldwide.com\/pt-br\/wp-json\/wp\/v2\/types\/page"}],"author":[{"embeddable":true,"href":"https:\/\/www.biworldwide.com\/pt-br\/wp-json\/wp\/v2\/users\/11"}],"replies":[{"embeddable":true,"href":"https:\/\/www.biworldwide.com\/pt-br\/wp-json\/wp\/v2\/comments?post=155"}],"version-history":[{"count":3,"href":"https:\/\/www.biworldwide.com\/pt-br\/wp-json\/wp\/v2\/pages\/155\/revisions"}],"predecessor-version":[{"id":930,"href":"https:\/\/www.biworldwide.com\/pt-br\/wp-json\/wp\/v2\/pages\/155\/revisions\/930"}],"up":[{"embeddable":true,"href":"https:\/\/www.biworldwide.com\/pt-br\/wp-json\/wp\/v2\/pages\/104"}],"wp:attachment":[{"href":"https:\/\/www.biworldwide.com\/pt-br\/wp-json\/wp\/v2\/media?parent=155"}],"wp:term":[{"taxonomy":"wf_page_folders","embeddable":true,"href":"https:\/\/www.biworldwide.com\/pt-br\/wp-json\/wp\/v2\/wf_page_folders?post=155"}],"curies":[{"name":"wp","href":"https:\/\/api.w.org\/{rel}","templated":true}]}}