{"id":159,"date":"2025-01-14T16:25:11","date_gmt":"2025-01-14T16:25:11","guid":{"rendered":"https:\/\/live-biw-main.pantheonsite.io\/?page_id=159"},"modified":"2025-04-01T11:32:00","modified_gmt":"2025-04-01T17:32:00","slug":"manufatura","status":"publish","type":"page","link":"https:\/\/www.biworldwide.com\/pt-br\/quem-ajudamos\/manufatura\/","title":{"rendered":"Manufatura"},"content":{"rendered":"<div class=\" has-content-align-left has-overlay has-overlay--dark alignfull wp-block-biw-block-theme-hero\">\n\t<div class=\"biw-hero__grid\">\n\t\t\t\t\t<div class=\"biw-hero__breadcrumbs\">\n\t\t\t\t<div id=\"breadcrumbs\" class=\"breadcrumb-nav__wrapper\"><span class=\"breadcrumb-nav\"><span><a href=\"https:\/\/www.biworldwide.com\/pt-br\/\">Home<\/a><\/span><\/span><\/div>\t\t\t<\/div>\n\t\t\n\t\t\t\t\t<div class=\"biw-hero__media \">\n\t\t\t\t\t\t\t\t\t<div class=\"biw-hero__overlay overlay-dark\"><\/div>\n\t\t\t\t\t\t\t\t<img decoding=\"async\" src=\"http:\/\/live-biw-main.pantheonsite.io\/wp-content\/uploads\/2025\/02\/Manufacturing-warehouse-1728x600px.jpg\" alt=\"Top view of two warehouse workers wearing safety vests and helmets, moving boxes in an industrial setting. Brown boxes are stacked around them, with an orange translucent overlay on the left side of the image.\" class=\"biw-hero__bg-image\" style=\"object-position: 50% 50%;\">\t\t\t<\/div>\n\t\t\t\t<div class=\"biw-hero__content\">\n\t\t\t\t\t\t<h1 class=\"biw-hero__title\" style=\"line-height: 1.2\">\n\t\t\t\t<strong>Manufatura<\/strong>\t\t\t<\/h1>\n\t\t\t\t\t\t\t<h2 class=\"biw-hero__subtitle\">\n\t\t\t\t\t<br>Programas de incentivo, reconhecimento e fidelidade impactantes, feitos sob medida para a ind\u00fastria manufatureira.\t\t\t\t<\/h2>\n\t\t\t\t\t\t\t\t\t\t<div class=\"biw-hero__text\">\n\t\t\t\t\t\n\n<p>Programas de incentivo, reconhecimento e fidelidade impactantes, feitos sob medida para a ind\u00fastria manufatureira.<\/p>\n\n\t\t\t\t<\/div>\n\t\t\t\t\t\t\t\t<\/div>\n\t<\/div>\n<\/div>\n\n\n\n<div class=\"wp-block-group  layout-columns-8 has-global-padding is-layout-constrained wp-container-core-group-is-layout-fce79bf6 wp-block-group-is-layout-constrained\">\n<p class=\"has-xxl-font-size\"><strong>Nossa Expertise<\/strong><\/p>\n\n\n\n<ul class=\"wp-block-list\">\n<li class=\"has-large-font-size\"><strong>Programas de incentivo:<\/strong> Estruturas personalizadas que impulsionam a efici\u00eancia operacional e a produtividade na linha de produ\u00e7\u00e3o.<\/li>\n\n\n\n<li><strong>Programas de reconhecimento:<\/strong> Sistemas que celebram e recompensam conquistas dos funcion\u00e1rios, como anivers\u00e1rios de servi\u00e7o.<\/li>\n\n\n\n<li><strong>Programas de fidelidade:<\/strong> Constru\u00e7\u00e3o de lealdade a longo prazo por meio de recompensas significativas e personalizadas para sua equipe de manufatura.<\/li>\n\n\n\n<li class=\"has-large-font-size\"><strong>Economia comportamental:<\/strong> Aplica\u00e7\u00e3o de insights cient\u00edficos para desenvolver programas alinhados \u00e0s din\u00e2micas exclusivas do ambiente industrial.<\/li>\n<\/ul>\n\n\n\n<p class=\"has-xxl-font-size\"><strong>Por que escolher a gente?<\/strong><\/p>\n\n\n\n<ul class=\"wp-block-list\">\n<li class=\"has-large-font-size\"><strong>Foco na ind\u00fastria:<\/strong> Conhecimento profundo dos desafios e oportunidades do setor manufatureiro, desde a complexidade da cadeia de suprimentos at\u00e9 a gest\u00e3o de equipes.<\/li>\n\n\n\n<li class=\"has-large-font-size\"><strong>Estrat\u00e9gias comprovadas:<\/strong> M\u00e9todos baseados em evid\u00eancias para melhorar de forma mensur\u00e1vel o desempenho e o engajamento dos funcion\u00e1rios.<\/li>\n<\/ul>\n\n\n\n<p>Ao integrar esses programas estrat\u00e9gicos, ajudamos as empresas de manufatura a aumentar a motiva\u00e7\u00e3o, a produtividade e a lealdade da equipe, impulsionando a excel\u00eancia operacional.<\/p>\n<\/div>\n\n\n\n<p><\/p>\n\n\n\n<p><\/p>\n","protected":false},"excerpt":{"rendered":"<p>Nossa Expertise Por que escolher a gente? Ao integrar esses programas estrat\u00e9gicos, ajudamos as empresas de manufatura a aumentar a motiva\u00e7\u00e3o, a produtividade e a lealdade da equipe, impulsionando a excel\u00eancia operacional.<\/p>\n","protected":false},"author":11,"featured_media":0,"parent":104,"menu_order":0,"comment_status":"closed","ping_status":"closed","template":"","meta":{"featured_image_focal_point":{"x":0.5,"y":0.5},"footnotes":""},"wf_page_folders":[49],"class_list":["post-159","page","type-page","status-publish","hentry"],"yoast_head":"<!-- This site is optimized with the Yoast SEO plugin v26.2 - https:\/\/yoast.com\/wordpress\/plugins\/seo\/ -->\n<title>Manufatura - Brazil (Portuguese)<\/title>\n<meta name=\"robots\" content=\"index, follow, max-snippet:-1, max-image-preview:large, max-video-preview:-1\" \/>\n<link rel=\"canonical\" href=\"https:\/\/www.biworldwide.com\/pt-br\/quem-ajudamos\/manufatura\/\" \/>\n<meta property=\"og:locale\" content=\"pt_BR\" \/>\n<meta property=\"og:type\" content=\"article\" \/>\n<meta property=\"og:title\" content=\"Manufatura - Brazil (Portuguese)\" \/>\n<meta property=\"og:description\" content=\"Nossa Expertise Por que escolher a gente? Ao integrar esses programas estrat\u00e9gicos, ajudamos as empresas de manufatura a aumentar a motiva\u00e7\u00e3o, a produtividade e a lealdade da equipe, impulsionando a excel\u00eancia operacional.\" \/>\n<meta property=\"og:url\" content=\"https:\/\/www.biworldwide.com\/pt-br\/quem-ajudamos\/manufatura\/\" \/>\n<meta property=\"og:site_name\" content=\"Brazil (Portuguese)\" \/>\n<meta property=\"article:modified_time\" content=\"2025-04-01T17:32:00+00:00\" \/>\n<meta name=\"twitter:card\" content=\"summary_large_image\" \/>\n<meta name=\"twitter:label1\" content=\"Est. reading time\" \/>\n\t<meta name=\"twitter:data1\" content=\"1 minuto\" \/>\n<script type=\"application\/ld+json\" class=\"yoast-schema-graph\">{\"@context\":\"https:\/\/schema.org\",\"@graph\":[{\"@type\":\"WebPage\",\"@id\":\"https:\/\/www.biworldwide.com\/pt-br\/quem-ajudamos\/manufatura\/\",\"url\":\"https:\/\/www.biworldwide.com\/pt-br\/quem-ajudamos\/manufatura\/\",\"name\":\"Manufatura - Brazil (Portuguese)\",\"isPartOf\":{\"@id\":\"https:\/\/www.biworldwide.com\/pt-br\/#website\"},\"datePublished\":\"2025-01-14T16:25:11+00:00\",\"dateModified\":\"2025-04-01T17:32:00+00:00\",\"breadcrumb\":{\"@id\":\"https:\/\/www.biworldwide.com\/pt-br\/quem-ajudamos\/manufatura\/#breadcrumb\"},\"inLanguage\":\"pt-BR\",\"potentialAction\":[{\"@type\":\"ReadAction\",\"target\":[\"https:\/\/www.biworldwide.com\/pt-br\/quem-ajudamos\/manufatura\/\"]}]},{\"@type\":\"BreadcrumbList\",\"@id\":\"https:\/\/www.biworldwide.com\/pt-br\/quem-ajudamos\/manufatura\/#breadcrumb\",\"itemListElement\":[{\"@type\":\"ListItem\",\"position\":1,\"name\":\"Home\",\"item\":\"https:\/\/www.biworldwide.com\/pt-br\/\"},{\"@type\":\"ListItem\",\"position\":2,\"name\":\"Quem ajudamos\",\"item\":\"https:\/\/www.biworldwide.com\/pt-br\/quem-ajudamos\/\"},{\"@type\":\"ListItem\",\"position\":3,\"name\":\"Manufatura\"}]},{\"@type\":\"WebSite\",\"@id\":\"https:\/\/www.biworldwide.com\/pt-br\/#website\",\"url\":\"https:\/\/www.biworldwide.com\/pt-br\/\",\"name\":\"Brazil (Portuguese)\",\"description\":\"\",\"potentialAction\":[{\"@type\":\"SearchAction\",\"target\":{\"@type\":\"EntryPoint\",\"urlTemplate\":\"https:\/\/www.biworldwide.com\/pt-br\/?s={search_term_string}\"},\"query-input\":{\"@type\":\"PropertyValueSpecification\",\"valueRequired\":true,\"valueName\":\"search_term_string\"}}],\"inLanguage\":\"pt-BR\"}]}<\/script>\n<!-- \/ Yoast SEO plugin. -->","yoast_head_json":{"title":"Manufatura - Brazil (Portuguese)","robots":{"index":"index","follow":"follow","max-snippet":"max-snippet:-1","max-image-preview":"max-image-preview:large","max-video-preview":"max-video-preview:-1"},"canonical":"https:\/\/www.biworldwide.com\/pt-br\/quem-ajudamos\/manufatura\/","og_locale":"pt_BR","og_type":"article","og_title":"Manufatura - Brazil (Portuguese)","og_description":"Nossa Expertise Por que escolher a gente? Ao integrar esses programas estrat\u00e9gicos, ajudamos as empresas de manufatura a aumentar a motiva\u00e7\u00e3o, a produtividade e a lealdade da equipe, impulsionando a excel\u00eancia operacional.","og_url":"https:\/\/www.biworldwide.com\/pt-br\/quem-ajudamos\/manufatura\/","og_site_name":"Brazil (Portuguese)","article_modified_time":"2025-04-01T17:32:00+00:00","twitter_card":"summary_large_image","twitter_misc":{"Est. reading time":"1 minuto"},"schema":{"@context":"https:\/\/schema.org","@graph":[{"@type":"WebPage","@id":"https:\/\/www.biworldwide.com\/pt-br\/quem-ajudamos\/manufatura\/","url":"https:\/\/www.biworldwide.com\/pt-br\/quem-ajudamos\/manufatura\/","name":"Manufatura - Brazil (Portuguese)","isPartOf":{"@id":"https:\/\/www.biworldwide.com\/pt-br\/#website"},"datePublished":"2025-01-14T16:25:11+00:00","dateModified":"2025-04-01T17:32:00+00:00","breadcrumb":{"@id":"https:\/\/www.biworldwide.com\/pt-br\/quem-ajudamos\/manufatura\/#breadcrumb"},"inLanguage":"pt-BR","potentialAction":[{"@type":"ReadAction","target":["https:\/\/www.biworldwide.com\/pt-br\/quem-ajudamos\/manufatura\/"]}]},{"@type":"BreadcrumbList","@id":"https:\/\/www.biworldwide.com\/pt-br\/quem-ajudamos\/manufatura\/#breadcrumb","itemListElement":[{"@type":"ListItem","position":1,"name":"Home","item":"https:\/\/www.biworldwide.com\/pt-br\/"},{"@type":"ListItem","position":2,"name":"Quem ajudamos","item":"https:\/\/www.biworldwide.com\/pt-br\/quem-ajudamos\/"},{"@type":"ListItem","position":3,"name":"Manufatura"}]},{"@type":"WebSite","@id":"https:\/\/www.biworldwide.com\/pt-br\/#website","url":"https:\/\/www.biworldwide.com\/pt-br\/","name":"Brazil (Portuguese)","description":"","potentialAction":[{"@type":"SearchAction","target":{"@type":"EntryPoint","urlTemplate":"https:\/\/www.biworldwide.com\/pt-br\/?s={search_term_string}"},"query-input":{"@type":"PropertyValueSpecification","valueRequired":true,"valueName":"search_term_string"}}],"inLanguage":"pt-BR"}]}},"_links":{"self":[{"href":"https:\/\/www.biworldwide.com\/pt-br\/wp-json\/wp\/v2\/pages\/159","targetHints":{"allow":["GET"]}}],"collection":[{"href":"https:\/\/www.biworldwide.com\/pt-br\/wp-json\/wp\/v2\/pages"}],"about":[{"href":"https:\/\/www.biworldwide.com\/pt-br\/wp-json\/wp\/v2\/types\/page"}],"author":[{"embeddable":true,"href":"https:\/\/www.biworldwide.com\/pt-br\/wp-json\/wp\/v2\/users\/11"}],"replies":[{"embeddable":true,"href":"https:\/\/www.biworldwide.com\/pt-br\/wp-json\/wp\/v2\/comments?post=159"}],"version-history":[{"count":2,"href":"https:\/\/www.biworldwide.com\/pt-br\/wp-json\/wp\/v2\/pages\/159\/revisions"}],"predecessor-version":[{"id":851,"href":"https:\/\/www.biworldwide.com\/pt-br\/wp-json\/wp\/v2\/pages\/159\/revisions\/851"}],"up":[{"embeddable":true,"href":"https:\/\/www.biworldwide.com\/pt-br\/wp-json\/wp\/v2\/pages\/104"}],"wp:attachment":[{"href":"https:\/\/www.biworldwide.com\/pt-br\/wp-json\/wp\/v2\/media?parent=159"}],"wp:term":[{"taxonomy":"wf_page_folders","embeddable":true,"href":"https:\/\/www.biworldwide.com\/pt-br\/wp-json\/wp\/v2\/wf_page_folders?post=159"}],"curies":[{"name":"wp","href":"https:\/\/api.w.org\/{rel}","templated":true}]}}