{"id":161,"date":"2025-01-14T16:25:30","date_gmt":"2025-01-14T16:25:30","guid":{"rendered":"https:\/\/live-biw-main.pantheonsite.io\/?page_id=161"},"modified":"2025-04-01T11:32:06","modified_gmt":"2025-04-01T17:32:06","slug":"retail","status":"publish","type":"page","link":"https:\/\/www.biworldwide.com\/pt-br\/quem-ajudamos\/retail\/","title":{"rendered":"Retail"},"content":{"rendered":"<div class=\" has-content-align-left has-overlay has-overlay--dark alignfull wp-block-biw-block-theme-hero\">\n\t<div class=\"biw-hero__grid\">\n\t\t\t\t\t<div class=\"biw-hero__breadcrumbs\">\n\t\t\t\t<div id=\"breadcrumbs\" class=\"breadcrumb-nav__wrapper\"><span class=\"breadcrumb-nav\"><span><a href=\"https:\/\/www.biworldwide.com\/pt-br\/\">Home<\/a><\/span><\/span><\/div>\t\t\t<\/div>\n\t\t\n\t\t\t\t\t<div class=\"biw-hero__media \">\n\t\t\t\t\t\t\t\t\t<div class=\"biw-hero__overlay overlay-dark\"><\/div>\n\t\t\t\t\t\t\t\t<img decoding=\"async\" src=\"http:\/\/live-biw-main.pantheonsite.io\/wp-content\/uploads\/2025\/02\/Retail-1728x600px.jpg\" alt=\"A person is swiping a credit card through a payment terminal on a glossy surface. Another hand is visible, poised to receive the card. The background is blurred with a mix of white and purple areas.\" class=\"biw-hero__bg-image\" style=\"object-position: 50% 50%;\">\t\t\t<\/div>\n\t\t\t\t<div class=\"biw-hero__content\">\n\t\t\t\t\t\t<h1 class=\"biw-hero__title\" style=\"line-height: 1.2\">\n\t\t\t\tRetail\t\t\t<\/h1>\n\t\t\t\t\t\t\t<h2 class=\"biw-hero__subtitle\">\n\t\t\t\t\t<strong>Do f\u00edsico ao digital<\/strong>\t\t\t\t<\/h2>\n\t\t\t\t\t\t\t\t\t\t<div class=\"biw-hero__text\">\n\t\t\t\t\t\n\n<p>Somos especialistas em mudan\u00e7a de comportamento, com resultados comprovados, ajudando varejistas a expandir sua base de clientes omnichannel e a inspirar seus colaboradores em toda a organiza\u00e7\u00e3o.<\/p>\n\n\t\t\t\t<\/div>\n\t\t\t\t\t\t\t\t<\/div>\n\t<\/div>\n<\/div>\n\n\n\n<div class=\"wp-block-group alignfull  has-background-angle-to-right bg-angle-action  layout-columns-8 has-global-padding is-layout-constrained wp-container-core-group-is-layout-e142e3cd wp-block-group-is-layout-constrained\">\n<div class=\"wp-block-group  layout-columns-8 has-global-padding is-layout-constrained wp-container-core-group-is-layout-ee362a79 wp-block-group-is-layout-constrained\">\n<h2 class=\"wp-block-heading has-text-align-center  has-text-wrap-pretty\">Do primeiro dia a todos os dias.<\/h2>\n<\/div>\n\n\n\n<div class=\"wp-block-group has-global-padding is-layout-constrained wp-block-group-is-layout-constrained\">\n<div class=\"wp-block-group is-layout-grid wp-container-core-group-is-layout-c765d3c1 wp-block-group-is-layout-grid\"><div class=\" has-image-size-cover has-image-radius-none is-style-image-left wp-block-biw-block-theme-biw-card\">\n\t\t\t<figure class=\"biw-card__image-wrapper \">\n\t\t\t<img decoding=\"async\" src=\"http:\/\/live-biw-main.pantheonsite.io\/wp-content\/uploads\/2025\/03\/01-Brand-RetailConnect.svg\" alt=\"\" class=\"biw-card__image\" style=\"object-position: 50% 50%;\">\t\t<\/figure>\n\t\t<div class=\"biw-card__content\">\n\t\t<h3 class=\"biw-card__title\">\n\t\t\t\t\t\t\tRetail Connect\t\t\t\t\t<\/h3>\n\t\t<div class=\"biw-card__text\">\n\n<p>Aumente as vendas e a lealdade \u00e0 marca capacitando os associados de varejo a se tornarem vendedores confiantes e entusiasmados. Com o Retail Connect, as marcas podem \u201cvencer os \u00faltimos 4 p\u00e9s\u201d por meio de uma solu\u00e7\u00e3o envolvente e din\u00e2mica que combina trilhas de aprendizado personalizadas, gamifica\u00e7\u00e3o, comunica\u00e7\u00e3o eficiente e insights acion\u00e1veis. Impulsione KPIs essenciais do varejo e eleve o desempenho da sua marca no ponto de venda.<\/p>\n\n<\/div>\n\t<\/div>\n\t<\/div>\n\n<div class=\" has-image-size-cover has-image-radius-none is-style-image-left wp-block-biw-block-theme-biw-card\">\n\t\t\t<figure class=\"biw-card__image-wrapper \">\n\t\t\t<img decoding=\"async\" src=\"http:\/\/live-biw-main.pantheonsite.io\/wp-content\/uploads\/2025\/03\/02-Brand-Learning.svg\" alt=\"\" class=\"biw-card__image\" style=\"object-position: 50% 50%;\">\t\t<\/figure>\n\t\t<div class=\"biw-card__content\">\n\t\t<h3 class=\"biw-card__title\">\n\t\t\t\t\t\t\t<strong>Desenvolvimento e treinamento<\/strong>\t\t\t\t\t<\/h3>\n\t\t<div class=\"biw-card__text\">\n\n<p>De eventos de treinamento din\u00e2micos e curr\u00edculos personalizados a ambientes de aprendizado virtual escal\u00e1veis, criamos solu\u00e7\u00f5es imersivas que geram resultados reais. Ao integrar gamifica\u00e7\u00e3o, aumentamos o engajamento, tornando o aprendizado mais interativo e envolvente. Afinal, quando aprender \u00e9 divertido e recompensador, o desempenho melhora e o engajamento dispara.<\/p>\n\n<\/div>\n\t<\/div>\n\t<\/div>\n\n<div class=\" has-image-size-cover has-image-radius-none is-style-image-left wp-block-biw-block-theme-biw-card\">\n\t\t\t<figure class=\"biw-card__image-wrapper \">\n\t\t\t<img decoding=\"async\" src=\"http:\/\/live-biw-main.pantheonsite.io\/wp-content\/uploads\/2025\/03\/03-Brand-Onboarding.svg\" alt=\"\" class=\"biw-card__image\" style=\"object-position: 50% 50%;\">\t\t<\/figure>\n\t\t<div class=\"biw-card__content\">\n\t\t<h3 class=\"biw-card__title\">\n\t\t\t\t\t\t\t<strong>Integra\u00e7\u00e3o e Recrutamento<\/strong>\t\t\t\t\t<\/h3>\n\t\t<div class=\"biw-card__text\">\n\n<p>Seja para encontrar seu pr\u00f3ximo Chief Logistics Officer ou contratar para a alta temporada, ajudamos os departamentos de RH a recrutar, integrar e reter os melhores talentos.<\/p>\n\n<\/div>\n\t<\/div>\n\t<\/div>\n\n<div class=\" has-image-size-cover has-image-radius-none is-style-image-left wp-block-biw-block-theme-biw-card\">\n\t\t\t<figure class=\"biw-card__image-wrapper \">\n\t\t\t<img decoding=\"async\" src=\"http:\/\/live-biw-main.pantheonsite.io\/wp-content\/uploads\/2025\/03\/04-Brand-CustomerChannel.svg\" alt=\"\" class=\"biw-card__image\" style=\"object-position: 50% 50%;\">\t\t<\/figure>\n\t\t<div class=\"biw-card__content\">\n\t\t<h3 class=\"biw-card__title\">\n\t\t\t\t\t\t\t<strong>Fideliza\u00e7\u00e3o de Clientes e Canais<\/strong>\t\t\t\t\t<\/h3>\n\t\t<div class=\"biw-card__text\">\n\n<p>Fortale\u00e7a sua marca com programas e pr\u00eamios impactantes para parceiros de canal e clientes, criando conex\u00f5es duradouras e lealdade genu\u00edna.<\/p>\n\n<\/div>\n\t<\/div>\n\t<\/div>\n\n<div class=\" has-image-size-cover has-image-radius-none is-style-image-left wp-block-biw-block-theme-biw-card\">\n\t\t\t<figure class=\"biw-card__image-wrapper \">\n\t\t\t<img decoding=\"async\" src=\"http:\/\/live-biw-main.pantheonsite.io\/wp-content\/uploads\/2025\/03\/05-Brand-RetailSales.svg\" alt=\"\" class=\"biw-card__image\" style=\"object-position: 50% 50%;\">\t\t<\/figure>\n\t\t<div class=\"biw-card__content\">\n\t\t<h3 class=\"biw-card__title\">\n\t\t\t\t\t\t\t<strong>Vendas e Incentivos no Varejo<\/strong>\t\t\t\t\t<\/h3>\n\t\t<div class=\"biw-card__text\">\n\n<p>Projetamos programas de incentivo gamificados que impulsionam KPIs do varejo, fortalecem a fidelidade do cliente e motivam os associados de varejo.<\/p>\n\n<\/div>\n\t<\/div>\n\t<\/div>\n\n<div class=\" has-image-size-cover has-image-radius-none is-style-image-left wp-block-biw-block-theme-biw-card\">\n\t\t\t<figure class=\"biw-card__image-wrapper \">\n\t\t\t<img decoding=\"async\" src=\"http:\/\/live-biw-main.pantheonsite.io\/wp-content\/uploads\/2025\/03\/06-Brand-EmployeeReco.svg\" alt=\"\" class=\"biw-card__image\" style=\"object-position: 50% 50%;\">\t\t<\/figure>\n\t\t<div class=\"biw-card__content\">\n\t\t<h3 class=\"biw-card__title\">\n\t\t\t\t\t\t\t<strong>Reconhecimento de Funcion\u00e1rios<\/strong>\t\t\t\t\t<\/h3>\n\t\t<div class=\"biw-card__text\">\n\n<p>Programas poderosos de engajamento e recompensa que fazem seus funcion\u00e1rios amarem o que fazem \u2014 e a sua marca.<\/p>\n\n<\/div>\n\t<\/div>\n\t<\/div>\n\n<div class=\" has-image-size-cover has-image-radius-none is-style-image-left wp-block-biw-block-theme-biw-card\">\n\t\t\t<figure class=\"biw-card__image-wrapper \">\n\t\t\t<img decoding=\"async\" src=\"http:\/\/live-biw-main.pantheonsite.io\/wp-content\/uploads\/2025\/03\/07-Brand-InStore-Activations.svg\" alt=\"\" class=\"biw-card__image\" style=\"object-position: 50% 50%;\">\t\t<\/figure>\n\t\t<div class=\"biw-card__content\">\n\t\t<h3 class=\"biw-card__title\">\n\t\t\t\t\t\t\t<strong>Ativa\u00e7\u00f5es e Experi\u00eancias In-Store<\/strong>\t\t\t\t\t<\/h3>\n\t\t<div class=\"biw-card__text\">\n\n<p>Crie momentos de marca memor\u00e1veis que captam a aten\u00e7\u00e3o e diferenciam voc\u00ea da concorr\u00eancia. Combinamos engajamento no local, captura de conte\u00fado e amplifica\u00e7\u00e3o digital para transformar cada intera\u00e7\u00e3o em uma experi\u00eancia poderosa.<\/p>\n\n<\/div>\n\t<\/div>\n\t<\/div><\/div>\n<\/div>\n<span class='background-angle-wrapper'><svg fill='none' viewBox='0 0 1728 699' xmlns='http:\/\/www.w3.org\/2000\/svg'><path d='M1728 0H0V294.923L1728 698.43V0Z' fill='url(#69dbfe0a14bae)'\/><defs><linearGradient id='69dbfe0a14bae' x1='1738.8' x2='1701' y1='717.27' y2='15.023' gradientUnits='userSpaceOnUse'><stop stop-color='#6D28D9' stop-opacity='.3' offset='0'\/><stop stop-color='#6D28D9' stop-opacity='0' offset='1'\/><\/linearGradient><\/defs><\/svg><\/span><\/div>\n\n\n<div class=\"wp-block-group  layout-columns-8 has-global-padding is-layout-constrained wp-container-core-group-is-layout-fce79bf6 wp-block-group-is-layout-constrained\">\n<p class=\"has-large-font-size\">O varejo pode ser um cen\u00e1rio complexo, com m\u00faltiplos p\u00fablicos \u2013 alguns cativos, outros n\u00e3o. Na BIW, temos a expertise para engajar e expandir todos os segmentos do seu neg\u00f3cio.<\/p>\n\n\n\n<p>Somos especialistas em mudan\u00e7a de comportamento e aplicamos estrat\u00e9gias personalizadas para superar seus KPIs em toda a sua estrat\u00e9gia omnichannel. Nosso foco \u00e9 engajar, integrar, educar, inspirar, reconhecer e motivar seu p\u00fablico mais importante, tornando desafios complexos em solu\u00e7\u00f5es simples.<\/p>\n\n\n\n<p class=\"has-large-font-size\">De moda e eletr\u00f4nicos a artigos para o lar, beleza, esportes e muito mais, nossos clientes confiam em n\u00f3s para ideias inovadoras e execu\u00e7\u00e3o impec\u00e1vel, sempre.<\/p>\n<\/div>\n\n\n\n<figure class=\"wp-block-embed is-type-video is-provider-vimeo wp-block-embed-vimeo wp-embed-aspect-16-9 wp-has-aspect-ratio\"><div class=\"wp-block-embed__wrapper\">\n<iframe loading=\"lazy\" title=\"Sales Incentives | BI WORLDWIDE\" src=\"https:\/\/player.vimeo.com\/video\/452242721?dnt=1&amp;app_id=122963\" width=\"500\" height=\"281\" frameborder=\"0\" allow=\"autoplay; fullscreen; picture-in-picture; clipboard-write; encrypted-media\"><\/iframe>\n<\/div><\/figure>\n\n\n\n<div class=\"wp-block-group alignfull has-global-padding is-layout-constrained wp-container-core-group-is-layout-e04489b5 wp-block-group-is-layout-constrained\">\n<div class=\"wp-block-group  layout-columns-8 has-global-padding is-layout-constrained wp-container-core-group-is-layout-fce79bf6 wp-block-group-is-layout-constrained\">\n<h2 class=\"wp-block-heading has-text-align-center\">As M\u00e9tricas Contam uma Hist\u00f3ria<\/h2>\n<\/div>\n\n\n\n<div class=\"wp-block-group  layout-columns-10 has-global-padding is-layout-constrained wp-container-core-group-is-layout-0b5f5b40 wp-block-group-is-layout-constrained\">\n<div class=\"wp-block-group has-text-align-center is-layout-grid wp-container-core-group-is-layout-ef442fb0 wp-block-group-is-layout-grid\">\n<div class=\"wp-block-group is-vertical is-content-justification-center is-layout-flex wp-container-core-group-is-layout-81423f52 wp-block-group-is-layout-flex\">\n<h3 class=\"wp-block-heading has-impact-font-size  has-text-wrap-no-wrap  has-gradient-fill has-gradient-fill-purple\">90%<\/h3>\n\n\n\n<p class=\"has-text-align-center has-large-font-size  has-text-wrap-balance\">Aumento m\u00e9dio nas unidades vendidas para usu\u00e1rios altamente engajados<\/p>\n<\/div>\n\n\n\n<div class=\"wp-block-group is-vertical is-content-justification-center is-layout-flex wp-container-core-group-is-layout-81423f52 wp-block-group-is-layout-flex\">\n<h3 class=\"wp-block-heading has-impact-font-size  has-text-wrap-no-wrap  has-gradient-fill has-gradient-fill-purple\">75%<\/h3>\n\n\n\n<p class=\"has-text-align-center has-large-font-size  has-text-wrap-balance\">Crescimento nas solicita\u00e7\u00f5es de cart\u00f5es de cr\u00e9dito ano ap\u00f3s ano<\/p>\n<\/div>\n\n\n\n<div class=\"wp-block-group is-vertical is-content-justification-center is-layout-flex wp-container-core-group-is-layout-81423f52 wp-block-group-is-layout-flex\">\n<h3 class=\"wp-block-heading has-impact-font-size  has-text-wrap-no-wrap  has-gradient-fill has-gradient-fill-purple\">50%<\/h3>\n\n\n\n<p class=\"has-text-align-center has-large-font-size  has-text-wrap-balance\">Redu\u00e7\u00e3o na rotatividade de associados com mais de 1 ano de servi\u00e7o<\/p>\n<\/div>\n<\/div>\n<\/div>\n<\/div>\n\n\n\n<p><\/p>\n","protected":false},"excerpt":{"rendered":"<p>Do primeiro dia a todos os dias. O varejo pode ser um cen\u00e1rio complexo, com m\u00faltiplos p\u00fablicos \u2013 alguns cativos, outros n\u00e3o. Na BIW, temos a expertise para engajar e expandir todos os segmentos do seu neg\u00f3cio. Somos especialistas em mudan\u00e7a de comportamento e aplicamos estrat\u00e9gias personalizadas para superar seus KPIs em toda a sua [&hellip;]<\/p>\n","protected":false},"author":11,"featured_media":0,"parent":104,"menu_order":0,"comment_status":"closed","ping_status":"closed","template":"","meta":{"featured_image_focal_point":{"x":0.5,"y":0.5},"footnotes":""},"wf_page_folders":[49],"class_list":["post-161","page","type-page","status-publish","hentry"],"yoast_head":"<!-- This site is optimized with the Yoast SEO plugin v26.2 - https:\/\/yoast.com\/wordpress\/plugins\/seo\/ -->\n<title>Retail - Brazil (Portuguese)<\/title>\n<meta name=\"robots\" content=\"index, follow, max-snippet:-1, max-image-preview:large, max-video-preview:-1\" \/>\n<link rel=\"canonical\" href=\"https:\/\/www.biworldwide.com\/pt-br\/quem-ajudamos\/retail\/\" \/>\n<meta property=\"og:locale\" content=\"pt_BR\" \/>\n<meta property=\"og:type\" content=\"article\" \/>\n<meta property=\"og:title\" content=\"Retail - Brazil (Portuguese)\" \/>\n<meta property=\"og:description\" content=\"Do primeiro dia a todos os dias. O varejo pode ser um cen\u00e1rio complexo, com m\u00faltiplos p\u00fablicos \u2013 alguns cativos, outros n\u00e3o. Na BIW, temos a expertise para engajar e expandir todos os segmentos do seu neg\u00f3cio. Somos especialistas em mudan\u00e7a de comportamento e aplicamos estrat\u00e9gias personalizadas para superar seus KPIs em toda a sua [&hellip;]\" \/>\n<meta property=\"og:url\" content=\"https:\/\/www.biworldwide.com\/pt-br\/quem-ajudamos\/retail\/\" \/>\n<meta property=\"og:site_name\" content=\"Brazil (Portuguese)\" \/>\n<meta property=\"article:modified_time\" content=\"2025-04-01T17:32:06+00:00\" \/>\n<meta name=\"twitter:card\" content=\"summary_large_image\" \/>\n<meta name=\"twitter:label1\" content=\"Est. reading time\" \/>\n\t<meta name=\"twitter:data1\" content=\"2 minutos\" \/>\n<script type=\"application\/ld+json\" class=\"yoast-schema-graph\">{\"@context\":\"https:\/\/schema.org\",\"@graph\":[{\"@type\":\"WebPage\",\"@id\":\"https:\/\/www.biworldwide.com\/pt-br\/quem-ajudamos\/retail\/\",\"url\":\"https:\/\/www.biworldwide.com\/pt-br\/quem-ajudamos\/retail\/\",\"name\":\"Retail - Brazil (Portuguese)\",\"isPartOf\":{\"@id\":\"https:\/\/www.biworldwide.com\/pt-br\/#website\"},\"datePublished\":\"2025-01-14T16:25:30+00:00\",\"dateModified\":\"2025-04-01T17:32:06+00:00\",\"breadcrumb\":{\"@id\":\"https:\/\/www.biworldwide.com\/pt-br\/quem-ajudamos\/retail\/#breadcrumb\"},\"inLanguage\":\"pt-BR\",\"potentialAction\":[{\"@type\":\"ReadAction\",\"target\":[\"https:\/\/www.biworldwide.com\/pt-br\/quem-ajudamos\/retail\/\"]}]},{\"@type\":\"BreadcrumbList\",\"@id\":\"https:\/\/www.biworldwide.com\/pt-br\/quem-ajudamos\/retail\/#breadcrumb\",\"itemListElement\":[{\"@type\":\"ListItem\",\"position\":1,\"name\":\"Home\",\"item\":\"https:\/\/www.biworldwide.com\/pt-br\/\"},{\"@type\":\"ListItem\",\"position\":2,\"name\":\"Quem ajudamos\",\"item\":\"https:\/\/www.biworldwide.com\/pt-br\/quem-ajudamos\/\"},{\"@type\":\"ListItem\",\"position\":3,\"name\":\"Retail\"}]},{\"@type\":\"WebSite\",\"@id\":\"https:\/\/www.biworldwide.com\/pt-br\/#website\",\"url\":\"https:\/\/www.biworldwide.com\/pt-br\/\",\"name\":\"Brazil (Portuguese)\",\"description\":\"\",\"potentialAction\":[{\"@type\":\"SearchAction\",\"target\":{\"@type\":\"EntryPoint\",\"urlTemplate\":\"https:\/\/www.biworldwide.com\/pt-br\/?s={search_term_string}\"},\"query-input\":{\"@type\":\"PropertyValueSpecification\",\"valueRequired\":true,\"valueName\":\"search_term_string\"}}],\"inLanguage\":\"pt-BR\"}]}<\/script>\n<!-- \/ Yoast SEO plugin. -->","yoast_head_json":{"title":"Retail - Brazil (Portuguese)","robots":{"index":"index","follow":"follow","max-snippet":"max-snippet:-1","max-image-preview":"max-image-preview:large","max-video-preview":"max-video-preview:-1"},"canonical":"https:\/\/www.biworldwide.com\/pt-br\/quem-ajudamos\/retail\/","og_locale":"pt_BR","og_type":"article","og_title":"Retail - Brazil (Portuguese)","og_description":"Do primeiro dia a todos os dias. O varejo pode ser um cen\u00e1rio complexo, com m\u00faltiplos p\u00fablicos \u2013 alguns cativos, outros n\u00e3o. Na BIW, temos a expertise para engajar e expandir todos os segmentos do seu neg\u00f3cio. Somos especialistas em mudan\u00e7a de comportamento e aplicamos estrat\u00e9gias personalizadas para superar seus KPIs em toda a sua [&hellip;]","og_url":"https:\/\/www.biworldwide.com\/pt-br\/quem-ajudamos\/retail\/","og_site_name":"Brazil (Portuguese)","article_modified_time":"2025-04-01T17:32:06+00:00","twitter_card":"summary_large_image","twitter_misc":{"Est. reading time":"2 minutos"},"schema":{"@context":"https:\/\/schema.org","@graph":[{"@type":"WebPage","@id":"https:\/\/www.biworldwide.com\/pt-br\/quem-ajudamos\/retail\/","url":"https:\/\/www.biworldwide.com\/pt-br\/quem-ajudamos\/retail\/","name":"Retail - Brazil (Portuguese)","isPartOf":{"@id":"https:\/\/www.biworldwide.com\/pt-br\/#website"},"datePublished":"2025-01-14T16:25:30+00:00","dateModified":"2025-04-01T17:32:06+00:00","breadcrumb":{"@id":"https:\/\/www.biworldwide.com\/pt-br\/quem-ajudamos\/retail\/#breadcrumb"},"inLanguage":"pt-BR","potentialAction":[{"@type":"ReadAction","target":["https:\/\/www.biworldwide.com\/pt-br\/quem-ajudamos\/retail\/"]}]},{"@type":"BreadcrumbList","@id":"https:\/\/www.biworldwide.com\/pt-br\/quem-ajudamos\/retail\/#breadcrumb","itemListElement":[{"@type":"ListItem","position":1,"name":"Home","item":"https:\/\/www.biworldwide.com\/pt-br\/"},{"@type":"ListItem","position":2,"name":"Quem ajudamos","item":"https:\/\/www.biworldwide.com\/pt-br\/quem-ajudamos\/"},{"@type":"ListItem","position":3,"name":"Retail"}]},{"@type":"WebSite","@id":"https:\/\/www.biworldwide.com\/pt-br\/#website","url":"https:\/\/www.biworldwide.com\/pt-br\/","name":"Brazil (Portuguese)","description":"","potentialAction":[{"@type":"SearchAction","target":{"@type":"EntryPoint","urlTemplate":"https:\/\/www.biworldwide.com\/pt-br\/?s={search_term_string}"},"query-input":{"@type":"PropertyValueSpecification","valueRequired":true,"valueName":"search_term_string"}}],"inLanguage":"pt-BR"}]}},"_links":{"self":[{"href":"https:\/\/www.biworldwide.com\/pt-br\/wp-json\/wp\/v2\/pages\/161","targetHints":{"allow":["GET"]}}],"collection":[{"href":"https:\/\/www.biworldwide.com\/pt-br\/wp-json\/wp\/v2\/pages"}],"about":[{"href":"https:\/\/www.biworldwide.com\/pt-br\/wp-json\/wp\/v2\/types\/page"}],"author":[{"embeddable":true,"href":"https:\/\/www.biworldwide.com\/pt-br\/wp-json\/wp\/v2\/users\/11"}],"replies":[{"embeddable":true,"href":"https:\/\/www.biworldwide.com\/pt-br\/wp-json\/wp\/v2\/comments?post=161"}],"version-history":[{"count":4,"href":"https:\/\/www.biworldwide.com\/pt-br\/wp-json\/wp\/v2\/pages\/161\/revisions"}],"predecessor-version":[{"id":921,"href":"https:\/\/www.biworldwide.com\/pt-br\/wp-json\/wp\/v2\/pages\/161\/revisions\/921"}],"up":[{"embeddable":true,"href":"https:\/\/www.biworldwide.com\/pt-br\/wp-json\/wp\/v2\/pages\/104"}],"wp:attachment":[{"href":"https:\/\/www.biworldwide.com\/pt-br\/wp-json\/wp\/v2\/media?parent=161"}],"wp:term":[{"taxonomy":"wf_page_folders","embeddable":true,"href":"https:\/\/www.biworldwide.com\/pt-br\/wp-json\/wp\/v2\/wf_page_folders?post=161"}],"curies":[{"name":"wp","href":"https:\/\/api.w.org\/{rel}","templated":true}]}}