{"id":165,"date":"2025-01-14T16:26:02","date_gmt":"2025-01-14T16:26:02","guid":{"rendered":"https:\/\/live-biw-main.pantheonsite.io\/?page_id=165"},"modified":"2025-03-31T18:30:10","modified_gmt":"2025-04-01T00:30:10","slug":"sobre-nos","status":"publish","type":"page","link":"https:\/\/www.biworldwide.com\/pt-br\/sobre-nos\/","title":{"rendered":"Sobre n\u00f3s"},"content":{"rendered":"<div class=\" has-content-align-left has-overlay has-overlay--dark alignfull wp-block-biw-block-theme-hero\">\n\t<div class=\"biw-hero__grid\">\n\t\t\n\t\t\t\t\t<div class=\"biw-hero__media \">\n\t\t\t\t\t\t\t\t\t<div class=\"biw-hero__overlay overlay-dark\"><\/div>\n\t\t\t\t\t\t\t\t<img decoding=\"async\" src=\"http:\/\/live-biw-main.pantheonsite.io\/wp-content\/uploads\/2025\/03\/AboutUs-2-1728x600px.jpg\" alt=\"Digital artwork of two hands shaking, composed of colorful, pixelated patterns. The background features various technology-related icons like emails, messages, and gears, symbolizing a connection or partnership in a tech context.\" class=\"biw-hero__bg-image\" style=\"object-position: 60% 15%;\">\t\t\t<\/div>\n\t\t\t\t<div class=\"biw-hero__content\">\n\t\t\t\t\t\t<h1 class=\"biw-hero__title\" style=\"line-height: 1.2\">\n\t\t\t\t<strong>Sobre N\u00f3s<\/strong>\t\t\t<\/h1>\n\t\t\t\t\t\t\t\t\t\t<div class=\"biw-hero__text\">\n\t\t\t\t\t\n\n<p>Nossa miss\u00e3o \u00e9 transformar inspira\u00e7\u00e3o em resultados reais para nossos clientes. Sabemos como atrair, engajar e reter colaboradores, gerenciar concursos e programas de incentivo para vendas, construir estrat\u00e9gias din\u00e2micas de fideliza\u00e7\u00e3o de clientes e criar eventos corporativos impactantes como ningu\u00e9m.<\/p>\n\n\t\t\t\t<\/div>\n\t\t\t\t\t\t\t\t<\/div>\n\t<\/div>\n<\/div>\n\n\n\n<div class=\"wp-block-group  layout-columns-8 has-global-padding is-layout-constrained wp-container-core-group-is-layout-fce79bf6 wp-block-group-is-layout-constrained\">\n<p>Trabalhamos com empresas de todo o mundo que entendem que resultados extraordin\u00e1rios s\u00f3 s\u00e3o poss\u00edveis quando seus neg\u00f3cios s\u00e3o impulsionados pelas pessoas que os tornam realidade. Colaboradores inspirados resolvem problemas e geram valor. Vendedores motivados assumem riscos e aproveitam oportunidades. E parceiros e clientes fi\u00e9is \u00e0 sua marca impulsionam seu crescimento.<\/p>\n\n\n\n<p><strong><strong>Como conseguimos inspirar pessoas e gerar resultados efetivos?<\/strong><\/strong><\/p>\n\n\n\n<p>A experi\u00eancia \u00e9 essencial, mas tamb\u00e9m o nosso enfoque \u00fanico na cria\u00e7\u00e3o de solu\u00e7\u00f5es. Projetamos e entregamos programas personalizados para colaboradores, vendas, canais e clientes com base na ci\u00eancia da economia comportamental. Em outras palavras, analisamos como o pensamento e a emo\u00e7\u00e3o influenciam a tomada de decis\u00e3o. N\u00e3o adivinhamos o que pode motivar seus colaboradores ou clientes; utilizamos pesquisas cient\u00edficas e dados para identificar o que realmente os inspirar\u00e1 a gerar resultados mensur\u00e1veis. E, a partir disso, agimos.<\/p>\n\n\n\n<p><strong>Somos uma ag\u00eancia de servi\u00e7o completo, o que significa que desenvolvemos solu\u00e7\u00f5es integradas.<\/strong><\/p>\n\n\n\n<p>Precisa de um sistema de reconhecimento para todos os seus colaboradores e uma forma de recompensar seus melhores vendedores? Podemos fazer isso. Precisa lan\u00e7ar um novo produto na sua confer\u00eancia anual de distribuidores e oferecer treinamento para seus colaboradores corporativos? Tamb\u00e9m podemos.<\/p>\n\n\n\n<p>Nosso foco \u00e9 formar uma parceria com voc\u00ea para entender os desafios que enfrenta e ajud\u00e1-lo a alcan\u00e7ar resultados excepcionais em receita e rentabilidade.<\/p>\n\n\n\n<p class=\"has-xl-font-size\"><strong><strong>Uma Empresa Global<\/strong><\/strong><\/p>\n\n\n\n<p>Nossa sede nos Estados Unidos fica em Minneapolis, Minnesota. Contamos com mais de 25 escrit\u00f3rios de vendas no pa\u00eds e sedes internacionais na Austr\u00e1lia, Brasil, Canad\u00e1, China, \u00cdndia, Am\u00e9rica Latina, Singapura e Reino Unido. Nossa rede global de escrit\u00f3rios e parcerias nos permite oferecer recursos locais incompar\u00e1veis e desenvolver programas culturalmente relevantes para clientes e p\u00fablicos em qualquer lugar do mundo.<\/p>\n<\/div>\n\n\n\n<div class=\"wp-block-group has-text-align-center  has-gradient-fill has-gradient-fill-orange has-global-padding is-layout-constrained wp-container-core-group-is-layout-daca1d94 wp-block-group-is-layout-constrained\">\n<div class=\"wp-block-group has-global-padding is-layout-constrained wp-container-core-group-is-layout-fce79bf6 wp-block-group-is-layout-constrained\">\n<h2 class=\"wp-block-heading has-text-align-center\"><strong>Sabemos o que \u00e9 necess\u00e1rio para motivar<\/strong><\/h2>\n<\/div>\n\n\n\n<div data-animate=\"true\" data-animation-direction=\"up\" data-child-animation=\"stagger\" class=\"wp-block-group  has-small-screens-alignment-center has-tablet-screens-alignment-center  has-gradient-fill has-gradient-fill-purple  has-responsive-items-per-row has-desktop-5-per-row has-laptop-3-per-row has-tablet-2-per-row has-mobile-1-per-row has-block-gap-60 is-content-justification-center is-layout-flex wp-container-core-group-is-layout-a1ae687d wp-block-group-is-layout-flex\"><div style=\"--aspectRatio: 16\/9;\" class=\" has-dynamic-border-radius biw-card__media-type-image has-image-size-contain wp-block-biw-block-theme-biw-media-card has-text-align-center\">\n\t\t\t<figure class=\"biw-card__media-wrapper\" data-alignment=\"center center\">\n\t\t\t<img decoding=\"async\" src=\"http:\/\/live-biw-main.pantheonsite.io\/wp-content\/uploads\/2025\/02\/About-Us-Icons_Local-Teams.svg\" alt=\"\" class=\"biw-card__image\" style=\"\">\t\t<\/figure>\n\t\t<div class=\"biw-card__content\">\n\t\t<h2 class=\"biw-card__title\">\n\t\t\t\t\t\t\t<strong><strong>Equipes Locais em Todo o Mundo<\/strong><\/strong>\t\t\t\t\t<\/h2>\n\t\t\t\t\t<div class=\"biw-card__text\"><p>Apoiar os stakeholders dos programas globalmente \u00e9 essencial para o sucesso. Por isso, temos mais de 1.500 colaboradores em escrit\u00f3rios estrategicamente localizados ao redor do mundo. Para n\u00f3s, \u00e9 fundamental ter equipes onde os clientes t\u00eam participantes. Nossas equipes locais trabalham diretamente com os times dos clientes em cada regi\u00e3o para garantir que os programas globais sejam eficazes tanto em escala global quanto local.<br><\/p><\/div>\n\t\t\t<\/div>\n\t<\/div>\n\n<div style=\"--aspectRatio: 16\/9;\" class=\" has-dynamic-border-radius biw-card__media-type-image has-image-size-contain wp-block-biw-block-theme-biw-media-card has-text-align-center\">\n\t\t\t<figure class=\"biw-card__media-wrapper\" data-alignment=\"center center\">\n\t\t\t<img decoding=\"async\" src=\"http:\/\/live-biw-main.pantheonsite.io\/wp-content\/uploads\/2025\/02\/About-Us-Icons_Rewards-Marketplaces.svg\" alt=\"\" class=\"biw-card__image\" style=\"\">\t\t<\/figure>\n\t\t<div class=\"biw-card__content\">\n\t\t<h2 class=\"biw-card__title\">\n\t\t\t\t\t\t\t<strong>Marketplaces de Recompensas<\/strong>\t\t\t\t\t<\/h2>\n\t\t\t\t\t<div class=\"biw-card__text\"><p>Se voc\u00ea deseja chamar a aten\u00e7\u00e3o de um p\u00fablico global, \u00e9 essencial oferecer uma variedade de recompensas. Por isso, nossos Marketplaces de Produtos e Experi\u00eancias oferecem a maior sele\u00e7\u00e3o de recompensas da ind\u00fastria. De produtos e cart\u00f5es-presente a experi\u00eancias e viagens, temos tudo \u2014 e ainda gerenciamos o envio localmente para participantes no mundo inteiro.<br><\/p><\/div>\n\t\t\t<\/div>\n\t<\/div>\n\n<div style=\"--aspectRatio: 16\/9;\" class=\"has-dynamic-border-radius biw-card__media-type-image has-image-size-contain wp-block-biw-block-theme-biw-media-card has-text-align-center wp-container-content-8d1725e3\">\n\t\t\t<figure class=\"biw-card__media-wrapper\" data-alignment=\"center center\">\n\t\t\t<img decoding=\"async\" src=\"http:\/\/live-biw-main.pantheonsite.io\/wp-content\/uploads\/2025\/02\/About-Us-Icons_Local-Insourced-Customer-Service.svg\" alt=\"\" class=\"biw-card__image\" style=\"\">\t\t<\/figure>\n\t\t<div class=\"biw-card__content\">\n\t\t<h2 class=\"biw-card__title\">\n\t\t\t\t\t\t\t<strong>Atendimento ao Cliente Local e Gerenciado Internamente<\/strong>\t\t\t\t\t<\/h2>\n\t\t\t\t\t<div class=\"biw-card__text\"><p>Sabemos que a experi\u00eancia do participante reflete a qualidade dos programas dos nossos clientes. Por isso, contamos com Especialistas de Suporte ao Participante (colaboradores da BIW) ao redor do mundo. Eles oferecem atendimento ao cliente em idiomas locais e em hor\u00e1rios adaptados a cada regi\u00e3o, garantindo uma experi\u00eancia fluida e satisfat\u00f3ria.<br><\/p><\/div>\n\t\t\t<\/div>\n\t<\/div>\n\n<div style=\"--aspectRatio: 16\/9;\" class=\" has-dynamic-border-radius biw-card__media-type-image has-image-size-contain wp-block-biw-block-theme-biw-media-card has-text-align-center\">\n\t\t\t<figure class=\"biw-card__media-wrapper\" data-alignment=\"center center\">\n\t\t\t<img decoding=\"async\" src=\"http:\/\/live-biw-main.pantheonsite.io\/wp-content\/uploads\/2025\/02\/About-Us-Icons_Global-Employee-Recognition.svg\" alt=\"\" class=\"biw-card__image\" style=\"\">\t\t<\/figure>\n\t\t<div class=\"biw-card__content\">\n\t\t<h2 class=\"biw-card__title\">\n\t\t\t\t\t\t\t<strong>Reconhecimento Global de Colaboradores<\/strong>\t\t\t\t\t<\/h2>\n\t\t\t\t\t<div class=\"biw-card__text\"><p>Colaboradores devem se sentir inspirados e valorizados independentemente de onde estejam. Por isso, todos os nossos programas globais s\u00e3o personalizados, incorporando elementos locais no design do programa, na tecnologia, nas premia\u00e7\u00f5es e no suporte. Garantimos que cada programa global inclua aspectos culturalmente relevantes para motivar e engajar os colaboradores com sua empresa.<br><\/p><\/div>\n\t\t\t<\/div>\n\t<\/div>\n\n<div style=\"--aspectRatio: 16\/9;\" class=\" has-dynamic-border-radius biw-card__media-type-image has-image-size-contain wp-block-biw-block-theme-biw-media-card has-text-align-center\">\n\t\t\t<figure class=\"biw-card__media-wrapper\" data-alignment=\"center center\">\n\t\t\t<img decoding=\"async\" src=\"http:\/\/live-biw-main.pantheonsite.io\/wp-content\/uploads\/2025\/02\/About-Us-Icons_Global-Sales.svg\" alt=\"\" class=\"biw-card__image\" style=\"\">\t\t<\/figure>\n\t\t<div class=\"biw-card__content\">\n\t\t<h2 class=\"biw-card__title\">\n\t\t\t\t\t\t\t<strong>Incentivos Globais para Vendas e Canais<\/strong>\t\t\t\t\t<\/h2>\n\t\t\t\t\t<div class=\"biw-card__text\"><p>Seja para motivar uma equipe de vendas em um \u00fanico pa\u00eds ou em cem, \u00e9 fundamental que o design do programa de incentivos e das recompensas seja relevante localmente para atingir seus objetivos de neg\u00f3cio. Por isso, contamos com Especialistas em Vendas e Canais ao redor do mundo, prontos para ajudar nossos clientes a criar e implementar programas de incentivo eficazes e comprovados em cada regi\u00e3o.<\/p><\/div>\n\t\t\t<\/div>\n\t<\/div><\/div>\n<\/div>\n\n\n\n<div class=\"wp-block-group alignfull has-global-padding is-layout-constrained wp-container-core-group-is-layout-97ab3c77 wp-block-group-is-layout-constrained\">\n<div class=\"wp-block-group has-text-align-center  layout-columns-8 has-global-padding is-layout-constrained wp-container-core-group-is-layout-ee362a79 wp-block-group-is-layout-constrained\">\n<h2 class=\"wp-block-heading has-text-align-center  has-text-wrap-pretty\"><strong>Conhe\u00e7a mais sobre n\u00f3s<\/strong><\/h2>\n\n\n\n<p class=\" has-text-wrap-balance\"><\/p>\n<\/div>\n\n\n\n<div class=\"wp-block-group  layout-columns-12 has-global-padding is-layout-constrained wp-container-core-group-is-layout-9e09659d wp-block-group-is-layout-constrained\">\n<div class=\"wp-block-group is-layout-grid wp-container-core-group-is-layout-c765d3c1 wp-block-group-is-layout-grid\"><div class=\" has-dynamic-border-radius has-link has-image-size-cover has-image-radius-none is-style-default wp-block-biw-block-theme-biw-card\">\n\t\t\t<figure class=\"biw-card__image-wrapper \">\n\t\t\t<img decoding=\"async\" src=\"http:\/\/live-biw-main.pantheonsite.io\/wp-content\/uploads\/2025\/03\/partner-feature-shrunk.png\" alt=\"A group of diverse people place their hands together in a stack, symbolizing teamwork and unity. The background is a soft, blurred gray, emphasizing the focus on the hands.\" class=\"biw-card__image\" style=\"object-position: 50% 50%;\">\t\t<\/figure>\n\t\t<div class=\"biw-card__content\">\n\t\t<h3 class=\"biw-card__title\">\n\t\t\t\t\t\t\t<a href=\"https:\/\/www.biworldwide.com\/pt-br\/partners\/\" >\n\t\t\t\t<strong>Parceiros<\/strong>\t\t\t\t<\/a>\n\t\t\t\t\t<\/h3>\n\t\t<div class=\"biw-card__text\">\n\n<p>Nossas parcerias nos permitem apresentar as melhores ideias e solu\u00e7\u00f5es mais s\u00f3lidas para resolver seus desafios. Estabelecemos rela\u00e7\u00f5es estrat\u00e9gicas para garantir que voc\u00ea tenha acesso \u00e0s pesquisas mais atuais, que impulsionam a tomada de decis\u00f5es e o desenvolvimento de programas. Al\u00e9m disso, nossos parceiros tecnol\u00f3gicos asseguram integra\u00e7\u00f5es perfeitas que geram resultados aprimorados.<\/p>\n\n<\/div>\n\t<\/div>\n\t\t\t<span class=\"biw-card__cta\">Saiba mais<\/span>\n\t<\/div>\n\n<div class=\" has-dynamic-border-radius has-link has-image-size-cover has-image-radius-none is-style-default wp-block-biw-block-theme-biw-card\">\n\t\t\t<figure class=\"biw-card__image-wrapper \">\n\t\t\t<img decoding=\"async\" src=\"http:\/\/live-biw-main.pantheonsite.io\/wp-content\/uploads\/2025\/02\/HowWeHelp-GlobeInHands-1728x600px-1.jpg\" alt=\"A person extends their hands, cupping a luminous digital globe adorned with world map lines, embodying corporate social responsibility. The backdrop is abstract, featuring a serene blend of bokeh lights and geometric shapes in hues of orange and gray.\" class=\"biw-card__image\" style=\"object-position: 50% 50%;\">\t\t<\/figure>\n\t\t<div class=\"biw-card__content\">\n\t\t<h3 class=\"biw-card__title\">\n\t\t\t\t\t\t\t<a href=\"https:\/\/www.biworldwide.com\/pt-br\/sobre-nos\/corporate-social-responsibility\/\" >\n\t\t\t\t<strong>Responsabilidade Social Corporativa<\/strong>\t\t\t\t<\/a>\n\t\t\t\t\t<\/h3>\n\t\t<div class=\"biw-card__text\">\n\n<p>Nossos l\u00edderes, colaboradores e parceiros comerciais trabalham lado a lado para avan\u00e7ar em nossa miss\u00e3o de inspirar pessoas e gerar resultados, de forma consciente e respons\u00e1vel com as comunidades onde atuamos.<br><\/p>\n\n<\/div>\n\t<\/div>\n\t\t\t<span class=\"biw-card__cta\">Saiba mais<\/span>\n\t<\/div>\n\n<div class=\" has-dynamic-border-radius has-link has-image-size-cover has-image-radius-none is-style-default wp-block-biw-block-theme-biw-card\">\n\t\t\t<figure class=\"biw-card__image-wrapper \">\n\t\t\t<img decoding=\"async\" src=\"http:\/\/live-biw-main.pantheonsite.io\/wp-content\/uploads\/2025\/02\/Privacy-1300x732px.jpg\" alt=\"A person with curly hair, wearing a dark blazer, appears deep in thought while working on a laptop. The background shows out-of-focus, warm-toned lights, suggesting an evening or nighttime setting.\" class=\"biw-card__image\" style=\"object-position: 50% 50%;\">\t\t<\/figure>\n\t\t<div class=\"biw-card__content\">\n\t\t<h3 class=\"biw-card__title\">\n\t\t\t\t\t\t\t<a href=\"https:\/\/www.biworldwide.com\/pt-br\/careers\/\" >\n\t\t\t\t<strong>Carreiras<\/strong>\t\t\t\t<\/a>\n\t\t\t\t\t<\/h3>\n\t\t<div class=\"biw-card__text\">\n\n<p>Os colaboradores da BI WORLDWIDE desfrutam de uma cultura corporativa acolhedora, desafiadora e estimulante. Somos l\u00edderes globais em incentivos de vendas e no engajamento de colaboradores, canais e clientes \u2014 e somos esse l\u00edder gra\u00e7as \u00e0s nossas pessoas.<\/p>\n\n<\/div>\n\t<\/div>\n\t\t\t<span class=\"biw-card__cta\">Saiba mais<\/span>\n\t<\/div><\/div>\n<\/div>\n<\/div>\n","protected":false},"excerpt":{"rendered":"<p>Trabalhamos com empresas de todo o mundo que entendem que resultados extraordin\u00e1rios s\u00f3 s\u00e3o poss\u00edveis quando seus neg\u00f3cios s\u00e3o impulsionados pelas pessoas que os tornam realidade. Colaboradores inspirados resolvem problemas e geram valor. Vendedores motivados assumem riscos e aproveitam oportunidades. E parceiros e clientes fi\u00e9is \u00e0 sua marca impulsionam seu crescimento. Como conseguimos inspirar pessoas [&hellip;]<\/p>\n","protected":false},"author":11,"featured_media":0,"parent":0,"menu_order":0,"comment_status":"closed","ping_status":"closed","template":"","meta":{"featured_image_focal_point":{"x":0.5,"y":0.5},"footnotes":""},"wf_page_folders":[34],"class_list":["post-165","page","type-page","status-publish","hentry"],"yoast_head":"<!-- This site is optimized with the Yoast SEO plugin v26.2 - https:\/\/yoast.com\/wordpress\/plugins\/seo\/ -->\n<title>Sobre n\u00f3s - Brazil (Portuguese)<\/title>\n<meta name=\"robots\" content=\"index, follow, max-snippet:-1, max-image-preview:large, max-video-preview:-1\" \/>\n<link rel=\"canonical\" href=\"https:\/\/www.biworldwide.com\/pt-br\/sobre-nos\/\" \/>\n<meta property=\"og:locale\" content=\"pt_BR\" \/>\n<meta property=\"og:type\" content=\"article\" \/>\n<meta property=\"og:title\" content=\"Sobre n\u00f3s - Brazil (Portuguese)\" \/>\n<meta property=\"og:description\" content=\"Trabalhamos com empresas de todo o mundo que entendem que resultados extraordin\u00e1rios s\u00f3 s\u00e3o poss\u00edveis quando seus neg\u00f3cios s\u00e3o impulsionados pelas pessoas que os tornam realidade. Colaboradores inspirados resolvem problemas e geram valor. Vendedores motivados assumem riscos e aproveitam oportunidades. E parceiros e clientes fi\u00e9is \u00e0 sua marca impulsionam seu crescimento. Como conseguimos inspirar pessoas [&hellip;]\" \/>\n<meta property=\"og:url\" content=\"https:\/\/www.biworldwide.com\/pt-br\/sobre-nos\/\" \/>\n<meta property=\"og:site_name\" content=\"Brazil (Portuguese)\" \/>\n<meta property=\"article:modified_time\" content=\"2025-04-01T00:30:10+00:00\" \/>\n<meta name=\"twitter:card\" content=\"summary_large_image\" \/>\n<script type=\"application\/ld+json\" class=\"yoast-schema-graph\">{\"@context\":\"https:\/\/schema.org\",\"@graph\":[{\"@type\":\"WebPage\",\"@id\":\"https:\/\/www.biworldwide.com\/pt-br\/sobre-nos\/\",\"url\":\"https:\/\/www.biworldwide.com\/pt-br\/sobre-nos\/\",\"name\":\"Sobre n\u00f3s - Brazil (Portuguese)\",\"isPartOf\":{\"@id\":\"https:\/\/www.biworldwide.com\/pt-br\/#website\"},\"datePublished\":\"2025-01-14T16:26:02+00:00\",\"dateModified\":\"2025-04-01T00:30:10+00:00\",\"breadcrumb\":{\"@id\":\"https:\/\/www.biworldwide.com\/pt-br\/sobre-nos\/#breadcrumb\"},\"inLanguage\":\"pt-BR\",\"potentialAction\":[{\"@type\":\"ReadAction\",\"target\":[\"https:\/\/www.biworldwide.com\/pt-br\/sobre-nos\/\"]}]},{\"@type\":\"BreadcrumbList\",\"@id\":\"https:\/\/www.biworldwide.com\/pt-br\/sobre-nos\/#breadcrumb\",\"itemListElement\":[{\"@type\":\"ListItem\",\"position\":1,\"name\":\"Home\",\"item\":\"https:\/\/www.biworldwide.com\/pt-br\/\"},{\"@type\":\"ListItem\",\"position\":2,\"name\":\"Sobre n\u00f3s\"}]},{\"@type\":\"WebSite\",\"@id\":\"https:\/\/www.biworldwide.com\/pt-br\/#website\",\"url\":\"https:\/\/www.biworldwide.com\/pt-br\/\",\"name\":\"Brazil (Portuguese)\",\"description\":\"\",\"potentialAction\":[{\"@type\":\"SearchAction\",\"target\":{\"@type\":\"EntryPoint\",\"urlTemplate\":\"https:\/\/www.biworldwide.com\/pt-br\/?s={search_term_string}\"},\"query-input\":{\"@type\":\"PropertyValueSpecification\",\"valueRequired\":true,\"valueName\":\"search_term_string\"}}],\"inLanguage\":\"pt-BR\"}]}<\/script>\n<!-- \/ Yoast SEO plugin. -->","yoast_head_json":{"title":"Sobre n\u00f3s - Brazil (Portuguese)","robots":{"index":"index","follow":"follow","max-snippet":"max-snippet:-1","max-image-preview":"max-image-preview:large","max-video-preview":"max-video-preview:-1"},"canonical":"https:\/\/www.biworldwide.com\/pt-br\/sobre-nos\/","og_locale":"pt_BR","og_type":"article","og_title":"Sobre n\u00f3s - Brazil (Portuguese)","og_description":"Trabalhamos com empresas de todo o mundo que entendem que resultados extraordin\u00e1rios s\u00f3 s\u00e3o poss\u00edveis quando seus neg\u00f3cios s\u00e3o impulsionados pelas pessoas que os tornam realidade. Colaboradores inspirados resolvem problemas e geram valor. Vendedores motivados assumem riscos e aproveitam oportunidades. E parceiros e clientes fi\u00e9is \u00e0 sua marca impulsionam seu crescimento. Como conseguimos inspirar pessoas [&hellip;]","og_url":"https:\/\/www.biworldwide.com\/pt-br\/sobre-nos\/","og_site_name":"Brazil (Portuguese)","article_modified_time":"2025-04-01T00:30:10+00:00","twitter_card":"summary_large_image","schema":{"@context":"https:\/\/schema.org","@graph":[{"@type":"WebPage","@id":"https:\/\/www.biworldwide.com\/pt-br\/sobre-nos\/","url":"https:\/\/www.biworldwide.com\/pt-br\/sobre-nos\/","name":"Sobre n\u00f3s - Brazil (Portuguese)","isPartOf":{"@id":"https:\/\/www.biworldwide.com\/pt-br\/#website"},"datePublished":"2025-01-14T16:26:02+00:00","dateModified":"2025-04-01T00:30:10+00:00","breadcrumb":{"@id":"https:\/\/www.biworldwide.com\/pt-br\/sobre-nos\/#breadcrumb"},"inLanguage":"pt-BR","potentialAction":[{"@type":"ReadAction","target":["https:\/\/www.biworldwide.com\/pt-br\/sobre-nos\/"]}]},{"@type":"BreadcrumbList","@id":"https:\/\/www.biworldwide.com\/pt-br\/sobre-nos\/#breadcrumb","itemListElement":[{"@type":"ListItem","position":1,"name":"Home","item":"https:\/\/www.biworldwide.com\/pt-br\/"},{"@type":"ListItem","position":2,"name":"Sobre n\u00f3s"}]},{"@type":"WebSite","@id":"https:\/\/www.biworldwide.com\/pt-br\/#website","url":"https:\/\/www.biworldwide.com\/pt-br\/","name":"Brazil (Portuguese)","description":"","potentialAction":[{"@type":"SearchAction","target":{"@type":"EntryPoint","urlTemplate":"https:\/\/www.biworldwide.com\/pt-br\/?s={search_term_string}"},"query-input":{"@type":"PropertyValueSpecification","valueRequired":true,"valueName":"search_term_string"}}],"inLanguage":"pt-BR"}]}},"_links":{"self":[{"href":"https:\/\/www.biworldwide.com\/pt-br\/wp-json\/wp\/v2\/pages\/165","targetHints":{"allow":["GET"]}}],"collection":[{"href":"https:\/\/www.biworldwide.com\/pt-br\/wp-json\/wp\/v2\/pages"}],"about":[{"href":"https:\/\/www.biworldwide.com\/pt-br\/wp-json\/wp\/v2\/types\/page"}],"author":[{"embeddable":true,"href":"https:\/\/www.biworldwide.com\/pt-br\/wp-json\/wp\/v2\/users\/11"}],"replies":[{"embeddable":true,"href":"https:\/\/www.biworldwide.com\/pt-br\/wp-json\/wp\/v2\/comments?post=165"}],"version-history":[{"count":8,"href":"https:\/\/www.biworldwide.com\/pt-br\/wp-json\/wp\/v2\/pages\/165\/revisions"}],"predecessor-version":[{"id":783,"href":"https:\/\/www.biworldwide.com\/pt-br\/wp-json\/wp\/v2\/pages\/165\/revisions\/783"}],"wp:attachment":[{"href":"https:\/\/www.biworldwide.com\/pt-br\/wp-json\/wp\/v2\/media?parent=165"}],"wp:term":[{"taxonomy":"wf_page_folders","embeddable":true,"href":"https:\/\/www.biworldwide.com\/pt-br\/wp-json\/wp\/v2\/wf_page_folders?post=165"}],"curies":[{"name":"wp","href":"https:\/\/api.w.org\/{rel}","templated":true}]}}