{"id":169,"date":"2025-01-14T16:26:58","date_gmt":"2025-01-14T16:26:58","guid":{"rendered":"https:\/\/live-biw-main.pantheonsite.io\/?page_id=169"},"modified":"2025-04-01T17:23:52","modified_gmt":"2025-04-01T23:23:52","slug":"responsabilidade-social-corporativa","status":"publish","type":"page","link":"https:\/\/www.biworldwide.com\/pt-br\/sobre-nos\/responsabilidade-social-corporativa\/","title":{"rendered":"Responsabilidade Social Corporativa"},"content":{"rendered":"<div class=\" has-content-align-left has-overlay has-overlay--dark alignfull wp-block-biw-block-theme-hero\">\n\t<div class=\"biw-hero__grid\">\n\t\t\t\t\t<div class=\"biw-hero__breadcrumbs\">\n\t\t\t\t<div id=\"breadcrumbs\" class=\"breadcrumb-nav__wrapper\"><span class=\"breadcrumb-nav\"><span><a href=\"https:\/\/www.biworldwide.com\/pt-br\/\">Home<\/a><\/span><\/span><\/div>\t\t\t<\/div>\n\t\t\n\t\t\t\t\t<div class=\"biw-hero__media \">\n\t\t\t\t\t\t\t\t\t<div class=\"biw-hero__overlay overlay-dark\"><\/div>\n\t\t\t\t\t\t\t\t<img decoding=\"async\" src=\"http:\/\/live-biw-main.pantheonsite.io\/wp-content\/uploads\/2025\/02\/HowWeHelp-GlobeInHands-1728x600px-1.jpg\" alt=\"A person extends their hands, cupping a luminous digital globe adorned with world map lines, embodying corporate social responsibility. The backdrop is abstract, featuring a serene blend of bokeh lights and geometric shapes in hues of orange and gray.\" class=\"biw-hero__bg-image\" style=\"object-position: 50% 50%;\">\t\t\t<\/div>\n\t\t\t\t<div class=\"biw-hero__content\">\n\t\t\t\t\t\t<h1 class=\"biw-hero__title\" style=\"line-height: 1.2\">\n\t\t\t\tResponsabilidade Social Corporativa\t\t\t<\/h1>\n\t\t\t\t\t\t\t\t\t\t<div class=\"biw-hero__text\">\n\t\t\t\t\t\n\n<p>Estamos em uma jornada para organizar e maximizar nossos esfor\u00e7os de responsabilidade social na BI WORLDWIDE. Nossos l\u00edderes, colaboradores e parceiros comerciais trabalham juntos, lado a lado, para promover nossa miss\u00e3o de inspirar pessoas e gerar resultados \u2014 sempre com consci\u00eancia, responsabilidade e compromisso com as comunidades onde atuamos.<\/p>\n\n\t\t\t\t<\/div>\n\t\t\t\t\t\t\t\t<\/div>\n\t<\/div>\n<\/div>\n\n\n\n<div class=\"wp-block-group  layout-columns-7 has-global-padding is-layout-constrained wp-container-core-group-is-layout-a133ec42 wp-block-group-is-layout-constrained\">\n<h2 class=\"wp-block-heading has-text-align-center\">Um compromisso com o futuro.<\/h2>\n\n\n\n<p class=\"has-text-align-center has-xl-font-size\">Um dos valores fundamentais da nossa empresa \u00e9 &#8220;comprometidos para o longo prazo&#8221;. Compreendemos o impacto de nossas decis\u00f5es no meio ambiente, em nossos colaboradores e em nossos clientes.<\/p>\n<\/div>\n\n\n\n<div class=\"wp-block-group alignfull has-global-padding is-layout-constrained wp-container-core-group-is-layout-97ab3c77 wp-block-group-is-layout-constrained\">\n<div class=\"wp-block-group has-text-align-center  layout-columns-8 has-global-padding is-layout-constrained wp-container-core-group-is-layout-ee362a79 wp-block-group-is-layout-constrained\">\n<h2 class=\"wp-block-heading has-text-align-center  has-text-wrap-pretty\"><strong>Nosso compromisso com o meio ambiente<\/strong><\/h2>\n\n\n\n<p class=\" has-text-wrap-balance\"><strong>Nosso compromisso com o meio ambiente \u00e9 apoiado pelo nosso Time de Sustentabilidade<\/strong> \u2013 um grupo liderado por colaboradores que organiza eventos e a\u00e7\u00f5es educativas para a BI WORLDWIDE. Algumas das nossas recentes conquistas incluem:<\/p>\n<\/div>\n\n\n\n<div class=\"wp-block-group  layout-columns-12 has-global-padding is-layout-constrained wp-container-core-group-is-layout-9e09659d wp-block-group-is-layout-constrained\">\n<div class=\"wp-block-group is-layout-grid wp-container-core-group-is-layout-c765d3c1 wp-block-group-is-layout-grid\">\n<div class=\"wp-block-group  has-dynamic-border-radius has-global-padding is-layout-constrained wp-block-group-is-layout-constrained\">\n<figure class=\"wp-block-image size-medium\"><img decoding=\"async\" src=\"http:\/\/live-biw-main.pantheonsite.io\/wp-content\/uploads\/2025\/02\/BIW_Site_Card_Gamification_03-300x169.jpg\" alt=\"A glowing pink checkmark is centered within a neon pink square on a luminous blue and purple circuit board background. The design embodies a digital, cyberpunk aesthetic, subtly echoing themes of corporate social responsibility in its interconnected visuals.\" class=\"wp-image-3659\" \/><\/figure>\n<\/div>\n\n\n<div class=\" has-dynamic-border-radius has-image-size-cover has-image-radius-none is-style-vertical-no-image wp-block-biw-block-theme-biw-card\">\n\t\t<div class=\"biw-card__content\">\n\t\t<h3 class=\"biw-card__title\">\n\t\t\t\t\t\t\t<strong>Convertemos nossa sede para 100% de energia renov\u00e1vel por meio do programa Windsource.<\/strong>\t\t\t\t\t<\/h3>\n\t\t<div class=\"biw-card__text\">\n\n<p><\/p>\n\n<\/div>\n\t<\/div>\n\t<\/div>\n\n<div class=\" has-dynamic-border-radius has-image-size-cover has-image-radius-none is-style-vertical-no-image wp-block-biw-block-theme-biw-card\">\n\t\t<div class=\"biw-card__content\">\n\t\t<h3 class=\"biw-card__title\">\n\t\t\t\t\t\t\t<strong>Criamos a cole\u00e7\u00e3o Living Green Awards<\/strong>, que apresenta milhares de op\u00e7\u00f5es que impactam positivamente o meio ambiente.\t\t\t\t\t<\/h3>\n\t\t<div class=\"biw-card__text\">\n\n<p><\/p>\n\n<\/div>\n\t<\/div>\n\t<\/div>\n\n<div class=\" has-dynamic-border-radius has-image-size-cover has-image-radius-none is-style-vertical-no-image wp-block-biw-block-theme-biw-card\">\n\t\t<div class=\"biw-card__content\">\n\t\t<h3 class=\"biw-card__title\">\n\t\t\t\t\t\t\t<strong>Oferecemos aos nossos clientes v\u00e1rias formas de compensar o impacto de seus programas<\/strong>, como as iniciativas <strong>Trees for Travel<\/strong> e <strong>TerraPass<\/strong>.\t\t\t\t\t<\/h3>\n\t\t<div class=\"biw-card__text\">\n\n<p><\/p>\n\n<\/div>\n\t<\/div>\n\t<\/div>\n\n<div class=\" has-dynamic-border-radius has-image-size-cover has-image-radius-none is-style-vertical-no-image wp-block-biw-block-theme-biw-card\">\n\t\t<div class=\"biw-card__content\">\n\t\t<h3 class=\"biw-card__title\">\n\t\t\t\t\t\t\t<strong>Substitu\u00edmos o papel e o pl\u00e1stico nas nossas \u00e1reas de alimenta\u00e7\u00e3o no campus por copos, canecas e utens\u00edlios reutiliz\u00e1veis de longo prazo.<\/strong>\t\t\t\t\t<\/h3>\n\t\t<div class=\"biw-card__text\">\n\n<p><\/p>\n\n<\/div>\n\t<\/div>\n\t<\/div>\n\n<div class=\" has-dynamic-border-radius has-image-size-cover has-image-radius-none is-style-vertical-no-image wp-block-biw-block-theme-biw-card\">\n\t\t<div class=\"biw-card__content\">\n\t\t<h3 class=\"biw-card__title\">\n\t\t\t\t\t\t\t<strong>Plantamos um jardim de polinizadores gerido pelos funcion\u00e1rios em nossa sede em Minneapolis<\/strong>.\t\t\t\t\t<\/h3>\n\t\t<div class=\"biw-card__text\">\n\n<p><\/p>\n\n<\/div>\n\t<\/div>\n\t<\/div><\/div>\n<\/div>\n<\/div>\n\n\n\n<hr class=\"wp-block-separator has-alpha-channel-opacity\" \/>\n\n\n\n<p class=\"has-text-align-center\">Learn about our corporate environmental policy.<\/p>\n\n\n\n<div class=\"wp-block-file aligncenter hide-file-download-path\"><a id=\"wp-block-file--media-c3a556f4-450c-4b4c-b4e5-2ea7d43629ad\" href=\"http:\/\/live-biw-main.pantheonsite.io\/wp-content\/uploads\/2025\/02\/biw-corporate-environmental-policy.pdf\">biw-corporate-environmental-policy<\/a><a href=\"http:\/\/live-biw-main.pantheonsite.io\/wp-content\/uploads\/2025\/02\/biw-corporate-environmental-policy.pdf\" class=\"wp-block-file__button wp-element-button\" download aria-describedby=\"wp-block-file--media-c3a556f4-450c-4b4c-b4e5-2ea7d43629ad\">Download<\/a><\/div>\n\n\n\n<hr class=\"wp-block-separator has-alpha-channel-opacity\" \/>\n\n\n\n<div class=\"wp-block-group has-global-padding is-layout-constrained wp-container-core-group-is-layout-daca1d94 wp-block-group-is-layout-constrained\">\n<div class=\"wp-block-group has-global-padding is-layout-constrained wp-container-core-group-is-layout-fce79bf6 wp-block-group-is-layout-constrained\">\n<h2 class=\"wp-block-heading has-text-align-center\"><strong>Nosso compromisso com nossos colaboradores<\/strong><\/h2>\n<\/div>\n\n\n\n<p class=\"has-text-align-center\"><strong>Nosso compromisso com nossos colaboradores continua com uma variedade de grupos de apoio aos funcion\u00e1rios, treinamento cont\u00ednuo e suporte \u00e0 lideran\u00e7a:<\/strong><\/p>\n\n\n\n<div data-animate=\"true\" data-animation-direction=\"up\" data-child-animation=\"individual\" class=\"wp-block-group  has-small-screens-alignment-center has-tablet-screens-alignment-center is-content-justification-center is-layout-flex wp-container-core-group-is-layout-a1ae687d wp-block-group-is-layout-flex\"><div style=\"--aspectRatio: 1\/1;\" class=\" has-dynamic-border-radius biw-card__media-type-image has-image-size-contain wp-block-biw-block-theme-biw-media-card has-text-align-center\">\n\t\t\t<figure class=\"biw-card__media-wrapper\" data-alignment=\"center center\">\n\t\t\t<img decoding=\"async\" src=\"http:\/\/live-biw-main.pantheonsite.io\/wp-content\/uploads\/2025\/02\/Mosaic-Logo-ARG-final-1.png\" alt=\"The image displays a logo with four overlapping triangles in orange, red, purple, and yellow, pointing right. Beneath the triangles, MOSAIC is written in bold black letters, with the O stylized as a circle with a line underneath\u2014emphasizing the brands focus on corporate social responsibility.\" class=\"biw-card__image\" style=\"\">\t\t<\/figure>\n\t\t<div class=\"biw-card__content\">\n\t\t<h2 class=\"biw-card__title\">\n\t\t\t\t\t\t\tMosaic\t\t\t\t\t<\/h2>\n\t\t\t\t\t<div class=\"biw-card__text\"><p>Mosaic <strong>\u00c9 um espa\u00e7o para negros, ind\u00edgenas, pessoas de cor e seus aliados.<\/strong><br><\/p><\/div>\n\t\t\t<\/div>\n\t<\/div>\n\n<div style=\"--aspectRatio: 1\/1;\" class=\" has-dynamic-border-radius biw-card__media-type-image has-image-size-contain wp-block-biw-block-theme-biw-media-card has-text-align-center\">\n\t\t\t<figure class=\"biw-card__media-wrapper\" data-alignment=\"center center\">\n\t\t\t<img decoding=\"async\" src=\"http:\/\/live-biw-main.pantheonsite.io\/wp-content\/uploads\/2025\/02\/Pride@BIW_logo_final-1.png\" alt=\"\" class=\"biw-card__image\" style=\"\">\t\t<\/figure>\n\t\t<div class=\"biw-card__content\">\n\t\t<h2 class=\"biw-card__title\">\n\t\t\t\t\t\t\tPride@BIW\t\t\t\t\t<\/h2>\n\t\t\t\t\t<div class=\"biw-card__text\"><p>Pride@BIW\u00a0<strong>\u00c9 um espa\u00e7o para associados LGBTQI+ e seus aliados.<\/strong><br><\/p><\/div>\n\t\t\t<\/div>\n\t<\/div>\n\n<div style=\"--aspectRatio: 1\/1;\" class=\" has-dynamic-border-radius biw-card__media-type-image has-image-size-contain wp-block-biw-block-theme-biw-media-card has-text-align-center\">\n\t\t\t<figure class=\"biw-card__media-wrapper\" data-alignment=\"center center\">\n\t\t\t<img decoding=\"async\" src=\"http:\/\/live-biw-main.pantheonsite.io\/wp-content\/uploads\/2025\/02\/Inspiring-Women-logo.png\" alt=\"\" class=\"biw-card__image\" style=\"\">\t\t<\/figure>\n\t\t<div class=\"biw-card__content\">\n\t\t<h2 class=\"biw-card__title\">\n\t\t\t\t\t\t\tInspiring Women\t\t\t\t\t<\/h2>\n\t\t\t\t\t<div class=\"biw-card__text\"><p>Inspiring Women <strong>\u00c9 um espa\u00e7o para aquelas que se identificam como mulheres, para que possam prosperar em todos os n\u00edveis.<\/strong><\/p><\/div>\n\t\t\t<\/div>\n\t<\/div>\n\n<div style=\"--aspectRatio: 1\/1;\" class=\" has-dynamic-border-radius biw-card__media-type-image has-image-size-contain wp-block-biw-block-theme-biw-media-card has-text-align-center\">\n\t\t\t<figure class=\"biw-card__media-wrapper\" data-alignment=\"center center\">\n\t\t\t<img decoding=\"async\" src=\"http:\/\/live-biw-main.pantheonsite.io\/wp-content\/uploads\/2025\/02\/BIW_Amplify_logo_final.png\" alt=\"\" class=\"biw-card__image\" style=\"\">\t\t<\/figure>\n\t\t<div class=\"biw-card__content\">\n\t\t<h2 class=\"biw-card__title\">\n\t\t\t\t\t\t\tAmplify\t\t\t\t\t<\/h2>\n\t\t\t\t\t<div class=\"biw-card__text\"><p>Amplify <strong>\u00c9 um espa\u00e7o de aprendizado para todos os colaboradores aprenderem como podem se tornar aliados.<\/strong><\/p><\/div>\n\t\t\t<\/div>\n\t<\/div><\/div>\n<\/div>\n\n\n\n<hr class=\"wp-block-separator has-alpha-channel-opacity\" \/>\n\n\n\n<p class=\"has-text-align-center\">Learn about our Human Rights Policy<\/p>\n\n\n\n<div class=\"wp-block-file aligncenter hide-file-download-path\"><a id=\"wp-block-file--media-a102e28c-f12b-4d9e-afae-6302db83a39e\" href=\"http:\/\/live-biw-main.pantheonsite.io\/wp-content\/uploads\/2025\/02\/human-rights-policy-2024.pdf\" target=\"_blank\" rel=\"noreferrer noopener\">human-rights-policy-2024<\/a><a href=\"http:\/\/live-biw-main.pantheonsite.io\/wp-content\/uploads\/2025\/02\/human-rights-policy-2024.pdf\" class=\"wp-block-file__button wp-element-button\" download aria-describedby=\"wp-block-file--media-a102e28c-f12b-4d9e-afae-6302db83a39e\">Download<\/a><\/div>\n\n\n\n<hr class=\"wp-block-separator has-alpha-channel-opacity\" \/>\n\n\n\n<p class=\"has-text-align-center has-xxl-font-size\"><strong>Nosso compromisso com nossos clientes<\/strong><\/p>\n\n\n\n<p class=\"has-text-align-center\"><strong>Nosso compromisso com os clientes continua com v\u00e1rias \u00e1reas de suporte:<\/strong><\/p>\n\n\n\n<p class=\"has-large-font-size\">Nossa pesquisa <strong>&#8220;New Rules of Engagement&#8221;<\/strong> continua a identificar maneiras de contratar e reter os melhores colaboradores, criando uma cultura de prop\u00f3sito e pertencimento.<\/p>\n\n\n<div class=\" has-dynamic-border-radius has-link has-image-size-cover has-image-radius-none wp-block-biw-block-theme-biw-card\">\n\t\t\t<figure class=\"biw-card__image-wrapper \">\n\t\t\t<img decoding=\"async\" src=\"http:\/\/live-biw-main.pantheonsite.io\/wp-content\/uploads\/2025\/02\/BIW-New-world-new-rules-of-engagement-12x21.375_Final-scaled.jpg\" alt=\"Infographic titled New Rules of Engagement with twelve sections. Each section has an icon, number, and rule related to employee engagement, such as a piggy bank, heart balloon, compass, Rubiks Cube, and others. Includes keywords: commitment, effort, inspiration.\" class=\"biw-card__image\" style=\"object-position: 50% 50%;\">\t\t<\/figure>\n\t\t<div class=\"biw-card__content\">\n\t\t<h3 class=\"biw-card__title\">\n\t\t\t\t\t\t\t<a href=\"https:\/\/www.biworldwide.com\/pt-br\/the-new-rules-of-engagement\/\" >\n\t\t\t\t<strong>The New Rules of Engagement\u00ae<\/strong>\t\t\t\t<\/a>\n\t\t\t\t\t<\/h3>\n\t\t<div class=\"biw-card__text\"><\/div>\n\t<\/div>\n\t\t\t<span class=\"biw-card__cta\"><strong>Saiba mais<\/strong><\/span>\n\t<\/div>\n\n\n<p><strong>Nosso Design Center recebeu centenas de clientes para sess\u00f5es de brainstorming e estrat\u00e9gia<\/strong> sobre temas como integra\u00e7\u00e3o de colaboradores, engajamento, desenvolvimento de lideran\u00e7a, aprendizado e reconhecimento. Neste ano, adicionamos estrat\u00e9gias de neg\u00f3cios sustent\u00e1veis a essa lista.<\/p>\n\n\n\n<p><\/p>\n\n\n\n<p>Nossa empresa patrocinou, e nossa equipe de Eventos produziu, o evento <strong>Martin Luther King Jr. Day Breakfast<\/strong>, em benef\u00edcio do <strong>United Negro College Fund<\/strong>.<\/p>\n\n\n\n<p><\/p>\n\n\n\n<hr class=\"wp-block-separator has-alpha-channel-opacity\" \/>\n\n\n\n<p class=\"has-text-align-center\">Learn about our Supplier Code of Conduct<\/p>\n\n\n\n<div class=\"wp-block-file aligncenter hide-file-download-path\"><a id=\"wp-block-file--media-486c2578-9dfa-4442-82c0-ac682332b496\" href=\"http:\/\/live-biw-main.pantheonsite.io\/wp-content\/uploads\/2025\/02\/supplier-code-of-conduct-2024.pdf\">supplier-code-of-conduct-2024<\/a><a href=\"http:\/\/live-biw-main.pantheonsite.io\/wp-content\/uploads\/2025\/02\/supplier-code-of-conduct-2024.pdf\" class=\"wp-block-file__button wp-element-button\" download aria-describedby=\"wp-block-file--media-486c2578-9dfa-4442-82c0-ac682332b496\">Download<\/a><\/div>\n\n\n\n<hr class=\"wp-block-separator has-alpha-channel-opacity\" \/>\n\n\n\n<p class=\"has-xl-font-size\">Continuamos a nos desafiar a estabelecer o mais alto padr\u00e3o para a responsabilidade social corporativa, apoiando nossos pr\u00f3prios esfor\u00e7os de ESG (ambiental, social e de governan\u00e7a) e os de nossos clientes. Para citar outro dos nossos valores, &#8220;a mudan\u00e7a \u00e9 inevit\u00e1vel, ent\u00e3o, vamos em frente!&#8221;<\/p>\n\n\n\n<hr class=\"wp-block-separator has-alpha-channel-opacity\" \/>\n\n\n\n<p class=\"has-text-align-center\">Leia nosso relat\u00f3rio mais recente de <strong>Responsabilidade Social Corporativa<\/strong> e descubra mais sobre como estamos construindo um futuro melhor e mais equitativo.<\/p>\n\n\n\n<div class=\"wp-block-file aligncenter hide-file-download-path\"><a id=\"wp-block-file--media-36592661-4711-41cd-9f05-cbf61605ef8c\" href=\"http:\/\/live-biw-main.pantheonsite.io\/wp-content\/uploads\/2025\/02\/biw-2023-csr_6.2024-v6.pdf\">biw-2023-csr_6.2024-v6<\/a><a href=\"http:\/\/live-biw-main.pantheonsite.io\/wp-content\/uploads\/2025\/02\/biw-2023-csr_6.2024-v6.pdf\" class=\"wp-block-file__button wp-element-button\" download aria-describedby=\"wp-block-file--media-36592661-4711-41cd-9f05-cbf61605ef8c\">Download<\/a><\/div>\n\n\n\n<hr class=\"wp-block-separator has-alpha-channel-opacity\" \/>\n","protected":false},"excerpt":{"rendered":"<p>Um compromisso com o futuro. Um dos valores fundamentais da nossa empresa \u00e9 &#8220;comprometidos para o longo prazo&#8221;. Compreendemos o impacto de nossas decis\u00f5es no meio ambiente, em nossos colaboradores e em nossos clientes. Nosso compromisso com o meio ambiente Nosso compromisso com o meio ambiente \u00e9 apoiado pelo nosso Time de Sustentabilidade \u2013 um [&hellip;]<\/p>\n","protected":false},"author":11,"featured_media":0,"parent":165,"menu_order":0,"comment_status":"closed","ping_status":"closed","template":"","meta":{"featured_image_focal_point":{"x":0.5,"y":0.5},"footnotes":""},"wf_page_folders":[34],"class_list":["post-169","page","type-page","status-publish","hentry"],"yoast_head":"<!-- This site is optimized with the Yoast SEO plugin v26.2 - https:\/\/yoast.com\/wordpress\/plugins\/seo\/ -->\n<title>Responsabilidade Social Corporativa - Brazil (Portuguese)<\/title>\n<meta name=\"robots\" content=\"index, follow, max-snippet:-1, max-image-preview:large, max-video-preview:-1\" \/>\n<link rel=\"canonical\" href=\"https:\/\/www.biworldwide.com\/pt-br\/sobre-nos\/responsabilidade-social-corporativa\/\" \/>\n<meta property=\"og:locale\" content=\"pt_BR\" \/>\n<meta property=\"og:type\" content=\"article\" \/>\n<meta property=\"og:title\" content=\"Responsabilidade Social Corporativa - Brazil (Portuguese)\" \/>\n<meta property=\"og:description\" content=\"Um compromisso com o futuro. Um dos valores fundamentais da nossa empresa \u00e9 &#8220;comprometidos para o longo prazo&#8221;. Compreendemos o impacto de nossas decis\u00f5es no meio ambiente, em nossos colaboradores e em nossos clientes. Nosso compromisso com o meio ambiente Nosso compromisso com o meio ambiente \u00e9 apoiado pelo nosso Time de Sustentabilidade \u2013 um [&hellip;]\" \/>\n<meta property=\"og:url\" content=\"https:\/\/www.biworldwide.com\/pt-br\/sobre-nos\/responsabilidade-social-corporativa\/\" \/>\n<meta property=\"og:site_name\" content=\"Brazil (Portuguese)\" \/>\n<meta property=\"article:modified_time\" content=\"2025-04-01T23:23:52+00:00\" \/>\n<meta property=\"og:image\" content=\"http:\/\/live-biw-main.pantheonsite.io\/wp-content\/uploads\/2025\/02\/BIW_Site_Card_Gamification_03-300x169.jpg\" \/>\n<meta name=\"twitter:card\" content=\"summary_large_image\" \/>\n<meta name=\"twitter:label1\" content=\"Est. reading time\" \/>\n\t<meta name=\"twitter:data1\" content=\"2 minutos\" \/>\n<script type=\"application\/ld+json\" class=\"yoast-schema-graph\">{\"@context\":\"https:\/\/schema.org\",\"@graph\":[{\"@type\":\"WebPage\",\"@id\":\"https:\/\/www.biworldwide.com\/pt-br\/sobre-nos\/responsabilidade-social-corporativa\/\",\"url\":\"https:\/\/www.biworldwide.com\/pt-br\/sobre-nos\/responsabilidade-social-corporativa\/\",\"name\":\"Responsabilidade Social Corporativa - Brazil (Portuguese)\",\"isPartOf\":{\"@id\":\"https:\/\/www.biworldwide.com\/pt-br\/#website\"},\"primaryImageOfPage\":{\"@id\":\"https:\/\/www.biworldwide.com\/pt-br\/sobre-nos\/responsabilidade-social-corporativa\/#primaryimage\"},\"image\":{\"@id\":\"https:\/\/www.biworldwide.com\/pt-br\/sobre-nos\/responsabilidade-social-corporativa\/#primaryimage\"},\"thumbnailUrl\":\"http:\/\/live-biw-main.pantheonsite.io\/wp-content\/uploads\/2025\/02\/BIW_Site_Card_Gamification_03-300x169.jpg\",\"datePublished\":\"2025-01-14T16:26:58+00:00\",\"dateModified\":\"2025-04-01T23:23:52+00:00\",\"breadcrumb\":{\"@id\":\"https:\/\/www.biworldwide.com\/pt-br\/sobre-nos\/responsabilidade-social-corporativa\/#breadcrumb\"},\"inLanguage\":\"pt-BR\",\"potentialAction\":[{\"@type\":\"ReadAction\",\"target\":[\"https:\/\/www.biworldwide.com\/pt-br\/sobre-nos\/responsabilidade-social-corporativa\/\"]}]},{\"@type\":\"ImageObject\",\"inLanguage\":\"pt-BR\",\"@id\":\"https:\/\/www.biworldwide.com\/pt-br\/sobre-nos\/responsabilidade-social-corporativa\/#primaryimage\",\"url\":\"http:\/\/live-biw-main.pantheonsite.io\/wp-content\/uploads\/2025\/02\/BIW_Site_Card_Gamification_03-300x169.jpg\",\"contentUrl\":\"http:\/\/live-biw-main.pantheonsite.io\/wp-content\/uploads\/2025\/02\/BIW_Site_Card_Gamification_03-300x169.jpg\"},{\"@type\":\"BreadcrumbList\",\"@id\":\"https:\/\/www.biworldwide.com\/pt-br\/sobre-nos\/responsabilidade-social-corporativa\/#breadcrumb\",\"itemListElement\":[{\"@type\":\"ListItem\",\"position\":1,\"name\":\"Home\",\"item\":\"https:\/\/www.biworldwide.com\/pt-br\/\"},{\"@type\":\"ListItem\",\"position\":2,\"name\":\"Sobre n\u00f3s\",\"item\":\"https:\/\/www.biworldwide.com\/pt-br\/sobre-nos\/\"},{\"@type\":\"ListItem\",\"position\":3,\"name\":\"Responsabilidade Social Corporativa\"}]},{\"@type\":\"WebSite\",\"@id\":\"https:\/\/www.biworldwide.com\/pt-br\/#website\",\"url\":\"https:\/\/www.biworldwide.com\/pt-br\/\",\"name\":\"Brazil (Portuguese)\",\"description\":\"\",\"potentialAction\":[{\"@type\":\"SearchAction\",\"target\":{\"@type\":\"EntryPoint\",\"urlTemplate\":\"https:\/\/www.biworldwide.com\/pt-br\/?s={search_term_string}\"},\"query-input\":{\"@type\":\"PropertyValueSpecification\",\"valueRequired\":true,\"valueName\":\"search_term_string\"}}],\"inLanguage\":\"pt-BR\"}]}<\/script>\n<!-- \/ Yoast SEO plugin. -->","yoast_head_json":{"title":"Responsabilidade Social Corporativa - Brazil (Portuguese)","robots":{"index":"index","follow":"follow","max-snippet":"max-snippet:-1","max-image-preview":"max-image-preview:large","max-video-preview":"max-video-preview:-1"},"canonical":"https:\/\/www.biworldwide.com\/pt-br\/sobre-nos\/responsabilidade-social-corporativa\/","og_locale":"pt_BR","og_type":"article","og_title":"Responsabilidade Social Corporativa - Brazil (Portuguese)","og_description":"Um compromisso com o futuro. Um dos valores fundamentais da nossa empresa \u00e9 &#8220;comprometidos para o longo prazo&#8221;. Compreendemos o impacto de nossas decis\u00f5es no meio ambiente, em nossos colaboradores e em nossos clientes. Nosso compromisso com o meio ambiente Nosso compromisso com o meio ambiente \u00e9 apoiado pelo nosso Time de Sustentabilidade \u2013 um [&hellip;]","og_url":"https:\/\/www.biworldwide.com\/pt-br\/sobre-nos\/responsabilidade-social-corporativa\/","og_site_name":"Brazil (Portuguese)","article_modified_time":"2025-04-01T23:23:52+00:00","og_image":[{"url":"http:\/\/live-biw-main.pantheonsite.io\/wp-content\/uploads\/2025\/02\/BIW_Site_Card_Gamification_03-300x169.jpg","type":"","width":"","height":""}],"twitter_card":"summary_large_image","twitter_misc":{"Est. reading time":"2 minutos"},"schema":{"@context":"https:\/\/schema.org","@graph":[{"@type":"WebPage","@id":"https:\/\/www.biworldwide.com\/pt-br\/sobre-nos\/responsabilidade-social-corporativa\/","url":"https:\/\/www.biworldwide.com\/pt-br\/sobre-nos\/responsabilidade-social-corporativa\/","name":"Responsabilidade Social Corporativa - Brazil (Portuguese)","isPartOf":{"@id":"https:\/\/www.biworldwide.com\/pt-br\/#website"},"primaryImageOfPage":{"@id":"https:\/\/www.biworldwide.com\/pt-br\/sobre-nos\/responsabilidade-social-corporativa\/#primaryimage"},"image":{"@id":"https:\/\/www.biworldwide.com\/pt-br\/sobre-nos\/responsabilidade-social-corporativa\/#primaryimage"},"thumbnailUrl":"http:\/\/live-biw-main.pantheonsite.io\/wp-content\/uploads\/2025\/02\/BIW_Site_Card_Gamification_03-300x169.jpg","datePublished":"2025-01-14T16:26:58+00:00","dateModified":"2025-04-01T23:23:52+00:00","breadcrumb":{"@id":"https:\/\/www.biworldwide.com\/pt-br\/sobre-nos\/responsabilidade-social-corporativa\/#breadcrumb"},"inLanguage":"pt-BR","potentialAction":[{"@type":"ReadAction","target":["https:\/\/www.biworldwide.com\/pt-br\/sobre-nos\/responsabilidade-social-corporativa\/"]}]},{"@type":"ImageObject","inLanguage":"pt-BR","@id":"https:\/\/www.biworldwide.com\/pt-br\/sobre-nos\/responsabilidade-social-corporativa\/#primaryimage","url":"http:\/\/live-biw-main.pantheonsite.io\/wp-content\/uploads\/2025\/02\/BIW_Site_Card_Gamification_03-300x169.jpg","contentUrl":"http:\/\/live-biw-main.pantheonsite.io\/wp-content\/uploads\/2025\/02\/BIW_Site_Card_Gamification_03-300x169.jpg"},{"@type":"BreadcrumbList","@id":"https:\/\/www.biworldwide.com\/pt-br\/sobre-nos\/responsabilidade-social-corporativa\/#breadcrumb","itemListElement":[{"@type":"ListItem","position":1,"name":"Home","item":"https:\/\/www.biworldwide.com\/pt-br\/"},{"@type":"ListItem","position":2,"name":"Sobre n\u00f3s","item":"https:\/\/www.biworldwide.com\/pt-br\/sobre-nos\/"},{"@type":"ListItem","position":3,"name":"Responsabilidade Social Corporativa"}]},{"@type":"WebSite","@id":"https:\/\/www.biworldwide.com\/pt-br\/#website","url":"https:\/\/www.biworldwide.com\/pt-br\/","name":"Brazil (Portuguese)","description":"","potentialAction":[{"@type":"SearchAction","target":{"@type":"EntryPoint","urlTemplate":"https:\/\/www.biworldwide.com\/pt-br\/?s={search_term_string}"},"query-input":{"@type":"PropertyValueSpecification","valueRequired":true,"valueName":"search_term_string"}}],"inLanguage":"pt-BR"}]}},"_links":{"self":[{"href":"https:\/\/www.biworldwide.com\/pt-br\/wp-json\/wp\/v2\/pages\/169","targetHints":{"allow":["GET"]}}],"collection":[{"href":"https:\/\/www.biworldwide.com\/pt-br\/wp-json\/wp\/v2\/pages"}],"about":[{"href":"https:\/\/www.biworldwide.com\/pt-br\/wp-json\/wp\/v2\/types\/page"}],"author":[{"embeddable":true,"href":"https:\/\/www.biworldwide.com\/pt-br\/wp-json\/wp\/v2\/users\/11"}],"replies":[{"embeddable":true,"href":"https:\/\/www.biworldwide.com\/pt-br\/wp-json\/wp\/v2\/comments?post=169"}],"version-history":[{"count":4,"href":"https:\/\/www.biworldwide.com\/pt-br\/wp-json\/wp\/v2\/pages\/169\/revisions"}],"predecessor-version":[{"id":931,"href":"https:\/\/www.biworldwide.com\/pt-br\/wp-json\/wp\/v2\/pages\/169\/revisions\/931"}],"up":[{"embeddable":true,"href":"https:\/\/www.biworldwide.com\/pt-br\/wp-json\/wp\/v2\/pages\/165"}],"wp:attachment":[{"href":"https:\/\/www.biworldwide.com\/pt-br\/wp-json\/wp\/v2\/media?parent=169"}],"wp:term":[{"taxonomy":"wf_page_folders","embeddable":true,"href":"https:\/\/www.biworldwide.com\/pt-br\/wp-json\/wp\/v2\/wf_page_folders?post=169"}],"curies":[{"name":"wp","href":"https:\/\/api.w.org\/{rel}","templated":true}]}}