{"id":172,"date":"2025-01-14T16:27:10","date_gmt":"2025-01-14T16:27:10","guid":{"rendered":"https:\/\/live-biw-main.pantheonsite.io\/?page_id=172"},"modified":"2025-04-01T17:21:14","modified_gmt":"2025-04-01T23:21:14","slug":"carreiras","status":"publish","type":"page","link":"https:\/\/www.biworldwide.com\/pt-br\/carreiras\/","title":{"rendered":"Carreiras"},"content":{"rendered":"<div class=\" has-content-align-left has-overlay has-overlay--dark alignfull wp-block-biw-block-theme-hero\">\n\t<div class=\"biw-hero__grid\">\n\t\t\t\t\t<div class=\"biw-hero__breadcrumbs\">\n\t\t\t\t<div id=\"breadcrumbs\" class=\"breadcrumb-nav__wrapper\"><span class=\"breadcrumb-nav\"><span><a href=\"https:\/\/www.biworldwide.com\/pt-br\/\">Home<\/a><\/span><\/span><\/div>\t\t\t<\/div>\n\t\t\n\t\t\t\t\t<div class=\"biw-hero__media \">\n\t\t\t\t\t\t\t\t\t<div class=\"biw-hero__overlay overlay-dark\"><\/div>\n\t\t\t\t\t\t\t\t<img decoding=\"async\" src=\"http:\/\/live-biw-main.pantheonsite.io\/wp-content\/uploads\/2025\/03\/Careers-F-1728x600px.jpg\" alt=\"A blue geometric background features Top Workplaces 2024 on a yellow banner. To the right, colorful human figures encircle a green map of the world, symbolizing global careers. Text at the bottom reads: Inspiring. Delivering. People. Results.\" class=\"biw-hero__bg-image\" style=\"object-position: 50% 50%;\">\t\t\t<\/div>\n\t\t\t\t<div class=\"biw-hero__content\">\n\t\t\t\t\t\t<h1 class=\"biw-hero__title\" style=\"line-height: 1.2\">\n\t\t\t\tCarreiras\t\t\t<\/h1>\n\t\t\t\t\t\t\t<h2 class=\"biw-hero__subtitle\">\n\t\t\t\t\tComo \u00e9 trabalhar na BI WORLDWIDE?\t\t\t\t<\/h2>\n\t\t\t\t\t\t\t\t\t\t<div class=\"biw-hero__text\">\n\t\t\t\t\t\n\n<p>Para come\u00e7ar, levamos essas coisas a s\u00e9rio. Trabalhe duro, se divirta, celebre. Torne o trabalho significativo. Amplifique os sucessos.<\/p>\n\n\t\t\t\t<\/div>\n\t\t\t\t\t\t\t\t<\/div>\n\t<\/div>\n<\/div>\n\n\n\n<p class=\"has-xl-font-size\"><strong>Voc\u00ea \u00e9 inteligente. Tem habilidades. Est\u00e1 pronto para um desafio.<\/strong><\/p>\n\n\n\n<p>Ainda lendo? Isso \u00e9 um bom sinal.<\/p>\n\n\n\n<p>Somos l\u00edderes globais em incentivos de vendas e engajamento de funcion\u00e1rios, canais e clientes. Somos l\u00edderes por causa dos nossos associados. Contratamos os melhores:<\/p>\n\n\n\n<p>Resolvedores de problemas apaixonados que enfrentam grandes desafios de neg\u00f3cios.<\/p>\n\n\n\n<p>Mentes brilhantes que buscam criar as melhores solu\u00e7\u00f5es para nossos clientes.<\/p>\n\n\n\n<p>Pessoas din\u00e2micas que conseguem ver o panorama geral e todos os detalhes.<\/p>\n\n\n\n<p>Trabalhadores dedicados que conseguem cumprir suas tarefas e se divertir no trabalho.<\/p>\n\n\n\n<p>Os associados da BI WORLDWIDE desfrutam de uma cultura corporativa acolhedora, desafiadora e empolgante. E n\u00e3o somos todos de terno, n\u00e3o. Voc\u00ea ficar\u00e1 impressionado com a diversidade de habilidades de seus colegas de trabalho e com tudo o que podemos conquistar juntos. Em um dia, voc\u00ea pode estar ao telefone com um Gerente de Eventos, no dia seguinte pode estar discutindo as \u00faltimas novidades de tecnologia com um Diretor Criativo.<\/p>\n\n\n\n<hr class=\"wp-block-separator has-alpha-channel-opacity\" \/>\n\n\n\n<p class=\"has-xl-font-size\"><strong>Posi\u00e7\u00f5es Abertas<br><\/strong><\/p>\n\n\n\n<p>De Minneapolis a Xangai, estamos sempre em busca de profissionais talentosos para se juntarem a n\u00f3s. Confira nossas oportunidades de carreira atuais.<br><\/p>\n\n\n\n<div class=\"wp-block-buttons is-layout-flex wp-block-buttons-is-layout-flex\">\n<div class=\"wp-block-button\"><a class=\"wp-block-button__link wp-element-button\" href=\"https:\/\/myjobs.adp.com\/biworldwide\/cx\/job-listing\">Vagas Dispon\u00edveis<\/a><\/div>\n<\/div>\n\n\n\n<hr class=\"wp-block-separator has-alpha-channel-opacity\" \/>\n\n\n\n<div class=\"wp-block-group alignfull has-global-padding is-layout-constrained wp-container-core-group-is-layout-97ab3c77 wp-block-group-is-layout-constrained\">\n<div class=\"wp-block-group has-text-align-center  layout-columns-8 has-global-padding is-layout-constrained wp-container-core-group-is-layout-ee362a79 wp-block-group-is-layout-constrained\">\n<h2 class=\"wp-block-heading has-text-align-center  has-text-wrap-pretty\">Saiba mais sobre n\u00f3s<\/h2>\n\n\n\n<p class=\" has-text-wrap-balance\"><\/p>\n<\/div>\n\n\n\n<div class=\"wp-block-group  layout-columns-12 has-global-padding is-layout-constrained wp-container-core-group-is-layout-9e09659d wp-block-group-is-layout-constrained\">\n<div class=\"wp-block-group is-layout-grid wp-container-core-group-is-layout-c765d3c1 wp-block-group-is-layout-grid\"><div class=\" has-dynamic-border-radius has-link has-image-size-cover has-image-radius-none is-style-default wp-block-biw-block-theme-biw-card\">\n\t\t\t<figure class=\"biw-card__image-wrapper \">\n\t\t\t<img decoding=\"async\" src=\"http:\/\/live-biw-main.pantheonsite.io\/wp-content\/uploads\/2025\/02\/About-Us-1300x732px.jpg\" alt=\"A large crowd stands outside a building, waving blue inflatable sticks as a black SUV drives by. The people appear to be organized on either side of a driveway, cheering and celebrating as the vehicle passes.\" class=\"biw-card__image\" style=\"object-position: 50% 50%;\">\t\t<\/figure>\n\t\t<div class=\"biw-card__content\">\n\t\t<h3 class=\"biw-card__title\">\n\t\t\t\t\t\t\t<a href=\"https:\/\/www.biworldwide.com\/pt-br\/sobre-nos\/\" >\n\t\t\t\tSobre n\u00f3s\t\t\t\t<\/a>\n\t\t\t\t\t<\/h3>\n\t\t<div class=\"biw-card__text\">\n\n<p>Nossa miss\u00e3o \u00e9 transformar inspira\u00e7\u00e3o em resultados reais para nossos clientes. Sabemos como atrair, engajar e reter funcion\u00e1rios, executar concursos e incentivos de vendas eficazes, construir programas din\u00e2micos de fideliza\u00e7\u00e3o de clientes e criar eventos corporativos impactantes melhor do que ningu\u00e9m.<\/p>\n\n<\/div>\n\t<\/div>\n\t\t\t<span class=\"biw-card__cta\">Saiba mais<\/span>\n\t<\/div>\n\n<div class=\" has-dynamic-border-radius has-link has-image-size-cover has-image-radius-none is-style-default wp-block-biw-block-theme-biw-card\">\n\t\t\t<figure class=\"biw-card__image-wrapper \">\n\t\t\t<img decoding=\"async\" src=\"http:\/\/live-biw-main.pantheonsite.io\/wp-content\/uploads\/2025\/02\/HowWeHelp-GlobeInHands-1728x600px-1.jpg\" alt=\"A person extends their hands, cupping a luminous digital globe adorned with world map lines, embodying corporate social responsibility. The backdrop is abstract, featuring a serene blend of bokeh lights and geometric shapes in hues of orange and gray.\" class=\"biw-card__image\" style=\"object-position: 50% 50%;\">\t\t<\/figure>\n\t\t<div class=\"biw-card__content\">\n\t\t<h3 class=\"biw-card__title\">\n\t\t\t\t\t\t\t<a href=\"https:\/\/www.biworldwide.com\/pt-br\/sobre-nos\/corporate-social-responsibility\/\" >\n\t\t\t\tResponsabilidade Social Corporativa\t\t\t\t<\/a>\n\t\t\t\t\t<\/h3>\n\t\t<div class=\"biw-card__text\">\n\n<p>Estamos em uma jornada para organizar e maximizar nossos esfor\u00e7os de responsabilidade social na BI WORLDWIDE. Nossos l\u00edderes, associados e parceiros comerciais trabalham lado a lado para avan\u00e7ar nossa miss\u00e3o de inspirar pessoas e entregar resultados, ao mesmo tempo em que somos zelosos e respons\u00e1veis em rela\u00e7\u00e3o \u00e0s nossas comunidades.<\/p>\n\n<\/div>\n\t<\/div>\n\t\t\t<span class=\"biw-card__cta\">Saiba mais<\/span>\n\t<\/div><\/div>\n<\/div>\n<\/div>\n\n\n\n<p><\/p>\n","protected":false},"excerpt":{"rendered":"<p>Voc\u00ea \u00e9 inteligente. Tem habilidades. Est\u00e1 pronto para um desafio. Ainda lendo? Isso \u00e9 um bom sinal. Somos l\u00edderes globais em incentivos de vendas e engajamento de funcion\u00e1rios, canais e clientes. Somos l\u00edderes por causa dos nossos associados. Contratamos os melhores: Resolvedores de problemas apaixonados que enfrentam grandes desafios de neg\u00f3cios. Mentes brilhantes que buscam [&hellip;]<\/p>\n","protected":false},"author":11,"featured_media":0,"parent":0,"menu_order":0,"comment_status":"closed","ping_status":"closed","template":"","meta":{"featured_image_focal_point":{"x":0.5,"y":0.5},"footnotes":""},"wf_page_folders":[34],"class_list":["post-172","page","type-page","status-publish","hentry"],"yoast_head":"<!-- This site is optimized with the Yoast SEO plugin v26.2 - https:\/\/yoast.com\/wordpress\/plugins\/seo\/ -->\n<title>Carreiras - Brazil (Portuguese)<\/title>\n<meta name=\"robots\" content=\"index, follow, max-snippet:-1, max-image-preview:large, max-video-preview:-1\" \/>\n<link rel=\"canonical\" href=\"https:\/\/www.biworldwide.com\/pt-br\/carreiras\/\" \/>\n<meta property=\"og:locale\" content=\"pt_BR\" \/>\n<meta property=\"og:type\" content=\"article\" \/>\n<meta property=\"og:title\" content=\"Carreiras - Brazil (Portuguese)\" \/>\n<meta property=\"og:description\" content=\"Voc\u00ea \u00e9 inteligente. Tem habilidades. Est\u00e1 pronto para um desafio. Ainda lendo? Isso \u00e9 um bom sinal. Somos l\u00edderes globais em incentivos de vendas e engajamento de funcion\u00e1rios, canais e clientes. Somos l\u00edderes por causa dos nossos associados. Contratamos os melhores: Resolvedores de problemas apaixonados que enfrentam grandes desafios de neg\u00f3cios. Mentes brilhantes que buscam [&hellip;]\" \/>\n<meta property=\"og:url\" content=\"https:\/\/www.biworldwide.com\/pt-br\/carreiras\/\" \/>\n<meta property=\"og:site_name\" content=\"Brazil (Portuguese)\" \/>\n<meta property=\"article:modified_time\" content=\"2025-04-01T23:21:14+00:00\" \/>\n<meta name=\"twitter:card\" content=\"summary_large_image\" \/>\n<meta name=\"twitter:label1\" content=\"Est. reading time\" \/>\n\t<meta name=\"twitter:data1\" content=\"2 minutos\" \/>\n<script type=\"application\/ld+json\" class=\"yoast-schema-graph\">{\"@context\":\"https:\/\/schema.org\",\"@graph\":[{\"@type\":\"WebPage\",\"@id\":\"https:\/\/www.biworldwide.com\/pt-br\/carreiras\/\",\"url\":\"https:\/\/www.biworldwide.com\/pt-br\/carreiras\/\",\"name\":\"Carreiras - Brazil (Portuguese)\",\"isPartOf\":{\"@id\":\"https:\/\/www.biworldwide.com\/pt-br\/#website\"},\"datePublished\":\"2025-01-14T16:27:10+00:00\",\"dateModified\":\"2025-04-01T23:21:14+00:00\",\"breadcrumb\":{\"@id\":\"https:\/\/www.biworldwide.com\/pt-br\/carreiras\/#breadcrumb\"},\"inLanguage\":\"pt-BR\",\"potentialAction\":[{\"@type\":\"ReadAction\",\"target\":[\"https:\/\/www.biworldwide.com\/pt-br\/carreiras\/\"]}]},{\"@type\":\"BreadcrumbList\",\"@id\":\"https:\/\/www.biworldwide.com\/pt-br\/carreiras\/#breadcrumb\",\"itemListElement\":[{\"@type\":\"ListItem\",\"position\":1,\"name\":\"Home\",\"item\":\"https:\/\/www.biworldwide.com\/pt-br\/\"},{\"@type\":\"ListItem\",\"position\":2,\"name\":\"Carreiras\"}]},{\"@type\":\"WebSite\",\"@id\":\"https:\/\/www.biworldwide.com\/pt-br\/#website\",\"url\":\"https:\/\/www.biworldwide.com\/pt-br\/\",\"name\":\"Brazil (Portuguese)\",\"description\":\"\",\"potentialAction\":[{\"@type\":\"SearchAction\",\"target\":{\"@type\":\"EntryPoint\",\"urlTemplate\":\"https:\/\/www.biworldwide.com\/pt-br\/?s={search_term_string}\"},\"query-input\":{\"@type\":\"PropertyValueSpecification\",\"valueRequired\":true,\"valueName\":\"search_term_string\"}}],\"inLanguage\":\"pt-BR\"}]}<\/script>\n<!-- \/ Yoast SEO plugin. -->","yoast_head_json":{"title":"Carreiras - Brazil (Portuguese)","robots":{"index":"index","follow":"follow","max-snippet":"max-snippet:-1","max-image-preview":"max-image-preview:large","max-video-preview":"max-video-preview:-1"},"canonical":"https:\/\/www.biworldwide.com\/pt-br\/carreiras\/","og_locale":"pt_BR","og_type":"article","og_title":"Carreiras - Brazil (Portuguese)","og_description":"Voc\u00ea \u00e9 inteligente. Tem habilidades. Est\u00e1 pronto para um desafio. Ainda lendo? Isso \u00e9 um bom sinal. Somos l\u00edderes globais em incentivos de vendas e engajamento de funcion\u00e1rios, canais e clientes. Somos l\u00edderes por causa dos nossos associados. Contratamos os melhores: Resolvedores de problemas apaixonados que enfrentam grandes desafios de neg\u00f3cios. Mentes brilhantes que buscam [&hellip;]","og_url":"https:\/\/www.biworldwide.com\/pt-br\/carreiras\/","og_site_name":"Brazil (Portuguese)","article_modified_time":"2025-04-01T23:21:14+00:00","twitter_card":"summary_large_image","twitter_misc":{"Est. reading time":"2 minutos"},"schema":{"@context":"https:\/\/schema.org","@graph":[{"@type":"WebPage","@id":"https:\/\/www.biworldwide.com\/pt-br\/carreiras\/","url":"https:\/\/www.biworldwide.com\/pt-br\/carreiras\/","name":"Carreiras - Brazil (Portuguese)","isPartOf":{"@id":"https:\/\/www.biworldwide.com\/pt-br\/#website"},"datePublished":"2025-01-14T16:27:10+00:00","dateModified":"2025-04-01T23:21:14+00:00","breadcrumb":{"@id":"https:\/\/www.biworldwide.com\/pt-br\/carreiras\/#breadcrumb"},"inLanguage":"pt-BR","potentialAction":[{"@type":"ReadAction","target":["https:\/\/www.biworldwide.com\/pt-br\/carreiras\/"]}]},{"@type":"BreadcrumbList","@id":"https:\/\/www.biworldwide.com\/pt-br\/carreiras\/#breadcrumb","itemListElement":[{"@type":"ListItem","position":1,"name":"Home","item":"https:\/\/www.biworldwide.com\/pt-br\/"},{"@type":"ListItem","position":2,"name":"Carreiras"}]},{"@type":"WebSite","@id":"https:\/\/www.biworldwide.com\/pt-br\/#website","url":"https:\/\/www.biworldwide.com\/pt-br\/","name":"Brazil (Portuguese)","description":"","potentialAction":[{"@type":"SearchAction","target":{"@type":"EntryPoint","urlTemplate":"https:\/\/www.biworldwide.com\/pt-br\/?s={search_term_string}"},"query-input":{"@type":"PropertyValueSpecification","valueRequired":true,"valueName":"search_term_string"}}],"inLanguage":"pt-BR"}]}},"_links":{"self":[{"href":"https:\/\/www.biworldwide.com\/pt-br\/wp-json\/wp\/v2\/pages\/172","targetHints":{"allow":["GET"]}}],"collection":[{"href":"https:\/\/www.biworldwide.com\/pt-br\/wp-json\/wp\/v2\/pages"}],"about":[{"href":"https:\/\/www.biworldwide.com\/pt-br\/wp-json\/wp\/v2\/types\/page"}],"author":[{"embeddable":true,"href":"https:\/\/www.biworldwide.com\/pt-br\/wp-json\/wp\/v2\/users\/11"}],"replies":[{"embeddable":true,"href":"https:\/\/www.biworldwide.com\/pt-br\/wp-json\/wp\/v2\/comments?post=172"}],"version-history":[{"count":4,"href":"https:\/\/www.biworldwide.com\/pt-br\/wp-json\/wp\/v2\/pages\/172\/revisions"}],"predecessor-version":[{"id":895,"href":"https:\/\/www.biworldwide.com\/pt-br\/wp-json\/wp\/v2\/pages\/172\/revisions\/895"}],"wp:attachment":[{"href":"https:\/\/www.biworldwide.com\/pt-br\/wp-json\/wp\/v2\/media?parent=172"}],"wp:term":[{"taxonomy":"wf_page_folders","embeddable":true,"href":"https:\/\/www.biworldwide.com\/pt-br\/wp-json\/wp\/v2\/wf_page_folders?post=172"}],"curies":[{"name":"wp","href":"https:\/\/api.w.org\/{rel}","templated":true}]}}