{"id":182,"date":"2025-01-14T17:07:45","date_gmt":"2025-01-14T17:07:45","guid":{"rendered":"https:\/\/live-biw-main.pantheonsite.io\/?page_id=182"},"modified":"2025-04-01T12:04:50","modified_gmt":"2025-04-01T18:04:50","slug":"declaracao-de-acessibilidade","status":"publish","type":"page","link":"https:\/\/www.biworldwide.com\/pt-br\/declaracao-de-acessibilidade\/","title":{"rendered":"Declara\u00e7\u00e3o de Acessibilidade"},"content":{"rendered":"\n<h2 class=\"wp-block-heading\"><strong>Declara\u00e7\u00e3o de Acessibilidade<\/strong><\/h2>\n\n\n\n<p>A BI WORLDWIDE est\u00e1 comprometida em fornecer um site acess\u00edvel ao maior n\u00famero poss\u00edvel de pessoas, independentemente de tecnologia ou habilidade. Estamos trabalhando ativamente para aumentar a acessibilidade e usabilidade do nosso site, seguindo muitos dos padr\u00f5es e diretrizes dispon\u00edveis.<\/p>\n\n\n\n<p>Nosso site busca estar em conformidade com o n\u00edvel AA das Diretrizes de Acessibilidade para Conte\u00fado da Web (WCAG) 2.1 do World Wide Web Consortium (W3C). Essas diretrizes explicam como tornar o conte\u00fado da web mais acess\u00edvel para pessoas com defici\u00eancia. Estar em conformidade com essas diretrizes ajuda a tornar a web mais amig\u00e1vel para todos.<\/p>\n\n\n\n<p>Este site foi desenvolvido com c\u00f3digo compat\u00edvel com os padr\u00f5es W3C para HTML e CSS. Ele \u00e9 exibido corretamente nos navegadores modernos e, por utilizar c\u00f3digo padronizado, tamb\u00e9m dever\u00e1 funcionar adequadamente em navegadores futuros.<\/p>\n\n\n\n<p>Embora a BI WORLDWIDE se esforce para seguir as diretrizes e padr\u00f5es aceitos de acessibilidade e usabilidade, pode n\u00e3o ser poss\u00edvel aplic\u00e1-los em todas as \u00e1reas do site.<\/p>\n\n\n\n<p>Estamos continuamente buscando solu\u00e7\u00f5es que elevem todas as se\u00e7\u00f5es do site ao mesmo n\u00edvel de acessibilidade. Enquanto isso, se voc\u00ea tiver qualquer dificuldade para acessar o site <a class=\"\" href=\"http:\/\/www.biworldwide.com\">www.biworldwide.com<\/a>, n\u00e3o hesite em entrar em contato conosco pelo e-mail: <a href=\"mailto:connect@biworldwide.com\">connect@biworldwide.com<\/a>.\u00a0<\/p>\n","protected":false},"excerpt":{"rendered":"<p>Declara\u00e7\u00e3o de Acessibilidade A BI WORLDWIDE est\u00e1 comprometida em fornecer um site acess\u00edvel ao maior n\u00famero poss\u00edvel de pessoas, independentemente de tecnologia ou habilidade. Estamos trabalhando ativamente para aumentar a acessibilidade e usabilidade do nosso site, seguindo muitos dos padr\u00f5es e diretrizes dispon\u00edveis. Nosso site busca estar em conformidade com o n\u00edvel AA das Diretrizes [&hellip;]<\/p>\n","protected":false},"author":11,"featured_media":0,"parent":0,"menu_order":0,"comment_status":"closed","ping_status":"closed","template":"","meta":{"featured_image_focal_point":{"x":0.5,"y":0.5},"footnotes":""},"wf_page_folders":[35],"class_list":["post-182","page","type-page","status-publish","hentry"],"yoast_head":"<!-- This site is optimized with the Yoast SEO plugin v26.2 - https:\/\/yoast.com\/wordpress\/plugins\/seo\/ -->\n<title>Declara\u00e7\u00e3o de Acessibilidade - Brazil (Portuguese)<\/title>\n<meta name=\"robots\" content=\"index, follow, max-snippet:-1, max-image-preview:large, max-video-preview:-1\" \/>\n<link rel=\"canonical\" href=\"https:\/\/www.biworldwide.com\/pt-br\/declaracao-de-acessibilidade\/\" \/>\n<meta property=\"og:locale\" content=\"pt_BR\" \/>\n<meta property=\"og:type\" content=\"article\" \/>\n<meta property=\"og:title\" content=\"Declara\u00e7\u00e3o de Acessibilidade - Brazil (Portuguese)\" \/>\n<meta property=\"og:description\" content=\"Declara\u00e7\u00e3o de Acessibilidade A BI WORLDWIDE est\u00e1 comprometida em fornecer um site acess\u00edvel ao maior n\u00famero poss\u00edvel de pessoas, independentemente de tecnologia ou habilidade. Estamos trabalhando ativamente para aumentar a acessibilidade e usabilidade do nosso site, seguindo muitos dos padr\u00f5es e diretrizes dispon\u00edveis. Nosso site busca estar em conformidade com o n\u00edvel AA das Diretrizes [&hellip;]\" \/>\n<meta property=\"og:url\" content=\"https:\/\/www.biworldwide.com\/pt-br\/declaracao-de-acessibilidade\/\" \/>\n<meta property=\"og:site_name\" content=\"Brazil (Portuguese)\" \/>\n<meta property=\"article:modified_time\" content=\"2025-04-01T18:04:50+00:00\" \/>\n<meta name=\"twitter:card\" content=\"summary_large_image\" \/>\n<meta name=\"twitter:label1\" content=\"Est. reading time\" \/>\n\t<meta name=\"twitter:data1\" content=\"1 minuto\" \/>\n<script type=\"application\/ld+json\" class=\"yoast-schema-graph\">{\"@context\":\"https:\/\/schema.org\",\"@graph\":[{\"@type\":\"WebPage\",\"@id\":\"https:\/\/www.biworldwide.com\/pt-br\/declaracao-de-acessibilidade\/\",\"url\":\"https:\/\/www.biworldwide.com\/pt-br\/declaracao-de-acessibilidade\/\",\"name\":\"Declara\u00e7\u00e3o de Acessibilidade - Brazil (Portuguese)\",\"isPartOf\":{\"@id\":\"https:\/\/www.biworldwide.com\/pt-br\/#website\"},\"datePublished\":\"2025-01-14T17:07:45+00:00\",\"dateModified\":\"2025-04-01T18:04:50+00:00\",\"breadcrumb\":{\"@id\":\"https:\/\/www.biworldwide.com\/pt-br\/declaracao-de-acessibilidade\/#breadcrumb\"},\"inLanguage\":\"pt-BR\",\"potentialAction\":[{\"@type\":\"ReadAction\",\"target\":[\"https:\/\/www.biworldwide.com\/pt-br\/declaracao-de-acessibilidade\/\"]}]},{\"@type\":\"BreadcrumbList\",\"@id\":\"https:\/\/www.biworldwide.com\/pt-br\/declaracao-de-acessibilidade\/#breadcrumb\",\"itemListElement\":[{\"@type\":\"ListItem\",\"position\":1,\"name\":\"Home\",\"item\":\"https:\/\/www.biworldwide.com\/pt-br\/\"},{\"@type\":\"ListItem\",\"position\":2,\"name\":\"Declara\u00e7\u00e3o de Acessibilidade\"}]},{\"@type\":\"WebSite\",\"@id\":\"https:\/\/www.biworldwide.com\/pt-br\/#website\",\"url\":\"https:\/\/www.biworldwide.com\/pt-br\/\",\"name\":\"Brazil (Portuguese)\",\"description\":\"\",\"potentialAction\":[{\"@type\":\"SearchAction\",\"target\":{\"@type\":\"EntryPoint\",\"urlTemplate\":\"https:\/\/www.biworldwide.com\/pt-br\/?s={search_term_string}\"},\"query-input\":{\"@type\":\"PropertyValueSpecification\",\"valueRequired\":true,\"valueName\":\"search_term_string\"}}],\"inLanguage\":\"pt-BR\"}]}<\/script>\n<!-- \/ Yoast SEO plugin. -->","yoast_head_json":{"title":"Declara\u00e7\u00e3o de Acessibilidade - Brazil (Portuguese)","robots":{"index":"index","follow":"follow","max-snippet":"max-snippet:-1","max-image-preview":"max-image-preview:large","max-video-preview":"max-video-preview:-1"},"canonical":"https:\/\/www.biworldwide.com\/pt-br\/declaracao-de-acessibilidade\/","og_locale":"pt_BR","og_type":"article","og_title":"Declara\u00e7\u00e3o de Acessibilidade - Brazil (Portuguese)","og_description":"Declara\u00e7\u00e3o de Acessibilidade A BI WORLDWIDE est\u00e1 comprometida em fornecer um site acess\u00edvel ao maior n\u00famero poss\u00edvel de pessoas, independentemente de tecnologia ou habilidade. Estamos trabalhando ativamente para aumentar a acessibilidade e usabilidade do nosso site, seguindo muitos dos padr\u00f5es e diretrizes dispon\u00edveis. Nosso site busca estar em conformidade com o n\u00edvel AA das Diretrizes [&hellip;]","og_url":"https:\/\/www.biworldwide.com\/pt-br\/declaracao-de-acessibilidade\/","og_site_name":"Brazil (Portuguese)","article_modified_time":"2025-04-01T18:04:50+00:00","twitter_card":"summary_large_image","twitter_misc":{"Est. reading time":"1 minuto"},"schema":{"@context":"https:\/\/schema.org","@graph":[{"@type":"WebPage","@id":"https:\/\/www.biworldwide.com\/pt-br\/declaracao-de-acessibilidade\/","url":"https:\/\/www.biworldwide.com\/pt-br\/declaracao-de-acessibilidade\/","name":"Declara\u00e7\u00e3o de Acessibilidade - Brazil (Portuguese)","isPartOf":{"@id":"https:\/\/www.biworldwide.com\/pt-br\/#website"},"datePublished":"2025-01-14T17:07:45+00:00","dateModified":"2025-04-01T18:04:50+00:00","breadcrumb":{"@id":"https:\/\/www.biworldwide.com\/pt-br\/declaracao-de-acessibilidade\/#breadcrumb"},"inLanguage":"pt-BR","potentialAction":[{"@type":"ReadAction","target":["https:\/\/www.biworldwide.com\/pt-br\/declaracao-de-acessibilidade\/"]}]},{"@type":"BreadcrumbList","@id":"https:\/\/www.biworldwide.com\/pt-br\/declaracao-de-acessibilidade\/#breadcrumb","itemListElement":[{"@type":"ListItem","position":1,"name":"Home","item":"https:\/\/www.biworldwide.com\/pt-br\/"},{"@type":"ListItem","position":2,"name":"Declara\u00e7\u00e3o de Acessibilidade"}]},{"@type":"WebSite","@id":"https:\/\/www.biworldwide.com\/pt-br\/#website","url":"https:\/\/www.biworldwide.com\/pt-br\/","name":"Brazil (Portuguese)","description":"","potentialAction":[{"@type":"SearchAction","target":{"@type":"EntryPoint","urlTemplate":"https:\/\/www.biworldwide.com\/pt-br\/?s={search_term_string}"},"query-input":{"@type":"PropertyValueSpecification","valueRequired":true,"valueName":"search_term_string"}}],"inLanguage":"pt-BR"}]}},"_links":{"self":[{"href":"https:\/\/www.biworldwide.com\/pt-br\/wp-json\/wp\/v2\/pages\/182","targetHints":{"allow":["GET"]}}],"collection":[{"href":"https:\/\/www.biworldwide.com\/pt-br\/wp-json\/wp\/v2\/pages"}],"about":[{"href":"https:\/\/www.biworldwide.com\/pt-br\/wp-json\/wp\/v2\/types\/page"}],"author":[{"embeddable":true,"href":"https:\/\/www.biworldwide.com\/pt-br\/wp-json\/wp\/v2\/users\/11"}],"replies":[{"embeddable":true,"href":"https:\/\/www.biworldwide.com\/pt-br\/wp-json\/wp\/v2\/comments?post=182"}],"version-history":[{"count":2,"href":"https:\/\/www.biworldwide.com\/pt-br\/wp-json\/wp\/v2\/pages\/182\/revisions"}],"predecessor-version":[{"id":874,"href":"https:\/\/www.biworldwide.com\/pt-br\/wp-json\/wp\/v2\/pages\/182\/revisions\/874"}],"wp:attachment":[{"href":"https:\/\/www.biworldwide.com\/pt-br\/wp-json\/wp\/v2\/media?parent=182"}],"wp:term":[{"taxonomy":"wf_page_folders","embeddable":true,"href":"https:\/\/www.biworldwide.com\/pt-br\/wp-json\/wp\/v2\/wf_page_folders?post=182"}],"curies":[{"name":"wp","href":"https:\/\/api.w.org\/{rel}","templated":true}]}}