{"id":188,"date":"2025-01-14T17:08:16","date_gmt":"2025-01-14T17:08:16","guid":{"rendered":"https:\/\/live-biw-main.pantheonsite.io\/?page_id=188"},"modified":"2025-04-01T12:04:17","modified_gmt":"2025-04-01T18:04:17","slug":"termos-de-uso","status":"publish","type":"page","link":"https:\/\/www.biworldwide.com\/pt-br\/termos-de-uso\/","title":{"rendered":"Termos de Uso"},"content":{"rendered":"\n<div class=\"wp-block-group  layout-columns-8 has-global-padding is-layout-constrained wp-container-core-group-is-layout-fce79bf6 wp-block-group-is-layout-constrained\">\n<p class=\"has-xxl-font-size\"><strong><strong>Termos de Uso<\/strong><\/strong><\/p>\n\n\n\n<p>As informa\u00e7\u00f5es contidas neste site s\u00e3o propriedade da BI WORLDWIDE\u2122 e seus fornecedores, sendo protegidas pela legisla\u00e7\u00e3o de direitos autorais aplic\u00e1vel. Voc\u00ea concorda em n\u00e3o reproduzir, retransmitir, disseminar, vender, distribuir, publicar, transmitir, circular ou explorar comercialmente as Informa\u00e7\u00f5es de qualquer forma sem o consentimento expresso por escrito da BI WORLDWIDE\u2122 e de outros fornecedores relevantes.<\/p>\n\n\n\n<p>A BI WORLDWIDE\u2122 n\u00e3o oferece garantia de comercializa\u00e7\u00e3o, garantia de adequa\u00e7\u00e3o a um prop\u00f3sito espec\u00edfico e nem garantia de n\u00e3o infra\u00e7\u00e3o. N\u00e3o h\u00e1 qualquer garantia, expressa ou impl\u00edcita, sobre as informa\u00e7\u00f5es contidas neste site.<\/p>\n\n\n\n<p>Nem a BI WORLDWIDE\u2122 nem seus agentes, representantes ou contratados que transmitem informa\u00e7\u00f5es por meio deste site ser\u00e3o respons\u00e1veis por quaisquer danos consequenciais, incidentais, especiais ou indiretos (incluindo lucros perdidos e danos que possam resultar de inconvenientes, atrasos ou perda de uso das informa\u00e7\u00f5es, ou por omiss\u00f5es ou imprecis\u00f5es nas informa\u00e7\u00f5es), mesmo que tenham sido avisados sobre a possibilidade desses danos.<\/p>\n\n\n\n<p>Ocasionalmente, podem ocorrer altera\u00e7\u00f5es nos diversos planos de seguro e benef\u00edcios. A BI WORLDWIDE\u2122 reserva-se o direito de definir as disposi\u00e7\u00f5es de um plano e modificar, alterar ou rescindir qualquer um dos planos de benef\u00edcios fornecidos a qualquer momento e por qualquer motivo, sem aviso pr\u00e9vio aos Associados, conforme permitido por lei.<\/p>\n\n\n\n<p>Copyright \u00a9 2025 BI WORLDWIDE\u2122<\/p>\n\n\n\n<p>BI WORLDWIDE\u2122 \u00e9 um nome comercial da Schoeneckers, Inc.<\/p>\n<\/div>\n\n\n\n<p><\/p>\n","protected":false},"excerpt":{"rendered":"<p>Termos de Uso As informa\u00e7\u00f5es contidas neste site s\u00e3o propriedade da BI WORLDWIDE\u2122 e seus fornecedores, sendo protegidas pela legisla\u00e7\u00e3o de direitos autorais aplic\u00e1vel. Voc\u00ea concorda em n\u00e3o reproduzir, retransmitir, disseminar, vender, distribuir, publicar, transmitir, circular ou explorar comercialmente as Informa\u00e7\u00f5es de qualquer forma sem o consentimento expresso por escrito da BI WORLDWIDE\u2122 e de [&hellip;]<\/p>\n","protected":false},"author":11,"featured_media":0,"parent":0,"menu_order":0,"comment_status":"closed","ping_status":"closed","template":"","meta":{"featured_image_focal_point":{"x":0.5,"y":0.5},"footnotes":""},"wf_page_folders":[35],"class_list":["post-188","page","type-page","status-publish","hentry"],"yoast_head":"<!-- This site is optimized with the Yoast SEO plugin v26.2 - https:\/\/yoast.com\/wordpress\/plugins\/seo\/ -->\n<title>Termos de Uso - Brazil (Portuguese)<\/title>\n<meta name=\"robots\" content=\"index, follow, max-snippet:-1, max-image-preview:large, max-video-preview:-1\" \/>\n<link rel=\"canonical\" href=\"https:\/\/www.biworldwide.com\/pt-br\/termos-de-uso\/\" \/>\n<meta property=\"og:locale\" content=\"pt_BR\" \/>\n<meta property=\"og:type\" content=\"article\" \/>\n<meta property=\"og:title\" content=\"Termos de Uso - Brazil (Portuguese)\" \/>\n<meta property=\"og:description\" content=\"Termos de Uso As informa\u00e7\u00f5es contidas neste site s\u00e3o propriedade da BI WORLDWIDE\u2122 e seus fornecedores, sendo protegidas pela legisla\u00e7\u00e3o de direitos autorais aplic\u00e1vel. Voc\u00ea concorda em n\u00e3o reproduzir, retransmitir, disseminar, vender, distribuir, publicar, transmitir, circular ou explorar comercialmente as Informa\u00e7\u00f5es de qualquer forma sem o consentimento expresso por escrito da BI WORLDWIDE\u2122 e de [&hellip;]\" \/>\n<meta property=\"og:url\" content=\"https:\/\/www.biworldwide.com\/pt-br\/termos-de-uso\/\" \/>\n<meta property=\"og:site_name\" content=\"Brazil (Portuguese)\" \/>\n<meta property=\"article:modified_time\" content=\"2025-04-01T18:04:17+00:00\" \/>\n<meta name=\"twitter:card\" content=\"summary_large_image\" \/>\n<meta name=\"twitter:label1\" content=\"Est. reading time\" \/>\n\t<meta name=\"twitter:data1\" content=\"2 minutos\" \/>\n<script type=\"application\/ld+json\" class=\"yoast-schema-graph\">{\"@context\":\"https:\/\/schema.org\",\"@graph\":[{\"@type\":\"WebPage\",\"@id\":\"https:\/\/www.biworldwide.com\/pt-br\/termos-de-uso\/\",\"url\":\"https:\/\/www.biworldwide.com\/pt-br\/termos-de-uso\/\",\"name\":\"Termos de Uso - Brazil (Portuguese)\",\"isPartOf\":{\"@id\":\"https:\/\/www.biworldwide.com\/pt-br\/#website\"},\"datePublished\":\"2025-01-14T17:08:16+00:00\",\"dateModified\":\"2025-04-01T18:04:17+00:00\",\"breadcrumb\":{\"@id\":\"https:\/\/www.biworldwide.com\/pt-br\/termos-de-uso\/#breadcrumb\"},\"inLanguage\":\"pt-BR\",\"potentialAction\":[{\"@type\":\"ReadAction\",\"target\":[\"https:\/\/www.biworldwide.com\/pt-br\/termos-de-uso\/\"]}]},{\"@type\":\"BreadcrumbList\",\"@id\":\"https:\/\/www.biworldwide.com\/pt-br\/termos-de-uso\/#breadcrumb\",\"itemListElement\":[{\"@type\":\"ListItem\",\"position\":1,\"name\":\"Home\",\"item\":\"https:\/\/www.biworldwide.com\/pt-br\/\"},{\"@type\":\"ListItem\",\"position\":2,\"name\":\"Termos de Uso\"}]},{\"@type\":\"WebSite\",\"@id\":\"https:\/\/www.biworldwide.com\/pt-br\/#website\",\"url\":\"https:\/\/www.biworldwide.com\/pt-br\/\",\"name\":\"Brazil (Portuguese)\",\"description\":\"\",\"potentialAction\":[{\"@type\":\"SearchAction\",\"target\":{\"@type\":\"EntryPoint\",\"urlTemplate\":\"https:\/\/www.biworldwide.com\/pt-br\/?s={search_term_string}\"},\"query-input\":{\"@type\":\"PropertyValueSpecification\",\"valueRequired\":true,\"valueName\":\"search_term_string\"}}],\"inLanguage\":\"pt-BR\"}]}<\/script>\n<!-- \/ Yoast SEO plugin. -->","yoast_head_json":{"title":"Termos de Uso - Brazil (Portuguese)","robots":{"index":"index","follow":"follow","max-snippet":"max-snippet:-1","max-image-preview":"max-image-preview:large","max-video-preview":"max-video-preview:-1"},"canonical":"https:\/\/www.biworldwide.com\/pt-br\/termos-de-uso\/","og_locale":"pt_BR","og_type":"article","og_title":"Termos de Uso - Brazil (Portuguese)","og_description":"Termos de Uso As informa\u00e7\u00f5es contidas neste site s\u00e3o propriedade da BI WORLDWIDE\u2122 e seus fornecedores, sendo protegidas pela legisla\u00e7\u00e3o de direitos autorais aplic\u00e1vel. Voc\u00ea concorda em n\u00e3o reproduzir, retransmitir, disseminar, vender, distribuir, publicar, transmitir, circular ou explorar comercialmente as Informa\u00e7\u00f5es de qualquer forma sem o consentimento expresso por escrito da BI WORLDWIDE\u2122 e de [&hellip;]","og_url":"https:\/\/www.biworldwide.com\/pt-br\/termos-de-uso\/","og_site_name":"Brazil (Portuguese)","article_modified_time":"2025-04-01T18:04:17+00:00","twitter_card":"summary_large_image","twitter_misc":{"Est. reading time":"2 minutos"},"schema":{"@context":"https:\/\/schema.org","@graph":[{"@type":"WebPage","@id":"https:\/\/www.biworldwide.com\/pt-br\/termos-de-uso\/","url":"https:\/\/www.biworldwide.com\/pt-br\/termos-de-uso\/","name":"Termos de Uso - Brazil (Portuguese)","isPartOf":{"@id":"https:\/\/www.biworldwide.com\/pt-br\/#website"},"datePublished":"2025-01-14T17:08:16+00:00","dateModified":"2025-04-01T18:04:17+00:00","breadcrumb":{"@id":"https:\/\/www.biworldwide.com\/pt-br\/termos-de-uso\/#breadcrumb"},"inLanguage":"pt-BR","potentialAction":[{"@type":"ReadAction","target":["https:\/\/www.biworldwide.com\/pt-br\/termos-de-uso\/"]}]},{"@type":"BreadcrumbList","@id":"https:\/\/www.biworldwide.com\/pt-br\/termos-de-uso\/#breadcrumb","itemListElement":[{"@type":"ListItem","position":1,"name":"Home","item":"https:\/\/www.biworldwide.com\/pt-br\/"},{"@type":"ListItem","position":2,"name":"Termos de Uso"}]},{"@type":"WebSite","@id":"https:\/\/www.biworldwide.com\/pt-br\/#website","url":"https:\/\/www.biworldwide.com\/pt-br\/","name":"Brazil (Portuguese)","description":"","potentialAction":[{"@type":"SearchAction","target":{"@type":"EntryPoint","urlTemplate":"https:\/\/www.biworldwide.com\/pt-br\/?s={search_term_string}"},"query-input":{"@type":"PropertyValueSpecification","valueRequired":true,"valueName":"search_term_string"}}],"inLanguage":"pt-BR"}]}},"_links":{"self":[{"href":"https:\/\/www.biworldwide.com\/pt-br\/wp-json\/wp\/v2\/pages\/188","targetHints":{"allow":["GET"]}}],"collection":[{"href":"https:\/\/www.biworldwide.com\/pt-br\/wp-json\/wp\/v2\/pages"}],"about":[{"href":"https:\/\/www.biworldwide.com\/pt-br\/wp-json\/wp\/v2\/types\/page"}],"author":[{"embeddable":true,"href":"https:\/\/www.biworldwide.com\/pt-br\/wp-json\/wp\/v2\/users\/11"}],"replies":[{"embeddable":true,"href":"https:\/\/www.biworldwide.com\/pt-br\/wp-json\/wp\/v2\/comments?post=188"}],"version-history":[{"count":2,"href":"https:\/\/www.biworldwide.com\/pt-br\/wp-json\/wp\/v2\/pages\/188\/revisions"}],"predecessor-version":[{"id":872,"href":"https:\/\/www.biworldwide.com\/pt-br\/wp-json\/wp\/v2\/pages\/188\/revisions\/872"}],"wp:attachment":[{"href":"https:\/\/www.biworldwide.com\/pt-br\/wp-json\/wp\/v2\/media?parent=188"}],"wp:term":[{"taxonomy":"wf_page_folders","embeddable":true,"href":"https:\/\/www.biworldwide.com\/pt-br\/wp-json\/wp\/v2\/wf_page_folders?post=188"}],"curies":[{"name":"wp","href":"https:\/\/api.w.org\/{rel}","templated":true}]}}