{"id":190,"date":"2025-01-14T17:08:43","date_gmt":"2025-01-14T17:08:43","guid":{"rendered":"https:\/\/live-biw-main.pantheonsite.io\/?page_id=190"},"modified":"2025-04-01T12:10:23","modified_gmt":"2025-04-01T18:10:23","slug":"viagens-de-incentivo-em-grupo","status":"publish","type":"page","link":"https:\/\/www.biworldwide.com\/pt-br\/viagens-de-incentivo-em-grupo\/","title":{"rendered":"Viagens de Incentivo em Grupo"},"content":{"rendered":"<div class=\" has-content-align-left has-overlay has-overlay--dark alignfull wp-block-biw-block-theme-hero\">\n\t<div class=\"biw-hero__grid\">\n\t\t\n\t\t\t\t\t<div class=\"biw-hero__media \">\n\t\t\t\t\t\t\t\t\t<div class=\"biw-hero__overlay overlay-dark\"><\/div>\n\t\t\t\t\t\t\t\t<img decoding=\"async\" src=\"http:\/\/live-biw-main.pantheonsite.io\/wp-content\/uploads\/2025\/02\/GroupTravel-1728x600px.jpg\" alt=\"A group of six people taking a selfie outdoors, all smiling and posing together. The background shows a large architectural structure, with a painterly effect and blurred areas. The people appear to be having a joyful moment.\" class=\"biw-hero__bg-image\" style=\"object-position: 50% 50%;\">\t\t\t<\/div>\n\t\t\t\t<div class=\"biw-hero__content\">\n\t\t\t\t\t\t<h1 class=\"biw-hero__title\" style=\"line-height: 1.2\">\n\t\t\t\tViagens de Incentivo em Grupo\t\t\t<\/h1>\n\t\t\t\t\t\t\t<h2 class=\"biw-hero__subtitle\">\n\t\t\t\t\tSe voc\u00ea quer desempenho excepcional, precisa oferecer recompensas \u00e0 altura.\t\t\t\t<\/h2>\n\t\t\t\t\t\t\t\t\t\t<div class=\"biw-hero__text\">\n\t\t\t\t\t\n\n<p>As pesquisas n\u00e3o mentem: nada motiva mais os colaboradores do que experi\u00eancias de viagem inspiradoras. E ningu\u00e9m entende mais de viagens de incentivo do que n\u00f3s.<br><\/p>\n\n\t\t\t\t<\/div>\n\t\t\t\t\t\t\t\t<\/div>\n\t<\/div>\n<\/div>\n\n\n\n<div class=\"wp-block-group alignfull  layout-columns-8 has-global-padding is-layout-constrained wp-container-core-group-is-layout-fce79bf6 wp-block-group-is-layout-constrained\">\n<div class=\"wp-block-group alignfull has-global-padding is-layout-constrained wp-container-core-group-is-layout-d3543a3b wp-block-group-is-layout-constrained\">\n<div class=\"wp-block-group  layout-columns-8 has-global-padding is-layout-constrained wp-container-core-group-is-layout-ee362a79 wp-block-group-is-layout-constrained\">\n<h2 class=\"wp-block-heading has-text-align-center  has-text-wrap-pretty\">Vamos descobrir at\u00e9 onde sua equipe pode chegar.<\/h2>\n<\/div>\n<\/div>\n\n\n\n<p>Nada impulsiona o desempenho como a promessa de uma experi\u00eancia inesquec\u00edvel. Temos parcerias internacionais e equipes locais para planejar e gerenciar cada detalhe da viagem. Preocupado com a complexidade log\u00edstica? Pode ficar tranquilo. Cuidamos de tudo, mas voc\u00ea mant\u00e9m o controle: define o or\u00e7amento, escolhe quem ser\u00e1 premiado e sabe exatamente o que esperar.<\/p>\n\n\n\n<p>Quando bem executadas, as viagens de incentivo despertam um novo n\u00edvel de ambi\u00e7\u00e3o e motiva\u00e7\u00e3o \u2014 n\u00e3o apenas nos colaboradores de alta performance, mas tamb\u00e9m naqueles com potencial ainda n\u00e3o explorado. Criamos programas personalizados com toques \u00fanicos que aumentam o impacto.<\/p>\n\n\n\n<div class=\"wp-block-group  layout-columns-8 has-global-padding is-layout-constrained wp-container-core-group-is-layout-fce79bf6 wp-block-group-is-layout-constrained\">\n<figure class=\"wp-block-embed is-type-video is-provider-vimeo wp-block-embed-vimeo wp-embed-aspect-16-9 wp-has-aspect-ratio\"><div class=\"wp-block-embed__wrapper\">\n<iframe loading=\"lazy\" title=\"BIW_Demo_Reel___v6\" src=\"https:\/\/player.vimeo.com\/video\/1058349480?dnt=1&amp;app_id=122963\" width=\"500\" height=\"281\" frameborder=\"0\" allow=\"autoplay; fullscreen; picture-in-picture; clipboard-write; encrypted-media\"><\/iframe>\n<\/div><\/figure>\n<\/div>\n<\/div>\n\n\n\n<div class=\"wp-block-group alignfull has-global-padding is-layout-constrained wp-container-core-group-is-layout-e04489b5 wp-block-group-is-layout-constrained\">\n<div class=\"wp-block-group  layout-columns-8 has-global-padding is-layout-constrained wp-container-core-group-is-layout-fce79bf6 wp-block-group-is-layout-constrained\">\n<h2 class=\"wp-block-heading has-text-align-center\">Os n\u00fameros comprovam:<\/h2>\n<\/div>\n\n\n\n<div class=\"wp-block-group  layout-columns-10 has-global-padding is-layout-constrained wp-container-core-group-is-layout-0b5f5b40 wp-block-group-is-layout-constrained\">\n<div class=\"wp-block-group has-text-align-center is-layout-grid wp-container-core-group-is-layout-ef442fb0 wp-block-group-is-layout-grid\">\n<div class=\"wp-block-group is-vertical is-content-justification-center is-layout-flex wp-container-core-group-is-layout-81423f52 wp-block-group-is-layout-flex\">\n<h3 class=\"wp-block-heading has-impact-font-size  has-text-wrap-no-wrap  has-gradient-fill has-gradient-fill-green\">76k<\/h3>\n\n\n\n<p class=\"has-text-align-center has-large-font-size  has-text-wrap-balance\">viajantes por ano<\/p>\n<\/div>\n\n\n\n<div class=\"wp-block-group is-vertical is-content-justification-center is-layout-flex wp-container-core-group-is-layout-81423f52 wp-block-group-is-layout-flex\">\n<h3 class=\"wp-block-heading has-impact-font-size  has-text-wrap-no-wrap  has-gradient-fill has-gradient-fill-green\">1k<\/h3>\n\n\n\n<p class=\"has-text-align-center has-large-font-size  has-text-wrap-balance\">programas \u00fanicos de incentivo com viagem<br><\/p>\n<\/div>\n\n\n\n<div class=\"wp-block-group is-vertical is-content-justification-center is-layout-flex wp-container-core-group-is-layout-81423f52 wp-block-group-is-layout-flex\">\n<h3 class=\"wp-block-heading has-impact-font-size  has-text-wrap-no-wrap  has-gradient-fill has-gradient-fill-green\">98%<\/h3>\n\n\n\n<p class=\"has-text-align-center has-large-font-size  has-text-wrap-balance\">\u00edndice de clientes que retornam<\/p>\n<\/div>\n<\/div>\n<\/div>\n<\/div>\n\n\n\n<div class=\"wp-block-group  layout-columns-7 has-global-padding is-layout-constrained wp-container-core-group-is-layout-a133ec42 wp-block-group-is-layout-constrained\">\n<figure class=\"wp-block-gallery has-nested-images columns-default is-cropped wp-block-gallery-1 is-layout-flex wp-block-gallery-is-layout-flex\">\n<figure class=\"wp-block-image size-large\"><img decoding=\"async\" data-id=\"4683\" src=\"https:\/\/live-biw-main.pantheonsite.io\/wp-content\/uploads\/2025\/03\/EOM061024DH1-315-1024x683.jpg\" alt=\"Two people wearing wide-brimmed hats and gloves are arranging sliced red fruit on beige plates at an outdoor food preparation area, a lively group travel scene. A stack of hay bales stands in the background with more travelers working enthusiastically.\" class=\"wp-image-4683\" \/><\/figure>\n\n\n\n<figure class=\"wp-block-image size-large\"><img decoding=\"async\" data-id=\"4684\" src=\"https:\/\/live-biw-main.pantheonsite.io\/wp-content\/uploads\/2025\/03\/EOO060924DH-92-1024x683.jpg\" alt=\"A beautifully set outdoor dining table for group travel, featuring ornate brown plates and bronze cutlery. It is adorned with vibrant floral arrangements in pink, red, and orange hues. In the background unfolds a stunning ocean view, while candles add an elegant touch.\" class=\"wp-image-4684\" \/><\/figure>\n\n\n\n<figure class=\"wp-block-image size-large\"><img decoding=\"async\" data-id=\"4686\" src=\"https:\/\/live-biw-main.pantheonsite.io\/wp-content\/uploads\/2025\/03\/IPS1_403-Edit-1024x683.jpg\" alt=\"A woman, possibly planning a group travel adventure, stands at a sunglasses display counter conversing with a sales assistant. The counter features trendy sunglasses and promotional posters with models donning stylish shades in this bright, upscale store or showroom.\" class=\"wp-image-4686\" \/><\/figure>\n\n\n\n<figure class=\"wp-block-image size-large\"><img decoding=\"async\" data-id=\"4682\" src=\"https:\/\/live-biw-main.pantheonsite.io\/wp-content\/uploads\/2025\/03\/BIWPclub2024-768x1024.jpg\" alt=\"A line of vintage cars embarks on a group travel adventure along a narrow road bordered by stone walls. The road gracefully curves through a vineyard-covered hillside, with a medieval-style tower on the left and autumn foliage adorning the trees and vines.\" class=\"wp-image-4682\" \/><\/figure>\n\n\n\n<figure class=\"wp-block-image size-large\"><img decoding=\"async\" data-id=\"4687\" src=\"https:\/\/live-biw-main.pantheonsite.io\/wp-content\/uploads\/2025\/03\/IPS2_377-681x1024.jpg\" alt=\"A musician plays a double bass outdoors in front of a gray panel wall, echoing the camaraderie of group travel. They have long braided hair and wear a light-colored dress. The low angle emphasizes the instruments size while a drummer is partially visible in the background.\" class=\"wp-image-4687\" \/><figcaption class=\"wp-element-caption\">\u00a9 LILA PHOTO<\/figcaption><\/figure>\n<\/figure>\n<\/div>\n\n\n\n<div class=\"wp-block-group has-global-padding is-layout-constrained wp-block-group-is-layout-constrained\">\n<div class=\"wp-block-columns is-layout-flex wp-container-core-columns-is-layout-643ced6b wp-block-columns-is-layout-flex\">\n<div class=\"wp-block-column is-layout-flow wp-container-core-column-is-layout-119bc444 wp-block-column-is-layout-flow\">\n<div class=\"wp-block-group has-global-padding is-layout-constrained wp-container-core-group-is-layout-e0082cf6 wp-block-group-is-layout-constrained\">\n<p class=\"is-style-overline-text is-style-overline-text--2\" style=\"text-transform:uppercase\"><strong>Pr\u00eamios<\/strong><\/p>\n\n\n\n<h2 class=\"wp-block-heading is-style-section-large-heading is-style-section-large-heading--3\">Trabalhos premiados reconhecidos por especialistas do setor.<\/h2>\n\n\n\n<p class=\"is-style-intro-text is-style-intro-text--4\">Uma cole\u00e7\u00e3o imbat\u00edvel de produtos personalizados, experi\u00eancias \u00fanicas na vida, viagens e desenvolvimento pessoal.<\/p>\n<\/div>\n\n\n\n<div class=\"wp-block-buttons is-layout-flex wp-block-buttons-is-layout-flex\">\n<div class=\"wp-block-button is-style-secondary-fill\"><a class=\"wp-block-button__link wp-element-button\" href=\"https:\/\/www.biworldwide.com\/pt-br\/awards-and-accolades\/\">Ver todos os pr\u00eamios<\/a><\/div>\n<\/div>\n<\/div>\n\n\n\n<div class=\"wp-block-column is-layout-flow wp-block-column-is-layout-flow\">\n<div data-animate=\"true\" data-animation-direction=\"left\" data-child-animation=\"individual\" class=\"wp-block-group has-global-padding is-layout-constrained wp-container-core-group-is-layout-92b9201d wp-block-group-is-layout-constrained\">\n<div class=\"wp-block-columns is-not-stacked-on-mobile is-layout-flex wp-container-core-columns-is-layout-7fc3d43a wp-block-columns-is-layout-flex\">\n<div class=\"wp-block-column is-layout-flow wp-block-column-is-layout-flow\" style=\"flex-basis:160px\">\n<figure class=\"wp-block-image size-full has-custom-border wp-container-content-b7254e18\"><img decoding=\"async\" src=\"http:\/\/live-biw-main.pantheonsite.io\/wp-content\/uploads\/2025\/03\/CMIX25_logo.png\" alt=\"Bold, colorful 3D text reading CMI 25 in overlapping red, green, blue, and yellow letters symbolizes the energy and excitement of group travel. Each character casts a subtle shadow on a reflective surface, creating an artistic and vibrant composition.\" class=\"wp-image-4693\" style=\"border-radius:24px;aspect-ratio:1;object-fit:contain\" \/><\/figure>\n<\/div>\n\n\n\n<div class=\"wp-block-column is-layout-flow wp-block-column-is-layout-flow\">\n<div class=\"wp-block-group  has-gradient-fill has-gradient-fill-purple has-global-padding is-layout-constrained wp-container-core-group-is-layout-19e250f3 wp-block-group-is-layout-constrained\">\n<h2 class=\"wp-block-heading\" style=\"font-size:4rem\">CMI<\/h2>\n\n\n\n<h2 class=\"wp-block-heading\" style=\"margin-top:-10px;font-size:2rem\">Top 25<\/h2>\n<\/div>\n<\/div>\n<\/div>\n\n\n\n<div class=\"wp-block-columns is-not-stacked-on-mobile is-layout-flex wp-container-core-columns-is-layout-7fc3d43a wp-block-columns-is-layout-flex\">\n<div class=\"wp-block-column is-layout-flow wp-block-column-is-layout-flow\" style=\"flex-basis:160px\">\n<figure class=\"wp-block-image size-full has-custom-border wp-container-content-b7254e18\"><img decoding=\"async\" src=\"http:\/\/live-biw-main.pantheonsite.io\/wp-content\/uploads\/2025\/02\/ecovadis-badge.svg\" alt=\"\" class=\"wp-image-2535\" style=\"border-radius:24px;aspect-ratio:1;object-fit:cover\" \/><\/figure>\n<\/div>\n\n\n\n<div class=\"wp-block-column is-layout-flow wp-block-column-is-layout-flow\">\n<div class=\"wp-block-group  has-gradient-fill has-gradient-fill-orange has-global-padding is-layout-constrained wp-container-core-group-is-layout-19e250f3 wp-block-group-is-layout-constrained\">\n<h2 class=\"wp-block-heading\" style=\"font-size:4rem\">EcoVadis<\/h2>\n\n\n\n<h2 class=\"wp-block-heading\" style=\"margin-top:-10px;font-size:2rem\">Silver Sustainability Award<\/h2>\n<\/div>\n<\/div>\n<\/div>\n\n\n\n<div class=\"wp-block-columns are-vertically-aligned-center is-not-stacked-on-mobile is-layout-flex wp-container-core-columns-is-layout-7fc3d43a wp-block-columns-is-layout-flex\">\n<div class=\"wp-block-column is-vertically-aligned-center is-layout-flow wp-block-column-is-layout-flow\" style=\"flex-basis:160px\">\n<figure class=\"wp-block-image size-full has-custom-border wp-container-content-b7254e18\"><img decoding=\"async\" src=\"http:\/\/live-biw-main.pantheonsite.io\/wp-content\/uploads\/2025\/03\/customer-satisfaction-bug.png\" alt=\"A golden trophy with two handles and a black base stands tall, celebrating shared triumphs of group travel. Three golden stars hover above, while smaller stars are scattered around the base against a beige background.\" class=\"wp-image-4697\" style=\"border-radius:24px;aspect-ratio:1;object-fit:cover\" \/><\/figure>\n<\/div>\n\n\n\n<div class=\"wp-block-column is-vertically-aligned-center is-layout-flow wp-block-column-is-layout-flow\">\n<div class=\"wp-block-group  has-gradient-fill has-gradient-fill-green has-global-padding is-layout-constrained wp-container-core-group-is-layout-19e250f3 wp-block-group-is-layout-constrained\">\n<h2 class=\"wp-block-heading\" style=\"font-size:4rem\">9.9<\/h2>\n\n\n\n<h2 class=\"wp-block-heading\" style=\"margin-top:-10px;font-size:2rem\">Customer Satisfaction Rating <\/h2>\n<\/div>\n<\/div>\n<\/div>\n<\/div>\n<\/div>\n<\/div>\n<\/div>\n","protected":false},"excerpt":{"rendered":"<p>Vamos descobrir at\u00e9 onde sua equipe pode chegar. Nada impulsiona o desempenho como a promessa de uma experi\u00eancia inesquec\u00edvel. Temos parcerias internacionais e equipes locais para planejar e gerenciar cada detalhe da viagem. Preocupado com a complexidade log\u00edstica? Pode ficar tranquilo. Cuidamos de tudo, mas voc\u00ea mant\u00e9m o controle: define o or\u00e7amento, escolhe quem ser\u00e1 [&hellip;]<\/p>\n","protected":false},"author":11,"featured_media":0,"parent":0,"menu_order":0,"comment_status":"closed","ping_status":"closed","template":"","meta":{"featured_image_focal_point":{"x":0.5,"y":0.5},"footnotes":""},"wf_page_folders":[39],"class_list":["post-190","page","type-page","status-publish","hentry"],"yoast_head":"<!-- This site is optimized with the Yoast SEO plugin v26.2 - https:\/\/yoast.com\/wordpress\/plugins\/seo\/ -->\n<title>Viagens de Incentivo em Grupo - Brazil (Portuguese)<\/title>\n<meta name=\"robots\" content=\"index, follow, max-snippet:-1, max-image-preview:large, max-video-preview:-1\" \/>\n<link rel=\"canonical\" href=\"https:\/\/www.biworldwide.com\/pt-br\/viagens-de-incentivo-em-grupo\/\" \/>\n<meta property=\"og:locale\" content=\"pt_BR\" \/>\n<meta property=\"og:type\" content=\"article\" \/>\n<meta property=\"og:title\" content=\"Viagens de Incentivo em Grupo - Brazil (Portuguese)\" \/>\n<meta property=\"og:description\" content=\"Vamos descobrir at\u00e9 onde sua equipe pode chegar. Nada impulsiona o desempenho como a promessa de uma experi\u00eancia inesquec\u00edvel. Temos parcerias internacionais e equipes locais para planejar e gerenciar cada detalhe da viagem. Preocupado com a complexidade log\u00edstica? Pode ficar tranquilo. Cuidamos de tudo, mas voc\u00ea mant\u00e9m o controle: define o or\u00e7amento, escolhe quem ser\u00e1 [&hellip;]\" \/>\n<meta property=\"og:url\" content=\"https:\/\/www.biworldwide.com\/pt-br\/viagens-de-incentivo-em-grupo\/\" \/>\n<meta property=\"og:site_name\" content=\"Brazil (Portuguese)\" \/>\n<meta property=\"article:modified_time\" content=\"2025-04-01T18:10:23+00:00\" \/>\n<meta property=\"og:image\" content=\"https:\/\/live-biw-main.pantheonsite.io\/wp-content\/uploads\/2025\/03\/EOM061024DH1-315-1024x683.jpg\" \/>\n<meta name=\"twitter:card\" content=\"summary_large_image\" \/>\n<meta name=\"twitter:label1\" content=\"Est. reading time\" \/>\n\t<meta name=\"twitter:data1\" content=\"3 minutos\" \/>\n<script type=\"application\/ld+json\" class=\"yoast-schema-graph\">{\"@context\":\"https:\/\/schema.org\",\"@graph\":[{\"@type\":\"WebPage\",\"@id\":\"https:\/\/www.biworldwide.com\/pt-br\/viagens-de-incentivo-em-grupo\/\",\"url\":\"https:\/\/www.biworldwide.com\/pt-br\/viagens-de-incentivo-em-grupo\/\",\"name\":\"Viagens de Incentivo em Grupo - Brazil (Portuguese)\",\"isPartOf\":{\"@id\":\"https:\/\/www.biworldwide.com\/pt-br\/#website\"},\"primaryImageOfPage\":{\"@id\":\"https:\/\/www.biworldwide.com\/pt-br\/viagens-de-incentivo-em-grupo\/#primaryimage\"},\"image\":{\"@id\":\"https:\/\/www.biworldwide.com\/pt-br\/viagens-de-incentivo-em-grupo\/#primaryimage\"},\"thumbnailUrl\":\"https:\/\/live-biw-main.pantheonsite.io\/wp-content\/uploads\/2025\/03\/EOM061024DH1-315-1024x683.jpg\",\"datePublished\":\"2025-01-14T17:08:43+00:00\",\"dateModified\":\"2025-04-01T18:10:23+00:00\",\"breadcrumb\":{\"@id\":\"https:\/\/www.biworldwide.com\/pt-br\/viagens-de-incentivo-em-grupo\/#breadcrumb\"},\"inLanguage\":\"pt-BR\",\"potentialAction\":[{\"@type\":\"ReadAction\",\"target\":[\"https:\/\/www.biworldwide.com\/pt-br\/viagens-de-incentivo-em-grupo\/\"]}]},{\"@type\":\"ImageObject\",\"inLanguage\":\"pt-BR\",\"@id\":\"https:\/\/www.biworldwide.com\/pt-br\/viagens-de-incentivo-em-grupo\/#primaryimage\",\"url\":\"https:\/\/live-biw-main.pantheonsite.io\/wp-content\/uploads\/2025\/03\/EOM061024DH1-315-1024x683.jpg\",\"contentUrl\":\"https:\/\/live-biw-main.pantheonsite.io\/wp-content\/uploads\/2025\/03\/EOM061024DH1-315-1024x683.jpg\"},{\"@type\":\"BreadcrumbList\",\"@id\":\"https:\/\/www.biworldwide.com\/pt-br\/viagens-de-incentivo-em-grupo\/#breadcrumb\",\"itemListElement\":[{\"@type\":\"ListItem\",\"position\":1,\"name\":\"Home\",\"item\":\"https:\/\/www.biworldwide.com\/pt-br\/\"},{\"@type\":\"ListItem\",\"position\":2,\"name\":\"Viagens de Incentivo em Grupo\"}]},{\"@type\":\"WebSite\",\"@id\":\"https:\/\/www.biworldwide.com\/pt-br\/#website\",\"url\":\"https:\/\/www.biworldwide.com\/pt-br\/\",\"name\":\"Brazil (Portuguese)\",\"description\":\"\",\"potentialAction\":[{\"@type\":\"SearchAction\",\"target\":{\"@type\":\"EntryPoint\",\"urlTemplate\":\"https:\/\/www.biworldwide.com\/pt-br\/?s={search_term_string}\"},\"query-input\":{\"@type\":\"PropertyValueSpecification\",\"valueRequired\":true,\"valueName\":\"search_term_string\"}}],\"inLanguage\":\"pt-BR\"}]}<\/script>\n<!-- \/ Yoast SEO plugin. -->","yoast_head_json":{"title":"Viagens de Incentivo em Grupo - Brazil (Portuguese)","robots":{"index":"index","follow":"follow","max-snippet":"max-snippet:-1","max-image-preview":"max-image-preview:large","max-video-preview":"max-video-preview:-1"},"canonical":"https:\/\/www.biworldwide.com\/pt-br\/viagens-de-incentivo-em-grupo\/","og_locale":"pt_BR","og_type":"article","og_title":"Viagens de Incentivo em Grupo - Brazil (Portuguese)","og_description":"Vamos descobrir at\u00e9 onde sua equipe pode chegar. Nada impulsiona o desempenho como a promessa de uma experi\u00eancia inesquec\u00edvel. Temos parcerias internacionais e equipes locais para planejar e gerenciar cada detalhe da viagem. Preocupado com a complexidade log\u00edstica? Pode ficar tranquilo. Cuidamos de tudo, mas voc\u00ea mant\u00e9m o controle: define o or\u00e7amento, escolhe quem ser\u00e1 [&hellip;]","og_url":"https:\/\/www.biworldwide.com\/pt-br\/viagens-de-incentivo-em-grupo\/","og_site_name":"Brazil (Portuguese)","article_modified_time":"2025-04-01T18:10:23+00:00","og_image":[{"url":"https:\/\/live-biw-main.pantheonsite.io\/wp-content\/uploads\/2025\/03\/EOM061024DH1-315-1024x683.jpg","type":"","width":"","height":""}],"twitter_card":"summary_large_image","twitter_misc":{"Est. reading time":"3 minutos"},"schema":{"@context":"https:\/\/schema.org","@graph":[{"@type":"WebPage","@id":"https:\/\/www.biworldwide.com\/pt-br\/viagens-de-incentivo-em-grupo\/","url":"https:\/\/www.biworldwide.com\/pt-br\/viagens-de-incentivo-em-grupo\/","name":"Viagens de Incentivo em Grupo - Brazil (Portuguese)","isPartOf":{"@id":"https:\/\/www.biworldwide.com\/pt-br\/#website"},"primaryImageOfPage":{"@id":"https:\/\/www.biworldwide.com\/pt-br\/viagens-de-incentivo-em-grupo\/#primaryimage"},"image":{"@id":"https:\/\/www.biworldwide.com\/pt-br\/viagens-de-incentivo-em-grupo\/#primaryimage"},"thumbnailUrl":"https:\/\/live-biw-main.pantheonsite.io\/wp-content\/uploads\/2025\/03\/EOM061024DH1-315-1024x683.jpg","datePublished":"2025-01-14T17:08:43+00:00","dateModified":"2025-04-01T18:10:23+00:00","breadcrumb":{"@id":"https:\/\/www.biworldwide.com\/pt-br\/viagens-de-incentivo-em-grupo\/#breadcrumb"},"inLanguage":"pt-BR","potentialAction":[{"@type":"ReadAction","target":["https:\/\/www.biworldwide.com\/pt-br\/viagens-de-incentivo-em-grupo\/"]}]},{"@type":"ImageObject","inLanguage":"pt-BR","@id":"https:\/\/www.biworldwide.com\/pt-br\/viagens-de-incentivo-em-grupo\/#primaryimage","url":"https:\/\/live-biw-main.pantheonsite.io\/wp-content\/uploads\/2025\/03\/EOM061024DH1-315-1024x683.jpg","contentUrl":"https:\/\/live-biw-main.pantheonsite.io\/wp-content\/uploads\/2025\/03\/EOM061024DH1-315-1024x683.jpg"},{"@type":"BreadcrumbList","@id":"https:\/\/www.biworldwide.com\/pt-br\/viagens-de-incentivo-em-grupo\/#breadcrumb","itemListElement":[{"@type":"ListItem","position":1,"name":"Home","item":"https:\/\/www.biworldwide.com\/pt-br\/"},{"@type":"ListItem","position":2,"name":"Viagens de Incentivo em Grupo"}]},{"@type":"WebSite","@id":"https:\/\/www.biworldwide.com\/pt-br\/#website","url":"https:\/\/www.biworldwide.com\/pt-br\/","name":"Brazil (Portuguese)","description":"","potentialAction":[{"@type":"SearchAction","target":{"@type":"EntryPoint","urlTemplate":"https:\/\/www.biworldwide.com\/pt-br\/?s={search_term_string}"},"query-input":{"@type":"PropertyValueSpecification","valueRequired":true,"valueName":"search_term_string"}}],"inLanguage":"pt-BR"}]}},"_links":{"self":[{"href":"https:\/\/www.biworldwide.com\/pt-br\/wp-json\/wp\/v2\/pages\/190","targetHints":{"allow":["GET"]}}],"collection":[{"href":"https:\/\/www.biworldwide.com\/pt-br\/wp-json\/wp\/v2\/pages"}],"about":[{"href":"https:\/\/www.biworldwide.com\/pt-br\/wp-json\/wp\/v2\/types\/page"}],"author":[{"embeddable":true,"href":"https:\/\/www.biworldwide.com\/pt-br\/wp-json\/wp\/v2\/users\/11"}],"replies":[{"embeddable":true,"href":"https:\/\/www.biworldwide.com\/pt-br\/wp-json\/wp\/v2\/comments?post=190"}],"version-history":[{"count":4,"href":"https:\/\/www.biworldwide.com\/pt-br\/wp-json\/wp\/v2\/pages\/190\/revisions"}],"predecessor-version":[{"id":1110,"href":"https:\/\/www.biworldwide.com\/pt-br\/wp-json\/wp\/v2\/pages\/190\/revisions\/1110"}],"wp:attachment":[{"href":"https:\/\/www.biworldwide.com\/pt-br\/wp-json\/wp\/v2\/media?parent=190"}],"wp:term":[{"taxonomy":"wf_page_folders","embeddable":true,"href":"https:\/\/www.biworldwide.com\/pt-br\/wp-json\/wp\/v2\/wf_page_folders?post=190"}],"curies":[{"name":"wp","href":"https:\/\/api.w.org\/{rel}","templated":true}]}}