{"id":364,"date":"2025-03-28T22:38:34","date_gmt":"2025-03-29T04:38:34","guid":{"rendered":"https:\/\/www.biworldwide.com\/pt-br\/?page_id=364"},"modified":"2025-03-31T22:57:22","modified_gmt":"2025-04-01T04:57:22","slug":"partners","status":"publish","type":"page","link":"https:\/\/www.biworldwide.com\/pt-br\/partners\/","title":{"rendered":"Partners"},"content":{"rendered":"\n<p class=\"has-xl-font-size\"><\/p>\n\n\n<div class=\" has-content-align-left has-overlay has-overlay--light alignwide wp-block-biw-block-theme-hero\">\n\t<div class=\"biw-hero__grid\">\n\t\t\n\t\t\t\t\t<div class=\"biw-hero__media has-dynamic-border-radius\">\n\t\t\t\t\t\t\t\t\t<div class=\"biw-hero__overlay overlay-light\"><\/div>\n\t\t\t\t\t\t\t\t<img decoding=\"async\" src=\"http:\/\/live-biw-main.pantheonsite.io\/wp-content\/uploads\/2025\/02\/partner-hero-1728x600px-1.png\" alt=\"A group of diverse people place their hands together in a stack, symbolizing teamwork and unity. The background is a soft gradient of light gray, creating a calm and neutral setting.\" class=\"biw-hero__bg-image\" style=\"object-position: 50% 50%;\">\t\t\t<\/div>\n\t\t\t\t<div class=\"biw-hero__content\">\n\t\t\t\t\t\t<h1 class=\"biw-hero__title\" style=\"line-height: 1.2\">\n\t\t\t\t<strong>Nossos Parceiros<\/strong>\t\t\t<\/h1>\n\t\t\t\t\t\t\t\t\t\t<div class=\"biw-hero__text\">\n\t\t\t\t\t\n\n<p>Nossas parcerias nos permitem oferecer as melhores ideias e solu\u00e7\u00f5es mais eficazes para resolver os desafios do seu neg\u00f3cio. Desenvolvemos relacionamentos estrat\u00e9gicos para garantir que voc\u00ea tenha acesso a pesquisas atualizadas que embasam decis\u00f5es e o design de programas. E nossos parceiros t\u00e9cnicos garantem integra\u00e7\u00f5es perfeitas para gerar resultados ainda melhores.<\/p>\n\n\t\t\t\t<\/div>\n\t\t\t\t\t\t\t\t<\/div>\n\t<\/div>\n<\/div>\n\n\n\n<div class=\"wp-block-group alignfull has-global-padding is-layout-constrained wp-container-core-group-is-layout-d3543a3b wp-block-group-is-layout-constrained\">\n<div class=\"wp-block-group  layout-columns-6 has-global-padding is-layout-constrained wp-container-core-group-is-layout-97093539 wp-block-group-is-layout-constrained\">\n<h2 class=\"wp-block-heading has-text-align-center\"><strong>Parcerias com o Setor<\/strong><\/h2>\n\n\n\n<p class=\"has-text-align-center is-style-default has-large-font-size is-style-default\">Por meio de diversas parcerias e integra\u00e7\u00f5es com produtos l\u00edderes de mercado, nossos clientes t\u00eam acesso simplificado \u00e0s solu\u00e7\u00f5es da BI WORLDWIDE, com transfer\u00eancia fluida de dados de participantes e programas entre diferentes sistemas \u2014 al\u00e9m de maior visibilidade sobre o desempenho dos programas.<br><\/p>\n\n\n\n<p class=\"has-text-align-center is-style-default has-large-font-size is-style-default\"><\/p>\n<\/div>\n\n\n\n<div class=\"wp-block-group  layout-columns-10 has-global-padding is-layout-constrained wp-container-core-group-is-layout-0b5f5b40 wp-block-group-is-layout-constrained\">\n<div class=\"wp-block-group is-content-justification-center is-layout-flex wp-container-core-group-is-layout-b4c50f06 wp-block-group-is-layout-flex\"><div class=\" has-dynamic-border-radius has-image-size-cover has-image-radius-none is-style-default wp-block-biw-block-theme-biw-card\">\n\t\t\t<figure class=\"biw-card__image-wrapper \">\n\t\t\t<img decoding=\"async\" src=\"http:\/\/live-biw-main.pantheonsite.io\/wp-content\/uploads\/2025\/02\/ibm-logo-250x250px.png\" alt=\"The image shows the IBM logo. It consists of the letters IBM in a bold, blue, striped font. The stripes give a segmented appearance to each letter. The background is white.\" class=\"biw-card__image\" style=\"object-position: 50% 50%;\">\t\t<\/figure>\n\t\t<div class=\"biw-card__content\">\n\t\t<h3 class=\"biw-card__title\">\n\t\t\t\t\t\t\tIBM watsonx\t\t\t\t\t<\/h3>\n\t\t<div class=\"biw-card__text\">\n\n<p>A IBM \u00e9 l\u00edder global em nuvem h\u00edbrida, intelig\u00eancia artificial e servi\u00e7os empresariais, ajudando clientes a transformar dados em insights, otimizar processos, reduzir custos e conquistar vantagem competitiva. Suas inova\u00e7\u00f5es em IA, computa\u00e7\u00e3o qu\u00e2ntica, solu\u00e7\u00f5es em nuvem e servi\u00e7os corporativos oferecem op\u00e7\u00f5es abertas e flex\u00edveis \u2014 sempre com foco em confian\u00e7a, transpar\u00eancia, responsabilidade, inclus\u00e3o e excel\u00eancia no atendimento.<br><\/p>\n\n<\/div>\n\t<\/div>\n\t<\/div>\n\n<div class=\" has-dynamic-border-radius has-image-size-cover has-image-radius-none is-style-default wp-block-biw-block-theme-biw-card\">\n\t\t\t<figure class=\"biw-card__image-wrapper \">\n\t\t\t<img decoding=\"async\" src=\"http:\/\/live-biw-main.pantheonsite.io\/wp-content\/uploads\/2025\/02\/PH-Logo_MultiColor_no-lettering-170.png\" alt=\"Gradient circle with a blend of purple and teal shades, featuring stylized lowercase letters p and m in the center.\" class=\"biw-card__image\" style=\"object-position: 50% 50%;\">\t\t<\/figure>\n\t\t<div class=\"biw-card__content\">\n\t\t<h3 class=\"biw-card__title\">\n\t\t\t\t\t\t\tProHabits\t\t\t\t\t<\/h3>\n\t\t<div class=\"biw-card__text\">\n\n<p>O ProHabits utiliza lembretes curtos e objetivos para ajudar as pessoas a praticar comportamentos-chave de forma segura e sem interrup\u00e7\u00f5es. A plataforma desbloqueia o potencial de seus usu\u00e1rios e organiza\u00e7\u00f5es ao transformar conceitos complexos em a\u00e7\u00f5es pr\u00e1ticas, refor\u00e7ando a abordagem \u201caprender fazendo\u201d. Afinal, ningu\u00e9m aprende a andar de bicicleta apenas lendo um manual \u2014 \u00e9 preciso come\u00e7ar a pedalar. O ProHabits segue essa l\u00f3gica e incentiva a\u00e7\u00f5es por meio de est\u00edmulos sutis.<br><\/p>\n\n<\/div>\n\t<\/div>\n\t<\/div>\n\n<div class=\" has-dynamic-border-radius has-image-size-cover has-image-radius-none is-style-default wp-block-biw-block-theme-biw-card\">\n\t\t\t<figure class=\"biw-card__image-wrapper \">\n\t\t\t<img decoding=\"async\" src=\"http:\/\/live-biw-main.pantheonsite.io\/wp-content\/uploads\/2025\/02\/quantumworkplacelogo-170.png\" alt=\"A white circular logo with a small dot on the lower right, set against an orange background.\" class=\"biw-card__image\" style=\"object-position: 50% 50%;\">\t\t<\/figure>\n\t\t<div class=\"biw-card__content\">\n\t\t<h3 class=\"biw-card__title\">\n\t\t\t\t\t\t\tQuantum Workplace\t\t\t\t\t<\/h3>\n\t\t<div class=\"biw-card__text\">\n\n<p>A Quantum Workplace ajuda empresas a melhorar a experi\u00eancia no trabalho todos os dias, criando uma cultura centrada no sucesso dos colaboradores. Sua plataforma oferece recursos para entender a experi\u00eancia dos funcion\u00e1rios, inspirar impacto individual e fortalecer culturas organizacionais que atraem e ret\u00eam talentos. As solu\u00e7\u00f5es incluem pesquisas, reuni\u00f5es 1:1, metas, reconhecimento, feedback, avalia\u00e7\u00f5es de talento, planejamento de sucess\u00e3o e o prestigiado concurso nacional Best Places to Work.<br><\/p>\n\n<\/div>\n\t<\/div>\n\t<\/div>\n\n<div class=\" has-dynamic-border-radius has-image-size-cover has-image-radius-none is-style-default wp-block-biw-block-theme-biw-card\">\n\t\t\t<figure class=\"biw-card__image-wrapper \">\n\t\t\t<img decoding=\"async\" src=\"http:\/\/live-biw-main.pantheonsite.io\/wp-content\/uploads\/2025\/02\/workdaypartnerlogo.png\" alt=\"Blue badge with the word Partner at the top in white text and the Workday logo below. The Workday logo features the word workday with an orange curved line above it.\" class=\"biw-card__image\" style=\"object-position: 50% 50%;\">\t\t<\/figure>\n\t\t<div class=\"biw-card__content\">\n\t\t<h3 class=\"biw-card__title\">\n\t\t\t\t\t\t\tWorkday\t\t\t\t\t<\/h3>\n\t\t<div class=\"biw-card__text\">\n\n<p>A Workday \u00e9 uma provedora l\u00edder de aplica\u00e7\u00f5es em nuvem para finan\u00e7as e recursos humanos, ajudando organiza\u00e7\u00f5es a se adaptarem e prosperarem em um mundo em constante mudan\u00e7a. Suas solu\u00e7\u00f5es de gest\u00e3o financeira, RH, planejamento, controle de gastos e an\u00e1lise de dados t\u00eam IA e aprendizado de m\u00e1quina integrados, permitindo que empresas em todo o mundo avancem para o futuro do trabalho.<br><\/p>\n\n<\/div>\n\t<\/div>\n\t<\/div><\/div>\n<\/div>\n<\/div>\n\n\n\n<div class=\"wp-block-group alignfull has-global-padding is-layout-constrained wp-container-core-group-is-layout-97ab3c77 wp-block-group-is-layout-constrained\">\n<div class=\"wp-block-group has-text-align-center  layout-columns-8 has-global-padding is-layout-constrained wp-container-core-group-is-layout-ee362a79 wp-block-group-is-layout-constrained\">\n<h2 class=\"wp-block-heading has-text-align-center  has-text-wrap-pretty\">Parcerias<strong> <\/strong>Acad\u00eamicas<\/h2>\n\n\n\n<p class=\" has-text-wrap-balance\">Firmamos parcerias com especialistas acad\u00eamicos para garantir que os programas de incentivo em vendas, fidelidade e engajamento de colaboradores dos nossos clientes sejam fundamentados em psicologia, pesquisa e princ\u00edpios comprovados da economia comportamental.<br><\/p>\n<\/div>\n\n\n\n<div class=\"wp-block-group  layout-columns-12 has-global-padding is-layout-constrained wp-container-core-group-is-layout-9e09659d wp-block-group-is-layout-constrained\">\n<div class=\"wp-block-group is-layout-grid wp-container-core-group-is-layout-c765d3c1 wp-block-group-is-layout-grid\"><div class=\" has-dynamic-border-radius has-image-size-cover has-image-radius-none is-style-default wp-block-biw-block-theme-biw-card\">\n\t\t\t<figure class=\"biw-card__image-wrapper \">\n\t\t\t<img decoding=\"async\" src=\"http:\/\/live-biw-main.pantheonsite.io\/wp-content\/uploads\/2025\/01\/BShuck-010825_500x500px_Square-2.jpg\" alt=\"Dr. Brad Shuck\" class=\"biw-card__image\" style=\"object-position: 50% 50%;\">\t\t<\/figure>\n\t\t<div class=\"biw-card__content\">\n\t\t<h3 class=\"biw-card__title\">\n\t\t\t\t\t\t\tBrad Shuck, Ph.D.\t\t\t\t\t<\/h3>\n\t\t<div class=\"biw-card__text\">\n\n<p><strong>Professor e Diretor do Programa de Recursos Humanos e Desenvolvimento Organizacional na University of Louisville; Co-Fundador da OrgVitals; Fundador da LEAD Research, LLC<\/strong><br><br>Brad Shuck \u00e9 uma refer\u00eancia internacional em engajamento de colaboradores, desenvolvimento de lideran\u00e7a e cultura organizacional. \u00c9 autor do livro <em>Employee Engagement: A Research Overview<\/em> (Routledge, 2020) e j\u00e1 publicou ou apresentou mais de 350 artigos, cap\u00edtulos e palestras. Det\u00e9m cinco registros de propriedade intelectual nos EUA relacionados ao engajamento de colaboradores. Seu trabalho foi destaque em ve\u00edculos como <em>Forbes<\/em>, <em>The Washington Post<\/em>, <em>TIME<\/em>, e em m\u00eddias internacionais como <em>Business World Online<\/em>, <em>Economic Times<\/em> da \u00cdndia e <em>Hindu Times<\/em>. Brad j\u00e1 palestrou em quatro continentes, incluindo China, Espanha, \u00cdndia, Panam\u00e1, Reino Unido e diversas cidades nos EUA. \u00c9 Professor Titular e Co-Fundador da OrgVitals, uma empresa de software voltada \u00e0 gest\u00e3o de cultura organizacional.<\/p>\n\n<\/div>\n\t<\/div>\n\t<\/div>\n\n<div class=\" has-dynamic-border-radius has-image-size-cover has-image-radius-none is-style-default wp-block-biw-block-theme-biw-card\">\n\t\t\t<figure class=\"biw-card__image-wrapper \">\n\t\t\t<img decoding=\"async\" src=\"http:\/\/live-biw-main.pantheonsite.io\/wp-content\/uploads\/2025\/02\/Mike-Ahearne2-scaled.jpg\" alt=\"A man with a short beard and mustache, wearing a plaid suit jacket and a light blue shirt, stands against a plain white background, looking at the camera with a neutral expression.\" class=\"biw-card__image\" style=\"object-position: 50% 50%;\">\t\t<\/figure>\n\t\t<div class=\"biw-card__content\">\n\t\t<h3 class=\"biw-card__title\">\n\t\t\t\t\t\t\tMike Ahearne, Ph.D.\t\t\t\t\t<\/h3>\n\t\t<div class=\"biw-card__text\">\n\n<p><strong>Professor de Marketing e titular da C\u00e1tedra C.T. Bauer em Marketing, University of Houston<\/strong><\/p>\n\n\n\n<p>Al\u00e9m de suas fun\u00e7\u00f5es na University of Houston, Mike \u00e9 Diretor de Pesquisa do Sales Excellence Institute. Sua pesquisa se concentra em melhorar o desempenho de vendedores e organiza\u00e7\u00f5es de vendas. Ele publicou mais de 40 artigos em revistas acad\u00eamicas de destaque e foi reconhecido recentemente pela American Marketing Association como um dos dez pesquisadores mais produtivos da \u00e1rea. Seu trabalho j\u00e1 foi destaque no <em>Wall Street Journal<\/em>, <em>Business 2.0<\/em>, <em>Business Investors Daily<\/em>, <em>Fox News<\/em>, <em>INC Magazine<\/em> e outros ve\u00edculos.<br><\/p>\n\n<\/div>\n\t<\/div>\n\t<\/div>\n\n<div class=\" has-dynamic-border-radius has-image-size-cover has-image-radius-none is-style-default wp-block-biw-block-theme-biw-card\">\n\t\t\t<figure class=\"biw-card__image-wrapper \">\n\t\t\t<img decoding=\"async\" src=\"http:\/\/live-biw-main.pantheonsite.io\/wp-content\/uploads\/2025\/02\/George-John-headshot.jpg\" alt=\"Smiling man with short gray hair and glasses, wearing a brown suit. Neutral, light brown background.\" class=\"biw-card__image\" style=\"object-position: 50% 50%;\">\t\t<\/figure>\n\t\t<div class=\"biw-card__content\">\n\t\t<h3 class=\"biw-card__title\">\n\t\t\t\t\t\t\tGeorge John, Ph.D.\t\t\t\t\t<\/h3>\n\t\t<div class=\"biw-card__text\">\n\n<p><strong>Professor de Marketing, titular da C\u00e1tedra General Mills\/Paul S. Gerot, Carlson School of Management, University of Minnesota<\/strong><\/p>\n\n\n\n<p>George John formou-se em Engenharia Aeron\u00e1utica pelo Indian Institute of Technology (IIT) Madras em 1974 e obteve MBA pela University of Illinois em 1976. Concluiu seu doutorado em Marketing pela Northwestern University em 1981. Ap\u00f3s passagem pela University of Wisconsin, ingressou na University of Minnesota em 1987. Seus interesses acad\u00eamicos incluem canais de distribui\u00e7\u00e3o e marketing de alta tecnologia, com foco em aspectos estrat\u00e9gicos e de efici\u00eancia em escolhas de governan\u00e7a. Entre suas distin\u00e7\u00f5es, destacam-se o pr\u00eamio da American Marketing Association por sua tese de doutorado e o reconhecimento em 2003 como \u201cPesquisador Altamente Citado\u201d pela Thomson Reuters Web of Science na categoria Neg\u00f3cios\/Economia.<br><\/p>\n\n<\/div>\n\t<\/div>\n\t<\/div><\/div>\n<\/div>\n<\/div>\n","protected":false},"excerpt":{"rendered":"<p>Parcerias com o Setor Por meio de diversas parcerias e integra\u00e7\u00f5es com produtos l\u00edderes de mercado, nossos clientes t\u00eam acesso simplificado \u00e0s solu\u00e7\u00f5es da BI WORLDWIDE, com transfer\u00eancia fluida de dados de participantes e programas entre diferentes sistemas \u2014 al\u00e9m de maior visibilidade sobre o desempenho dos programas. Parcerias Acad\u00eamicas Firmamos parcerias com especialistas acad\u00eamicos [&hellip;]<\/p>\n","protected":false},"author":16,"featured_media":0,"parent":0,"menu_order":0,"comment_status":"closed","ping_status":"closed","template":"","meta":{"featured_image_focal_point":{"x":0.5,"y":0.5},"footnotes":""},"wf_page_folders":[34],"class_list":["post-364","page","type-page","status-publish","hentry"],"yoast_head":"<!-- This site is optimized with the Yoast SEO plugin v26.2 - https:\/\/yoast.com\/wordpress\/plugins\/seo\/ -->\n<title>Partners - Brazil (Portuguese)<\/title>\n<meta name=\"robots\" content=\"index, follow, max-snippet:-1, max-image-preview:large, max-video-preview:-1\" \/>\n<link rel=\"canonical\" href=\"https:\/\/www.biworldwide.com\/pt-br\/partners\/\" \/>\n<meta property=\"og:locale\" content=\"pt_BR\" \/>\n<meta property=\"og:type\" content=\"article\" \/>\n<meta property=\"og:title\" content=\"Partners - Brazil (Portuguese)\" \/>\n<meta property=\"og:description\" content=\"Parcerias com o Setor Por meio de diversas parcerias e integra\u00e7\u00f5es com produtos l\u00edderes de mercado, nossos clientes t\u00eam acesso simplificado \u00e0s solu\u00e7\u00f5es da BI WORLDWIDE, com transfer\u00eancia fluida de dados de participantes e programas entre diferentes sistemas \u2014 al\u00e9m de maior visibilidade sobre o desempenho dos programas. Parcerias Acad\u00eamicas Firmamos parcerias com especialistas acad\u00eamicos [&hellip;]\" \/>\n<meta property=\"og:url\" content=\"https:\/\/www.biworldwide.com\/pt-br\/partners\/\" \/>\n<meta property=\"og:site_name\" content=\"Brazil (Portuguese)\" \/>\n<meta property=\"article:modified_time\" content=\"2025-04-01T04:57:22+00:00\" \/>\n<meta name=\"twitter:card\" content=\"summary_large_image\" \/>\n<meta name=\"twitter:label1\" content=\"Est. reading time\" \/>\n\t<meta name=\"twitter:data1\" content=\"4 minutos\" \/>\n<script type=\"application\/ld+json\" class=\"yoast-schema-graph\">{\"@context\":\"https:\/\/schema.org\",\"@graph\":[{\"@type\":\"WebPage\",\"@id\":\"https:\/\/www.biworldwide.com\/pt-br\/partners\/\",\"url\":\"https:\/\/www.biworldwide.com\/pt-br\/partners\/\",\"name\":\"Partners - Brazil (Portuguese)\",\"isPartOf\":{\"@id\":\"https:\/\/www.biworldwide.com\/pt-br\/#website\"},\"datePublished\":\"2025-03-29T04:38:34+00:00\",\"dateModified\":\"2025-04-01T04:57:22+00:00\",\"breadcrumb\":{\"@id\":\"https:\/\/www.biworldwide.com\/pt-br\/partners\/#breadcrumb\"},\"inLanguage\":\"pt-BR\",\"potentialAction\":[{\"@type\":\"ReadAction\",\"target\":[\"https:\/\/www.biworldwide.com\/pt-br\/partners\/\"]}]},{\"@type\":\"BreadcrumbList\",\"@id\":\"https:\/\/www.biworldwide.com\/pt-br\/partners\/#breadcrumb\",\"itemListElement\":[{\"@type\":\"ListItem\",\"position\":1,\"name\":\"Home\",\"item\":\"https:\/\/www.biworldwide.com\/pt-br\/\"},{\"@type\":\"ListItem\",\"position\":2,\"name\":\"Partners\"}]},{\"@type\":\"WebSite\",\"@id\":\"https:\/\/www.biworldwide.com\/pt-br\/#website\",\"url\":\"https:\/\/www.biworldwide.com\/pt-br\/\",\"name\":\"Brazil (Portuguese)\",\"description\":\"\",\"potentialAction\":[{\"@type\":\"SearchAction\",\"target\":{\"@type\":\"EntryPoint\",\"urlTemplate\":\"https:\/\/www.biworldwide.com\/pt-br\/?s={search_term_string}\"},\"query-input\":{\"@type\":\"PropertyValueSpecification\",\"valueRequired\":true,\"valueName\":\"search_term_string\"}}],\"inLanguage\":\"pt-BR\"}]}<\/script>\n<!-- \/ Yoast SEO plugin. -->","yoast_head_json":{"title":"Partners - Brazil (Portuguese)","robots":{"index":"index","follow":"follow","max-snippet":"max-snippet:-1","max-image-preview":"max-image-preview:large","max-video-preview":"max-video-preview:-1"},"canonical":"https:\/\/www.biworldwide.com\/pt-br\/partners\/","og_locale":"pt_BR","og_type":"article","og_title":"Partners - Brazil (Portuguese)","og_description":"Parcerias com o Setor Por meio de diversas parcerias e integra\u00e7\u00f5es com produtos l\u00edderes de mercado, nossos clientes t\u00eam acesso simplificado \u00e0s solu\u00e7\u00f5es da BI WORLDWIDE, com transfer\u00eancia fluida de dados de participantes e programas entre diferentes sistemas \u2014 al\u00e9m de maior visibilidade sobre o desempenho dos programas. Parcerias Acad\u00eamicas Firmamos parcerias com especialistas acad\u00eamicos [&hellip;]","og_url":"https:\/\/www.biworldwide.com\/pt-br\/partners\/","og_site_name":"Brazil (Portuguese)","article_modified_time":"2025-04-01T04:57:22+00:00","twitter_card":"summary_large_image","twitter_misc":{"Est. reading time":"4 minutos"},"schema":{"@context":"https:\/\/schema.org","@graph":[{"@type":"WebPage","@id":"https:\/\/www.biworldwide.com\/pt-br\/partners\/","url":"https:\/\/www.biworldwide.com\/pt-br\/partners\/","name":"Partners - Brazil (Portuguese)","isPartOf":{"@id":"https:\/\/www.biworldwide.com\/pt-br\/#website"},"datePublished":"2025-03-29T04:38:34+00:00","dateModified":"2025-04-01T04:57:22+00:00","breadcrumb":{"@id":"https:\/\/www.biworldwide.com\/pt-br\/partners\/#breadcrumb"},"inLanguage":"pt-BR","potentialAction":[{"@type":"ReadAction","target":["https:\/\/www.biworldwide.com\/pt-br\/partners\/"]}]},{"@type":"BreadcrumbList","@id":"https:\/\/www.biworldwide.com\/pt-br\/partners\/#breadcrumb","itemListElement":[{"@type":"ListItem","position":1,"name":"Home","item":"https:\/\/www.biworldwide.com\/pt-br\/"},{"@type":"ListItem","position":2,"name":"Partners"}]},{"@type":"WebSite","@id":"https:\/\/www.biworldwide.com\/pt-br\/#website","url":"https:\/\/www.biworldwide.com\/pt-br\/","name":"Brazil (Portuguese)","description":"","potentialAction":[{"@type":"SearchAction","target":{"@type":"EntryPoint","urlTemplate":"https:\/\/www.biworldwide.com\/pt-br\/?s={search_term_string}"},"query-input":{"@type":"PropertyValueSpecification","valueRequired":true,"valueName":"search_term_string"}}],"inLanguage":"pt-BR"}]}},"_links":{"self":[{"href":"https:\/\/www.biworldwide.com\/pt-br\/wp-json\/wp\/v2\/pages\/364","targetHints":{"allow":["GET"]}}],"collection":[{"href":"https:\/\/www.biworldwide.com\/pt-br\/wp-json\/wp\/v2\/pages"}],"about":[{"href":"https:\/\/www.biworldwide.com\/pt-br\/wp-json\/wp\/v2\/types\/page"}],"author":[{"embeddable":true,"href":"https:\/\/www.biworldwide.com\/pt-br\/wp-json\/wp\/v2\/users\/16"}],"replies":[{"embeddable":true,"href":"https:\/\/www.biworldwide.com\/pt-br\/wp-json\/wp\/v2\/comments?post=364"}],"version-history":[{"count":4,"href":"https:\/\/www.biworldwide.com\/pt-br\/wp-json\/wp\/v2\/pages\/364\/revisions"}],"predecessor-version":[{"id":886,"href":"https:\/\/www.biworldwide.com\/pt-br\/wp-json\/wp\/v2\/pages\/364\/revisions\/886"}],"wp:attachment":[{"href":"https:\/\/www.biworldwide.com\/pt-br\/wp-json\/wp\/v2\/media?parent=364"}],"wp:term":[{"taxonomy":"wf_page_folders","embeddable":true,"href":"https:\/\/www.biworldwide.com\/pt-br\/wp-json\/wp\/v2\/wf_page_folders?post=364"}],"curies":[{"name":"wp","href":"https:\/\/api.w.org\/{rel}","templated":true}]}}