{"id":372,"date":"2025-03-28T23:13:00","date_gmt":"2025-03-29T05:13:00","guid":{"rendered":"https:\/\/www.biworldwide.com\/pt-br\/?page_id=372"},"modified":"2025-03-31T21:23:48","modified_gmt":"2025-04-01T03:23:48","slug":"daymaker","status":"publish","type":"page","link":"https:\/\/www.biworldwide.com\/pt-br\/daymaker\/","title":{"rendered":"DayMaker"},"content":{"rendered":"<div class=\" has-content-align-left has-overlay has-overlay--light alignfull wp-block-biw-block-theme-hero\">\n\t<div class=\"biw-hero__grid\">\n\t\t\n\t\t\t\t\t<div class=\"biw-hero__media \">\n\t\t\t\t\t\t\t\t\t<div class=\"biw-hero__overlay overlay-light\"><\/div>\n\t\t\t\t\t\t\t\t<img decoding=\"async\" src=\"http:\/\/live-biw-main.pantheonsite.io\/wp-content\/uploads\/2025\/02\/BIW_Site_Hero_DayMaker-scaled.jpg\" alt=\"A woman wearing a black beanie is blowing colorful confetti from her hands. The background is blurred, and the image has a layered design with geometric green shapes on the right side.\" class=\"biw-hero__bg-image\" style=\"object-position: 50% 50%;\">\t\t\t<\/div>\n\t\t\t\t<div class=\"biw-hero__content\">\n\t\t\t\t\t\t<h1 class=\"biw-hero__title\" style=\"line-height: 1.2\">\n\t\t\t\tDayMaker\t\t\t<\/h1>\n\t\t\t\t\t\t\t\t\t\t<div class=\"biw-hero__text\">\n\t\t\t\t\t\n\n<p>Atraia, engaje e retenha os melhores talentos reconhecendo conquistas incr\u00edveis, recompensando vit\u00f3rias e celebrando anivers\u00e1rios com nosso programa de reconhecimento de colaboradores.<br><\/p>\n\n\t\t\t\t<\/div>\n\t\t\t\t\t\t\t\t<\/div>\n\t<\/div>\n<\/div>\n\n\n\n<div class=\"wp-block-group  layout-columns-7 has-global-padding is-layout-constrained wp-container-core-group-is-layout-a133ec42 wp-block-group-is-layout-constrained\">\n<figure class=\"wp-block-embed is-type-video is-provider-vimeo wp-block-embed-vimeo wp-embed-aspect-16-9 wp-has-aspect-ratio\"><div class=\"wp-block-embed__wrapper\">\n<iframe loading=\"lazy\" title=\"DayMaker Employee Recognition System\" src=\"https:\/\/player.vimeo.com\/video\/254896249?dnt=1&amp;app_id=122963\" width=\"500\" height=\"281\" frameborder=\"0\" allow=\"autoplay; fullscreen; picture-in-picture; clipboard-write; encrypted-media\"><\/iframe>\n<\/div><\/figure>\n\n\n\n<div class=\"wp-block-group  layout-columns-8 has-global-padding is-layout-constrained wp-container-core-group-is-layout-fce79bf6 wp-block-group-is-layout-constrained\">\n<p class=\"has-xl-font-size\"><strong>Fa\u00e7a cada momento valer a pena.<\/strong><\/p>\n\n\n\n<p>Reconhecimento de colaboradores n\u00e3o deve ser um ato pontual. Tamb\u00e9m n\u00e3o deve ser reservado apenas para ocasi\u00f5es especiais. Se voc\u00ea realmente quer causar um impacto duradouro, o reconhecimento deve ser usado para refor\u00e7ar momentos-chave ao longo da jornada do colaborador com sua marca \u2014 desde a candidatura \u00e0 vaga at\u00e9 o momento em que ele indica sua empresa como um \u00f3timo lugar para se trabalhar.<\/p>\n\n\n\n<p>O DayMaker \u00e9 nosso sistema completo de reconhecimento de colaboradores, com tecnologia de ponta e suporte incompar\u00e1vel.<\/p>\n\n\n\n<p>Baseado em princ\u00edpios da ci\u00eancia comportamental, o DayMaker d\u00e1 vida \u00e0 sua proposta de valor ao colaborador por meio de um programa divertido, f\u00e1cil de usar e centrado nas pessoas. Veja o que o DayMaker oferece:<\/p>\n\n\n\n<ul class=\"wp-block-list\">\n<li class=\"has-large-font-size\"><strong>Reconhecimento orientado a resultados:<\/strong> Utilize o reconhecimento para alinhar os esfor\u00e7os dos colaboradores com as iniciativas estrat\u00e9gicas da empresa.<\/li>\n\n\n\n<li><strong>PURL de Reconhecimento: <\/strong>Comemore anivers\u00e1rios de trabalho com uma URL personalizada repleta de mensagens, fotos e v\u00eddeos de colegas, familiares e amigos.<\/li>\n\n\n\n<li><strong>Work Happier ProfileSM:<\/strong> Permita que os colaboradores comparem instantaneamente seu n\u00edvel de satisfa\u00e7\u00e3o no trabalho com o de outros profissionais.<\/li>\n\n\n\n<li><strong>Meu Painel: <\/strong>Visualize claramente m\u00e9tricas de participa\u00e7\u00e3o no programa que medem o engajamento real \u2014 n\u00e3o apenas quem enviou mais reconhecimentos.<\/li>\n\n\n\n<li><strong>Mec\u00e2nicas de Jogo: <\/strong>Adicione pontos e medalhas para incentivar o reconhecimento, celebrar conquistas e alcan\u00e7ar metas de desempenho pr\u00e9-estabelecidas.<\/li>\n\n\n\n<li><strong>Conte\u00fado Microsegmentado: <\/strong>Gere conscientiza\u00e7\u00e3o e mantenha o engajamento com colaboradores conectados ou n\u00e3o, por meio de e-mails, SMS, lembretes do programa e materiais impressos.<\/li>\n\n\n\n<li><strong>Pr\u00eamios Que Eles V\u00e3o Amar: <\/strong>Ofere\u00e7a uma cole\u00e7\u00e3o de pr\u00eamios inspiradora, envolvente e culturalmente adequada, com mais de 3,7 milh\u00f5es de op\u00e7\u00f5es de resgate desejadas no mundo todo.<\/li>\n\n\n\n<li class=\"has-large-font-size\"><strong>Gest\u00e3o de Projetos: <\/strong>Garanta uma experi\u00eancia de integra\u00e7\u00e3o fluida, com implanta\u00e7\u00e3o pronta para uso e atendimento personalizado cont\u00ednuo nas regi\u00f5es onde seus colaboradores vivem e trabalham.<\/li>\n<\/ul>\n<\/div>\n\n\n\n<figure class=\"wp-block-embed is-type-video is-provider-vimeo wp-block-embed-vimeo wp-embed-aspect-16-9 wp-has-aspect-ratio\"><div class=\"wp-block-embed__wrapper\">\n<iframe loading=\"lazy\" title=\"RecognitionNOW from BIW\" src=\"https:\/\/player.vimeo.com\/video\/747734571?dnt=1&amp;app_id=122963\" width=\"500\" height=\"281\" frameborder=\"0\" allow=\"autoplay; fullscreen; picture-in-picture; clipboard-write; encrypted-media\"><\/iframe>\n<\/div><\/figure>\n<\/div>\n","protected":false},"excerpt":{"rendered":"<p>Fa\u00e7a cada momento valer a pena. Reconhecimento de colaboradores n\u00e3o deve ser um ato pontual. Tamb\u00e9m n\u00e3o deve ser reservado apenas para ocasi\u00f5es especiais. Se voc\u00ea realmente quer causar um impacto duradouro, o reconhecimento deve ser usado para refor\u00e7ar momentos-chave ao longo da jornada do colaborador com sua marca \u2014 desde a candidatura \u00e0 vaga [&hellip;]<\/p>\n","protected":false},"author":16,"featured_media":0,"parent":0,"menu_order":0,"comment_status":"closed","ping_status":"closed","template":"","meta":{"featured_image_focal_point":{"x":0.5,"y":0.5},"footnotes":""},"wf_page_folders":[42],"class_list":["post-372","page","type-page","status-publish","hentry"],"yoast_head":"<!-- This site is optimized with the Yoast SEO plugin v26.2 - https:\/\/yoast.com\/wordpress\/plugins\/seo\/ -->\n<title>DayMaker - Brazil (Portuguese)<\/title>\n<meta name=\"robots\" content=\"index, follow, max-snippet:-1, max-image-preview:large, max-video-preview:-1\" \/>\n<link rel=\"canonical\" href=\"https:\/\/www.biworldwide.com\/pt-br\/daymaker\/\" \/>\n<meta property=\"og:locale\" content=\"pt_BR\" \/>\n<meta property=\"og:type\" content=\"article\" \/>\n<meta property=\"og:title\" content=\"DayMaker - Brazil (Portuguese)\" \/>\n<meta property=\"og:description\" content=\"Fa\u00e7a cada momento valer a pena. Reconhecimento de colaboradores n\u00e3o deve ser um ato pontual. Tamb\u00e9m n\u00e3o deve ser reservado apenas para ocasi\u00f5es especiais. Se voc\u00ea realmente quer causar um impacto duradouro, o reconhecimento deve ser usado para refor\u00e7ar momentos-chave ao longo da jornada do colaborador com sua marca \u2014 desde a candidatura \u00e0 vaga [&hellip;]\" \/>\n<meta property=\"og:url\" content=\"https:\/\/www.biworldwide.com\/pt-br\/daymaker\/\" \/>\n<meta property=\"og:site_name\" content=\"Brazil (Portuguese)\" \/>\n<meta property=\"article:modified_time\" content=\"2025-04-01T03:23:48+00:00\" \/>\n<meta name=\"twitter:card\" content=\"summary_large_image\" \/>\n<meta name=\"twitter:label1\" content=\"Est. reading time\" \/>\n\t<meta name=\"twitter:data1\" content=\"2 minutos\" \/>\n<script type=\"application\/ld+json\" class=\"yoast-schema-graph\">{\"@context\":\"https:\/\/schema.org\",\"@graph\":[{\"@type\":\"WebPage\",\"@id\":\"https:\/\/www.biworldwide.com\/pt-br\/daymaker\/\",\"url\":\"https:\/\/www.biworldwide.com\/pt-br\/daymaker\/\",\"name\":\"DayMaker - Brazil (Portuguese)\",\"isPartOf\":{\"@id\":\"https:\/\/www.biworldwide.com\/pt-br\/#website\"},\"datePublished\":\"2025-03-29T05:13:00+00:00\",\"dateModified\":\"2025-04-01T03:23:48+00:00\",\"breadcrumb\":{\"@id\":\"https:\/\/www.biworldwide.com\/pt-br\/daymaker\/#breadcrumb\"},\"inLanguage\":\"pt-BR\",\"potentialAction\":[{\"@type\":\"ReadAction\",\"target\":[\"https:\/\/www.biworldwide.com\/pt-br\/daymaker\/\"]}]},{\"@type\":\"BreadcrumbList\",\"@id\":\"https:\/\/www.biworldwide.com\/pt-br\/daymaker\/#breadcrumb\",\"itemListElement\":[{\"@type\":\"ListItem\",\"position\":1,\"name\":\"Home\",\"item\":\"https:\/\/www.biworldwide.com\/pt-br\/\"},{\"@type\":\"ListItem\",\"position\":2,\"name\":\"DayMaker\"}]},{\"@type\":\"WebSite\",\"@id\":\"https:\/\/www.biworldwide.com\/pt-br\/#website\",\"url\":\"https:\/\/www.biworldwide.com\/pt-br\/\",\"name\":\"Brazil (Portuguese)\",\"description\":\"\",\"potentialAction\":[{\"@type\":\"SearchAction\",\"target\":{\"@type\":\"EntryPoint\",\"urlTemplate\":\"https:\/\/www.biworldwide.com\/pt-br\/?s={search_term_string}\"},\"query-input\":{\"@type\":\"PropertyValueSpecification\",\"valueRequired\":true,\"valueName\":\"search_term_string\"}}],\"inLanguage\":\"pt-BR\"}]}<\/script>\n<!-- \/ Yoast SEO plugin. -->","yoast_head_json":{"title":"DayMaker - Brazil (Portuguese)","robots":{"index":"index","follow":"follow","max-snippet":"max-snippet:-1","max-image-preview":"max-image-preview:large","max-video-preview":"max-video-preview:-1"},"canonical":"https:\/\/www.biworldwide.com\/pt-br\/daymaker\/","og_locale":"pt_BR","og_type":"article","og_title":"DayMaker - Brazil (Portuguese)","og_description":"Fa\u00e7a cada momento valer a pena. Reconhecimento de colaboradores n\u00e3o deve ser um ato pontual. Tamb\u00e9m n\u00e3o deve ser reservado apenas para ocasi\u00f5es especiais. Se voc\u00ea realmente quer causar um impacto duradouro, o reconhecimento deve ser usado para refor\u00e7ar momentos-chave ao longo da jornada do colaborador com sua marca \u2014 desde a candidatura \u00e0 vaga [&hellip;]","og_url":"https:\/\/www.biworldwide.com\/pt-br\/daymaker\/","og_site_name":"Brazil (Portuguese)","article_modified_time":"2025-04-01T03:23:48+00:00","twitter_card":"summary_large_image","twitter_misc":{"Est. reading time":"2 minutos"},"schema":{"@context":"https:\/\/schema.org","@graph":[{"@type":"WebPage","@id":"https:\/\/www.biworldwide.com\/pt-br\/daymaker\/","url":"https:\/\/www.biworldwide.com\/pt-br\/daymaker\/","name":"DayMaker - Brazil (Portuguese)","isPartOf":{"@id":"https:\/\/www.biworldwide.com\/pt-br\/#website"},"datePublished":"2025-03-29T05:13:00+00:00","dateModified":"2025-04-01T03:23:48+00:00","breadcrumb":{"@id":"https:\/\/www.biworldwide.com\/pt-br\/daymaker\/#breadcrumb"},"inLanguage":"pt-BR","potentialAction":[{"@type":"ReadAction","target":["https:\/\/www.biworldwide.com\/pt-br\/daymaker\/"]}]},{"@type":"BreadcrumbList","@id":"https:\/\/www.biworldwide.com\/pt-br\/daymaker\/#breadcrumb","itemListElement":[{"@type":"ListItem","position":1,"name":"Home","item":"https:\/\/www.biworldwide.com\/pt-br\/"},{"@type":"ListItem","position":2,"name":"DayMaker"}]},{"@type":"WebSite","@id":"https:\/\/www.biworldwide.com\/pt-br\/#website","url":"https:\/\/www.biworldwide.com\/pt-br\/","name":"Brazil (Portuguese)","description":"","potentialAction":[{"@type":"SearchAction","target":{"@type":"EntryPoint","urlTemplate":"https:\/\/www.biworldwide.com\/pt-br\/?s={search_term_string}"},"query-input":{"@type":"PropertyValueSpecification","valueRequired":true,"valueName":"search_term_string"}}],"inLanguage":"pt-BR"}]}},"_links":{"self":[{"href":"https:\/\/www.biworldwide.com\/pt-br\/wp-json\/wp\/v2\/pages\/372","targetHints":{"allow":["GET"]}}],"collection":[{"href":"https:\/\/www.biworldwide.com\/pt-br\/wp-json\/wp\/v2\/pages"}],"about":[{"href":"https:\/\/www.biworldwide.com\/pt-br\/wp-json\/wp\/v2\/types\/page"}],"author":[{"embeddable":true,"href":"https:\/\/www.biworldwide.com\/pt-br\/wp-json\/wp\/v2\/users\/16"}],"replies":[{"embeddable":true,"href":"https:\/\/www.biworldwide.com\/pt-br\/wp-json\/wp\/v2\/comments?post=372"}],"version-history":[{"count":3,"href":"https:\/\/www.biworldwide.com\/pt-br\/wp-json\/wp\/v2\/pages\/372\/revisions"}],"predecessor-version":[{"id":829,"href":"https:\/\/www.biworldwide.com\/pt-br\/wp-json\/wp\/v2\/pages\/372\/revisions\/829"}],"wp:attachment":[{"href":"https:\/\/www.biworldwide.com\/pt-br\/wp-json\/wp\/v2\/media?parent=372"}],"wp:term":[{"taxonomy":"wf_page_folders","embeddable":true,"href":"https:\/\/www.biworldwide.com\/pt-br\/wp-json\/wp\/v2\/wf_page_folders?post=372"}],"curies":[{"name":"wp","href":"https:\/\/api.w.org\/{rel}","templated":true}]}}