{"id":374,"date":"2025-03-28T23:17:03","date_gmt":"2025-03-29T05:17:03","guid":{"rendered":"https:\/\/www.biworldwide.com\/pt-br\/?page_id=374"},"modified":"2025-03-31T21:31:13","modified_gmt":"2025-04-01T03:31:13","slug":"elevate","status":"publish","type":"page","link":"https:\/\/www.biworldwide.com\/pt-br\/elevate\/","title":{"rendered":"Elevate"},"content":{"rendered":"<div class=\" has-content-align-left has-overlay has-overlay--dark alignfull wp-block-biw-block-theme-hero\">\n\t<div class=\"biw-hero__grid\">\n\t\t\t\t\t<div class=\"biw-hero__breadcrumbs\">\n\t\t\t\t<div id=\"breadcrumbs\" class=\"breadcrumb-nav__wrapper\"><span class=\"breadcrumb-nav\"><span><a href=\"https:\/\/www.biworldwide.com\/pt-br\/\">Home<\/a><\/span><\/span><\/div>\t\t\t<\/div>\n\t\t\n\t\t\t\t\t<div class=\"biw-hero__media \">\n\t\t\t\t\t\t\t\t\t<div class=\"biw-hero__overlay overlay-dark\"><\/div>\n\t\t\t\t\t\t\t\t<img decoding=\"async\" src=\"http:\/\/live-biw-main.pantheonsite.io\/wp-content\/uploads\/2025\/02\/BIW_Site_Hero_Elevate-scaled.jpg\" alt=\"A person with curly hair, wearing a purple shirt, holds a smartphone and smiles. The background is a gradient with colorful icons, including a trophy, chat bubble, heart, gift, and cake.\" class=\"biw-hero__bg-image\" style=\"object-position: 75% 42%;\">\t\t\t<\/div>\n\t\t\t\t<div class=\"biw-hero__content\">\n\t\t\t\t\t\t<h1 class=\"biw-hero__title\" style=\"line-height: 1.2\">\n\t\t\t\tElevate\t\t\t<\/h1>\n\t\t\t\t\t\t\t<h2 class=\"biw-hero__subtitle\">\n\t\t\t\t\tTransforme a cultura do seu ambiente de trabalho com um ecossistema poderoso.\t\t\t\t<\/h2>\n\t\t\t\t\t\t\t\t\t\t<div class=\"biw-hero__text\">\n\t\t\t\t\t\n\n<p>Elevate\u2122 \u00e9 a solu\u00e7\u00e3o completa que re\u00fane todos os elementos para o engajamento de colaboradores e equipes de vendas.<\/p>\n\n\n\n<p>O Elevate permite reconhecer desempenhos extraordin\u00e1rios e marcos importantes de forma simples, por meio de celebra\u00e7\u00f5es, incentivos, pr\u00eamios, experi\u00eancias personalizadas e muito mais.<\/p>\n\n\n\n<p>Com insights baseados em dados e uma interface intuitiva, o Elevate inspira sua equipe, promove mudan\u00e7as de comportamento, impulsiona a produtividade e gera resultados de neg\u00f3cios excepcionais.<\/p>\n\n\t\t\t\t<\/div>\n\t\t\t\t\t\t\t\t<\/div>\n\t<\/div>\n<\/div>\n\n\n\n<div class=\"wp-block-group  layout-columns-7 has-global-padding is-layout-constrained wp-container-core-group-is-layout-a133ec42 wp-block-group-is-layout-constrained\">\n<div class=\"wp-block-group  layout-columns-7 has-global-padding is-content-justification-center is-layout-constrained wp-container-core-group-is-layout-1c7def49 wp-block-group-is-layout-constrained\">\n<p class=\"has-text-align-left\">O Elevate \u00e9 uma solu\u00e7\u00e3o transformadora, criada para revolucionar a cultura organizacional e aumentar o engajamento em todos os n\u00edveis.<br><\/p>\n\n\n\n<h2 class=\"wp-block-heading has-text-align-left is-style-large-strong-text has-large-font-size is-style-large-strong-text is-style-large-strong-text\">O que isso significa exatamente?<\/h2>\n\n\n\n<p class=\"has-text-align-left\">Significa que o Elevate se conecta ao cora\u00e7\u00e3o pulsante da sua organiza\u00e7\u00e3o, despertando paix\u00e3o, motiva\u00e7\u00e3o e inspira\u00e7\u00e3o.<\/p>\n\n\n\n<p>O Elevate ativa e intensifica mudan\u00e7as comportamentais com um conjunto exclusivo de funcionalidades.<\/p>\n\n\n\n<p class=\"has-text-align-left\">Ele se adapta \u00e0s necessidades do seu neg\u00f3cio, integra-se a outras ferramentas e pode ser lan\u00e7ado quase que instantaneamente \u2014 tudo isso enquanto cria h\u00e1bitos positivos e acelera a transforma\u00e7\u00e3o entre colaboradores, membros da equipe e colegas.<\/p>\n<\/div>\n\n\n\n<div class=\"wp-block-group has-global-padding is-layout-constrained wp-block-group-is-layout-constrained\">\n<figure class=\"wp-block-embed is-type-video is-provider-vimeo wp-block-embed-vimeo wp-embed-aspect-16-9 wp-has-aspect-ratio\"><div class=\"wp-block-embed__wrapper\">\n<iframe loading=\"lazy\" title=\"Elevate by BI WORLDWIDE\" src=\"https:\/\/player.vimeo.com\/video\/854875531?dnt=1&amp;app_id=122963\" width=\"500\" height=\"281\" frameborder=\"0\" allow=\"autoplay; fullscreen; picture-in-picture; clipboard-write; encrypted-media\"><\/iframe>\n<\/div><\/figure>\n<\/div>\n<\/div>\n\n\n\n<div class=\"wp-block-group alignfull has-global-padding is-layout-constrained wp-container-core-group-is-layout-d3543a3b wp-block-group-is-layout-constrained\">\n<div class=\"wp-block-group  layout-columns-6 has-global-padding is-layout-constrained wp-container-core-group-is-layout-97093539 wp-block-group-is-layout-constrained\">\n<h2 class=\"wp-block-heading has-text-align-center\">Saiba mais sobre cada funcionalidade:<\/h2>\n\n\n\n<p class=\"has-text-align-center has-large-font-size\"><\/p>\n<\/div>\n\n\n\n<div class=\"wp-block-group has-global-padding is-layout-constrained wp-block-group-is-layout-constrained\">\n<div class=\"wp-block-group  has-row-gap is-layout-grid wp-container-core-group-is-layout-c765d3c1 wp-block-group-is-layout-grid\" style=\"--row-gap:var(--wp--preset--spacing--50)\"><div class=\" has-image-size-cover has-image-radius-none is-style-image-left wp-block-biw-block-theme-biw-card\">\n\t\t\t<figure class=\"biw-card__image-wrapper \">\n\t\t\t<img decoding=\"async\" src=\"http:\/\/live-biw-main.pantheonsite.io\/wp-content\/uploads\/2025\/01\/elevate-recognition-no-logo.png\" alt=\"\" class=\"biw-card__image\" style=\"object-position: 49% 47%;\">\t\t<\/figure>\n\t\t<div class=\"biw-card__content\">\n\t\t<h3 class=\"biw-card__title\">\n\t\t\t\t\t\t\tReconhecimento\t\t\t\t\t<\/h3>\n\t\t<div class=\"biw-card__text\">\n\n<p>Seja ao conduzir uma apresenta\u00e7\u00e3o de alto impacto, promover a colabora\u00e7\u00e3o ou superar metas trimestrais de vendas, o Elevate permite reconhecer, valorizar e celebrar todas essas conquistas.<\/p>\n\n<\/div>\n\t<\/div>\n\t<\/div>\n\n<div class=\" has-image-size-cover has-image-radius-none is-style-image-left wp-block-biw-block-theme-biw-card\">\n\t\t\t<figure class=\"biw-card__image-wrapper \">\n\t\t\t<img decoding=\"async\" src=\"http:\/\/live-biw-main.pantheonsite.io\/wp-content\/uploads\/2025\/01\/elevate-celebrations-no-logo.png\" alt=\"\" class=\"biw-card__image\" style=\"object-position: 50% 50%;\">\t\t<\/figure>\n\t\t<div class=\"biw-card__content\">\n\t\t<h3 class=\"biw-card__title\">\n\t\t\t\t\t\t\tCelebra\u00e7\u00f5es\t\t\t\t\t<\/h3>\n\t\t<div class=\"biw-card__text\">\n\n<p>De anivers\u00e1rios de empresa a datas pessoais e tudo mais, homenageie pessoas ou equipes com celebra\u00e7\u00f5es marcantes que realmente fazem a diferen\u00e7a.<\/p>\n\n<\/div>\n\t<\/div>\n\t<\/div>\n\n<div class=\" has-image-size-cover has-image-radius-none is-style-image-left wp-block-biw-block-theme-biw-card\">\n\t\t\t<figure class=\"biw-card__image-wrapper \">\n\t\t\t<img decoding=\"async\" src=\"http:\/\/live-biw-main.pantheonsite.io\/wp-content\/uploads\/2025\/01\/elevate-serviceanniversaries-no-logo.png\" alt=\"\" class=\"biw-card__image\" style=\"object-position: 50% 50%;\">\t\t<\/figure>\n\t\t<div class=\"biw-card__content\">\n\t\t<h3 class=\"biw-card__title\">\n\t\t\t\t\t\t\tAnivers\u00e1rios de Empresa\t\t\t\t\t<\/h3>\n\t\t<div class=\"biw-card__text\">\n\n<p>Celebre e reconhe\u00e7a o compromisso e a lealdade dos membros da sua equipe com os Pr\u00eamios de Tempo de Servi\u00e7o do Elevate. Valorize marcos importantes e promova uma cultura de reconhecimento.<\/p>\n\n<\/div>\n\t<\/div>\n\t<\/div>\n\n<div class=\" has-image-size-cover has-image-radius-none is-style-image-left wp-block-biw-block-theme-biw-card\">\n\t\t\t<figure class=\"biw-card__image-wrapper \">\n\t\t\t<img decoding=\"async\" src=\"http:\/\/live-biw-main.pantheonsite.io\/wp-content\/uploads\/2025\/01\/elevate-learning-no-logo.png\" alt=\"\" class=\"biw-card__image\" style=\"object-position: 50% 50%;\">\t\t<\/figure>\n\t\t<div class=\"biw-card__content\">\n\t\t<h3 class=\"biw-card__title\">\n\t\t\t\t\t\t\tAprendizado\t\t\t\t\t<\/h3>\n\t\t<div class=\"biw-card__text\">\n\n<p>O m\u00f3dulo de Aprendizado do Elevate oferece acesso f\u00e1cil ao desenvolvimento cont\u00ednuo. Conhecimento \u00e9 poder \u2014 e sua equipe ter\u00e1 acesso a objetivos de aprendizado essenciais e cursos de habilidades personalizados.<\/p>\n\n<\/div>\n\t<\/div>\n\t<\/div>\n\n<div class=\" has-image-size-cover has-image-radius-none is-style-image-left wp-block-biw-block-theme-biw-card\">\n\t\t\t<figure class=\"biw-card__image-wrapper \">\n\t\t\t<img decoding=\"async\" src=\"http:\/\/live-biw-main.pantheonsite.io\/wp-content\/uploads\/2025\/01\/elevate-awards-no-logo.png\" alt=\"\" class=\"biw-card__image\" style=\"object-position: 50% 50%;\">\t\t<\/figure>\n\t\t<div class=\"biw-card__content\">\n\t\t<h3 class=\"biw-card__title\">\n\t\t\t\t\t\t\tAwards\t\t\t\t\t<\/h3>\n\t\t<div class=\"biw-card__text\">\n\n<p>De produtos de qualidade a experi\u00eancias inesquec\u00edveis e aquisi\u00e7\u00e3o de novas habilidades, nossas op\u00e7\u00f5es diversificadas de recompensas mant\u00eam sua equipe motivada, engajada e inspirada.<\/p>\n\n<\/div>\n\t<\/div>\n\t<\/div>\n\n<div class=\" has-image-size-cover has-image-radius-none is-style-image-left wp-block-biw-block-theme-biw-card\">\n\t\t\t<figure class=\"biw-card__image-wrapper \">\n\t\t\t<img decoding=\"async\" src=\"http:\/\/live-biw-main.pantheonsite.io\/wp-content\/uploads\/2025\/01\/elevate-incentives-no-logo.png\" alt=\"\" class=\"biw-card__image\" style=\"object-position: 50% 50%;\">\t\t<\/figure>\n\t\t<div class=\"biw-card__content\">\n\t\t<h3 class=\"biw-card__title\">\n\t\t\t\t\t\t\tIncentives\t\t\t\t\t<\/h3>\n\t\t<div class=\"biw-card__text\">\n\n<p>Leve sua equipe rumo ao sucesso! Defina metas desafiadoras \u2014 mas alcan\u00e7\u00e1veis \u2014 e estimule sua equipe a se tornar uma pot\u00eancia altamente engajada e motivada.<\/p>\n\n<\/div>\n\t<\/div>\n\t<\/div>\n\n<div class=\" has-image-size-cover has-image-radius-none is-style-image-left wp-block-biw-block-theme-biw-card\">\n\t\t\t<figure class=\"biw-card__image-wrapper \">\n\t\t\t<img decoding=\"async\" src=\"http:\/\/live-biw-main.pantheonsite.io\/wp-content\/uploads\/2025\/01\/elevate-wellness-no-logo.png\" alt=\"\" class=\"biw-card__image\" style=\"object-position: 50% 50%;\">\t\t<\/figure>\n\t\t<div class=\"biw-card__content\">\n\t\t<h3 class=\"biw-card__title\">\n\t\t\t\t\t\t\tWellness\t\t\t\t\t<\/h3>\n\t\t<div class=\"biw-card__text\">\n\n<p>Promova o bem-estar da equipe incentivando sa\u00fade e felicidade por meio de desafios, metas e recompensas. Saiba mais aqui.<\/p>\n\n<\/div>\n\t<\/div>\n\t<\/div>\n\n<div class=\" has-image-size-cover has-image-radius-none is-style-image-left wp-block-biw-block-theme-biw-card\">\n\t\t\t<figure class=\"biw-card__image-wrapper \">\n\t\t\t<img decoding=\"async\" src=\"http:\/\/live-biw-main.pantheonsite.io\/wp-content\/uploads\/2025\/01\/elevate-gamification-no-logo.png\" alt=\"\" class=\"biw-card__image\" style=\"object-position: 50% 50%;\">\t\t<\/figure>\n\t\t<div class=\"biw-card__content\">\n\t\t<h3 class=\"biw-card__title\">\n\t\t\t\t\t\t\tGamification\t\t\t\t\t<\/h3>\n\t\t<div class=\"biw-card__text\">\n\n<p>As miss\u00f5es s\u00e3o cuidadosamente desenvolvidas para incentivar a ado\u00e7\u00e3o inicial das ferramentas e estimular o engajamento. Ao concluir uma variedade de tarefas r\u00e1pidas, sua equipe acumula pontos resgat\u00e1veis enquanto se prepara para uma jornada de sucesso.<\/p>\n\n\n\n<p style=\"font-size:0.7rem\">A plataforma Bunchball Nitro da BI WORLDWIDE \u00e9 protegida por uma ou mais das seguintes patentes dos EUA: 8.768.764 e 9.779.421.<br><\/p>\n\n<\/div>\n\t<\/div>\n\t<\/div><\/div>\n<\/div>\n<\/div>\n\n\n\n<div class=\"wp-block-group  layout-columns-7 has-global-padding is-layout-constrained wp-container-core-group-is-layout-a133ec42 wp-block-group-is-layout-constrained\">\n<figure class=\"wp-block-embed is-type-video is-provider-vimeo wp-block-embed-vimeo wp-embed-aspect-16-9 wp-has-aspect-ratio\"><div class=\"wp-block-embed__wrapper\">\n<iframe loading=\"lazy\" title=\"Recognition Assistant\" src=\"https:\/\/player.vimeo.com\/video\/922565626?dnt=1&amp;app_id=122963\" width=\"500\" height=\"281\" frameborder=\"0\" allow=\"autoplay; fullscreen; picture-in-picture; clipboard-write; encrypted-media\"><\/iframe>\n<\/div><\/figure>\n<\/div>\n\n\n\n<div class=\"wp-block-group alignfull has-global-padding is-layout-constrained wp-container-core-group-is-layout-d3543a3b wp-block-group-is-layout-constrained\">\n<div class=\"wp-block-group  layout-columns-6 has-global-padding is-layout-constrained wp-container-core-group-is-layout-97093539 wp-block-group-is-layout-constrained\">\n<h2 class=\"wp-block-heading has-text-align-center\">Recognition CoPilot<\/h2>\n\n\n\n<p class=\"has-text-align-center has-large-font-size\">O reconhecimento deve ser pontual, espec\u00edfico e pessoal. Nada substitui uma mensagem significativa de um gestor ou colega de equipe. Mas todos podem se beneficiar de uma ajudinha na hora de escrever. O Recognition Copilot\u2122, nosso motor de reconhecimento com intelig\u00eancia artificial, oferece quatro ferramentas para criar mensagens entre pares e gestores que inspiram e t\u00eam impacto real.<br><\/p>\n<\/div>\n\n\n\n<div class=\"wp-block-group has-global-padding is-layout-constrained wp-block-group-is-layout-constrained\">\n<div class=\"wp-block-group  has-row-gap is-layout-grid wp-container-core-group-is-layout-249c2011 wp-block-group-is-layout-grid\" style=\"--row-gap:var(--wp--preset--spacing--50)\"><div class=\" has-image-size-cover has-image-radius-none is-style-image-left wp-block-biw-block-theme-biw-card\">\n\t\t<div class=\"biw-card__content\">\n\t\t<h3 class=\"biw-card__title\">\n\t\t\t\t\t\t\tDetec\u00e7\u00e3o de Vi\u00e9s\t\t\t\t\t<\/h3>\n\t\t<div class=\"biw-card__text\">\n\n<p>Embora as an\u00e1lises mostrem que vi\u00e9s \u00e9 raro em contextos de reconhecimento, nosso algoritmo de intelig\u00eancia artificial identifica e reduz linguagem tendenciosa nas mensagens.<br><\/p>\n\n<\/div>\n\t<\/div>\n\t<\/div>\n\n<div class=\" has-image-size-cover has-image-radius-none is-style-image-left wp-block-biw-block-theme-biw-card\">\n\t\t<div class=\"biw-card__content\">\n\t\t<h3 class=\"biw-card__title\">\n\t\t\t\t\t\t\tOrtografia e Gram\u00e1tica\t\t\t\t\t<\/h3>\n\t\t<div class=\"biw-card__text\">\n\n<p>Uma em cada quatro pessoas adultas tem dificuldades com ortografia no dia a dia. Isso n\u00e3o deve ser um obst\u00e1culo para o reconhecimento. O Recognition Copilot\u2122 oferece uma verifica\u00e7\u00e3o completa de ortografia e gram\u00e1tica para corrigir erros antes do envio.<br><\/p>\n\n<\/div>\n\t<\/div>\n\t<\/div>\n\n<div class=\" has-image-size-cover has-image-radius-none is-style-image-left wp-block-biw-block-theme-biw-card\">\n\t\t<div class=\"biw-card__content\">\n\t\t<h3 class=\"biw-card__title\">\n\t\t\t\t\t\t\tAprimorar\t\t\t\t\t<\/h3>\n\t\t<div class=\"biw-card__text\">\n\n<p>A diferen\u00e7a entre um bom reconhecimento e um excelente est\u00e1 na especificidade e relev\u00e2ncia. O recurso Aprimorar ajuda o usu\u00e1rio a criar mensagens certeiras, com destaques e marcadores que deixam claro para o destinat\u00e1rio o quanto sua contribui\u00e7\u00e3o foi valorizada.<br><\/p>\n\n<\/div>\n\t<\/div>\n\t<\/div>\n\n<div class=\" has-image-size-cover has-image-radius-none is-style-image-left wp-block-biw-block-theme-biw-card\">\n\t\t<div class=\"biw-card__content\">\n\t\t<h3 class=\"biw-card__title\">\n\t\t\t\t\t\t\tTraduzir\t\t\t\t\t<\/h3>\n\t\t<div class=\"biw-card__text\">\n\n<p>Em empresas verdadeiramente globais, l\u00edderes interagem com equipes que podem n\u00e3o falar seu idioma nativo. Nosso mecanismo de tradu\u00e7\u00e3o permite que a mensagem seja escrita no idioma principal do destinat\u00e1rio, com precis\u00e3o na ortografia e na gram\u00e1tica.<br><br><br><br><\/p>\n\n<\/div>\n\t<\/div>\n\t<\/div><\/div>\n<\/div>\n<\/div>\n","protected":false},"excerpt":{"rendered":"<p>O Elevate \u00e9 uma solu\u00e7\u00e3o transformadora, criada para revolucionar a cultura organizacional e aumentar o engajamento em todos os n\u00edveis. O que isso significa exatamente? Significa que o Elevate se conecta ao cora\u00e7\u00e3o pulsante da sua organiza\u00e7\u00e3o, despertando paix\u00e3o, motiva\u00e7\u00e3o e inspira\u00e7\u00e3o. O Elevate ativa e intensifica mudan\u00e7as comportamentais com um conjunto exclusivo de funcionalidades. [&hellip;]<\/p>\n","protected":false},"author":16,"featured_media":0,"parent":0,"menu_order":0,"comment_status":"closed","ping_status":"closed","template":"","meta":{"featured_image_focal_point":{"x":0.5,"y":0.5},"footnotes":""},"wf_page_folders":[42],"class_list":["post-374","page","type-page","status-publish","hentry"],"yoast_head":"<!-- This site is optimized with the Yoast SEO plugin v26.2 - https:\/\/yoast.com\/wordpress\/plugins\/seo\/ -->\n<title>Elevate - Brazil (Portuguese)<\/title>\n<meta name=\"robots\" content=\"index, follow, max-snippet:-1, max-image-preview:large, max-video-preview:-1\" \/>\n<link rel=\"canonical\" href=\"https:\/\/www.biworldwide.com\/pt-br\/elevate\/\" \/>\n<meta property=\"og:locale\" content=\"pt_BR\" \/>\n<meta property=\"og:type\" content=\"article\" \/>\n<meta property=\"og:title\" content=\"Elevate - Brazil (Portuguese)\" \/>\n<meta property=\"og:description\" content=\"O Elevate \u00e9 uma solu\u00e7\u00e3o transformadora, criada para revolucionar a cultura organizacional e aumentar o engajamento em todos os n\u00edveis. O que isso significa exatamente? Significa que o Elevate se conecta ao cora\u00e7\u00e3o pulsante da sua organiza\u00e7\u00e3o, despertando paix\u00e3o, motiva\u00e7\u00e3o e inspira\u00e7\u00e3o. O Elevate ativa e intensifica mudan\u00e7as comportamentais com um conjunto exclusivo de funcionalidades. [&hellip;]\" \/>\n<meta property=\"og:url\" content=\"https:\/\/www.biworldwide.com\/pt-br\/elevate\/\" \/>\n<meta property=\"og:site_name\" content=\"Brazil (Portuguese)\" \/>\n<meta property=\"article:modified_time\" content=\"2025-04-01T03:31:13+00:00\" \/>\n<meta name=\"twitter:card\" content=\"summary_large_image\" \/>\n<meta name=\"twitter:label1\" content=\"Est. reading time\" \/>\n\t<meta name=\"twitter:data1\" content=\"3 minutos\" \/>\n<script type=\"application\/ld+json\" class=\"yoast-schema-graph\">{\"@context\":\"https:\/\/schema.org\",\"@graph\":[{\"@type\":\"WebPage\",\"@id\":\"https:\/\/www.biworldwide.com\/pt-br\/elevate\/\",\"url\":\"https:\/\/www.biworldwide.com\/pt-br\/elevate\/\",\"name\":\"Elevate - Brazil (Portuguese)\",\"isPartOf\":{\"@id\":\"https:\/\/www.biworldwide.com\/pt-br\/#website\"},\"datePublished\":\"2025-03-29T05:17:03+00:00\",\"dateModified\":\"2025-04-01T03:31:13+00:00\",\"breadcrumb\":{\"@id\":\"https:\/\/www.biworldwide.com\/pt-br\/elevate\/#breadcrumb\"},\"inLanguage\":\"pt-BR\",\"potentialAction\":[{\"@type\":\"ReadAction\",\"target\":[\"https:\/\/www.biworldwide.com\/pt-br\/elevate\/\"]}]},{\"@type\":\"BreadcrumbList\",\"@id\":\"https:\/\/www.biworldwide.com\/pt-br\/elevate\/#breadcrumb\",\"itemListElement\":[{\"@type\":\"ListItem\",\"position\":1,\"name\":\"Home\",\"item\":\"https:\/\/www.biworldwide.com\/pt-br\/\"},{\"@type\":\"ListItem\",\"position\":2,\"name\":\"Elevate\"}]},{\"@type\":\"WebSite\",\"@id\":\"https:\/\/www.biworldwide.com\/pt-br\/#website\",\"url\":\"https:\/\/www.biworldwide.com\/pt-br\/\",\"name\":\"Brazil (Portuguese)\",\"description\":\"\",\"potentialAction\":[{\"@type\":\"SearchAction\",\"target\":{\"@type\":\"EntryPoint\",\"urlTemplate\":\"https:\/\/www.biworldwide.com\/pt-br\/?s={search_term_string}\"},\"query-input\":{\"@type\":\"PropertyValueSpecification\",\"valueRequired\":true,\"valueName\":\"search_term_string\"}}],\"inLanguage\":\"pt-BR\"}]}<\/script>\n<!-- \/ Yoast SEO plugin. -->","yoast_head_json":{"title":"Elevate - Brazil (Portuguese)","robots":{"index":"index","follow":"follow","max-snippet":"max-snippet:-1","max-image-preview":"max-image-preview:large","max-video-preview":"max-video-preview:-1"},"canonical":"https:\/\/www.biworldwide.com\/pt-br\/elevate\/","og_locale":"pt_BR","og_type":"article","og_title":"Elevate - Brazil (Portuguese)","og_description":"O Elevate \u00e9 uma solu\u00e7\u00e3o transformadora, criada para revolucionar a cultura organizacional e aumentar o engajamento em todos os n\u00edveis. O que isso significa exatamente? Significa que o Elevate se conecta ao cora\u00e7\u00e3o pulsante da sua organiza\u00e7\u00e3o, despertando paix\u00e3o, motiva\u00e7\u00e3o e inspira\u00e7\u00e3o. O Elevate ativa e intensifica mudan\u00e7as comportamentais com um conjunto exclusivo de funcionalidades. [&hellip;]","og_url":"https:\/\/www.biworldwide.com\/pt-br\/elevate\/","og_site_name":"Brazil (Portuguese)","article_modified_time":"2025-04-01T03:31:13+00:00","twitter_card":"summary_large_image","twitter_misc":{"Est. reading time":"3 minutos"},"schema":{"@context":"https:\/\/schema.org","@graph":[{"@type":"WebPage","@id":"https:\/\/www.biworldwide.com\/pt-br\/elevate\/","url":"https:\/\/www.biworldwide.com\/pt-br\/elevate\/","name":"Elevate - Brazil (Portuguese)","isPartOf":{"@id":"https:\/\/www.biworldwide.com\/pt-br\/#website"},"datePublished":"2025-03-29T05:17:03+00:00","dateModified":"2025-04-01T03:31:13+00:00","breadcrumb":{"@id":"https:\/\/www.biworldwide.com\/pt-br\/elevate\/#breadcrumb"},"inLanguage":"pt-BR","potentialAction":[{"@type":"ReadAction","target":["https:\/\/www.biworldwide.com\/pt-br\/elevate\/"]}]},{"@type":"BreadcrumbList","@id":"https:\/\/www.biworldwide.com\/pt-br\/elevate\/#breadcrumb","itemListElement":[{"@type":"ListItem","position":1,"name":"Home","item":"https:\/\/www.biworldwide.com\/pt-br\/"},{"@type":"ListItem","position":2,"name":"Elevate"}]},{"@type":"WebSite","@id":"https:\/\/www.biworldwide.com\/pt-br\/#website","url":"https:\/\/www.biworldwide.com\/pt-br\/","name":"Brazil (Portuguese)","description":"","potentialAction":[{"@type":"SearchAction","target":{"@type":"EntryPoint","urlTemplate":"https:\/\/www.biworldwide.com\/pt-br\/?s={search_term_string}"},"query-input":{"@type":"PropertyValueSpecification","valueRequired":true,"valueName":"search_term_string"}}],"inLanguage":"pt-BR"}]}},"_links":{"self":[{"href":"https:\/\/www.biworldwide.com\/pt-br\/wp-json\/wp\/v2\/pages\/374","targetHints":{"allow":["GET"]}}],"collection":[{"href":"https:\/\/www.biworldwide.com\/pt-br\/wp-json\/wp\/v2\/pages"}],"about":[{"href":"https:\/\/www.biworldwide.com\/pt-br\/wp-json\/wp\/v2\/types\/page"}],"author":[{"embeddable":true,"href":"https:\/\/www.biworldwide.com\/pt-br\/wp-json\/wp\/v2\/users\/16"}],"replies":[{"embeddable":true,"href":"https:\/\/www.biworldwide.com\/pt-br\/wp-json\/wp\/v2\/comments?post=374"}],"version-history":[{"count":3,"href":"https:\/\/www.biworldwide.com\/pt-br\/wp-json\/wp\/v2\/pages\/374\/revisions"}],"predecessor-version":[{"id":831,"href":"https:\/\/www.biworldwide.com\/pt-br\/wp-json\/wp\/v2\/pages\/374\/revisions\/831"}],"wp:attachment":[{"href":"https:\/\/www.biworldwide.com\/pt-br\/wp-json\/wp\/v2\/media?parent=374"}],"wp:term":[{"taxonomy":"wf_page_folders","embeddable":true,"href":"https:\/\/www.biworldwide.com\/pt-br\/wp-json\/wp\/v2\/wf_page_folders?post=374"}],"curies":[{"name":"wp","href":"https:\/\/api.w.org\/{rel}","templated":true}]}}