{"id":376,"date":"2025-03-28T23:17:21","date_gmt":"2025-03-29T05:17:21","guid":{"rendered":"https:\/\/www.biworldwide.com\/pt-br\/?page_id=376"},"modified":"2025-03-31T21:35:21","modified_gmt":"2025-04-01T03:35:21","slug":"game-arcade","status":"publish","type":"page","link":"https:\/\/www.biworldwide.com\/pt-br\/game-arcade\/","title":{"rendered":"Game Arcade"},"content":{"rendered":"<div class=\" has-content-align-left has-overlay has-overlay--dark alignfull wp-block-biw-block-theme-hero\">\n\t<div class=\"biw-hero__grid\">\n\t\t\n\t\t\t\t\t<div class=\"biw-hero__media \">\n\t\t\t\t\t\t\t\t\t<div class=\"biw-hero__overlay overlay-dark\"><\/div>\n\t\t\t\t\t\t\t\t<img decoding=\"async\" src=\"http:\/\/live-biw-main.pantheonsite.io\/wp-content\/uploads\/2025\/03\/game-arcade-hero.png\" alt=\"Illustration of a purple hand holding a white gaming controller against a blue and purple gradient background. Triangular, circular, cross, and square symbols are scattered around.\" class=\"biw-hero__bg-image\" style=\"object-position: 50% 50%;\">\t\t\t<\/div>\n\t\t\t\t<div class=\"biw-hero__content\">\n\t\t\t\t\t\t<h1 class=\"biw-hero__title\" style=\"line-height: 1.2\">\n\t\t\t\tGame Arcade\t\t\t<\/h1>\n\t\t\t\t\t\t\t\t\t\t<div class=\"biw-hero__text\">\n\t\t\t\t\t\n\n<p>Seja para refor\u00e7ar comportamentos que impulsionam seu neg\u00f3cio ou reconhecer conquistas espec\u00edficas, o Game Arcade \u00e9 uma forma simples e divertida de recompensar o desempenho excepcional das equipes de vendas.<br><br><a href=\"https:\/\/www.biworldwide.com\/sales-team-motivation\/game-arcade\/#below-hero\"><\/a><\/p>\n\n\t\t\t\t<\/div>\n\t\t\t\t\t\t\t\t<\/div>\n\t<\/div>\n<\/div>\n\n\n\n<div class=\"wp-block-group alignfull  layout-columns-7 has-global-padding is-layout-constrained wp-container-core-group-is-layout-a133ec42 wp-block-group-is-layout-constrained\">\n<div class=\"wp-block-group  layout-columns-7 has-global-padding is-layout-constrained wp-container-core-group-is-layout-a133ec42 wp-block-group-is-layout-constrained\">\n<h2 class=\"wp-block-heading\">Jogos est\u00e3o por toda parte.<\/h2>\n\n\n\n<p>A cultura dos games se tornou oficialmente parte do mainstream. E por que isso importa? Porque voc\u00ea pode aproveitar a popularidade dos jogos para melhorar o desempenho da equipe e oferecer uma motiva\u00e7\u00e3o poderosa \u2014 e divertida \u2014 <a href=\"https:\/\/www.biworldwide.com\/pt-br\/programas-para-a-forca-de-vendas\/\">para suas equipes de vendas.<\/a><br><\/p>\n\n\n\n<p>No n\u00edvel social, os jogos fazem sucesso porque s\u00e3o divertidos. Mas h\u00e1 mais do que isso. Jogos nos surpreendem e encantam, despertando nosso desejo de continuar jogando. Eles ativam aquela parte do c\u00e9rebro que adora uma dose de dopamina (o horm\u00f4nio do bem-estar) \u2014 e queremos sempre mais.<br><\/p>\n\n\n\n<p>A imprevisibilidade de um bom jogo significa que voc\u00ea nunca sabe exatamente quanto pode ganhar, j\u00e1 que o valor (ou a escala) da recompensa muda aleatoriamente a cada partida. Essa din\u00e2mica foi feita para manter o jogador engajado, porque sempre existe a chance de ganhar o grande pr\u00eamio na pr\u00f3xima jogada.<\/p>\n\n\n\n<p>Essa t\u00e9cnica de jogos \u00e9 conhecida como <strong>Refor\u00e7o de Raz\u00e3o Vari\u00e1vel <\/strong>\u2014 e \u00e9 o que nos faz pensar: \u201cs\u00f3 mais uma vez\u201d\u2026 e mais outra\u2026 e outra. Esse efeito pode at\u00e9 ser problem\u00e1tico se te fizer jogar at\u00e9 \u00e0s 3 da manh\u00e3, mas tamb\u00e9m pode ser aproveitado para gerar a\u00e7\u00f5es positivas.<br><\/p>\n\n\n\n<figure class=\"wp-block-embed is-type-video is-provider-vimeo wp-block-embed-vimeo wp-embed-aspect-16-9 wp-has-aspect-ratio\"><div class=\"wp-block-embed__wrapper\">\n<iframe loading=\"lazy\" title=\"Game Arcade by BI WORLDWIDE\" src=\"https:\/\/player.vimeo.com\/video\/591591116?dnt=1&amp;app_id=122963\" width=\"500\" height=\"281\" frameborder=\"0\" allow=\"autoplay; fullscreen; picture-in-picture; clipboard-write; encrypted-media\"><\/iframe>\n<\/div><\/figure>\n\n\n\n<p class=\"has-xl-font-size\"><strong>Com o Game Arcade, todo mundo sai ganhando. Literalmente.<\/strong><\/p>\n\n\n\n<p>O Game Arcade conta com dez op\u00e7\u00f5es diferentes de jogos, cada uma com uma experi\u00eancia visual envolvente e memor\u00e1vel. Os jogos podem ser oferecidos individualmente como partidas instant\u00e2neas ou em formato de arcade completo, permitindo que os participantes escolham seu jogo preferido. Qualquer que seja a abordagem, o Game Arcade oferece uma forma divertida, r\u00e1pida e sem necessidade de habilidade para recompensar desempenhos de destaque da sua equipe de vendas.<br><\/p>\n<\/div>\n\n\n\n<div class=\"wp-block-group alignfull has-global-padding is-layout-constrained wp-container-core-group-is-layout-97ab3c77 wp-block-group-is-layout-constrained\">\n<div class=\"wp-block-group has-text-align-center  layout-columns-8 has-global-padding is-layout-constrained wp-container-core-group-is-layout-ee362a79 wp-block-group-is-layout-constrained\">\n<h2 class=\"wp-block-heading has-text-align-center  has-text-wrap-pretty\">Jogos divertidos, r\u00e1pidos e f\u00e1ceis:<\/h2>\n\n\n\n<p class=\" has-text-wrap-balance\"><\/p>\n<\/div>\n\n\n\n<div class=\"wp-block-group  layout-columns-12 has-global-padding is-layout-constrained wp-container-core-group-is-layout-9e09659d wp-block-group-is-layout-constrained\">\n<div class=\"wp-block-group is-layout-grid wp-container-core-group-is-layout-c765d3c1 wp-block-group-is-layout-grid\"><div class=\" has-dynamic-border-radius has-image-size-cover has-image-radius-none is-style-default wp-block-biw-block-theme-biw-card\">\n\t\t\t<figure class=\"biw-card__image-wrapper \">\n\t\t\t<img decoding=\"async\" src=\"http:\/\/live-biw-main.pantheonsite.io\/wp-content\/uploads\/2025\/03\/Fortune-Wheel-BIW-Game-Arcade.png\" alt=\"A close-up of a smartphone screen displaying a colorful wheel with different numbers and the text Fortune Wheel above a blue Spin button. The image suggests an online spinning wheel game.\" class=\"biw-card__image\" style=\"object-position: 50% 50%;\">\t\t<\/figure>\n\t\t<div class=\"biw-card__content\">\n\t\t<h3 class=\"biw-card__title\">\n\t\t\t\t\t\t\tFortune Wheel\t\t\t\t\t<\/h3>\n\t\t<div class=\"biw-card__text\">\n\n<p>Gire a roleta e descubra sua sorte! Onde ela vai parar? Ningu\u00e9m sabe \u2014 s\u00f3 girar e torcer para uma grande vit\u00f3ria.<\/p>\n\n<\/div>\n\t<\/div>\n\t<\/div>\n\n<div class=\" has-dynamic-border-radius has-image-size-cover has-image-radius-none is-style-default wp-block-biw-block-theme-biw-card\">\n\t\t\t<figure class=\"biw-card__image-wrapper \">\n\t\t\t<img decoding=\"async\" src=\"http:\/\/live-biw-main.pantheonsite.io\/wp-content\/uploads\/2025\/03\/Plinqo-BIW-Game-Arcade.png\" alt=\"A smartphone displays a game resembling a digital version of Plinko with glowing blue lights. The background shows a blurred image of bright stadium-style lights.\" class=\"biw-card__image\" style=\"object-position: 50% 50%;\">\t\t<\/figure>\n\t\t<div class=\"biw-card__content\">\n\t\t<h3 class=\"biw-card__title\">\n\t\t\t\t\t\t\tPlinqo\t\t\t\t\t<\/h3>\n\t\t<div class=\"biw-card__text\">\n\n<p>Bem-vindo \u00e0 Zona de Queda! Escolha uma letra \u2014 qualquer uma, desde que seja P, L, I, N, Q ou O!<\/p>\n\n<\/div>\n\t<\/div>\n\t<\/div>\n\n<div class=\" has-dynamic-border-radius has-image-size-cover has-image-radius-none is-style-default wp-block-biw-block-theme-biw-card\">\n\t\t\t<figure class=\"biw-card__image-wrapper \">\n\t\t\t<img decoding=\"async\" src=\"http:\/\/live-biw-main.pantheonsite.io\/wp-content\/uploads\/2025\/03\/Mini-Golf-BIW-Game-Arcade.png\" alt=\"A smartphone screen displaying a golf game app is shown in front of a browser window. The game includes a green, a red flag, three target points with distances, and a hole. The background suggests a golf course with trees and a small pond.\" class=\"biw-card__image\" style=\"object-position: 50% 50%;\">\t\t<\/figure>\n\t\t<div class=\"biw-card__content\">\n\t\t<h3 class=\"biw-card__title\">\n\t\t\t\t\t\t\tMini Golf\t\t\t\t\t<\/h3>\n\t\t<div class=\"biw-card__text\">\n\n<p>Prepare-se para acertar em cheio! Mire, arremesse e fa\u00e7a a bola entrar no buraco para acumular pontos.<\/p>\n\n<\/div>\n\t<\/div>\n\t<\/div>\n\n<div class=\" has-dynamic-border-radius has-image-size-cover has-image-radius-none is-style-default wp-block-biw-block-theme-biw-card\">\n\t\t\t<figure class=\"biw-card__image-wrapper \">\n\t\t\t<img decoding=\"async\" src=\"http:\/\/live-biw-main.pantheonsite.io\/wp-content\/uploads\/2025\/03\/Try-your-luck-BIW-Game-Arcade.png\" alt=\"A smartphone screen displaying a colorful hexagon grid game with values like 150 and 100. The words Try Your Luck are visible at the top with a purple and pink backdrop. A browser window in the background shows the same image.\" class=\"biw-card__image\" style=\"object-position: 50% 50%;\">\t\t<\/figure>\n\t\t<div class=\"biw-card__content\">\n\t\t<h3 class=\"biw-card__title\">\n\t\t\t\t\t\t\tTry Your Luck\t\t\t\t\t<\/h3>\n\t\t<div class=\"biw-card__text\">\n\n<p>A sorte est\u00e1 a um clique de dist\u00e2ncia. Clique em COME\u00c7AR quando estiver pronto e em PARAR quando sentir que \u00e9 o momento certo!<\/p>\n\n<\/div>\n\t<\/div>\n\t<\/div>\n\n<div class=\" has-dynamic-border-radius has-image-size-cover has-image-radius-none is-style-default wp-block-biw-block-theme-biw-card\">\n\t\t\t<figure class=\"biw-card__image-wrapper \">\n\t\t\t<img decoding=\"async\" src=\"http:\/\/live-biw-main.pantheonsite.io\/wp-content\/uploads\/2025\/03\/Martian-Match-BIW-Game-Arcade.png\" alt=\"A smartphone screen displays a colorful space-themed puzzle game with rows of colorful orbs. The game screen is set against a backdrop of a cosmic landscape with planets and rocky terrain.\" class=\"biw-card__image\" style=\"object-position: 50% 50%;\">\t\t<\/figure>\n\t\t<div class=\"biw-card__content\">\n\t\t<h3 class=\"biw-card__title\">\n\t\t\t\t\t\t\tMartian Match\t\t\t\t\t<\/h3>\n\t\t<div class=\"biw-card__text\">\n\n<p>O cl\u00e1ssico jogo de combina\u00e7\u00e3o\u2026 s\u00f3 que interplanet\u00e1rio! Mova seus marcianos para formar grupos de tr\u00eas ou mais.<\/p>\n\n<\/div>\n\t<\/div>\n\t<\/div>\n\n<div class=\" has-dynamic-border-radius has-image-size-cover has-image-radius-none is-style-default wp-block-biw-block-theme-biw-card\">\n\t\t\t<figure class=\"biw-card__image-wrapper \">\n\t\t\t<img decoding=\"async\" src=\"http:\/\/live-biw-main.pantheonsite.io\/wp-content\/uploads\/2025\/03\/Batter-Up-BIW-Game-Aracade.png\" alt=\"Illustration of a baseball player in a blue helmet and white uniform with number 6, shown on a mobile phone screen. The background features a stadium with bright lights and a Baseball logo at the top.\" class=\"biw-card__image\" style=\"object-position: 50% 50%;\">\t\t<\/figure>\n\t\t<div class=\"biw-card__content\">\n\t\t<h3 class=\"biw-card__title\">\n\t\t\t\t\t\t\tBatter Up\t\t\t\t\t<\/h3>\n\t\t<div class=\"biw-card__text\">\n\n<p>Heyyy, rebatedor! Hora de balan\u00e7ar o bast\u00e3o. Acerte a bola e mande para fora do est\u00e1dio para ganhar pr\u00eamios incr\u00edveis!<\/p>\n\n<\/div>\n\t<\/div>\n\t<\/div>\n\n<div class=\" has-dynamic-border-radius has-image-size-cover has-image-radius-none is-style-default wp-block-biw-block-theme-biw-card\">\n\t\t\t<figure class=\"biw-card__image-wrapper \">\n\t\t\t<img decoding=\"async\" src=\"http:\/\/live-biw-main.pantheonsite.io\/wp-content\/uploads\/2025\/03\/Escape-Room-BIW-Game-Arcade.png\" alt=\"An iPhone screen displays an escape room game with three doors marked by symbols: a blue door with a key, a yellow door with a lock, and an orange door with a keyhole. The background features a starry sky and a browser view above.\" class=\"biw-card__image\" style=\"object-position: 50% 50%;\">\t\t<\/figure>\n\t\t<div class=\"biw-card__content\">\n\t\t<h3 class=\"biw-card__title\">\n\t\t\t\t\t\t\tEscape Room\t\t\t\t\t<\/h3>\n\t\t<div class=\"biw-card__text\">\n\n<p>Tr\u00eas portas, tr\u00eas possibilidades. Mova a chave at\u00e9 uma delas e descubra sua recompensa ao abrir.<\/p>\n\n<\/div>\n\t<\/div>\n\t<\/div>\n\n<div class=\" has-dynamic-border-radius has-image-size-cover has-image-radius-none is-style-default wp-block-biw-block-theme-biw-card\">\n\t\t\t<figure class=\"biw-card__image-wrapper \">\n\t\t\t<img decoding=\"async\" src=\"http:\/\/live-biw-main.pantheonsite.io\/wp-content\/uploads\/2025\/03\/Spin-and-win-BIW-Game-Arcade.png\" alt=\"A smartphone screen displays a Spin &amp; Win slot machine game with symbols like bars, diamonds, cherries, and lemons. The background is gold with sparkles. The title is at the top, and there is a red spin button at the bottom.\" class=\"biw-card__image\" style=\"object-position: 50% 50%;\">\t\t<\/figure>\n\t\t<div class=\"biw-card__content\">\n\t\t<h3 class=\"biw-card__title\">\n\t\t\t\t\t\t\tSpin and Win\t\t\t\t\t<\/h3>\n\t\t<div class=\"biw-card__text\">\n\n<p>D\u00ea uma chance \u00e0 sorte! Gire os rolos e alinhe os tr\u00eas s\u00edmbolos para ganhar, ganhar e ganhar!<\/p>\n\n<\/div>\n\t<\/div>\n\t<\/div>\n\n<div class=\" has-dynamic-border-radius has-image-size-cover has-image-radius-none is-style-default wp-block-biw-block-theme-biw-card\">\n\t\t\t<figure class=\"biw-card__image-wrapper \">\n\t\t\t<img decoding=\"async\" src=\"http:\/\/live-biw-main.pantheonsite.io\/wp-content\/uploads\/2025\/03\/Jump-Ninja-BIW-Game-Arcade.png\" alt=\"A smartphone displaying a colorful jumping game called Jump Ninja. The game features a ninja character leaping between platforms in a scenic environment with mountains and cherry blossoms. The score displayed is 120. The browser shows the same game.\" class=\"biw-card__image\" style=\"object-position: 50% 50%;\">\t\t<\/figure>\n\t\t<div class=\"biw-card__content\">\n\t\t<h3 class=\"biw-card__title\">\n\t\t\t\t\t\t\tJump Ninja\t\t\t\t\t<\/h3>\n\t\t<div class=\"biw-card__text\">\n\n<p>Salte de plataforma em plataforma e mantenha-se no alto para alcan\u00e7ar sua recompensa no topo.<\/p>\n\n<\/div>\n\t<\/div>\n\t<\/div>\n\n<div class=\" has-dynamic-border-radius has-image-size-cover has-image-radius-none is-style-default wp-block-biw-block-theme-biw-card\">\n\t\t\t<figure class=\"biw-card__image-wrapper \">\n\t\t\t<img decoding=\"async\" src=\"http:\/\/live-biw-main.pantheonsite.io\/wp-content\/uploads\/2025\/03\/Lucky-Catch-BIW-Game-Arcade.png\" alt=\"Digital illustration of a mobile game interface showing a fishing boat on a colorful ocean. Sharks with point values swim below as a lighthouse stands in the background. The game screen is displayed on a smartphone, overlapping a desktop version.\" class=\"biw-card__image\" style=\"object-position: 50% 50%;\">\t\t<\/figure>\n\t\t<div class=\"biw-card__content\">\n\t\t<h3 class=\"biw-card__title\">\n\t\t\t\t\t\t\tLucky Catch\t\t\t\t\t<\/h3>\n\t\t<div class=\"biw-card__text\">\n\n<p>Pesque o pr\u00eamio! Acerte o grande peixe e conquiste sua recompensa antes que ele escape.<\/p>\n\n<\/div>\n\t<\/div>\n\t<\/div>\n\n<div class=\" has-dynamic-border-radius has-image-size-cover has-image-radius-none is-style-default wp-block-biw-block-theme-biw-card\">\n\t\t\t<figure class=\"biw-card__image-wrapper \">\n\t\t\t<img decoding=\"async\" src=\"http:\/\/live-biw-main.pantheonsite.io\/wp-content\/uploads\/2025\/03\/cycling-biw-game-arcade.png\" alt=\"Illustration of cyclists racing with a smartphone in the foreground. The phone screen shows a progress bar labeled BOOST! with a lightning bolt icon and an arrow below it.\" class=\"biw-card__image\" style=\"object-position: 50% 50%;\">\t\t<\/figure>\n\t\t<div class=\"biw-card__content\">\n\t\t<h3 class=\"biw-card__title\">\n\t\t\t\t\t\t\tThe Sprint\t\t\t\t\t<\/h3>\n\t\t<div class=\"biw-card__text\">\n\n<p>Escolha seu pa\u00eds e pedale rumo \u00e0 vit\u00f3ria. Use o BOOST para cruzar a linha de chegada com for\u00e7a total!<\/p>\n\n<\/div>\n\t<\/div>\n\t<\/div>\n\n<div class=\" has-dynamic-border-radius has-image-size-cover has-image-radius-none is-style-default wp-block-biw-block-theme-biw-card\">\n\t\t\t<figure class=\"biw-card__image-wrapper \">\n\t\t\t<img decoding=\"async\" src=\"http:\/\/live-biw-main.pantheonsite.io\/wp-content\/uploads\/2025\/03\/football-biw-game-arcade.png\" alt=\"A smartphone displays a digital football game, showing small players in orange and blue helmets on a field. Behind the phone, theres an illustration of a football player in orange and black gear. A web browser window is partially visible.\" class=\"biw-card__image\" style=\"object-position: 50% 50%;\">\t\t<\/figure>\n\t\t<div class=\"biw-card__content\">\n\t\t<h3 class=\"biw-card__title\">\n\t\t\t\t\t\t\tTouchdown All-Star\t\t\t\t\t<\/h3>\n\t\t<div class=\"biw-card__text\">\n\n<p>Escolha a jogada perfeita no playbook, corra para o touchdown e conquiste seu pr\u00eamio! (Dispon\u00edvel apenas no modo paisagem em dispositivos m\u00f3veis ou tablets.)<\/p>\n\n<\/div>\n\t<\/div>\n\t<\/div><\/div>\n<\/div>\n<\/div>\n\n\n\n<p class=\"has-xl-font-size\"><strong>Como funciona o Game Arcade:<\/strong><\/p>\n\n\n\n<ul class=\"wp-block-list\">\n<li class=\"has-large-font-size\">Os participantes ganham partidas ao realizar ou concluir atividades desejadas.<\/li>\n\n\n\n<li>Eles s\u00e3o notificados das jogadas dispon\u00edveis por e-mail e por um banner no site do programa.<\/li>\n\n\n\n<li>Cada jogada gera um vencedor, e os n\u00edveis de premia\u00e7\u00e3o seguem uma matriz de pagamento predefinida (evitando surpresas no or\u00e7amento).<\/li>\n\n\n\n<li class=\"has-large-font-size\">Os pontos conquistados podem ser trocados por pr\u00eamios no nosso Marketplace de Recompensas.<\/li>\n<\/ul>\n\n\n\n<p><\/p>\n<\/div>\n","protected":false},"excerpt":{"rendered":"<p>Jogos est\u00e3o por toda parte. A cultura dos games se tornou oficialmente parte do mainstream. E por que isso importa? Porque voc\u00ea pode aproveitar a popularidade dos jogos para melhorar o desempenho da equipe e oferecer uma motiva\u00e7\u00e3o poderosa \u2014 e divertida \u2014 para suas equipes de vendas. No n\u00edvel social, os jogos fazem sucesso [&hellip;]<\/p>\n","protected":false},"author":16,"featured_media":0,"parent":0,"menu_order":0,"comment_status":"closed","ping_status":"closed","template":"","meta":{"featured_image_focal_point":{"x":0.5,"y":0.5},"footnotes":""},"wf_page_folders":[42],"class_list":["post-376","page","type-page","status-publish","hentry"],"yoast_head":"<!-- This site is optimized with the Yoast SEO plugin v26.2 - https:\/\/yoast.com\/wordpress\/plugins\/seo\/ -->\n<title>Game Arcade - Brazil (Portuguese)<\/title>\n<meta name=\"robots\" content=\"index, follow, max-snippet:-1, max-image-preview:large, max-video-preview:-1\" \/>\n<link rel=\"canonical\" href=\"https:\/\/www.biworldwide.com\/pt-br\/game-arcade\/\" \/>\n<meta property=\"og:locale\" content=\"pt_BR\" \/>\n<meta property=\"og:type\" content=\"article\" \/>\n<meta property=\"og:title\" content=\"Game Arcade - Brazil (Portuguese)\" \/>\n<meta property=\"og:description\" content=\"Jogos est\u00e3o por toda parte. A cultura dos games se tornou oficialmente parte do mainstream. E por que isso importa? Porque voc\u00ea pode aproveitar a popularidade dos jogos para melhorar o desempenho da equipe e oferecer uma motiva\u00e7\u00e3o poderosa \u2014 e divertida \u2014 para suas equipes de vendas. No n\u00edvel social, os jogos fazem sucesso [&hellip;]\" \/>\n<meta property=\"og:url\" content=\"https:\/\/www.biworldwide.com\/pt-br\/game-arcade\/\" \/>\n<meta property=\"og:site_name\" content=\"Brazil (Portuguese)\" \/>\n<meta property=\"article:modified_time\" content=\"2025-04-01T03:35:21+00:00\" \/>\n<meta name=\"twitter:card\" content=\"summary_large_image\" \/>\n<meta name=\"twitter:label1\" content=\"Est. reading time\" \/>\n\t<meta name=\"twitter:data1\" content=\"3 minutos\" \/>\n<script type=\"application\/ld+json\" class=\"yoast-schema-graph\">{\"@context\":\"https:\/\/schema.org\",\"@graph\":[{\"@type\":\"WebPage\",\"@id\":\"https:\/\/www.biworldwide.com\/pt-br\/game-arcade\/\",\"url\":\"https:\/\/www.biworldwide.com\/pt-br\/game-arcade\/\",\"name\":\"Game Arcade - Brazil (Portuguese)\",\"isPartOf\":{\"@id\":\"https:\/\/www.biworldwide.com\/pt-br\/#website\"},\"datePublished\":\"2025-03-29T05:17:21+00:00\",\"dateModified\":\"2025-04-01T03:35:21+00:00\",\"breadcrumb\":{\"@id\":\"https:\/\/www.biworldwide.com\/pt-br\/game-arcade\/#breadcrumb\"},\"inLanguage\":\"pt-BR\",\"potentialAction\":[{\"@type\":\"ReadAction\",\"target\":[\"https:\/\/www.biworldwide.com\/pt-br\/game-arcade\/\"]}]},{\"@type\":\"BreadcrumbList\",\"@id\":\"https:\/\/www.biworldwide.com\/pt-br\/game-arcade\/#breadcrumb\",\"itemListElement\":[{\"@type\":\"ListItem\",\"position\":1,\"name\":\"Home\",\"item\":\"https:\/\/www.biworldwide.com\/pt-br\/\"},{\"@type\":\"ListItem\",\"position\":2,\"name\":\"Game Arcade\"}]},{\"@type\":\"WebSite\",\"@id\":\"https:\/\/www.biworldwide.com\/pt-br\/#website\",\"url\":\"https:\/\/www.biworldwide.com\/pt-br\/\",\"name\":\"Brazil (Portuguese)\",\"description\":\"\",\"potentialAction\":[{\"@type\":\"SearchAction\",\"target\":{\"@type\":\"EntryPoint\",\"urlTemplate\":\"https:\/\/www.biworldwide.com\/pt-br\/?s={search_term_string}\"},\"query-input\":{\"@type\":\"PropertyValueSpecification\",\"valueRequired\":true,\"valueName\":\"search_term_string\"}}],\"inLanguage\":\"pt-BR\"}]}<\/script>\n<!-- \/ Yoast SEO plugin. -->","yoast_head_json":{"title":"Game Arcade - Brazil (Portuguese)","robots":{"index":"index","follow":"follow","max-snippet":"max-snippet:-1","max-image-preview":"max-image-preview:large","max-video-preview":"max-video-preview:-1"},"canonical":"https:\/\/www.biworldwide.com\/pt-br\/game-arcade\/","og_locale":"pt_BR","og_type":"article","og_title":"Game Arcade - Brazil (Portuguese)","og_description":"Jogos est\u00e3o por toda parte. A cultura dos games se tornou oficialmente parte do mainstream. E por que isso importa? Porque voc\u00ea pode aproveitar a popularidade dos jogos para melhorar o desempenho da equipe e oferecer uma motiva\u00e7\u00e3o poderosa \u2014 e divertida \u2014 para suas equipes de vendas. No n\u00edvel social, os jogos fazem sucesso [&hellip;]","og_url":"https:\/\/www.biworldwide.com\/pt-br\/game-arcade\/","og_site_name":"Brazil (Portuguese)","article_modified_time":"2025-04-01T03:35:21+00:00","twitter_card":"summary_large_image","twitter_misc":{"Est. reading time":"3 minutos"},"schema":{"@context":"https:\/\/schema.org","@graph":[{"@type":"WebPage","@id":"https:\/\/www.biworldwide.com\/pt-br\/game-arcade\/","url":"https:\/\/www.biworldwide.com\/pt-br\/game-arcade\/","name":"Game Arcade - Brazil (Portuguese)","isPartOf":{"@id":"https:\/\/www.biworldwide.com\/pt-br\/#website"},"datePublished":"2025-03-29T05:17:21+00:00","dateModified":"2025-04-01T03:35:21+00:00","breadcrumb":{"@id":"https:\/\/www.biworldwide.com\/pt-br\/game-arcade\/#breadcrumb"},"inLanguage":"pt-BR","potentialAction":[{"@type":"ReadAction","target":["https:\/\/www.biworldwide.com\/pt-br\/game-arcade\/"]}]},{"@type":"BreadcrumbList","@id":"https:\/\/www.biworldwide.com\/pt-br\/game-arcade\/#breadcrumb","itemListElement":[{"@type":"ListItem","position":1,"name":"Home","item":"https:\/\/www.biworldwide.com\/pt-br\/"},{"@type":"ListItem","position":2,"name":"Game Arcade"}]},{"@type":"WebSite","@id":"https:\/\/www.biworldwide.com\/pt-br\/#website","url":"https:\/\/www.biworldwide.com\/pt-br\/","name":"Brazil (Portuguese)","description":"","potentialAction":[{"@type":"SearchAction","target":{"@type":"EntryPoint","urlTemplate":"https:\/\/www.biworldwide.com\/pt-br\/?s={search_term_string}"},"query-input":{"@type":"PropertyValueSpecification","valueRequired":true,"valueName":"search_term_string"}}],"inLanguage":"pt-BR"}]}},"_links":{"self":[{"href":"https:\/\/www.biworldwide.com\/pt-br\/wp-json\/wp\/v2\/pages\/376","targetHints":{"allow":["GET"]}}],"collection":[{"href":"https:\/\/www.biworldwide.com\/pt-br\/wp-json\/wp\/v2\/pages"}],"about":[{"href":"https:\/\/www.biworldwide.com\/pt-br\/wp-json\/wp\/v2\/types\/page"}],"author":[{"embeddable":true,"href":"https:\/\/www.biworldwide.com\/pt-br\/wp-json\/wp\/v2\/users\/16"}],"replies":[{"embeddable":true,"href":"https:\/\/www.biworldwide.com\/pt-br\/wp-json\/wp\/v2\/comments?post=376"}],"version-history":[{"count":3,"href":"https:\/\/www.biworldwide.com\/pt-br\/wp-json\/wp\/v2\/pages\/376\/revisions"}],"predecessor-version":[{"id":833,"href":"https:\/\/www.biworldwide.com\/pt-br\/wp-json\/wp\/v2\/pages\/376\/revisions\/833"}],"wp:attachment":[{"href":"https:\/\/www.biworldwide.com\/pt-br\/wp-json\/wp\/v2\/media?parent=376"}],"wp:term":[{"taxonomy":"wf_page_folders","embeddable":true,"href":"https:\/\/www.biworldwide.com\/pt-br\/wp-json\/wp\/v2\/wf_page_folders?post=376"}],"curies":[{"name":"wp","href":"https:\/\/api.w.org\/{rel}","templated":true}]}}