{"id":378,"date":"2025-03-28T23:17:39","date_gmt":"2025-03-29T05:17:39","guid":{"rendered":"https:\/\/www.biworldwide.com\/pt-br\/?page_id=378"},"modified":"2025-03-31T21:43:57","modified_gmt":"2025-04-01T03:43:57","slug":"salesmaker","status":"publish","type":"page","link":"https:\/\/www.biworldwide.com\/pt-br\/salesmaker\/","title":{"rendered":"Salesmaker"},"content":{"rendered":"<div class=\" has-content-align-left has-overlay has-overlay--dark alignfull wp-block-biw-block-theme-hero\">\n\t<div class=\"biw-hero__grid\">\n\t\t\n\t\t\t\t\t<div class=\"biw-hero__media \">\n\t\t\t\t\t\t\t\t\t<div class=\"biw-hero__overlay overlay-dark\"><\/div>\n\t\t\t\t\t\t\t\t<img decoding=\"async\" src=\"http:\/\/live-biw-main.pantheonsite.io\/wp-content\/uploads\/2025\/02\/BIW_Site_Hero_SalesMaker-scaled.jpg\" alt=\"A man in a blue blazer, holding a coffee cup, smiles while looking at a laptop. The background is blurred with a bright, airy office setting and a blue-green geometric design on the right side.\" class=\"biw-hero__bg-image\" style=\"object-position: 80% 50%;\">\t\t\t<\/div>\n\t\t\t\t<div class=\"biw-hero__content\">\n\t\t\t\t\t\t<h1 class=\"biw-hero__title\" style=\"line-height: 1.2\">\n\t\t\t\tSalesmaker\t\t\t<\/h1>\n\t\t\t\t\t\t\t<h2 class=\"biw-hero__subtitle\">\n\t\t\t\t\tPronto. Preparar. Vender.\t\t\t\t<\/h2>\n\t\t\t\t\t\t\t\t\t\t<div class=\"biw-hero__text\">\n\t\t\t\t\t\n\n<p>Competi\u00e7\u00f5es de vendas devem motivar. Transforme essa energia em resultados que impactam diretamente o seu faturamento.<\/p>\n\n\t\t\t\t<\/div>\n\t\t\t\t\t\t\t\t<\/div>\n\t<\/div>\n<\/div>\n\n\n\n<div class=\"wp-block-group  layout-columns-7 has-global-padding is-layout-constrained wp-container-core-group-is-layout-a133ec42 wp-block-group-is-layout-constrained\">\n<h2 class=\"wp-block-heading\">Competi\u00e7\u00f5es de vendas sem complica\u00e7\u00e3o.<\/h2>\n\n\n\n<p>Competi\u00e7\u00f5es de vendas funcionam \u2014 mas s\u00f3 quando s\u00e3o f\u00e1ceis de configurar, entender e executar.<\/p>\n\n\n\n<p>O SalesMaker \u00e9 a principal plataforma tudo-em-um que simplifica totalmente a gest\u00e3o de competi\u00e7\u00f5es, ajudando voc\u00ea a:<\/p>\n\n\n\n<ul class=\"wp-block-list\">\n<li class=\"has-large-font-size\"><strong>Definir Metas Claras: <\/strong>Estabele\u00e7a regras e estruturas com facilidade.<\/li>\n\n\n\n<li class=\"has-large-font-size\"><strong>Engajar Sua Equipe: <\/strong>Mantenha todos motivados e focados.<\/li>\n\n\n\n<li class=\"has-large-font-size\"><strong>Recompensar o Sucesso:<\/strong> Ofere\u00e7a pr\u00eamios personalizados e impactantes.<\/li>\n<\/ul>\n\n\n\n<p>O SalesMaker foi desenvolvido com base em experi\u00eancias reais e ci\u00eancia comportamental, para que voc\u00ea possa:<\/p>\n\n\n\n<ul class=\"wp-block-list\">\n<li class=\"has-large-font-size\"><strong>Motivar:<\/strong> Com pr\u00eamios como viagens, experi\u00eancias e produtos exclusivos.<\/li>\n\n\n\n<li class=\"has-large-font-size\"><strong>Executar M\u00faltiplas Competi\u00e7\u00f5es: <\/strong>Para equipes ou indiv\u00edduos \u2014 do jeito que voc\u00ea precisar.<\/li>\n\n\n\n<li class=\"has-large-font-size\"><strong>Contar com Suporte Completo:<\/strong> Crie suas pr\u00f3prias competi\u00e7\u00f5es ou conte com nosso time de especialistas.<\/li>\n<\/ul>\n\n\n\n<p>Nove Estruturas de Competi\u00e7\u00e3o Comprovadas para gerar resultados:<\/p>\n\n\n\n<ul class=\"wp-block-list has-large-font-size\">\n<li><strong>Award Them Now<\/strong>: Recompensas instant\u00e2neas, sem necessidade de acompanhamento.<\/li>\n\n\n\n<li><strong>Challengepoint\u2122<\/strong>: Metas definidas pelo pr\u00f3prio participante, com recompensas conquistadas.<\/li>\n\n\n\n<li><strong>Do This Get That<\/strong>: Recompensas imediatas para a\u00e7\u00f5es espec\u00edficas.<\/li>\n\n\n\n<li><strong>Double Down<\/strong>: Metas trimestrais com recompensas mensais.<\/li>\n\n\n\n<li><strong>GoalQuest\u00ae<\/strong>: Metas escolhidas pelo participante, com pr\u00eamios do tipo &#8220;tudo ou nada&#8221;.<\/li>\n\n\n\n<li><strong>Leaderboard<\/strong>: Rankings com pr\u00eamios para os melhores colocados.<\/li>\n\n\n\n<li><strong>Learn2Earn<\/strong>: Recompensas por aprendizado e desenvolvimento de compet\u00eancias.<\/li>\n\n\n\n<li><strong>Objectives<\/strong>: Metas personalizadas com recompensas sob medida.<\/li>\n\n\n\n<li><strong>Step It Up<\/strong>: Recompensas para n\u00edveis superiores de desempenho.<\/li>\n<\/ul>\n\n\n\n<p>O app do SalesMaker permite que sua equipe acompanhe o progresso e resgate pr\u00eamios a qualquer hora, em qualquer lugar. Assista \u00e0s suas vendas decolarem.<br><\/p>\n<\/div>\n\n\n\n<div class=\"wp-block-group alignfull  layout-columns-10 has-global-padding is-layout-constrained wp-container-core-group-is-layout-cc7bd7df wp-block-group-is-layout-constrained\">\n<div class=\"wp-block-group  layout-columns-8 has-global-padding is-layout-constrained wp-container-core-group-is-layout-fce79bf6 wp-block-group-is-layout-constrained\">\n<h2 class=\"wp-block-heading has-text-align-center\">Cada m\u00e9trica conta uma hist\u00f3ria:<\/h2>\n<\/div>\n\n\n\n<div class=\"wp-block-group  layout-columns-10 has-global-padding is-layout-constrained wp-container-core-group-is-layout-0b5f5b40 wp-block-group-is-layout-constrained\">\n<div class=\"wp-block-group has-text-align-center is-layout-grid wp-container-core-group-is-layout-ef442fb0 wp-block-group-is-layout-grid\">\n<div class=\"wp-block-group is-vertical is-content-justification-center is-layout-flex wp-container-core-group-is-layout-81423f52 wp-block-group-is-layout-flex\">\n<h3 class=\"wp-block-heading has-text-align-left has-impact-font-size  has-text-wrap-no-wrap  has-gradient-fill has-gradient-fill-orange\">24%<\/h3>\n\n\n\n<p class=\"has-text-align-center has-large-font-size  has-text-wrap-balance\">aumento m\u00e9dio na receita de vendas no primeiro ano<\/p>\n<\/div>\n\n\n\n<div class=\"wp-block-group is-vertical is-content-justification-center is-layout-flex wp-container-core-group-is-layout-81423f52 wp-block-group-is-layout-flex\">\n<h3 class=\"wp-block-heading has-text-align-left has-impact-font-size  has-text-wrap-no-wrap  has-gradient-fill has-gradient-fill-orange\">64<\/h3>\n\n\n\n<p class=\"has-text-align-center has-large-font-size  has-text-wrap-balance\">eventos de equipe de vendas organizados em 2023<\/p>\n<\/div>\n\n\n\n<div class=\"wp-block-group has-text-align-center is-vertical is-content-justification-center is-layout-flex wp-container-core-group-is-layout-81423f52 wp-block-group-is-layout-flex\">\n<h3 class=\"wp-block-heading has-text-align-left has-impact-font-size  has-text-wrap-no-wrap  has-gradient-fill has-gradient-fill-orange\">30M+<\/h3>\n\n\n\n<p class=\"has-text-align-center has-large-font-size  has-text-wrap-balance\">em receita adicional gerada por equipes que utilizam o SalesMaker<\/p>\n<\/div>\n<\/div>\n<\/div>\n<\/div>\n","protected":false},"excerpt":{"rendered":"<p>Competi\u00e7\u00f5es de vendas sem complica\u00e7\u00e3o. Competi\u00e7\u00f5es de vendas funcionam \u2014 mas s\u00f3 quando s\u00e3o f\u00e1ceis de configurar, entender e executar. O SalesMaker \u00e9 a principal plataforma tudo-em-um que simplifica totalmente a gest\u00e3o de competi\u00e7\u00f5es, ajudando voc\u00ea a: O SalesMaker foi desenvolvido com base em experi\u00eancias reais e ci\u00eancia comportamental, para que voc\u00ea possa: Nove Estruturas [&hellip;]<\/p>\n","protected":false},"author":16,"featured_media":0,"parent":0,"menu_order":0,"comment_status":"closed","ping_status":"closed","template":"","meta":{"featured_image_focal_point":{"x":0.5,"y":0.5},"footnotes":""},"wf_page_folders":[42],"class_list":["post-378","page","type-page","status-publish","hentry"],"yoast_head":"<!-- This site is optimized with the Yoast SEO plugin v26.2 - https:\/\/yoast.com\/wordpress\/plugins\/seo\/ -->\n<title>Salesmaker - Brazil (Portuguese)<\/title>\n<meta name=\"robots\" content=\"index, follow, max-snippet:-1, max-image-preview:large, max-video-preview:-1\" \/>\n<link rel=\"canonical\" href=\"https:\/\/www.biworldwide.com\/pt-br\/salesmaker\/\" \/>\n<meta property=\"og:locale\" content=\"pt_BR\" \/>\n<meta property=\"og:type\" content=\"article\" \/>\n<meta property=\"og:title\" content=\"Salesmaker - Brazil (Portuguese)\" \/>\n<meta property=\"og:description\" content=\"Competi\u00e7\u00f5es de vendas sem complica\u00e7\u00e3o. Competi\u00e7\u00f5es de vendas funcionam \u2014 mas s\u00f3 quando s\u00e3o f\u00e1ceis de configurar, entender e executar. O SalesMaker \u00e9 a principal plataforma tudo-em-um que simplifica totalmente a gest\u00e3o de competi\u00e7\u00f5es, ajudando voc\u00ea a: O SalesMaker foi desenvolvido com base em experi\u00eancias reais e ci\u00eancia comportamental, para que voc\u00ea possa: Nove Estruturas [&hellip;]\" \/>\n<meta property=\"og:url\" content=\"https:\/\/www.biworldwide.com\/pt-br\/salesmaker\/\" \/>\n<meta property=\"og:site_name\" content=\"Brazil (Portuguese)\" \/>\n<meta property=\"article:modified_time\" content=\"2025-04-01T03:43:57+00:00\" \/>\n<meta name=\"twitter:card\" content=\"summary_large_image\" \/>\n<meta name=\"twitter:label1\" content=\"Est. reading time\" \/>\n\t<meta name=\"twitter:data1\" content=\"2 minutos\" \/>\n<script type=\"application\/ld+json\" class=\"yoast-schema-graph\">{\"@context\":\"https:\/\/schema.org\",\"@graph\":[{\"@type\":\"WebPage\",\"@id\":\"https:\/\/www.biworldwide.com\/pt-br\/salesmaker\/\",\"url\":\"https:\/\/www.biworldwide.com\/pt-br\/salesmaker\/\",\"name\":\"Salesmaker - Brazil (Portuguese)\",\"isPartOf\":{\"@id\":\"https:\/\/www.biworldwide.com\/pt-br\/#website\"},\"datePublished\":\"2025-03-29T05:17:39+00:00\",\"dateModified\":\"2025-04-01T03:43:57+00:00\",\"breadcrumb\":{\"@id\":\"https:\/\/www.biworldwide.com\/pt-br\/salesmaker\/#breadcrumb\"},\"inLanguage\":\"pt-BR\",\"potentialAction\":[{\"@type\":\"ReadAction\",\"target\":[\"https:\/\/www.biworldwide.com\/pt-br\/salesmaker\/\"]}]},{\"@type\":\"BreadcrumbList\",\"@id\":\"https:\/\/www.biworldwide.com\/pt-br\/salesmaker\/#breadcrumb\",\"itemListElement\":[{\"@type\":\"ListItem\",\"position\":1,\"name\":\"Home\",\"item\":\"https:\/\/www.biworldwide.com\/pt-br\/\"},{\"@type\":\"ListItem\",\"position\":2,\"name\":\"Salesmaker\"}]},{\"@type\":\"WebSite\",\"@id\":\"https:\/\/www.biworldwide.com\/pt-br\/#website\",\"url\":\"https:\/\/www.biworldwide.com\/pt-br\/\",\"name\":\"Brazil (Portuguese)\",\"description\":\"\",\"potentialAction\":[{\"@type\":\"SearchAction\",\"target\":{\"@type\":\"EntryPoint\",\"urlTemplate\":\"https:\/\/www.biworldwide.com\/pt-br\/?s={search_term_string}\"},\"query-input\":{\"@type\":\"PropertyValueSpecification\",\"valueRequired\":true,\"valueName\":\"search_term_string\"}}],\"inLanguage\":\"pt-BR\"}]}<\/script>\n<!-- \/ Yoast SEO plugin. -->","yoast_head_json":{"title":"Salesmaker - Brazil (Portuguese)","robots":{"index":"index","follow":"follow","max-snippet":"max-snippet:-1","max-image-preview":"max-image-preview:large","max-video-preview":"max-video-preview:-1"},"canonical":"https:\/\/www.biworldwide.com\/pt-br\/salesmaker\/","og_locale":"pt_BR","og_type":"article","og_title":"Salesmaker - Brazil (Portuguese)","og_description":"Competi\u00e7\u00f5es de vendas sem complica\u00e7\u00e3o. Competi\u00e7\u00f5es de vendas funcionam \u2014 mas s\u00f3 quando s\u00e3o f\u00e1ceis de configurar, entender e executar. O SalesMaker \u00e9 a principal plataforma tudo-em-um que simplifica totalmente a gest\u00e3o de competi\u00e7\u00f5es, ajudando voc\u00ea a: O SalesMaker foi desenvolvido com base em experi\u00eancias reais e ci\u00eancia comportamental, para que voc\u00ea possa: Nove Estruturas [&hellip;]","og_url":"https:\/\/www.biworldwide.com\/pt-br\/salesmaker\/","og_site_name":"Brazil (Portuguese)","article_modified_time":"2025-04-01T03:43:57+00:00","twitter_card":"summary_large_image","twitter_misc":{"Est. reading time":"2 minutos"},"schema":{"@context":"https:\/\/schema.org","@graph":[{"@type":"WebPage","@id":"https:\/\/www.biworldwide.com\/pt-br\/salesmaker\/","url":"https:\/\/www.biworldwide.com\/pt-br\/salesmaker\/","name":"Salesmaker - Brazil (Portuguese)","isPartOf":{"@id":"https:\/\/www.biworldwide.com\/pt-br\/#website"},"datePublished":"2025-03-29T05:17:39+00:00","dateModified":"2025-04-01T03:43:57+00:00","breadcrumb":{"@id":"https:\/\/www.biworldwide.com\/pt-br\/salesmaker\/#breadcrumb"},"inLanguage":"pt-BR","potentialAction":[{"@type":"ReadAction","target":["https:\/\/www.biworldwide.com\/pt-br\/salesmaker\/"]}]},{"@type":"BreadcrumbList","@id":"https:\/\/www.biworldwide.com\/pt-br\/salesmaker\/#breadcrumb","itemListElement":[{"@type":"ListItem","position":1,"name":"Home","item":"https:\/\/www.biworldwide.com\/pt-br\/"},{"@type":"ListItem","position":2,"name":"Salesmaker"}]},{"@type":"WebSite","@id":"https:\/\/www.biworldwide.com\/pt-br\/#website","url":"https:\/\/www.biworldwide.com\/pt-br\/","name":"Brazil (Portuguese)","description":"","potentialAction":[{"@type":"SearchAction","target":{"@type":"EntryPoint","urlTemplate":"https:\/\/www.biworldwide.com\/pt-br\/?s={search_term_string}"},"query-input":{"@type":"PropertyValueSpecification","valueRequired":true,"valueName":"search_term_string"}}],"inLanguage":"pt-BR"}]}},"_links":{"self":[{"href":"https:\/\/www.biworldwide.com\/pt-br\/wp-json\/wp\/v2\/pages\/378","targetHints":{"allow":["GET"]}}],"collection":[{"href":"https:\/\/www.biworldwide.com\/pt-br\/wp-json\/wp\/v2\/pages"}],"about":[{"href":"https:\/\/www.biworldwide.com\/pt-br\/wp-json\/wp\/v2\/types\/page"}],"author":[{"embeddable":true,"href":"https:\/\/www.biworldwide.com\/pt-br\/wp-json\/wp\/v2\/users\/16"}],"replies":[{"embeddable":true,"href":"https:\/\/www.biworldwide.com\/pt-br\/wp-json\/wp\/v2\/comments?post=378"}],"version-history":[{"count":3,"href":"https:\/\/www.biworldwide.com\/pt-br\/wp-json\/wp\/v2\/pages\/378\/revisions"}],"predecessor-version":[{"id":835,"href":"https:\/\/www.biworldwide.com\/pt-br\/wp-json\/wp\/v2\/pages\/378\/revisions\/835"}],"wp:attachment":[{"href":"https:\/\/www.biworldwide.com\/pt-br\/wp-json\/wp\/v2\/media?parent=378"}],"wp:term":[{"taxonomy":"wf_page_folders","embeddable":true,"href":"https:\/\/www.biworldwide.com\/pt-br\/wp-json\/wp\/v2\/wf_page_folders?post=378"}],"curies":[{"name":"wp","href":"https:\/\/api.w.org\/{rel}","templated":true}]}}